{"id":931,"date":"2017-09-07T10:44:26","date_gmt":"2017-09-07T07:44:26","guid":{"rendered":"https:\/\/www.peetri.edu.ee\/pohikool\/?page_id=931"},"modified":"2022-09-22T08:57:21","modified_gmt":"2022-09-22T05:57:21","slug":"opilaspiletid","status":"publish","type":"page","link":"https:\/\/www.peetri.edu.ee\/pohikool\/meie-kool\/lapsevanemale\/opilaspiletid\/","title":{"rendered":"\u00d5pilaspiletid"},"content":{"rendered":"<p>\u00d5pilaspileti funktsioonid:<\/p>\n<ul>\n<li>\u00f5pilase \u00f5ppimist t\u00f5endav dokument,<\/li>\n<li>pikap\u00e4evar\u00fchma toitlustus,<\/li>\n<li>\u00fchistranspordikaart,<\/li>\n<li>Rae valla raamatukogust laenutamine.<\/li>\n<\/ul>\n<p>\u00d5pilaspileti saab tellida lapsevanem \u00f5pilasele <a href=\"https:\/\/piksel.ee\/spoku\/rae\/index.php?module=205&amp;op=1&amp;valdkond=55\">Spokus<\/a>\u00a0sisse logides ID-kaardi v\u00f5i mobiili ID-ga.\u00a0<span class=\"marker\">\u00d5pilaspileti saab k\u00e4tte klassijuhataja k\u00e4est.<\/span><\/p>\n<h4><strong><a href=\"https:\/\/piksel.ee\/spoku\/rae\/index.php?module=205&amp;op=1&amp;valdkond=55\"><span style=\"color: #ff0000\">Esmase \u00f5pilaspileti taotlus<\/span><\/a><\/strong><span style=\"color: #0000ff\">\u00a0<span style=\"color: #000000\">&#8211;<\/span> <span style=\"color: #000000\">1.-9. klassi uutele \u00f5pilastele.<\/span><\/span><\/h4>\n<h4><strong><span style=\"color: #ff0000\"><a href=\"https:\/\/piksel.ee\/spoku\/rae\/index.php?module=205&amp;op=1&amp;valdkond=55\"><span style=\"color: #ff0000\">\u00d5pilaspileti duplikaadi taotlus<\/span><\/a><\/span>\u00a0<\/strong>&#8211;\u00a0korduv \u00f5pilaspilet kui esmane \u00f5pilaspilet on nt kadunud v\u00f5i katki l\u00e4inud.<\/h4>\n<p>\u00d5pilaspilet on kehtiv seni kuni \u00f5pilane on Peetri Lasteaed-P\u00f5hikooli \u00f5pilaste nimekirjas. \u00d5pilase lahkumisel koolist tuleb \u00f5pilaspilet tagastada ja \u00f5pilaspilet muutub sellest hetkest kehtetuks kui \u00f5pilane on Peetri Lasteaed-P\u00f5hikooli \u00f5pilaste nimekirjast v\u00e4lja arvatud.<\/p>\n","protected":false},"excerpt":{"rendered":"<p>\u00d5pilaspileti funktsioonid: \u00f5pilase \u00f5ppimist t\u00f5endav dokument, pikap\u00e4evar\u00fchma toitlustus, \u00fchistranspordikaart, Rae valla raamatukogust laenutamine. \u00d5pilaspileti saab tellida lapsevanem \u00f5pilasele Spokus\u00a0sisse logides&#8230;<\/p>\n","protected":false},"author":2,"featured_media":0,"parent":356,"menu_order":0,"comment_status":"closed","ping_status":"closed","template":"","meta":{"_acf_changed":false,"footnotes":""},"class_list":["post-931","page","type-page","status-publish","hentry"],"yoast_head":"<!-- This site is optimized with the Yoast SEO plugin v27.2 - https:\/\/yoast.com\/product\/yoast-seo-wordpress\/ -->\n<title>\u00d5pilaspiletid - Peetri P\u00f5hikool<\/title>\n<meta name=\"robots\" content=\"index, follow, max-snippet:-1, max-image-preview:large, max-video-preview:-1\" \/>\n<link rel=\"canonical\" href=\"https:\/\/www.peetri.edu.ee\/pohikool\/meie-kool\/lapsevanemale\/opilaspiletid\/\" \/>\n<meta property=\"og:locale\" content=\"et_EE\" \/>\n<meta property=\"og:type\" content=\"article\" \/>\n<meta property=\"og:title\" content=\"\u00d5pilaspiletid - Peetri P\u00f5hikool\" \/>\n<meta property=\"og:description\" content=\"\u00d5pilaspileti funktsioonid: \u00f5pilase \u00f5ppimist t\u00f5endav dokument, pikap\u00e4evar\u00fchma toitlustus, \u00fchistranspordikaart, Rae valla raamatukogust laenutamine. \u00d5pilaspileti saab tellida lapsevanem \u00f5pilasele Spokus\u00a0sisse logides...\" \/>\n<meta property=\"og:url\" content=\"https:\/\/www.peetri.edu.ee\/pohikool\/meie-kool\/lapsevanemale\/opilaspiletid\/\" \/>\n<meta property=\"og:site_name\" content=\"Peetri P\u00f5hikool\" \/>\n<meta property=\"article:modified_time\" content=\"2022-09-22T05:57:21+00:00\" \/>\n<meta name=\"twitter:card\" content=\"summary_large_image\" \/>\n<script type=\"application\/ld+json\" class=\"yoast-schema-graph\">{\"@context\":\"https:\/\/schema.org\",\"@graph\":[{\"@type\":\"WebPage\",\"@id\":\"https:\/\/www.peetri.edu.ee\/pohikool\/meie-kool\/lapsevanemale\/opilaspiletid\/\",\"url\":\"https:\/\/www.peetri.edu.ee\/pohikool\/meie-kool\/lapsevanemale\/opilaspiletid\/\",\"name\":\"\u00d5pilaspiletid - Peetri P\u00f5hikool\",\"isPartOf\":{\"@id\":\"https:\/\/www.peetri.edu.ee\/pohikool\/#website\"},\"datePublished\":\"2017-09-07T07:44:26+00:00\",\"dateModified\":\"2022-09-22T05:57:21+00:00\",\"breadcrumb\":{\"@id\":\"https:\/\/www.peetri.edu.ee\/pohikool\/meie-kool\/lapsevanemale\/opilaspiletid\/#breadcrumb\"},\"inLanguage\":\"et\",\"potentialAction\":[{\"@type\":\"ReadAction\",\"target\":[\"https:\/\/www.peetri.edu.ee\/pohikool\/meie-kool\/lapsevanemale\/opilaspiletid\/\"]}]},{\"@type\":\"BreadcrumbList\",\"@id\":\"https:\/\/www.peetri.edu.ee\/pohikool\/meie-kool\/lapsevanemale\/opilaspiletid\/#breadcrumb\",\"itemListElement\":[{\"@type\":\"ListItem\",\"position\":1,\"name\":\"Home\",\"item\":\"https:\/\/www.peetri.edu.ee\/pohikool\/\"},{\"@type\":\"ListItem\",\"position\":2,\"name\":\"Meie kool\",\"item\":\"https:\/\/www.peetri.edu.ee\/pohikool\/\"},{\"@type\":\"ListItem\",\"position\":3,\"name\":\"Lapsevanemale\",\"item\":\"https:\/\/www.peetri.edu.ee\/pohikool\/meie-kool\/lapsevanemale\/\"},{\"@type\":\"ListItem\",\"position\":4,\"name\":\"\u00d5pilaspiletid\"}]},{\"@type\":\"WebSite\",\"@id\":\"https:\/\/www.peetri.edu.ee\/pohikool\/#website\",\"url\":\"https:\/\/www.peetri.edu.ee\/pohikool\/\",\"name\":\"Peetri P\u00f5hikool\",\"description\":\"Igas inimeses on p\u00e4ike, laskem tal s\u00e4rada\",\"potentialAction\":[{\"@type\":\"SearchAction\",\"target\":{\"@type\":\"EntryPoint\",\"urlTemplate\":\"https:\/\/www.peetri.edu.ee\/pohikool\/?s={search_term_string}\"},\"query-input\":{\"@type\":\"PropertyValueSpecification\",\"valueRequired\":true,\"valueName\":\"search_term_string\"}}],\"inLanguage\":\"et\"}]}<\/script>\n<!-- \/ Yoast SEO plugin. -->","yoast_head_json":{"title":"\u00d5pilaspiletid - Peetri P\u00f5hikool","robots":{"index":"index","follow":"follow","max-snippet":"max-snippet:-1","max-image-preview":"max-image-preview:large","max-video-preview":"max-video-preview:-1"},"canonical":"https:\/\/www.peetri.edu.ee\/pohikool\/meie-kool\/lapsevanemale\/opilaspiletid\/","og_locale":"et_EE","og_type":"article","og_title":"\u00d5pilaspiletid - Peetri P\u00f5hikool","og_description":"\u00d5pilaspileti funktsioonid: \u00f5pilase \u00f5ppimist t\u00f5endav dokument, pikap\u00e4evar\u00fchma toitlustus, \u00fchistranspordikaart, Rae valla raamatukogust laenutamine. \u00d5pilaspileti saab tellida lapsevanem \u00f5pilasele Spokus\u00a0sisse logides...","og_url":"https:\/\/www.peetri.edu.ee\/pohikool\/meie-kool\/lapsevanemale\/opilaspiletid\/","og_site_name":"Peetri P\u00f5hikool","article_modified_time":"2022-09-22T05:57:21+00:00","twitter_card":"summary_large_image","schema":{"@context":"https:\/\/schema.org","@graph":[{"@type":"WebPage","@id":"https:\/\/www.peetri.edu.ee\/pohikool\/meie-kool\/lapsevanemale\/opilaspiletid\/","url":"https:\/\/www.peetri.edu.ee\/pohikool\/meie-kool\/lapsevanemale\/opilaspiletid\/","name":"\u00d5pilaspiletid - Peetri P\u00f5hikool","isPartOf":{"@id":"https:\/\/www.peetri.edu.ee\/pohikool\/#website"},"datePublished":"2017-09-07T07:44:26+00:00","dateModified":"2022-09-22T05:57:21+00:00","breadcrumb":{"@id":"https:\/\/www.peetri.edu.ee\/pohikool\/meie-kool\/lapsevanemale\/opilaspiletid\/#breadcrumb"},"inLanguage":"et","potentialAction":[{"@type":"ReadAction","target":["https:\/\/www.peetri.edu.ee\/pohikool\/meie-kool\/lapsevanemale\/opilaspiletid\/"]}]},{"@type":"BreadcrumbList","@id":"https:\/\/www.peetri.edu.ee\/pohikool\/meie-kool\/lapsevanemale\/opilaspiletid\/#breadcrumb","itemListElement":[{"@type":"ListItem","position":1,"name":"Home","item":"https:\/\/www.peetri.edu.ee\/pohikool\/"},{"@type":"ListItem","position":2,"name":"Meie kool","item":"https:\/\/www.peetri.edu.ee\/pohikool\/"},{"@type":"ListItem","position":3,"name":"Lapsevanemale","item":"https:\/\/www.peetri.edu.ee\/pohikool\/meie-kool\/lapsevanemale\/"},{"@type":"ListItem","position":4,"name":"\u00d5pilaspiletid"}]},{"@type":"WebSite","@id":"https:\/\/www.peetri.edu.ee\/pohikool\/#website","url":"https:\/\/www.peetri.edu.ee\/pohikool\/","name":"Peetri P\u00f5hikool","description":"Igas inimeses on p\u00e4ike, laskem tal s\u00e4rada","potentialAction":[{"@type":"SearchAction","target":{"@type":"EntryPoint","urlTemplate":"https:\/\/www.peetri.edu.ee\/pohikool\/?s={search_term_string}"},"query-input":{"@type":"PropertyValueSpecification","valueRequired":true,"valueName":"search_term_string"}}],"inLanguage":"et"}]}},"acf":[],"_links":{"self":[{"href":"https:\/\/www.peetri.edu.ee\/pohikool\/wp-json\/wp\/v2\/pages\/931","targetHints":{"allow":["GET"]}}],"collection":[{"href":"https:\/\/www.peetri.edu.ee\/pohikool\/wp-json\/wp\/v2\/pages"}],"about":[{"href":"https:\/\/www.peetri.edu.ee\/pohikool\/wp-json\/wp\/v2\/types\/page"}],"author":[{"embeddable":true,"href":"https:\/\/www.peetri.edu.ee\/pohikool\/wp-json\/wp\/v2\/users\/2"}],"replies":[{"embeddable":true,"href":"https:\/\/www.peetri.edu.ee\/pohikool\/wp-json\/wp\/v2\/comments?post=931"}],"version-history":[{"count":5,"href":"https:\/\/www.peetri.edu.ee\/pohikool\/wp-json\/wp\/v2\/pages\/931\/revisions"}],"predecessor-version":[{"id":6535,"href":"https:\/\/www.peetri.edu.ee\/pohikool\/wp-json\/wp\/v2\/pages\/931\/revisions\/6535"}],"up":[{"embeddable":true,"href":"https:\/\/www.peetri.edu.ee\/pohikool\/wp-json\/wp\/v2\/pages\/356"}],"wp:attachment":[{"href":"https:\/\/www.peetri.edu.ee\/pohikool\/wp-json\/wp\/v2\/media?parent=931"}],"curies":[{"name":"wp","href":"https:\/\/api.w.org\/{rel}","templated":true}]}}