{"id":88,"date":"2017-08-11T12:02:25","date_gmt":"2017-08-11T09:02:25","guid":{"rendered":"https:\/\/www.peetri.edu.ee\/pohikool\/?page_id=88"},"modified":"2026-03-04T14:14:14","modified_gmt":"2026-03-04T12:14:14","slug":"lapsevanemale-2","status":"publish","type":"page","link":"https:\/\/www.peetri.edu.ee\/pohikool\/meie-kool\/lapsevanemale-2\/","title":{"rendered":"Eesm\u00e4rk"},"content":{"rendered":"<p><strong><span style=\"text-decoration: underline\">Kooli missioon<\/span><\/strong><br \/><span data-olk-copy-source=\"MessageBody\">Loome turvalise keskkonna, kus\u00a0iga laps\u00a0ja t\u00f6\u00f6taja\u00a0tunneb, et ta on oluline,\u00a0saab areneda, julgelt katsetada ja r\u00f5\u00f5muga maailma avastada.<\/span><\/p>\n<p><span style=\"text-decoration: underline\"><strong>Kooli visioon<\/strong><\/span><br \/>Peetri kooli \u00f5pilane on \u00f5nnelik, ennast tundev ja motiveeritud \u00f5ppija.<\/p>\n<p><strong><span style=\"text-decoration: underline\">V\u00e4\u00e4rtused koolis<\/span><\/strong><\/p>\n<div class=\"x_elementToProof\">\n<p><strong>Me hoolime \u2014 loome \u2014 toimime koos<\/strong><\/p>\n<p>\ud83e\udd1d HOOLIN<\/p>\n<ul>\n<li>M\u00e4rkan ja toetan<\/li>\n<li>Austan ennast ja teisi<\/li>\n<li>Hoian turvalist ja s\u00f5bralikku keskkonda<\/li>\n<\/ul>\n<p><strong>K\u00fcsimus igaks p\u00e4evaks:<\/strong>\u00a0Kuidas ma t\u00e4na n\u00e4itasin hoolivust?<\/p>\n<p>\ud83c\udf31 LOOME<\/p>\n<ul>\n<li>Katsetan, avastan, m\u00f5tlen loovalt<\/li>\n<li>Julgen proovida ja eksida<\/li>\n<li>\u00d5pin r\u00f5\u00f5mu ja uudishimuga<\/li>\n<li>Olen proaktiivne ja v\u00f5tan vastutuse<\/li>\n<li>Sean eesm\u00e4rgi ja tegutsen selle suunas<\/li>\n<\/ul>\n<p><strong>K\u00fcsimus igaks p\u00e4evaks:<\/strong>\u00a0Mida uut ma t\u00e4na proovisin v\u00f5i \u00f5ppisin?<\/p>\n<p>\ud83d\udfe6 TOIMIME KOOS<\/p>\n<ul>\n<li>Kuulan, m\u00f5istan ja austan<\/li>\n<li>Pean kinni kokkulepetest<\/li>\n<li>Panustan \u00fchistesse tegemistesse<\/li>\n<\/ul>\n<\/div>\n<div>\n<p>\u00a0<\/p>\n<p><strong>K\u00fcsimus igaks p\u00e4evaks:<\/strong>\u00a0Kuidas ma t\u00e4na panustasin s\u00fcnergia loomisesse?<\/p>\n<\/div>\n\n","protected":false},"excerpt":{"rendered":"<p>Kooli missioonLoome turvalise keskkonna, kus\u00a0iga laps\u00a0ja t\u00f6\u00f6taja\u00a0tunneb, et ta on oluline,\u00a0saab areneda, julgelt katsetada ja r\u00f5\u00f5muga maailma avastada. Kooli visioonPeetri&#8230;<\/p>\n","protected":false},"author":1,"featured_media":0,"parent":18,"menu_order":10,"comment_status":"closed","ping_status":"closed","template":"","meta":{"_acf_changed":false,"footnotes":""},"class_list":["post-88","page","type-page","status-publish","hentry"],"yoast_head":"<!-- This site is optimized with the Yoast SEO plugin v27.2 - https:\/\/yoast.com\/product\/yoast-seo-wordpress\/ -->\n<title>Eesm\u00e4rk - Peetri P\u00f5hikool<\/title>\n<meta name=\"robots\" content=\"index, follow, max-snippet:-1, max-image-preview:large, max-video-preview:-1\" \/>\n<link rel=\"canonical\" href=\"https:\/\/www.peetri.edu.ee\/pohikool\/meie-kool\/lapsevanemale-2\/\" \/>\n<meta property=\"og:locale\" content=\"et_EE\" \/>\n<meta property=\"og:type\" content=\"article\" \/>\n<meta property=\"og:title\" content=\"Eesm\u00e4rk - Peetri P\u00f5hikool\" \/>\n<meta property=\"og:description\" content=\"Kooli missioonLoome turvalise keskkonna, kus\u00a0iga laps\u00a0ja t\u00f6\u00f6taja\u00a0tunneb, et ta on oluline,\u00a0saab areneda, julgelt katsetada ja r\u00f5\u00f5muga maailma avastada. Kooli visioonPeetri...\" \/>\n<meta property=\"og:url\" content=\"https:\/\/www.peetri.edu.ee\/pohikool\/meie-kool\/lapsevanemale-2\/\" \/>\n<meta property=\"og:site_name\" content=\"Peetri P\u00f5hikool\" \/>\n<meta property=\"article:modified_time\" content=\"2026-03-04T12:14:14+00:00\" \/>\n<meta name=\"twitter:card\" content=\"summary_large_image\" \/>\n<meta name=\"twitter:label1\" content=\"Est. reading time\" \/>\n\t<meta name=\"twitter:data1\" content=\"1 minut\" \/>\n<script type=\"application\/ld+json\" class=\"yoast-schema-graph\">{\"@context\":\"https:\/\/schema.org\",\"@graph\":[{\"@type\":\"WebPage\",\"@id\":\"https:\/\/www.peetri.edu.ee\/pohikool\/meie-kool\/lapsevanemale-2\/\",\"url\":\"https:\/\/www.peetri.edu.ee\/pohikool\/meie-kool\/lapsevanemale-2\/\",\"name\":\"Eesm\u00e4rk - Peetri P\u00f5hikool\",\"isPartOf\":{\"@id\":\"https:\/\/www.peetri.edu.ee\/pohikool\/#website\"},\"datePublished\":\"2017-08-11T09:02:25+00:00\",\"dateModified\":\"2026-03-04T12:14:14+00:00\",\"breadcrumb\":{\"@id\":\"https:\/\/www.peetri.edu.ee\/pohikool\/meie-kool\/lapsevanemale-2\/#breadcrumb\"},\"inLanguage\":\"et\",\"potentialAction\":[{\"@type\":\"ReadAction\",\"target\":[\"https:\/\/www.peetri.edu.ee\/pohikool\/meie-kool\/lapsevanemale-2\/\"]}]},{\"@type\":\"BreadcrumbList\",\"@id\":\"https:\/\/www.peetri.edu.ee\/pohikool\/meie-kool\/lapsevanemale-2\/#breadcrumb\",\"itemListElement\":[{\"@type\":\"ListItem\",\"position\":1,\"name\":\"Home\",\"item\":\"https:\/\/www.peetri.edu.ee\/pohikool\/\"},{\"@type\":\"ListItem\",\"position\":2,\"name\":\"Meie kool\",\"item\":\"https:\/\/www.peetri.edu.ee\/pohikool\/\"},{\"@type\":\"ListItem\",\"position\":3,\"name\":\"Eesm\u00e4rk\"}]},{\"@type\":\"WebSite\",\"@id\":\"https:\/\/www.peetri.edu.ee\/pohikool\/#website\",\"url\":\"https:\/\/www.peetri.edu.ee\/pohikool\/\",\"name\":\"Peetri P\u00f5hikool\",\"description\":\"Igas inimeses on p\u00e4ike, laskem tal s\u00e4rada\",\"potentialAction\":[{\"@type\":\"SearchAction\",\"target\":{\"@type\":\"EntryPoint\",\"urlTemplate\":\"https:\/\/www.peetri.edu.ee\/pohikool\/?s={search_term_string}\"},\"query-input\":{\"@type\":\"PropertyValueSpecification\",\"valueRequired\":true,\"valueName\":\"search_term_string\"}}],\"inLanguage\":\"et\"}]}<\/script>\n<!-- \/ Yoast SEO plugin. -->","yoast_head_json":{"title":"Eesm\u00e4rk - Peetri P\u00f5hikool","robots":{"index":"index","follow":"follow","max-snippet":"max-snippet:-1","max-image-preview":"max-image-preview:large","max-video-preview":"max-video-preview:-1"},"canonical":"https:\/\/www.peetri.edu.ee\/pohikool\/meie-kool\/lapsevanemale-2\/","og_locale":"et_EE","og_type":"article","og_title":"Eesm\u00e4rk - Peetri P\u00f5hikool","og_description":"Kooli missioonLoome turvalise keskkonna, kus\u00a0iga laps\u00a0ja t\u00f6\u00f6taja\u00a0tunneb, et ta on oluline,\u00a0saab areneda, julgelt katsetada ja r\u00f5\u00f5muga maailma avastada. Kooli visioonPeetri...","og_url":"https:\/\/www.peetri.edu.ee\/pohikool\/meie-kool\/lapsevanemale-2\/","og_site_name":"Peetri P\u00f5hikool","article_modified_time":"2026-03-04T12:14:14+00:00","twitter_card":"summary_large_image","twitter_misc":{"Est. reading time":"1 minut"},"schema":{"@context":"https:\/\/schema.org","@graph":[{"@type":"WebPage","@id":"https:\/\/www.peetri.edu.ee\/pohikool\/meie-kool\/lapsevanemale-2\/","url":"https:\/\/www.peetri.edu.ee\/pohikool\/meie-kool\/lapsevanemale-2\/","name":"Eesm\u00e4rk - Peetri P\u00f5hikool","isPartOf":{"@id":"https:\/\/www.peetri.edu.ee\/pohikool\/#website"},"datePublished":"2017-08-11T09:02:25+00:00","dateModified":"2026-03-04T12:14:14+00:00","breadcrumb":{"@id":"https:\/\/www.peetri.edu.ee\/pohikool\/meie-kool\/lapsevanemale-2\/#breadcrumb"},"inLanguage":"et","potentialAction":[{"@type":"ReadAction","target":["https:\/\/www.peetri.edu.ee\/pohikool\/meie-kool\/lapsevanemale-2\/"]}]},{"@type":"BreadcrumbList","@id":"https:\/\/www.peetri.edu.ee\/pohikool\/meie-kool\/lapsevanemale-2\/#breadcrumb","itemListElement":[{"@type":"ListItem","position":1,"name":"Home","item":"https:\/\/www.peetri.edu.ee\/pohikool\/"},{"@type":"ListItem","position":2,"name":"Meie kool","item":"https:\/\/www.peetri.edu.ee\/pohikool\/"},{"@type":"ListItem","position":3,"name":"Eesm\u00e4rk"}]},{"@type":"WebSite","@id":"https:\/\/www.peetri.edu.ee\/pohikool\/#website","url":"https:\/\/www.peetri.edu.ee\/pohikool\/","name":"Peetri P\u00f5hikool","description":"Igas inimeses on p\u00e4ike, laskem tal s\u00e4rada","potentialAction":[{"@type":"SearchAction","target":{"@type":"EntryPoint","urlTemplate":"https:\/\/www.peetri.edu.ee\/pohikool\/?s={search_term_string}"},"query-input":{"@type":"PropertyValueSpecification","valueRequired":true,"valueName":"search_term_string"}}],"inLanguage":"et"}]}},"acf":[],"_links":{"self":[{"href":"https:\/\/www.peetri.edu.ee\/pohikool\/wp-json\/wp\/v2\/pages\/88","targetHints":{"allow":["GET"]}}],"collection":[{"href":"https:\/\/www.peetri.edu.ee\/pohikool\/wp-json\/wp\/v2\/pages"}],"about":[{"href":"https:\/\/www.peetri.edu.ee\/pohikool\/wp-json\/wp\/v2\/types\/page"}],"author":[{"embeddable":true,"href":"https:\/\/www.peetri.edu.ee\/pohikool\/wp-json\/wp\/v2\/users\/1"}],"replies":[{"embeddable":true,"href":"https:\/\/www.peetri.edu.ee\/pohikool\/wp-json\/wp\/v2\/comments?post=88"}],"version-history":[{"count":5,"href":"https:\/\/www.peetri.edu.ee\/pohikool\/wp-json\/wp\/v2\/pages\/88\/revisions"}],"predecessor-version":[{"id":14145,"href":"https:\/\/www.peetri.edu.ee\/pohikool\/wp-json\/wp\/v2\/pages\/88\/revisions\/14145"}],"up":[{"embeddable":true,"href":"https:\/\/www.peetri.edu.ee\/pohikool\/wp-json\/wp\/v2\/pages\/18"}],"wp:attachment":[{"href":"https:\/\/www.peetri.edu.ee\/pohikool\/wp-json\/wp\/v2\/media?parent=88"}],"curies":[{"name":"wp","href":"https:\/\/api.w.org\/{rel}","templated":true}]}}