{"id":797,"date":"2017-08-14T18:13:02","date_gmt":"2017-08-14T15:13:02","guid":{"rendered":"https:\/\/www.peetri.edu.ee\/pohikool\/?page_id=797"},"modified":"2023-05-19T11:17:58","modified_gmt":"2023-05-19T08:17:58","slug":"20162017-2","status":"publish","type":"page","link":"https:\/\/www.peetri.edu.ee\/pohikool\/meie-kool\/projektid\/etwinning\/20162017-2\/","title":{"rendered":"2016\/2017"},"content":{"rendered":"<h3>eTwinning 2016\/17 projektid<\/h3>\n<ol>\n<li>PROJEKT &#8220;CODE ADVENTURE&#8221;<\/li>\n<li>L\u00f5imingu projekt &#8220;Jube ilus&#8221;<\/li>\n<\/ol>\n<p><strong>PROJEKT &#8220;CODE ADVENTURE&#8221;<\/strong><br \/>\n<a href=\"https:\/\/twinspace.etwinning.net\/26577\/home\">https:\/\/twinspace.etwinning.net\/26577\/home<\/a><\/p>\n<p>Projekti eest on saadud rahvusvaheline kvaliteedim\u00e4rk. Projektiga on osaletud rahvusvahelistel v\u00f5istlustel Move2Learn &#8211; Learn2Move, eTwinning Prizes 2018 competition.<\/p>\n<p><img loading=\"lazy\" decoding=\"async\" class=\"aligncenter size-full wp-image-1661\" src=\"https:\/\/www.peetri.edu.ee\/pohikool\/wp-content\/uploads\/sites\/3\/2018\/03\/codeadventure3.png\" alt=\"\" width=\"978\" height=\"718\" \/><\/p>\n<p><img loading=\"lazy\" decoding=\"async\" class=\"aligncenter size-full wp-image-1663\" src=\"https:\/\/www.peetri.edu.ee\/pohikool\/wp-content\/uploads\/sites\/3\/2017\/08\/etwinning2.png\" alt=\"\" width=\"537\" height=\"314\" \/><\/p>\n<p><img loading=\"lazy\" decoding=\"async\" class=\"aligncenter size-full wp-image-1660\" src=\"https:\/\/www.peetri.edu.ee\/pohikool\/wp-content\/uploads\/sites\/3\/2018\/03\/codeadventure.png\" alt=\"\" width=\"1029\" height=\"727\" \/><\/p>\n<p>The project is mainly about discovering in world of programming. It uses Scratch as the main tool.<br \/>\nMaking Christmas cards with the use of Scratch.mit.edu &#8211; due Christmas.<br \/>\nThe younger students learn from older students how to use the digital tool Scratch by receiving Christmas cards.<br \/>\nOlder students guide younger students in how to program educational games by creating tutorial videos.<br \/>\nOlder students assess and review the results (games) made by the younger students.<br \/>\nThe students work collaboratively in mixed groups (Estonian and Norwegian students) in order to program and use educational games.<br \/>\nThe students know the essential rules of netiquette and copyrights.<\/p>\n<p><strong>AIMS<\/strong><br \/>\nThe students should promote and achieve digital skills and foreign language competence to be competent citizens of the 21st century.<br \/>\nHow to make coding as an useful and motivating activity by the use of collaborative work between Estonian and Norwegian students. The students gain new knowledge about different subjects through programming.<br \/>\nThe project is mainly about discovering in world of programming. It uses Scratch as the main tool.<br \/>\nThe students know the essential rules of netiquette and copyrights.<\/p>\n<p><strong>L\u00f5imingu projekt &#8220;JUBE ILUS&#8221;<\/strong><\/p>\n<p>V\u00f5\u00f5rkeelne l\u00f5iminguprojekt Peetri Lasteaed-P\u00f5hikooli ja Tartu Kesklinna Kooli 7. klassidele. Projekti raames tutvutakse ilu m\u00f5istega, l\u00e4bi &#8220;jube ilusate&#8221; kujude meisterdamise \u00f5pitakse vene ja inglise keeles v\u00e4limuse kirjeldamist ning suhtlemist. Luuakse virtuaaln\u00e4itus. \u00c4ratab huvi v\u00f5\u00f5rkeelte \u00f5ppimise ning koost\u00f6\u00f6 vastu. Projekt aitab kaasa \u00f5pilaste tolerantsuse kasvule erineva suhtes.<\/p>\n<h1>EESM\u00c4RGID<\/h1>\n<ol>\n<li>V\u00f5\u00f5rkeeled &#8211; arendada nii kirjalikku kui suulist vene ja inglise keel oskust l\u00e4bi koost\u00f6\u00f6 ja suhtlemise. Rakendada v\u00f5\u00f5rkeelep\u00e4devusi elulistes olukordades. Osata juhendit m\u00f5ista ning selle j\u00e4rgi toimida.<br \/>\n2. Loovus ja kunst &#8211; arendada loovust, k\u00e4elist osavust, ilumeelt, disainioskusi kuju voolimise kaudu. \u00d5ppida tundma, mida on peetud ilusaks v\u00f5i mitte ilusaks erinevatel aegadel ja kultuurides.<br \/>\n3. Sotsiaalsed p\u00e4devused ja ettev\u00f5tlikkus &#8211; arendada vastutustunnet, ajaplaneerimise ja kavandamise oskusi ning ettev\u00f5tlikkust oma ideede elluviimise kaudu. Kasvatada tolerantsust ning empaatiat inimeste erinevuste suhtes. Anal\u00fc\u00fcsida oma \u00f5ppimisstrateegiaid, tegevusi ning tulemusi, ja anda konstruktiivset tagasisidet.<br \/>\n4. Digip\u00e4devused &#8211; kasutada IKT vahendeid info otsimiseks, tulemuste jagamiseks, suhtlemiseks, levitamiseks, teksti koostamiseks ja arusaamiseks. Osata turvaliselt ja m\u00f5istlikult ning autori\u00f5igusi j\u00e4rgides digikeskkondi kasutada.<\/li>\n<\/ol>\n","protected":false},"excerpt":{"rendered":"<p>eTwinning 2016\/17 projektid PROJEKT &#8220;CODE ADVENTURE&#8221; L\u00f5imingu projekt &#8220;Jube ilus&#8221; PROJEKT &#8220;CODE ADVENTURE&#8221; https:\/\/twinspace.etwinning.net\/26577\/home Projekti eest on saadud rahvusvaheline kvaliteedim\u00e4rk&#8230;.<\/p>\n","protected":false},"author":1,"featured_media":0,"parent":795,"menu_order":10,"comment_status":"closed","ping_status":"closed","template":"","meta":{"_acf_changed":false,"footnotes":""},"class_list":["post-797","page","type-page","status-publish","hentry"],"yoast_head":"<!-- This site is optimized with the Yoast SEO plugin v27.2 - https:\/\/yoast.com\/product\/yoast-seo-wordpress\/ -->\n<title>2016\/2017 - Peetri P\u00f5hikool<\/title>\n<meta name=\"robots\" content=\"index, follow, max-snippet:-1, max-image-preview:large, max-video-preview:-1\" \/>\n<link rel=\"canonical\" href=\"https:\/\/www.peetri.edu.ee\/pohikool\/meie-kool\/projektid\/etwinning\/20162017-2\/\" \/>\n<meta property=\"og:locale\" content=\"et_EE\" \/>\n<meta property=\"og:type\" content=\"article\" \/>\n<meta property=\"og:title\" content=\"2016\/2017 - Peetri P\u00f5hikool\" \/>\n<meta property=\"og:description\" content=\"eTwinning 2016\/17 projektid PROJEKT &#8220;CODE ADVENTURE&#8221; L\u00f5imingu projekt &#8220;Jube ilus&#8221; PROJEKT &#8220;CODE ADVENTURE&#8221; https:\/\/twinspace.etwinning.net\/26577\/home Projekti eest on saadud rahvusvaheline kvaliteedim\u00e4rk....\" \/>\n<meta property=\"og:url\" content=\"https:\/\/www.peetri.edu.ee\/pohikool\/meie-kool\/projektid\/etwinning\/20162017-2\/\" \/>\n<meta property=\"og:site_name\" content=\"Peetri P\u00f5hikool\" \/>\n<meta property=\"article:modified_time\" content=\"2023-05-19T08:17:58+00:00\" \/>\n<meta property=\"og:image\" content=\"https:\/\/www.peetri.edu.ee\/pohikool\/wp-content\/uploads\/sites\/3\/2018\/03\/codeadventure3.png\" \/>\n<meta name=\"twitter:card\" content=\"summary_large_image\" \/>\n<meta name=\"twitter:label1\" content=\"Est. reading time\" \/>\n\t<meta name=\"twitter:data1\" content=\"2 minutit\" \/>\n<script type=\"application\/ld+json\" class=\"yoast-schema-graph\">{\"@context\":\"https:\/\/schema.org\",\"@graph\":[{\"@type\":\"WebPage\",\"@id\":\"https:\/\/www.peetri.edu.ee\/pohikool\/meie-kool\/projektid\/etwinning\/20162017-2\/\",\"url\":\"https:\/\/www.peetri.edu.ee\/pohikool\/meie-kool\/projektid\/etwinning\/20162017-2\/\",\"name\":\"2016\/2017 - Peetri P\u00f5hikool\",\"isPartOf\":{\"@id\":\"https:\/\/www.peetri.edu.ee\/pohikool\/#website\"},\"primaryImageOfPage\":{\"@id\":\"https:\/\/www.peetri.edu.ee\/pohikool\/meie-kool\/projektid\/etwinning\/20162017-2\/#primaryimage\"},\"image\":{\"@id\":\"https:\/\/www.peetri.edu.ee\/pohikool\/meie-kool\/projektid\/etwinning\/20162017-2\/#primaryimage\"},\"thumbnailUrl\":\"https:\/\/www.peetri.edu.ee\/pohikool\/wp-content\/uploads\/sites\/3\/2018\/03\/codeadventure3.png\",\"datePublished\":\"2017-08-14T15:13:02+00:00\",\"dateModified\":\"2023-05-19T08:17:58+00:00\",\"breadcrumb\":{\"@id\":\"https:\/\/www.peetri.edu.ee\/pohikool\/meie-kool\/projektid\/etwinning\/20162017-2\/#breadcrumb\"},\"inLanguage\":\"et\",\"potentialAction\":[{\"@type\":\"ReadAction\",\"target\":[\"https:\/\/www.peetri.edu.ee\/pohikool\/meie-kool\/projektid\/etwinning\/20162017-2\/\"]}]},{\"@type\":\"ImageObject\",\"inLanguage\":\"et\",\"@id\":\"https:\/\/www.peetri.edu.ee\/pohikool\/meie-kool\/projektid\/etwinning\/20162017-2\/#primaryimage\",\"url\":\"https:\/\/www.peetri.edu.ee\/pohikool\/wp-content\/uploads\/sites\/3\/2018\/03\/codeadventure3.png\",\"contentUrl\":\"https:\/\/www.peetri.edu.ee\/pohikool\/wp-content\/uploads\/sites\/3\/2018\/03\/codeadventure3.png\",\"width\":978,\"height\":718},{\"@type\":\"BreadcrumbList\",\"@id\":\"https:\/\/www.peetri.edu.ee\/pohikool\/meie-kool\/projektid\/etwinning\/20162017-2\/#breadcrumb\",\"itemListElement\":[{\"@type\":\"ListItem\",\"position\":1,\"name\":\"Home\",\"item\":\"https:\/\/www.peetri.edu.ee\/pohikool\/\"},{\"@type\":\"ListItem\",\"position\":2,\"name\":\"Meie kool\",\"item\":\"https:\/\/www.peetri.edu.ee\/pohikool\/\"},{\"@type\":\"ListItem\",\"position\":3,\"name\":\"Projektid\",\"item\":\"https:\/\/www.peetri.edu.ee\/pohikool\/meie-kool\/projektid\/\"},{\"@type\":\"ListItem\",\"position\":4,\"name\":\"eTwinning\",\"item\":\"https:\/\/www.peetri.edu.ee\/pohikool\/meie-kool\/projektid\/etwinning\/\"},{\"@type\":\"ListItem\",\"position\":5,\"name\":\"2016\/2017\"}]},{\"@type\":\"WebSite\",\"@id\":\"https:\/\/www.peetri.edu.ee\/pohikool\/#website\",\"url\":\"https:\/\/www.peetri.edu.ee\/pohikool\/\",\"name\":\"Peetri P\u00f5hikool\",\"description\":\"Igas inimeses on p\u00e4ike, laskem tal s\u00e4rada\",\"potentialAction\":[{\"@type\":\"SearchAction\",\"target\":{\"@type\":\"EntryPoint\",\"urlTemplate\":\"https:\/\/www.peetri.edu.ee\/pohikool\/?s={search_term_string}\"},\"query-input\":{\"@type\":\"PropertyValueSpecification\",\"valueRequired\":true,\"valueName\":\"search_term_string\"}}],\"inLanguage\":\"et\"}]}<\/script>\n<!-- \/ Yoast SEO plugin. -->","yoast_head_json":{"title":"2016\/2017 - Peetri P\u00f5hikool","robots":{"index":"index","follow":"follow","max-snippet":"max-snippet:-1","max-image-preview":"max-image-preview:large","max-video-preview":"max-video-preview:-1"},"canonical":"https:\/\/www.peetri.edu.ee\/pohikool\/meie-kool\/projektid\/etwinning\/20162017-2\/","og_locale":"et_EE","og_type":"article","og_title":"2016\/2017 - Peetri P\u00f5hikool","og_description":"eTwinning 2016\/17 projektid PROJEKT &#8220;CODE ADVENTURE&#8221; L\u00f5imingu projekt &#8220;Jube ilus&#8221; PROJEKT &#8220;CODE ADVENTURE&#8221; https:\/\/twinspace.etwinning.net\/26577\/home Projekti eest on saadud rahvusvaheline kvaliteedim\u00e4rk....","og_url":"https:\/\/www.peetri.edu.ee\/pohikool\/meie-kool\/projektid\/etwinning\/20162017-2\/","og_site_name":"Peetri P\u00f5hikool","article_modified_time":"2023-05-19T08:17:58+00:00","og_image":[{"url":"https:\/\/www.peetri.edu.ee\/pohikool\/wp-content\/uploads\/sites\/3\/2018\/03\/codeadventure3.png","type":"","width":"","height":""}],"twitter_card":"summary_large_image","twitter_misc":{"Est. reading time":"2 minutit"},"schema":{"@context":"https:\/\/schema.org","@graph":[{"@type":"WebPage","@id":"https:\/\/www.peetri.edu.ee\/pohikool\/meie-kool\/projektid\/etwinning\/20162017-2\/","url":"https:\/\/www.peetri.edu.ee\/pohikool\/meie-kool\/projektid\/etwinning\/20162017-2\/","name":"2016\/2017 - Peetri P\u00f5hikool","isPartOf":{"@id":"https:\/\/www.peetri.edu.ee\/pohikool\/#website"},"primaryImageOfPage":{"@id":"https:\/\/www.peetri.edu.ee\/pohikool\/meie-kool\/projektid\/etwinning\/20162017-2\/#primaryimage"},"image":{"@id":"https:\/\/www.peetri.edu.ee\/pohikool\/meie-kool\/projektid\/etwinning\/20162017-2\/#primaryimage"},"thumbnailUrl":"https:\/\/www.peetri.edu.ee\/pohikool\/wp-content\/uploads\/sites\/3\/2018\/03\/codeadventure3.png","datePublished":"2017-08-14T15:13:02+00:00","dateModified":"2023-05-19T08:17:58+00:00","breadcrumb":{"@id":"https:\/\/www.peetri.edu.ee\/pohikool\/meie-kool\/projektid\/etwinning\/20162017-2\/#breadcrumb"},"inLanguage":"et","potentialAction":[{"@type":"ReadAction","target":["https:\/\/www.peetri.edu.ee\/pohikool\/meie-kool\/projektid\/etwinning\/20162017-2\/"]}]},{"@type":"ImageObject","inLanguage":"et","@id":"https:\/\/www.peetri.edu.ee\/pohikool\/meie-kool\/projektid\/etwinning\/20162017-2\/#primaryimage","url":"https:\/\/www.peetri.edu.ee\/pohikool\/wp-content\/uploads\/sites\/3\/2018\/03\/codeadventure3.png","contentUrl":"https:\/\/www.peetri.edu.ee\/pohikool\/wp-content\/uploads\/sites\/3\/2018\/03\/codeadventure3.png","width":978,"height":718},{"@type":"BreadcrumbList","@id":"https:\/\/www.peetri.edu.ee\/pohikool\/meie-kool\/projektid\/etwinning\/20162017-2\/#breadcrumb","itemListElement":[{"@type":"ListItem","position":1,"name":"Home","item":"https:\/\/www.peetri.edu.ee\/pohikool\/"},{"@type":"ListItem","position":2,"name":"Meie kool","item":"https:\/\/www.peetri.edu.ee\/pohikool\/"},{"@type":"ListItem","position":3,"name":"Projektid","item":"https:\/\/www.peetri.edu.ee\/pohikool\/meie-kool\/projektid\/"},{"@type":"ListItem","position":4,"name":"eTwinning","item":"https:\/\/www.peetri.edu.ee\/pohikool\/meie-kool\/projektid\/etwinning\/"},{"@type":"ListItem","position":5,"name":"2016\/2017"}]},{"@type":"WebSite","@id":"https:\/\/www.peetri.edu.ee\/pohikool\/#website","url":"https:\/\/www.peetri.edu.ee\/pohikool\/","name":"Peetri P\u00f5hikool","description":"Igas inimeses on p\u00e4ike, laskem tal s\u00e4rada","potentialAction":[{"@type":"SearchAction","target":{"@type":"EntryPoint","urlTemplate":"https:\/\/www.peetri.edu.ee\/pohikool\/?s={search_term_string}"},"query-input":{"@type":"PropertyValueSpecification","valueRequired":true,"valueName":"search_term_string"}}],"inLanguage":"et"}]}},"acf":[],"_links":{"self":[{"href":"https:\/\/www.peetri.edu.ee\/pohikool\/wp-json\/wp\/v2\/pages\/797","targetHints":{"allow":["GET"]}}],"collection":[{"href":"https:\/\/www.peetri.edu.ee\/pohikool\/wp-json\/wp\/v2\/pages"}],"about":[{"href":"https:\/\/www.peetri.edu.ee\/pohikool\/wp-json\/wp\/v2\/types\/page"}],"author":[{"embeddable":true,"href":"https:\/\/www.peetri.edu.ee\/pohikool\/wp-json\/wp\/v2\/users\/1"}],"replies":[{"embeddable":true,"href":"https:\/\/www.peetri.edu.ee\/pohikool\/wp-json\/wp\/v2\/comments?post=797"}],"version-history":[{"count":2,"href":"https:\/\/www.peetri.edu.ee\/pohikool\/wp-json\/wp\/v2\/pages\/797\/revisions"}],"predecessor-version":[{"id":1664,"href":"https:\/\/www.peetri.edu.ee\/pohikool\/wp-json\/wp\/v2\/pages\/797\/revisions\/1664"}],"up":[{"embeddable":true,"href":"https:\/\/www.peetri.edu.ee\/pohikool\/wp-json\/wp\/v2\/pages\/795"}],"wp:attachment":[{"href":"https:\/\/www.peetri.edu.ee\/pohikool\/wp-json\/wp\/v2\/media?parent=797"}],"curies":[{"name":"wp","href":"https:\/\/api.w.org\/{rel}","templated":true}]}}