{"id":795,"date":"2017-08-14T18:11:37","date_gmt":"2017-08-14T15:11:37","guid":{"rendered":"https:\/\/www.peetri.edu.ee\/pohikool\/?page_id=795"},"modified":"2023-05-24T13:54:27","modified_gmt":"2023-05-24T10:54:27","slug":"etwinning","status":"publish","type":"page","link":"https:\/\/www.peetri.edu.ee\/pohikool\/meie-kool\/projektid\/etwinning\/","title":{"rendered":"eTwinning"},"content":{"rendered":"<p><span style=\"font-weight: 400\"><img loading=\"lazy\" decoding=\"async\" class=\"wp-image-1011 alignright\" src=\"https:\/\/www.peetri.edu.ee\/pohikool\/wp-content\/uploads\/sites\/3\/2017\/09\/etwinning1-300x94.png\" alt=\"\" width=\"176\" height=\"55\" \/>eTwinning on \u00fcks neljast e-\u00f5ppe programmi 2004-2007 algatusest.<br \/>\n<\/span><span style=\"font-weight: 400\">eTwinning loodi selleks, et anda koolidele v\u00f5imalus \u00f5ppida \u00fcksteiselt ja \u00fcheskoos.\u00a0<\/span><\/p>\n<p><span style=\"font-weight: 400\">Eesm\u00e4rgid:<\/span><\/p>\n<ul>\n<li style=\"font-weight: 400\"><span style=\"font-weight: 400\">\u00f5pilaste motiveerimine, tehes midagi uuenduslikku, uut ja p\u00f5nevat;<\/span><\/li>\n<li style=\"font-weight: 400\"><span style=\"font-weight: 400\">kultuuriteadlikkuse saavutamine;<\/span><\/li>\n<li style=\"font-weight: 400\"><span style=\"font-weight: 400\">huvi Euroopa vastu;<\/span><\/li>\n<li style=\"font-weight: 400\"><span style=\"font-weight: 400\">IKT-vahendite kasutamine;\u00a0<\/span><\/li>\n<li style=\"font-weight: 400\"><span style=\"font-weight: 400\">Euroopa riikide erinevate hariduss\u00fcsteemide tundma\u00f5ppimine;<\/span><\/li>\n<li style=\"font-weight: 400\"><span style=\"font-weight: 400\">Enda \u00f5petamismeetodite t\u00e4iustamine (sarnasused &#8211; erinevused);<\/span><\/li>\n<li style=\"font-weight: 400\"><span style=\"font-weight: 400\">Pedagoogiliste ideede vahetamine teiste Euroopa \u00f5petajatega ja seel\u00e4bi nende endi kogemuste rikastamine;<\/span><\/li>\n<li style=\"font-weight: 400\"><span style=\"font-weight: 400\">Kaasamine (oma haridustavade tutvustamine vanematele, kooli juhtkonnale ja paljudele teistele);<\/span><\/li>\n<li style=\"font-weight: 400\"><span style=\"font-weight: 400\">Teatud aine v\u00f5i valdkonna teadmiste t\u00e4iendamine, tehes oma koolis t\u00e4iemahulist koost\u00f6\u00f6d \u00f5ppekavade\u00fclese l\u00e4henemisviisiga;<\/span><\/li>\n<li style=\"font-weight: 400\"><span style=\"font-weight: 400\">V\u00f5\u00f5rkeelte oskuse parandamine.<\/span><\/li>\n<\/ul>\n<p><span style=\"font-weight: 400\">Allikas:<\/span> <a href=\"https:\/\/ec.europa.eu\/commission\/presscorner\/detail\/en\/MEMO_05_8\"><span style=\"font-weight: 400\">https:\/\/ec.europa.eu\/commission\/presscorner\/detail\/en\/MEMO_05_8<\/span><\/a><\/p>\n<p><img loading=\"lazy\" decoding=\"async\" class=\"wp-image-1742 alignleft\" src=\"https:\/\/www.peetri.edu.ee\/pohikool\/wp-content\/uploads\/sites\/3\/2018\/04\/awarded-etwinning-school-label.png\" alt=\"\" width=\"142\" height=\"156\" \/><\/p>\n<p>2018\u00a0 &#8211; 2019<br \/>\n2020\u00a0 &#8211; 2021<br \/>\n<a href=\"https:\/\/school-education.ec.europa.eu\/en\/recognition\/etwinning-school-label\/winners-list?period=2023-2024&amp;page=16\">2023 &#8211; 2024<\/a><\/p>\n<p>&nbsp;<\/p>\n<p>&nbsp;<\/p>\n<p>&nbsp;<\/p>\n<p>&nbsp;<\/p>\n<p>&nbsp;<\/p>\n","protected":false},"excerpt":{"rendered":"<p>eTwinning on \u00fcks neljast e-\u00f5ppe programmi 2004-2007 algatusest. eTwinning loodi selleks, et anda koolidele v\u00f5imalus \u00f5ppida \u00fcksteiselt ja \u00fcheskoos.\u00a0 Eesm\u00e4rgid:&#8230;<\/p>\n","protected":false},"author":1,"featured_media":0,"parent":397,"menu_order":60,"comment_status":"closed","ping_status":"closed","template":"","meta":{"_acf_changed":false,"footnotes":""},"class_list":["post-795","page","type-page","status-publish","hentry"],"yoast_head":"<!-- This site is optimized with the Yoast SEO plugin v27.2 - https:\/\/yoast.com\/product\/yoast-seo-wordpress\/ -->\n<title>eTwinning - Peetri P\u00f5hikool<\/title>\n<meta name=\"robots\" content=\"index, follow, max-snippet:-1, max-image-preview:large, max-video-preview:-1\" \/>\n<link rel=\"canonical\" href=\"https:\/\/www.peetri.edu.ee\/pohikool\/meie-kool\/projektid\/etwinning\/\" \/>\n<meta property=\"og:locale\" content=\"et_EE\" \/>\n<meta property=\"og:type\" content=\"article\" \/>\n<meta property=\"og:title\" content=\"eTwinning - Peetri P\u00f5hikool\" \/>\n<meta property=\"og:description\" content=\"eTwinning on \u00fcks neljast e-\u00f5ppe programmi 2004-2007 algatusest. eTwinning loodi selleks, et anda koolidele v\u00f5imalus \u00f5ppida \u00fcksteiselt ja \u00fcheskoos.\u00a0 Eesm\u00e4rgid:...\" \/>\n<meta property=\"og:url\" content=\"https:\/\/www.peetri.edu.ee\/pohikool\/meie-kool\/projektid\/etwinning\/\" \/>\n<meta property=\"og:site_name\" content=\"Peetri P\u00f5hikool\" \/>\n<meta property=\"article:modified_time\" content=\"2023-05-24T10:54:27+00:00\" \/>\n<meta property=\"og:image\" content=\"https:\/\/www.peetri.edu.ee\/pohikool\/wp-content\/uploads\/sites\/3\/2017\/09\/etwinning1-300x94.png\" \/>\n<meta name=\"twitter:card\" content=\"summary_large_image\" \/>\n<meta name=\"twitter:label1\" content=\"Est. reading time\" \/>\n\t<meta name=\"twitter:data1\" content=\"1 minut\" \/>\n<script type=\"application\/ld+json\" class=\"yoast-schema-graph\">{\"@context\":\"https:\/\/schema.org\",\"@graph\":[{\"@type\":\"WebPage\",\"@id\":\"https:\/\/www.peetri.edu.ee\/pohikool\/meie-kool\/projektid\/etwinning\/\",\"url\":\"https:\/\/www.peetri.edu.ee\/pohikool\/meie-kool\/projektid\/etwinning\/\",\"name\":\"eTwinning - Peetri P\u00f5hikool\",\"isPartOf\":{\"@id\":\"https:\/\/www.peetri.edu.ee\/pohikool\/#website\"},\"primaryImageOfPage\":{\"@id\":\"https:\/\/www.peetri.edu.ee\/pohikool\/meie-kool\/projektid\/etwinning\/#primaryimage\"},\"image\":{\"@id\":\"https:\/\/www.peetri.edu.ee\/pohikool\/meie-kool\/projektid\/etwinning\/#primaryimage\"},\"thumbnailUrl\":\"https:\/\/www.peetri.edu.ee\/pohikool\/wp-content\/uploads\/sites\/3\/2017\/09\/etwinning1-300x94.png\",\"datePublished\":\"2017-08-14T15:11:37+00:00\",\"dateModified\":\"2023-05-24T10:54:27+00:00\",\"breadcrumb\":{\"@id\":\"https:\/\/www.peetri.edu.ee\/pohikool\/meie-kool\/projektid\/etwinning\/#breadcrumb\"},\"inLanguage\":\"et\",\"potentialAction\":[{\"@type\":\"ReadAction\",\"target\":[\"https:\/\/www.peetri.edu.ee\/pohikool\/meie-kool\/projektid\/etwinning\/\"]}]},{\"@type\":\"ImageObject\",\"inLanguage\":\"et\",\"@id\":\"https:\/\/www.peetri.edu.ee\/pohikool\/meie-kool\/projektid\/etwinning\/#primaryimage\",\"url\":\"https:\/\/www.peetri.edu.ee\/pohikool\/wp-content\/uploads\/sites\/3\/2017\/09\/etwinning1.png\",\"contentUrl\":\"https:\/\/www.peetri.edu.ee\/pohikool\/wp-content\/uploads\/sites\/3\/2017\/09\/etwinning1.png\",\"width\":334,\"height\":105},{\"@type\":\"BreadcrumbList\",\"@id\":\"https:\/\/www.peetri.edu.ee\/pohikool\/meie-kool\/projektid\/etwinning\/#breadcrumb\",\"itemListElement\":[{\"@type\":\"ListItem\",\"position\":1,\"name\":\"Home\",\"item\":\"https:\/\/www.peetri.edu.ee\/pohikool\/\"},{\"@type\":\"ListItem\",\"position\":2,\"name\":\"Meie kool\",\"item\":\"https:\/\/www.peetri.edu.ee\/pohikool\/\"},{\"@type\":\"ListItem\",\"position\":3,\"name\":\"Projektid\",\"item\":\"https:\/\/www.peetri.edu.ee\/pohikool\/meie-kool\/projektid\/\"},{\"@type\":\"ListItem\",\"position\":4,\"name\":\"eTwinning\"}]},{\"@type\":\"WebSite\",\"@id\":\"https:\/\/www.peetri.edu.ee\/pohikool\/#website\",\"url\":\"https:\/\/www.peetri.edu.ee\/pohikool\/\",\"name\":\"Peetri P\u00f5hikool\",\"description\":\"Igas inimeses on p\u00e4ike, laskem tal s\u00e4rada\",\"potentialAction\":[{\"@type\":\"SearchAction\",\"target\":{\"@type\":\"EntryPoint\",\"urlTemplate\":\"https:\/\/www.peetri.edu.ee\/pohikool\/?s={search_term_string}\"},\"query-input\":{\"@type\":\"PropertyValueSpecification\",\"valueRequired\":true,\"valueName\":\"search_term_string\"}}],\"inLanguage\":\"et\"}]}<\/script>\n<!-- \/ Yoast SEO plugin. -->","yoast_head_json":{"title":"eTwinning - Peetri P\u00f5hikool","robots":{"index":"index","follow":"follow","max-snippet":"max-snippet:-1","max-image-preview":"max-image-preview:large","max-video-preview":"max-video-preview:-1"},"canonical":"https:\/\/www.peetri.edu.ee\/pohikool\/meie-kool\/projektid\/etwinning\/","og_locale":"et_EE","og_type":"article","og_title":"eTwinning - Peetri P\u00f5hikool","og_description":"eTwinning on \u00fcks neljast e-\u00f5ppe programmi 2004-2007 algatusest. eTwinning loodi selleks, et anda koolidele v\u00f5imalus \u00f5ppida \u00fcksteiselt ja \u00fcheskoos.\u00a0 Eesm\u00e4rgid:...","og_url":"https:\/\/www.peetri.edu.ee\/pohikool\/meie-kool\/projektid\/etwinning\/","og_site_name":"Peetri P\u00f5hikool","article_modified_time":"2023-05-24T10:54:27+00:00","og_image":[{"url":"https:\/\/www.peetri.edu.ee\/pohikool\/wp-content\/uploads\/sites\/3\/2017\/09\/etwinning1-300x94.png","type":"","width":"","height":""}],"twitter_card":"summary_large_image","twitter_misc":{"Est. reading time":"1 minut"},"schema":{"@context":"https:\/\/schema.org","@graph":[{"@type":"WebPage","@id":"https:\/\/www.peetri.edu.ee\/pohikool\/meie-kool\/projektid\/etwinning\/","url":"https:\/\/www.peetri.edu.ee\/pohikool\/meie-kool\/projektid\/etwinning\/","name":"eTwinning - Peetri P\u00f5hikool","isPartOf":{"@id":"https:\/\/www.peetri.edu.ee\/pohikool\/#website"},"primaryImageOfPage":{"@id":"https:\/\/www.peetri.edu.ee\/pohikool\/meie-kool\/projektid\/etwinning\/#primaryimage"},"image":{"@id":"https:\/\/www.peetri.edu.ee\/pohikool\/meie-kool\/projektid\/etwinning\/#primaryimage"},"thumbnailUrl":"https:\/\/www.peetri.edu.ee\/pohikool\/wp-content\/uploads\/sites\/3\/2017\/09\/etwinning1-300x94.png","datePublished":"2017-08-14T15:11:37+00:00","dateModified":"2023-05-24T10:54:27+00:00","breadcrumb":{"@id":"https:\/\/www.peetri.edu.ee\/pohikool\/meie-kool\/projektid\/etwinning\/#breadcrumb"},"inLanguage":"et","potentialAction":[{"@type":"ReadAction","target":["https:\/\/www.peetri.edu.ee\/pohikool\/meie-kool\/projektid\/etwinning\/"]}]},{"@type":"ImageObject","inLanguage":"et","@id":"https:\/\/www.peetri.edu.ee\/pohikool\/meie-kool\/projektid\/etwinning\/#primaryimage","url":"https:\/\/www.peetri.edu.ee\/pohikool\/wp-content\/uploads\/sites\/3\/2017\/09\/etwinning1.png","contentUrl":"https:\/\/www.peetri.edu.ee\/pohikool\/wp-content\/uploads\/sites\/3\/2017\/09\/etwinning1.png","width":334,"height":105},{"@type":"BreadcrumbList","@id":"https:\/\/www.peetri.edu.ee\/pohikool\/meie-kool\/projektid\/etwinning\/#breadcrumb","itemListElement":[{"@type":"ListItem","position":1,"name":"Home","item":"https:\/\/www.peetri.edu.ee\/pohikool\/"},{"@type":"ListItem","position":2,"name":"Meie kool","item":"https:\/\/www.peetri.edu.ee\/pohikool\/"},{"@type":"ListItem","position":3,"name":"Projektid","item":"https:\/\/www.peetri.edu.ee\/pohikool\/meie-kool\/projektid\/"},{"@type":"ListItem","position":4,"name":"eTwinning"}]},{"@type":"WebSite","@id":"https:\/\/www.peetri.edu.ee\/pohikool\/#website","url":"https:\/\/www.peetri.edu.ee\/pohikool\/","name":"Peetri P\u00f5hikool","description":"Igas inimeses on p\u00e4ike, laskem tal s\u00e4rada","potentialAction":[{"@type":"SearchAction","target":{"@type":"EntryPoint","urlTemplate":"https:\/\/www.peetri.edu.ee\/pohikool\/?s={search_term_string}"},"query-input":{"@type":"PropertyValueSpecification","valueRequired":true,"valueName":"search_term_string"}}],"inLanguage":"et"}]}},"acf":[],"_links":{"self":[{"href":"https:\/\/www.peetri.edu.ee\/pohikool\/wp-json\/wp\/v2\/pages\/795","targetHints":{"allow":["GET"]}}],"collection":[{"href":"https:\/\/www.peetri.edu.ee\/pohikool\/wp-json\/wp\/v2\/pages"}],"about":[{"href":"https:\/\/www.peetri.edu.ee\/pohikool\/wp-json\/wp\/v2\/types\/page"}],"author":[{"embeddable":true,"href":"https:\/\/www.peetri.edu.ee\/pohikool\/wp-json\/wp\/v2\/users\/1"}],"replies":[{"embeddable":true,"href":"https:\/\/www.peetri.edu.ee\/pohikool\/wp-json\/wp\/v2\/comments?post=795"}],"version-history":[{"count":5,"href":"https:\/\/www.peetri.edu.ee\/pohikool\/wp-json\/wp\/v2\/pages\/795\/revisions"}],"predecessor-version":[{"id":7268,"href":"https:\/\/www.peetri.edu.ee\/pohikool\/wp-json\/wp\/v2\/pages\/795\/revisions\/7268"}],"up":[{"embeddable":true,"href":"https:\/\/www.peetri.edu.ee\/pohikool\/wp-json\/wp\/v2\/pages\/397"}],"wp:attachment":[{"href":"https:\/\/www.peetri.edu.ee\/pohikool\/wp-json\/wp\/v2\/media?parent=795"}],"curies":[{"name":"wp","href":"https:\/\/api.w.org\/{rel}","templated":true}]}}