{"id":791,"date":"2017-08-14T18:11:07","date_gmt":"2017-08-14T15:11:07","guid":{"rendered":"https:\/\/www.peetri.edu.ee\/pohikool\/?page_id=791"},"modified":"2017-08-14T18:11:07","modified_gmt":"2017-08-14T15:11:07","slug":"digiloovtoode-voistlus","status":"publish","type":"page","link":"https:\/\/www.peetri.edu.ee\/pohikool\/meie-kool\/projektid\/digiloovtoode-voistlus\/","title":{"rendered":"Digiloovt\u00f6\u00f6de v\u00f5istlus"},"content":{"rendered":"<h3>Lahe asi ja ProgeTiiger digiloovt\u00f6\u00f6de v\u00f5istlus 2016<\/h3>\n<p>Hariduse Infotehnoloogia Sihtasutus korraldas 2015\/2016 \u00f5ppeaastal digiloovt\u00f6\u00f6de \u00f5pilaskonkursi teemal \u201eMaailmariik Eesti\u201c. Aastal 2018 t\u00e4histab Eesti Vabariik oma 100. s\u00fcnnip\u00e4eva, konkursiga kutsuti \u00f5pilasi v\u00e4lja pakkuma ideid, mis iseloomustavad Eestit maailmariigina ning aitavad meil teiste seas paremini silma paista. Konkursi eesm\u00e4rk: anda \u00f5ppijatele v\u00f5imalus rakendada p\u00f5nevaid uuenduslikke ideid ja arendada seel\u00e4bi tehnoloogiliste vahendite kasutamise oskust oma huvidest l\u00e4htuvalt.<\/p>\n<p>Digiloovt\u00f6\u00f6de v\u00f5istlusele oodati kuni viieliikmelisi v\u00f5istkondi vanuses 5-20 eluaastat. Osaleda sai kahes v\u00f5istlusarvestuses:<\/p>\n<p>Lahe Asi (animatsioon, videofilm, digitaalne \u00f5ppematerjal v\u00f5i tikkimismasinaga loodud k\u00e4sit\u00f6\u00f6ese)<\/p>\n<p>ProgeTiiger (arvutim\u00e4ng, mobiili \u00e4pp, elektrooniline muusikapala v\u00f5i 3D-tehnoloogiaga loodud t\u00f6\u00f6) Rohkem infot:\u00a0http:\/\/www.hitsa.ee\/konkursid\/konkursid-opilastele\/digiloovtoode-voistlus<\/p>\n<p>Lahe asi ja ProgeTiiger v\u00f5itluskategoorias laekus t\u00f6id kokku 171, mille seast valis hindamiskomisjon finaali 117 t\u00f6\u00f6d. K\u00f5ik konkursil osalenud meeskonnad on oodatud osalema 23. aprillil Tallinna Kultuurikatlas HITSA Tehnoloogiap\u00e4eval\u00a0https:\/\/www.facebook.com\/events\/1547191298913391\/<\/p>\n<p>Meie kooli \u00f5pilaste t\u00f6\u00f6d:<\/p>\n<table>\n<thead>\n<tr>\n<td>Kategooria+C1:G17<\/td>\n<td>Konkursit\u00f6\u00f6 nimi<\/td>\n<td>Autorid<\/td>\n<td>Klass<\/td>\n<\/tr>\n<\/thead>\n<tbody>\n<tr>\n<td>3D- tehnoloogiaga loodud t\u00f6\u00f6<\/td>\n<td><a href=\"https:\/\/linnused.wordpress.com\">Linnused Eestis<\/a><\/td>\n<td>Patrick Soome, Martin Mozessov<\/td>\n<td>7. kl<\/td>\n<\/tr>\n<tr>\n<td>Animatsioon<\/td>\n<td><a href=\"https:\/\/algusestalgusesseblog.wordpress.com\">Algusest algusesse<\/a><\/td>\n<td>Natali Carmel Sarapuu, Karoline Poska, Kle-Ingelin J\u00f5gisoo, Marjella Saanpere, Marlen Maasar<\/td>\n<td>8. kl<\/td>\n<\/tr>\n<tr>\n<td>Animatsioon<\/td>\n<td><a href=\"https:\/\/www.smore.com\/58hrp\">Legend Eesti esimesest kaevus<\/a>t<\/td>\n<td>Tristan Rebane, M\u00e4rten Viirg, Roland Siig, Mark S\u00f5ssojev, Siim Kurrik<\/td>\n<td>3. kl<\/td>\n<\/tr>\n<tr>\n<td>Animatsioon<\/td>\n<td><a href=\"https:\/\/www.smore.com\/0uh5c\">Eesti rahvatarkus &#8211; seitsmevennap\u00e4ev<\/a><\/td>\n<td>Hannuk Vernik, Romet Tooding, Henri Heinaste, Mark S\u00f5ssojev<\/td>\n<td>3. ja 4. kl<\/td>\n<\/tr>\n<tr>\n<td>Animatsioon<\/td>\n<td><a href=\"https:\/\/eesti2015.wordpress.com\/\">V\u00e4rvikas eesti keel<\/a><\/td>\n<td>Carmel Uibopuu, Helery Kuld, Maria Laur, Marta Kostusev<\/td>\n<td>7. kl<\/td>\n<\/tr>\n<tr>\n<td>Animatsioon<\/td>\n<td><a href=\"https:\/\/eestivaataminewordpress.wordpress.com\/\">Tallinna vaatamisv\u00e4\u00e4rsused<\/a><\/td>\n<td>Keity Viidemann<\/td>\n<td>7. kl<\/td>\n<\/tr>\n<tr>\n<td>Elektrooniline muusikapala<\/td>\n<td><a href=\"http:\/\/electrodynamicmouse.weebly.com\/\">Electrodynamicmouse<\/a><\/td>\n<td>Karl-Oliver Treilmann, Karl Pikner<\/td>\n<td>7. kl<\/td>\n<\/tr>\n<tr>\n<td>Arvutim\u00e4ng<\/td>\n<td><a href=\"http:\/\/koolipaeva.blogspot.com.ee\/\">Koolip\u00e4ev<\/a><\/td>\n<td>Kaur Kristjan Rajasaar<\/td>\n<td>7. kl<\/td>\n<\/tr>\n<tr>\n<td>Video<\/td>\n<td><a href=\"https:\/\/peetriblog.wordpress.com\/\">Eesti vanas\u00f5nad<\/a><\/td>\n<td>Berit Allikoja, Janeli Toomet, Mattias Piirsoo, Maria Martin<\/td>\n<td>7. kl<\/td>\n<\/tr>\n<tr>\n<td>Digitaalne \u00f5ppematerjal<\/td>\n<td><a href=\"http:\/\/algklassimatem.blogspot.com.ee\/\">Algklassi matemaatika<\/a><\/td>\n<td>Iti Nurk, Renita M\u00e4esaar<\/td>\n<td>7. kl<\/td>\n<\/tr>\n<tr>\n<td>\u00c4pp<\/td>\n<td><a href=\"https:\/\/vapidsite.wordpress.com\/\">Vapid Eestis<\/a><\/td>\n<td>Aivo Menken Parts, Daaniel Lepik, Andra Palu, Anette Kivistu, Helena Kastem\u00e4e<\/td>\n<td>7. ja 8. kl<\/td>\n<\/tr>\n<tr>\n<td>\u00c4pp<\/td>\n<td><a href=\"http:\/\/digimangud.blogspot.com.ee\/\">Faktid Eestist<\/a><\/td>\n<td>Madeleine Monika Mandre, Birgit Hallikivi, J\u00fcrgen Irve<\/td>\n<td>7. kl<\/td>\n<\/tr>\n<tr>\n<td>3D- tehnoloogiaga loodud t\u00f6\u00f6<\/td>\n<td><a href=\"http:\/\/mansetinoobidraim.tumblr.com\">Mansetin\u00f6\u00f6bid &#8220;R\u00e4im&#8221;<\/a><\/td>\n<td>Gerdo Germann<\/td>\n<td>6.kl<\/td>\n<\/tr>\n<tr>\n<td>3D- tehnoloogiaga loodud t\u00f6\u00f6<\/td>\n<td><a href=\"https:\/\/thori3d.wordpress.com\">Patarei suuruse adapter<\/a><\/td>\n<td>Thor Tristan Karafin<\/td>\n<td>6.kl<\/td>\n<\/tr>\n<tr>\n<td>3D- tehnoloogiaga loodud t\u00f6\u00f6<\/td>\n<td><a href=\"https:\/\/eesti2016.wordpress.com\">Eesti2016<\/a><\/td>\n<td>Eliis Rannala, Marie Anette Sepp, Karl-Kenneth Neuhaus, Antony P\u00f5ldre<\/td>\n<td>6.kl<\/td>\n<\/tr>\n<tr>\n<td>3D- tehnoloogiaga loodud t\u00f6\u00f6<\/td>\n<td><a href=\"http:\/\/suurtoll3d.blogspot.com.ee\">Suur T\u00f5ll, m\u00e4lupulk<\/a><\/td>\n<td>Rasmus Kalkun<\/td>\n<td>6.kl<\/td>\n<\/tr>\n<\/tbody>\n<\/table>\n<p><strong>\u00d5pilaskonkursi &#8220;Maailmariik Eesti&#8221; 2015\/2016 finalistid:\u00a0<\/strong><\/p>\n<p><a href=\"https:\/\/www.peetri.edu.ee\/pohikool\/wp-content\/uploads\/sites\/3\/2017\/08\/Vo\u0303istluskategooria-ProgeTiiger-finalistid.pdf\">ProgeTiigri v\u00f5istluskategooria t\u00f6\u00f6d<br \/>\n<\/a><a href=\"https:\/\/www.peetri.edu.ee\/pohikool\/wp-content\/uploads\/sites\/3\/2017\/08\/Vo\u0303istluskategooria-LaheAsi-finalistid.pdf\">Lahe Asi v\u00f5istluskategooria t\u00f6\u00f6d<\/a><\/p>\n<p><strong>Meie kooli finalistid:<\/strong> Linnused Eestis, Algusest algusesse, Eesti rahvatarkus \u2013 seitsmevennap\u00e4ev, V\u00e4rvikas eesti keel, Electrodynamicmouse, Eesti vanas\u00f5nad, Vapid Eestis, Mansetin\u00f6\u00f6bid &#8220;R\u00e4im&#8221;, Patarei suuruse adapter.<\/p>\n","protected":false},"excerpt":{"rendered":"<p>Lahe asi ja ProgeTiiger digiloovt\u00f6\u00f6de v\u00f5istlus 2016 Hariduse Infotehnoloogia Sihtasutus korraldas 2015\/2016 \u00f5ppeaastal digiloovt\u00f6\u00f6de \u00f5pilaskonkursi teemal \u201eMaailmariik Eesti\u201c. Aastal 2018&#8230;<\/p>\n","protected":false},"author":1,"featured_media":0,"parent":397,"menu_order":50,"comment_status":"closed","ping_status":"closed","template":"","meta":{"_acf_changed":false,"footnotes":""},"class_list":["post-791","page","type-page","status-publish","hentry"],"yoast_head":"<!-- This site is optimized with the Yoast SEO plugin v27.2 - https:\/\/yoast.com\/product\/yoast-seo-wordpress\/ -->\n<title>Digiloovt\u00f6\u00f6de v\u00f5istlus - Peetri P\u00f5hikool<\/title>\n<meta name=\"robots\" content=\"index, follow, max-snippet:-1, max-image-preview:large, max-video-preview:-1\" \/>\n<link rel=\"canonical\" href=\"https:\/\/www.peetri.edu.ee\/pohikool\/meie-kool\/projektid\/digiloovtoode-voistlus\/\" \/>\n<meta property=\"og:locale\" content=\"et_EE\" \/>\n<meta property=\"og:type\" content=\"article\" \/>\n<meta property=\"og:title\" content=\"Digiloovt\u00f6\u00f6de v\u00f5istlus - Peetri P\u00f5hikool\" \/>\n<meta property=\"og:description\" content=\"Lahe asi ja ProgeTiiger digiloovt\u00f6\u00f6de v\u00f5istlus 2016 Hariduse Infotehnoloogia Sihtasutus korraldas 2015\/2016 \u00f5ppeaastal digiloovt\u00f6\u00f6de \u00f5pilaskonkursi teemal \u201eMaailmariik Eesti\u201c. Aastal 2018...\" \/>\n<meta property=\"og:url\" content=\"https:\/\/www.peetri.edu.ee\/pohikool\/meie-kool\/projektid\/digiloovtoode-voistlus\/\" \/>\n<meta property=\"og:site_name\" content=\"Peetri P\u00f5hikool\" \/>\n<meta name=\"twitter:card\" content=\"summary_large_image\" \/>\n<meta name=\"twitter:label1\" content=\"Est. reading time\" \/>\n\t<meta name=\"twitter:data1\" content=\"2 minutit\" \/>\n<script type=\"application\/ld+json\" class=\"yoast-schema-graph\">{\"@context\":\"https:\/\/schema.org\",\"@graph\":[{\"@type\":\"WebPage\",\"@id\":\"https:\/\/www.peetri.edu.ee\/pohikool\/meie-kool\/projektid\/digiloovtoode-voistlus\/\",\"url\":\"https:\/\/www.peetri.edu.ee\/pohikool\/meie-kool\/projektid\/digiloovtoode-voistlus\/\",\"name\":\"Digiloovt\u00f6\u00f6de v\u00f5istlus - Peetri P\u00f5hikool\",\"isPartOf\":{\"@id\":\"https:\/\/www.peetri.edu.ee\/pohikool\/#website\"},\"datePublished\":\"2017-08-14T15:11:07+00:00\",\"breadcrumb\":{\"@id\":\"https:\/\/www.peetri.edu.ee\/pohikool\/meie-kool\/projektid\/digiloovtoode-voistlus\/#breadcrumb\"},\"inLanguage\":\"et\",\"potentialAction\":[{\"@type\":\"ReadAction\",\"target\":[\"https:\/\/www.peetri.edu.ee\/pohikool\/meie-kool\/projektid\/digiloovtoode-voistlus\/\"]}]},{\"@type\":\"BreadcrumbList\",\"@id\":\"https:\/\/www.peetri.edu.ee\/pohikool\/meie-kool\/projektid\/digiloovtoode-voistlus\/#breadcrumb\",\"itemListElement\":[{\"@type\":\"ListItem\",\"position\":1,\"name\":\"Home\",\"item\":\"https:\/\/www.peetri.edu.ee\/pohikool\/\"},{\"@type\":\"ListItem\",\"position\":2,\"name\":\"Meie kool\",\"item\":\"https:\/\/www.peetri.edu.ee\/pohikool\/\"},{\"@type\":\"ListItem\",\"position\":3,\"name\":\"Projektid\",\"item\":\"https:\/\/www.peetri.edu.ee\/pohikool\/meie-kool\/projektid\/\"},{\"@type\":\"ListItem\",\"position\":4,\"name\":\"Digiloovt\u00f6\u00f6de v\u00f5istlus\"}]},{\"@type\":\"WebSite\",\"@id\":\"https:\/\/www.peetri.edu.ee\/pohikool\/#website\",\"url\":\"https:\/\/www.peetri.edu.ee\/pohikool\/\",\"name\":\"Peetri P\u00f5hikool\",\"description\":\"Igas inimeses on p\u00e4ike, laskem tal s\u00e4rada\",\"potentialAction\":[{\"@type\":\"SearchAction\",\"target\":{\"@type\":\"EntryPoint\",\"urlTemplate\":\"https:\/\/www.peetri.edu.ee\/pohikool\/?s={search_term_string}\"},\"query-input\":{\"@type\":\"PropertyValueSpecification\",\"valueRequired\":true,\"valueName\":\"search_term_string\"}}],\"inLanguage\":\"et\"}]}<\/script>\n<!-- \/ Yoast SEO plugin. -->","yoast_head_json":{"title":"Digiloovt\u00f6\u00f6de v\u00f5istlus - Peetri P\u00f5hikool","robots":{"index":"index","follow":"follow","max-snippet":"max-snippet:-1","max-image-preview":"max-image-preview:large","max-video-preview":"max-video-preview:-1"},"canonical":"https:\/\/www.peetri.edu.ee\/pohikool\/meie-kool\/projektid\/digiloovtoode-voistlus\/","og_locale":"et_EE","og_type":"article","og_title":"Digiloovt\u00f6\u00f6de v\u00f5istlus - Peetri P\u00f5hikool","og_description":"Lahe asi ja ProgeTiiger digiloovt\u00f6\u00f6de v\u00f5istlus 2016 Hariduse Infotehnoloogia Sihtasutus korraldas 2015\/2016 \u00f5ppeaastal digiloovt\u00f6\u00f6de \u00f5pilaskonkursi teemal \u201eMaailmariik Eesti\u201c. Aastal 2018...","og_url":"https:\/\/www.peetri.edu.ee\/pohikool\/meie-kool\/projektid\/digiloovtoode-voistlus\/","og_site_name":"Peetri P\u00f5hikool","twitter_card":"summary_large_image","twitter_misc":{"Est. reading time":"2 minutit"},"schema":{"@context":"https:\/\/schema.org","@graph":[{"@type":"WebPage","@id":"https:\/\/www.peetri.edu.ee\/pohikool\/meie-kool\/projektid\/digiloovtoode-voistlus\/","url":"https:\/\/www.peetri.edu.ee\/pohikool\/meie-kool\/projektid\/digiloovtoode-voistlus\/","name":"Digiloovt\u00f6\u00f6de v\u00f5istlus - Peetri P\u00f5hikool","isPartOf":{"@id":"https:\/\/www.peetri.edu.ee\/pohikool\/#website"},"datePublished":"2017-08-14T15:11:07+00:00","breadcrumb":{"@id":"https:\/\/www.peetri.edu.ee\/pohikool\/meie-kool\/projektid\/digiloovtoode-voistlus\/#breadcrumb"},"inLanguage":"et","potentialAction":[{"@type":"ReadAction","target":["https:\/\/www.peetri.edu.ee\/pohikool\/meie-kool\/projektid\/digiloovtoode-voistlus\/"]}]},{"@type":"BreadcrumbList","@id":"https:\/\/www.peetri.edu.ee\/pohikool\/meie-kool\/projektid\/digiloovtoode-voistlus\/#breadcrumb","itemListElement":[{"@type":"ListItem","position":1,"name":"Home","item":"https:\/\/www.peetri.edu.ee\/pohikool\/"},{"@type":"ListItem","position":2,"name":"Meie kool","item":"https:\/\/www.peetri.edu.ee\/pohikool\/"},{"@type":"ListItem","position":3,"name":"Projektid","item":"https:\/\/www.peetri.edu.ee\/pohikool\/meie-kool\/projektid\/"},{"@type":"ListItem","position":4,"name":"Digiloovt\u00f6\u00f6de v\u00f5istlus"}]},{"@type":"WebSite","@id":"https:\/\/www.peetri.edu.ee\/pohikool\/#website","url":"https:\/\/www.peetri.edu.ee\/pohikool\/","name":"Peetri P\u00f5hikool","description":"Igas inimeses on p\u00e4ike, laskem tal s\u00e4rada","potentialAction":[{"@type":"SearchAction","target":{"@type":"EntryPoint","urlTemplate":"https:\/\/www.peetri.edu.ee\/pohikool\/?s={search_term_string}"},"query-input":{"@type":"PropertyValueSpecification","valueRequired":true,"valueName":"search_term_string"}}],"inLanguage":"et"}]}},"acf":[],"_links":{"self":[{"href":"https:\/\/www.peetri.edu.ee\/pohikool\/wp-json\/wp\/v2\/pages\/791","targetHints":{"allow":["GET"]}}],"collection":[{"href":"https:\/\/www.peetri.edu.ee\/pohikool\/wp-json\/wp\/v2\/pages"}],"about":[{"href":"https:\/\/www.peetri.edu.ee\/pohikool\/wp-json\/wp\/v2\/types\/page"}],"author":[{"embeddable":true,"href":"https:\/\/www.peetri.edu.ee\/pohikool\/wp-json\/wp\/v2\/users\/1"}],"replies":[{"embeddable":true,"href":"https:\/\/www.peetri.edu.ee\/pohikool\/wp-json\/wp\/v2\/comments?post=791"}],"version-history":[{"count":2,"href":"https:\/\/www.peetri.edu.ee\/pohikool\/wp-json\/wp\/v2\/pages\/791\/revisions"}],"predecessor-version":[{"id":836,"href":"https:\/\/www.peetri.edu.ee\/pohikool\/wp-json\/wp\/v2\/pages\/791\/revisions\/836"}],"up":[{"embeddable":true,"href":"https:\/\/www.peetri.edu.ee\/pohikool\/wp-json\/wp\/v2\/pages\/397"}],"wp:attachment":[{"href":"https:\/\/www.peetri.edu.ee\/pohikool\/wp-json\/wp\/v2\/media?parent=791"}],"curies":[{"name":"wp","href":"https:\/\/api.w.org\/{rel}","templated":true}]}}