{"id":787,"date":"2017-08-14T18:05:44","date_gmt":"2017-08-14T15:05:44","guid":{"rendered":"https:\/\/www.peetri.edu.ee\/pohikool\/?page_id=787"},"modified":"2017-08-14T18:06:04","modified_gmt":"2017-08-14T15:06:04","slug":"cs-week-2016","status":"publish","type":"page","link":"https:\/\/www.peetri.edu.ee\/pohikool\/meie-kool\/projektid\/cs-week-2016\/","title":{"rendered":"CS Week 2016"},"content":{"rendered":"<p><img loading=\"lazy\" decoding=\"async\" class=\"aligncenter size-full wp-image-788\" src=\"https:\/\/www.peetri.edu.ee\/pohikool\/wp-content\/uploads\/sites\/3\/2017\/08\/logod-1.jpg\" alt=\"\" width=\"588\" height=\"93\" \/><\/p>\n<p><strong>Programmeerimisn\u00e4dala Code Week raames korraldatakse koolis ja lasteaias 17.-20. oktoobrini \u00f5pilastele erinevaid \u00f5pitubasid ja vahetundide ajal on v\u00f5imalik k\u00f5igil \u00f5pilastel tutvuda hariduslike robotitega BeeBot, Edison ja Lego WeDo. Koolis toimuv \u00fcritus kannab nime CS Week.<\/strong><\/p>\n<p>M\u00f5ned \u00f5pitoad korraldatakse\u00a0 Euroopa Liidu Euroopa Sotsiaalfondi ja HITSA toetusel.<\/p>\n<p>\u00d5pitubades on \u00f5pilaste arv piiratud ja sinna tuleb eelnevalt registreeruda.<\/p>\n<p>Koolis ja lasteaias toimuva progen\u00e4dala CS Week ajakava:<\/p>\n<h3>Esmasp\u00e4ev:<\/h3>\n<p><strong>15.00-16.00<\/strong> Lasteaialastele avatud tegevus &#8220;Mesilastele mattide tegemine&#8221;\u00a0(juhendaja Tuuli Haljaste)<\/p>\n<h3>Teisip\u00e4ev:<\/h3>\n<p><strong>8.30 \u2013 9.15<\/strong>\u00a0\u00a0 \u00d5pituba \u00a0\u201eTore seiklus BeeBot\u00b4iga\u201c\u00a0\u00a0(2.a klass, juhendaja Katrin Rajasalu)<br \/>\n<strong>9.25 \u2013 10.10<\/strong>\u00a0\u00a0 \u00d5pituba\u00a0 \u201eTore seiklus BeeBot\u00b4iga\u201c\u00a0 (2.d klass, juhendaja Katrin Rajasalu)<br \/>\n<strong>11.35 \u2013 12.20<\/strong>\u00a0 \u00d5pituba\u00a0 \u201eTore seiklus BeeBot\u00b4iga\u201c\u00a0\u00a0(2.c klass, juhendaja Katrin Rajasalu)<br \/>\n<strong>9.30 \u2013 12.30\u00a0<\/strong> Tallinna Tehnika\u00fclikooli innovatsiooni- ja ettev\u00f5tluskeskuses Mektory\u00a0 tasuline LEGO Mindstroms EV3 robootika t\u00f6\u00f6tuba (7.-9. klassi \u00f5pilastele, grupi suurus\u00a0 40 \u00f5pilast)<br \/>\n<strong>11.15 -11.35<\/strong> V\u00f5istlusm\u00e4ng \u201eKahoot\u201c aulas.\u00a0(II-III kooliaste, koostavad 8b klassi \u00f5pilased Kaur Kristjan, Karl ja Karl-Oliver)<br \/>\n<strong>11.35 -12.20<\/strong> V\u00f5istlusm\u00e4ng \u201eKahoot\u201c aulas.\u00a0(I kooliaste, koostavad 8b klassi \u00f5pilased Kaur Kristjan, Karl ja Karl-Oliver)<br \/>\n<strong>15.00-16.00<\/strong> Lasteaialastele \u201eTeekond Edisoniga\u201c\u00a0(juhendaja Signe Reidla)<\/p>\n<h3>Kolmap\u00e4ev:<\/h3>\n<p><strong>8.30-10.10<\/strong> \u00d5pituba\u00a0 \u201eTeekond Edisoniga\u201c.\u00a0\u00d5pitoas tutvutakse Edisoni robotiga ja nende programmeerimiskeelega. Saadud teadmisi rakendatakse robotite programmeerimisel. \u00d5pitoas k\u00e4sitletakse \u00f5pilaskonkursi alateemat \u201eTurvaliselt tahvlis ja t\u00e4naval\u201c. \u00d5pilased valmistavad keelavate ja lubavate reeglitega m\u00e4ngumati (lauam\u00e4ngu). Robot tuleb programmeerida selliselt, et ta liiguks m\u00f6\u00f6da koostatud rada. (I-II kooliaste, grupi suurus 15 \u00f5pilast, juhendaja Signe Reidla )<br \/>\n<strong>Registreerumine\u00a0<\/strong><br \/>\n<strong>10.30-12.20<\/strong> \u00d5pituba\u00a0 \u201eProgrammeeritud animafilm\u201c.\u00a0\u00d5pilased tutvuvad veebip\u00f5hise programmeerimise ja animatsioonide loomise vahendiga Scratch. T\u00f6\u00f6toa moto on &#8220;Vajuta Play! &#8211; Lase loovus valla&#8221;. Kasutades veebip\u00f5hist programmeerimist luuakse oman\u00e4oline animatsioon, mida esitletakse kaas\u00f5pilastele. \u00a0(II-III kooliaste, grupi suurus 12 \u00f5pilast, juhendaja Signe Reidla)<br \/>\nRegistreerumine<br \/>\n<strong>12.40 -14.20<\/strong> \u00d5pituba \u201e3D-tehnoloogia\u201c.\u00a0Oodatud on 7.-9. klassi \u00f5pilased, kellel kogemused puuduvad. \u00a0(grupi suurus 11 \u00f5pilast, juhendaja Rainer Kaasik-Aaslav).<br \/>\n<strong>Registreerumine\u00a0<\/strong><\/p>\n<h3>Neljap\u00e4ev:<\/h3>\n<p><strong>9.25-11.15<\/strong> \u00d5pituba\u00a0 \u201eMinu turvaline abimees\u201c.\u00a0\u00d5pitoas tutvutakse haridusrobotiga BeeBot. \u00d5pilased saavad teadmisi seadme juhtimisest ja programmeerimisest ning koostavad teemale vastavaid m\u00e4ngumatte. Teema: \u201eTurvaliselt tahvlis ja t\u00e4naval\u201c. (I-II kooliaste, grupi suurus 12 \u00f5pilast, juhendaja Signe Reidla)<br \/>\n<strong>Registreerumine<br \/>\n<\/strong><strong>11.35 \u2013 12.20<\/strong> \u00d5pituba\u00a0 \u201eEnnustaja \u00e4pp\u201c.\u00a0\u00d5pilased, kasutades veebip\u00f5hist programmi AppInventor, programmeerivad \u00e4pi. (7b klassi \u00f5pilastele, juhendaja Signe Reidla)<\/p>\n<h4><a href=\"https:\/\/codeweekpeetris.wordpress.com\/2016\/09\/29\/code-week-peetris\/\">CS n\u00e4dala \u00fclevaade<\/a><\/h4>\n","protected":false},"excerpt":{"rendered":"<p>Programmeerimisn\u00e4dala Code Week raames korraldatakse koolis ja lasteaias 17.-20. oktoobrini \u00f5pilastele erinevaid \u00f5pitubasid ja vahetundide ajal on v\u00f5imalik k\u00f5igil \u00f5pilastel&#8230;<\/p>\n","protected":false},"author":1,"featured_media":0,"parent":397,"menu_order":40,"comment_status":"closed","ping_status":"closed","template":"","meta":{"_acf_changed":false,"footnotes":""},"class_list":["post-787","page","type-page","status-publish","hentry"],"yoast_head":"<!-- This site is optimized with the Yoast SEO plugin v27.2 - https:\/\/yoast.com\/product\/yoast-seo-wordpress\/ -->\n<title>CS Week 2016 - Peetri P\u00f5hikool<\/title>\n<meta name=\"robots\" content=\"index, follow, max-snippet:-1, max-image-preview:large, max-video-preview:-1\" \/>\n<link rel=\"canonical\" href=\"https:\/\/www.peetri.edu.ee\/pohikool\/meie-kool\/projektid\/cs-week-2016\/\" \/>\n<meta property=\"og:locale\" content=\"et_EE\" \/>\n<meta property=\"og:type\" content=\"article\" \/>\n<meta property=\"og:title\" content=\"CS Week 2016 - Peetri P\u00f5hikool\" \/>\n<meta property=\"og:description\" content=\"Programmeerimisn\u00e4dala Code Week raames korraldatakse koolis ja lasteaias 17.-20. oktoobrini \u00f5pilastele erinevaid \u00f5pitubasid ja vahetundide ajal on v\u00f5imalik k\u00f5igil \u00f5pilastel...\" \/>\n<meta property=\"og:url\" content=\"https:\/\/www.peetri.edu.ee\/pohikool\/meie-kool\/projektid\/cs-week-2016\/\" \/>\n<meta property=\"og:site_name\" content=\"Peetri P\u00f5hikool\" \/>\n<meta property=\"article:modified_time\" content=\"2017-08-14T15:06:04+00:00\" \/>\n<meta property=\"og:image\" content=\"https:\/\/www.peetri.edu.ee\/pohikool\/wp-content\/uploads\/sites\/3\/2017\/08\/logod-1.jpg\" \/>\n<meta name=\"twitter:card\" content=\"summary_large_image\" \/>\n<meta name=\"twitter:label1\" content=\"Est. reading time\" \/>\n\t<meta name=\"twitter:data1\" content=\"2 minutit\" \/>\n<script type=\"application\/ld+json\" class=\"yoast-schema-graph\">{\"@context\":\"https:\/\/schema.org\",\"@graph\":[{\"@type\":\"WebPage\",\"@id\":\"https:\/\/www.peetri.edu.ee\/pohikool\/meie-kool\/projektid\/cs-week-2016\/\",\"url\":\"https:\/\/www.peetri.edu.ee\/pohikool\/meie-kool\/projektid\/cs-week-2016\/\",\"name\":\"CS Week 2016 - Peetri P\u00f5hikool\",\"isPartOf\":{\"@id\":\"https:\/\/www.peetri.edu.ee\/pohikool\/#website\"},\"primaryImageOfPage\":{\"@id\":\"https:\/\/www.peetri.edu.ee\/pohikool\/meie-kool\/projektid\/cs-week-2016\/#primaryimage\"},\"image\":{\"@id\":\"https:\/\/www.peetri.edu.ee\/pohikool\/meie-kool\/projektid\/cs-week-2016\/#primaryimage\"},\"thumbnailUrl\":\"https:\/\/www.peetri.edu.ee\/pohikool\/wp-content\/uploads\/sites\/3\/2017\/08\/logod-1.jpg\",\"datePublished\":\"2017-08-14T15:05:44+00:00\",\"dateModified\":\"2017-08-14T15:06:04+00:00\",\"breadcrumb\":{\"@id\":\"https:\/\/www.peetri.edu.ee\/pohikool\/meie-kool\/projektid\/cs-week-2016\/#breadcrumb\"},\"inLanguage\":\"et\",\"potentialAction\":[{\"@type\":\"ReadAction\",\"target\":[\"https:\/\/www.peetri.edu.ee\/pohikool\/meie-kool\/projektid\/cs-week-2016\/\"]}]},{\"@type\":\"ImageObject\",\"inLanguage\":\"et\",\"@id\":\"https:\/\/www.peetri.edu.ee\/pohikool\/meie-kool\/projektid\/cs-week-2016\/#primaryimage\",\"url\":\"https:\/\/www.peetri.edu.ee\/pohikool\/wp-content\/uploads\/sites\/3\/2017\/08\/logod-1.jpg\",\"contentUrl\":\"https:\/\/www.peetri.edu.ee\/pohikool\/wp-content\/uploads\/sites\/3\/2017\/08\/logod-1.jpg\",\"width\":588,\"height\":93},{\"@type\":\"BreadcrumbList\",\"@id\":\"https:\/\/www.peetri.edu.ee\/pohikool\/meie-kool\/projektid\/cs-week-2016\/#breadcrumb\",\"itemListElement\":[{\"@type\":\"ListItem\",\"position\":1,\"name\":\"Home\",\"item\":\"https:\/\/www.peetri.edu.ee\/pohikool\/\"},{\"@type\":\"ListItem\",\"position\":2,\"name\":\"Meie kool\",\"item\":\"https:\/\/www.peetri.edu.ee\/pohikool\/\"},{\"@type\":\"ListItem\",\"position\":3,\"name\":\"Projektid\",\"item\":\"https:\/\/www.peetri.edu.ee\/pohikool\/meie-kool\/projektid\/\"},{\"@type\":\"ListItem\",\"position\":4,\"name\":\"CS Week 2016\"}]},{\"@type\":\"WebSite\",\"@id\":\"https:\/\/www.peetri.edu.ee\/pohikool\/#website\",\"url\":\"https:\/\/www.peetri.edu.ee\/pohikool\/\",\"name\":\"Peetri P\u00f5hikool\",\"description\":\"Igas inimeses on p\u00e4ike, laskem tal s\u00e4rada\",\"potentialAction\":[{\"@type\":\"SearchAction\",\"target\":{\"@type\":\"EntryPoint\",\"urlTemplate\":\"https:\/\/www.peetri.edu.ee\/pohikool\/?s={search_term_string}\"},\"query-input\":{\"@type\":\"PropertyValueSpecification\",\"valueRequired\":true,\"valueName\":\"search_term_string\"}}],\"inLanguage\":\"et\"}]}<\/script>\n<!-- \/ Yoast SEO plugin. -->","yoast_head_json":{"title":"CS Week 2016 - Peetri P\u00f5hikool","robots":{"index":"index","follow":"follow","max-snippet":"max-snippet:-1","max-image-preview":"max-image-preview:large","max-video-preview":"max-video-preview:-1"},"canonical":"https:\/\/www.peetri.edu.ee\/pohikool\/meie-kool\/projektid\/cs-week-2016\/","og_locale":"et_EE","og_type":"article","og_title":"CS Week 2016 - Peetri P\u00f5hikool","og_description":"Programmeerimisn\u00e4dala Code Week raames korraldatakse koolis ja lasteaias 17.-20. oktoobrini \u00f5pilastele erinevaid \u00f5pitubasid ja vahetundide ajal on v\u00f5imalik k\u00f5igil \u00f5pilastel...","og_url":"https:\/\/www.peetri.edu.ee\/pohikool\/meie-kool\/projektid\/cs-week-2016\/","og_site_name":"Peetri P\u00f5hikool","article_modified_time":"2017-08-14T15:06:04+00:00","og_image":[{"url":"https:\/\/www.peetri.edu.ee\/pohikool\/wp-content\/uploads\/sites\/3\/2017\/08\/logod-1.jpg","type":"","width":"","height":""}],"twitter_card":"summary_large_image","twitter_misc":{"Est. reading time":"2 minutit"},"schema":{"@context":"https:\/\/schema.org","@graph":[{"@type":"WebPage","@id":"https:\/\/www.peetri.edu.ee\/pohikool\/meie-kool\/projektid\/cs-week-2016\/","url":"https:\/\/www.peetri.edu.ee\/pohikool\/meie-kool\/projektid\/cs-week-2016\/","name":"CS Week 2016 - Peetri P\u00f5hikool","isPartOf":{"@id":"https:\/\/www.peetri.edu.ee\/pohikool\/#website"},"primaryImageOfPage":{"@id":"https:\/\/www.peetri.edu.ee\/pohikool\/meie-kool\/projektid\/cs-week-2016\/#primaryimage"},"image":{"@id":"https:\/\/www.peetri.edu.ee\/pohikool\/meie-kool\/projektid\/cs-week-2016\/#primaryimage"},"thumbnailUrl":"https:\/\/www.peetri.edu.ee\/pohikool\/wp-content\/uploads\/sites\/3\/2017\/08\/logod-1.jpg","datePublished":"2017-08-14T15:05:44+00:00","dateModified":"2017-08-14T15:06:04+00:00","breadcrumb":{"@id":"https:\/\/www.peetri.edu.ee\/pohikool\/meie-kool\/projektid\/cs-week-2016\/#breadcrumb"},"inLanguage":"et","potentialAction":[{"@type":"ReadAction","target":["https:\/\/www.peetri.edu.ee\/pohikool\/meie-kool\/projektid\/cs-week-2016\/"]}]},{"@type":"ImageObject","inLanguage":"et","@id":"https:\/\/www.peetri.edu.ee\/pohikool\/meie-kool\/projektid\/cs-week-2016\/#primaryimage","url":"https:\/\/www.peetri.edu.ee\/pohikool\/wp-content\/uploads\/sites\/3\/2017\/08\/logod-1.jpg","contentUrl":"https:\/\/www.peetri.edu.ee\/pohikool\/wp-content\/uploads\/sites\/3\/2017\/08\/logod-1.jpg","width":588,"height":93},{"@type":"BreadcrumbList","@id":"https:\/\/www.peetri.edu.ee\/pohikool\/meie-kool\/projektid\/cs-week-2016\/#breadcrumb","itemListElement":[{"@type":"ListItem","position":1,"name":"Home","item":"https:\/\/www.peetri.edu.ee\/pohikool\/"},{"@type":"ListItem","position":2,"name":"Meie kool","item":"https:\/\/www.peetri.edu.ee\/pohikool\/"},{"@type":"ListItem","position":3,"name":"Projektid","item":"https:\/\/www.peetri.edu.ee\/pohikool\/meie-kool\/projektid\/"},{"@type":"ListItem","position":4,"name":"CS Week 2016"}]},{"@type":"WebSite","@id":"https:\/\/www.peetri.edu.ee\/pohikool\/#website","url":"https:\/\/www.peetri.edu.ee\/pohikool\/","name":"Peetri P\u00f5hikool","description":"Igas inimeses on p\u00e4ike, laskem tal s\u00e4rada","potentialAction":[{"@type":"SearchAction","target":{"@type":"EntryPoint","urlTemplate":"https:\/\/www.peetri.edu.ee\/pohikool\/?s={search_term_string}"},"query-input":{"@type":"PropertyValueSpecification","valueRequired":true,"valueName":"search_term_string"}}],"inLanguage":"et"}]}},"acf":[],"_links":{"self":[{"href":"https:\/\/www.peetri.edu.ee\/pohikool\/wp-json\/wp\/v2\/pages\/787","targetHints":{"allow":["GET"]}}],"collection":[{"href":"https:\/\/www.peetri.edu.ee\/pohikool\/wp-json\/wp\/v2\/pages"}],"about":[{"href":"https:\/\/www.peetri.edu.ee\/pohikool\/wp-json\/wp\/v2\/types\/page"}],"author":[{"embeddable":true,"href":"https:\/\/www.peetri.edu.ee\/pohikool\/wp-json\/wp\/v2\/users\/1"}],"replies":[{"embeddable":true,"href":"https:\/\/www.peetri.edu.ee\/pohikool\/wp-json\/wp\/v2\/comments?post=787"}],"version-history":[{"count":2,"href":"https:\/\/www.peetri.edu.ee\/pohikool\/wp-json\/wp\/v2\/pages\/787\/revisions"}],"predecessor-version":[{"id":790,"href":"https:\/\/www.peetri.edu.ee\/pohikool\/wp-json\/wp\/v2\/pages\/787\/revisions\/790"}],"up":[{"embeddable":true,"href":"https:\/\/www.peetri.edu.ee\/pohikool\/wp-json\/wp\/v2\/pages\/397"}],"wp:attachment":[{"href":"https:\/\/www.peetri.edu.ee\/pohikool\/wp-json\/wp\/v2\/media?parent=787"}],"curies":[{"name":"wp","href":"https:\/\/api.w.org\/{rel}","templated":true}]}}