{"id":784,"date":"2017-08-14T18:01:27","date_gmt":"2017-08-14T15:01:27","guid":{"rendered":"https:\/\/www.peetri.edu.ee\/pohikool\/?page_id=784"},"modified":"2017-08-14T18:01:27","modified_gmt":"2017-08-14T15:01:27","slug":"olen-ettevotlik-2011","status":"publish","type":"page","link":"https:\/\/www.peetri.edu.ee\/pohikool\/meie-kool\/projektid\/olen-ettevotlik-2011\/","title":{"rendered":"Olen ettev\u00f5tlik 2011"},"content":{"rendered":"<p>Ettev\u00f5tlikkusp\u00e4edevus t\u00e4hendab suutlikkust ideid luua ja neid ellu viia, kasutades omandatud teadmisi ja oskusi erinevates elu- ja tegevusvaldkondades; n\u00e4ha probleeme ja neis peituvaid v\u00f5imalusi; seada eesm\u00e4rke ja neid ellu viia.<\/p>\n<p>Peetri kool osaleb Haapsalu kolled\u017ai poolt korraldataval konkursil &#8220;Olen ettev\u00f5tlik 2011&#8221;, mille eesm\u00e4rgiks on \u00f5petajate kaasabil luua \u00f5ppematerjalid ettev\u00f5tlikkusp\u00e4devuse kujundamiseks p\u00f5hikooli II ja III kooliastmes.<\/p>\n<p>Peetri kooli projekti teema\u00a0on &#8220;Vesi&#8221;. Projekt kestab\u00a0l\u00e4bi II kooliastme. Eesm\u00e4rgiks keskkonnateadlikkuse ja s\u00e4\u00e4stva eluviisi propageerimine, \u00f5ppimine ja vastutuse v\u00f5tmine l\u00e4bi tegevuste \u00f5pilaste ideid rakendades. Kasutatakse aktiiv\u00f5ppemeetodeid, kogemuslikku \u00f5pet ja ainete l\u00f5imimist. Kaasatakse erinevate eluvaldkondade spetsialiste.<\/p>\n<p>4. klass &#8211; alateema &#8220;\u00dclemiste j\u00e4rv&#8221;<br \/>\n5. klass &#8211; alateema &#8220;\u00dclemiste veepuhastusjaam&#8221;<br \/>\n6. klass &#8211; alateema &#8220;Paljassaare reoveepuhastusjaam&#8221;<\/p>\n","protected":false},"excerpt":{"rendered":"<p>Ettev\u00f5tlikkusp\u00e4edevus t\u00e4hendab suutlikkust ideid luua ja neid ellu viia, kasutades omandatud teadmisi ja oskusi erinevates elu- ja tegevusvaldkondades; n\u00e4ha probleeme&#8230;<\/p>\n","protected":false},"author":1,"featured_media":0,"parent":397,"menu_order":30,"comment_status":"closed","ping_status":"closed","template":"","meta":{"_acf_changed":false,"footnotes":""},"class_list":["post-784","page","type-page","status-publish","hentry"],"yoast_head":"<!-- This site is optimized with the Yoast SEO plugin v27.2 - https:\/\/yoast.com\/product\/yoast-seo-wordpress\/ -->\n<title>Olen ettev\u00f5tlik 2011 - Peetri P\u00f5hikool<\/title>\n<meta name=\"robots\" content=\"index, follow, max-snippet:-1, max-image-preview:large, max-video-preview:-1\" \/>\n<link rel=\"canonical\" href=\"https:\/\/www.peetri.edu.ee\/pohikool\/meie-kool\/projektid\/olen-ettevotlik-2011\/\" \/>\n<meta property=\"og:locale\" content=\"et_EE\" \/>\n<meta property=\"og:type\" content=\"article\" \/>\n<meta property=\"og:title\" content=\"Olen ettev\u00f5tlik 2011 - Peetri P\u00f5hikool\" \/>\n<meta property=\"og:description\" content=\"Ettev\u00f5tlikkusp\u00e4edevus t\u00e4hendab suutlikkust ideid luua ja neid ellu viia, kasutades omandatud teadmisi ja oskusi erinevates elu- ja tegevusvaldkondades; n\u00e4ha probleeme...\" \/>\n<meta property=\"og:url\" content=\"https:\/\/www.peetri.edu.ee\/pohikool\/meie-kool\/projektid\/olen-ettevotlik-2011\/\" \/>\n<meta property=\"og:site_name\" content=\"Peetri P\u00f5hikool\" \/>\n<meta name=\"twitter:card\" content=\"summary_large_image\" \/>\n<meta name=\"twitter:label1\" content=\"Est. reading time\" \/>\n\t<meta name=\"twitter:data1\" content=\"1 minut\" \/>\n<script type=\"application\/ld+json\" class=\"yoast-schema-graph\">{\"@context\":\"https:\/\/schema.org\",\"@graph\":[{\"@type\":\"WebPage\",\"@id\":\"https:\/\/www.peetri.edu.ee\/pohikool\/meie-kool\/projektid\/olen-ettevotlik-2011\/\",\"url\":\"https:\/\/www.peetri.edu.ee\/pohikool\/meie-kool\/projektid\/olen-ettevotlik-2011\/\",\"name\":\"Olen ettev\u00f5tlik 2011 - Peetri P\u00f5hikool\",\"isPartOf\":{\"@id\":\"https:\/\/www.peetri.edu.ee\/pohikool\/#website\"},\"datePublished\":\"2017-08-14T15:01:27+00:00\",\"breadcrumb\":{\"@id\":\"https:\/\/www.peetri.edu.ee\/pohikool\/meie-kool\/projektid\/olen-ettevotlik-2011\/#breadcrumb\"},\"inLanguage\":\"et\",\"potentialAction\":[{\"@type\":\"ReadAction\",\"target\":[\"https:\/\/www.peetri.edu.ee\/pohikool\/meie-kool\/projektid\/olen-ettevotlik-2011\/\"]}]},{\"@type\":\"BreadcrumbList\",\"@id\":\"https:\/\/www.peetri.edu.ee\/pohikool\/meie-kool\/projektid\/olen-ettevotlik-2011\/#breadcrumb\",\"itemListElement\":[{\"@type\":\"ListItem\",\"position\":1,\"name\":\"Home\",\"item\":\"https:\/\/www.peetri.edu.ee\/pohikool\/\"},{\"@type\":\"ListItem\",\"position\":2,\"name\":\"Meie kool\",\"item\":\"https:\/\/www.peetri.edu.ee\/pohikool\/\"},{\"@type\":\"ListItem\",\"position\":3,\"name\":\"Projektid\",\"item\":\"https:\/\/www.peetri.edu.ee\/pohikool\/meie-kool\/projektid\/\"},{\"@type\":\"ListItem\",\"position\":4,\"name\":\"Olen ettev\u00f5tlik 2011\"}]},{\"@type\":\"WebSite\",\"@id\":\"https:\/\/www.peetri.edu.ee\/pohikool\/#website\",\"url\":\"https:\/\/www.peetri.edu.ee\/pohikool\/\",\"name\":\"Peetri P\u00f5hikool\",\"description\":\"Igas inimeses on p\u00e4ike, laskem tal s\u00e4rada\",\"potentialAction\":[{\"@type\":\"SearchAction\",\"target\":{\"@type\":\"EntryPoint\",\"urlTemplate\":\"https:\/\/www.peetri.edu.ee\/pohikool\/?s={search_term_string}\"},\"query-input\":{\"@type\":\"PropertyValueSpecification\",\"valueRequired\":true,\"valueName\":\"search_term_string\"}}],\"inLanguage\":\"et\"}]}<\/script>\n<!-- \/ Yoast SEO plugin. -->","yoast_head_json":{"title":"Olen ettev\u00f5tlik 2011 - Peetri P\u00f5hikool","robots":{"index":"index","follow":"follow","max-snippet":"max-snippet:-1","max-image-preview":"max-image-preview:large","max-video-preview":"max-video-preview:-1"},"canonical":"https:\/\/www.peetri.edu.ee\/pohikool\/meie-kool\/projektid\/olen-ettevotlik-2011\/","og_locale":"et_EE","og_type":"article","og_title":"Olen ettev\u00f5tlik 2011 - Peetri P\u00f5hikool","og_description":"Ettev\u00f5tlikkusp\u00e4edevus t\u00e4hendab suutlikkust ideid luua ja neid ellu viia, kasutades omandatud teadmisi ja oskusi erinevates elu- ja tegevusvaldkondades; n\u00e4ha probleeme...","og_url":"https:\/\/www.peetri.edu.ee\/pohikool\/meie-kool\/projektid\/olen-ettevotlik-2011\/","og_site_name":"Peetri P\u00f5hikool","twitter_card":"summary_large_image","twitter_misc":{"Est. reading time":"1 minut"},"schema":{"@context":"https:\/\/schema.org","@graph":[{"@type":"WebPage","@id":"https:\/\/www.peetri.edu.ee\/pohikool\/meie-kool\/projektid\/olen-ettevotlik-2011\/","url":"https:\/\/www.peetri.edu.ee\/pohikool\/meie-kool\/projektid\/olen-ettevotlik-2011\/","name":"Olen ettev\u00f5tlik 2011 - Peetri P\u00f5hikool","isPartOf":{"@id":"https:\/\/www.peetri.edu.ee\/pohikool\/#website"},"datePublished":"2017-08-14T15:01:27+00:00","breadcrumb":{"@id":"https:\/\/www.peetri.edu.ee\/pohikool\/meie-kool\/projektid\/olen-ettevotlik-2011\/#breadcrumb"},"inLanguage":"et","potentialAction":[{"@type":"ReadAction","target":["https:\/\/www.peetri.edu.ee\/pohikool\/meie-kool\/projektid\/olen-ettevotlik-2011\/"]}]},{"@type":"BreadcrumbList","@id":"https:\/\/www.peetri.edu.ee\/pohikool\/meie-kool\/projektid\/olen-ettevotlik-2011\/#breadcrumb","itemListElement":[{"@type":"ListItem","position":1,"name":"Home","item":"https:\/\/www.peetri.edu.ee\/pohikool\/"},{"@type":"ListItem","position":2,"name":"Meie kool","item":"https:\/\/www.peetri.edu.ee\/pohikool\/"},{"@type":"ListItem","position":3,"name":"Projektid","item":"https:\/\/www.peetri.edu.ee\/pohikool\/meie-kool\/projektid\/"},{"@type":"ListItem","position":4,"name":"Olen ettev\u00f5tlik 2011"}]},{"@type":"WebSite","@id":"https:\/\/www.peetri.edu.ee\/pohikool\/#website","url":"https:\/\/www.peetri.edu.ee\/pohikool\/","name":"Peetri P\u00f5hikool","description":"Igas inimeses on p\u00e4ike, laskem tal s\u00e4rada","potentialAction":[{"@type":"SearchAction","target":{"@type":"EntryPoint","urlTemplate":"https:\/\/www.peetri.edu.ee\/pohikool\/?s={search_term_string}"},"query-input":{"@type":"PropertyValueSpecification","valueRequired":true,"valueName":"search_term_string"}}],"inLanguage":"et"}]}},"acf":[],"_links":{"self":[{"href":"https:\/\/www.peetri.edu.ee\/pohikool\/wp-json\/wp\/v2\/pages\/784","targetHints":{"allow":["GET"]}}],"collection":[{"href":"https:\/\/www.peetri.edu.ee\/pohikool\/wp-json\/wp\/v2\/pages"}],"about":[{"href":"https:\/\/www.peetri.edu.ee\/pohikool\/wp-json\/wp\/v2\/types\/page"}],"author":[{"embeddable":true,"href":"https:\/\/www.peetri.edu.ee\/pohikool\/wp-json\/wp\/v2\/users\/1"}],"replies":[{"embeddable":true,"href":"https:\/\/www.peetri.edu.ee\/pohikool\/wp-json\/wp\/v2\/comments?post=784"}],"version-history":[{"count":1,"href":"https:\/\/www.peetri.edu.ee\/pohikool\/wp-json\/wp\/v2\/pages\/784\/revisions"}],"predecessor-version":[{"id":785,"href":"https:\/\/www.peetri.edu.ee\/pohikool\/wp-json\/wp\/v2\/pages\/784\/revisions\/785"}],"up":[{"embeddable":true,"href":"https:\/\/www.peetri.edu.ee\/pohikool\/wp-json\/wp\/v2\/pages\/397"}],"wp:attachment":[{"href":"https:\/\/www.peetri.edu.ee\/pohikool\/wp-json\/wp\/v2\/media?parent=784"}],"curies":[{"name":"wp","href":"https:\/\/api.w.org\/{rel}","templated":true}]}}