{"id":7801,"date":"2023-08-30T17:47:26","date_gmt":"2023-08-30T14:47:26","guid":{"rendered":"https:\/\/www.peetri.edu.ee\/pohikool\/?page_id=7801"},"modified":"2024-04-20T20:19:42","modified_gmt":"2024-04-20T17:19:42","slug":"toovarjutamine-hispaanias","status":"publish","type":"page","link":"https:\/\/www.peetri.edu.ee\/pohikool\/erasmus-opiranded\/2022-2024-projekt\/toovarjutamine-hispaanias\/","title":{"rendered":"T\u00f6\u00f6varjutamine Hispaanias\u00a0"},"content":{"rendered":"<p class=\"wsite-content-title\"><span style=\"font-size: medium\">26.12-02.12 oli<\/span>\u00a0Peetri lasteaia \u00f5petaja\u00a0 ja kooli inglise keele\u00a0 \u00f5petaja\u00a0 Gran Canarial,\u00a0 <strong>Ingeniose koolis\u00a0CEIP Profesor Carlos Socas Mu\u00f1oz, Ingenio t\u00f6\u00f6varjuks.<\/strong><\/p>\n<p>See oli palju v\u00e4iksem kool kui Peetri kool, lasteaed ja kool asusid samas majas ja tunnid toimusid kell 08:30-13:30. Kellahelina asemel m\u00e4ngis \u00fcmberringi muusika, mis andis lastele m\u00e4rku, et nad v\u00f5ivad klassi siseneda, et \u00f5ppet\u00f6\u00f6ga tegeleda.\u00a0 Klassi said nad siseneda alles siis, kui muusika algas.<\/p>\n<p>Lapsed olid \u00fclimalt toredad ja k\u00f5ik olid oma pisikest kooli esitledes oma osa inglise keeles selgeks \u00f5ppinud. Oli v\u00f5imalus viibida erinevates klassiruumides, nende v\u00e4lij\u00f5usaalis, lasteaia klassiruumides, \u00f5petajatetoas, koosolekuruumis. Kooli koridorides oli palju k\u00e4sit\u00f6\u00f6d,\u00a0 teadusprojekte, kunstiprojekte ja seal olid ka m\u00f5ned Eesti lipud.<\/p>\n<p>V\u00f5imalik oli viibida erinevates ainetundides ja lasteaiatundides. Osalejad n\u00e4gid\u00a0 tundide, kus kasutati palju rollim\u00e4nge, rekvisiite, m\u00e4lukaarte, kehakeelt ja arutelusid. Toimus inglise keele integreerimine teiste \u00f5ppeainetega ning tundides kasutati palju digivahendeid.<\/p>\n<p><a href=\"https:\/\/www.peetri.edu.ee\/pohikool\/wp-content\/uploads\/sites\/3\/2023\/08\/img-20231127-090529_orig.jpg\"><img loading=\"lazy\" decoding=\"async\" class=\"alignnone size-medium wp-image-8505\" src=\"https:\/\/www.peetri.edu.ee\/pohikool\/wp-content\/uploads\/sites\/3\/2023\/08\/img-20231127-090529_orig-225x300.jpg\" alt=\"\" width=\"225\" height=\"300\" \/><\/a> <a href=\"https:\/\/www.peetri.edu.ee\/pohikool\/wp-content\/uploads\/sites\/3\/2023\/08\/img-20231128-110830_orig.jpg\"><img loading=\"lazy\" decoding=\"async\" class=\"alignnone size-medium wp-image-8506\" src=\"https:\/\/www.peetri.edu.ee\/pohikool\/wp-content\/uploads\/sites\/3\/2023\/08\/img-20231128-110830_orig-225x300.jpg\" alt=\"\" width=\"225\" height=\"300\" \/><\/a> <a href=\"https:\/\/www.peetri.edu.ee\/pohikool\/wp-content\/uploads\/sites\/3\/2023\/08\/img-20231127-090351_orig.jpg\"><img loading=\"lazy\" decoding=\"async\" class=\"alignnone size-medium wp-image-8507\" src=\"https:\/\/www.peetri.edu.ee\/pohikool\/wp-content\/uploads\/sites\/3\/2023\/08\/img-20231127-090351_orig-225x300.jpg\" alt=\"\" width=\"225\" height=\"300\" \/><\/a> <a href=\"https:\/\/www.peetri.edu.ee\/pohikool\/wp-content\/uploads\/sites\/3\/2023\/08\/img-20231127-085901.jpg\"><img loading=\"lazy\" decoding=\"async\" class=\"alignnone size-medium wp-image-8508\" src=\"https:\/\/www.peetri.edu.ee\/pohikool\/wp-content\/uploads\/sites\/3\/2023\/08\/img-20231127-085901-225x300.jpg\" alt=\"\" width=\"225\" height=\"300\" \/><\/a><\/p>\n<h2 class=\"wsite-content-title\"><\/h2>\n<p>Rohekm infot:\u00a0<a href=\"http:\/\/profareng.weebly.com\/toumloumlvarjutamine-hispaanias.html\">http:\/\/profareng.weebly.com\/toumloumlvarjutamine-hispaanias.html<\/a><\/p>\n","protected":false},"excerpt":{"rendered":"<p>26.12-02.12 oli\u00a0Peetri lasteaia \u00f5petaja\u00a0 ja kooli inglise keele\u00a0 \u00f5petaja\u00a0 Gran Canarial,\u00a0 Ingeniose koolis\u00a0CEIP Profesor Carlos Socas Mu\u00f1oz, Ingenio t\u00f6\u00f6varjuks. See&#8230;<\/p>\n","protected":false},"author":14,"featured_media":0,"parent":7777,"menu_order":70,"comment_status":"closed","ping_status":"closed","template":"","meta":{"_acf_changed":false,"footnotes":""},"class_list":["post-7801","page","type-page","status-publish","hentry"],"yoast_head":"<!-- This site is optimized with the Yoast SEO plugin v27.2 - https:\/\/yoast.com\/product\/yoast-seo-wordpress\/ -->\n<title>T\u00f6\u00f6varjutamine Hispaanias\u00a0 - Peetri P\u00f5hikool<\/title>\n<meta name=\"robots\" content=\"index, follow, max-snippet:-1, max-image-preview:large, max-video-preview:-1\" \/>\n<link rel=\"canonical\" href=\"https:\/\/www.peetri.edu.ee\/pohikool\/erasmus-opiranded\/2022-2024-projekt\/toovarjutamine-hispaanias\/\" \/>\n<meta property=\"og:locale\" content=\"et_EE\" \/>\n<meta property=\"og:type\" content=\"article\" \/>\n<meta property=\"og:title\" content=\"T\u00f6\u00f6varjutamine Hispaanias\u00a0 - Peetri P\u00f5hikool\" \/>\n<meta property=\"og:description\" content=\"26.12-02.12 oli\u00a0Peetri lasteaia \u00f5petaja\u00a0 ja kooli inglise keele\u00a0 \u00f5petaja\u00a0 Gran Canarial,\u00a0 Ingeniose koolis\u00a0CEIP Profesor Carlos Socas Mu\u00f1oz, Ingenio t\u00f6\u00f6varjuks. See...\" \/>\n<meta property=\"og:url\" content=\"https:\/\/www.peetri.edu.ee\/pohikool\/erasmus-opiranded\/2022-2024-projekt\/toovarjutamine-hispaanias\/\" \/>\n<meta property=\"og:site_name\" content=\"Peetri P\u00f5hikool\" \/>\n<meta property=\"article:modified_time\" content=\"2024-04-20T17:19:42+00:00\" \/>\n<meta property=\"og:image\" content=\"https:\/\/www.peetri.edu.ee\/pohikool\/wp-content\/uploads\/sites\/3\/2023\/08\/img-20231127-090529_orig-225x300.jpg\" \/>\n<meta name=\"twitter:card\" content=\"summary_large_image\" \/>\n<meta name=\"twitter:label1\" content=\"Est. reading time\" \/>\n\t<meta name=\"twitter:data1\" content=\"1 minut\" \/>\n<script type=\"application\/ld+json\" class=\"yoast-schema-graph\">{\"@context\":\"https:\/\/schema.org\",\"@graph\":[{\"@type\":\"WebPage\",\"@id\":\"https:\/\/www.peetri.edu.ee\/pohikool\/erasmus-opiranded\/2022-2024-projekt\/toovarjutamine-hispaanias\/\",\"url\":\"https:\/\/www.peetri.edu.ee\/pohikool\/erasmus-opiranded\/2022-2024-projekt\/toovarjutamine-hispaanias\/\",\"name\":\"T\u00f6\u00f6varjutamine Hispaanias\u00a0 - Peetri P\u00f5hikool\",\"isPartOf\":{\"@id\":\"https:\/\/www.peetri.edu.ee\/pohikool\/#website\"},\"primaryImageOfPage\":{\"@id\":\"https:\/\/www.peetri.edu.ee\/pohikool\/erasmus-opiranded\/2022-2024-projekt\/toovarjutamine-hispaanias\/#primaryimage\"},\"image\":{\"@id\":\"https:\/\/www.peetri.edu.ee\/pohikool\/erasmus-opiranded\/2022-2024-projekt\/toovarjutamine-hispaanias\/#primaryimage\"},\"thumbnailUrl\":\"https:\/\/www.peetri.edu.ee\/pohikool\/wp-content\/uploads\/sites\/3\/2023\/08\/img-20231127-090529_orig-225x300.jpg\",\"datePublished\":\"2023-08-30T14:47:26+00:00\",\"dateModified\":\"2024-04-20T17:19:42+00:00\",\"breadcrumb\":{\"@id\":\"https:\/\/www.peetri.edu.ee\/pohikool\/erasmus-opiranded\/2022-2024-projekt\/toovarjutamine-hispaanias\/#breadcrumb\"},\"inLanguage\":\"et\",\"potentialAction\":[{\"@type\":\"ReadAction\",\"target\":[\"https:\/\/www.peetri.edu.ee\/pohikool\/erasmus-opiranded\/2022-2024-projekt\/toovarjutamine-hispaanias\/\"]}]},{\"@type\":\"ImageObject\",\"inLanguage\":\"et\",\"@id\":\"https:\/\/www.peetri.edu.ee\/pohikool\/erasmus-opiranded\/2022-2024-projekt\/toovarjutamine-hispaanias\/#primaryimage\",\"url\":\"https:\/\/www.peetri.edu.ee\/pohikool\/wp-content\/uploads\/sites\/3\/2023\/08\/img-20231127-090529_orig.jpg\",\"contentUrl\":\"https:\/\/www.peetri.edu.ee\/pohikool\/wp-content\/uploads\/sites\/3\/2023\/08\/img-20231127-090529_orig.jpg\",\"width\":600,\"height\":800},{\"@type\":\"BreadcrumbList\",\"@id\":\"https:\/\/www.peetri.edu.ee\/pohikool\/erasmus-opiranded\/2022-2024-projekt\/toovarjutamine-hispaanias\/#breadcrumb\",\"itemListElement\":[{\"@type\":\"ListItem\",\"position\":1,\"name\":\"Home\",\"item\":\"https:\/\/www.peetri.edu.ee\/pohikool\/\"},{\"@type\":\"ListItem\",\"position\":2,\"name\":\"Erasmus+ \u00f5pir\u00e4nded ja koost\u00f6\u00f6projektid\",\"item\":\"https:\/\/www.peetri.edu.ee\/pohikool\/erasmus-opiranded\/\"},{\"@type\":\"ListItem\",\"position\":3,\"name\":\"2022-2024 projekt\",\"item\":\"https:\/\/www.peetri.edu.ee\/pohikool\/erasmus-opiranded\/2022-2024-projekt\/\"},{\"@type\":\"ListItem\",\"position\":4,\"name\":\"T\u00f6\u00f6varjutamine Hispaanias\u00a0\"}]},{\"@type\":\"WebSite\",\"@id\":\"https:\/\/www.peetri.edu.ee\/pohikool\/#website\",\"url\":\"https:\/\/www.peetri.edu.ee\/pohikool\/\",\"name\":\"Peetri P\u00f5hikool\",\"description\":\"Igas inimeses on p\u00e4ike, laskem tal s\u00e4rada\",\"potentialAction\":[{\"@type\":\"SearchAction\",\"target\":{\"@type\":\"EntryPoint\",\"urlTemplate\":\"https:\/\/www.peetri.edu.ee\/pohikool\/?s={search_term_string}\"},\"query-input\":{\"@type\":\"PropertyValueSpecification\",\"valueRequired\":true,\"valueName\":\"search_term_string\"}}],\"inLanguage\":\"et\"}]}<\/script>\n<!-- \/ Yoast SEO plugin. -->","yoast_head_json":{"title":"T\u00f6\u00f6varjutamine Hispaanias\u00a0 - Peetri P\u00f5hikool","robots":{"index":"index","follow":"follow","max-snippet":"max-snippet:-1","max-image-preview":"max-image-preview:large","max-video-preview":"max-video-preview:-1"},"canonical":"https:\/\/www.peetri.edu.ee\/pohikool\/erasmus-opiranded\/2022-2024-projekt\/toovarjutamine-hispaanias\/","og_locale":"et_EE","og_type":"article","og_title":"T\u00f6\u00f6varjutamine Hispaanias\u00a0 - Peetri P\u00f5hikool","og_description":"26.12-02.12 oli\u00a0Peetri lasteaia \u00f5petaja\u00a0 ja kooli inglise keele\u00a0 \u00f5petaja\u00a0 Gran Canarial,\u00a0 Ingeniose koolis\u00a0CEIP Profesor Carlos Socas Mu\u00f1oz, Ingenio t\u00f6\u00f6varjuks. See...","og_url":"https:\/\/www.peetri.edu.ee\/pohikool\/erasmus-opiranded\/2022-2024-projekt\/toovarjutamine-hispaanias\/","og_site_name":"Peetri P\u00f5hikool","article_modified_time":"2024-04-20T17:19:42+00:00","og_image":[{"url":"https:\/\/www.peetri.edu.ee\/pohikool\/wp-content\/uploads\/sites\/3\/2023\/08\/img-20231127-090529_orig-225x300.jpg","type":"","width":"","height":""}],"twitter_card":"summary_large_image","twitter_misc":{"Est. reading time":"1 minut"},"schema":{"@context":"https:\/\/schema.org","@graph":[{"@type":"WebPage","@id":"https:\/\/www.peetri.edu.ee\/pohikool\/erasmus-opiranded\/2022-2024-projekt\/toovarjutamine-hispaanias\/","url":"https:\/\/www.peetri.edu.ee\/pohikool\/erasmus-opiranded\/2022-2024-projekt\/toovarjutamine-hispaanias\/","name":"T\u00f6\u00f6varjutamine Hispaanias\u00a0 - Peetri P\u00f5hikool","isPartOf":{"@id":"https:\/\/www.peetri.edu.ee\/pohikool\/#website"},"primaryImageOfPage":{"@id":"https:\/\/www.peetri.edu.ee\/pohikool\/erasmus-opiranded\/2022-2024-projekt\/toovarjutamine-hispaanias\/#primaryimage"},"image":{"@id":"https:\/\/www.peetri.edu.ee\/pohikool\/erasmus-opiranded\/2022-2024-projekt\/toovarjutamine-hispaanias\/#primaryimage"},"thumbnailUrl":"https:\/\/www.peetri.edu.ee\/pohikool\/wp-content\/uploads\/sites\/3\/2023\/08\/img-20231127-090529_orig-225x300.jpg","datePublished":"2023-08-30T14:47:26+00:00","dateModified":"2024-04-20T17:19:42+00:00","breadcrumb":{"@id":"https:\/\/www.peetri.edu.ee\/pohikool\/erasmus-opiranded\/2022-2024-projekt\/toovarjutamine-hispaanias\/#breadcrumb"},"inLanguage":"et","potentialAction":[{"@type":"ReadAction","target":["https:\/\/www.peetri.edu.ee\/pohikool\/erasmus-opiranded\/2022-2024-projekt\/toovarjutamine-hispaanias\/"]}]},{"@type":"ImageObject","inLanguage":"et","@id":"https:\/\/www.peetri.edu.ee\/pohikool\/erasmus-opiranded\/2022-2024-projekt\/toovarjutamine-hispaanias\/#primaryimage","url":"https:\/\/www.peetri.edu.ee\/pohikool\/wp-content\/uploads\/sites\/3\/2023\/08\/img-20231127-090529_orig.jpg","contentUrl":"https:\/\/www.peetri.edu.ee\/pohikool\/wp-content\/uploads\/sites\/3\/2023\/08\/img-20231127-090529_orig.jpg","width":600,"height":800},{"@type":"BreadcrumbList","@id":"https:\/\/www.peetri.edu.ee\/pohikool\/erasmus-opiranded\/2022-2024-projekt\/toovarjutamine-hispaanias\/#breadcrumb","itemListElement":[{"@type":"ListItem","position":1,"name":"Home","item":"https:\/\/www.peetri.edu.ee\/pohikool\/"},{"@type":"ListItem","position":2,"name":"Erasmus+ \u00f5pir\u00e4nded ja koost\u00f6\u00f6projektid","item":"https:\/\/www.peetri.edu.ee\/pohikool\/erasmus-opiranded\/"},{"@type":"ListItem","position":3,"name":"2022-2024 projekt","item":"https:\/\/www.peetri.edu.ee\/pohikool\/erasmus-opiranded\/2022-2024-projekt\/"},{"@type":"ListItem","position":4,"name":"T\u00f6\u00f6varjutamine Hispaanias\u00a0"}]},{"@type":"WebSite","@id":"https:\/\/www.peetri.edu.ee\/pohikool\/#website","url":"https:\/\/www.peetri.edu.ee\/pohikool\/","name":"Peetri P\u00f5hikool","description":"Igas inimeses on p\u00e4ike, laskem tal s\u00e4rada","potentialAction":[{"@type":"SearchAction","target":{"@type":"EntryPoint","urlTemplate":"https:\/\/www.peetri.edu.ee\/pohikool\/?s={search_term_string}"},"query-input":{"@type":"PropertyValueSpecification","valueRequired":true,"valueName":"search_term_string"}}],"inLanguage":"et"}]}},"acf":[],"_links":{"self":[{"href":"https:\/\/www.peetri.edu.ee\/pohikool\/wp-json\/wp\/v2\/pages\/7801","targetHints":{"allow":["GET"]}}],"collection":[{"href":"https:\/\/www.peetri.edu.ee\/pohikool\/wp-json\/wp\/v2\/pages"}],"about":[{"href":"https:\/\/www.peetri.edu.ee\/pohikool\/wp-json\/wp\/v2\/types\/page"}],"author":[{"embeddable":true,"href":"https:\/\/www.peetri.edu.ee\/pohikool\/wp-json\/wp\/v2\/users\/14"}],"replies":[{"embeddable":true,"href":"https:\/\/www.peetri.edu.ee\/pohikool\/wp-json\/wp\/v2\/comments?post=7801"}],"version-history":[{"count":3,"href":"https:\/\/www.peetri.edu.ee\/pohikool\/wp-json\/wp\/v2\/pages\/7801\/revisions"}],"predecessor-version":[{"id":8509,"href":"https:\/\/www.peetri.edu.ee\/pohikool\/wp-json\/wp\/v2\/pages\/7801\/revisions\/8509"}],"up":[{"embeddable":true,"href":"https:\/\/www.peetri.edu.ee\/pohikool\/wp-json\/wp\/v2\/pages\/7777"}],"wp:attachment":[{"href":"https:\/\/www.peetri.edu.ee\/pohikool\/wp-json\/wp\/v2\/media?parent=7801"}],"curies":[{"name":"wp","href":"https:\/\/api.w.org\/{rel}","templated":true}]}}