{"id":7797,"date":"2023-08-30T17:46:08","date_gmt":"2023-08-30T14:46:08","guid":{"rendered":"https:\/\/www.peetri.edu.ee\/pohikool\/?page_id=7797"},"modified":"2024-04-20T20:01:24","modified_gmt":"2024-04-20T17:01:24","slug":"innovative-teaching-methods-teachers-school-adult-education-staff-hispaania","status":"publish","type":"page","link":"https:\/\/www.peetri.edu.ee\/pohikool\/erasmus-opiranded\/2022-2024-projekt\/innovative-teaching-methods-teachers-school-adult-education-staff-hispaania\/","title":{"rendered":"Innovative teaching methods for teachers, school and adult education staff\u00a0(Hispaania)"},"content":{"rendered":"<p class=\"x_elementToProof\">23.09.23-01.10.23 toimus Tenerifel koolitus <strong>\u201eInnovative Teaching Methods for Teachers, School and Adult Education Staff\u201c<\/strong><\/p>\n<p>Koolitusel osalesid koolist Inga ja Meryt ning lasteaiast Lii.<\/p>\n<p>Koolitusel \u00f5petati innovatiivseid \u00f5ppemeetodeid \u00f5petajatele, sealhulgas projektip\u00f5hist \u00f5pet, mitteformaalset \u00f5pet, \u00f5ues\u00f5pet ning IKT vahendeid.<\/p>\n<p>Saime teada, mis vahe on projektil ja projektip\u00f5hisel \u00f5ppimisel. Kuidas tekitada \u00f5pilastes huvi \u00f5pitava teema vastu ning kuidas \u00f5pilane tunneks ennast rohkem kaasatud? Mismoodi l\u00e4bitud teemad paremini kinnistuksid?<\/p>\n<p>Koolitusel osales 16 inimest erinevatest riikidest nagu Eesti, Serbia, T\u0161ehhi, Ungari, Saksamaalt ja Arubalt. Oli p\u00f5hikooli ja kutsekooli \u00f5petajaid. Meie seas oli algklassi \u00f5petajaid, liikumise, inglise keele<i>,\u00a0<\/i>lasteaia \u00f5petajaid \u00a0ja isegi \u00fcks koolidirektor.<\/p>\n<p class=\"x_elementToProof\">\u00a0Kursusel osalejad proovisid erinevaid vahendeid, et v\u00e4lja selgitada, kuidas \u00f5pilasi paremini kaasata ja neid hinnata. See kursus aitas osalejatel \u00f5ppida, kuidas tuua rohkem kaasaegseid uuendusi oma \u00f5ppeprotsessi.<\/p>\n<p><a href=\"https:\/\/www.peetri.edu.ee\/pohikool\/wp-content\/uploads\/sites\/3\/2023\/08\/img-20230930-092927_orig.jpg\"><img loading=\"lazy\" decoding=\"async\" class=\"alignnone size-medium wp-image-8494\" src=\"https:\/\/www.peetri.edu.ee\/pohikool\/wp-content\/uploads\/sites\/3\/2023\/08\/img-20230930-092927_orig-300x225.jpg\" alt=\"\" width=\"300\" height=\"225\" \/><\/a> <a href=\"https:\/\/www.peetri.edu.ee\/pohikool\/wp-content\/uploads\/sites\/3\/2023\/08\/img-20230926-091007_orig.jpg\"><img loading=\"lazy\" decoding=\"async\" class=\"alignnone size-medium wp-image-8496\" src=\"https:\/\/www.peetri.edu.ee\/pohikool\/wp-content\/uploads\/sites\/3\/2023\/08\/img-20230926-091007_orig-300x225.jpg\" alt=\"\" width=\"300\" height=\"225\" \/><\/a><a href=\"https:\/\/www.peetri.edu.ee\/pohikool\/wp-content\/uploads\/sites\/3\/2023\/08\/img-20230930-094609_orig.jpg\"><img loading=\"lazy\" decoding=\"async\" class=\"alignnone size-medium wp-image-8495\" src=\"https:\/\/www.peetri.edu.ee\/pohikool\/wp-content\/uploads\/sites\/3\/2023\/08\/img-20230930-094609_orig-300x225.jpg\" alt=\"\" width=\"300\" height=\"225\" \/><\/a><\/p>\n<p>Rohkem infot:\u00a0<a href=\"http:\/\/profareng.weebly.com\/innovative-teaching-methods-for-teachers-school-and-adult-education-staff---hispaania.html\">http:\/\/profareng.weebly.com\/innovative-teaching-methods-for-teachers-school-and-adult-education-staff&#8212;hispaania.html<\/a><\/p>\n","protected":false},"excerpt":{"rendered":"<p>23.09.23-01.10.23 toimus Tenerifel koolitus \u201eInnovative Teaching Methods for Teachers, School and Adult Education Staff\u201c Koolitusel osalesid koolist Inga ja Meryt&#8230;<\/p>\n","protected":false},"author":14,"featured_media":0,"parent":7777,"menu_order":50,"comment_status":"closed","ping_status":"closed","template":"","meta":{"_acf_changed":false,"footnotes":""},"class_list":["post-7797","page","type-page","status-publish","hentry"],"yoast_head":"<!-- This site is optimized with the Yoast SEO plugin v27.2 - https:\/\/yoast.com\/product\/yoast-seo-wordpress\/ -->\n<title>Innovative teaching methods for teachers, school and adult education staff\u00a0(Hispaania) - Peetri P\u00f5hikool<\/title>\n<meta name=\"robots\" content=\"index, follow, max-snippet:-1, max-image-preview:large, max-video-preview:-1\" \/>\n<link rel=\"canonical\" href=\"https:\/\/www.peetri.edu.ee\/pohikool\/erasmus-opiranded\/2022-2024-projekt\/innovative-teaching-methods-teachers-school-adult-education-staff-hispaania\/\" \/>\n<meta property=\"og:locale\" content=\"et_EE\" \/>\n<meta property=\"og:type\" content=\"article\" \/>\n<meta property=\"og:title\" content=\"Innovative teaching methods for teachers, school and adult education staff\u00a0(Hispaania) - Peetri P\u00f5hikool\" \/>\n<meta property=\"og:description\" content=\"23.09.23-01.10.23 toimus Tenerifel koolitus \u201eInnovative Teaching Methods for Teachers, School and Adult Education Staff\u201c Koolitusel osalesid koolist Inga ja Meryt...\" \/>\n<meta property=\"og:url\" content=\"https:\/\/www.peetri.edu.ee\/pohikool\/erasmus-opiranded\/2022-2024-projekt\/innovative-teaching-methods-teachers-school-adult-education-staff-hispaania\/\" \/>\n<meta property=\"og:site_name\" content=\"Peetri P\u00f5hikool\" \/>\n<meta property=\"article:modified_time\" content=\"2024-04-20T17:01:24+00:00\" \/>\n<meta property=\"og:image\" content=\"https:\/\/www.peetri.edu.ee\/pohikool\/wp-content\/uploads\/sites\/3\/2023\/08\/img-20230930-092927_orig-300x225.jpg\" \/>\n<meta name=\"twitter:card\" content=\"summary_large_image\" \/>\n<meta name=\"twitter:label1\" content=\"Est. reading time\" \/>\n\t<meta name=\"twitter:data1\" content=\"1 minut\" \/>\n<script type=\"application\/ld+json\" class=\"yoast-schema-graph\">{\"@context\":\"https:\/\/schema.org\",\"@graph\":[{\"@type\":\"WebPage\",\"@id\":\"https:\/\/www.peetri.edu.ee\/pohikool\/erasmus-opiranded\/2022-2024-projekt\/innovative-teaching-methods-teachers-school-adult-education-staff-hispaania\/\",\"url\":\"https:\/\/www.peetri.edu.ee\/pohikool\/erasmus-opiranded\/2022-2024-projekt\/innovative-teaching-methods-teachers-school-adult-education-staff-hispaania\/\",\"name\":\"Innovative teaching methods for teachers, school and adult education staff\u00a0(Hispaania) - Peetri P\u00f5hikool\",\"isPartOf\":{\"@id\":\"https:\/\/www.peetri.edu.ee\/pohikool\/#website\"},\"primaryImageOfPage\":{\"@id\":\"https:\/\/www.peetri.edu.ee\/pohikool\/erasmus-opiranded\/2022-2024-projekt\/innovative-teaching-methods-teachers-school-adult-education-staff-hispaania\/#primaryimage\"},\"image\":{\"@id\":\"https:\/\/www.peetri.edu.ee\/pohikool\/erasmus-opiranded\/2022-2024-projekt\/innovative-teaching-methods-teachers-school-adult-education-staff-hispaania\/#primaryimage\"},\"thumbnailUrl\":\"https:\/\/www.peetri.edu.ee\/pohikool\/wp-content\/uploads\/sites\/3\/2023\/08\/img-20230930-092927_orig-300x225.jpg\",\"datePublished\":\"2023-08-30T14:46:08+00:00\",\"dateModified\":\"2024-04-20T17:01:24+00:00\",\"breadcrumb\":{\"@id\":\"https:\/\/www.peetri.edu.ee\/pohikool\/erasmus-opiranded\/2022-2024-projekt\/innovative-teaching-methods-teachers-school-adult-education-staff-hispaania\/#breadcrumb\"},\"inLanguage\":\"et\",\"potentialAction\":[{\"@type\":\"ReadAction\",\"target\":[\"https:\/\/www.peetri.edu.ee\/pohikool\/erasmus-opiranded\/2022-2024-projekt\/innovative-teaching-methods-teachers-school-adult-education-staff-hispaania\/\"]}]},{\"@type\":\"ImageObject\",\"inLanguage\":\"et\",\"@id\":\"https:\/\/www.peetri.edu.ee\/pohikool\/erasmus-opiranded\/2022-2024-projekt\/innovative-teaching-methods-teachers-school-adult-education-staff-hispaania\/#primaryimage\",\"url\":\"https:\/\/www.peetri.edu.ee\/pohikool\/wp-content\/uploads\/sites\/3\/2023\/08\/img-20230930-092927_orig.jpg\",\"contentUrl\":\"https:\/\/www.peetri.edu.ee\/pohikool\/wp-content\/uploads\/sites\/3\/2023\/08\/img-20230930-092927_orig.jpg\",\"width\":1067,\"height\":800},{\"@type\":\"BreadcrumbList\",\"@id\":\"https:\/\/www.peetri.edu.ee\/pohikool\/erasmus-opiranded\/2022-2024-projekt\/innovative-teaching-methods-teachers-school-adult-education-staff-hispaania\/#breadcrumb\",\"itemListElement\":[{\"@type\":\"ListItem\",\"position\":1,\"name\":\"Home\",\"item\":\"https:\/\/www.peetri.edu.ee\/pohikool\/\"},{\"@type\":\"ListItem\",\"position\":2,\"name\":\"Erasmus+ \u00f5pir\u00e4nded ja koost\u00f6\u00f6projektid\",\"item\":\"https:\/\/www.peetri.edu.ee\/pohikool\/erasmus-opiranded\/\"},{\"@type\":\"ListItem\",\"position\":3,\"name\":\"2022-2024 projekt\",\"item\":\"https:\/\/www.peetri.edu.ee\/pohikool\/erasmus-opiranded\/2022-2024-projekt\/\"},{\"@type\":\"ListItem\",\"position\":4,\"name\":\"Innovative teaching methods for teachers, school and adult education staff\u00a0(Hispaania)\"}]},{\"@type\":\"WebSite\",\"@id\":\"https:\/\/www.peetri.edu.ee\/pohikool\/#website\",\"url\":\"https:\/\/www.peetri.edu.ee\/pohikool\/\",\"name\":\"Peetri P\u00f5hikool\",\"description\":\"Igas inimeses on p\u00e4ike, laskem tal s\u00e4rada\",\"potentialAction\":[{\"@type\":\"SearchAction\",\"target\":{\"@type\":\"EntryPoint\",\"urlTemplate\":\"https:\/\/www.peetri.edu.ee\/pohikool\/?s={search_term_string}\"},\"query-input\":{\"@type\":\"PropertyValueSpecification\",\"valueRequired\":true,\"valueName\":\"search_term_string\"}}],\"inLanguage\":\"et\"}]}<\/script>\n<!-- \/ Yoast SEO plugin. -->","yoast_head_json":{"title":"Innovative teaching methods for teachers, school and adult education staff\u00a0(Hispaania) - Peetri P\u00f5hikool","robots":{"index":"index","follow":"follow","max-snippet":"max-snippet:-1","max-image-preview":"max-image-preview:large","max-video-preview":"max-video-preview:-1"},"canonical":"https:\/\/www.peetri.edu.ee\/pohikool\/erasmus-opiranded\/2022-2024-projekt\/innovative-teaching-methods-teachers-school-adult-education-staff-hispaania\/","og_locale":"et_EE","og_type":"article","og_title":"Innovative teaching methods for teachers, school and adult education staff\u00a0(Hispaania) - Peetri P\u00f5hikool","og_description":"23.09.23-01.10.23 toimus Tenerifel koolitus \u201eInnovative Teaching Methods for Teachers, School and Adult Education Staff\u201c Koolitusel osalesid koolist Inga ja Meryt...","og_url":"https:\/\/www.peetri.edu.ee\/pohikool\/erasmus-opiranded\/2022-2024-projekt\/innovative-teaching-methods-teachers-school-adult-education-staff-hispaania\/","og_site_name":"Peetri P\u00f5hikool","article_modified_time":"2024-04-20T17:01:24+00:00","og_image":[{"url":"https:\/\/www.peetri.edu.ee\/pohikool\/wp-content\/uploads\/sites\/3\/2023\/08\/img-20230930-092927_orig-300x225.jpg","type":"","width":"","height":""}],"twitter_card":"summary_large_image","twitter_misc":{"Est. reading time":"1 minut"},"schema":{"@context":"https:\/\/schema.org","@graph":[{"@type":"WebPage","@id":"https:\/\/www.peetri.edu.ee\/pohikool\/erasmus-opiranded\/2022-2024-projekt\/innovative-teaching-methods-teachers-school-adult-education-staff-hispaania\/","url":"https:\/\/www.peetri.edu.ee\/pohikool\/erasmus-opiranded\/2022-2024-projekt\/innovative-teaching-methods-teachers-school-adult-education-staff-hispaania\/","name":"Innovative teaching methods for teachers, school and adult education staff\u00a0(Hispaania) - Peetri P\u00f5hikool","isPartOf":{"@id":"https:\/\/www.peetri.edu.ee\/pohikool\/#website"},"primaryImageOfPage":{"@id":"https:\/\/www.peetri.edu.ee\/pohikool\/erasmus-opiranded\/2022-2024-projekt\/innovative-teaching-methods-teachers-school-adult-education-staff-hispaania\/#primaryimage"},"image":{"@id":"https:\/\/www.peetri.edu.ee\/pohikool\/erasmus-opiranded\/2022-2024-projekt\/innovative-teaching-methods-teachers-school-adult-education-staff-hispaania\/#primaryimage"},"thumbnailUrl":"https:\/\/www.peetri.edu.ee\/pohikool\/wp-content\/uploads\/sites\/3\/2023\/08\/img-20230930-092927_orig-300x225.jpg","datePublished":"2023-08-30T14:46:08+00:00","dateModified":"2024-04-20T17:01:24+00:00","breadcrumb":{"@id":"https:\/\/www.peetri.edu.ee\/pohikool\/erasmus-opiranded\/2022-2024-projekt\/innovative-teaching-methods-teachers-school-adult-education-staff-hispaania\/#breadcrumb"},"inLanguage":"et","potentialAction":[{"@type":"ReadAction","target":["https:\/\/www.peetri.edu.ee\/pohikool\/erasmus-opiranded\/2022-2024-projekt\/innovative-teaching-methods-teachers-school-adult-education-staff-hispaania\/"]}]},{"@type":"ImageObject","inLanguage":"et","@id":"https:\/\/www.peetri.edu.ee\/pohikool\/erasmus-opiranded\/2022-2024-projekt\/innovative-teaching-methods-teachers-school-adult-education-staff-hispaania\/#primaryimage","url":"https:\/\/www.peetri.edu.ee\/pohikool\/wp-content\/uploads\/sites\/3\/2023\/08\/img-20230930-092927_orig.jpg","contentUrl":"https:\/\/www.peetri.edu.ee\/pohikool\/wp-content\/uploads\/sites\/3\/2023\/08\/img-20230930-092927_orig.jpg","width":1067,"height":800},{"@type":"BreadcrumbList","@id":"https:\/\/www.peetri.edu.ee\/pohikool\/erasmus-opiranded\/2022-2024-projekt\/innovative-teaching-methods-teachers-school-adult-education-staff-hispaania\/#breadcrumb","itemListElement":[{"@type":"ListItem","position":1,"name":"Home","item":"https:\/\/www.peetri.edu.ee\/pohikool\/"},{"@type":"ListItem","position":2,"name":"Erasmus+ \u00f5pir\u00e4nded ja koost\u00f6\u00f6projektid","item":"https:\/\/www.peetri.edu.ee\/pohikool\/erasmus-opiranded\/"},{"@type":"ListItem","position":3,"name":"2022-2024 projekt","item":"https:\/\/www.peetri.edu.ee\/pohikool\/erasmus-opiranded\/2022-2024-projekt\/"},{"@type":"ListItem","position":4,"name":"Innovative teaching methods for teachers, school and adult education staff\u00a0(Hispaania)"}]},{"@type":"WebSite","@id":"https:\/\/www.peetri.edu.ee\/pohikool\/#website","url":"https:\/\/www.peetri.edu.ee\/pohikool\/","name":"Peetri P\u00f5hikool","description":"Igas inimeses on p\u00e4ike, laskem tal s\u00e4rada","potentialAction":[{"@type":"SearchAction","target":{"@type":"EntryPoint","urlTemplate":"https:\/\/www.peetri.edu.ee\/pohikool\/?s={search_term_string}"},"query-input":{"@type":"PropertyValueSpecification","valueRequired":true,"valueName":"search_term_string"}}],"inLanguage":"et"}]}},"acf":[],"_links":{"self":[{"href":"https:\/\/www.peetri.edu.ee\/pohikool\/wp-json\/wp\/v2\/pages\/7797","targetHints":{"allow":["GET"]}}],"collection":[{"href":"https:\/\/www.peetri.edu.ee\/pohikool\/wp-json\/wp\/v2\/pages"}],"about":[{"href":"https:\/\/www.peetri.edu.ee\/pohikool\/wp-json\/wp\/v2\/types\/page"}],"author":[{"embeddable":true,"href":"https:\/\/www.peetri.edu.ee\/pohikool\/wp-json\/wp\/v2\/users\/14"}],"replies":[{"embeddable":true,"href":"https:\/\/www.peetri.edu.ee\/pohikool\/wp-json\/wp\/v2\/comments?post=7797"}],"version-history":[{"count":3,"href":"https:\/\/www.peetri.edu.ee\/pohikool\/wp-json\/wp\/v2\/pages\/7797\/revisions"}],"predecessor-version":[{"id":8497,"href":"https:\/\/www.peetri.edu.ee\/pohikool\/wp-json\/wp\/v2\/pages\/7797\/revisions\/8497"}],"up":[{"embeddable":true,"href":"https:\/\/www.peetri.edu.ee\/pohikool\/wp-json\/wp\/v2\/pages\/7777"}],"wp:attachment":[{"href":"https:\/\/www.peetri.edu.ee\/pohikool\/wp-json\/wp\/v2\/media?parent=7797"}],"curies":[{"name":"wp","href":"https:\/\/api.w.org\/{rel}","templated":true}]}}