{"id":7790,"date":"2023-08-30T17:43:37","date_gmt":"2023-08-30T14:43:37","guid":{"rendered":"https:\/\/www.peetri.edu.ee\/pohikool\/?page_id=7790"},"modified":"2024-04-20T19:47:48","modified_gmt":"2024-04-20T16:47:48","slug":"smart-teachers-play-combine-academic-subjects-language-learning-play-movement-games-optimise-learning-experience-authentic-iceland-icelandic-course-providers-reykja","status":"publish","type":"page","link":"https:\/\/www.peetri.edu.ee\/pohikool\/erasmus-opiranded\/2022-2024-projekt\/smart-teachers-play-combine-academic-subjects-language-learning-play-movement-games-optimise-learning-experience-authentic-iceland-icelandic-course-providers-reykja\/","title":{"rendered":"Smart Teachers Play More!\u00a0Combine academic subjects and language learning with play and movement games to optimise learning. Experience authentic Iceland with Icelandic course providers in Reykjav\u00edk."},"content":{"rendered":"<h2><span style=\"color: #333399\"><strong>Rohkem m\u00e4ngida!<\/strong><\/span><\/h2>\n<p>6.august-12.august 2023 olid Peetri kooli \u00f5ppejuht Marelle Lepik ja liikumis\u00f5petaja Meelis Stamm ning lasteaia \u00f5petaja Tuuli Haljaste ja \u00f5ppejuht Riina Rosar Islandil Erasmus+ programm raames osalemas koolitusel &#8220;Smart Teachers Play More&#8221;. Koolitus keskendus m\u00e4ngude kaudu \u00f5ppimisele, kehalisele aktiivsusele ja keskendumisele. K\u00f5ik \u00f5ppem\u00e4ngud olid lihtsad, kuid samas kohandatavad erinevatele vanuseastmetele nii koolis kui lasteaias.<\/p>\n<p>Koolitus sisaldas erinevaid m\u00e4nge nii toas kui \u00f5ues:<\/p>\n<p>&#8211; meelem\u00e4ngud\/meelerahum\u00e4ngud (mindfulness) ja endaga tegelemine (hingamisharjutused, vaikuse minutid, f\u00fc\u00fcsiline ja vaimne tasakaal)<\/p>\n<p>&#8211; meeskonnam\u00e4ngudes sai t\u00e4helepanu p\u00f6\u00f6rata kaaslaste toetamisele, abistamisele ja t\u00e4helepanelikkusele. Need m\u00e4ngud olid f\u00fc\u00fcsiliselt h\u00e4sti liikuvad, pidime meeskondadena lahendama p\u00f5nevaid \u00fclesandeid erinevates \u201ejaamades\u201c (keskustes)<\/p>\n<p>&#8211; lugude r\u00e4\u00e4kimine ehk story-telling on sotsiaalne ja kultuuriline tegevus, mille k\u00e4igus jagatakse lugusid, m\u00f5nikord improvisatsiooni. Igal kultuuril on oma lood ja raamatud, mida kasutatakse lasteaiast kooli l\u00f5puni. Lugusid saab r\u00e4\u00e4kida v\u00e4ga erinevalt, l\u00e4bi liigutuste, l\u00e4bi piltide, l\u00e4bi s\u00f5nade.<\/p>\n<p>\u00dcks koolitusp\u00e4ev sisaldas haridusasutuse k\u00fclastust. Me k\u00e4isime vaatamas Helgafellsskoli lasteaed \u2013 p\u00f5hikooli. Asutus oli \u00fcsna uus ja avarate ruumidega nii koolis kui lasteaias. Lapsed on lasteaias kuni 5 eluaastani, r\u00fchmades on laste arv suurem kui meil Eestis, aga t\u00e4iskasvanuid on rohkem. Koolis on \u00f5pilasi klassis 22 ja \u00fchel klassil on kasutada v\u00e4hemalt kaks klassiruumi, et t\u00f6\u00f6d \u00f5pilastega diferentseerida. Koolivaheaegasid on rohkem, aga \u00f5pilased k\u00e4ivad koolis ka rohkem &#8211; \u00f5ppeaastas 180 p\u00e4eva. Eesti lapsed k\u00e4ivad koolis 175 \u00f5ppep\u00e4eva.<\/p>\n<p>Lisaks tihedatele koolitusp\u00e4evadele, v\u00f5imaldati meil tutvuda Islandi vaatamisv\u00e4\u00e4rsuste ja lummava loodusega. Koolitajad ja ekskursioonide juhid r\u00e4\u00e4kisid suure uhkuse ja austusega oma riigist, loodusest, kommetest. Keset laavav\u00e4ljasid k\u00fclastasime hiigelbasseini ehk sinist laguuni (Blue Lagoon), mis on t\u00e4idetud geotermilise mereveega. Musta liivaga rand ja v\u00f5imsad ookeanilained Reynisfjara rannas. Meil oli ka v\u00f5imalus k\u00e4ia vaatamas Islandi \u00fchte kuulsamat geisrit Strokkur, mis purskab iga 6-10 minutit tagant. V\u00e4ga huvitav oli Reykjaviki linnaekskursioon giidiga \u2013 muide islandi inimesed usuvad truult haldjatesse ja p\u00e4kapikkudesse ja teistesse m\u00fcstilistesse tegelastesse.<\/p>\n<p>\u201cSmart Teachers Play More\u201d kursus Islandil andis meile kaasa suures koguses m\u00e4nge, millega mitmekesistada \u00f5ppetegevusi nii lasteaias kui koolis. Saareriigi loodus j\u00e4ttis meile s\u00fcgava mulje.<\/p>\n<p><a href=\"https:\/\/www.peetri.edu.ee\/pohikool\/wp-content\/uploads\/sites\/3\/2023\/08\/20230809-100643_orig.jpg\"><img loading=\"lazy\" decoding=\"async\" class=\"alignnone size-medium wp-image-8481\" src=\"https:\/\/www.peetri.edu.ee\/pohikool\/wp-content\/uploads\/sites\/3\/2023\/08\/20230809-100643_orig-300x225.jpg\" alt=\"\" width=\"300\" height=\"225\" \/><\/a> <a href=\"https:\/\/www.peetri.edu.ee\/pohikool\/wp-content\/uploads\/sites\/3\/2023\/08\/20230809-095336_orig.jpg\"><img loading=\"lazy\" decoding=\"async\" class=\"alignnone size-medium wp-image-8482\" src=\"https:\/\/www.peetri.edu.ee\/pohikool\/wp-content\/uploads\/sites\/3\/2023\/08\/20230809-095336_orig-300x225.jpg\" alt=\"\" width=\"300\" height=\"225\" \/><\/a> <a href=\"https:\/\/www.peetri.edu.ee\/pohikool\/wp-content\/uploads\/sites\/3\/2023\/08\/20230810-121657_orig.jpg\"><img loading=\"lazy\" decoding=\"async\" class=\"alignnone size-medium wp-image-8483\" src=\"https:\/\/www.peetri.edu.ee\/pohikool\/wp-content\/uploads\/sites\/3\/2023\/08\/20230810-121657_orig-225x300.jpg\" alt=\"\" width=\"225\" height=\"300\" \/><\/a> <a href=\"https:\/\/www.peetri.edu.ee\/pohikool\/wp-content\/uploads\/sites\/3\/2023\/08\/img-20230811-wa0059_orig.jpg\"><img loading=\"lazy\" decoding=\"async\" class=\"alignnone size-medium wp-image-8484\" src=\"https:\/\/www.peetri.edu.ee\/pohikool\/wp-content\/uploads\/sites\/3\/2023\/08\/img-20230811-wa0059_orig-225x300.jpg\" alt=\"\" width=\"225\" height=\"300\" \/><\/a><\/p>\n","protected":false},"excerpt":{"rendered":"<p>Rohkem m\u00e4ngida! 6.august-12.august 2023 olid Peetri kooli \u00f5ppejuht Marelle Lepik ja liikumis\u00f5petaja Meelis Stamm ning lasteaia \u00f5petaja Tuuli Haljaste ja&#8230;<\/p>\n","protected":false},"author":14,"featured_media":0,"parent":7777,"menu_order":20,"comment_status":"closed","ping_status":"closed","template":"","meta":{"_acf_changed":false,"footnotes":""},"class_list":["post-7790","page","type-page","status-publish","hentry"],"yoast_head":"<!-- This site is optimized with the Yoast SEO plugin v27.2 - https:\/\/yoast.com\/product\/yoast-seo-wordpress\/ -->\n<title>Smart Teachers Play More!\u00a0Combine academic subjects and language learning with play and movement games to optimise learning. Experience authentic Iceland with Icelandic course providers in Reykjav\u00edk. - Peetri P\u00f5hikool<\/title>\n<meta name=\"robots\" content=\"index, follow, max-snippet:-1, max-image-preview:large, max-video-preview:-1\" \/>\n<link rel=\"canonical\" href=\"https:\/\/www.peetri.edu.ee\/pohikool\/erasmus-opiranded\/2022-2024-projekt\/smart-teachers-play-combine-academic-subjects-language-learning-play-movement-games-optimise-learning-experience-authentic-iceland-icelandic-course-providers-reykja\/\" \/>\n<meta property=\"og:locale\" content=\"et_EE\" \/>\n<meta property=\"og:type\" content=\"article\" \/>\n<meta property=\"og:title\" content=\"Smart Teachers Play More!\u00a0Combine academic subjects and language learning with play and movement games to optimise learning. Experience authentic Iceland with Icelandic course providers in Reykjav\u00edk. - Peetri P\u00f5hikool\" \/>\n<meta property=\"og:description\" content=\"Rohkem m\u00e4ngida! 6.august-12.august 2023 olid Peetri kooli \u00f5ppejuht Marelle Lepik ja liikumis\u00f5petaja Meelis Stamm ning lasteaia \u00f5petaja Tuuli Haljaste ja...\" \/>\n<meta property=\"og:url\" content=\"https:\/\/www.peetri.edu.ee\/pohikool\/erasmus-opiranded\/2022-2024-projekt\/smart-teachers-play-combine-academic-subjects-language-learning-play-movement-games-optimise-learning-experience-authentic-iceland-icelandic-course-providers-reykja\/\" \/>\n<meta property=\"og:site_name\" content=\"Peetri P\u00f5hikool\" \/>\n<meta property=\"article:modified_time\" content=\"2024-04-20T16:47:48+00:00\" \/>\n<meta property=\"og:image\" content=\"https:\/\/www.peetri.edu.ee\/pohikool\/wp-content\/uploads\/sites\/3\/2023\/08\/20230809-100643_orig-300x225.jpg\" \/>\n<meta name=\"twitter:card\" content=\"summary_large_image\" \/>\n<meta name=\"twitter:label1\" content=\"Est. reading time\" \/>\n\t<meta name=\"twitter:data1\" content=\"2 minutit\" \/>\n<script type=\"application\/ld+json\" class=\"yoast-schema-graph\">{\"@context\":\"https:\/\/schema.org\",\"@graph\":[{\"@type\":\"WebPage\",\"@id\":\"https:\/\/www.peetri.edu.ee\/pohikool\/erasmus-opiranded\/2022-2024-projekt\/smart-teachers-play-combine-academic-subjects-language-learning-play-movement-games-optimise-learning-experience-authentic-iceland-icelandic-course-providers-reykja\/\",\"url\":\"https:\/\/www.peetri.edu.ee\/pohikool\/erasmus-opiranded\/2022-2024-projekt\/smart-teachers-play-combine-academic-subjects-language-learning-play-movement-games-optimise-learning-experience-authentic-iceland-icelandic-course-providers-reykja\/\",\"name\":\"Smart Teachers Play More!\u00a0Combine academic subjects and language learning with play and movement games to optimise learning. Experience authentic Iceland with Icelandic course providers in Reykjav\u00edk. - Peetri P\u00f5hikool\",\"isPartOf\":{\"@id\":\"https:\/\/www.peetri.edu.ee\/pohikool\/#website\"},\"primaryImageOfPage\":{\"@id\":\"https:\/\/www.peetri.edu.ee\/pohikool\/erasmus-opiranded\/2022-2024-projekt\/smart-teachers-play-combine-academic-subjects-language-learning-play-movement-games-optimise-learning-experience-authentic-iceland-icelandic-course-providers-reykja\/#primaryimage\"},\"image\":{\"@id\":\"https:\/\/www.peetri.edu.ee\/pohikool\/erasmus-opiranded\/2022-2024-projekt\/smart-teachers-play-combine-academic-subjects-language-learning-play-movement-games-optimise-learning-experience-authentic-iceland-icelandic-course-providers-reykja\/#primaryimage\"},\"thumbnailUrl\":\"https:\/\/www.peetri.edu.ee\/pohikool\/wp-content\/uploads\/sites\/3\/2023\/08\/20230809-100643_orig-300x225.jpg\",\"datePublished\":\"2023-08-30T14:43:37+00:00\",\"dateModified\":\"2024-04-20T16:47:48+00:00\",\"breadcrumb\":{\"@id\":\"https:\/\/www.peetri.edu.ee\/pohikool\/erasmus-opiranded\/2022-2024-projekt\/smart-teachers-play-combine-academic-subjects-language-learning-play-movement-games-optimise-learning-experience-authentic-iceland-icelandic-course-providers-reykja\/#breadcrumb\"},\"inLanguage\":\"et\",\"potentialAction\":[{\"@type\":\"ReadAction\",\"target\":[\"https:\/\/www.peetri.edu.ee\/pohikool\/erasmus-opiranded\/2022-2024-projekt\/smart-teachers-play-combine-academic-subjects-language-learning-play-movement-games-optimise-learning-experience-authentic-iceland-icelandic-course-providers-reykja\/\"]}]},{\"@type\":\"ImageObject\",\"inLanguage\":\"et\",\"@id\":\"https:\/\/www.peetri.edu.ee\/pohikool\/erasmus-opiranded\/2022-2024-projekt\/smart-teachers-play-combine-academic-subjects-language-learning-play-movement-games-optimise-learning-experience-authentic-iceland-icelandic-course-providers-reykja\/#primaryimage\",\"url\":\"https:\/\/www.peetri.edu.ee\/pohikool\/wp-content\/uploads\/sites\/3\/2023\/08\/20230809-100643_orig.jpg\",\"contentUrl\":\"https:\/\/www.peetri.edu.ee\/pohikool\/wp-content\/uploads\/sites\/3\/2023\/08\/20230809-100643_orig.jpg\",\"width\":1067,\"height\":800},{\"@type\":\"BreadcrumbList\",\"@id\":\"https:\/\/www.peetri.edu.ee\/pohikool\/erasmus-opiranded\/2022-2024-projekt\/smart-teachers-play-combine-academic-subjects-language-learning-play-movement-games-optimise-learning-experience-authentic-iceland-icelandic-course-providers-reykja\/#breadcrumb\",\"itemListElement\":[{\"@type\":\"ListItem\",\"position\":1,\"name\":\"Home\",\"item\":\"https:\/\/www.peetri.edu.ee\/pohikool\/\"},{\"@type\":\"ListItem\",\"position\":2,\"name\":\"Erasmus+ \u00f5pir\u00e4nded ja koost\u00f6\u00f6projektid\",\"item\":\"https:\/\/www.peetri.edu.ee\/pohikool\/erasmus-opiranded\/\"},{\"@type\":\"ListItem\",\"position\":3,\"name\":\"2022-2024 projekt\",\"item\":\"https:\/\/www.peetri.edu.ee\/pohikool\/erasmus-opiranded\/2022-2024-projekt\/\"},{\"@type\":\"ListItem\",\"position\":4,\"name\":\"Smart Teachers Play More!\u00a0Combine academic subjects and language learning with play and movement games to optimise learning. Experience authentic Iceland with Icelandic course providers in Reykjav\u00edk.\"}]},{\"@type\":\"WebSite\",\"@id\":\"https:\/\/www.peetri.edu.ee\/pohikool\/#website\",\"url\":\"https:\/\/www.peetri.edu.ee\/pohikool\/\",\"name\":\"Peetri P\u00f5hikool\",\"description\":\"Igas inimeses on p\u00e4ike, laskem tal s\u00e4rada\",\"potentialAction\":[{\"@type\":\"SearchAction\",\"target\":{\"@type\":\"EntryPoint\",\"urlTemplate\":\"https:\/\/www.peetri.edu.ee\/pohikool\/?s={search_term_string}\"},\"query-input\":{\"@type\":\"PropertyValueSpecification\",\"valueRequired\":true,\"valueName\":\"search_term_string\"}}],\"inLanguage\":\"et\"}]}<\/script>\n<!-- \/ Yoast SEO plugin. -->","yoast_head_json":{"title":"Smart Teachers Play More!\u00a0Combine academic subjects and language learning with play and movement games to optimise learning. Experience authentic Iceland with Icelandic course providers in Reykjav\u00edk. - Peetri P\u00f5hikool","robots":{"index":"index","follow":"follow","max-snippet":"max-snippet:-1","max-image-preview":"max-image-preview:large","max-video-preview":"max-video-preview:-1"},"canonical":"https:\/\/www.peetri.edu.ee\/pohikool\/erasmus-opiranded\/2022-2024-projekt\/smart-teachers-play-combine-academic-subjects-language-learning-play-movement-games-optimise-learning-experience-authentic-iceland-icelandic-course-providers-reykja\/","og_locale":"et_EE","og_type":"article","og_title":"Smart Teachers Play More!\u00a0Combine academic subjects and language learning with play and movement games to optimise learning. Experience authentic Iceland with Icelandic course providers in Reykjav\u00edk. - Peetri P\u00f5hikool","og_description":"Rohkem m\u00e4ngida! 6.august-12.august 2023 olid Peetri kooli \u00f5ppejuht Marelle Lepik ja liikumis\u00f5petaja Meelis Stamm ning lasteaia \u00f5petaja Tuuli Haljaste ja...","og_url":"https:\/\/www.peetri.edu.ee\/pohikool\/erasmus-opiranded\/2022-2024-projekt\/smart-teachers-play-combine-academic-subjects-language-learning-play-movement-games-optimise-learning-experience-authentic-iceland-icelandic-course-providers-reykja\/","og_site_name":"Peetri P\u00f5hikool","article_modified_time":"2024-04-20T16:47:48+00:00","og_image":[{"url":"https:\/\/www.peetri.edu.ee\/pohikool\/wp-content\/uploads\/sites\/3\/2023\/08\/20230809-100643_orig-300x225.jpg","type":"","width":"","height":""}],"twitter_card":"summary_large_image","twitter_misc":{"Est. reading time":"2 minutit"},"schema":{"@context":"https:\/\/schema.org","@graph":[{"@type":"WebPage","@id":"https:\/\/www.peetri.edu.ee\/pohikool\/erasmus-opiranded\/2022-2024-projekt\/smart-teachers-play-combine-academic-subjects-language-learning-play-movement-games-optimise-learning-experience-authentic-iceland-icelandic-course-providers-reykja\/","url":"https:\/\/www.peetri.edu.ee\/pohikool\/erasmus-opiranded\/2022-2024-projekt\/smart-teachers-play-combine-academic-subjects-language-learning-play-movement-games-optimise-learning-experience-authentic-iceland-icelandic-course-providers-reykja\/","name":"Smart Teachers Play More!\u00a0Combine academic subjects and language learning with play and movement games to optimise learning. Experience authentic Iceland with Icelandic course providers in Reykjav\u00edk. - Peetri P\u00f5hikool","isPartOf":{"@id":"https:\/\/www.peetri.edu.ee\/pohikool\/#website"},"primaryImageOfPage":{"@id":"https:\/\/www.peetri.edu.ee\/pohikool\/erasmus-opiranded\/2022-2024-projekt\/smart-teachers-play-combine-academic-subjects-language-learning-play-movement-games-optimise-learning-experience-authentic-iceland-icelandic-course-providers-reykja\/#primaryimage"},"image":{"@id":"https:\/\/www.peetri.edu.ee\/pohikool\/erasmus-opiranded\/2022-2024-projekt\/smart-teachers-play-combine-academic-subjects-language-learning-play-movement-games-optimise-learning-experience-authentic-iceland-icelandic-course-providers-reykja\/#primaryimage"},"thumbnailUrl":"https:\/\/www.peetri.edu.ee\/pohikool\/wp-content\/uploads\/sites\/3\/2023\/08\/20230809-100643_orig-300x225.jpg","datePublished":"2023-08-30T14:43:37+00:00","dateModified":"2024-04-20T16:47:48+00:00","breadcrumb":{"@id":"https:\/\/www.peetri.edu.ee\/pohikool\/erasmus-opiranded\/2022-2024-projekt\/smart-teachers-play-combine-academic-subjects-language-learning-play-movement-games-optimise-learning-experience-authentic-iceland-icelandic-course-providers-reykja\/#breadcrumb"},"inLanguage":"et","potentialAction":[{"@type":"ReadAction","target":["https:\/\/www.peetri.edu.ee\/pohikool\/erasmus-opiranded\/2022-2024-projekt\/smart-teachers-play-combine-academic-subjects-language-learning-play-movement-games-optimise-learning-experience-authentic-iceland-icelandic-course-providers-reykja\/"]}]},{"@type":"ImageObject","inLanguage":"et","@id":"https:\/\/www.peetri.edu.ee\/pohikool\/erasmus-opiranded\/2022-2024-projekt\/smart-teachers-play-combine-academic-subjects-language-learning-play-movement-games-optimise-learning-experience-authentic-iceland-icelandic-course-providers-reykja\/#primaryimage","url":"https:\/\/www.peetri.edu.ee\/pohikool\/wp-content\/uploads\/sites\/3\/2023\/08\/20230809-100643_orig.jpg","contentUrl":"https:\/\/www.peetri.edu.ee\/pohikool\/wp-content\/uploads\/sites\/3\/2023\/08\/20230809-100643_orig.jpg","width":1067,"height":800},{"@type":"BreadcrumbList","@id":"https:\/\/www.peetri.edu.ee\/pohikool\/erasmus-opiranded\/2022-2024-projekt\/smart-teachers-play-combine-academic-subjects-language-learning-play-movement-games-optimise-learning-experience-authentic-iceland-icelandic-course-providers-reykja\/#breadcrumb","itemListElement":[{"@type":"ListItem","position":1,"name":"Home","item":"https:\/\/www.peetri.edu.ee\/pohikool\/"},{"@type":"ListItem","position":2,"name":"Erasmus+ \u00f5pir\u00e4nded ja koost\u00f6\u00f6projektid","item":"https:\/\/www.peetri.edu.ee\/pohikool\/erasmus-opiranded\/"},{"@type":"ListItem","position":3,"name":"2022-2024 projekt","item":"https:\/\/www.peetri.edu.ee\/pohikool\/erasmus-opiranded\/2022-2024-projekt\/"},{"@type":"ListItem","position":4,"name":"Smart Teachers Play More!\u00a0Combine academic subjects and language learning with play and movement games to optimise learning. Experience authentic Iceland with Icelandic course providers in Reykjav\u00edk."}]},{"@type":"WebSite","@id":"https:\/\/www.peetri.edu.ee\/pohikool\/#website","url":"https:\/\/www.peetri.edu.ee\/pohikool\/","name":"Peetri P\u00f5hikool","description":"Igas inimeses on p\u00e4ike, laskem tal s\u00e4rada","potentialAction":[{"@type":"SearchAction","target":{"@type":"EntryPoint","urlTemplate":"https:\/\/www.peetri.edu.ee\/pohikool\/?s={search_term_string}"},"query-input":{"@type":"PropertyValueSpecification","valueRequired":true,"valueName":"search_term_string"}}],"inLanguage":"et"}]}},"acf":[],"_links":{"self":[{"href":"https:\/\/www.peetri.edu.ee\/pohikool\/wp-json\/wp\/v2\/pages\/7790","targetHints":{"allow":["GET"]}}],"collection":[{"href":"https:\/\/www.peetri.edu.ee\/pohikool\/wp-json\/wp\/v2\/pages"}],"about":[{"href":"https:\/\/www.peetri.edu.ee\/pohikool\/wp-json\/wp\/v2\/types\/page"}],"author":[{"embeddable":true,"href":"https:\/\/www.peetri.edu.ee\/pohikool\/wp-json\/wp\/v2\/users\/14"}],"replies":[{"embeddable":true,"href":"https:\/\/www.peetri.edu.ee\/pohikool\/wp-json\/wp\/v2\/comments?post=7790"}],"version-history":[{"count":3,"href":"https:\/\/www.peetri.edu.ee\/pohikool\/wp-json\/wp\/v2\/pages\/7790\/revisions"}],"predecessor-version":[{"id":12325,"href":"https:\/\/www.peetri.edu.ee\/pohikool\/wp-json\/wp\/v2\/pages\/7790\/revisions\/12325"}],"up":[{"embeddable":true,"href":"https:\/\/www.peetri.edu.ee\/pohikool\/wp-json\/wp\/v2\/pages\/7777"}],"wp:attachment":[{"href":"https:\/\/www.peetri.edu.ee\/pohikool\/wp-json\/wp\/v2\/media?parent=7790"}],"curies":[{"name":"wp","href":"https:\/\/api.w.org\/{rel}","templated":true}]}}