{"id":7788,"date":"2023-08-30T17:42:48","date_gmt":"2023-08-30T14:42:48","guid":{"rendered":"https:\/\/www.peetri.edu.ee\/pohikool\/?page_id=7788"},"modified":"2024-04-20T20:52:13","modified_gmt":"2024-04-20T17:52:13","slug":"2-week-course-intensive-english-information-communication-technologies-ict","status":"publish","type":"page","link":"https:\/\/www.peetri.edu.ee\/pohikool\/erasmus-opiranded\/2022-2024-projekt\/2-week-course-intensive-english-information-communication-technologies-ict\/","title":{"rendered":"2 Week Course: Intensive English, and Information and Communication Technologies (ICT)\u00a0"},"content":{"rendered":"<div class=\"paragraph\">03.07.23 &#8211; 14.07.23 osalesid 2 \u00f5petajat Iirimaal kursusel <strong>&#8220;2 Week Course: Intensive English, and Information and Communication Technologies (ICT) &#8220;<\/strong><\/div>\n<div class=\"paragraph\">Kursus oli kombineeritud IKT oskuste ja inglise keeles suhtlemise harjutamiseks.<br \/>\nEsimesel n\u00e4dalal harjutati ja t\u00e4iendati oma inglise keele oskust inglise keele intensiivkursusel, mis on osaleja keeletasemele kohandatud. Teisel n\u00e4dalal toimus IKT-alane koolitus.<\/div>\n<hr \/>\n<div class=\"paragraph\"><u><strong>Kursuse struktuur<\/strong><\/u><br \/>\n1. n\u00e4dal: intensiivne inglise keel<br \/>\n25 tundi tundi koos\u00a0 teiste \u00f5petajatega. \u00d5petajaid valmistati ette aktiivseks osalemiseks j\u00e4rgmise n\u00e4dala koolitusel.<br \/>\n2. n\u00e4dal: info- ja kommunikatsioonitehnoloogia (IKT)<br \/>\nUusima \u00f5petamise ja \u00f5ppimise tarkvara, programmide ja rakendustega tutvumine ja nende kasutamine.<\/div>\n<div><\/div>\n<div>Kursusel arendati suhtluskeelt ja grammatilisi teadmisi ning \u00f5piti kasutama digitehnoloogiat. Keskenduti AI keskkondadele (Tehisintellekti t\u00f6\u00f6riistade kasutamisele) ja m\u00e4ngud loomisele kasutades keskkonda\u00a0genially ja AI abi. Tutvuti\u00a0virtuaalreaalsuse ja liitreaalsusega. Loodi liitreaalsuse \u00e4pi Halo AR abil \u00f5ppem\u00e4ng. Lisaks oli k\u00f5ikidel osalejatel v\u00f5imalik tutvuda Iiri kultuuriga: tutvustati pealinna Dublinit, iiri traditsioonilisi tantse ja\u00a0 ajalugu,<\/div>\n<div>K\u00f5ik osalejad tutvustasid oma riiki, kooli ja olemasolevaid projekte (sh Erasmus+ projekti)<\/div>\n<div><\/div>\n<div>Rohkem infot:\u00a0<a href=\"http:\/\/profareng.weebly.com\/intensive-english.html\">http:\/\/profareng.weebly.com\/intensive-english.html<\/a><\/div>\n<div><a href=\"http:\/\/profareng.weebly.com\/digital-game-based-learning-and-augmented-reality-for-schools.html\">http:\/\/profareng.weebly.com\/digital-game-based-learning-and-augmented-reality-for-schools.html<\/a><\/div>\n<div><\/div>\n<div><\/div>\n<h4>Inglise keele kursus<\/h4>\n<div><a href=\"https:\/\/www.peetri.edu.ee\/pohikool\/wp-content\/uploads\/sites\/3\/2023\/08\/a19f83a4-f04d-46cf-b7a6-c81709a737f3.jpg\"><img loading=\"lazy\" decoding=\"async\" class=\"alignnone wp-image-8511\" src=\"https:\/\/www.peetri.edu.ee\/pohikool\/wp-content\/uploads\/sites\/3\/2023\/08\/a19f83a4-f04d-46cf-b7a6-c81709a737f3-300x135.jpg\" alt=\"\" width=\"380\" height=\"171\" \/><\/a> \u00a0<a href=\"https:\/\/www.peetri.edu.ee\/pohikool\/wp-content\/uploads\/sites\/3\/2023\/08\/358167243-1030189871693906-8016659716214117433-n_orig.jpg\"><img loading=\"lazy\" decoding=\"async\" class=\"alignnone size-medium wp-image-8513\" src=\"https:\/\/www.peetri.edu.ee\/pohikool\/wp-content\/uploads\/sites\/3\/2023\/08\/358167243-1030189871693906-8016659716214117433-n_orig-300x169.jpg\" alt=\"\" width=\"300\" height=\"169\" \/><\/a><\/div>\n<div>\u00a0<a href=\"https:\/\/www.peetri.edu.ee\/pohikool\/wp-content\/uploads\/sites\/3\/2023\/08\/358337895-228588800064118-2004916469965451902-n.jpg\"><img loading=\"lazy\" decoding=\"async\" class=\"alignnone size-medium wp-image-8514\" src=\"https:\/\/www.peetri.edu.ee\/pohikool\/wp-content\/uploads\/sites\/3\/2023\/08\/358337895-228588800064118-2004916469965451902-n.jpg\" alt=\"\" width=\"296\" height=\"202\" \/><\/a><\/div>\n<div><a href=\"https:\/\/www.peetri.edu.ee\/pohikool\/wp-content\/uploads\/sites\/3\/2023\/08\/1e942ead-6705-4d18-8e19-c64c99b34437_orig.jpg\"><img loading=\"lazy\" decoding=\"async\" class=\"alignnone wp-image-8515\" src=\"https:\/\/www.peetri.edu.ee\/pohikool\/wp-content\/uploads\/sites\/3\/2023\/08\/1e942ead-6705-4d18-8e19-c64c99b34437_orig-300x226.jpg\" alt=\"\" width=\"426\" height=\"321\" \/><\/a><\/div>\n<div><\/div>\n<div><\/div>\n<h4>Traditsioonilised tantsud ja ajalugu<\/h4>\n<div><a href=\"https:\/\/www.peetri.edu.ee\/pohikool\/wp-content\/uploads\/sites\/3\/2023\/08\/358324303-788187422794604-8114184403208348095-n_orig.jpg\"><img loading=\"lazy\" decoding=\"async\" class=\"alignnone wp-image-8512\" src=\"https:\/\/www.peetri.edu.ee\/pohikool\/wp-content\/uploads\/sites\/3\/2023\/08\/358324303-788187422794604-8114184403208348095-n_orig-300x169.jpg\" alt=\"\" width=\"357\" height=\"201\" \/><\/a><\/div>\n<div><a href=\"https:\/\/www.peetri.edu.ee\/pohikool\/wp-content\/uploads\/sites\/3\/2023\/08\/356173688-6305991312829311-3104621640386421786-n.jpg\"><img loading=\"lazy\" decoding=\"async\" class=\"alignnone size-medium wp-image-8521\" src=\"https:\/\/www.peetri.edu.ee\/pohikool\/wp-content\/uploads\/sites\/3\/2023\/08\/356173688-6305991312829311-3104621640386421786-n-300x300.jpg\" alt=\"\" width=\"300\" height=\"300\" \/><\/a> <a href=\"https:\/\/www.peetri.edu.ee\/pohikool\/wp-content\/uploads\/sites\/3\/2023\/08\/356142805-646231890893314-859414858149278497-n_orig.jpg\"><img loading=\"lazy\" decoding=\"async\" class=\"alignnone size-medium wp-image-8522\" src=\"https:\/\/www.peetri.edu.ee\/pohikool\/wp-content\/uploads\/sites\/3\/2023\/08\/356142805-646231890893314-859414858149278497-n_orig-169x300.jpg\" alt=\"\" width=\"169\" height=\"300\" \/><\/a> <a href=\"https:\/\/www.peetri.edu.ee\/pohikool\/wp-content\/uploads\/sites\/3\/2023\/08\/359684355-657652542589896-5475927669490195955-n_orig.jpg\"><img loading=\"lazy\" decoding=\"async\" class=\"alignnone wp-image-8523\" src=\"https:\/\/www.peetri.edu.ee\/pohikool\/wp-content\/uploads\/sites\/3\/2023\/08\/359684355-657652542589896-5475927669490195955-n_orig-300x169.jpg\" alt=\"\" width=\"469\" height=\"264\" \/><\/a><\/div>\n<div><\/div>\n<div><\/div>\n<h4>IKT kursus &#8211;\u00a0Digital Game-Based Learning and Augmented Reality for Schools<\/h4>\n<div>\u00a0<a href=\"https:\/\/www.peetri.edu.ee\/pohikool\/wp-content\/uploads\/sites\/3\/2023\/08\/20230712-092724_orig.jpg\"><img loading=\"lazy\" decoding=\"async\" class=\"alignnone size-medium wp-image-8518\" src=\"https:\/\/www.peetri.edu.ee\/pohikool\/wp-content\/uploads\/sites\/3\/2023\/08\/20230712-092724_orig-300x169.jpg\" alt=\"\" width=\"300\" height=\"169\" \/><\/a> \u00a0<a href=\"https:\/\/www.peetri.edu.ee\/pohikool\/wp-content\/uploads\/sites\/3\/2023\/08\/20230711-115238_orig.jpg\"><img loading=\"lazy\" decoding=\"async\" class=\"alignnone size-medium wp-image-8520\" src=\"https:\/\/www.peetri.edu.ee\/pohikool\/wp-content\/uploads\/sites\/3\/2023\/08\/20230711-115238_orig-300x169.jpg\" alt=\"\" width=\"300\" height=\"169\" \/><\/a><\/div>\n<div><a href=\"https:\/\/www.peetri.edu.ee\/pohikool\/wp-content\/uploads\/sites\/3\/2023\/08\/20230711-105849_orig.jpg\"><img loading=\"lazy\" decoding=\"async\" class=\"alignnone size-medium wp-image-8519\" src=\"https:\/\/www.peetri.edu.ee\/pohikool\/wp-content\/uploads\/sites\/3\/2023\/08\/20230711-105849_orig-169x300.jpg\" alt=\"\" width=\"169\" height=\"300\" \/>\u00a0<\/a><a href=\"https:\/\/www.peetri.edu.ee\/pohikool\/wp-content\/uploads\/sites\/3\/2023\/08\/screenshot-20230714-094630-halo-ar.jpg\"><img loading=\"lazy\" decoding=\"async\" class=\"alignnone size-medium wp-image-8517\" src=\"https:\/\/www.peetri.edu.ee\/pohikool\/wp-content\/uploads\/sites\/3\/2023\/08\/screenshot-20230714-094630-halo-ar-142x300.jpg\" alt=\"\" width=\"142\" height=\"300\" \/><\/a><a href=\"https:\/\/www.peetri.edu.ee\/pohikool\/wp-content\/uploads\/sites\/3\/2023\/08\/8d15da65-500c-40b8-ae46-8ea799bc2c7e.jpg\">\u00a0 \u00a0\u00a0<img loading=\"lazy\" decoding=\"async\" class=\"alignnone size-medium wp-image-8516\" src=\"https:\/\/www.peetri.edu.ee\/pohikool\/wp-content\/uploads\/sites\/3\/2023\/08\/8d15da65-500c-40b8-ae46-8ea799bc2c7e-225x300.jpg\" alt=\"\" width=\"225\" height=\"300\" \/><\/a><\/div>\n<div><\/div>\n","protected":false},"excerpt":{"rendered":"<p>03.07.23 &#8211; 14.07.23 osalesid 2 \u00f5petajat Iirimaal kursusel &#8220;2 Week Course: Intensive English, and Information and Communication Technologies (ICT) &#8220;&#8230;<\/p>\n","protected":false},"author":14,"featured_media":0,"parent":7777,"menu_order":10,"comment_status":"closed","ping_status":"closed","template":"","meta":{"_acf_changed":false,"footnotes":""},"class_list":["post-7788","page","type-page","status-publish","hentry"],"yoast_head":"<!-- This site is optimized with the Yoast SEO plugin v27.2 - https:\/\/yoast.com\/product\/yoast-seo-wordpress\/ -->\n<title>2 Week Course: Intensive English, and Information and Communication Technologies (ICT)\u00a0 - Peetri P\u00f5hikool<\/title>\n<meta name=\"robots\" content=\"index, follow, max-snippet:-1, max-image-preview:large, max-video-preview:-1\" \/>\n<link rel=\"canonical\" href=\"https:\/\/www.peetri.edu.ee\/pohikool\/erasmus-opiranded\/2022-2024-projekt\/2-week-course-intensive-english-information-communication-technologies-ict\/\" \/>\n<meta property=\"og:locale\" content=\"et_EE\" \/>\n<meta property=\"og:type\" content=\"article\" \/>\n<meta property=\"og:title\" content=\"2 Week Course: Intensive English, and Information and Communication Technologies (ICT)\u00a0 - Peetri P\u00f5hikool\" \/>\n<meta property=\"og:description\" content=\"03.07.23 &#8211; 14.07.23 osalesid 2 \u00f5petajat Iirimaal kursusel &#8220;2 Week Course: Intensive English, and Information and Communication Technologies (ICT) &#8220;...\" \/>\n<meta property=\"og:url\" content=\"https:\/\/www.peetri.edu.ee\/pohikool\/erasmus-opiranded\/2022-2024-projekt\/2-week-course-intensive-english-information-communication-technologies-ict\/\" \/>\n<meta property=\"og:site_name\" content=\"Peetri P\u00f5hikool\" \/>\n<meta property=\"article:modified_time\" content=\"2024-04-20T17:52:13+00:00\" \/>\n<meta property=\"og:image\" content=\"https:\/\/www.peetri.edu.ee\/pohikool\/wp-content\/uploads\/sites\/3\/2023\/08\/a19f83a4-f04d-46cf-b7a6-c81709a737f3-300x135.jpg\" \/>\n<meta name=\"twitter:card\" content=\"summary_large_image\" \/>\n<meta name=\"twitter:label1\" content=\"Est. reading time\" \/>\n\t<meta name=\"twitter:data1\" content=\"1 minut\" \/>\n<script type=\"application\/ld+json\" class=\"yoast-schema-graph\">{\"@context\":\"https:\/\/schema.org\",\"@graph\":[{\"@type\":\"WebPage\",\"@id\":\"https:\/\/www.peetri.edu.ee\/pohikool\/erasmus-opiranded\/2022-2024-projekt\/2-week-course-intensive-english-information-communication-technologies-ict\/\",\"url\":\"https:\/\/www.peetri.edu.ee\/pohikool\/erasmus-opiranded\/2022-2024-projekt\/2-week-course-intensive-english-information-communication-technologies-ict\/\",\"name\":\"2 Week Course: Intensive English, and Information and Communication Technologies (ICT)\u00a0 - Peetri P\u00f5hikool\",\"isPartOf\":{\"@id\":\"https:\/\/www.peetri.edu.ee\/pohikool\/#website\"},\"primaryImageOfPage\":{\"@id\":\"https:\/\/www.peetri.edu.ee\/pohikool\/erasmus-opiranded\/2022-2024-projekt\/2-week-course-intensive-english-information-communication-technologies-ict\/#primaryimage\"},\"image\":{\"@id\":\"https:\/\/www.peetri.edu.ee\/pohikool\/erasmus-opiranded\/2022-2024-projekt\/2-week-course-intensive-english-information-communication-technologies-ict\/#primaryimage\"},\"thumbnailUrl\":\"https:\/\/www.peetri.edu.ee\/pohikool\/wp-content\/uploads\/sites\/3\/2023\/08\/a19f83a4-f04d-46cf-b7a6-c81709a737f3-300x135.jpg\",\"datePublished\":\"2023-08-30T14:42:48+00:00\",\"dateModified\":\"2024-04-20T17:52:13+00:00\",\"breadcrumb\":{\"@id\":\"https:\/\/www.peetri.edu.ee\/pohikool\/erasmus-opiranded\/2022-2024-projekt\/2-week-course-intensive-english-information-communication-technologies-ict\/#breadcrumb\"},\"inLanguage\":\"et\",\"potentialAction\":[{\"@type\":\"ReadAction\",\"target\":[\"https:\/\/www.peetri.edu.ee\/pohikool\/erasmus-opiranded\/2022-2024-projekt\/2-week-course-intensive-english-information-communication-technologies-ict\/\"]}]},{\"@type\":\"ImageObject\",\"inLanguage\":\"et\",\"@id\":\"https:\/\/www.peetri.edu.ee\/pohikool\/erasmus-opiranded\/2022-2024-projekt\/2-week-course-intensive-english-information-communication-technologies-ict\/#primaryimage\",\"url\":\"https:\/\/www.peetri.edu.ee\/pohikool\/wp-content\/uploads\/sites\/3\/2023\/08\/a19f83a4-f04d-46cf-b7a6-c81709a737f3.jpg\",\"contentUrl\":\"https:\/\/www.peetri.edu.ee\/pohikool\/wp-content\/uploads\/sites\/3\/2023\/08\/a19f83a4-f04d-46cf-b7a6-c81709a737f3.jpg\",\"width\":375,\"height\":169},{\"@type\":\"BreadcrumbList\",\"@id\":\"https:\/\/www.peetri.edu.ee\/pohikool\/erasmus-opiranded\/2022-2024-projekt\/2-week-course-intensive-english-information-communication-technologies-ict\/#breadcrumb\",\"itemListElement\":[{\"@type\":\"ListItem\",\"position\":1,\"name\":\"Home\",\"item\":\"https:\/\/www.peetri.edu.ee\/pohikool\/\"},{\"@type\":\"ListItem\",\"position\":2,\"name\":\"Erasmus+ \u00f5pir\u00e4nded ja koost\u00f6\u00f6projektid\",\"item\":\"https:\/\/www.peetri.edu.ee\/pohikool\/erasmus-opiranded\/\"},{\"@type\":\"ListItem\",\"position\":3,\"name\":\"2022-2024 projekt\",\"item\":\"https:\/\/www.peetri.edu.ee\/pohikool\/erasmus-opiranded\/2022-2024-projekt\/\"},{\"@type\":\"ListItem\",\"position\":4,\"name\":\"2 Week Course: Intensive English, and Information and Communication Technologies (ICT)\u00a0\"}]},{\"@type\":\"WebSite\",\"@id\":\"https:\/\/www.peetri.edu.ee\/pohikool\/#website\",\"url\":\"https:\/\/www.peetri.edu.ee\/pohikool\/\",\"name\":\"Peetri P\u00f5hikool\",\"description\":\"Igas inimeses on p\u00e4ike, laskem tal s\u00e4rada\",\"potentialAction\":[{\"@type\":\"SearchAction\",\"target\":{\"@type\":\"EntryPoint\",\"urlTemplate\":\"https:\/\/www.peetri.edu.ee\/pohikool\/?s={search_term_string}\"},\"query-input\":{\"@type\":\"PropertyValueSpecification\",\"valueRequired\":true,\"valueName\":\"search_term_string\"}}],\"inLanguage\":\"et\"}]}<\/script>\n<!-- \/ Yoast SEO plugin. -->","yoast_head_json":{"title":"2 Week Course: Intensive English, and Information and Communication Technologies (ICT)\u00a0 - Peetri P\u00f5hikool","robots":{"index":"index","follow":"follow","max-snippet":"max-snippet:-1","max-image-preview":"max-image-preview:large","max-video-preview":"max-video-preview:-1"},"canonical":"https:\/\/www.peetri.edu.ee\/pohikool\/erasmus-opiranded\/2022-2024-projekt\/2-week-course-intensive-english-information-communication-technologies-ict\/","og_locale":"et_EE","og_type":"article","og_title":"2 Week Course: Intensive English, and Information and Communication Technologies (ICT)\u00a0 - Peetri P\u00f5hikool","og_description":"03.07.23 &#8211; 14.07.23 osalesid 2 \u00f5petajat Iirimaal kursusel &#8220;2 Week Course: Intensive English, and Information and Communication Technologies (ICT) &#8220;...","og_url":"https:\/\/www.peetri.edu.ee\/pohikool\/erasmus-opiranded\/2022-2024-projekt\/2-week-course-intensive-english-information-communication-technologies-ict\/","og_site_name":"Peetri P\u00f5hikool","article_modified_time":"2024-04-20T17:52:13+00:00","og_image":[{"url":"https:\/\/www.peetri.edu.ee\/pohikool\/wp-content\/uploads\/sites\/3\/2023\/08\/a19f83a4-f04d-46cf-b7a6-c81709a737f3-300x135.jpg","type":"","width":"","height":""}],"twitter_card":"summary_large_image","twitter_misc":{"Est. reading time":"1 minut"},"schema":{"@context":"https:\/\/schema.org","@graph":[{"@type":"WebPage","@id":"https:\/\/www.peetri.edu.ee\/pohikool\/erasmus-opiranded\/2022-2024-projekt\/2-week-course-intensive-english-information-communication-technologies-ict\/","url":"https:\/\/www.peetri.edu.ee\/pohikool\/erasmus-opiranded\/2022-2024-projekt\/2-week-course-intensive-english-information-communication-technologies-ict\/","name":"2 Week Course: Intensive English, and Information and Communication Technologies (ICT)\u00a0 - Peetri P\u00f5hikool","isPartOf":{"@id":"https:\/\/www.peetri.edu.ee\/pohikool\/#website"},"primaryImageOfPage":{"@id":"https:\/\/www.peetri.edu.ee\/pohikool\/erasmus-opiranded\/2022-2024-projekt\/2-week-course-intensive-english-information-communication-technologies-ict\/#primaryimage"},"image":{"@id":"https:\/\/www.peetri.edu.ee\/pohikool\/erasmus-opiranded\/2022-2024-projekt\/2-week-course-intensive-english-information-communication-technologies-ict\/#primaryimage"},"thumbnailUrl":"https:\/\/www.peetri.edu.ee\/pohikool\/wp-content\/uploads\/sites\/3\/2023\/08\/a19f83a4-f04d-46cf-b7a6-c81709a737f3-300x135.jpg","datePublished":"2023-08-30T14:42:48+00:00","dateModified":"2024-04-20T17:52:13+00:00","breadcrumb":{"@id":"https:\/\/www.peetri.edu.ee\/pohikool\/erasmus-opiranded\/2022-2024-projekt\/2-week-course-intensive-english-information-communication-technologies-ict\/#breadcrumb"},"inLanguage":"et","potentialAction":[{"@type":"ReadAction","target":["https:\/\/www.peetri.edu.ee\/pohikool\/erasmus-opiranded\/2022-2024-projekt\/2-week-course-intensive-english-information-communication-technologies-ict\/"]}]},{"@type":"ImageObject","inLanguage":"et","@id":"https:\/\/www.peetri.edu.ee\/pohikool\/erasmus-opiranded\/2022-2024-projekt\/2-week-course-intensive-english-information-communication-technologies-ict\/#primaryimage","url":"https:\/\/www.peetri.edu.ee\/pohikool\/wp-content\/uploads\/sites\/3\/2023\/08\/a19f83a4-f04d-46cf-b7a6-c81709a737f3.jpg","contentUrl":"https:\/\/www.peetri.edu.ee\/pohikool\/wp-content\/uploads\/sites\/3\/2023\/08\/a19f83a4-f04d-46cf-b7a6-c81709a737f3.jpg","width":375,"height":169},{"@type":"BreadcrumbList","@id":"https:\/\/www.peetri.edu.ee\/pohikool\/erasmus-opiranded\/2022-2024-projekt\/2-week-course-intensive-english-information-communication-technologies-ict\/#breadcrumb","itemListElement":[{"@type":"ListItem","position":1,"name":"Home","item":"https:\/\/www.peetri.edu.ee\/pohikool\/"},{"@type":"ListItem","position":2,"name":"Erasmus+ \u00f5pir\u00e4nded ja koost\u00f6\u00f6projektid","item":"https:\/\/www.peetri.edu.ee\/pohikool\/erasmus-opiranded\/"},{"@type":"ListItem","position":3,"name":"2022-2024 projekt","item":"https:\/\/www.peetri.edu.ee\/pohikool\/erasmus-opiranded\/2022-2024-projekt\/"},{"@type":"ListItem","position":4,"name":"2 Week Course: Intensive English, and Information and Communication Technologies (ICT)\u00a0"}]},{"@type":"WebSite","@id":"https:\/\/www.peetri.edu.ee\/pohikool\/#website","url":"https:\/\/www.peetri.edu.ee\/pohikool\/","name":"Peetri P\u00f5hikool","description":"Igas inimeses on p\u00e4ike, laskem tal s\u00e4rada","potentialAction":[{"@type":"SearchAction","target":{"@type":"EntryPoint","urlTemplate":"https:\/\/www.peetri.edu.ee\/pohikool\/?s={search_term_string}"},"query-input":{"@type":"PropertyValueSpecification","valueRequired":true,"valueName":"search_term_string"}}],"inLanguage":"et"}]}},"acf":[],"_links":{"self":[{"href":"https:\/\/www.peetri.edu.ee\/pohikool\/wp-json\/wp\/v2\/pages\/7788","targetHints":{"allow":["GET"]}}],"collection":[{"href":"https:\/\/www.peetri.edu.ee\/pohikool\/wp-json\/wp\/v2\/pages"}],"about":[{"href":"https:\/\/www.peetri.edu.ee\/pohikool\/wp-json\/wp\/v2\/types\/page"}],"author":[{"embeddable":true,"href":"https:\/\/www.peetri.edu.ee\/pohikool\/wp-json\/wp\/v2\/users\/14"}],"replies":[{"embeddable":true,"href":"https:\/\/www.peetri.edu.ee\/pohikool\/wp-json\/wp\/v2\/comments?post=7788"}],"version-history":[{"count":5,"href":"https:\/\/www.peetri.edu.ee\/pohikool\/wp-json\/wp\/v2\/pages\/7788\/revisions"}],"predecessor-version":[{"id":12399,"href":"https:\/\/www.peetri.edu.ee\/pohikool\/wp-json\/wp\/v2\/pages\/7788\/revisions\/12399"}],"up":[{"embeddable":true,"href":"https:\/\/www.peetri.edu.ee\/pohikool\/wp-json\/wp\/v2\/pages\/7777"}],"wp:attachment":[{"href":"https:\/\/www.peetri.edu.ee\/pohikool\/wp-json\/wp\/v2\/media?parent=7788"}],"curies":[{"name":"wp","href":"https:\/\/api.w.org\/{rel}","templated":true}]}}