{"id":7780,"date":"2023-08-30T17:29:52","date_gmt":"2023-08-30T14:29:52","guid":{"rendered":"https:\/\/www.peetri.edu.ee\/pohikool\/?page_id=7780"},"modified":"2024-09-17T17:59:28","modified_gmt":"2024-09-17T14:59:28","slug":"2023-2025-koostooprojekt","status":"publish","type":"page","link":"https:\/\/www.peetri.edu.ee\/pohikool\/erasmus-opiranded\/2023-2025-koostooprojekt\/","title":{"rendered":"2023-2025 Koost\u00f6\u00f6projekt"},"content":{"rendered":"\n<p><a href=\"https:\/\/www.peetri.edu.ee\/pohikool\/wp-content\/uploads\/sites\/3\/2024\/09\/ET-Kaasrahastanud-Euroopa-Liit_PANTONE-scaled.jpg\"><img loading=\"lazy\" decoding=\"async\" class=\"alignnone  wp-image-12405\" src=\"https:\/\/www.peetri.edu.ee\/pohikool\/wp-content\/uploads\/sites\/3\/2024\/09\/ET-Kaasrahastanud-Euroopa-Liit_PANTONE-300x69.jpg\" alt=\"\" width=\"243\" height=\"56\" \/><\/a>\u00a0 \u00a0 \u00a0 \u00a0 \u00a0 \u00a0 \u00a0 \u00a0 \u00a0 \u00a0 \u00a0 \u00a0 \u00a0 \u00a0 \u00a0 \u00a0 \u00a0 \u00a0 \u00a0 \u00a0 \u00a0 \u00a0 \u00a0 \u00a0 \u00a0 \u00a0 \u00a0<a href=\"https:\/\/www.peetri.edu.ee\/pohikool\/wp-content\/uploads\/sites\/3\/2024\/09\/Erasmus-sinine-loosungiga-EST.png\"><img loading=\"lazy\" decoding=\"async\" class=\"alignnone  wp-image-12408\" src=\"https:\/\/www.peetri.edu.ee\/pohikool\/wp-content\/uploads\/sites\/3\/2024\/09\/Erasmus-sinine-loosungiga-EST-300x74.png\" alt=\"\" width=\"239\" height=\"59\" \/><\/a><\/p>\n<h3 style=\"text-align: center\"><span style=\"color: #0000ff\"><i>Erasmus+ koost\u00f6\u00f6projekt KA2\u00a0<\/i><i> <\/i><\/span><\/h3>\n<h3 style=\"text-align: center\"><span style=\"color: #0000ff\"><i>Ancient Greek mathematicians today and the use of STEAM in teaching<\/i><\/span><\/h3>\n<p style=\"text-align: center\">2022-1-EE01-KA210-SCH-000083689<\/p>\n<p style=\"text-align: center\"><b><i>21.08.2022 &#8211; 01.08. 2025<\/i><\/b><\/p>\n<p style=\"text-align: center\"><b><i>Kaasatud on \u00f5pilaste vanuses 13-16 aastat\u00a0<\/i><\/b><\/p>\n<p><span style=\"font-weight: 400\"><span style=\"color: #0000ff\"><strong>Projekti eesm\u00e4rk<\/strong> <\/span>on parandada matemaatika\u00f5ppe kvaliteeti l\u00e4bi STEAM-i juurutamise, digitehnoloogia kasutamise, kaasaegsete \u00f5ppemeetodite ja -vahendite kasutamise ning uute \u00f5ppekavav\u00e4liste teadmiste andmise l\u00e4bi selliste oskuste arendamise nagu ettev\u00f5tlikkus, probleemide lahendamine ja loovus.<br \/><\/span><span style=\"font-weight: 400\">1) matemaatika ja loodusteaduste populariseerimine;<br \/><\/span><span style=\"font-weight: 400\">2) digioskuste arendamine, materjalide levitamine ja koostamine,<br \/><\/span><span style=\"font-weight: 400\">3) Uute tehnoloogiate kasutamine;<br \/><\/span><span style=\"font-weight: 400\">4) Koost\u00f6\u00f6.<\/span><\/p>\n\n\n\n<p><span style=\"color: #0000ff\"><strong>Tegevused<\/strong><\/span><\/p>\n<p><span style=\"font-weight: 400\">Partnerite vahel toimuvad veebip\u00f5hised kohtumised ja p\u00e4riskohtumised.<br \/><\/span><span style=\"font-weight: 400\">\u00d5petajatele ja \u00f5pilastele korraldatakse loodusteadusi ja matemaatikat propageerivaid t\u00f6\u00f6tubasid.<br \/><\/span><span style=\"font-weight: 400\">\u00d5petajad ja \u00f5pilased jagavad oma koolis teadmisi, osalevad r\u00fchmat\u00f6\u00f6des, loovad uut digisisu ja testivad loodud materjale.<\/span><\/p>\n<p><span style=\"color: #0000ff\"><strong>Tulemused.<\/strong><\/span><\/p>\n<p><span style=\"font-weight: 400\">Uute teadmiste omandamine, rahvusvaheline koost\u00f6\u00f6, ideede genereerimine, materjali uurimine ja uute materjalide loomine kasutavad partnerite ideid ja l\u00e4henemisi.<br \/><\/span><span style=\"font-weight: 400\">Uute digitaalsete materjalide ja t\u00f6\u00f6riistade kasutamine.<br \/><\/span><span style=\"font-weight: 400\">Matemaatika ja loodusteaduste populariseerimine l\u00e4bi STEAM tegevuste.<\/span><\/p>\n<p>\u00a0<\/p>\n<h3><span style=\"color: #993300\">Projekti veebileht:<\/span> <a href=\"https:\/\/greecemath.weebly.com\">https:\/\/greecemath.weebly.com<\/a><\/h3>\n<h3><span style=\"color: #993300\">eTwinningu projekt: <\/span><a href=\"https:\/\/school-education.ec.europa.eu\/en\/etwinning\/projects\/ancient-greek-mathematicians-steam\/twinspace\/pages\">https:\/\/school-education.ec.europa.eu\/en\/etwinning\/projects\/ancient-greek-mathematicians-steam\/twinspace\/pages<\/a><\/h3>\n\n\n\n<h3><span style=\"color: #0000ff\"><strong>Partnerid:<\/strong><\/span><\/h3>\n<table style=\"border-collapse: collapse;width: 99.6404%;height: 157px\">\n<tbody>\n<tr style=\"height: 157px\">\n<td style=\"width: 8.45238%;height: 157px\">\n<p><span style=\"color: #2a2a2a\"><a href=\"https:\/\/www.peetri.edu.ee\/pohikool\/wp-content\/uploads\/sites\/3\/2024\/09\/peetri-logo.png\"><img loading=\"lazy\" decoding=\"async\" class=\"wp-image-12422 aligncenter\" src=\"https:\/\/www.peetri.edu.ee\/pohikool\/wp-content\/uploads\/sites\/3\/2024\/09\/peetri-logo.png\" alt=\"\" width=\"86\" height=\"86\" \/><\/a><\/span><\/p>\n<\/td>\n<td style=\"width: 18.1548%;height: 157px\">\n<p><strong><span style=\"color: #2a2a2a\">Peetri Lasteaed-P\u00f5hikool, <br \/>Estonia<\/span><\/strong><\/p>\n<\/td>\n<td style=\"width: 6.7862%;height: 157px\"><a href=\"https:\/\/www.peetri.edu.ee\/pohikool\/wp-content\/uploads\/sites\/3\/2024\/09\/poola.png\"><img loading=\"lazy\" decoding=\"async\" class=\"alignnone  wp-image-12429\" src=\"https:\/\/www.peetri.edu.ee\/pohikool\/wp-content\/uploads\/sites\/3\/2024\/09\/poola.png\" alt=\"\" width=\"75\" height=\"82\" \/><\/a><\/td>\n<td style=\"width: 23.7495%;height: 157px\">\n<p><strong>Szkola Podstawowa im.M.J.Pilsudskiego, Poland\u00a0<\/strong><\/p>\n<\/td>\n<\/tr>\n<\/tbody>\n<\/table>\n<table style=\"border-collapse: collapse;width: 99.4048%;height: 245px\">\n<tbody>\n<tr>\n<td style=\"width: 46.6667%\"><a href=\"https:\/\/www.peetri.edu.ee\/pohikool\/wp-content\/uploads\/sites\/3\/2024\/09\/peetri.png\"><img loading=\"lazy\" decoding=\"async\" class=\"size-medium wp-image-12426 aligncenter\" src=\"https:\/\/www.peetri.edu.ee\/pohikool\/wp-content\/uploads\/sites\/3\/2024\/09\/peetri-300x223.png\" alt=\"\" width=\"300\" height=\"223\" \/><\/a><\/td>\n<td style=\"width: 53.3333%\"><a href=\"https:\/\/www.peetri.edu.ee\/pohikool\/wp-content\/uploads\/sites\/3\/2024\/09\/poola-kool_orig.jpg\"><img loading=\"lazy\" decoding=\"async\" class=\"size-medium wp-image-12432 aligncenter\" src=\"https:\/\/www.peetri.edu.ee\/pohikool\/wp-content\/uploads\/sites\/3\/2024\/09\/poola-kool_orig-300x200.jpg\" alt=\"\" width=\"300\" height=\"200\" \/><\/a><\/td>\n<\/tr>\n<\/tbody>\n<\/table>\n\n\n\n<table style=\"border-collapse: collapse;width: 99.6404%;height: 157px\">\n<tbody>\n<tr style=\"height: 157px\">\n<td style=\"width: 8.45238%;height: 157px\">\n<p><a href=\"https:\/\/www.peetri.edu.ee\/pohikool\/wp-content\/uploads\/sites\/3\/2024\/09\/rumeenia.png\"><img loading=\"lazy\" decoding=\"async\" class=\"alignnone size-full wp-image-12435\" src=\"https:\/\/www.peetri.edu.ee\/pohikool\/wp-content\/uploads\/sites\/3\/2024\/09\/rumeenia.png\" alt=\"\" width=\"107\" height=\"122\" \/><\/a><\/p>\n<\/td>\n<td style=\"width: 18.1548%;height: 157px\">\n<div class=\"paragraph\"><strong>Colegiul National Gheorghe Lazar Sibiu,\u00a0 Romania<\/strong><\/div>\n<div>\u00a0<\/div>\n<\/td>\n<td style=\"width: 6.7862%;height: 157px\"><a href=\"https:\/\/www.peetri.edu.ee\/pohikool\/wp-content\/uploads\/sites\/3\/2024\/09\/kreeka2_orig.png\"><img loading=\"lazy\" decoding=\"async\" class=\"alignnone size-full wp-image-12438\" src=\"https:\/\/www.peetri.edu.ee\/pohikool\/wp-content\/uploads\/sites\/3\/2024\/09\/kreeka2_orig.png\" alt=\"\" width=\"160\" height=\"96\" \/><\/a><\/td>\n<td style=\"width: 23.7495%;height: 157px\">\n<p><strong>4o Gymnasio Dafnis,\u00a0Greece<\/strong><\/p>\n<\/td>\n<\/tr>\n<\/tbody>\n<\/table>\n<table style=\"border-collapse: collapse;width: 99.4048%;height: 248px\">\n<tbody>\n<tr>\n<td style=\"width: 45.9524%\"><a href=\"https:\/\/www.peetri.edu.ee\/pohikool\/wp-content\/uploads\/sites\/3\/2024\/09\/rumeenia-kool.jpg\"><img loading=\"lazy\" decoding=\"async\" class=\"size-medium wp-image-12441 aligncenter\" src=\"https:\/\/www.peetri.edu.ee\/pohikool\/wp-content\/uploads\/sites\/3\/2024\/09\/rumeenia-kool-300x225.jpg\" alt=\"\" width=\"300\" height=\"225\" \/><\/a><\/td>\n<td style=\"width: 53.8095%\"><a href=\"https:\/\/www.peetri.edu.ee\/pohikool\/wp-content\/uploads\/sites\/3\/2024\/09\/kreka.jpg\"><img loading=\"lazy\" decoding=\"async\" class=\"size-medium wp-image-12444 aligncenter\" src=\"https:\/\/www.peetri.edu.ee\/pohikool\/wp-content\/uploads\/sites\/3\/2024\/09\/kreka-300x200.jpg\" alt=\"\" width=\"300\" height=\"200\" \/><\/a><\/td>\n<\/tr>\n<\/tbody>\n<\/table>\n","protected":false},"excerpt":{"rendered":"<p>\u00a0 \u00a0 \u00a0 \u00a0 \u00a0 \u00a0 \u00a0 \u00a0 \u00a0 \u00a0 \u00a0 \u00a0 \u00a0 \u00a0 \u00a0 \u00a0 \u00a0 \u00a0 \u00a0 \u00a0&#8230;<\/p>\n","protected":false},"author":14,"featured_media":0,"parent":3329,"menu_order":75,"comment_status":"closed","ping_status":"closed","template":"","meta":{"_acf_changed":false,"footnotes":""},"class_list":["post-7780","page","type-page","status-publish","hentry"],"yoast_head":"<!-- This site is optimized with the Yoast SEO plugin v27.2 - https:\/\/yoast.com\/product\/yoast-seo-wordpress\/ -->\n<title>2023-2025 Koost\u00f6\u00f6projekt - Peetri P\u00f5hikool<\/title>\n<meta name=\"robots\" content=\"index, follow, max-snippet:-1, max-image-preview:large, max-video-preview:-1\" \/>\n<link rel=\"canonical\" href=\"https:\/\/www.peetri.edu.ee\/pohikool\/erasmus-opiranded\/2023-2025-koostooprojekt\/\" \/>\n<meta property=\"og:locale\" content=\"et_EE\" \/>\n<meta property=\"og:type\" content=\"article\" \/>\n<meta property=\"og:title\" content=\"2023-2025 Koost\u00f6\u00f6projekt - Peetri P\u00f5hikool\" \/>\n<meta property=\"og:description\" content=\"\u00a0 \u00a0 \u00a0 \u00a0 \u00a0 \u00a0 \u00a0 \u00a0 \u00a0 \u00a0 \u00a0 \u00a0 \u00a0 \u00a0 \u00a0 \u00a0 \u00a0 \u00a0 \u00a0 \u00a0...\" \/>\n<meta property=\"og:url\" content=\"https:\/\/www.peetri.edu.ee\/pohikool\/erasmus-opiranded\/2023-2025-koostooprojekt\/\" \/>\n<meta property=\"og:site_name\" content=\"Peetri P\u00f5hikool\" \/>\n<meta property=\"article:modified_time\" content=\"2024-09-17T14:59:28+00:00\" \/>\n<meta property=\"og:image\" content=\"https:\/\/www.peetri.edu.ee\/pohikool\/wp-content\/uploads\/sites\/3\/2024\/09\/ET-Kaasrahastanud-Euroopa-Liit_PANTONE-300x69.jpg\" \/>\n<meta name=\"twitter:card\" content=\"summary_large_image\" \/>\n<meta name=\"twitter:label1\" content=\"Est. reading time\" \/>\n\t<meta name=\"twitter:data1\" content=\"3 minutit\" \/>\n<script type=\"application\/ld+json\" class=\"yoast-schema-graph\">{\"@context\":\"https:\/\/schema.org\",\"@graph\":[{\"@type\":\"WebPage\",\"@id\":\"https:\/\/www.peetri.edu.ee\/pohikool\/erasmus-opiranded\/2023-2025-koostooprojekt\/\",\"url\":\"https:\/\/www.peetri.edu.ee\/pohikool\/erasmus-opiranded\/2023-2025-koostooprojekt\/\",\"name\":\"2023-2025 Koost\u00f6\u00f6projekt - Peetri P\u00f5hikool\",\"isPartOf\":{\"@id\":\"https:\/\/www.peetri.edu.ee\/pohikool\/#website\"},\"primaryImageOfPage\":{\"@id\":\"https:\/\/www.peetri.edu.ee\/pohikool\/erasmus-opiranded\/2023-2025-koostooprojekt\/#primaryimage\"},\"image\":{\"@id\":\"https:\/\/www.peetri.edu.ee\/pohikool\/erasmus-opiranded\/2023-2025-koostooprojekt\/#primaryimage\"},\"thumbnailUrl\":\"https:\/\/www.peetri.edu.ee\/pohikool\/wp-content\/uploads\/sites\/3\/2024\/09\/ET-Kaasrahastanud-Euroopa-Liit_PANTONE-300x69.jpg\",\"datePublished\":\"2023-08-30T14:29:52+00:00\",\"dateModified\":\"2024-09-17T14:59:28+00:00\",\"breadcrumb\":{\"@id\":\"https:\/\/www.peetri.edu.ee\/pohikool\/erasmus-opiranded\/2023-2025-koostooprojekt\/#breadcrumb\"},\"inLanguage\":\"et\",\"potentialAction\":[{\"@type\":\"ReadAction\",\"target\":[\"https:\/\/www.peetri.edu.ee\/pohikool\/erasmus-opiranded\/2023-2025-koostooprojekt\/\"]}]},{\"@type\":\"ImageObject\",\"inLanguage\":\"et\",\"@id\":\"https:\/\/www.peetri.edu.ee\/pohikool\/erasmus-opiranded\/2023-2025-koostooprojekt\/#primaryimage\",\"url\":\"https:\/\/www.peetri.edu.ee\/pohikool\/wp-content\/uploads\/sites\/3\/2024\/09\/ET-Kaasrahastanud-Euroopa-Liit_PANTONE-scaled.jpg\",\"contentUrl\":\"https:\/\/www.peetri.edu.ee\/pohikool\/wp-content\/uploads\/sites\/3\/2024\/09\/ET-Kaasrahastanud-Euroopa-Liit_PANTONE-scaled.jpg\",\"width\":2560,\"height\":585},{\"@type\":\"BreadcrumbList\",\"@id\":\"https:\/\/www.peetri.edu.ee\/pohikool\/erasmus-opiranded\/2023-2025-koostooprojekt\/#breadcrumb\",\"itemListElement\":[{\"@type\":\"ListItem\",\"position\":1,\"name\":\"Home\",\"item\":\"https:\/\/www.peetri.edu.ee\/pohikool\/\"},{\"@type\":\"ListItem\",\"position\":2,\"name\":\"Erasmus+ \u00f5pir\u00e4nded ja koost\u00f6\u00f6projektid\",\"item\":\"https:\/\/www.peetri.edu.ee\/pohikool\/erasmus-opiranded\/\"},{\"@type\":\"ListItem\",\"position\":3,\"name\":\"2023-2025 Koost\u00f6\u00f6projekt\"}]},{\"@type\":\"WebSite\",\"@id\":\"https:\/\/www.peetri.edu.ee\/pohikool\/#website\",\"url\":\"https:\/\/www.peetri.edu.ee\/pohikool\/\",\"name\":\"Peetri P\u00f5hikool\",\"description\":\"Igas inimeses on p\u00e4ike, laskem tal s\u00e4rada\",\"potentialAction\":[{\"@type\":\"SearchAction\",\"target\":{\"@type\":\"EntryPoint\",\"urlTemplate\":\"https:\/\/www.peetri.edu.ee\/pohikool\/?s={search_term_string}\"},\"query-input\":{\"@type\":\"PropertyValueSpecification\",\"valueRequired\":true,\"valueName\":\"search_term_string\"}}],\"inLanguage\":\"et\"}]}<\/script>\n<!-- \/ Yoast SEO plugin. -->","yoast_head_json":{"title":"2023-2025 Koost\u00f6\u00f6projekt - Peetri P\u00f5hikool","robots":{"index":"index","follow":"follow","max-snippet":"max-snippet:-1","max-image-preview":"max-image-preview:large","max-video-preview":"max-video-preview:-1"},"canonical":"https:\/\/www.peetri.edu.ee\/pohikool\/erasmus-opiranded\/2023-2025-koostooprojekt\/","og_locale":"et_EE","og_type":"article","og_title":"2023-2025 Koost\u00f6\u00f6projekt - Peetri P\u00f5hikool","og_description":"\u00a0 \u00a0 \u00a0 \u00a0 \u00a0 \u00a0 \u00a0 \u00a0 \u00a0 \u00a0 \u00a0 \u00a0 \u00a0 \u00a0 \u00a0 \u00a0 \u00a0 \u00a0 \u00a0 \u00a0...","og_url":"https:\/\/www.peetri.edu.ee\/pohikool\/erasmus-opiranded\/2023-2025-koostooprojekt\/","og_site_name":"Peetri P\u00f5hikool","article_modified_time":"2024-09-17T14:59:28+00:00","og_image":[{"url":"https:\/\/www.peetri.edu.ee\/pohikool\/wp-content\/uploads\/sites\/3\/2024\/09\/ET-Kaasrahastanud-Euroopa-Liit_PANTONE-300x69.jpg","type":"","width":"","height":""}],"twitter_card":"summary_large_image","twitter_misc":{"Est. reading time":"3 minutit"},"schema":{"@context":"https:\/\/schema.org","@graph":[{"@type":"WebPage","@id":"https:\/\/www.peetri.edu.ee\/pohikool\/erasmus-opiranded\/2023-2025-koostooprojekt\/","url":"https:\/\/www.peetri.edu.ee\/pohikool\/erasmus-opiranded\/2023-2025-koostooprojekt\/","name":"2023-2025 Koost\u00f6\u00f6projekt - Peetri P\u00f5hikool","isPartOf":{"@id":"https:\/\/www.peetri.edu.ee\/pohikool\/#website"},"primaryImageOfPage":{"@id":"https:\/\/www.peetri.edu.ee\/pohikool\/erasmus-opiranded\/2023-2025-koostooprojekt\/#primaryimage"},"image":{"@id":"https:\/\/www.peetri.edu.ee\/pohikool\/erasmus-opiranded\/2023-2025-koostooprojekt\/#primaryimage"},"thumbnailUrl":"https:\/\/www.peetri.edu.ee\/pohikool\/wp-content\/uploads\/sites\/3\/2024\/09\/ET-Kaasrahastanud-Euroopa-Liit_PANTONE-300x69.jpg","datePublished":"2023-08-30T14:29:52+00:00","dateModified":"2024-09-17T14:59:28+00:00","breadcrumb":{"@id":"https:\/\/www.peetri.edu.ee\/pohikool\/erasmus-opiranded\/2023-2025-koostooprojekt\/#breadcrumb"},"inLanguage":"et","potentialAction":[{"@type":"ReadAction","target":["https:\/\/www.peetri.edu.ee\/pohikool\/erasmus-opiranded\/2023-2025-koostooprojekt\/"]}]},{"@type":"ImageObject","inLanguage":"et","@id":"https:\/\/www.peetri.edu.ee\/pohikool\/erasmus-opiranded\/2023-2025-koostooprojekt\/#primaryimage","url":"https:\/\/www.peetri.edu.ee\/pohikool\/wp-content\/uploads\/sites\/3\/2024\/09\/ET-Kaasrahastanud-Euroopa-Liit_PANTONE-scaled.jpg","contentUrl":"https:\/\/www.peetri.edu.ee\/pohikool\/wp-content\/uploads\/sites\/3\/2024\/09\/ET-Kaasrahastanud-Euroopa-Liit_PANTONE-scaled.jpg","width":2560,"height":585},{"@type":"BreadcrumbList","@id":"https:\/\/www.peetri.edu.ee\/pohikool\/erasmus-opiranded\/2023-2025-koostooprojekt\/#breadcrumb","itemListElement":[{"@type":"ListItem","position":1,"name":"Home","item":"https:\/\/www.peetri.edu.ee\/pohikool\/"},{"@type":"ListItem","position":2,"name":"Erasmus+ \u00f5pir\u00e4nded ja koost\u00f6\u00f6projektid","item":"https:\/\/www.peetri.edu.ee\/pohikool\/erasmus-opiranded\/"},{"@type":"ListItem","position":3,"name":"2023-2025 Koost\u00f6\u00f6projekt"}]},{"@type":"WebSite","@id":"https:\/\/www.peetri.edu.ee\/pohikool\/#website","url":"https:\/\/www.peetri.edu.ee\/pohikool\/","name":"Peetri P\u00f5hikool","description":"Igas inimeses on p\u00e4ike, laskem tal s\u00e4rada","potentialAction":[{"@type":"SearchAction","target":{"@type":"EntryPoint","urlTemplate":"https:\/\/www.peetri.edu.ee\/pohikool\/?s={search_term_string}"},"query-input":{"@type":"PropertyValueSpecification","valueRequired":true,"valueName":"search_term_string"}}],"inLanguage":"et"}]}},"acf":[],"_links":{"self":[{"href":"https:\/\/www.peetri.edu.ee\/pohikool\/wp-json\/wp\/v2\/pages\/7780","targetHints":{"allow":["GET"]}}],"collection":[{"href":"https:\/\/www.peetri.edu.ee\/pohikool\/wp-json\/wp\/v2\/pages"}],"about":[{"href":"https:\/\/www.peetri.edu.ee\/pohikool\/wp-json\/wp\/v2\/types\/page"}],"author":[{"embeddable":true,"href":"https:\/\/www.peetri.edu.ee\/pohikool\/wp-json\/wp\/v2\/users\/14"}],"replies":[{"embeddable":true,"href":"https:\/\/www.peetri.edu.ee\/pohikool\/wp-json\/wp\/v2\/comments?post=7780"}],"version-history":[{"count":5,"href":"https:\/\/www.peetri.edu.ee\/pohikool\/wp-json\/wp\/v2\/pages\/7780\/revisions"}],"predecessor-version":[{"id":12451,"href":"https:\/\/www.peetri.edu.ee\/pohikool\/wp-json\/wp\/v2\/pages\/7780\/revisions\/12451"}],"up":[{"embeddable":true,"href":"https:\/\/www.peetri.edu.ee\/pohikool\/wp-json\/wp\/v2\/pages\/3329"}],"wp:attachment":[{"href":"https:\/\/www.peetri.edu.ee\/pohikool\/wp-json\/wp\/v2\/media?parent=7780"}],"curies":[{"name":"wp","href":"https:\/\/api.w.org\/{rel}","templated":true}]}}