{"id":778,"date":"2017-08-14T12:53:36","date_gmt":"2017-08-14T09:53:36","guid":{"rendered":"https:\/\/www.peetri.edu.ee\/pohikool\/?page_id=778"},"modified":"2017-08-14T12:53:52","modified_gmt":"2017-08-14T09:53:52","slug":"projekti-lopetamine","status":"publish","type":"page","link":"https:\/\/www.peetri.edu.ee\/pohikool\/meie-kool\/projektid\/comenius-2013-2015\/projekti-lopetamine\/","title":{"rendered":"Projekti l\u00f5petamine"},"content":{"rendered":"<h3>Peetri kooli Comeniuse projekti l\u00f5petamine<\/h3>\n<p>Juunikuus j\u00f5udis l\u00f5pule Peetri kooli kaheaastane Comeniuse projekt \u201eThe treasure chest and ICT or ICT in reading and writing\u201c. Projekti tegevusse olid kaasatud 16 -19 &#8211; aastased \u00f5pilased seitsmest riigist. Eesm\u00e4rgiks oli siduda lugemis- ja kirjutamisoskus\u00a0 IKT (Info- ja kommunikatsioonitehnoloogia) kasutamisoskusega, arendada \u00f5pilaste loovust ja kujutlusv\u00f5imet, parandada keeleoskust, kaasata \u00f5pilasi uurima vanu traditsioone.<\/p>\n<p>Selleks, et k\u00f5ikide tegevustega h\u00e4sti toime tulla, kasutasid \u00f5pilased oma loovust ja fantaasiat, sidudes neid uute\u00a0 teadmiste ning IKT vahendite kasutamisoskusega. Nad tegid animatsioon- ja\u00a0 l\u00fchifilme ning koostasid esitlusi, infolehti, projektialbumeid jpm.<\/p>\n<p>\u00d5pilaste jaoks k\u00f5ige p\u00f5nevamaks osutus traditsiooniliste pulmakommete uurimine. Erinevatest teostest uuriti eesti pulmakombeid, kirjutati neist l\u00fchikokkuv\u00f5te ja n\u00e4idend, mida\u00a0 esitati kooli\u00f5dedele ja \u2013vendadele ning \u00f5petajatele. Esialgu v\u00f5imatuna tundunud \u00fcritusest sai \u00f5pilaste jaoks k\u00f5ige huvitavam ja toredam ettev\u00f5tmine.<\/p>\n<p>Keeruliseks osutus koolis\u00a0 Euroopa peo korraldamine. Ideid oli v\u00e4ga palju, aga k\u00f5ik tundusid \u00fcsna sobimatud.\u00a0 L\u00f5puks otsustati, et \u00fcrituse v\u00f5iks siduda Euroopa p\u00e4evaga. Selle p\u00e4eva puhuks korraldati koolis stiilip\u00e4ev ja \u00f5pilased v\u00f5isid koolivormi asemel oma riietuses\u00a0 kasutada eesti, l\u00e4ti, poola, ungari, bulgaaria, rumeenia v\u00f5i\u00a0 t\u00fcrgi rahvariiete detaile v\u00f5i midagi muud nendele rahvustele\u00a0 iseloomulikku. \u00d5petaja Merleen L\u00e4\u00e4nem\u00e4gi \u00f5petas \u00f5pilastele selgeks \u00fche l\u00e4ti rahvusliku tantsu ja poola poloneesi, mida\u00a0 samuti kooli aulas esitati. Lisaks valmistasid \u00f5pilased\u00a0 kodus partnerriikide toiduretseptide j\u00e4rgi k\u00fcpsetisi, mida kogu koolipere sai hiljem maitsta. Kogu p\u00e4eva v\u00e4ltel toimusid erinevad v\u00f5istlused, pandi kokku rahvariideid sisaldavaid puslesid ning otsiti vastuseid projekti tegevusi h\u00f5lmavatele k\u00fcsimustele. P\u00e4ev l\u00f5ppes partnerriikide tantsude tantsimisega.<\/p>\n<p>Selle \u00f5ppeaasta jooksul toimusid veel mitmed projektikohtumised partnerriikide koolides. 30.11.15 \u2013 4.12.15 \u00a0oli meie v\u00f5\u00f5rustajaks Ungari v\u00e4ikelinnas Csornas asuv\u00a0 Hunyadi Janos Grammar School, Technical School and Students Hostel. 31.01.15 \u2013 6.02.15 avastasime Poolamaa ilu ja v\u00f5lu, olime\u00a0k\u00fclas Wschowas asuvas koolis (I Zespol Szkol im St. Stazica we Wschowie) ning projekti viimane kohtumine toimus 21.04.15 \u2013 25.04.15\u00a0 T\u00fcrgis Istanbulis asuvas koolis Avcilar Ticaret Meslek Lisesi (Avc\u0131lar Fir\u00fczk\u00f6y Vocational and Technical High School).<\/p>\n<h3>Igast riigist saime kaasa midagi uut ja huvitavat.<\/h3>\n<p>N\u00fc\u00fcdseks on meie projekt l\u00f5ppenud ning k\u00f5igil osalejatel kurbus hinges. Viimaselt kohtumiselt \u00e4ra minnes olid paljud pisarais. Kurb oli lahkuda inimestest, keda oled paari aasta jooksul tundma \u00f5ppinud. Projekti k\u00e4igus leidsime palju uusi s\u00f5pru, \u00f5ppisime tundma teisi traditsioone ja kombeid ning saime rohkem teada oma riigi traditsioonidest ja kommetest. J\u00e4\u00e4me igatsema oma s\u00f5pru ja t\u00e4name Kalevi kommivabrikut meie projekti toetuse eest.<\/p>\n<p>Meie projekti kodulehek\u00fclg:\u00a0\u00a0<a href=\"http:\/\/ictreadwrite1.webnode.com\/\">http:\/\/ictreadwrite1.webnode.com\/<\/a><\/p>\n<p><strong>Signe Reidla<\/strong><br \/>\nPeetri Lasteaaed-P\u00f5hikool<br \/>\n\u00f5petaja<\/p>\n<p>&nbsp;<\/p>\n<div id='gallery-1' class='gallery galleryid-778 gallery-columns-4 gallery-size-thumbnail'><figure class='gallery-item'>\n\t\t\t<div class='gallery-icon landscape'>\n\t\t\t\t<a href='https:\/\/www.peetri.edu.ee\/pohikool\/wp-content\/uploads\/sites\/3\/2017\/08\/pilt1-7.jpg'><img loading=\"lazy\" decoding=\"async\" width=\"150\" height=\"150\" src=\"https:\/\/www.peetri.edu.ee\/pohikool\/wp-content\/uploads\/sites\/3\/2017\/08\/pilt1-7-150x150.jpg\" class=\"attachment-thumbnail size-thumbnail\" alt=\"\" \/><\/a>\n\t\t\t<\/div><\/figure><figure class='gallery-item'>\n\t\t\t<div class='gallery-icon portrait'>\n\t\t\t\t<a href='https:\/\/www.peetri.edu.ee\/pohikool\/wp-content\/uploads\/sites\/3\/2017\/08\/pilt2-6.jpg'><img loading=\"lazy\" decoding=\"async\" width=\"150\" height=\"150\" src=\"https:\/\/www.peetri.edu.ee\/pohikool\/wp-content\/uploads\/sites\/3\/2017\/08\/pilt2-6-150x150.jpg\" class=\"attachment-thumbnail size-thumbnail\" alt=\"\" \/><\/a>\n\t\t\t<\/div><\/figure><figure class='gallery-item'>\n\t\t\t<div class='gallery-icon landscape'>\n\t\t\t\t<a href='https:\/\/www.peetri.edu.ee\/pohikool\/wp-content\/uploads\/sites\/3\/2017\/08\/pilt3-4.jpg'><img loading=\"lazy\" decoding=\"async\" width=\"150\" height=\"150\" src=\"https:\/\/www.peetri.edu.ee\/pohikool\/wp-content\/uploads\/sites\/3\/2017\/08\/pilt3-4-150x150.jpg\" class=\"attachment-thumbnail size-thumbnail\" alt=\"\" aria-describedby=\"gallery-1-781\" \/><\/a>\n\t\t\t<\/div>\n\t\t\t\t<figcaption class='wp-caption-text gallery-caption' id='gallery-1-781'>\n\t\t\t\tFotod n\u00e4idendist \u201eEesti pulm\u201c\n\t\t\t\t<\/figcaption><\/figure><figure class='gallery-item'>\n\t\t\t<div class='gallery-icon landscape'>\n\t\t\t\t<a href='https:\/\/www.peetri.edu.ee\/pohikool\/wp-content\/uploads\/sites\/3\/2017\/08\/pilt4-4.jpg'><img loading=\"lazy\" decoding=\"async\" width=\"150\" height=\"150\" src=\"https:\/\/www.peetri.edu.ee\/pohikool\/wp-content\/uploads\/sites\/3\/2017\/08\/pilt4-4-150x150.jpg\" class=\"attachment-thumbnail size-thumbnail\" alt=\"\" aria-describedby=\"gallery-1-782\" \/><\/a>\n\t\t\t<\/div>\n\t\t\t\t<figcaption class='wp-caption-text gallery-caption' id='gallery-1-782'>\n\t\t\t\t\u201eEuroopa pidu\u201c \u2013 poola poloneesi \u00f5ppimine\n\t\t\t\t<\/figcaption><\/figure>\n\t\t<\/div>\n\n","protected":false},"excerpt":{"rendered":"<p>Peetri kooli Comeniuse projekti l\u00f5petamine Juunikuus j\u00f5udis l\u00f5pule Peetri kooli kaheaastane Comeniuse projekt \u201eThe treasure chest and ICT or ICT&#8230;<\/p>\n","protected":false},"author":1,"featured_media":0,"parent":402,"menu_order":100,"comment_status":"closed","ping_status":"closed","template":"","meta":{"_acf_changed":false,"footnotes":""},"class_list":["post-778","page","type-page","status-publish","hentry"],"yoast_head":"<!-- This site is optimized with the Yoast SEO plugin v27.2 - https:\/\/yoast.com\/product\/yoast-seo-wordpress\/ -->\n<title>Projekti l\u00f5petamine - Peetri P\u00f5hikool<\/title>\n<meta name=\"robots\" content=\"index, follow, max-snippet:-1, max-image-preview:large, max-video-preview:-1\" \/>\n<link rel=\"canonical\" href=\"https:\/\/www.peetri.edu.ee\/pohikool\/meie-kool\/projektid\/comenius-2013-2015\/projekti-lopetamine\/\" \/>\n<meta property=\"og:locale\" content=\"et_EE\" \/>\n<meta property=\"og:type\" content=\"article\" \/>\n<meta property=\"og:title\" content=\"Projekti l\u00f5petamine - Peetri P\u00f5hikool\" \/>\n<meta property=\"og:description\" content=\"Peetri kooli Comeniuse projekti l\u00f5petamine Juunikuus j\u00f5udis l\u00f5pule Peetri kooli kaheaastane Comeniuse projekt \u201eThe treasure chest and ICT or ICT...\" \/>\n<meta property=\"og:url\" content=\"https:\/\/www.peetri.edu.ee\/pohikool\/meie-kool\/projektid\/comenius-2013-2015\/projekti-lopetamine\/\" \/>\n<meta property=\"og:site_name\" content=\"Peetri P\u00f5hikool\" \/>\n<meta property=\"article:modified_time\" content=\"2017-08-14T09:53:52+00:00\" \/>\n<meta property=\"og:image\" content=\"https:\/\/www.peetri.edu.ee\/pohikool\/wp-content\/uploads\/sites\/3\/2017\/08\/pilt1-7-150x150.jpg\" \/>\n<meta name=\"twitter:card\" content=\"summary_large_image\" \/>\n<meta name=\"twitter:label1\" content=\"Est. reading time\" \/>\n\t<meta name=\"twitter:data1\" content=\"2 minutit\" \/>\n<script type=\"application\/ld+json\" class=\"yoast-schema-graph\">{\"@context\":\"https:\/\/schema.org\",\"@graph\":[{\"@type\":\"WebPage\",\"@id\":\"https:\/\/www.peetri.edu.ee\/pohikool\/meie-kool\/projektid\/comenius-2013-2015\/projekti-lopetamine\/\",\"url\":\"https:\/\/www.peetri.edu.ee\/pohikool\/meie-kool\/projektid\/comenius-2013-2015\/projekti-lopetamine\/\",\"name\":\"Projekti l\u00f5petamine - Peetri P\u00f5hikool\",\"isPartOf\":{\"@id\":\"https:\/\/www.peetri.edu.ee\/pohikool\/#website\"},\"datePublished\":\"2017-08-14T09:53:36+00:00\",\"dateModified\":\"2017-08-14T09:53:52+00:00\",\"breadcrumb\":{\"@id\":\"https:\/\/www.peetri.edu.ee\/pohikool\/meie-kool\/projektid\/comenius-2013-2015\/projekti-lopetamine\/#breadcrumb\"},\"inLanguage\":\"et\",\"potentialAction\":[{\"@type\":\"ReadAction\",\"target\":[\"https:\/\/www.peetri.edu.ee\/pohikool\/meie-kool\/projektid\/comenius-2013-2015\/projekti-lopetamine\/\"]}]},{\"@type\":\"BreadcrumbList\",\"@id\":\"https:\/\/www.peetri.edu.ee\/pohikool\/meie-kool\/projektid\/comenius-2013-2015\/projekti-lopetamine\/#breadcrumb\",\"itemListElement\":[{\"@type\":\"ListItem\",\"position\":1,\"name\":\"Home\",\"item\":\"https:\/\/www.peetri.edu.ee\/pohikool\/\"},{\"@type\":\"ListItem\",\"position\":2,\"name\":\"Meie kool\",\"item\":\"https:\/\/www.peetri.edu.ee\/pohikool\/\"},{\"@type\":\"ListItem\",\"position\":3,\"name\":\"Projektid\",\"item\":\"https:\/\/www.peetri.edu.ee\/pohikool\/meie-kool\/projektid\/\"},{\"@type\":\"ListItem\",\"position\":4,\"name\":\"Comenius 2013-2015\",\"item\":\"https:\/\/www.peetri.edu.ee\/pohikool\/meie-kool\/projektid\/comenius-2013-2015\/\"},{\"@type\":\"ListItem\",\"position\":5,\"name\":\"Projekti l\u00f5petamine\"}]},{\"@type\":\"WebSite\",\"@id\":\"https:\/\/www.peetri.edu.ee\/pohikool\/#website\",\"url\":\"https:\/\/www.peetri.edu.ee\/pohikool\/\",\"name\":\"Peetri P\u00f5hikool\",\"description\":\"Igas inimeses on p\u00e4ike, laskem tal s\u00e4rada\",\"potentialAction\":[{\"@type\":\"SearchAction\",\"target\":{\"@type\":\"EntryPoint\",\"urlTemplate\":\"https:\/\/www.peetri.edu.ee\/pohikool\/?s={search_term_string}\"},\"query-input\":{\"@type\":\"PropertyValueSpecification\",\"valueRequired\":true,\"valueName\":\"search_term_string\"}}],\"inLanguage\":\"et\"}]}<\/script>\n<!-- \/ Yoast SEO plugin. -->","yoast_head_json":{"title":"Projekti l\u00f5petamine - Peetri P\u00f5hikool","robots":{"index":"index","follow":"follow","max-snippet":"max-snippet:-1","max-image-preview":"max-image-preview:large","max-video-preview":"max-video-preview:-1"},"canonical":"https:\/\/www.peetri.edu.ee\/pohikool\/meie-kool\/projektid\/comenius-2013-2015\/projekti-lopetamine\/","og_locale":"et_EE","og_type":"article","og_title":"Projekti l\u00f5petamine - Peetri P\u00f5hikool","og_description":"Peetri kooli Comeniuse projekti l\u00f5petamine Juunikuus j\u00f5udis l\u00f5pule Peetri kooli kaheaastane Comeniuse projekt \u201eThe treasure chest and ICT or ICT...","og_url":"https:\/\/www.peetri.edu.ee\/pohikool\/meie-kool\/projektid\/comenius-2013-2015\/projekti-lopetamine\/","og_site_name":"Peetri P\u00f5hikool","article_modified_time":"2017-08-14T09:53:52+00:00","og_image":[{"url":"https:\/\/www.peetri.edu.ee\/pohikool\/wp-content\/uploads\/sites\/3\/2017\/08\/pilt1-7-150x150.jpg","type":"","width":"","height":""}],"twitter_card":"summary_large_image","twitter_misc":{"Est. reading time":"2 minutit"},"schema":{"@context":"https:\/\/schema.org","@graph":[{"@type":"WebPage","@id":"https:\/\/www.peetri.edu.ee\/pohikool\/meie-kool\/projektid\/comenius-2013-2015\/projekti-lopetamine\/","url":"https:\/\/www.peetri.edu.ee\/pohikool\/meie-kool\/projektid\/comenius-2013-2015\/projekti-lopetamine\/","name":"Projekti l\u00f5petamine - Peetri P\u00f5hikool","isPartOf":{"@id":"https:\/\/www.peetri.edu.ee\/pohikool\/#website"},"datePublished":"2017-08-14T09:53:36+00:00","dateModified":"2017-08-14T09:53:52+00:00","breadcrumb":{"@id":"https:\/\/www.peetri.edu.ee\/pohikool\/meie-kool\/projektid\/comenius-2013-2015\/projekti-lopetamine\/#breadcrumb"},"inLanguage":"et","potentialAction":[{"@type":"ReadAction","target":["https:\/\/www.peetri.edu.ee\/pohikool\/meie-kool\/projektid\/comenius-2013-2015\/projekti-lopetamine\/"]}]},{"@type":"BreadcrumbList","@id":"https:\/\/www.peetri.edu.ee\/pohikool\/meie-kool\/projektid\/comenius-2013-2015\/projekti-lopetamine\/#breadcrumb","itemListElement":[{"@type":"ListItem","position":1,"name":"Home","item":"https:\/\/www.peetri.edu.ee\/pohikool\/"},{"@type":"ListItem","position":2,"name":"Meie kool","item":"https:\/\/www.peetri.edu.ee\/pohikool\/"},{"@type":"ListItem","position":3,"name":"Projektid","item":"https:\/\/www.peetri.edu.ee\/pohikool\/meie-kool\/projektid\/"},{"@type":"ListItem","position":4,"name":"Comenius 2013-2015","item":"https:\/\/www.peetri.edu.ee\/pohikool\/meie-kool\/projektid\/comenius-2013-2015\/"},{"@type":"ListItem","position":5,"name":"Projekti l\u00f5petamine"}]},{"@type":"WebSite","@id":"https:\/\/www.peetri.edu.ee\/pohikool\/#website","url":"https:\/\/www.peetri.edu.ee\/pohikool\/","name":"Peetri P\u00f5hikool","description":"Igas inimeses on p\u00e4ike, laskem tal s\u00e4rada","potentialAction":[{"@type":"SearchAction","target":{"@type":"EntryPoint","urlTemplate":"https:\/\/www.peetri.edu.ee\/pohikool\/?s={search_term_string}"},"query-input":{"@type":"PropertyValueSpecification","valueRequired":true,"valueName":"search_term_string"}}],"inLanguage":"et"}]}},"acf":[],"_links":{"self":[{"href":"https:\/\/www.peetri.edu.ee\/pohikool\/wp-json\/wp\/v2\/pages\/778","targetHints":{"allow":["GET"]}}],"collection":[{"href":"https:\/\/www.peetri.edu.ee\/pohikool\/wp-json\/wp\/v2\/pages"}],"about":[{"href":"https:\/\/www.peetri.edu.ee\/pohikool\/wp-json\/wp\/v2\/types\/page"}],"author":[{"embeddable":true,"href":"https:\/\/www.peetri.edu.ee\/pohikool\/wp-json\/wp\/v2\/users\/1"}],"replies":[{"embeddable":true,"href":"https:\/\/www.peetri.edu.ee\/pohikool\/wp-json\/wp\/v2\/comments?post=778"}],"version-history":[{"count":1,"href":"https:\/\/www.peetri.edu.ee\/pohikool\/wp-json\/wp\/v2\/pages\/778\/revisions"}],"predecessor-version":[{"id":783,"href":"https:\/\/www.peetri.edu.ee\/pohikool\/wp-json\/wp\/v2\/pages\/778\/revisions\/783"}],"up":[{"embeddable":true,"href":"https:\/\/www.peetri.edu.ee\/pohikool\/wp-json\/wp\/v2\/pages\/402"}],"wp:attachment":[{"href":"https:\/\/www.peetri.edu.ee\/pohikool\/wp-json\/wp\/v2\/media?parent=778"}],"curies":[{"name":"wp","href":"https:\/\/api.w.org\/{rel}","templated":true}]}}