{"id":7777,"date":"2023-08-30T17:26:26","date_gmt":"2023-08-30T14:26:26","guid":{"rendered":"https:\/\/www.peetri.edu.ee\/pohikool\/?page_id=7777"},"modified":"2023-08-30T17:51:59","modified_gmt":"2023-08-30T14:51:59","slug":"2022-2024-projekt","status":"publish","type":"page","link":"https:\/\/www.peetri.edu.ee\/pohikool\/erasmus-opiranded\/2022-2024-projekt\/","title":{"rendered":"2022-2024 projekt"},"content":{"rendered":"<p><img loading=\"lazy\" decoding=\"async\" class=\"wp-image-7197 alignright\" src=\"https:\/\/www.peetri.edu.ee\/pohikool\/wp-content\/uploads\/sites\/3\/2021\/08\/logoEL-300x83.png\" alt=\"\" width=\"307\" height=\"85\" \/><\/p>\n<h2 id=\"971453211190441083\" class=\"element wsite-content-title editable-text cke_editable cke_editable_inline cke_contents_ltr cke_focus cke_show_borders\" role=\"textbox\">Projekt\u00f5pe (PBL) ja\u00a0\u00a0Liider minus endas (LME) &#8211;<br \/>\n\u200bl\u00f5imitud \u00f5pe lasteaias ja koolis<\/h2>\n<p>&nbsp;<\/p>\n<p>\u00d5pir\u00e4nde projekti eesm\u00e4rkideks on:<\/p>\n<ul>\n<li>Projekt- ja \u00f5ues\u00f5ppe rakendamine ainetundides.<\/li>\n<li>Koost\u00f6\u00f6 ja meeskonnat\u00f6\u00f6 t\u00f5hustamine:<\/li>\n<li>Programmi &#8220;Liider minus endas&#8221; t\u00f5husam rakendamine.<\/li>\n<li>Digitehnoloogia kasutamine ja digitaalse sisu loomine.<\/li>\n<li>\u200bV\u00f5\u00f5rkeelsete keskkondada kasutamine \u00f5ppet\u00f6\u00f6s ja rahvusvahelistes v\u00f5rgustikes osalemine, inglise keele parendamine ja rakendamine.<\/li>\n<\/ul>\n<p>\u00d5pir\u00e4nde projektiga taotleti 30 \u00f5pir\u00e4nnet: 19 kursustel osalemist,\u00a0 9 t\u00f6\u00f6varjuks minekut ja 2 \u00f5pilaste r\u00fchmaviisilist \u00f5pir\u00e4nnet.<br \/>\n<strong>\u00d5pir\u00e4nde projekti rahastab\u00a0Euroopa Liit<\/strong><strong>\u00a0 ja toetust saadi kogu projektile<\/strong>.<\/p>\n<p>Projekti kaudu soovitakse:<br \/>\n1) uute kogemuste kaudu laiendada rahvusvahelist koost\u00f6\u00f6d.<br \/>\n2) t\u00f5hustada koost\u00f6\u00f6d lasteaia ja kooli vahel, v\u00f5imaldada partnerkoolide k\u00fclastusi, koos ja \u00fcksteiselt \u00f5ppimist, sise-ja v\u00e4liskoolitustel ning koost\u00f6\u00f6projektides osalemist, \u00f5petajate toetamine \u00f5petamismeetodite kasutamisel ning loovuse t\u00e4htsustamine \u00f5ppe- ja kasvatustegevuste planeerimisel, parendada programmi \u201cLiider minus endas\u201d l\u00f5imimist ja rakendamist igap\u00e4evat\u00f6\u00f6sse.<br \/>\n3) parendada\u00a0 projekt- ja \u00f5ues\u00f5ppe rakendamist, digitaalse sisu loomist.<br \/>\n4) keele\u00f5ppe v\u00f5imaldamist kasutades erinevaid tegevusi rikastavaid \u00f5ppemeetodeid.<\/p>\n<p>Projekti tegevuste kirjeldused:<br \/>\n1)\u00d5pilaste r\u00fchmaviisilise \u00f5pir\u00e4nne, mille kaudu\u00a0soovitakse \u00f5pilasesinduse liikmetele tutvustada LME programmi l\u00e4biviimist ja rakendamist partnerkoolides ning v\u00f5imaldada partnerkooli \u00f5ues\u00f5ppe- v\u00f5i projekt\u00f5ppetundides osalemist.<br \/>\n\u00d5pilastel v\u00f5imaldatakse saada praktilisi kogemusi, nad osalevad partnerkooli \u00f5ppetundides, \u00f5pivad partnerkoolide kogemustest, vahetavad oma teadmisi partnerkooli \u00f5pilastega, saavad uusi ideid, mida oma koolis kasutavad.<br \/>\n2)T\u00f6\u00f6varjuks mineku puhul soovitakse teha koost\u00f6\u00f6d teiste koolide \u00f5petajatega, pakkuda oma kooli \u00f5petajatele v\u00f5imalust k\u00fclastada teisest riigist p\u00e4rit kolleegide tunde ja j\u00e4lgida nende igap\u00e4evast t\u00f6\u00f6d, \u00f5ppida nende kogemustest ning koost\u00f6\u00f6s oma organisatsiooni haridust\u00f6\u00f6tajatega proovida siduda neid teadmisi projekti koolitustelt saadud materjalidega.<br \/>\nT\u00f6\u00f6tajatel v\u00f5imaldatakse saada praktilisi kogemusi,\u00a0 nad saavad v\u00f5rrelda \u00f5petamismeetodeid teiste Euroopa riikidega, vahetada oma teadmisi teiste riikide kolleegidega ja saada uusi ideid, mis toetavad organisatsiooni eesm\u00e4rki ja vajadusi.<br \/>\n3) Koolituste abil soovitakse toetada kooli t\u00f6\u00f6tajate professionaalset arengut, t\u00f5sta motivatsiooni ja rakendada elukestva \u00f5ppe p\u00f5him\u00f5tet pakkudes eneset\u00e4iendamise v\u00f5imalust rahvusvahelisel koolitusel, kus k\u00e4sitletakse projekt- ja \u00f5ues\u00f5ppe meetodeid, keskkonnas\u00f5bralikkust, digitaalse sisu loomist, v\u00f5\u00f5rkeele \u00f5pet.<br \/>\nKoolitustel omandatud teadmisi ja saadud \u00f5ppemeetodeid kasutatakse erinevate \u00f5ppeainete ning erineva tasemega \u00f5pilaste \u00f5petamisel ja l\u00f5imingute loomisel.<br \/>\n\u00d5petajad oskavad siduda saadud teadmisi praktikasse ja luua erinevatelt koolitustelt saadud teadmistest terviku, mis tulenevad organisatsiooni vajadustest.<br \/>\n\u00d5petajad tutvustavad omandatud teadmisi kolleegidele ja on valmis ise looma uusi \u00f5ppematerjale, tundides kasutatakse omandatud \u00f5petamismeetodeid, viiakse l\u00e4bi koost\u00f6\u00f6p\u00e4evi<br \/>\nSarnastel koolitustel osalejad t\u00e4iendavad teineteist, loovad materjalidest terviku, mida on v\u00f5imalik organisatsioonis rakendada ja tehakse rohkem koost\u00f6\u00f6d lasteaia ja kooli vahel.<\/p>\n<h2 id=\"326525453507547045\" class=\"element wsite-content-title editable-text cke_editable cke_editable_inline cke_contents_ltr cke_focus cke_show_borders\" role=\"textbox\"><u><strong>Toetatud \u00f5pir\u00e4nded<\/strong><\/u><\/h2>\n<p>\u00d5pilaste r\u00fchmaviisiline \u00f5pir\u00e4nne &#8211;\u00a02 \u00f5pilast ja 1 saatja<br \/>\nT\u00f6\u00f6varjutamine Hollandis\u00a0&#8211; 6 haridust\u00f6\u00f6tajat: 3 \u00f5petajat erinevatest\u00a0kooliastmetest ja kooli huvijuht, arendusjuht, direktor v\u00f5i \u00f5ppejuht.<br \/>\nT\u00f6\u00f6varjutamine Hispaanias\u00a0&#8211; 3 haridust\u00f6\u00f6tajat<br \/>\nSmart Teachers Play More!\u00a0Combine academic subjects and language learning with play and movement games to optimise learning. Experience authentic Iceland with Icelandic course providers in Reykjav\u00edk. (Island) &#8211; 4 osaleja (2 LA, 2PK)<br \/>\n2 Week Course: Intensive English, and Information and Communication Technologies (ICT)\u00a0Iirimaa &#8211; 2 \u00f5petajat<br \/>\nInnovative teaching methods for teachers, school and adult education staff\u00a0(Hispaania) &#8211; 3 \u00f5petajat (1 LA, 2PK)<br \/>\nProject-Based Learning (PBL) in the Classroom: Setup, Integration and Reflection\/PBL Project Based Learning to improve the management of the class\u00a0(Itaalia)- 4 \u00f5petajat (2LA, 2PK)<br \/>\nInteractive ICT-based, web and digital tools for an effective blended, flipped and cooperative learning\u00a0(Malta) &#8211; 3 \u00f5petajat (1LA, 2PK)<br \/>\n\u200bEnvironmental Education and outdoor education in non-formal settings\u00a0(K\u00fcpros) &#8211; 3 osalejat (1LA, 2PK)<\/p>\n<p>&nbsp;<\/p>\n","protected":false},"excerpt":{"rendered":"<p>Projekt\u00f5pe (PBL) ja\u00a0\u00a0Liider minus endas (LME) &#8211; \u200bl\u00f5imitud \u00f5pe lasteaias ja koolis &nbsp; \u00d5pir\u00e4nde projekti eesm\u00e4rkideks on: Projekt- ja \u00f5ues\u00f5ppe&#8230;<\/p>\n","protected":false},"author":14,"featured_media":0,"parent":3329,"menu_order":80,"comment_status":"closed","ping_status":"closed","template":"","meta":{"_acf_changed":false,"footnotes":""},"class_list":["post-7777","page","type-page","status-publish","hentry"],"yoast_head":"<!-- This site is optimized with the Yoast SEO plugin v27.2 - https:\/\/yoast.com\/product\/yoast-seo-wordpress\/ -->\n<title>2022-2024 projekt - Peetri P\u00f5hikool<\/title>\n<meta name=\"robots\" content=\"index, follow, max-snippet:-1, max-image-preview:large, max-video-preview:-1\" \/>\n<link rel=\"canonical\" href=\"https:\/\/www.peetri.edu.ee\/pohikool\/erasmus-opiranded\/2022-2024-projekt\/\" \/>\n<meta property=\"og:locale\" content=\"et_EE\" \/>\n<meta property=\"og:type\" content=\"article\" \/>\n<meta property=\"og:title\" content=\"2022-2024 projekt - Peetri P\u00f5hikool\" \/>\n<meta property=\"og:description\" content=\"Projekt\u00f5pe (PBL) ja\u00a0\u00a0Liider minus endas (LME) &#8211; \u200bl\u00f5imitud \u00f5pe lasteaias ja koolis &nbsp; \u00d5pir\u00e4nde projekti eesm\u00e4rkideks on: Projekt- ja \u00f5ues\u00f5ppe...\" \/>\n<meta property=\"og:url\" content=\"https:\/\/www.peetri.edu.ee\/pohikool\/erasmus-opiranded\/2022-2024-projekt\/\" \/>\n<meta property=\"og:site_name\" content=\"Peetri P\u00f5hikool\" \/>\n<meta property=\"article:modified_time\" content=\"2023-08-30T14:51:59+00:00\" \/>\n<meta property=\"og:image\" content=\"https:\/\/www.peetri.edu.ee\/pohikool\/wp-content\/uploads\/sites\/3\/2021\/08\/logoEL-300x83.png\" \/>\n<meta name=\"twitter:card\" content=\"summary_large_image\" \/>\n<meta name=\"twitter:label1\" content=\"Est. reading time\" \/>\n\t<meta name=\"twitter:data1\" content=\"3 minutit\" \/>\n<script type=\"application\/ld+json\" class=\"yoast-schema-graph\">{\"@context\":\"https:\/\/schema.org\",\"@graph\":[{\"@type\":\"WebPage\",\"@id\":\"https:\/\/www.peetri.edu.ee\/pohikool\/erasmus-opiranded\/2022-2024-projekt\/\",\"url\":\"https:\/\/www.peetri.edu.ee\/pohikool\/erasmus-opiranded\/2022-2024-projekt\/\",\"name\":\"2022-2024 projekt - Peetri P\u00f5hikool\",\"isPartOf\":{\"@id\":\"https:\/\/www.peetri.edu.ee\/pohikool\/#website\"},\"primaryImageOfPage\":{\"@id\":\"https:\/\/www.peetri.edu.ee\/pohikool\/erasmus-opiranded\/2022-2024-projekt\/#primaryimage\"},\"image\":{\"@id\":\"https:\/\/www.peetri.edu.ee\/pohikool\/erasmus-opiranded\/2022-2024-projekt\/#primaryimage\"},\"thumbnailUrl\":\"https:\/\/www.peetri.edu.ee\/pohikool\/wp-content\/uploads\/sites\/3\/2021\/08\/logoEL-300x83.png\",\"datePublished\":\"2023-08-30T14:26:26+00:00\",\"dateModified\":\"2023-08-30T14:51:59+00:00\",\"breadcrumb\":{\"@id\":\"https:\/\/www.peetri.edu.ee\/pohikool\/erasmus-opiranded\/2022-2024-projekt\/#breadcrumb\"},\"inLanguage\":\"et\",\"potentialAction\":[{\"@type\":\"ReadAction\",\"target\":[\"https:\/\/www.peetri.edu.ee\/pohikool\/erasmus-opiranded\/2022-2024-projekt\/\"]}]},{\"@type\":\"ImageObject\",\"inLanguage\":\"et\",\"@id\":\"https:\/\/www.peetri.edu.ee\/pohikool\/erasmus-opiranded\/2022-2024-projekt\/#primaryimage\",\"url\":\"https:\/\/www.peetri.edu.ee\/pohikool\/wp-content\/uploads\/sites\/3\/2021\/08\/logoEL.png\",\"contentUrl\":\"https:\/\/www.peetri.edu.ee\/pohikool\/wp-content\/uploads\/sites\/3\/2021\/08\/logoEL.png\",\"width\":480,\"height\":132},{\"@type\":\"BreadcrumbList\",\"@id\":\"https:\/\/www.peetri.edu.ee\/pohikool\/erasmus-opiranded\/2022-2024-projekt\/#breadcrumb\",\"itemListElement\":[{\"@type\":\"ListItem\",\"position\":1,\"name\":\"Home\",\"item\":\"https:\/\/www.peetri.edu.ee\/pohikool\/\"},{\"@type\":\"ListItem\",\"position\":2,\"name\":\"Erasmus+ \u00f5pir\u00e4nded ja koost\u00f6\u00f6projektid\",\"item\":\"https:\/\/www.peetri.edu.ee\/pohikool\/erasmus-opiranded\/\"},{\"@type\":\"ListItem\",\"position\":3,\"name\":\"2022-2024 projekt\"}]},{\"@type\":\"WebSite\",\"@id\":\"https:\/\/www.peetri.edu.ee\/pohikool\/#website\",\"url\":\"https:\/\/www.peetri.edu.ee\/pohikool\/\",\"name\":\"Peetri P\u00f5hikool\",\"description\":\"Igas inimeses on p\u00e4ike, laskem tal s\u00e4rada\",\"potentialAction\":[{\"@type\":\"SearchAction\",\"target\":{\"@type\":\"EntryPoint\",\"urlTemplate\":\"https:\/\/www.peetri.edu.ee\/pohikool\/?s={search_term_string}\"},\"query-input\":{\"@type\":\"PropertyValueSpecification\",\"valueRequired\":true,\"valueName\":\"search_term_string\"}}],\"inLanguage\":\"et\"}]}<\/script>\n<!-- \/ Yoast SEO plugin. -->","yoast_head_json":{"title":"2022-2024 projekt - Peetri P\u00f5hikool","robots":{"index":"index","follow":"follow","max-snippet":"max-snippet:-1","max-image-preview":"max-image-preview:large","max-video-preview":"max-video-preview:-1"},"canonical":"https:\/\/www.peetri.edu.ee\/pohikool\/erasmus-opiranded\/2022-2024-projekt\/","og_locale":"et_EE","og_type":"article","og_title":"2022-2024 projekt - Peetri P\u00f5hikool","og_description":"Projekt\u00f5pe (PBL) ja\u00a0\u00a0Liider minus endas (LME) &#8211; \u200bl\u00f5imitud \u00f5pe lasteaias ja koolis &nbsp; \u00d5pir\u00e4nde projekti eesm\u00e4rkideks on: Projekt- ja \u00f5ues\u00f5ppe...","og_url":"https:\/\/www.peetri.edu.ee\/pohikool\/erasmus-opiranded\/2022-2024-projekt\/","og_site_name":"Peetri P\u00f5hikool","article_modified_time":"2023-08-30T14:51:59+00:00","og_image":[{"url":"https:\/\/www.peetri.edu.ee\/pohikool\/wp-content\/uploads\/sites\/3\/2021\/08\/logoEL-300x83.png","type":"","width":"","height":""}],"twitter_card":"summary_large_image","twitter_misc":{"Est. reading time":"3 minutit"},"schema":{"@context":"https:\/\/schema.org","@graph":[{"@type":"WebPage","@id":"https:\/\/www.peetri.edu.ee\/pohikool\/erasmus-opiranded\/2022-2024-projekt\/","url":"https:\/\/www.peetri.edu.ee\/pohikool\/erasmus-opiranded\/2022-2024-projekt\/","name":"2022-2024 projekt - Peetri P\u00f5hikool","isPartOf":{"@id":"https:\/\/www.peetri.edu.ee\/pohikool\/#website"},"primaryImageOfPage":{"@id":"https:\/\/www.peetri.edu.ee\/pohikool\/erasmus-opiranded\/2022-2024-projekt\/#primaryimage"},"image":{"@id":"https:\/\/www.peetri.edu.ee\/pohikool\/erasmus-opiranded\/2022-2024-projekt\/#primaryimage"},"thumbnailUrl":"https:\/\/www.peetri.edu.ee\/pohikool\/wp-content\/uploads\/sites\/3\/2021\/08\/logoEL-300x83.png","datePublished":"2023-08-30T14:26:26+00:00","dateModified":"2023-08-30T14:51:59+00:00","breadcrumb":{"@id":"https:\/\/www.peetri.edu.ee\/pohikool\/erasmus-opiranded\/2022-2024-projekt\/#breadcrumb"},"inLanguage":"et","potentialAction":[{"@type":"ReadAction","target":["https:\/\/www.peetri.edu.ee\/pohikool\/erasmus-opiranded\/2022-2024-projekt\/"]}]},{"@type":"ImageObject","inLanguage":"et","@id":"https:\/\/www.peetri.edu.ee\/pohikool\/erasmus-opiranded\/2022-2024-projekt\/#primaryimage","url":"https:\/\/www.peetri.edu.ee\/pohikool\/wp-content\/uploads\/sites\/3\/2021\/08\/logoEL.png","contentUrl":"https:\/\/www.peetri.edu.ee\/pohikool\/wp-content\/uploads\/sites\/3\/2021\/08\/logoEL.png","width":480,"height":132},{"@type":"BreadcrumbList","@id":"https:\/\/www.peetri.edu.ee\/pohikool\/erasmus-opiranded\/2022-2024-projekt\/#breadcrumb","itemListElement":[{"@type":"ListItem","position":1,"name":"Home","item":"https:\/\/www.peetri.edu.ee\/pohikool\/"},{"@type":"ListItem","position":2,"name":"Erasmus+ \u00f5pir\u00e4nded ja koost\u00f6\u00f6projektid","item":"https:\/\/www.peetri.edu.ee\/pohikool\/erasmus-opiranded\/"},{"@type":"ListItem","position":3,"name":"2022-2024 projekt"}]},{"@type":"WebSite","@id":"https:\/\/www.peetri.edu.ee\/pohikool\/#website","url":"https:\/\/www.peetri.edu.ee\/pohikool\/","name":"Peetri P\u00f5hikool","description":"Igas inimeses on p\u00e4ike, laskem tal s\u00e4rada","potentialAction":[{"@type":"SearchAction","target":{"@type":"EntryPoint","urlTemplate":"https:\/\/www.peetri.edu.ee\/pohikool\/?s={search_term_string}"},"query-input":{"@type":"PropertyValueSpecification","valueRequired":true,"valueName":"search_term_string"}}],"inLanguage":"et"}]}},"acf":[],"_links":{"self":[{"href":"https:\/\/www.peetri.edu.ee\/pohikool\/wp-json\/wp\/v2\/pages\/7777","targetHints":{"allow":["GET"]}}],"collection":[{"href":"https:\/\/www.peetri.edu.ee\/pohikool\/wp-json\/wp\/v2\/pages"}],"about":[{"href":"https:\/\/www.peetri.edu.ee\/pohikool\/wp-json\/wp\/v2\/types\/page"}],"author":[{"embeddable":true,"href":"https:\/\/www.peetri.edu.ee\/pohikool\/wp-json\/wp\/v2\/users\/14"}],"replies":[{"embeddable":true,"href":"https:\/\/www.peetri.edu.ee\/pohikool\/wp-json\/wp\/v2\/comments?post=7777"}],"version-history":[{"count":5,"href":"https:\/\/www.peetri.edu.ee\/pohikool\/wp-json\/wp\/v2\/pages\/7777\/revisions"}],"predecessor-version":[{"id":7811,"href":"https:\/\/www.peetri.edu.ee\/pohikool\/wp-json\/wp\/v2\/pages\/7777\/revisions\/7811"}],"up":[{"embeddable":true,"href":"https:\/\/www.peetri.edu.ee\/pohikool\/wp-json\/wp\/v2\/pages\/3329"}],"wp:attachment":[{"href":"https:\/\/www.peetri.edu.ee\/pohikool\/wp-json\/wp\/v2\/media?parent=7777"}],"curies":[{"name":"wp","href":"https:\/\/api.w.org\/{rel}","templated":true}]}}