{"id":7660,"date":"2023-06-27T01:11:55","date_gmt":"2023-06-26T22:11:55","guid":{"rendered":"https:\/\/www.peetri.edu.ee\/pohikool\/?page_id=7660"},"modified":"2023-09-01T13:22:04","modified_gmt":"2023-09-01T10:22:04","slug":"21st-century-education-teaching-skills-equip-next-generations","status":"publish","type":"page","link":"https:\/\/www.peetri.edu.ee\/pohikool\/erasmus-opiranded\/2020-2022-projekt\/21st-century-education-teaching-skills-equip-next-generations\/","title":{"rendered":"21st century Education and Teaching Skills: Equip the Next Generations"},"content":{"rendered":"<p><span style=\"font-weight: 400\">Soomes\u00a0 toimuva\u00a0 kuruse &#8220;Lessons from Finland with Educational visits to schools&#8221; asemele\u00a0 valiti kursus\u00a0 \u201c21st century Education and Teaching Skills: Equip the Next Generations\u201d Kreekas.<\/span><br \/>\n<span style=\"font-weight: 600\"><span style=\"color: #000080\"><b>17.\u201323.07.2023 toimus Kreekas Rhodose saarel koolitus <\/b><\/span> <span style=\"color: #000080\"><b>\u201c21st century Education and Teaching Skills: Equip the Next Generations\u201d<\/b><\/span><\/span>, mis kestis kokku 7 p\u00e4eva. Koolitusel osalesid \u00f5petajad Eestist, Ungarist, Itaaliast ja Austriast.<br \/>\nKoolitujate hulgas olid valdavalt keele\u00f5petajad, aga ka eriala\u00f5petajad. Osalejad t\u00f6\u00f6tasid enamasti noorte ja t\u00e4iskasvanutega, m\u00f5ned neist riigikoolides, m\u00f5ned erakoolides.<\/p>\n<p><span style=\"font-weight: 400\">Koolituse fookuses oli nn 4C-ga tutvumine (critical thinking, collaboration, communication, creativity ehk kriitiline m\u00f5tlemine, koost\u00f6\u00f6, suhtlus, loovus). Koolituse raames tutvustas koolitaja Konstantina Konstantakopoulou eelnevalt mainitud oskuste k\u00f5rgemaid tasemeid ning arutas koolitujatega, kuidas parima tulemuseni j\u00f5uda.<\/span><\/p>\n<p><span style=\"font-weight: 400\">Selleks aga, et k\u00f5ike seda teha, on vaja oma \u00f5pilasi tundma \u00f5ppida. Koolitaja Konstantina \u00f5petas mitmeid m\u00e4nge, mille abil saab \u00f5pilane vastavalt sellele, kui palju ta klassikaaslasi ja \u00f5petajat usaldab, end avada. N\u00e4iteks m\u00e4ngisime m\u00e4ngu \u201cPuuviljasegu\u201d, mille k\u00e4igus jagati m\u00e4ngus osalejatele \u00fcks puuvilja nimetus, n\u00e4iteks kirss, \u00f5un, pirn. Igal osalejal oli oma tool, millel ta istus, v.a \u00fchel, kes j\u00e4i ringi keskele seisma. Kui ringis seisev osaleja nimetas \u00fche puuvilja, pidid nimetuse saanud m\u00e4ngijad koha valima, sh ka ringi keskel olnud osaleja. Nii j\u00e4i alati keegi keskele seisma. M\u00e4ngu saab p\u00f5nevamaks muuta nii, et hakatakse otsima m\u00e4ngijate \u00fchiseid jooni. Nii vahetavad kohad need, kelle kohta ringi keskel esitatud v\u00e4ide kehtib.<\/span><\/p>\n<p><span style=\"font-weight: 400\">Koost\u00f6\u00f6 edendamiseks pakkus koolitaja v\u00e4lja Goosechase\u2019i \u00e4piga muuseumi k\u00fclastamise. Koolitusel osalejad jaotati gruppidesse ning viidi Rhodose vanalinna muuseumeid k\u00fclastama. Tihtipeale on muuseumik\u00fclastused \u00f5pilaste jaoks igavad, kuid m\u00e4ngulise \u00e4pi abil, kuhu saab sisestada m\u00f5istatusi, k\u00fcsimusi, pilte, saab neid panna t\u00e4helepanu p\u00f6\u00f6rama detailidele. Nii saab \u00f5petaja suunata \u00f5pilasi just nende vaatamisv\u00e4\u00e4rsuste juurde, mis on teema \u00f5ppimiseks olulised.<\/span><\/p>\n<p><span style=\"font-weight: 400\">Samuti v\u00f5eti koolitusel vaatluse alla \u00f5petaja roll. Iseenda kui \u00f5petaja hindamiseks pakkus koolitaja v\u00e4lja toreda \u00fclesande, nn \u00f5petaja kaitsekilp. Paberile tuli joonistada kaitsekilpi meenutav kujund ning jaotada leht neljaks: moto, v\u00e4\u00e4rtused, oskused ja logo. Seda \u00fclesannet on tore ka \u00f5pilastega teha, sest see aitab kaardistada, mis on rolli t\u00e4itmiseks oluline. Suunati m\u00f5tlema ka sellele, millised on koolitusel osalejate nn punased nupud ning kuidas \u00f5ppida end maha rahustama. Selline \u00fclesanne on kasulik nii t\u00e4iskasvanutele kui ka noortele.<\/span><\/p>\n<p><a href=\"https:\/\/www.peetri.edu.ee\/pohikool\/wp-content\/uploads\/sites\/3\/2023\/06\/3.jpg\"><img loading=\"lazy\" decoding=\"async\" class=\"alignnone size-medium wp-image-7857\" src=\"https:\/\/www.peetri.edu.ee\/pohikool\/wp-content\/uploads\/sites\/3\/2023\/06\/3-300x225.jpg\" alt=\"\" width=\"300\" height=\"225\" \/>\u00a0 \u00a0<\/a><a href=\"https:\/\/www.peetri.edu.ee\/pohikool\/wp-content\/uploads\/sites\/3\/2023\/06\/1-1.jpg\"><img loading=\"lazy\" decoding=\"async\" class=\"alignnone wp-image-7859\" src=\"https:\/\/www.peetri.edu.ee\/pohikool\/wp-content\/uploads\/sites\/3\/2023\/06\/1-1-300x169.jpg\" alt=\"\" width=\"399\" height=\"225\" \/><\/a><\/p>\n<p><a href=\"https:\/\/www.peetri.edu.ee\/pohikool\/wp-content\/uploads\/sites\/3\/2023\/06\/4.jpeg\"><img loading=\"lazy\" decoding=\"async\" class=\"alignnone size-medium wp-image-7856\" src=\"https:\/\/www.peetri.edu.ee\/pohikool\/wp-content\/uploads\/sites\/3\/2023\/06\/4-225x300.jpeg\" alt=\"\" width=\"225\" height=\"300\" \/><\/a>\u00a0\u00a0<a href=\"https:\/\/www.peetri.edu.ee\/pohikool\/wp-content\/uploads\/sites\/3\/2023\/06\/2-1.jpg\"><img loading=\"lazy\" decoding=\"async\" class=\"alignnone size-medium wp-image-7858\" src=\"https:\/\/www.peetri.edu.ee\/pohikool\/wp-content\/uploads\/sites\/3\/2023\/06\/2-1-225x300.jpg\" alt=\"\" width=\"225\" height=\"300\" \/>\u00a0\u00a0\u00a0\u00a0<\/a><a href=\"https:\/\/www.peetri.edu.ee\/pohikool\/wp-content\/uploads\/sites\/3\/2023\/06\/5.jpeg\"><img loading=\"lazy\" decoding=\"async\" class=\"alignnone size-medium wp-image-7855\" src=\"https:\/\/www.peetri.edu.ee\/pohikool\/wp-content\/uploads\/sites\/3\/2023\/06\/5-205x300.jpeg\" alt=\"\" width=\"205\" height=\"300\" \/><\/a><\/p>\n<p><img loading=\"lazy\" decoding=\"async\" class=\"alignnone wp-image-7854\" src=\"https:\/\/www.peetri.edu.ee\/pohikool\/wp-content\/uploads\/sites\/3\/2023\/06\/6-300x169.jpeg\" alt=\"\" width=\"480\" height=\"270\" \/><\/p>\n<p>Rohkem infot:\u00a0http:\/\/profareng.weebly.com\/21st-century-education-and-teaching-skills-equip-the-next-generations&#8212;kreeka.html<\/p>\n","protected":false},"excerpt":{"rendered":"<p>Soomes\u00a0 toimuva\u00a0 kuruse &#8220;Lessons from Finland with Educational visits to schools&#8221; asemele\u00a0 valiti kursus\u00a0 \u201c21st century Education and Teaching Skills:&#8230;<\/p>\n","protected":false},"author":14,"featured_media":0,"parent":5568,"menu_order":70,"comment_status":"closed","ping_status":"closed","template":"","meta":{"_acf_changed":false,"footnotes":""},"class_list":["post-7660","page","type-page","status-publish","hentry"],"yoast_head":"<!-- This site is optimized with the Yoast SEO plugin v27.2 - https:\/\/yoast.com\/product\/yoast-seo-wordpress\/ -->\n<title>21st century Education and Teaching Skills: Equip the Next Generations - Peetri P\u00f5hikool<\/title>\n<meta name=\"robots\" content=\"index, follow, max-snippet:-1, max-image-preview:large, max-video-preview:-1\" \/>\n<link rel=\"canonical\" href=\"https:\/\/www.peetri.edu.ee\/pohikool\/erasmus-opiranded\/2020-2022-projekt\/21st-century-education-teaching-skills-equip-next-generations\/\" \/>\n<meta property=\"og:locale\" content=\"et_EE\" \/>\n<meta property=\"og:type\" content=\"article\" \/>\n<meta property=\"og:title\" content=\"21st century Education and Teaching Skills: Equip the Next Generations - Peetri P\u00f5hikool\" \/>\n<meta property=\"og:description\" content=\"Soomes\u00a0 toimuva\u00a0 kuruse &#8220;Lessons from Finland with Educational visits to schools&#8221; asemele\u00a0 valiti kursus\u00a0 \u201c21st century Education and Teaching Skills:...\" \/>\n<meta property=\"og:url\" content=\"https:\/\/www.peetri.edu.ee\/pohikool\/erasmus-opiranded\/2020-2022-projekt\/21st-century-education-teaching-skills-equip-next-generations\/\" \/>\n<meta property=\"og:site_name\" content=\"Peetri P\u00f5hikool\" \/>\n<meta property=\"article:modified_time\" content=\"2023-09-01T10:22:04+00:00\" \/>\n<meta property=\"og:image\" content=\"https:\/\/www.peetri.edu.ee\/pohikool\/wp-content\/uploads\/sites\/3\/2023\/06\/3-300x225.jpg\" \/>\n<meta name=\"twitter:card\" content=\"summary_large_image\" \/>\n<meta name=\"twitter:label1\" content=\"Est. reading time\" \/>\n\t<meta name=\"twitter:data1\" content=\"2 minutit\" \/>\n<script type=\"application\/ld+json\" class=\"yoast-schema-graph\">{\"@context\":\"https:\/\/schema.org\",\"@graph\":[{\"@type\":\"WebPage\",\"@id\":\"https:\/\/www.peetri.edu.ee\/pohikool\/erasmus-opiranded\/2020-2022-projekt\/21st-century-education-teaching-skills-equip-next-generations\/\",\"url\":\"https:\/\/www.peetri.edu.ee\/pohikool\/erasmus-opiranded\/2020-2022-projekt\/21st-century-education-teaching-skills-equip-next-generations\/\",\"name\":\"21st century Education and Teaching Skills: Equip the Next Generations - Peetri P\u00f5hikool\",\"isPartOf\":{\"@id\":\"https:\/\/www.peetri.edu.ee\/pohikool\/#website\"},\"primaryImageOfPage\":{\"@id\":\"https:\/\/www.peetri.edu.ee\/pohikool\/erasmus-opiranded\/2020-2022-projekt\/21st-century-education-teaching-skills-equip-next-generations\/#primaryimage\"},\"image\":{\"@id\":\"https:\/\/www.peetri.edu.ee\/pohikool\/erasmus-opiranded\/2020-2022-projekt\/21st-century-education-teaching-skills-equip-next-generations\/#primaryimage\"},\"thumbnailUrl\":\"https:\/\/www.peetri.edu.ee\/pohikool\/wp-content\/uploads\/sites\/3\/2023\/06\/3-300x225.jpg\",\"datePublished\":\"2023-06-26T22:11:55+00:00\",\"dateModified\":\"2023-09-01T10:22:04+00:00\",\"breadcrumb\":{\"@id\":\"https:\/\/www.peetri.edu.ee\/pohikool\/erasmus-opiranded\/2020-2022-projekt\/21st-century-education-teaching-skills-equip-next-generations\/#breadcrumb\"},\"inLanguage\":\"et\",\"potentialAction\":[{\"@type\":\"ReadAction\",\"target\":[\"https:\/\/www.peetri.edu.ee\/pohikool\/erasmus-opiranded\/2020-2022-projekt\/21st-century-education-teaching-skills-equip-next-generations\/\"]}]},{\"@type\":\"ImageObject\",\"inLanguage\":\"et\",\"@id\":\"https:\/\/www.peetri.edu.ee\/pohikool\/erasmus-opiranded\/2020-2022-projekt\/21st-century-education-teaching-skills-equip-next-generations\/#primaryimage\",\"url\":\"https:\/\/www.peetri.edu.ee\/pohikool\/wp-content\/uploads\/sites\/3\/2023\/06\/3.jpg\",\"contentUrl\":\"https:\/\/www.peetri.edu.ee\/pohikool\/wp-content\/uploads\/sites\/3\/2023\/06\/3.jpg\",\"width\":1143,\"height\":857},{\"@type\":\"BreadcrumbList\",\"@id\":\"https:\/\/www.peetri.edu.ee\/pohikool\/erasmus-opiranded\/2020-2022-projekt\/21st-century-education-teaching-skills-equip-next-generations\/#breadcrumb\",\"itemListElement\":[{\"@type\":\"ListItem\",\"position\":1,\"name\":\"Home\",\"item\":\"https:\/\/www.peetri.edu.ee\/pohikool\/\"},{\"@type\":\"ListItem\",\"position\":2,\"name\":\"Erasmus+ \u00f5pir\u00e4nded ja koost\u00f6\u00f6projektid\",\"item\":\"https:\/\/www.peetri.edu.ee\/pohikool\/erasmus-opiranded\/\"},{\"@type\":\"ListItem\",\"position\":3,\"name\":\"2020-2023 projekt\",\"item\":\"https:\/\/www.peetri.edu.ee\/pohikool\/erasmus-opiranded\/2020-2022-projekt\/\"},{\"@type\":\"ListItem\",\"position\":4,\"name\":\"21st century Education and Teaching Skills: Equip the Next Generations\"}]},{\"@type\":\"WebSite\",\"@id\":\"https:\/\/www.peetri.edu.ee\/pohikool\/#website\",\"url\":\"https:\/\/www.peetri.edu.ee\/pohikool\/\",\"name\":\"Peetri P\u00f5hikool\",\"description\":\"Igas inimeses on p\u00e4ike, laskem tal s\u00e4rada\",\"potentialAction\":[{\"@type\":\"SearchAction\",\"target\":{\"@type\":\"EntryPoint\",\"urlTemplate\":\"https:\/\/www.peetri.edu.ee\/pohikool\/?s={search_term_string}\"},\"query-input\":{\"@type\":\"PropertyValueSpecification\",\"valueRequired\":true,\"valueName\":\"search_term_string\"}}],\"inLanguage\":\"et\"}]}<\/script>\n<!-- \/ Yoast SEO plugin. -->","yoast_head_json":{"title":"21st century Education and Teaching Skills: Equip the Next Generations - Peetri P\u00f5hikool","robots":{"index":"index","follow":"follow","max-snippet":"max-snippet:-1","max-image-preview":"max-image-preview:large","max-video-preview":"max-video-preview:-1"},"canonical":"https:\/\/www.peetri.edu.ee\/pohikool\/erasmus-opiranded\/2020-2022-projekt\/21st-century-education-teaching-skills-equip-next-generations\/","og_locale":"et_EE","og_type":"article","og_title":"21st century Education and Teaching Skills: Equip the Next Generations - Peetri P\u00f5hikool","og_description":"Soomes\u00a0 toimuva\u00a0 kuruse &#8220;Lessons from Finland with Educational visits to schools&#8221; asemele\u00a0 valiti kursus\u00a0 \u201c21st century Education and Teaching Skills:...","og_url":"https:\/\/www.peetri.edu.ee\/pohikool\/erasmus-opiranded\/2020-2022-projekt\/21st-century-education-teaching-skills-equip-next-generations\/","og_site_name":"Peetri P\u00f5hikool","article_modified_time":"2023-09-01T10:22:04+00:00","og_image":[{"url":"https:\/\/www.peetri.edu.ee\/pohikool\/wp-content\/uploads\/sites\/3\/2023\/06\/3-300x225.jpg","type":"","width":"","height":""}],"twitter_card":"summary_large_image","twitter_misc":{"Est. reading time":"2 minutit"},"schema":{"@context":"https:\/\/schema.org","@graph":[{"@type":"WebPage","@id":"https:\/\/www.peetri.edu.ee\/pohikool\/erasmus-opiranded\/2020-2022-projekt\/21st-century-education-teaching-skills-equip-next-generations\/","url":"https:\/\/www.peetri.edu.ee\/pohikool\/erasmus-opiranded\/2020-2022-projekt\/21st-century-education-teaching-skills-equip-next-generations\/","name":"21st century Education and Teaching Skills: Equip the Next Generations - Peetri P\u00f5hikool","isPartOf":{"@id":"https:\/\/www.peetri.edu.ee\/pohikool\/#website"},"primaryImageOfPage":{"@id":"https:\/\/www.peetri.edu.ee\/pohikool\/erasmus-opiranded\/2020-2022-projekt\/21st-century-education-teaching-skills-equip-next-generations\/#primaryimage"},"image":{"@id":"https:\/\/www.peetri.edu.ee\/pohikool\/erasmus-opiranded\/2020-2022-projekt\/21st-century-education-teaching-skills-equip-next-generations\/#primaryimage"},"thumbnailUrl":"https:\/\/www.peetri.edu.ee\/pohikool\/wp-content\/uploads\/sites\/3\/2023\/06\/3-300x225.jpg","datePublished":"2023-06-26T22:11:55+00:00","dateModified":"2023-09-01T10:22:04+00:00","breadcrumb":{"@id":"https:\/\/www.peetri.edu.ee\/pohikool\/erasmus-opiranded\/2020-2022-projekt\/21st-century-education-teaching-skills-equip-next-generations\/#breadcrumb"},"inLanguage":"et","potentialAction":[{"@type":"ReadAction","target":["https:\/\/www.peetri.edu.ee\/pohikool\/erasmus-opiranded\/2020-2022-projekt\/21st-century-education-teaching-skills-equip-next-generations\/"]}]},{"@type":"ImageObject","inLanguage":"et","@id":"https:\/\/www.peetri.edu.ee\/pohikool\/erasmus-opiranded\/2020-2022-projekt\/21st-century-education-teaching-skills-equip-next-generations\/#primaryimage","url":"https:\/\/www.peetri.edu.ee\/pohikool\/wp-content\/uploads\/sites\/3\/2023\/06\/3.jpg","contentUrl":"https:\/\/www.peetri.edu.ee\/pohikool\/wp-content\/uploads\/sites\/3\/2023\/06\/3.jpg","width":1143,"height":857},{"@type":"BreadcrumbList","@id":"https:\/\/www.peetri.edu.ee\/pohikool\/erasmus-opiranded\/2020-2022-projekt\/21st-century-education-teaching-skills-equip-next-generations\/#breadcrumb","itemListElement":[{"@type":"ListItem","position":1,"name":"Home","item":"https:\/\/www.peetri.edu.ee\/pohikool\/"},{"@type":"ListItem","position":2,"name":"Erasmus+ \u00f5pir\u00e4nded ja koost\u00f6\u00f6projektid","item":"https:\/\/www.peetri.edu.ee\/pohikool\/erasmus-opiranded\/"},{"@type":"ListItem","position":3,"name":"2020-2023 projekt","item":"https:\/\/www.peetri.edu.ee\/pohikool\/erasmus-opiranded\/2020-2022-projekt\/"},{"@type":"ListItem","position":4,"name":"21st century Education and Teaching Skills: Equip the Next Generations"}]},{"@type":"WebSite","@id":"https:\/\/www.peetri.edu.ee\/pohikool\/#website","url":"https:\/\/www.peetri.edu.ee\/pohikool\/","name":"Peetri P\u00f5hikool","description":"Igas inimeses on p\u00e4ike, laskem tal s\u00e4rada","potentialAction":[{"@type":"SearchAction","target":{"@type":"EntryPoint","urlTemplate":"https:\/\/www.peetri.edu.ee\/pohikool\/?s={search_term_string}"},"query-input":{"@type":"PropertyValueSpecification","valueRequired":true,"valueName":"search_term_string"}}],"inLanguage":"et"}]}},"acf":[],"_links":{"self":[{"href":"https:\/\/www.peetri.edu.ee\/pohikool\/wp-json\/wp\/v2\/pages\/7660","targetHints":{"allow":["GET"]}}],"collection":[{"href":"https:\/\/www.peetri.edu.ee\/pohikool\/wp-json\/wp\/v2\/pages"}],"about":[{"href":"https:\/\/www.peetri.edu.ee\/pohikool\/wp-json\/wp\/v2\/types\/page"}],"author":[{"embeddable":true,"href":"https:\/\/www.peetri.edu.ee\/pohikool\/wp-json\/wp\/v2\/users\/14"}],"replies":[{"embeddable":true,"href":"https:\/\/www.peetri.edu.ee\/pohikool\/wp-json\/wp\/v2\/comments?post=7660"}],"version-history":[{"count":5,"href":"https:\/\/www.peetri.edu.ee\/pohikool\/wp-json\/wp\/v2\/pages\/7660\/revisions"}],"predecessor-version":[{"id":7860,"href":"https:\/\/www.peetri.edu.ee\/pohikool\/wp-json\/wp\/v2\/pages\/7660\/revisions\/7860"}],"up":[{"embeddable":true,"href":"https:\/\/www.peetri.edu.ee\/pohikool\/wp-json\/wp\/v2\/pages\/5568"}],"wp:attachment":[{"href":"https:\/\/www.peetri.edu.ee\/pohikool\/wp-json\/wp\/v2\/media?parent=7660"}],"curies":[{"name":"wp","href":"https:\/\/api.w.org\/{rel}","templated":true}]}}