{"id":7656,"date":"2023-06-27T00:52:19","date_gmt":"2023-06-26T21:52:19","guid":{"rendered":"https:\/\/www.peetri.edu.ee\/pohikool\/?page_id=7656"},"modified":"2023-09-15T16:33:10","modified_gmt":"2023-09-15T13:33:10","slug":"media-education-video-making-school-classrooms-action-digital-story-telling","status":"publish","type":"page","link":"https:\/\/www.peetri.edu.ee\/pohikool\/erasmus-opiranded\/2020-2022-projekt\/media-education-video-making-school-classrooms-action-digital-story-telling\/","title":{"rendered":"Media Education + Video Making at school &#8211; Classrooms in action and digital story-telling"},"content":{"rendered":"<p><span style=\"font-weight: 400\">Kreekas toimuva\u00a0 kuruse &#8220;Training Course on Animation in Education for formal and non-formal educators&#8221; asemele\u00a0 valiti Itaalias Soveratos kursus &#8220;Media Education + Video Making at school &#8211; Classrooms in action and digital story-telling&#8221;, mis sisaldas videode ja animatsioonide tegemist.<\/span><\/p>\n<p><span style=\"font-weight: 400\">Kreekas toimuv koolitus j\u00e4eti pidevalt \u00e4ra ja seet\u00f5ttu tuli leida sobiv asenduskursus.\u00a0<\/span><\/p>\n<p><strong>16.\u201323. aprillil 2023 <\/strong>osales ideest teostuseni \u00f5petaja Margit koolitusel <strong>\u201cMedia Education + Videomaking at school \u2013 Classrooms in action and digital story-telling \u201d<\/strong> Soveratos, Itaalias.<\/p>\n<p>Koolituse l\u00e4biviijaks oli Jump Training Academy.<\/p>\n<p>See koolitus on m\u00f5eldud k\u00f5igile, kes soovivad rohkem teada saada audiovisuaalse sisu loomest. Koolituse k\u00e4igus saab praktilise kogemuse video tegemise p\u00f5hit\u00f5dedest ja kasulikest t\u00f6\u00f6riistadest, et luua k\u00f6itvat ja harivat sisu.<\/p>\n<p>Koolitus algas p\u00f5hjaliku \u00fclevaatega, mida on vaja teada enne video filmimist. R\u00e4\u00e4giti stsenaariumi olulisusest, kuidas luua <em>storyboard<\/em>`i e video jutustust, video filmimise erinevatest n\u00fcanssidest ning erinevatest kaamera nurkadest. Heli ja audio kasutamisest ning autori\u00f5igustest. Tehti \u00fclevaade, kui lihtne on luua valeuudiseid ning teha videoid kasutades kuulsate inimeste h\u00e4\u00e4lt v\u00f5i n\u00e4gu.<\/p>\n<p>Koolitusel kasutatud mobiilirakendust on v\u00e4ga lihtne kasutada ning selle programmiga saab videot monteerida ja helindada. Koolitati k\u00f5iki personaalselt ning t\u00e4nu sellele oli abi alati k\u00e4ep\u00e4rast.<\/p>\n<p>Lisaks \u00f5ppet\u00f6\u00f6le tutvustas koolitaja kohalikku kultuuri ja ajalugu. Korraldati mitmeid v\u00e4ljas\u00f5ite ja \u00fchiseid \u00f5htus\u00f6\u00f6ke.<\/p>\n<p>Erasmus+ koolituste k\u00f5ige meeldivamaks osaks on alati uute tutvuste loomine ja koost\u00f6\u00f6partnerite leidmine. V\u00e4ga huvitav on kuulata erinevate riikide hariduss\u00fcsteemist ning jagada praktilisi kogemusi.<\/p>\n<p>Koolitusel omandatut saab kasutada tundide mitmekesisemaks muutmiseks, seda nii ise \u00f5ppevideoid tehes v\u00f5i anda \u00f5pilastele \u00fclesanne video valmistada.<\/p>\n<p>Projekti veebileht: <a href=\"http:\/\/profareng.weebly.com\/media-education--video-making-at-school---itaalia.html\">http:\/\/profareng.weebly.com\/media-education&#8211;video-making-at-school&#8212;itaalia.html<\/a><\/p>\n<p><a href=\"https:\/\/www.peetri.edu.ee\/pohikool\/wp-content\/uploads\/sites\/3\/2023\/06\/Pilt2m.png\"><img loading=\"lazy\" decoding=\"async\" class=\"alignnone  wp-image-7968\" src=\"https:\/\/www.peetri.edu.ee\/pohikool\/wp-content\/uploads\/sites\/3\/2023\/06\/Pilt2m-300x225.png\" alt=\"\" width=\"424\" height=\"318\" \/><\/a><a href=\"https:\/\/www.peetri.edu.ee\/pohikool\/wp-content\/uploads\/sites\/3\/2023\/06\/Pilt1_m.png\">\u00a0 \u00a0 \u00a0 \u00a0\u00a0<\/a>\u00a0 \u00a0<a href=\"https:\/\/www.peetri.edu.ee\/pohikool\/wp-content\/uploads\/sites\/3\/2023\/06\/Pilt4m.png\"><img loading=\"lazy\" decoding=\"async\" class=\"alignnone  wp-image-7966\" src=\"https:\/\/www.peetri.edu.ee\/pohikool\/wp-content\/uploads\/sites\/3\/2023\/06\/Pilt4m-300x225.png\" alt=\"\" width=\"421\" height=\"316\" \/>\u00a0\u00a0\u00a0\u00a0\u00a0\u00a0\u00a0<\/a><\/p>\n<p><a href=\"https:\/\/www.peetri.edu.ee\/pohikool\/wp-content\/uploads\/sites\/3\/2023\/06\/Pilt5m.png\"><img loading=\"lazy\" decoding=\"async\" class=\"alignnone size-medium wp-image-7965\" src=\"https:\/\/www.peetri.edu.ee\/pohikool\/wp-content\/uploads\/sites\/3\/2023\/06\/Pilt5m-225x300.png\" alt=\"\" width=\"225\" height=\"300\" \/><\/a> <a href=\"https:\/\/www.peetri.edu.ee\/pohikool\/wp-content\/uploads\/sites\/3\/2023\/06\/Pilt6m.png\"><img loading=\"lazy\" decoding=\"async\" class=\"alignnone size-medium wp-image-7964\" src=\"https:\/\/www.peetri.edu.ee\/pohikool\/wp-content\/uploads\/sites\/3\/2023\/06\/Pilt6m-225x300.png\" alt=\"\" width=\"225\" height=\"300\" \/><\/a> <a href=\"https:\/\/www.peetri.edu.ee\/pohikool\/wp-content\/uploads\/sites\/3\/2023\/06\/Pilt7m.png\"><img loading=\"lazy\" decoding=\"async\" class=\"alignnone size-medium wp-image-7963\" src=\"https:\/\/www.peetri.edu.ee\/pohikool\/wp-content\/uploads\/sites\/3\/2023\/06\/Pilt7m-225x300.png\" alt=\"\" width=\"225\" height=\"300\" \/><\/a><\/p>\n<p><a href=\"https:\/\/www.peetri.edu.ee\/pohikool\/wp-content\/uploads\/sites\/3\/2023\/06\/Pilt8m.png\">\u00a0<img loading=\"lazy\" decoding=\"async\" class=\"alignnone  wp-image-7962\" src=\"https:\/\/www.peetri.edu.ee\/pohikool\/wp-content\/uploads\/sites\/3\/2023\/06\/Pilt8m-300x225.png\" alt=\"\" width=\"327\" height=\"245\" \/>\u00a0\u00a0\u00a0\u00a0\u00a0\u00a0\u00a0\u00a0\u00a0\u00a0\u00a0\u00a0\u00a0\u00a0\u00a0\u00a0\u00a0\u00a0\u00a0<\/a><\/p>\n<p><a href=\"https:\/\/www.peetri.edu.ee\/pohikool\/wp-content\/uploads\/sites\/3\/2023\/06\/Pilt1_m.png\"><img loading=\"lazy\" decoding=\"async\" class=\"alignnone  wp-image-7969\" src=\"https:\/\/www.peetri.edu.ee\/pohikool\/wp-content\/uploads\/sites\/3\/2023\/06\/Pilt1_m-300x225.png\" alt=\"\" width=\"687\" height=\"515\" \/><\/a><a href=\"https:\/\/www.peetri.edu.ee\/pohikool\/wp-content\/uploads\/sites\/3\/2023\/06\/Pilt8m.png\"><\/a><\/p>\n","protected":false},"excerpt":{"rendered":"<p>Kreekas toimuva\u00a0 kuruse &#8220;Training Course on Animation in Education for formal and non-formal educators&#8221; asemele\u00a0 valiti Itaalias Soveratos kursus &#8220;Media&#8230;<\/p>\n","protected":false},"author":14,"featured_media":0,"parent":5568,"menu_order":60,"comment_status":"closed","ping_status":"closed","template":"","meta":{"_acf_changed":false,"footnotes":""},"class_list":["post-7656","page","type-page","status-publish","hentry"],"yoast_head":"<!-- This site is optimized with the Yoast SEO plugin v27.5 - https:\/\/yoast.com\/product\/yoast-seo-wordpress\/ -->\n<title>Media Education + Video Making at school - Classrooms in action and digital story-telling - Peetri P\u00f5hikool<\/title>\n<meta name=\"robots\" content=\"index, follow, max-snippet:-1, max-image-preview:large, max-video-preview:-1\" \/>\n<link rel=\"canonical\" href=\"https:\/\/www.peetri.edu.ee\/pohikool\/erasmus-opiranded\/2020-2022-projekt\/media-education-video-making-school-classrooms-action-digital-story-telling\/\" \/>\n<meta property=\"og:locale\" content=\"et_EE\" \/>\n<meta property=\"og:type\" content=\"article\" \/>\n<meta property=\"og:title\" content=\"Media Education + Video Making at school - Classrooms in action and digital story-telling - Peetri P\u00f5hikool\" \/>\n<meta property=\"og:description\" content=\"Kreekas toimuva\u00a0 kuruse &#8220;Training Course on Animation in Education for formal and non-formal educators&#8221; asemele\u00a0 valiti Itaalias Soveratos kursus &#8220;Media...\" \/>\n<meta property=\"og:url\" content=\"https:\/\/www.peetri.edu.ee\/pohikool\/erasmus-opiranded\/2020-2022-projekt\/media-education-video-making-school-classrooms-action-digital-story-telling\/\" \/>\n<meta property=\"og:site_name\" content=\"Peetri P\u00f5hikool\" \/>\n<meta property=\"article:modified_time\" content=\"2023-09-15T13:33:10+00:00\" \/>\n<meta property=\"og:image\" content=\"https:\/\/www.peetri.edu.ee\/pohikool\/wp-content\/uploads\/sites\/3\/2023\/06\/Pilt2m-300x225.png\" \/>\n<meta name=\"twitter:card\" content=\"summary_large_image\" \/>\n<meta name=\"twitter:label1\" content=\"Est. reading time\" \/>\n\t<meta name=\"twitter:data1\" content=\"1 minut\" \/>\n<script type=\"application\/ld+json\" class=\"yoast-schema-graph\">{\"@context\":\"https:\\\/\\\/schema.org\",\"@graph\":[{\"@type\":\"WebPage\",\"@id\":\"https:\\\/\\\/www.peetri.edu.ee\\\/pohikool\\\/erasmus-opiranded\\\/2020-2022-projekt\\\/media-education-video-making-school-classrooms-action-digital-story-telling\\\/\",\"url\":\"https:\\\/\\\/www.peetri.edu.ee\\\/pohikool\\\/erasmus-opiranded\\\/2020-2022-projekt\\\/media-education-video-making-school-classrooms-action-digital-story-telling\\\/\",\"name\":\"Media Education + Video Making at school - Classrooms in action and digital story-telling - Peetri P\u00f5hikool\",\"isPartOf\":{\"@id\":\"https:\\\/\\\/www.peetri.edu.ee\\\/pohikool\\\/#website\"},\"primaryImageOfPage\":{\"@id\":\"https:\\\/\\\/www.peetri.edu.ee\\\/pohikool\\\/erasmus-opiranded\\\/2020-2022-projekt\\\/media-education-video-making-school-classrooms-action-digital-story-telling\\\/#primaryimage\"},\"image\":{\"@id\":\"https:\\\/\\\/www.peetri.edu.ee\\\/pohikool\\\/erasmus-opiranded\\\/2020-2022-projekt\\\/media-education-video-making-school-classrooms-action-digital-story-telling\\\/#primaryimage\"},\"thumbnailUrl\":\"https:\\\/\\\/www.peetri.edu.ee\\\/pohikool\\\/wp-content\\\/uploads\\\/sites\\\/3\\\/2023\\\/06\\\/Pilt2m-300x225.png\",\"datePublished\":\"2023-06-26T21:52:19+00:00\",\"dateModified\":\"2023-09-15T13:33:10+00:00\",\"breadcrumb\":{\"@id\":\"https:\\\/\\\/www.peetri.edu.ee\\\/pohikool\\\/erasmus-opiranded\\\/2020-2022-projekt\\\/media-education-video-making-school-classrooms-action-digital-story-telling\\\/#breadcrumb\"},\"inLanguage\":\"et\",\"potentialAction\":[{\"@type\":\"ReadAction\",\"target\":[\"https:\\\/\\\/www.peetri.edu.ee\\\/pohikool\\\/erasmus-opiranded\\\/2020-2022-projekt\\\/media-education-video-making-school-classrooms-action-digital-story-telling\\\/\"]}]},{\"@type\":\"ImageObject\",\"inLanguage\":\"et\",\"@id\":\"https:\\\/\\\/www.peetri.edu.ee\\\/pohikool\\\/erasmus-opiranded\\\/2020-2022-projekt\\\/media-education-video-making-school-classrooms-action-digital-story-telling\\\/#primaryimage\",\"url\":\"https:\\\/\\\/www.peetri.edu.ee\\\/pohikool\\\/wp-content\\\/uploads\\\/sites\\\/3\\\/2023\\\/06\\\/Pilt2m.png\",\"contentUrl\":\"https:\\\/\\\/www.peetri.edu.ee\\\/pohikool\\\/wp-content\\\/uploads\\\/sites\\\/3\\\/2023\\\/06\\\/Pilt2m.png\",\"width\":624,\"height\":468},{\"@type\":\"BreadcrumbList\",\"@id\":\"https:\\\/\\\/www.peetri.edu.ee\\\/pohikool\\\/erasmus-opiranded\\\/2020-2022-projekt\\\/media-education-video-making-school-classrooms-action-digital-story-telling\\\/#breadcrumb\",\"itemListElement\":[{\"@type\":\"ListItem\",\"position\":1,\"name\":\"Home\",\"item\":\"https:\\\/\\\/www.peetri.edu.ee\\\/pohikool\\\/\"},{\"@type\":\"ListItem\",\"position\":2,\"name\":\"Erasmus+ \u00f5pir\u00e4nded ja koost\u00f6\u00f6projektid\",\"item\":\"https:\\\/\\\/www.peetri.edu.ee\\\/pohikool\\\/erasmus-opiranded\\\/\"},{\"@type\":\"ListItem\",\"position\":3,\"name\":\"2020-2023 projekt\",\"item\":\"https:\\\/\\\/www.peetri.edu.ee\\\/pohikool\\\/erasmus-opiranded\\\/2020-2022-projekt\\\/\"},{\"@type\":\"ListItem\",\"position\":4,\"name\":\"Media Education + Video Making at school &#8211; Classrooms in action and digital story-telling\"}]},{\"@type\":\"WebSite\",\"@id\":\"https:\\\/\\\/www.peetri.edu.ee\\\/pohikool\\\/#website\",\"url\":\"https:\\\/\\\/www.peetri.edu.ee\\\/pohikool\\\/\",\"name\":\"Peetri P\u00f5hikool\",\"description\":\"Igas inimeses on p\u00e4ike, laskem tal s\u00e4rada\",\"potentialAction\":[{\"@type\":\"SearchAction\",\"target\":{\"@type\":\"EntryPoint\",\"urlTemplate\":\"https:\\\/\\\/www.peetri.edu.ee\\\/pohikool\\\/?s={search_term_string}\"},\"query-input\":{\"@type\":\"PropertyValueSpecification\",\"valueRequired\":true,\"valueName\":\"search_term_string\"}}],\"inLanguage\":\"et\"}]}<\/script>\n<!-- \/ Yoast SEO plugin. -->","yoast_head_json":{"title":"Media Education + Video Making at school - Classrooms in action and digital story-telling - Peetri P\u00f5hikool","robots":{"index":"index","follow":"follow","max-snippet":"max-snippet:-1","max-image-preview":"max-image-preview:large","max-video-preview":"max-video-preview:-1"},"canonical":"https:\/\/www.peetri.edu.ee\/pohikool\/erasmus-opiranded\/2020-2022-projekt\/media-education-video-making-school-classrooms-action-digital-story-telling\/","og_locale":"et_EE","og_type":"article","og_title":"Media Education + Video Making at school - Classrooms in action and digital story-telling - Peetri P\u00f5hikool","og_description":"Kreekas toimuva\u00a0 kuruse &#8220;Training Course on Animation in Education for formal and non-formal educators&#8221; asemele\u00a0 valiti Itaalias Soveratos kursus &#8220;Media...","og_url":"https:\/\/www.peetri.edu.ee\/pohikool\/erasmus-opiranded\/2020-2022-projekt\/media-education-video-making-school-classrooms-action-digital-story-telling\/","og_site_name":"Peetri P\u00f5hikool","article_modified_time":"2023-09-15T13:33:10+00:00","og_image":[{"url":"https:\/\/www.peetri.edu.ee\/pohikool\/wp-content\/uploads\/sites\/3\/2023\/06\/Pilt2m-300x225.png","type":"","width":"","height":""}],"twitter_card":"summary_large_image","twitter_misc":{"Est. reading time":"1 minut"},"schema":{"@context":"https:\/\/schema.org","@graph":[{"@type":"WebPage","@id":"https:\/\/www.peetri.edu.ee\/pohikool\/erasmus-opiranded\/2020-2022-projekt\/media-education-video-making-school-classrooms-action-digital-story-telling\/","url":"https:\/\/www.peetri.edu.ee\/pohikool\/erasmus-opiranded\/2020-2022-projekt\/media-education-video-making-school-classrooms-action-digital-story-telling\/","name":"Media Education + Video Making at school - Classrooms in action and digital story-telling - Peetri P\u00f5hikool","isPartOf":{"@id":"https:\/\/www.peetri.edu.ee\/pohikool\/#website"},"primaryImageOfPage":{"@id":"https:\/\/www.peetri.edu.ee\/pohikool\/erasmus-opiranded\/2020-2022-projekt\/media-education-video-making-school-classrooms-action-digital-story-telling\/#primaryimage"},"image":{"@id":"https:\/\/www.peetri.edu.ee\/pohikool\/erasmus-opiranded\/2020-2022-projekt\/media-education-video-making-school-classrooms-action-digital-story-telling\/#primaryimage"},"thumbnailUrl":"https:\/\/www.peetri.edu.ee\/pohikool\/wp-content\/uploads\/sites\/3\/2023\/06\/Pilt2m-300x225.png","datePublished":"2023-06-26T21:52:19+00:00","dateModified":"2023-09-15T13:33:10+00:00","breadcrumb":{"@id":"https:\/\/www.peetri.edu.ee\/pohikool\/erasmus-opiranded\/2020-2022-projekt\/media-education-video-making-school-classrooms-action-digital-story-telling\/#breadcrumb"},"inLanguage":"et","potentialAction":[{"@type":"ReadAction","target":["https:\/\/www.peetri.edu.ee\/pohikool\/erasmus-opiranded\/2020-2022-projekt\/media-education-video-making-school-classrooms-action-digital-story-telling\/"]}]},{"@type":"ImageObject","inLanguage":"et","@id":"https:\/\/www.peetri.edu.ee\/pohikool\/erasmus-opiranded\/2020-2022-projekt\/media-education-video-making-school-classrooms-action-digital-story-telling\/#primaryimage","url":"https:\/\/www.peetri.edu.ee\/pohikool\/wp-content\/uploads\/sites\/3\/2023\/06\/Pilt2m.png","contentUrl":"https:\/\/www.peetri.edu.ee\/pohikool\/wp-content\/uploads\/sites\/3\/2023\/06\/Pilt2m.png","width":624,"height":468},{"@type":"BreadcrumbList","@id":"https:\/\/www.peetri.edu.ee\/pohikool\/erasmus-opiranded\/2020-2022-projekt\/media-education-video-making-school-classrooms-action-digital-story-telling\/#breadcrumb","itemListElement":[{"@type":"ListItem","position":1,"name":"Home","item":"https:\/\/www.peetri.edu.ee\/pohikool\/"},{"@type":"ListItem","position":2,"name":"Erasmus+ \u00f5pir\u00e4nded ja koost\u00f6\u00f6projektid","item":"https:\/\/www.peetri.edu.ee\/pohikool\/erasmus-opiranded\/"},{"@type":"ListItem","position":3,"name":"2020-2023 projekt","item":"https:\/\/www.peetri.edu.ee\/pohikool\/erasmus-opiranded\/2020-2022-projekt\/"},{"@type":"ListItem","position":4,"name":"Media Education + Video Making at school &#8211; Classrooms in action and digital story-telling"}]},{"@type":"WebSite","@id":"https:\/\/www.peetri.edu.ee\/pohikool\/#website","url":"https:\/\/www.peetri.edu.ee\/pohikool\/","name":"Peetri P\u00f5hikool","description":"Igas inimeses on p\u00e4ike, laskem tal s\u00e4rada","potentialAction":[{"@type":"SearchAction","target":{"@type":"EntryPoint","urlTemplate":"https:\/\/www.peetri.edu.ee\/pohikool\/?s={search_term_string}"},"query-input":{"@type":"PropertyValueSpecification","valueRequired":true,"valueName":"search_term_string"}}],"inLanguage":"et"}]}},"acf":[],"_links":{"self":[{"href":"https:\/\/www.peetri.edu.ee\/pohikool\/wp-json\/wp\/v2\/pages\/7656","targetHints":{"allow":["GET"]}}],"collection":[{"href":"https:\/\/www.peetri.edu.ee\/pohikool\/wp-json\/wp\/v2\/pages"}],"about":[{"href":"https:\/\/www.peetri.edu.ee\/pohikool\/wp-json\/wp\/v2\/types\/page"}],"author":[{"embeddable":true,"href":"https:\/\/www.peetri.edu.ee\/pohikool\/wp-json\/wp\/v2\/users\/14"}],"replies":[{"embeddable":true,"href":"https:\/\/www.peetri.edu.ee\/pohikool\/wp-json\/wp\/v2\/comments?post=7656"}],"version-history":[{"count":3,"href":"https:\/\/www.peetri.edu.ee\/pohikool\/wp-json\/wp\/v2\/pages\/7656\/revisions"}],"predecessor-version":[{"id":7970,"href":"https:\/\/www.peetri.edu.ee\/pohikool\/wp-json\/wp\/v2\/pages\/7656\/revisions\/7970"}],"up":[{"embeddable":true,"href":"https:\/\/www.peetri.edu.ee\/pohikool\/wp-json\/wp\/v2\/pages\/5568"}],"wp:attachment":[{"href":"https:\/\/www.peetri.edu.ee\/pohikool\/wp-json\/wp\/v2\/media?parent=7656"}],"curies":[{"name":"wp","href":"https:\/\/api.w.org\/{rel}","templated":true}]}}