{"id":7650,"date":"2023-06-27T00:17:21","date_gmt":"2023-06-26T21:17:21","guid":{"rendered":"https:\/\/www.peetri.edu.ee\/pohikool\/?page_id=7650"},"modified":"2023-08-31T14:09:44","modified_gmt":"2023-08-31T11:09:44","slug":"fluency-english-language-development-educaonal-staff","status":"publish","type":"page","link":"https:\/\/www.peetri.edu.ee\/pohikool\/erasmus-opiranded\/2020-2022-projekt\/fluency-english-language-development-educaonal-staff\/","title":{"rendered":"Fluency and English Language Development\u00a0for Educational Staff"},"content":{"rendered":"<p><img loading=\"lazy\" decoding=\"async\" class=\"alignnone wp-image-7197\" src=\"https:\/\/www.peetri.edu.ee\/pohikool\/wp-content\/uploads\/sites\/3\/2021\/08\/logoEL-300x83.png\" alt=\"\" width=\"231\" height=\"64\" \/>Maltal toimuva kursuse &#8220;English for Teacher&#8221; asemel valiti Maltal teine keelekursus &#8220;Fluency and English Language Development\u00a0for Educaonal Staff&#8221;<\/p>\n<p>Kevadisel vaheajal, 24.04-30.04 olid Peetri kooli \u00f5ppejuht Marelle ja koolidirektor Luule Maltal, kus osaleti Ermasus+ projekti raames koolitusel \u201c Fluency and English Language Development for Educational Staff\u201d<\/p>\n<p>Koolituse viis l\u00e4bi ETI Malta. Koolituse eesm\u00e4rgiks oli kooli t\u00f6\u00f6tajate inglise keele oskuse parandamine.<\/p>\n<p>Antud koolitus oli v\u00e4ga populaarne ning osalejaid k\u00fcllaga. Enne kursuse algust selgitati v\u00e4lja iga \u00f5ppija keeletase ja uuriti tema eesm\u00e4rki, miks kursusel osaleda soovib. Vastavalt testide tulemustele jagati \u00f5pilased v\u00e4iksematesse gruppidesse, \u00fches grupis oli 6-8 \u00f5ppijat. See oli just piisav, et aktiivselt \u00f5ppet\u00f6\u00f6s osaleda.<\/p>\n<p>Seega oli terve n\u00e4dal t\u00e4is inglise keelt, seda nii kursusel olles kui peale koolip\u00e4eva iseseisvalt ringi liikudes.<\/p>\n<p>\u00d5ppet\u00f6\u00f6 suunitlus oli eelk\u00f5ige k\u00f5nekeele arendamine, lisaks natuke ka vajalikku grammatikat. Igas tunnis oli teema, mille \u00fcle koos r\u00fchmaga tegelesime- lugesime selle kohta, vastasime k\u00fcsimustele, arutlesime ja jagasime oma isiklikke kogemusi selles vallas. Minu grupil oli v\u00e4ga tore \u00f5petaja, kes lisaks \u00f5pikutarkustele jagas meiega Malta elu erip\u00e4rasid.<\/p>\n<p>Lisaks \u00f5ppet\u00f6\u00f6le oli kahel \u00f5htupoolikul koolitaja poolt korraldatud ekskursioonid tutvumaks Malta ja selle kultuuriga, teejuhiks suurte kogemustega giid. Esimene v\u00e4ljas\u00f5it viis Malta pealinna Valettasse ning teisel korral tegime tutvust vaikse linna Mdinaga ning ja selle eeslinna Rabatiga.<\/p>\n<p>N\u00e4dal Maltal m\u00f6\u00f6dus v\u00e4ga kiirelt, harivalt ja p\u00f5nevalt. Lisaks arenenud inglise keele oskusele sai kaasa toodud ka kogemusi Prantsusmaa, Leedu ja Poola hariduss\u00fcsteemist.<\/p>\n<p><a href=\"https:\/\/www.peetri.edu.ee\/pohikool\/wp-content\/uploads\/sites\/3\/2023\/06\/Pilt18m.jpg\"><img loading=\"lazy\" decoding=\"async\" class=\"alignnone size-full wp-image-7818\" src=\"https:\/\/www.peetri.edu.ee\/pohikool\/wp-content\/uploads\/sites\/3\/2023\/06\/Pilt18m.jpg\" alt=\"\" width=\"198\" height=\"264\" \/>\u00a0<\/a> <a href=\"https:\/\/www.peetri.edu.ee\/pohikool\/wp-content\/uploads\/sites\/3\/2023\/06\/Pilt16m.jpg\"><img loading=\"lazy\" decoding=\"async\" class=\"alignnone size-medium wp-image-7820\" src=\"https:\/\/www.peetri.edu.ee\/pohikool\/wp-content\/uploads\/sites\/3\/2023\/06\/Pilt16m.jpg\" alt=\"\" width=\"199\" height=\"266\" \/><\/a>\u00a0 <a href=\"https:\/\/www.peetri.edu.ee\/pohikool\/wp-content\/uploads\/sites\/3\/2023\/06\/Pilt15m.jpg\"><img loading=\"lazy\" decoding=\"async\" class=\"alignnone wp-image-7821\" src=\"https:\/\/www.peetri.edu.ee\/pohikool\/wp-content\/uploads\/sites\/3\/2023\/06\/Pilt15m.jpg\" alt=\"\" width=\"198\" height=\"264\" \/><\/a><\/p>\n<p><a href=\"https:\/\/www.peetri.edu.ee\/pohikool\/wp-content\/uploads\/sites\/3\/2023\/06\/IMG-20230427-WA0003-1.jpg\"><img loading=\"lazy\" decoding=\"async\" class=\"alignnone  wp-image-7827\" src=\"https:\/\/www.peetri.edu.ee\/pohikool\/wp-content\/uploads\/sites\/3\/2023\/06\/IMG-20230427-WA0003-1-300x225.jpg\" alt=\"\" width=\"604\" height=\"453\" \/><\/a><\/p>\n<p>&nbsp;<\/p>\n","protected":false},"excerpt":{"rendered":"<p>Maltal toimuva kursuse &#8220;English for Teacher&#8221; asemel valiti Maltal teine keelekursus &#8220;Fluency and English Language Development\u00a0for Educaonal Staff&#8221; Kevadisel vaheajal,&#8230;<\/p>\n","protected":false},"author":14,"featured_media":0,"parent":5568,"menu_order":45,"comment_status":"closed","ping_status":"closed","template":"","meta":{"_acf_changed":false,"footnotes":""},"class_list":["post-7650","page","type-page","status-publish","hentry"],"yoast_head":"<!-- This site is optimized with the Yoast SEO plugin v27.2 - https:\/\/yoast.com\/product\/yoast-seo-wordpress\/ -->\n<title>Fluency and English Language Development\u00a0for Educational Staff - Peetri P\u00f5hikool<\/title>\n<meta name=\"robots\" content=\"index, follow, max-snippet:-1, max-image-preview:large, max-video-preview:-1\" \/>\n<link rel=\"canonical\" href=\"https:\/\/www.peetri.edu.ee\/pohikool\/erasmus-opiranded\/2020-2022-projekt\/fluency-english-language-development-educaonal-staff\/\" \/>\n<meta property=\"og:locale\" content=\"et_EE\" \/>\n<meta property=\"og:type\" content=\"article\" \/>\n<meta property=\"og:title\" content=\"Fluency and English Language Development\u00a0for Educational Staff - Peetri P\u00f5hikool\" \/>\n<meta property=\"og:description\" content=\"Maltal toimuva kursuse &#8220;English for Teacher&#8221; asemel valiti Maltal teine keelekursus &#8220;Fluency and English Language Development\u00a0for Educaonal Staff&#8221; Kevadisel vaheajal,...\" \/>\n<meta property=\"og:url\" content=\"https:\/\/www.peetri.edu.ee\/pohikool\/erasmus-opiranded\/2020-2022-projekt\/fluency-english-language-development-educaonal-staff\/\" \/>\n<meta property=\"og:site_name\" content=\"Peetri P\u00f5hikool\" \/>\n<meta property=\"article:modified_time\" content=\"2023-08-31T11:09:44+00:00\" \/>\n<meta property=\"og:image\" content=\"https:\/\/www.peetri.edu.ee\/pohikool\/wp-content\/uploads\/sites\/3\/2021\/08\/logoEL-300x83.png\" \/>\n<meta name=\"twitter:card\" content=\"summary_large_image\" \/>\n<meta name=\"twitter:label1\" content=\"Est. reading time\" \/>\n\t<meta name=\"twitter:data1\" content=\"1 minut\" \/>\n<script type=\"application\/ld+json\" class=\"yoast-schema-graph\">{\"@context\":\"https:\/\/schema.org\",\"@graph\":[{\"@type\":\"WebPage\",\"@id\":\"https:\/\/www.peetri.edu.ee\/pohikool\/erasmus-opiranded\/2020-2022-projekt\/fluency-english-language-development-educaonal-staff\/\",\"url\":\"https:\/\/www.peetri.edu.ee\/pohikool\/erasmus-opiranded\/2020-2022-projekt\/fluency-english-language-development-educaonal-staff\/\",\"name\":\"Fluency and English Language Development\u00a0for Educational Staff - Peetri P\u00f5hikool\",\"isPartOf\":{\"@id\":\"https:\/\/www.peetri.edu.ee\/pohikool\/#website\"},\"primaryImageOfPage\":{\"@id\":\"https:\/\/www.peetri.edu.ee\/pohikool\/erasmus-opiranded\/2020-2022-projekt\/fluency-english-language-development-educaonal-staff\/#primaryimage\"},\"image\":{\"@id\":\"https:\/\/www.peetri.edu.ee\/pohikool\/erasmus-opiranded\/2020-2022-projekt\/fluency-english-language-development-educaonal-staff\/#primaryimage\"},\"thumbnailUrl\":\"https:\/\/www.peetri.edu.ee\/pohikool\/wp-content\/uploads\/sites\/3\/2021\/08\/logoEL-300x83.png\",\"datePublished\":\"2023-06-26T21:17:21+00:00\",\"dateModified\":\"2023-08-31T11:09:44+00:00\",\"breadcrumb\":{\"@id\":\"https:\/\/www.peetri.edu.ee\/pohikool\/erasmus-opiranded\/2020-2022-projekt\/fluency-english-language-development-educaonal-staff\/#breadcrumb\"},\"inLanguage\":\"et\",\"potentialAction\":[{\"@type\":\"ReadAction\",\"target\":[\"https:\/\/www.peetri.edu.ee\/pohikool\/erasmus-opiranded\/2020-2022-projekt\/fluency-english-language-development-educaonal-staff\/\"]}]},{\"@type\":\"ImageObject\",\"inLanguage\":\"et\",\"@id\":\"https:\/\/www.peetri.edu.ee\/pohikool\/erasmus-opiranded\/2020-2022-projekt\/fluency-english-language-development-educaonal-staff\/#primaryimage\",\"url\":\"https:\/\/www.peetri.edu.ee\/pohikool\/wp-content\/uploads\/sites\/3\/2021\/08\/logoEL.png\",\"contentUrl\":\"https:\/\/www.peetri.edu.ee\/pohikool\/wp-content\/uploads\/sites\/3\/2021\/08\/logoEL.png\",\"width\":480,\"height\":132},{\"@type\":\"BreadcrumbList\",\"@id\":\"https:\/\/www.peetri.edu.ee\/pohikool\/erasmus-opiranded\/2020-2022-projekt\/fluency-english-language-development-educaonal-staff\/#breadcrumb\",\"itemListElement\":[{\"@type\":\"ListItem\",\"position\":1,\"name\":\"Home\",\"item\":\"https:\/\/www.peetri.edu.ee\/pohikool\/\"},{\"@type\":\"ListItem\",\"position\":2,\"name\":\"Erasmus+ \u00f5pir\u00e4nded ja koost\u00f6\u00f6projektid\",\"item\":\"https:\/\/www.peetri.edu.ee\/pohikool\/erasmus-opiranded\/\"},{\"@type\":\"ListItem\",\"position\":3,\"name\":\"2020-2023 projekt\",\"item\":\"https:\/\/www.peetri.edu.ee\/pohikool\/erasmus-opiranded\/2020-2022-projekt\/\"},{\"@type\":\"ListItem\",\"position\":4,\"name\":\"Fluency and English Language Development\u00a0for Educational Staff\"}]},{\"@type\":\"WebSite\",\"@id\":\"https:\/\/www.peetri.edu.ee\/pohikool\/#website\",\"url\":\"https:\/\/www.peetri.edu.ee\/pohikool\/\",\"name\":\"Peetri P\u00f5hikool\",\"description\":\"Igas inimeses on p\u00e4ike, laskem tal s\u00e4rada\",\"potentialAction\":[{\"@type\":\"SearchAction\",\"target\":{\"@type\":\"EntryPoint\",\"urlTemplate\":\"https:\/\/www.peetri.edu.ee\/pohikool\/?s={search_term_string}\"},\"query-input\":{\"@type\":\"PropertyValueSpecification\",\"valueRequired\":true,\"valueName\":\"search_term_string\"}}],\"inLanguage\":\"et\"}]}<\/script>\n<!-- \/ Yoast SEO plugin. -->","yoast_head_json":{"title":"Fluency and English Language Development\u00a0for Educational Staff - Peetri P\u00f5hikool","robots":{"index":"index","follow":"follow","max-snippet":"max-snippet:-1","max-image-preview":"max-image-preview:large","max-video-preview":"max-video-preview:-1"},"canonical":"https:\/\/www.peetri.edu.ee\/pohikool\/erasmus-opiranded\/2020-2022-projekt\/fluency-english-language-development-educaonal-staff\/","og_locale":"et_EE","og_type":"article","og_title":"Fluency and English Language Development\u00a0for Educational Staff - Peetri P\u00f5hikool","og_description":"Maltal toimuva kursuse &#8220;English for Teacher&#8221; asemel valiti Maltal teine keelekursus &#8220;Fluency and English Language Development\u00a0for Educaonal Staff&#8221; Kevadisel vaheajal,...","og_url":"https:\/\/www.peetri.edu.ee\/pohikool\/erasmus-opiranded\/2020-2022-projekt\/fluency-english-language-development-educaonal-staff\/","og_site_name":"Peetri P\u00f5hikool","article_modified_time":"2023-08-31T11:09:44+00:00","og_image":[{"url":"https:\/\/www.peetri.edu.ee\/pohikool\/wp-content\/uploads\/sites\/3\/2021\/08\/logoEL-300x83.png","type":"","width":"","height":""}],"twitter_card":"summary_large_image","twitter_misc":{"Est. reading time":"1 minut"},"schema":{"@context":"https:\/\/schema.org","@graph":[{"@type":"WebPage","@id":"https:\/\/www.peetri.edu.ee\/pohikool\/erasmus-opiranded\/2020-2022-projekt\/fluency-english-language-development-educaonal-staff\/","url":"https:\/\/www.peetri.edu.ee\/pohikool\/erasmus-opiranded\/2020-2022-projekt\/fluency-english-language-development-educaonal-staff\/","name":"Fluency and English Language Development\u00a0for Educational Staff - Peetri P\u00f5hikool","isPartOf":{"@id":"https:\/\/www.peetri.edu.ee\/pohikool\/#website"},"primaryImageOfPage":{"@id":"https:\/\/www.peetri.edu.ee\/pohikool\/erasmus-opiranded\/2020-2022-projekt\/fluency-english-language-development-educaonal-staff\/#primaryimage"},"image":{"@id":"https:\/\/www.peetri.edu.ee\/pohikool\/erasmus-opiranded\/2020-2022-projekt\/fluency-english-language-development-educaonal-staff\/#primaryimage"},"thumbnailUrl":"https:\/\/www.peetri.edu.ee\/pohikool\/wp-content\/uploads\/sites\/3\/2021\/08\/logoEL-300x83.png","datePublished":"2023-06-26T21:17:21+00:00","dateModified":"2023-08-31T11:09:44+00:00","breadcrumb":{"@id":"https:\/\/www.peetri.edu.ee\/pohikool\/erasmus-opiranded\/2020-2022-projekt\/fluency-english-language-development-educaonal-staff\/#breadcrumb"},"inLanguage":"et","potentialAction":[{"@type":"ReadAction","target":["https:\/\/www.peetri.edu.ee\/pohikool\/erasmus-opiranded\/2020-2022-projekt\/fluency-english-language-development-educaonal-staff\/"]}]},{"@type":"ImageObject","inLanguage":"et","@id":"https:\/\/www.peetri.edu.ee\/pohikool\/erasmus-opiranded\/2020-2022-projekt\/fluency-english-language-development-educaonal-staff\/#primaryimage","url":"https:\/\/www.peetri.edu.ee\/pohikool\/wp-content\/uploads\/sites\/3\/2021\/08\/logoEL.png","contentUrl":"https:\/\/www.peetri.edu.ee\/pohikool\/wp-content\/uploads\/sites\/3\/2021\/08\/logoEL.png","width":480,"height":132},{"@type":"BreadcrumbList","@id":"https:\/\/www.peetri.edu.ee\/pohikool\/erasmus-opiranded\/2020-2022-projekt\/fluency-english-language-development-educaonal-staff\/#breadcrumb","itemListElement":[{"@type":"ListItem","position":1,"name":"Home","item":"https:\/\/www.peetri.edu.ee\/pohikool\/"},{"@type":"ListItem","position":2,"name":"Erasmus+ \u00f5pir\u00e4nded ja koost\u00f6\u00f6projektid","item":"https:\/\/www.peetri.edu.ee\/pohikool\/erasmus-opiranded\/"},{"@type":"ListItem","position":3,"name":"2020-2023 projekt","item":"https:\/\/www.peetri.edu.ee\/pohikool\/erasmus-opiranded\/2020-2022-projekt\/"},{"@type":"ListItem","position":4,"name":"Fluency and English Language Development\u00a0for Educational Staff"}]},{"@type":"WebSite","@id":"https:\/\/www.peetri.edu.ee\/pohikool\/#website","url":"https:\/\/www.peetri.edu.ee\/pohikool\/","name":"Peetri P\u00f5hikool","description":"Igas inimeses on p\u00e4ike, laskem tal s\u00e4rada","potentialAction":[{"@type":"SearchAction","target":{"@type":"EntryPoint","urlTemplate":"https:\/\/www.peetri.edu.ee\/pohikool\/?s={search_term_string}"},"query-input":{"@type":"PropertyValueSpecification","valueRequired":true,"valueName":"search_term_string"}}],"inLanguage":"et"}]}},"acf":[],"_links":{"self":[{"href":"https:\/\/www.peetri.edu.ee\/pohikool\/wp-json\/wp\/v2\/pages\/7650","targetHints":{"allow":["GET"]}}],"collection":[{"href":"https:\/\/www.peetri.edu.ee\/pohikool\/wp-json\/wp\/v2\/pages"}],"about":[{"href":"https:\/\/www.peetri.edu.ee\/pohikool\/wp-json\/wp\/v2\/types\/page"}],"author":[{"embeddable":true,"href":"https:\/\/www.peetri.edu.ee\/pohikool\/wp-json\/wp\/v2\/users\/14"}],"replies":[{"embeddable":true,"href":"https:\/\/www.peetri.edu.ee\/pohikool\/wp-json\/wp\/v2\/comments?post=7650"}],"version-history":[{"count":5,"href":"https:\/\/www.peetri.edu.ee\/pohikool\/wp-json\/wp\/v2\/pages\/7650\/revisions"}],"predecessor-version":[{"id":7771,"href":"https:\/\/www.peetri.edu.ee\/pohikool\/wp-json\/wp\/v2\/pages\/7650\/revisions\/7771"}],"up":[{"embeddable":true,"href":"https:\/\/www.peetri.edu.ee\/pohikool\/wp-json\/wp\/v2\/pages\/5568"}],"wp:attachment":[{"href":"https:\/\/www.peetri.edu.ee\/pohikool\/wp-json\/wp\/v2\/media?parent=7650"}],"curies":[{"name":"wp","href":"https:\/\/api.w.org\/{rel}","templated":true}]}}