{"id":7648,"date":"2023-06-27T00:08:37","date_gmt":"2023-06-26T21:08:37","guid":{"rendered":"https:\/\/www.peetri.edu.ee\/pohikool\/?page_id=7648"},"modified":"2023-09-19T17:38:07","modified_gmt":"2023-09-19T14:38:07","slug":"creative-methods-special-needs-education","status":"publish","type":"page","link":"https:\/\/www.peetri.edu.ee\/pohikool\/erasmus-opiranded\/2020-2022-projekt\/creative-methods-special-needs-education\/","title":{"rendered":"Creative Methods In Special Needs Education"},"content":{"rendered":"<p>Hispaanias Tenerifel toimuva kursuse &#8220;Creative Methods In Special Needs Education&#8221;\u00a0asemel toimus kursus see kursus\u00a0\u00a0Portugalis Assooridel.<\/p>\n<p>\u00d5petajad Kaia Roots ja Katrin Rajasalu viibisid 19.02.-25.02.2023 Portugalis Assooridel Euroopa Liidu poolt rahastatud Erasmus+ koolitusel \u201cCreative Methods In Special Needs Education\u201d.<br \/>\nKoolitus viidi l\u00e4bi Portugali \u00fchel v\u00e4ikesel vulkaanilisel saarel, Terceiral.<br \/>\nKoolitusel tutvustati esmalt erivajadustega lastele koolide loomise ajalugu. Praktiliste ja loovate tegevuste kaudu saime mitmeid huvitavaid meetodeid t\u00f6\u00f6ks erivajadustega lastega.<br \/>\nK\u00f5lama j\u00e4i m\u00f5te, et arvestada ei tule vaid hariduslike erivajadustega \u00f5pilastega, vaid igal \u00f5pilasel on omad vajadused, tugevad ja n\u00f5rgad k\u00fcljed, millega peab arvestama \u00f5ppet\u00f6\u00f6 l\u00e4biviimisel.<\/p>\n<p><a href=\"https:\/\/www.peetri.edu.ee\/pohikool\/wp-content\/uploads\/sites\/3\/2023\/06\/K1.png\"><img loading=\"lazy\" decoding=\"async\" class=\"alignnone size-medium wp-image-7990\" src=\"https:\/\/www.peetri.edu.ee\/pohikool\/wp-content\/uploads\/sites\/3\/2023\/06\/K1-300x225.png\" alt=\"\" width=\"300\" height=\"225\" \/><\/a> <a href=\"https:\/\/www.peetri.edu.ee\/pohikool\/wp-content\/uploads\/sites\/3\/2023\/06\/k2.png\"><img loading=\"lazy\" decoding=\"async\" class=\"alignnone size-medium wp-image-7991\" src=\"https:\/\/www.peetri.edu.ee\/pohikool\/wp-content\/uploads\/sites\/3\/2023\/06\/k2-300x224.png\" alt=\"\" width=\"300\" height=\"224\" \/><\/a><\/p>\n<p>Rohkem infot:\u00a0http:\/\/profareng.weebly.com\/creative-methods-in-special-needs-education&#8212;portugal.html<\/p>\n<p>Kaia, Katrin R<\/p>\n","protected":false},"excerpt":{"rendered":"<p>Hispaanias Tenerifel toimuva kursuse &#8220;Creative Methods In Special Needs Education&#8221;\u00a0asemel toimus kursus see kursus\u00a0\u00a0Portugalis Assooridel. \u00d5petajad Kaia Roots ja Katrin&#8230;<\/p>\n","protected":false},"author":14,"featured_media":0,"parent":5568,"menu_order":40,"comment_status":"closed","ping_status":"closed","template":"","meta":{"_acf_changed":false,"footnotes":""},"class_list":["post-7648","page","type-page","status-publish","hentry"],"yoast_head":"<!-- This site is optimized with the Yoast SEO plugin v27.2 - https:\/\/yoast.com\/product\/yoast-seo-wordpress\/ -->\n<title>Creative Methods In Special Needs Education - Peetri P\u00f5hikool<\/title>\n<meta name=\"robots\" content=\"index, follow, max-snippet:-1, max-image-preview:large, max-video-preview:-1\" \/>\n<link rel=\"canonical\" href=\"https:\/\/www.peetri.edu.ee\/pohikool\/erasmus-opiranded\/2020-2022-projekt\/creative-methods-special-needs-education\/\" \/>\n<meta property=\"og:locale\" content=\"et_EE\" \/>\n<meta property=\"og:type\" content=\"article\" \/>\n<meta property=\"og:title\" content=\"Creative Methods In Special Needs Education - Peetri P\u00f5hikool\" \/>\n<meta property=\"og:description\" content=\"Hispaanias Tenerifel toimuva kursuse &#8220;Creative Methods In Special Needs Education&#8221;\u00a0asemel toimus kursus see kursus\u00a0\u00a0Portugalis Assooridel. \u00d5petajad Kaia Roots ja Katrin...\" \/>\n<meta property=\"og:url\" content=\"https:\/\/www.peetri.edu.ee\/pohikool\/erasmus-opiranded\/2020-2022-projekt\/creative-methods-special-needs-education\/\" \/>\n<meta property=\"og:site_name\" content=\"Peetri P\u00f5hikool\" \/>\n<meta property=\"article:modified_time\" content=\"2023-09-19T14:38:07+00:00\" \/>\n<meta property=\"og:image\" content=\"https:\/\/www.peetri.edu.ee\/pohikool\/wp-content\/uploads\/sites\/3\/2023\/06\/K1-300x225.png\" \/>\n<meta name=\"twitter:card\" content=\"summary_large_image\" \/>\n<meta name=\"twitter:label1\" content=\"Est. reading time\" \/>\n\t<meta name=\"twitter:data1\" content=\"1 minut\" \/>\n<script type=\"application\/ld+json\" class=\"yoast-schema-graph\">{\"@context\":\"https:\/\/schema.org\",\"@graph\":[{\"@type\":\"WebPage\",\"@id\":\"https:\/\/www.peetri.edu.ee\/pohikool\/erasmus-opiranded\/2020-2022-projekt\/creative-methods-special-needs-education\/\",\"url\":\"https:\/\/www.peetri.edu.ee\/pohikool\/erasmus-opiranded\/2020-2022-projekt\/creative-methods-special-needs-education\/\",\"name\":\"Creative Methods In Special Needs Education - Peetri P\u00f5hikool\",\"isPartOf\":{\"@id\":\"https:\/\/www.peetri.edu.ee\/pohikool\/#website\"},\"primaryImageOfPage\":{\"@id\":\"https:\/\/www.peetri.edu.ee\/pohikool\/erasmus-opiranded\/2020-2022-projekt\/creative-methods-special-needs-education\/#primaryimage\"},\"image\":{\"@id\":\"https:\/\/www.peetri.edu.ee\/pohikool\/erasmus-opiranded\/2020-2022-projekt\/creative-methods-special-needs-education\/#primaryimage\"},\"thumbnailUrl\":\"https:\/\/www.peetri.edu.ee\/pohikool\/wp-content\/uploads\/sites\/3\/2023\/06\/K1-300x225.png\",\"datePublished\":\"2023-06-26T21:08:37+00:00\",\"dateModified\":\"2023-09-19T14:38:07+00:00\",\"breadcrumb\":{\"@id\":\"https:\/\/www.peetri.edu.ee\/pohikool\/erasmus-opiranded\/2020-2022-projekt\/creative-methods-special-needs-education\/#breadcrumb\"},\"inLanguage\":\"et\",\"potentialAction\":[{\"@type\":\"ReadAction\",\"target\":[\"https:\/\/www.peetri.edu.ee\/pohikool\/erasmus-opiranded\/2020-2022-projekt\/creative-methods-special-needs-education\/\"]}]},{\"@type\":\"ImageObject\",\"inLanguage\":\"et\",\"@id\":\"https:\/\/www.peetri.edu.ee\/pohikool\/erasmus-opiranded\/2020-2022-projekt\/creative-methods-special-needs-education\/#primaryimage\",\"url\":\"https:\/\/www.peetri.edu.ee\/pohikool\/wp-content\/uploads\/sites\/3\/2023\/06\/K1.png\",\"contentUrl\":\"https:\/\/www.peetri.edu.ee\/pohikool\/wp-content\/uploads\/sites\/3\/2023\/06\/K1.png\",\"width\":409,\"height\":307},{\"@type\":\"BreadcrumbList\",\"@id\":\"https:\/\/www.peetri.edu.ee\/pohikool\/erasmus-opiranded\/2020-2022-projekt\/creative-methods-special-needs-education\/#breadcrumb\",\"itemListElement\":[{\"@type\":\"ListItem\",\"position\":1,\"name\":\"Home\",\"item\":\"https:\/\/www.peetri.edu.ee\/pohikool\/\"},{\"@type\":\"ListItem\",\"position\":2,\"name\":\"Erasmus+ \u00f5pir\u00e4nded ja koost\u00f6\u00f6projektid\",\"item\":\"https:\/\/www.peetri.edu.ee\/pohikool\/erasmus-opiranded\/\"},{\"@type\":\"ListItem\",\"position\":3,\"name\":\"2020-2023 projekt\",\"item\":\"https:\/\/www.peetri.edu.ee\/pohikool\/erasmus-opiranded\/2020-2022-projekt\/\"},{\"@type\":\"ListItem\",\"position\":4,\"name\":\"Creative Methods In Special Needs Education\"}]},{\"@type\":\"WebSite\",\"@id\":\"https:\/\/www.peetri.edu.ee\/pohikool\/#website\",\"url\":\"https:\/\/www.peetri.edu.ee\/pohikool\/\",\"name\":\"Peetri P\u00f5hikool\",\"description\":\"Igas inimeses on p\u00e4ike, laskem tal s\u00e4rada\",\"potentialAction\":[{\"@type\":\"SearchAction\",\"target\":{\"@type\":\"EntryPoint\",\"urlTemplate\":\"https:\/\/www.peetri.edu.ee\/pohikool\/?s={search_term_string}\"},\"query-input\":{\"@type\":\"PropertyValueSpecification\",\"valueRequired\":true,\"valueName\":\"search_term_string\"}}],\"inLanguage\":\"et\"}]}<\/script>\n<!-- \/ Yoast SEO plugin. -->","yoast_head_json":{"title":"Creative Methods In Special Needs Education - Peetri P\u00f5hikool","robots":{"index":"index","follow":"follow","max-snippet":"max-snippet:-1","max-image-preview":"max-image-preview:large","max-video-preview":"max-video-preview:-1"},"canonical":"https:\/\/www.peetri.edu.ee\/pohikool\/erasmus-opiranded\/2020-2022-projekt\/creative-methods-special-needs-education\/","og_locale":"et_EE","og_type":"article","og_title":"Creative Methods In Special Needs Education - Peetri P\u00f5hikool","og_description":"Hispaanias Tenerifel toimuva kursuse &#8220;Creative Methods In Special Needs Education&#8221;\u00a0asemel toimus kursus see kursus\u00a0\u00a0Portugalis Assooridel. \u00d5petajad Kaia Roots ja Katrin...","og_url":"https:\/\/www.peetri.edu.ee\/pohikool\/erasmus-opiranded\/2020-2022-projekt\/creative-methods-special-needs-education\/","og_site_name":"Peetri P\u00f5hikool","article_modified_time":"2023-09-19T14:38:07+00:00","og_image":[{"url":"https:\/\/www.peetri.edu.ee\/pohikool\/wp-content\/uploads\/sites\/3\/2023\/06\/K1-300x225.png","type":"","width":"","height":""}],"twitter_card":"summary_large_image","twitter_misc":{"Est. reading time":"1 minut"},"schema":{"@context":"https:\/\/schema.org","@graph":[{"@type":"WebPage","@id":"https:\/\/www.peetri.edu.ee\/pohikool\/erasmus-opiranded\/2020-2022-projekt\/creative-methods-special-needs-education\/","url":"https:\/\/www.peetri.edu.ee\/pohikool\/erasmus-opiranded\/2020-2022-projekt\/creative-methods-special-needs-education\/","name":"Creative Methods In Special Needs Education - Peetri P\u00f5hikool","isPartOf":{"@id":"https:\/\/www.peetri.edu.ee\/pohikool\/#website"},"primaryImageOfPage":{"@id":"https:\/\/www.peetri.edu.ee\/pohikool\/erasmus-opiranded\/2020-2022-projekt\/creative-methods-special-needs-education\/#primaryimage"},"image":{"@id":"https:\/\/www.peetri.edu.ee\/pohikool\/erasmus-opiranded\/2020-2022-projekt\/creative-methods-special-needs-education\/#primaryimage"},"thumbnailUrl":"https:\/\/www.peetri.edu.ee\/pohikool\/wp-content\/uploads\/sites\/3\/2023\/06\/K1-300x225.png","datePublished":"2023-06-26T21:08:37+00:00","dateModified":"2023-09-19T14:38:07+00:00","breadcrumb":{"@id":"https:\/\/www.peetri.edu.ee\/pohikool\/erasmus-opiranded\/2020-2022-projekt\/creative-methods-special-needs-education\/#breadcrumb"},"inLanguage":"et","potentialAction":[{"@type":"ReadAction","target":["https:\/\/www.peetri.edu.ee\/pohikool\/erasmus-opiranded\/2020-2022-projekt\/creative-methods-special-needs-education\/"]}]},{"@type":"ImageObject","inLanguage":"et","@id":"https:\/\/www.peetri.edu.ee\/pohikool\/erasmus-opiranded\/2020-2022-projekt\/creative-methods-special-needs-education\/#primaryimage","url":"https:\/\/www.peetri.edu.ee\/pohikool\/wp-content\/uploads\/sites\/3\/2023\/06\/K1.png","contentUrl":"https:\/\/www.peetri.edu.ee\/pohikool\/wp-content\/uploads\/sites\/3\/2023\/06\/K1.png","width":409,"height":307},{"@type":"BreadcrumbList","@id":"https:\/\/www.peetri.edu.ee\/pohikool\/erasmus-opiranded\/2020-2022-projekt\/creative-methods-special-needs-education\/#breadcrumb","itemListElement":[{"@type":"ListItem","position":1,"name":"Home","item":"https:\/\/www.peetri.edu.ee\/pohikool\/"},{"@type":"ListItem","position":2,"name":"Erasmus+ \u00f5pir\u00e4nded ja koost\u00f6\u00f6projektid","item":"https:\/\/www.peetri.edu.ee\/pohikool\/erasmus-opiranded\/"},{"@type":"ListItem","position":3,"name":"2020-2023 projekt","item":"https:\/\/www.peetri.edu.ee\/pohikool\/erasmus-opiranded\/2020-2022-projekt\/"},{"@type":"ListItem","position":4,"name":"Creative Methods In Special Needs Education"}]},{"@type":"WebSite","@id":"https:\/\/www.peetri.edu.ee\/pohikool\/#website","url":"https:\/\/www.peetri.edu.ee\/pohikool\/","name":"Peetri P\u00f5hikool","description":"Igas inimeses on p\u00e4ike, laskem tal s\u00e4rada","potentialAction":[{"@type":"SearchAction","target":{"@type":"EntryPoint","urlTemplate":"https:\/\/www.peetri.edu.ee\/pohikool\/?s={search_term_string}"},"query-input":{"@type":"PropertyValueSpecification","valueRequired":true,"valueName":"search_term_string"}}],"inLanguage":"et"}]}},"acf":[],"_links":{"self":[{"href":"https:\/\/www.peetri.edu.ee\/pohikool\/wp-json\/wp\/v2\/pages\/7648","targetHints":{"allow":["GET"]}}],"collection":[{"href":"https:\/\/www.peetri.edu.ee\/pohikool\/wp-json\/wp\/v2\/pages"}],"about":[{"href":"https:\/\/www.peetri.edu.ee\/pohikool\/wp-json\/wp\/v2\/types\/page"}],"author":[{"embeddable":true,"href":"https:\/\/www.peetri.edu.ee\/pohikool\/wp-json\/wp\/v2\/users\/14"}],"replies":[{"embeddable":true,"href":"https:\/\/www.peetri.edu.ee\/pohikool\/wp-json\/wp\/v2\/comments?post=7648"}],"version-history":[{"count":5,"href":"https:\/\/www.peetri.edu.ee\/pohikool\/wp-json\/wp\/v2\/pages\/7648\/revisions"}],"predecessor-version":[{"id":7999,"href":"https:\/\/www.peetri.edu.ee\/pohikool\/wp-json\/wp\/v2\/pages\/7648\/revisions\/7999"}],"up":[{"embeddable":true,"href":"https:\/\/www.peetri.edu.ee\/pohikool\/wp-json\/wp\/v2\/pages\/5568"}],"wp:attachment":[{"href":"https:\/\/www.peetri.edu.ee\/pohikool\/wp-json\/wp\/v2\/media?parent=7648"}],"curies":[{"name":"wp","href":"https:\/\/api.w.org\/{rel}","templated":true}]}}