{"id":7646,"date":"2023-06-26T23:54:18","date_gmt":"2023-06-26T20:54:18","guid":{"rendered":"https:\/\/www.peetri.edu.ee\/pohikool\/?page_id=7646"},"modified":"2023-09-26T16:35:01","modified_gmt":"2023-09-26T13:35:01","slug":"outdoor-nature-based-education-experiential-learning","status":"publish","type":"page","link":"https:\/\/www.peetri.edu.ee\/pohikool\/erasmus-opiranded\/2020-2022-projekt\/outdoor-nature-based-education-experiential-learning\/","title":{"rendered":"OUTDOOR &amp; ENVIRONMENTAL EDUCATION COURSE FOR EUROPEAN EDUCATORS (Primary and Secondary Level)"},"content":{"rendered":"<p><a href=\"https:\/\/www.peetri.edu.ee\/pohikool\/wp-content\/uploads\/sites\/3\/2021\/08\/logoEL.png\"><img loading=\"lazy\" decoding=\"async\" class=\"alignnone wp-image-7197\" src=\"https:\/\/www.peetri.edu.ee\/pohikool\/wp-content\/uploads\/sites\/3\/2021\/08\/logoEL-300x83.png\" alt=\"\" width=\"170\" height=\"47\" \/><\/a>25.09-4.10.2021 osalesid koolist 2 \u00f5petajat koolitusel &#8220;Outdoor &amp; Environmental Education course for European Educators (Primary and Secondary Level)&#8221;.<\/p>\n<p>Kursus andis\u00a0 \u00f5petajatele praktilisi oskuseid, \u00f5petamisideid ja materjale \u00f5ues\u00f5ppeks, v\u00f5imaldati\u00a0 k\u00fclastada Briti alg- v\u00f5i keskkoole ning vahetada m\u00f5tteid ja arendada sidemeid Euroopa riikide \u00f5petajatega.<br \/>\nKoolituse ajal toimusid j\u00e4rgmised tegevused:<\/p>\n<p>1. \u00d5ues\u00f5ppe t\u00f6\u00f6tuba. Praktilised tegevused, kuidas kasutada \u00f5ues \u00f5ppimist, et pakkuda erinevaid p\u00f5nevaid ja inspireerivaid \u00f5ppetegevusi. Arutelud erinevate vanuste ja v\u00f5imete (peamiselt vanuses 5\u201314) eristamise ja erivajadustega kohandamise teemal. V\u00f5imalus tegeleda v\u00e4litegevusega, nt. meeskonna loomine, probleemide lahendamine, orienteerumine.<br \/>\n2. \u00d5ues\u00f5pe \u00f5ues\u00f5ppekeskuses.<br \/>\n3. Metsakooli \u00f5petajate oskuste praktiline koolitus, mis andis \u00f5petajatele vajalikud oskused, et nad saaksid oma \u00f5pilastega enesekindlalt metsas tunde l\u00e4bi viia, sealhulgas \u00f5piti kasutama\u00a0 selliseid t\u00f6\u00f6riistu nagu noad ja kirved, k\u00f6ied, metsik toit\/ s\u00f6\u00f6tmine, tule tegemine, varjualuse loomine jpm. Iiri Metsakool pakub \u00f5ues\u00f5ppe v\u00f5imalusi, mis annab lastele kogemusi loodusmaailmast ja praktilisi oskusi, mis arendavad laste iseseisvust, enesemotivatsiooni ja enesekindlust.<br \/>\n4. \u00d5ues\u00f5ppe v\u00f5imalused erinevates kohtades,\u00a0 nt. Essex Wildlife Trust Hanningfieldi veehoidla looduskaitsealal.<\/p>\n<p>Koolituste ajal tutvuti\u00a0Tutvusime Gaelic Athletic Association\u00b4i hallatava Iirimaa rahvusm\u00e4ngude muuseumi ja rahvusm\u00e4ngudele spetsiaalselt ehitatud staadioniga (Groke Park Stadium).\u00a0K\u00fclastastati idarannikul asuvat Howth\u00b4i poolsaart, kus asub v\u00e4ike 14. sajandist kalurik\u00fcla.<br \/>\nToimusid koolide k\u00fclastused ja \u00f5ues\u00f5ppe praktilised tegevused sh veeteemalised t\u00f6\u00f6toad ning meeskonnam\u00e4ngud.<br \/>\nN\u00e4iteks\u00a0 v\u00e4ga p\u00f5nev m\u00e4ng oli &#8220;Vihmaveerenni pall&#8221;. \u00dclesandeks oli panna\u00a0pall rennis liikuma selliselt, et etteantud rada oleks l\u00e4bitud. Kaasatud on k\u00f5ik v\u00f5istkonna liikmed. Pall maha kukkuda ei tohi ja seda k\u00e4ega katsuda ei tohi.\u00a0 Kui pall kukub maha, siis tuleb alustada otsast peale. Harjuta oma v\u00f5istkonnas kiiret ja sujuvat koost\u00f6\u00f6d.<\/p>\n<p>Rohkem infot:\u00a0http:\/\/profareng.weebly.com\/outdoor&#8211;environmental-education&#8212;iirimaa.html<\/p>\n<p><a href=\"https:\/\/www.peetri.edu.ee\/pohikool\/wp-content\/uploads\/sites\/3\/2023\/06\/i3.jpg\"><img loading=\"lazy\" decoding=\"async\" class=\"alignnone wp-image-8034\" src=\"https:\/\/www.peetri.edu.ee\/pohikool\/wp-content\/uploads\/sites\/3\/2023\/06\/i3-300x225.jpg\" alt=\"\" width=\"391\" height=\"293\" \/><\/a>\u00a0 \u00a0<a href=\"https:\/\/www.peetri.edu.ee\/pohikool\/wp-content\/uploads\/sites\/3\/2023\/06\/i9.jpg\"><img loading=\"lazy\" decoding=\"async\" class=\"alignnone size-medium wp-image-8035\" src=\"https:\/\/www.peetri.edu.ee\/pohikool\/wp-content\/uploads\/sites\/3\/2023\/06\/i9-300x293.jpg\" alt=\"\" width=\"300\" height=\"293\" \/><\/a> <a href=\"https:\/\/www.peetri.edu.ee\/pohikool\/wp-content\/uploads\/sites\/3\/2023\/06\/i8.jpg\"><img loading=\"lazy\" decoding=\"async\" class=\"alignnone size-medium wp-image-8036\" src=\"https:\/\/www.peetri.edu.ee\/pohikool\/wp-content\/uploads\/sites\/3\/2023\/06\/i8-300x297.jpg\" alt=\"\" width=\"300\" height=\"297\" \/>\u00a0\u00a0\u00a0<\/a><\/p>\n<p><a href=\"https:\/\/www.peetri.edu.ee\/pohikool\/wp-content\/uploads\/sites\/3\/2023\/06\/i7.jpg\"><img loading=\"lazy\" decoding=\"async\" class=\"alignnone size-medium wp-image-8037\" src=\"https:\/\/www.peetri.edu.ee\/pohikool\/wp-content\/uploads\/sites\/3\/2023\/06\/i7-300x224.jpg\" alt=\"\" width=\"300\" height=\"224\" \/><\/a> <a href=\"https:\/\/www.peetri.edu.ee\/pohikool\/wp-content\/uploads\/sites\/3\/2023\/06\/i5.jpg\"><img loading=\"lazy\" decoding=\"async\" class=\"alignnone size-medium wp-image-8039\" src=\"https:\/\/www.peetri.edu.ee\/pohikool\/wp-content\/uploads\/sites\/3\/2023\/06\/i5-300x227.jpg\" alt=\"\" width=\"300\" height=\"227\" \/><\/a><\/p>\n<p><a href=\"https:\/\/www.peetri.edu.ee\/pohikool\/wp-content\/uploads\/sites\/3\/2023\/06\/i6.jpg\"><img loading=\"lazy\" decoding=\"async\" class=\"alignnone size-medium wp-image-8038\" src=\"https:\/\/www.peetri.edu.ee\/pohikool\/wp-content\/uploads\/sites\/3\/2023\/06\/i6-281x300.jpg\" alt=\"\" width=\"281\" height=\"300\" \/><\/a><a href=\"https:\/\/www.peetri.edu.ee\/pohikool\/wp-content\/uploads\/sites\/3\/2023\/06\/i4.jpg\">\u00a0 \u00a0 \u00a0<img loading=\"lazy\" decoding=\"async\" class=\"alignnone size-medium wp-image-8040\" src=\"https:\/\/www.peetri.edu.ee\/pohikool\/wp-content\/uploads\/sites\/3\/2023\/06\/i4-287x300.jpg\" alt=\"\" width=\"287\" height=\"300\" \/>\u00a0\u00a0<\/a><\/p>\n","protected":false},"excerpt":{"rendered":"<p>25.09-4.10.2021 osalesid koolist 2 \u00f5petajat koolitusel &#8220;Outdoor &amp; Environmental Education course for European Educators (Primary and Secondary Level)&#8221;. Kursus andis\u00a0&#8230;<\/p>\n","protected":false},"author":14,"featured_media":0,"parent":5568,"menu_order":35,"comment_status":"closed","ping_status":"closed","template":"","meta":{"_acf_changed":false,"footnotes":""},"class_list":["post-7646","page","type-page","status-publish","hentry"],"yoast_head":"<!-- This site is optimized with the Yoast SEO plugin v27.2 - https:\/\/yoast.com\/product\/yoast-seo-wordpress\/ -->\n<title>OUTDOOR &amp; ENVIRONMENTAL EDUCATION COURSE FOR EUROPEAN EDUCATORS (Primary and Secondary Level) - Peetri P\u00f5hikool<\/title>\n<meta name=\"robots\" content=\"index, follow, max-snippet:-1, max-image-preview:large, max-video-preview:-1\" \/>\n<link rel=\"canonical\" href=\"https:\/\/www.peetri.edu.ee\/pohikool\/erasmus-opiranded\/2020-2022-projekt\/outdoor-nature-based-education-experiential-learning\/\" \/>\n<meta property=\"og:locale\" content=\"et_EE\" \/>\n<meta property=\"og:type\" content=\"article\" \/>\n<meta property=\"og:title\" content=\"OUTDOOR &amp; ENVIRONMENTAL EDUCATION COURSE FOR EUROPEAN EDUCATORS (Primary and Secondary Level) - Peetri P\u00f5hikool\" \/>\n<meta property=\"og:description\" content=\"25.09-4.10.2021 osalesid koolist 2 \u00f5petajat koolitusel &#8220;Outdoor &amp; Environmental Education course for European Educators (Primary and Secondary Level)&#8221;. Kursus andis\u00a0...\" \/>\n<meta property=\"og:url\" content=\"https:\/\/www.peetri.edu.ee\/pohikool\/erasmus-opiranded\/2020-2022-projekt\/outdoor-nature-based-education-experiential-learning\/\" \/>\n<meta property=\"og:site_name\" content=\"Peetri P\u00f5hikool\" \/>\n<meta property=\"article:modified_time\" content=\"2023-09-26T13:35:01+00:00\" \/>\n<meta property=\"og:image\" content=\"https:\/\/www.peetri.edu.ee\/pohikool\/wp-content\/uploads\/sites\/3\/2021\/08\/logoEL-300x83.png\" \/>\n<meta name=\"twitter:card\" content=\"summary_large_image\" \/>\n<meta name=\"twitter:label1\" content=\"Est. reading time\" \/>\n\t<meta name=\"twitter:data1\" content=\"1 minut\" \/>\n<script type=\"application\/ld+json\" class=\"yoast-schema-graph\">{\"@context\":\"https:\/\/schema.org\",\"@graph\":[{\"@type\":\"WebPage\",\"@id\":\"https:\/\/www.peetri.edu.ee\/pohikool\/erasmus-opiranded\/2020-2022-projekt\/outdoor-nature-based-education-experiential-learning\/\",\"url\":\"https:\/\/www.peetri.edu.ee\/pohikool\/erasmus-opiranded\/2020-2022-projekt\/outdoor-nature-based-education-experiential-learning\/\",\"name\":\"OUTDOOR &amp; ENVIRONMENTAL EDUCATION COURSE FOR EUROPEAN EDUCATORS (Primary and Secondary Level) - Peetri P\u00f5hikool\",\"isPartOf\":{\"@id\":\"https:\/\/www.peetri.edu.ee\/pohikool\/#website\"},\"primaryImageOfPage\":{\"@id\":\"https:\/\/www.peetri.edu.ee\/pohikool\/erasmus-opiranded\/2020-2022-projekt\/outdoor-nature-based-education-experiential-learning\/#primaryimage\"},\"image\":{\"@id\":\"https:\/\/www.peetri.edu.ee\/pohikool\/erasmus-opiranded\/2020-2022-projekt\/outdoor-nature-based-education-experiential-learning\/#primaryimage\"},\"thumbnailUrl\":\"https:\/\/www.peetri.edu.ee\/pohikool\/wp-content\/uploads\/sites\/3\/2021\/08\/logoEL-300x83.png\",\"datePublished\":\"2023-06-26T20:54:18+00:00\",\"dateModified\":\"2023-09-26T13:35:01+00:00\",\"breadcrumb\":{\"@id\":\"https:\/\/www.peetri.edu.ee\/pohikool\/erasmus-opiranded\/2020-2022-projekt\/outdoor-nature-based-education-experiential-learning\/#breadcrumb\"},\"inLanguage\":\"et\",\"potentialAction\":[{\"@type\":\"ReadAction\",\"target\":[\"https:\/\/www.peetri.edu.ee\/pohikool\/erasmus-opiranded\/2020-2022-projekt\/outdoor-nature-based-education-experiential-learning\/\"]}]},{\"@type\":\"ImageObject\",\"inLanguage\":\"et\",\"@id\":\"https:\/\/www.peetri.edu.ee\/pohikool\/erasmus-opiranded\/2020-2022-projekt\/outdoor-nature-based-education-experiential-learning\/#primaryimage\",\"url\":\"https:\/\/www.peetri.edu.ee\/pohikool\/wp-content\/uploads\/sites\/3\/2021\/08\/logoEL.png\",\"contentUrl\":\"https:\/\/www.peetri.edu.ee\/pohikool\/wp-content\/uploads\/sites\/3\/2021\/08\/logoEL.png\",\"width\":480,\"height\":132},{\"@type\":\"BreadcrumbList\",\"@id\":\"https:\/\/www.peetri.edu.ee\/pohikool\/erasmus-opiranded\/2020-2022-projekt\/outdoor-nature-based-education-experiential-learning\/#breadcrumb\",\"itemListElement\":[{\"@type\":\"ListItem\",\"position\":1,\"name\":\"Home\",\"item\":\"https:\/\/www.peetri.edu.ee\/pohikool\/\"},{\"@type\":\"ListItem\",\"position\":2,\"name\":\"Erasmus+ \u00f5pir\u00e4nded ja koost\u00f6\u00f6projektid\",\"item\":\"https:\/\/www.peetri.edu.ee\/pohikool\/erasmus-opiranded\/\"},{\"@type\":\"ListItem\",\"position\":3,\"name\":\"2020-2023 projekt\",\"item\":\"https:\/\/www.peetri.edu.ee\/pohikool\/erasmus-opiranded\/2020-2022-projekt\/\"},{\"@type\":\"ListItem\",\"position\":4,\"name\":\"OUTDOOR &amp; ENVIRONMENTAL EDUCATION COURSE FOR EUROPEAN EDUCATORS (Primary and Secondary Level)\"}]},{\"@type\":\"WebSite\",\"@id\":\"https:\/\/www.peetri.edu.ee\/pohikool\/#website\",\"url\":\"https:\/\/www.peetri.edu.ee\/pohikool\/\",\"name\":\"Peetri P\u00f5hikool\",\"description\":\"Igas inimeses on p\u00e4ike, laskem tal s\u00e4rada\",\"potentialAction\":[{\"@type\":\"SearchAction\",\"target\":{\"@type\":\"EntryPoint\",\"urlTemplate\":\"https:\/\/www.peetri.edu.ee\/pohikool\/?s={search_term_string}\"},\"query-input\":{\"@type\":\"PropertyValueSpecification\",\"valueRequired\":true,\"valueName\":\"search_term_string\"}}],\"inLanguage\":\"et\"}]}<\/script>\n<!-- \/ Yoast SEO plugin. -->","yoast_head_json":{"title":"OUTDOOR &amp; ENVIRONMENTAL EDUCATION COURSE FOR EUROPEAN EDUCATORS (Primary and Secondary Level) - Peetri P\u00f5hikool","robots":{"index":"index","follow":"follow","max-snippet":"max-snippet:-1","max-image-preview":"max-image-preview:large","max-video-preview":"max-video-preview:-1"},"canonical":"https:\/\/www.peetri.edu.ee\/pohikool\/erasmus-opiranded\/2020-2022-projekt\/outdoor-nature-based-education-experiential-learning\/","og_locale":"et_EE","og_type":"article","og_title":"OUTDOOR &amp; ENVIRONMENTAL EDUCATION COURSE FOR EUROPEAN EDUCATORS (Primary and Secondary Level) - Peetri P\u00f5hikool","og_description":"25.09-4.10.2021 osalesid koolist 2 \u00f5petajat koolitusel &#8220;Outdoor &amp; Environmental Education course for European Educators (Primary and Secondary Level)&#8221;. Kursus andis\u00a0...","og_url":"https:\/\/www.peetri.edu.ee\/pohikool\/erasmus-opiranded\/2020-2022-projekt\/outdoor-nature-based-education-experiential-learning\/","og_site_name":"Peetri P\u00f5hikool","article_modified_time":"2023-09-26T13:35:01+00:00","og_image":[{"url":"https:\/\/www.peetri.edu.ee\/pohikool\/wp-content\/uploads\/sites\/3\/2021\/08\/logoEL-300x83.png","type":"","width":"","height":""}],"twitter_card":"summary_large_image","twitter_misc":{"Est. reading time":"1 minut"},"schema":{"@context":"https:\/\/schema.org","@graph":[{"@type":"WebPage","@id":"https:\/\/www.peetri.edu.ee\/pohikool\/erasmus-opiranded\/2020-2022-projekt\/outdoor-nature-based-education-experiential-learning\/","url":"https:\/\/www.peetri.edu.ee\/pohikool\/erasmus-opiranded\/2020-2022-projekt\/outdoor-nature-based-education-experiential-learning\/","name":"OUTDOOR &amp; ENVIRONMENTAL EDUCATION COURSE FOR EUROPEAN EDUCATORS (Primary and Secondary Level) - Peetri P\u00f5hikool","isPartOf":{"@id":"https:\/\/www.peetri.edu.ee\/pohikool\/#website"},"primaryImageOfPage":{"@id":"https:\/\/www.peetri.edu.ee\/pohikool\/erasmus-opiranded\/2020-2022-projekt\/outdoor-nature-based-education-experiential-learning\/#primaryimage"},"image":{"@id":"https:\/\/www.peetri.edu.ee\/pohikool\/erasmus-opiranded\/2020-2022-projekt\/outdoor-nature-based-education-experiential-learning\/#primaryimage"},"thumbnailUrl":"https:\/\/www.peetri.edu.ee\/pohikool\/wp-content\/uploads\/sites\/3\/2021\/08\/logoEL-300x83.png","datePublished":"2023-06-26T20:54:18+00:00","dateModified":"2023-09-26T13:35:01+00:00","breadcrumb":{"@id":"https:\/\/www.peetri.edu.ee\/pohikool\/erasmus-opiranded\/2020-2022-projekt\/outdoor-nature-based-education-experiential-learning\/#breadcrumb"},"inLanguage":"et","potentialAction":[{"@type":"ReadAction","target":["https:\/\/www.peetri.edu.ee\/pohikool\/erasmus-opiranded\/2020-2022-projekt\/outdoor-nature-based-education-experiential-learning\/"]}]},{"@type":"ImageObject","inLanguage":"et","@id":"https:\/\/www.peetri.edu.ee\/pohikool\/erasmus-opiranded\/2020-2022-projekt\/outdoor-nature-based-education-experiential-learning\/#primaryimage","url":"https:\/\/www.peetri.edu.ee\/pohikool\/wp-content\/uploads\/sites\/3\/2021\/08\/logoEL.png","contentUrl":"https:\/\/www.peetri.edu.ee\/pohikool\/wp-content\/uploads\/sites\/3\/2021\/08\/logoEL.png","width":480,"height":132},{"@type":"BreadcrumbList","@id":"https:\/\/www.peetri.edu.ee\/pohikool\/erasmus-opiranded\/2020-2022-projekt\/outdoor-nature-based-education-experiential-learning\/#breadcrumb","itemListElement":[{"@type":"ListItem","position":1,"name":"Home","item":"https:\/\/www.peetri.edu.ee\/pohikool\/"},{"@type":"ListItem","position":2,"name":"Erasmus+ \u00f5pir\u00e4nded ja koost\u00f6\u00f6projektid","item":"https:\/\/www.peetri.edu.ee\/pohikool\/erasmus-opiranded\/"},{"@type":"ListItem","position":3,"name":"2020-2023 projekt","item":"https:\/\/www.peetri.edu.ee\/pohikool\/erasmus-opiranded\/2020-2022-projekt\/"},{"@type":"ListItem","position":4,"name":"OUTDOOR &amp; ENVIRONMENTAL EDUCATION COURSE FOR EUROPEAN EDUCATORS (Primary and Secondary Level)"}]},{"@type":"WebSite","@id":"https:\/\/www.peetri.edu.ee\/pohikool\/#website","url":"https:\/\/www.peetri.edu.ee\/pohikool\/","name":"Peetri P\u00f5hikool","description":"Igas inimeses on p\u00e4ike, laskem tal s\u00e4rada","potentialAction":[{"@type":"SearchAction","target":{"@type":"EntryPoint","urlTemplate":"https:\/\/www.peetri.edu.ee\/pohikool\/?s={search_term_string}"},"query-input":{"@type":"PropertyValueSpecification","valueRequired":true,"valueName":"search_term_string"}}],"inLanguage":"et"}]}},"acf":[],"_links":{"self":[{"href":"https:\/\/www.peetri.edu.ee\/pohikool\/wp-json\/wp\/v2\/pages\/7646","targetHints":{"allow":["GET"]}}],"collection":[{"href":"https:\/\/www.peetri.edu.ee\/pohikool\/wp-json\/wp\/v2\/pages"}],"about":[{"href":"https:\/\/www.peetri.edu.ee\/pohikool\/wp-json\/wp\/v2\/types\/page"}],"author":[{"embeddable":true,"href":"https:\/\/www.peetri.edu.ee\/pohikool\/wp-json\/wp\/v2\/users\/14"}],"replies":[{"embeddable":true,"href":"https:\/\/www.peetri.edu.ee\/pohikool\/wp-json\/wp\/v2\/comments?post=7646"}],"version-history":[{"count":5,"href":"https:\/\/www.peetri.edu.ee\/pohikool\/wp-json\/wp\/v2\/pages\/7646\/revisions"}],"predecessor-version":[{"id":8043,"href":"https:\/\/www.peetri.edu.ee\/pohikool\/wp-json\/wp\/v2\/pages\/7646\/revisions\/8043"}],"up":[{"embeddable":true,"href":"https:\/\/www.peetri.edu.ee\/pohikool\/wp-json\/wp\/v2\/pages\/5568"}],"wp:attachment":[{"href":"https:\/\/www.peetri.edu.ee\/pohikool\/wp-json\/wp\/v2\/media?parent=7646"}],"curies":[{"name":"wp","href":"https:\/\/api.w.org\/{rel}","templated":true}]}}