{"id":7285,"date":"2023-05-19T12:29:51","date_gmt":"2023-05-19T09:29:51","guid":{"rendered":"https:\/\/www.peetri.edu.ee\/pohikool\/?page_id=7285"},"modified":"2023-05-24T15:13:27","modified_gmt":"2023-05-24T12:13:27","slug":"lets-eat-greenerhealthier-lets-protect-planet","status":"publish","type":"page","link":"https:\/\/www.peetri.edu.ee\/pohikool\/meie-kool\/projektid\/etwinning\/20222023-2\/lets-eat-greenerhealthier-lets-protect-planet\/","title":{"rendered":"Let&#8217;s eat greener,healthier and let&#8217;s protect the planet !"},"content":{"rendered":"<p><img loading=\"lazy\" decoding=\"async\" class=\" wp-image-7286 alignleft\" src=\"https:\/\/www.peetri.edu.ee\/pohikool\/wp-content\/uploads\/sites\/3\/2023\/05\/logo-2023-300x300.png\" alt=\"\" width=\"162\" height=\"162\" \/>Projekti &#8220;Let&#8217;s eat greener,healthier and let&#8217;s protect the planet !&#8221; eesm\u00e4rk on t\u00f5sta\u00a0 \u00f5pilaste teadlikkust nende toitumisharjumustest, et olla hea tervise juures ning panna lapsi\u00a0 m\u00f5tlema s\u00fcsiniku jalaj\u00e4lje m\u00f5just planeedile, et olla tulevikus \u00f6kotarbijana.<\/p>\n<p>Projekt k\u00e4sitleb toitu, igap\u00e4evast osalemist toiduj\u00e4\u00e4tmete v\u00e4hendamisel s\u00f6\u00f6klas, toitumisvalikute ja kehalise aktiivsuse m\u00f5ju\u00a0 tervisele ja heaolule\u00a0 edasiseks eluks. Projekti abil soovitakse \u00f5pilastes t\u00f5sta teadlikkust erinevatest toitainete allikatest ja harjutuste tegemise eelistest. Projektis tegeletakse halbade toitumisharjumuste tagaj\u00e4rgedega tervisele ja keskkonnale. Pannakse \u00f5pilased m\u00f5tlema\u00a0 tulevaste kodanike rolli ja lahenduste \u00fcle, mida saavad keskkonna s\u00e4ilitamiseks rakendada.<\/p>\n<p>Projekti partnerid on T\u00fcrgi, Prantsusmaa, Eesti<br \/>\n\u00dcks T\u00fcrgist p\u00e4rit partner on saadud Erasmus+ projekti kaudu.<\/p>\n<p>Projekt:\u00a0https:\/\/school-education.ec.europa.eu\/en\/etwinning\/projects\/lets-eat-greenerhealthier-and-lets-protect-planet\/twinspace<\/p>\n<p><span style=\"text-decoration: underline\"><b>Projekti l\u00f5pptulemus:<br \/>\n<\/b><\/span><a title=\"Flipsnack\" href=\"https:\/\/www.flipsnack.com\/6E6A7566AED\/project-magazine.html\">https:\/\/www.flipsnack.com\/6E6A7566AED\/project-magazine.html<br \/>\n<img loading=\"lazy\" decoding=\"async\" class=\"alignnone size-medium wp-image-7314\" src=\"https:\/\/www.peetri.edu.ee\/pohikool\/wp-content\/uploads\/sites\/3\/2023\/05\/e-raamat-240x300.png\" alt=\"\" width=\"240\" height=\"300\" \/><\/a><\/p>\n<p><span style=\"text-decoration: underline\"><b>Kalender<\/b><\/span><\/p>\n<div><a href=\"https:\/\/www.canva.com\/design\/DAFYGX0JY4I\/view?utm_content=DAFYGX0JY4I&amp;utm_campaign=designshare&amp;utm_medium=embeds&amp;utm_source=link\" target=\"_blank\" rel=\"noopener\">2023 Calendar &#8211; Healthy Food eTwinning Project<\/a><br \/>\n<a href=\"https:\/\/www.canva.com\/design\/DAFYGX0JY4I\/view?utm_content=DAFYGX0JY4I&amp;amp;utm_campaign=designshare&amp;amp;utm_medium=embeds&amp;amp;utm_source=link\" target=\"_blank\" rel=\"noopener\"><img loading=\"lazy\" decoding=\"async\" class=\"alignnone size-medium wp-image-7316\" src=\"https:\/\/www.peetri.edu.ee\/pohikool\/wp-content\/uploads\/sites\/3\/2023\/05\/kalender-300x169.png\" alt=\"\" width=\"300\" height=\"169\" \/><\/a><\/div>\n<div><a href=\"https:\/\/www.peetri.edu.ee\/pohikool\/wp-content\/uploads\/sites\/3\/2023\/05\/2023-Calendar-Healthy-Food-eTwinning-Project.pdf\">2023 Calendar &#8211; Healthy Food eTwinning Project<\/a><\/div>\n<div><\/div>\n<div><span style=\"text-decoration: underline\"><strong>Plakatid<\/strong><\/span><\/div>\n<div><img loading=\"lazy\" decoding=\"async\" class=\"alignnone size-medium wp-image-7319\" src=\"https:\/\/www.peetri.edu.ee\/pohikool\/wp-content\/uploads\/sites\/3\/2023\/05\/kuj._lets_eat_greener_healthier_and_lets_protect_the_planet_koopia-212x300.png\" alt=\"\" width=\"212\" height=\"300\" \/>\u00a0<img loading=\"lazy\" decoding=\"async\" class=\"alignnone size-medium wp-image-7320\" src=\"https:\/\/www.peetri.edu.ee\/pohikool\/wp-content\/uploads\/sites\/3\/2023\/05\/kuj._eat_healthy_koopia-212x300.png\" alt=\"\" width=\"212\" height=\"300\" \/>\u00a0<img loading=\"lazy\" decoding=\"async\" class=\"alignnone size-medium wp-image-7321\" src=\"https:\/\/www.peetri.edu.ee\/pohikool\/wp-content\/uploads\/sites\/3\/2023\/05\/winner_poster_mko-212x300.jpeg\" alt=\"\" width=\"212\" height=\"300\" \/>\u00a0<img loading=\"lazy\" decoding=\"async\" class=\"alignnone size-medium wp-image-7322\" src=\"https:\/\/www.peetri.edu.ee\/pohikool\/wp-content\/uploads\/sites\/3\/2023\/05\/leo.m_food-212x300.png\" alt=\"\" width=\"212\" height=\"300\" \/>\u00a0<img loading=\"lazy\" decoding=\"async\" class=\"alignnone size-medium wp-image-7323\" src=\"https:\/\/www.peetri.edu.ee\/pohikool\/wp-content\/uploads\/sites\/3\/2023\/05\/the_winner_poster-212x300.jpg\" alt=\"\" width=\"212\" height=\"300\" \/><\/div>\n<div><\/div>\n<div><span style=\"text-decoration: underline\"><strong>Men\u00fc\u00fcd<\/strong><\/span><\/div>\n<div>https:\/\/www.emaze.com\/@ALOFORQCT\/lets-eat-greener&#8211;healthier-and-lets-protect-the-planet-<\/div>\n<div><\/div>\n<p>&nbsp;<\/p>\n<p><span style=\"text-decoration: underline\"><strong>Keskkonnad, mida projektis kasutati:<\/strong><\/span><br \/>\nM\u00f5istekaart &#8211;\u00a0https:\/\/ladigitale.dev\/digimindmap\/#\/<br \/>\ne-raamat &#8211;\u00a0https:\/\/www.flipsnack.com\/<br \/>\nInfo jagamine &#8211; padlet<br \/>\nideede h\u00e4\u00e4letamine &#8211;\u00a0 tricider<br \/>\nLogode, kalendri ja plakatite tegemine- canva<\/p>\n<p>M\u00f5ned projektiga seotud tegevused.<br \/>\nPlakatite tegemine\u00a0 \u00a0 \u00a0 \u00a0 \u00a0 \u00a0 \u00a0 \u00a0 \u00a0 \u00a0 \u00a0 \u00a0 \u00a0 \u00a0 \u00a0 \u00a0 \u00a0 \u00a0 \u00a0 \u00a0 \u00a0 \u00a0 \u00a0 \u00a0 \u00a0 \u00a0 \u00a0 \u00a0 \u00a0 Toidup\u00fcramiid<br \/>\n<img loading=\"lazy\" decoding=\"async\" class=\"alignnone size-medium wp-image-7305\" src=\"https:\/\/www.peetri.edu.ee\/pohikool\/wp-content\/uploads\/sites\/3\/2023\/05\/plakatid-e1684926527100-300x219.jpg\" alt=\"\" width=\"300\" height=\"219\" \/>\u00a0 \u00a0 \u00a0 \u00a0<img loading=\"lazy\" decoding=\"async\" class=\"alignnone wp-image-7307\" src=\"https:\/\/www.peetri.edu.ee\/pohikool\/wp-content\/uploads\/sites\/3\/2023\/05\/toidupuramiid-e1684926610684-300x261.jpg\" alt=\"\" width=\"251\" height=\"218\" \/><\/p>\n<p>Kalendri tegemine\u00a0 \u00a0 \u00a0 \u00a0 \u00a0 \u00a0 \u00a0 \u00a0 \u00a0 \u00a0 \u00a0 \u00a0 \u00a0 \u00a0 \u00a0 \u00a0 \u00a0 \u00a0 \u00a0 \u00a0 \u00a0 \u00a0 \u00a0\u00a0K\u00fcsimustikele vastamine, h\u00e4\u00e4letamine<br \/>\n<img loading=\"lazy\" decoding=\"async\" class=\"alignnone size-medium wp-image-7308\" src=\"https:\/\/www.peetri.edu.ee\/pohikool\/wp-content\/uploads\/sites\/3\/2023\/05\/kalendri_tegemine-254x300.jpg\" alt=\"\" width=\"254\" height=\"300\" \/>\u00a0 \u00a0 \u00a0 \u00a0 \u00a0 \u00a0 \u00a0 \u00a0\u00a0<img loading=\"lazy\" decoding=\"async\" class=\"alignnone size-medium wp-image-7309\" src=\"https:\/\/www.peetri.edu.ee\/pohikool\/wp-content\/uploads\/sites\/3\/2023\/05\/kusimustikud-e1684926773168-216x300.jpg\" alt=\"\" width=\"216\" height=\"300\" \/><\/p>\n","protected":false},"excerpt":{"rendered":"<p>Projekti &#8220;Let&#8217;s eat greener,healthier and let&#8217;s protect the planet !&#8221; eesm\u00e4rk on t\u00f5sta\u00a0 \u00f5pilaste teadlikkust nende toitumisharjumustest, et olla hea&#8230;<\/p>\n","protected":false},"author":14,"featured_media":0,"parent":7256,"menu_order":10,"comment_status":"closed","ping_status":"closed","template":"","meta":{"_acf_changed":false,"footnotes":""},"class_list":["post-7285","page","type-page","status-publish","hentry"],"yoast_head":"<!-- This site is optimized with the Yoast SEO plugin v27.2 - https:\/\/yoast.com\/product\/yoast-seo-wordpress\/ -->\n<title>Let&#039;s eat greener,healthier and let&#039;s protect the planet ! - Peetri P\u00f5hikool<\/title>\n<meta name=\"robots\" content=\"index, follow, max-snippet:-1, max-image-preview:large, max-video-preview:-1\" \/>\n<link rel=\"canonical\" href=\"https:\/\/www.peetri.edu.ee\/pohikool\/meie-kool\/projektid\/etwinning\/20222023-2\/lets-eat-greenerhealthier-lets-protect-planet\/\" \/>\n<meta property=\"og:locale\" content=\"et_EE\" \/>\n<meta property=\"og:type\" content=\"article\" \/>\n<meta property=\"og:title\" content=\"Let&#039;s eat greener,healthier and let&#039;s protect the planet ! - Peetri P\u00f5hikool\" \/>\n<meta property=\"og:description\" content=\"Projekti &#8220;Let&#8217;s eat greener,healthier and let&#8217;s protect the planet !&#8221; eesm\u00e4rk on t\u00f5sta\u00a0 \u00f5pilaste teadlikkust nende toitumisharjumustest, et olla hea...\" \/>\n<meta property=\"og:url\" content=\"https:\/\/www.peetri.edu.ee\/pohikool\/meie-kool\/projektid\/etwinning\/20222023-2\/lets-eat-greenerhealthier-lets-protect-planet\/\" \/>\n<meta property=\"og:site_name\" content=\"Peetri P\u00f5hikool\" \/>\n<meta property=\"article:modified_time\" content=\"2023-05-24T12:13:27+00:00\" \/>\n<meta property=\"og:image\" content=\"https:\/\/www.peetri.edu.ee\/pohikool\/wp-content\/uploads\/sites\/3\/2023\/05\/logo-2023-300x300.png\" \/>\n<meta name=\"twitter:card\" content=\"summary_large_image\" \/>\n<meta name=\"twitter:label1\" content=\"Est. reading time\" \/>\n\t<meta name=\"twitter:data1\" content=\"1 minut\" \/>\n<script type=\"application\/ld+json\" class=\"yoast-schema-graph\">{\"@context\":\"https:\/\/schema.org\",\"@graph\":[{\"@type\":\"WebPage\",\"@id\":\"https:\/\/www.peetri.edu.ee\/pohikool\/meie-kool\/projektid\/etwinning\/20222023-2\/lets-eat-greenerhealthier-lets-protect-planet\/\",\"url\":\"https:\/\/www.peetri.edu.ee\/pohikool\/meie-kool\/projektid\/etwinning\/20222023-2\/lets-eat-greenerhealthier-lets-protect-planet\/\",\"name\":\"Let's eat greener,healthier and let's protect the planet ! - Peetri P\u00f5hikool\",\"isPartOf\":{\"@id\":\"https:\/\/www.peetri.edu.ee\/pohikool\/#website\"},\"primaryImageOfPage\":{\"@id\":\"https:\/\/www.peetri.edu.ee\/pohikool\/meie-kool\/projektid\/etwinning\/20222023-2\/lets-eat-greenerhealthier-lets-protect-planet\/#primaryimage\"},\"image\":{\"@id\":\"https:\/\/www.peetri.edu.ee\/pohikool\/meie-kool\/projektid\/etwinning\/20222023-2\/lets-eat-greenerhealthier-lets-protect-planet\/#primaryimage\"},\"thumbnailUrl\":\"https:\/\/www.peetri.edu.ee\/pohikool\/wp-content\/uploads\/sites\/3\/2023\/05\/logo-2023-300x300.png\",\"datePublished\":\"2023-05-19T09:29:51+00:00\",\"dateModified\":\"2023-05-24T12:13:27+00:00\",\"breadcrumb\":{\"@id\":\"https:\/\/www.peetri.edu.ee\/pohikool\/meie-kool\/projektid\/etwinning\/20222023-2\/lets-eat-greenerhealthier-lets-protect-planet\/#breadcrumb\"},\"inLanguage\":\"et\",\"potentialAction\":[{\"@type\":\"ReadAction\",\"target\":[\"https:\/\/www.peetri.edu.ee\/pohikool\/meie-kool\/projektid\/etwinning\/20222023-2\/lets-eat-greenerhealthier-lets-protect-planet\/\"]}]},{\"@type\":\"ImageObject\",\"inLanguage\":\"et\",\"@id\":\"https:\/\/www.peetri.edu.ee\/pohikool\/meie-kool\/projektid\/etwinning\/20222023-2\/lets-eat-greenerhealthier-lets-protect-planet\/#primaryimage\",\"url\":\"https:\/\/www.peetri.edu.ee\/pohikool\/wp-content\/uploads\/sites\/3\/2023\/05\/logo-2023.png\",\"contentUrl\":\"https:\/\/www.peetri.edu.ee\/pohikool\/wp-content\/uploads\/sites\/3\/2023\/05\/logo-2023.png\",\"width\":400,\"height\":400},{\"@type\":\"BreadcrumbList\",\"@id\":\"https:\/\/www.peetri.edu.ee\/pohikool\/meie-kool\/projektid\/etwinning\/20222023-2\/lets-eat-greenerhealthier-lets-protect-planet\/#breadcrumb\",\"itemListElement\":[{\"@type\":\"ListItem\",\"position\":1,\"name\":\"Home\",\"item\":\"https:\/\/www.peetri.edu.ee\/pohikool\/\"},{\"@type\":\"ListItem\",\"position\":2,\"name\":\"Meie kool\",\"item\":\"https:\/\/www.peetri.edu.ee\/pohikool\/\"},{\"@type\":\"ListItem\",\"position\":3,\"name\":\"Projektid\",\"item\":\"https:\/\/www.peetri.edu.ee\/pohikool\/meie-kool\/projektid\/\"},{\"@type\":\"ListItem\",\"position\":4,\"name\":\"eTwinning\",\"item\":\"https:\/\/www.peetri.edu.ee\/pohikool\/meie-kool\/projektid\/etwinning\/\"},{\"@type\":\"ListItem\",\"position\":5,\"name\":\"2022\/2023\",\"item\":\"https:\/\/www.peetri.edu.ee\/pohikool\/meie-kool\/projektid\/etwinning\/20222023-2\/\"},{\"@type\":\"ListItem\",\"position\":6,\"name\":\"Let&#8217;s eat greener,healthier and let&#8217;s protect the planet !\"}]},{\"@type\":\"WebSite\",\"@id\":\"https:\/\/www.peetri.edu.ee\/pohikool\/#website\",\"url\":\"https:\/\/www.peetri.edu.ee\/pohikool\/\",\"name\":\"Peetri P\u00f5hikool\",\"description\":\"Igas inimeses on p\u00e4ike, laskem tal s\u00e4rada\",\"potentialAction\":[{\"@type\":\"SearchAction\",\"target\":{\"@type\":\"EntryPoint\",\"urlTemplate\":\"https:\/\/www.peetri.edu.ee\/pohikool\/?s={search_term_string}\"},\"query-input\":{\"@type\":\"PropertyValueSpecification\",\"valueRequired\":true,\"valueName\":\"search_term_string\"}}],\"inLanguage\":\"et\"}]}<\/script>\n<!-- \/ Yoast SEO plugin. -->","yoast_head_json":{"title":"Let's eat greener,healthier and let's protect the planet ! - Peetri P\u00f5hikool","robots":{"index":"index","follow":"follow","max-snippet":"max-snippet:-1","max-image-preview":"max-image-preview:large","max-video-preview":"max-video-preview:-1"},"canonical":"https:\/\/www.peetri.edu.ee\/pohikool\/meie-kool\/projektid\/etwinning\/20222023-2\/lets-eat-greenerhealthier-lets-protect-planet\/","og_locale":"et_EE","og_type":"article","og_title":"Let's eat greener,healthier and let's protect the planet ! - Peetri P\u00f5hikool","og_description":"Projekti &#8220;Let&#8217;s eat greener,healthier and let&#8217;s protect the planet !&#8221; eesm\u00e4rk on t\u00f5sta\u00a0 \u00f5pilaste teadlikkust nende toitumisharjumustest, et olla hea...","og_url":"https:\/\/www.peetri.edu.ee\/pohikool\/meie-kool\/projektid\/etwinning\/20222023-2\/lets-eat-greenerhealthier-lets-protect-planet\/","og_site_name":"Peetri P\u00f5hikool","article_modified_time":"2023-05-24T12:13:27+00:00","og_image":[{"url":"https:\/\/www.peetri.edu.ee\/pohikool\/wp-content\/uploads\/sites\/3\/2023\/05\/logo-2023-300x300.png","type":"","width":"","height":""}],"twitter_card":"summary_large_image","twitter_misc":{"Est. reading time":"1 minut"},"schema":{"@context":"https:\/\/schema.org","@graph":[{"@type":"WebPage","@id":"https:\/\/www.peetri.edu.ee\/pohikool\/meie-kool\/projektid\/etwinning\/20222023-2\/lets-eat-greenerhealthier-lets-protect-planet\/","url":"https:\/\/www.peetri.edu.ee\/pohikool\/meie-kool\/projektid\/etwinning\/20222023-2\/lets-eat-greenerhealthier-lets-protect-planet\/","name":"Let's eat greener,healthier and let's protect the planet ! - Peetri P\u00f5hikool","isPartOf":{"@id":"https:\/\/www.peetri.edu.ee\/pohikool\/#website"},"primaryImageOfPage":{"@id":"https:\/\/www.peetri.edu.ee\/pohikool\/meie-kool\/projektid\/etwinning\/20222023-2\/lets-eat-greenerhealthier-lets-protect-planet\/#primaryimage"},"image":{"@id":"https:\/\/www.peetri.edu.ee\/pohikool\/meie-kool\/projektid\/etwinning\/20222023-2\/lets-eat-greenerhealthier-lets-protect-planet\/#primaryimage"},"thumbnailUrl":"https:\/\/www.peetri.edu.ee\/pohikool\/wp-content\/uploads\/sites\/3\/2023\/05\/logo-2023-300x300.png","datePublished":"2023-05-19T09:29:51+00:00","dateModified":"2023-05-24T12:13:27+00:00","breadcrumb":{"@id":"https:\/\/www.peetri.edu.ee\/pohikool\/meie-kool\/projektid\/etwinning\/20222023-2\/lets-eat-greenerhealthier-lets-protect-planet\/#breadcrumb"},"inLanguage":"et","potentialAction":[{"@type":"ReadAction","target":["https:\/\/www.peetri.edu.ee\/pohikool\/meie-kool\/projektid\/etwinning\/20222023-2\/lets-eat-greenerhealthier-lets-protect-planet\/"]}]},{"@type":"ImageObject","inLanguage":"et","@id":"https:\/\/www.peetri.edu.ee\/pohikool\/meie-kool\/projektid\/etwinning\/20222023-2\/lets-eat-greenerhealthier-lets-protect-planet\/#primaryimage","url":"https:\/\/www.peetri.edu.ee\/pohikool\/wp-content\/uploads\/sites\/3\/2023\/05\/logo-2023.png","contentUrl":"https:\/\/www.peetri.edu.ee\/pohikool\/wp-content\/uploads\/sites\/3\/2023\/05\/logo-2023.png","width":400,"height":400},{"@type":"BreadcrumbList","@id":"https:\/\/www.peetri.edu.ee\/pohikool\/meie-kool\/projektid\/etwinning\/20222023-2\/lets-eat-greenerhealthier-lets-protect-planet\/#breadcrumb","itemListElement":[{"@type":"ListItem","position":1,"name":"Home","item":"https:\/\/www.peetri.edu.ee\/pohikool\/"},{"@type":"ListItem","position":2,"name":"Meie kool","item":"https:\/\/www.peetri.edu.ee\/pohikool\/"},{"@type":"ListItem","position":3,"name":"Projektid","item":"https:\/\/www.peetri.edu.ee\/pohikool\/meie-kool\/projektid\/"},{"@type":"ListItem","position":4,"name":"eTwinning","item":"https:\/\/www.peetri.edu.ee\/pohikool\/meie-kool\/projektid\/etwinning\/"},{"@type":"ListItem","position":5,"name":"2022\/2023","item":"https:\/\/www.peetri.edu.ee\/pohikool\/meie-kool\/projektid\/etwinning\/20222023-2\/"},{"@type":"ListItem","position":6,"name":"Let&#8217;s eat greener,healthier and let&#8217;s protect the planet !"}]},{"@type":"WebSite","@id":"https:\/\/www.peetri.edu.ee\/pohikool\/#website","url":"https:\/\/www.peetri.edu.ee\/pohikool\/","name":"Peetri P\u00f5hikool","description":"Igas inimeses on p\u00e4ike, laskem tal s\u00e4rada","potentialAction":[{"@type":"SearchAction","target":{"@type":"EntryPoint","urlTemplate":"https:\/\/www.peetri.edu.ee\/pohikool\/?s={search_term_string}"},"query-input":{"@type":"PropertyValueSpecification","valueRequired":true,"valueName":"search_term_string"}}],"inLanguage":"et"}]}},"acf":[],"_links":{"self":[{"href":"https:\/\/www.peetri.edu.ee\/pohikool\/wp-json\/wp\/v2\/pages\/7285","targetHints":{"allow":["GET"]}}],"collection":[{"href":"https:\/\/www.peetri.edu.ee\/pohikool\/wp-json\/wp\/v2\/pages"}],"about":[{"href":"https:\/\/www.peetri.edu.ee\/pohikool\/wp-json\/wp\/v2\/types\/page"}],"author":[{"embeddable":true,"href":"https:\/\/www.peetri.edu.ee\/pohikool\/wp-json\/wp\/v2\/users\/14"}],"replies":[{"embeddable":true,"href":"https:\/\/www.peetri.edu.ee\/pohikool\/wp-json\/wp\/v2\/comments?post=7285"}],"version-history":[{"count":5,"href":"https:\/\/www.peetri.edu.ee\/pohikool\/wp-json\/wp\/v2\/pages\/7285\/revisions"}],"predecessor-version":[{"id":7326,"href":"https:\/\/www.peetri.edu.ee\/pohikool\/wp-json\/wp\/v2\/pages\/7285\/revisions\/7326"}],"up":[{"embeddable":true,"href":"https:\/\/www.peetri.edu.ee\/pohikool\/wp-json\/wp\/v2\/pages\/7256"}],"wp:attachment":[{"href":"https:\/\/www.peetri.edu.ee\/pohikool\/wp-json\/wp\/v2\/media?parent=7285"}],"curies":[{"name":"wp","href":"https:\/\/api.w.org\/{rel}","templated":true}]}}