{"id":7258,"date":"2023-05-18T11:28:11","date_gmt":"2023-05-18T08:28:11","guid":{"rendered":"https:\/\/www.peetri.edu.ee\/pohikool\/?page_id=7258"},"modified":"2023-05-19T11:22:56","modified_gmt":"2023-05-19T08:22:56","slug":"etwinningu-uhisjoonistamise-voistlus-meie-unistuste-kool-lobus","status":"publish","type":"page","link":"https:\/\/www.peetri.edu.ee\/pohikool\/meie-kool\/projektid\/etwinning\/20222023-2\/etwinningu-uhisjoonistamise-voistlus-meie-unistuste-kool-lobus\/","title":{"rendered":"eTwinningu \u00fchisjoonistamise v\u00f5istlus &#8220;Meie unistuste kool on l\u00f5bus&#8221;"},"content":{"rendered":"<p>2022. aasta l\u00f5pus kutsus Haridus- ja Noorteamet ning \u00f5petajate rahvusvahelise koost\u00f6\u00f6 v\u00f5rgustik eTwinningu lasteaialapsi ja kooli\u00f5pilasi \u00fchisjoonistamise v\u00f5istlusele. Eesm\u00e4rgiks oli anda lastele v\u00f5imalus \u00fchiselt unistades ja digikeskkonnas joonistades harjutada koost\u00f6\u00f6d ning arendada digip\u00e4devusi. Pildid valmisid nelja kooli koost\u00f6\u00f6s ja joonistamisel kasutati erinevaid veebikeskkondi. Joonistuste jagamiseks teiste klasside ja koolide \u00f5pilastega kasutati Google Drive, Stuudiumi Tera, eKooli suhtlust, e-posti.<br \/>\nPeetri koolist saadeti v\u00f5istlusele 21 erinevat joonistust ja tunnustust said 1.-4. vanuser\u00fchma ja 5.-9. klassi vanuser\u00fchma t\u00f6\u00f6.<\/p>\n<p><span style=\"color: #993300\"><b>1.-4. klassi vanuser\u00fchma<\/b><\/span> t\u00f6\u00f6 teemaks oli \u201eMeie unistuste koolis on palju tegevusi\u201c. Joonistuse kirjeldus: Kooli juures lendab droon, mis j\u00e4lgib laste tegevusi. Kooli \u00fcmbrused on erinevad atraktsioonid, mida saab kasutada igal ajal. Kindlasti peaks olema veepargiga kool. Kui kooli sisse astuda, siis on koridoris batuudid, v\u00e4ga head s\u00f6\u00f6gid. Koolis saab \u00f6\u00f6bida, igas ruumis saab olla 1-6 inimest<br \/>\nJuhendajad:\u00a0Signe Reidla (Surju Kool, Peetri Lasteaed-P\u00f5hikool),\u00a0 Mailiis Tammeveski (Peetri Lasteaed-P\u00f5hikool), Ivi L\u00f5hmus (Peetri Lasteaed &#8211; P\u00f5hikool), Ave Kartau (Surju Kool), Kersti Hunt (Surju Kool), Ulva Tallo (Surju Kool)<br \/>\n<img loading=\"lazy\" decoding=\"async\" class=\"alignnone wp-image-7259\" src=\"https:\/\/www.peetri.edu.ee\/pohikool\/wp-content\/uploads\/sites\/3\/2023\/05\/Kuvat\u00f5mmis-yhisjoonistus_1_4-300x167.png\" alt=\"\" width=\"449\" height=\"250\" \/><\/p>\n<p><span style=\"color: #993300\"><b>5.-9. klassi vanuser\u00fchma<\/b> <\/span>t\u00f6\u00f6 teemaks oli \u201eKool v\u00f5i loss\u201c. Joonistuse kirjeldus: Unistuste kool v\u00f5iks olla tavaline kool, aga v\u00f5iks meenutada lossi, mis oleks v\u00e4ga erksate v\u00e4rvidega kaunistatud. \u00d5ppimine v\u00f5iks toimuda ainult koolis, kodut\u00f6id ei tohiks anda.<br \/>\nJuhendajad:\u00a0Signe Reidla (Surju Kool, Peetri Lasteaed-P\u00f5hikool),\u00a0Thomi Anagnostou (3rd Primary School of Chalastra, Kreeka),\u00a0EINAR LORENZO ALEM\u00c1N SANTANA\u00a0 (CEIP Profesor Carlos Socas Mu\u00f1oz, Hispaania)<br \/>\n<img loading=\"lazy\" decoding=\"async\" class=\"alignnone wp-image-7261\" src=\"https:\/\/www.peetri.edu.ee\/pohikool\/wp-content\/uploads\/sites\/3\/2023\/05\/Kuvat\u00f5mmis-yhisjoonistus_5_9-300x230.png\" alt=\"\" width=\"355\" height=\"272\" \/>\u00a0\u00a0<img loading=\"lazy\" decoding=\"async\" class=\"alignnone wp-image-7263\" src=\"https:\/\/www.peetri.edu.ee\/pohikool\/wp-content\/uploads\/sites\/3\/2023\/05\/Kuvat\u00f5mmis-yhisjoonistus_5_9_2-300x184.png\" alt=\"\" width=\"372\" height=\"228\" \/><\/p>\n<p><span style=\"text-decoration: underline\"><b>Joonistamisel kasutatud keskkonnad:<\/b><\/span><br \/>\nhttps:\/\/kleki.com\/<br \/>\nhttps:\/\/sumopaint.sumo.app\/?lang=en<br \/>\nhttps:\/\/magma.com\/d\/rKzEHKxvjE<br \/>\nhttps:\/\/draw.chat\/<br \/>\nhttps:\/\/r8.whiteboardfox.com<\/p>\n<p>Joonistusv\u00f5istluse tulemused:\u00a0<a href=\"https:\/\/harno.ee\/etwinning#etwinningu-uhisjooni\">https:\/\/harno.ee\/etwinning#etwinningu-uhisjooni<\/a><\/p>\n","protected":false},"excerpt":{"rendered":"<p>2022. aasta l\u00f5pus kutsus Haridus- ja Noorteamet ning \u00f5petajate rahvusvahelise koost\u00f6\u00f6 v\u00f5rgustik eTwinningu lasteaialapsi ja kooli\u00f5pilasi \u00fchisjoonistamise v\u00f5istlusele. Eesm\u00e4rgiks oli&#8230;<\/p>\n","protected":false},"author":14,"featured_media":0,"parent":7256,"menu_order":0,"comment_status":"closed","ping_status":"closed","template":"","meta":{"_acf_changed":false,"footnotes":""},"class_list":["post-7258","page","type-page","status-publish","hentry"],"yoast_head":"<!-- This site is optimized with the Yoast SEO plugin v27.2 - https:\/\/yoast.com\/product\/yoast-seo-wordpress\/ -->\n<title>eTwinningu \u00fchisjoonistamise v\u00f5istlus &quot;Meie unistuste kool on l\u00f5bus&quot; - Peetri P\u00f5hikool<\/title>\n<meta name=\"robots\" content=\"index, follow, max-snippet:-1, max-image-preview:large, max-video-preview:-1\" \/>\n<link rel=\"canonical\" href=\"https:\/\/www.peetri.edu.ee\/pohikool\/meie-kool\/projektid\/etwinning\/20222023-2\/etwinningu-uhisjoonistamise-voistlus-meie-unistuste-kool-lobus\/\" \/>\n<meta property=\"og:locale\" content=\"et_EE\" \/>\n<meta property=\"og:type\" content=\"article\" \/>\n<meta property=\"og:title\" content=\"eTwinningu \u00fchisjoonistamise v\u00f5istlus &quot;Meie unistuste kool on l\u00f5bus&quot; - Peetri P\u00f5hikool\" \/>\n<meta property=\"og:description\" content=\"2022. aasta l\u00f5pus kutsus Haridus- ja Noorteamet ning \u00f5petajate rahvusvahelise koost\u00f6\u00f6 v\u00f5rgustik eTwinningu lasteaialapsi ja kooli\u00f5pilasi \u00fchisjoonistamise v\u00f5istlusele. Eesm\u00e4rgiks oli...\" \/>\n<meta property=\"og:url\" content=\"https:\/\/www.peetri.edu.ee\/pohikool\/meie-kool\/projektid\/etwinning\/20222023-2\/etwinningu-uhisjoonistamise-voistlus-meie-unistuste-kool-lobus\/\" \/>\n<meta property=\"og:site_name\" content=\"Peetri P\u00f5hikool\" \/>\n<meta property=\"article:modified_time\" content=\"2023-05-19T08:22:56+00:00\" \/>\n<meta name=\"twitter:card\" content=\"summary_large_image\" \/>\n<meta name=\"twitter:label1\" content=\"Est. reading time\" \/>\n\t<meta name=\"twitter:data1\" content=\"1 minut\" \/>\n<script type=\"application\/ld+json\" class=\"yoast-schema-graph\">{\"@context\":\"https:\/\/schema.org\",\"@graph\":[{\"@type\":\"WebPage\",\"@id\":\"https:\/\/www.peetri.edu.ee\/pohikool\/meie-kool\/projektid\/etwinning\/20222023-2\/etwinningu-uhisjoonistamise-voistlus-meie-unistuste-kool-lobus\/\",\"url\":\"https:\/\/www.peetri.edu.ee\/pohikool\/meie-kool\/projektid\/etwinning\/20222023-2\/etwinningu-uhisjoonistamise-voistlus-meie-unistuste-kool-lobus\/\",\"name\":\"eTwinningu \u00fchisjoonistamise v\u00f5istlus \\\"Meie unistuste kool on l\u00f5bus\\\" - Peetri P\u00f5hikool\",\"isPartOf\":{\"@id\":\"https:\/\/www.peetri.edu.ee\/pohikool\/#website\"},\"datePublished\":\"2023-05-18T08:28:11+00:00\",\"dateModified\":\"2023-05-19T08:22:56+00:00\",\"breadcrumb\":{\"@id\":\"https:\/\/www.peetri.edu.ee\/pohikool\/meie-kool\/projektid\/etwinning\/20222023-2\/etwinningu-uhisjoonistamise-voistlus-meie-unistuste-kool-lobus\/#breadcrumb\"},\"inLanguage\":\"et\",\"potentialAction\":[{\"@type\":\"ReadAction\",\"target\":[\"https:\/\/www.peetri.edu.ee\/pohikool\/meie-kool\/projektid\/etwinning\/20222023-2\/etwinningu-uhisjoonistamise-voistlus-meie-unistuste-kool-lobus\/\"]}]},{\"@type\":\"BreadcrumbList\",\"@id\":\"https:\/\/www.peetri.edu.ee\/pohikool\/meie-kool\/projektid\/etwinning\/20222023-2\/etwinningu-uhisjoonistamise-voistlus-meie-unistuste-kool-lobus\/#breadcrumb\",\"itemListElement\":[{\"@type\":\"ListItem\",\"position\":1,\"name\":\"Home\",\"item\":\"https:\/\/www.peetri.edu.ee\/pohikool\/\"},{\"@type\":\"ListItem\",\"position\":2,\"name\":\"Meie kool\",\"item\":\"https:\/\/www.peetri.edu.ee\/pohikool\/\"},{\"@type\":\"ListItem\",\"position\":3,\"name\":\"Projektid\",\"item\":\"https:\/\/www.peetri.edu.ee\/pohikool\/meie-kool\/projektid\/\"},{\"@type\":\"ListItem\",\"position\":4,\"name\":\"eTwinning\",\"item\":\"https:\/\/www.peetri.edu.ee\/pohikool\/meie-kool\/projektid\/etwinning\/\"},{\"@type\":\"ListItem\",\"position\":5,\"name\":\"2022\/2023\",\"item\":\"https:\/\/www.peetri.edu.ee\/pohikool\/meie-kool\/projektid\/etwinning\/20222023-2\/\"},{\"@type\":\"ListItem\",\"position\":6,\"name\":\"eTwinningu \u00fchisjoonistamise v\u00f5istlus &#8220;Meie unistuste kool on l\u00f5bus&#8221;\"}]},{\"@type\":\"WebSite\",\"@id\":\"https:\/\/www.peetri.edu.ee\/pohikool\/#website\",\"url\":\"https:\/\/www.peetri.edu.ee\/pohikool\/\",\"name\":\"Peetri P\u00f5hikool\",\"description\":\"Igas inimeses on p\u00e4ike, laskem tal s\u00e4rada\",\"potentialAction\":[{\"@type\":\"SearchAction\",\"target\":{\"@type\":\"EntryPoint\",\"urlTemplate\":\"https:\/\/www.peetri.edu.ee\/pohikool\/?s={search_term_string}\"},\"query-input\":{\"@type\":\"PropertyValueSpecification\",\"valueRequired\":true,\"valueName\":\"search_term_string\"}}],\"inLanguage\":\"et\"}]}<\/script>\n<!-- \/ Yoast SEO plugin. -->","yoast_head_json":{"title":"eTwinningu \u00fchisjoonistamise v\u00f5istlus \"Meie unistuste kool on l\u00f5bus\" - Peetri P\u00f5hikool","robots":{"index":"index","follow":"follow","max-snippet":"max-snippet:-1","max-image-preview":"max-image-preview:large","max-video-preview":"max-video-preview:-1"},"canonical":"https:\/\/www.peetri.edu.ee\/pohikool\/meie-kool\/projektid\/etwinning\/20222023-2\/etwinningu-uhisjoonistamise-voistlus-meie-unistuste-kool-lobus\/","og_locale":"et_EE","og_type":"article","og_title":"eTwinningu \u00fchisjoonistamise v\u00f5istlus \"Meie unistuste kool on l\u00f5bus\" - Peetri P\u00f5hikool","og_description":"2022. aasta l\u00f5pus kutsus Haridus- ja Noorteamet ning \u00f5petajate rahvusvahelise koost\u00f6\u00f6 v\u00f5rgustik eTwinningu lasteaialapsi ja kooli\u00f5pilasi \u00fchisjoonistamise v\u00f5istlusele. Eesm\u00e4rgiks oli...","og_url":"https:\/\/www.peetri.edu.ee\/pohikool\/meie-kool\/projektid\/etwinning\/20222023-2\/etwinningu-uhisjoonistamise-voistlus-meie-unistuste-kool-lobus\/","og_site_name":"Peetri P\u00f5hikool","article_modified_time":"2023-05-19T08:22:56+00:00","twitter_card":"summary_large_image","twitter_misc":{"Est. reading time":"1 minut"},"schema":{"@context":"https:\/\/schema.org","@graph":[{"@type":"WebPage","@id":"https:\/\/www.peetri.edu.ee\/pohikool\/meie-kool\/projektid\/etwinning\/20222023-2\/etwinningu-uhisjoonistamise-voistlus-meie-unistuste-kool-lobus\/","url":"https:\/\/www.peetri.edu.ee\/pohikool\/meie-kool\/projektid\/etwinning\/20222023-2\/etwinningu-uhisjoonistamise-voistlus-meie-unistuste-kool-lobus\/","name":"eTwinningu \u00fchisjoonistamise v\u00f5istlus \"Meie unistuste kool on l\u00f5bus\" - Peetri P\u00f5hikool","isPartOf":{"@id":"https:\/\/www.peetri.edu.ee\/pohikool\/#website"},"datePublished":"2023-05-18T08:28:11+00:00","dateModified":"2023-05-19T08:22:56+00:00","breadcrumb":{"@id":"https:\/\/www.peetri.edu.ee\/pohikool\/meie-kool\/projektid\/etwinning\/20222023-2\/etwinningu-uhisjoonistamise-voistlus-meie-unistuste-kool-lobus\/#breadcrumb"},"inLanguage":"et","potentialAction":[{"@type":"ReadAction","target":["https:\/\/www.peetri.edu.ee\/pohikool\/meie-kool\/projektid\/etwinning\/20222023-2\/etwinningu-uhisjoonistamise-voistlus-meie-unistuste-kool-lobus\/"]}]},{"@type":"BreadcrumbList","@id":"https:\/\/www.peetri.edu.ee\/pohikool\/meie-kool\/projektid\/etwinning\/20222023-2\/etwinningu-uhisjoonistamise-voistlus-meie-unistuste-kool-lobus\/#breadcrumb","itemListElement":[{"@type":"ListItem","position":1,"name":"Home","item":"https:\/\/www.peetri.edu.ee\/pohikool\/"},{"@type":"ListItem","position":2,"name":"Meie kool","item":"https:\/\/www.peetri.edu.ee\/pohikool\/"},{"@type":"ListItem","position":3,"name":"Projektid","item":"https:\/\/www.peetri.edu.ee\/pohikool\/meie-kool\/projektid\/"},{"@type":"ListItem","position":4,"name":"eTwinning","item":"https:\/\/www.peetri.edu.ee\/pohikool\/meie-kool\/projektid\/etwinning\/"},{"@type":"ListItem","position":5,"name":"2022\/2023","item":"https:\/\/www.peetri.edu.ee\/pohikool\/meie-kool\/projektid\/etwinning\/20222023-2\/"},{"@type":"ListItem","position":6,"name":"eTwinningu \u00fchisjoonistamise v\u00f5istlus &#8220;Meie unistuste kool on l\u00f5bus&#8221;"}]},{"@type":"WebSite","@id":"https:\/\/www.peetri.edu.ee\/pohikool\/#website","url":"https:\/\/www.peetri.edu.ee\/pohikool\/","name":"Peetri P\u00f5hikool","description":"Igas inimeses on p\u00e4ike, laskem tal s\u00e4rada","potentialAction":[{"@type":"SearchAction","target":{"@type":"EntryPoint","urlTemplate":"https:\/\/www.peetri.edu.ee\/pohikool\/?s={search_term_string}"},"query-input":{"@type":"PropertyValueSpecification","valueRequired":true,"valueName":"search_term_string"}}],"inLanguage":"et"}]}},"acf":[],"_links":{"self":[{"href":"https:\/\/www.peetri.edu.ee\/pohikool\/wp-json\/wp\/v2\/pages\/7258","targetHints":{"allow":["GET"]}}],"collection":[{"href":"https:\/\/www.peetri.edu.ee\/pohikool\/wp-json\/wp\/v2\/pages"}],"about":[{"href":"https:\/\/www.peetri.edu.ee\/pohikool\/wp-json\/wp\/v2\/types\/page"}],"author":[{"embeddable":true,"href":"https:\/\/www.peetri.edu.ee\/pohikool\/wp-json\/wp\/v2\/users\/14"}],"replies":[{"embeddable":true,"href":"https:\/\/www.peetri.edu.ee\/pohikool\/wp-json\/wp\/v2\/comments?post=7258"}],"version-history":[{"count":5,"href":"https:\/\/www.peetri.edu.ee\/pohikool\/wp-json\/wp\/v2\/pages\/7258\/revisions"}],"predecessor-version":[{"id":7262,"href":"https:\/\/www.peetri.edu.ee\/pohikool\/wp-json\/wp\/v2\/pages\/7258\/revisions\/7262"}],"up":[{"embeddable":true,"href":"https:\/\/www.peetri.edu.ee\/pohikool\/wp-json\/wp\/v2\/pages\/7256"}],"wp:attachment":[{"href":"https:\/\/www.peetri.edu.ee\/pohikool\/wp-json\/wp\/v2\/media?parent=7258"}],"curies":[{"name":"wp","href":"https:\/\/api.w.org\/{rel}","templated":true}]}}