{"id":7224,"date":"2023-05-16T13:26:33","date_gmt":"2023-05-16T10:26:33","guid":{"rendered":"https:\/\/www.peetri.edu.ee\/pohikool\/?page_id=7224"},"modified":"2023-06-26T22:28:40","modified_gmt":"2023-06-26T19:28:40","slug":"toovari-antalyas","status":"publish","type":"page","link":"https:\/\/www.peetri.edu.ee\/pohikool\/erasmus-opiranded\/2021-2023-projekt\/toovari-antalyas\/","title":{"rendered":"T\u00f6\u00f6vari Antalyas"},"content":{"rendered":"<p><strong><b><img loading=\"lazy\" decoding=\"async\" class=\"alignnone wp-image-7197\" src=\"https:\/\/www.peetri.edu.ee\/pohikool\/wp-content\/uploads\/sites\/3\/2021\/08\/logoEL-300x83.png\" alt=\"\" width=\"206\" height=\"57\" \/>\u00a024.-28. oktoobril<\/b><\/strong> toimus\u00a0 projekti \u201cKultuuridevaheline haridus ja integratsioon\u201d kaudu t\u00f6\u00f6varjutamine Antalyas. \u00d5pir\u00e4nde eesm\u00e4rk oli hariduslike erivajadustega (andekad, \u00f5piraskustega, muukeelsed) laste toetamise t\u00f5hustamine kasutades partnerkoolide kogemusi. Kujundada igap\u00e4evaelus kaasavaid ja kultuuridevahelisi hoiakuid \u00f5ppekavade ja positiivsete tegevuste kaudu. Rahvusvahelise koost\u00f6\u00f6 tugevdamine ja toetamine, uute koost\u00f6\u00f6partnerite leidmine, v\u00f5rgustiku v\u00e4ljat\u00f6\u00f6tamine ja arendamine.<\/p>\n<p>T\u00f6\u00f6varjutamisel osalesid kooli arendusjuht ja eesti keele \u00f5petaja Eili Laas, inglise keele \u00f5petaja Pille Soobik, kooli haridustehnoloog,\u00a0 digi\u00f5petuse ja valikaine \u00f5petaja Signe Reidla.<\/p>\n<p><span style=\"font-weight: 400\">\u00d5pir\u00e4nde ajal k\u00fclastasime <b> Kocademir Ortaokulu <\/b> inglise keele, matemaatika, geograafia ja ajaloo tunde, v<\/span>esteldi\u00a0 juhtkonnaga, suheldi kohaliku kooli muukeelsete \u00f5pilastega.<br \/>\n<span style=\"font-weight: 400\">Osalejad vaatasid,\u00a0 kuidas muukeelsed \u00f5pilased on tunni tegevustesse kaasatud ja vestlesid \u00f5petajate ning juhtkonnaga kuidas on \u00f5ppet\u00f6\u00f6 korraldatud.<br \/>\n<\/span>Kooli inglise keele \u00f5petajaga lepiti kokku edasistes j\u00e4tkutegevustes. \u00dchiselt soovitakse luu eTwinningu projekt kuhu on kaastatud m\u00f5lema kooli samaelaised \u00f5pilased.<br \/>\n<span style=\"font-weight: 400\">Antalyas veedetud p\u00e4evade ajal oli v\u00f5imalik osaleda\u00a0<\/span><span style=\"font-weight: 400\">\u00a0riigi aastap\u00e4eva t\u00e4histamise ettevalmistusel.<\/span><\/p>\n<p><span style=\"font-weight: 400\">Vastuv\u00f5ttev kool v\u00f5imaldas k\u00fclastada \u00fchte erivajadustega \u00f5pilaste kooli Hatice-Ramazan savas \u00f6zel Egitim Uygulama Okulu\u00a0 ja\u00a0 Antalia lasteaed-algkooli Irfan Ilk Ilkokulu.<\/span><\/p>\n<p>Kooliga\u00a0<b>Hatice-Ramazan savas \u00f6zel Egitim Uygulama Okulu <\/b>tutvumise ajal suheldi\u00a0<span style=\"font-weight: 400\">kooli Erasmus+ koordinaatoriga, tutvuti nende kooli\u00a0 projektiga ja kooli abistati\u00a0 Eestist partneri leidmisel.\u00a0<\/span><span style=\"font-weight: 400\">Erivajadustega \u00f5pilaste koolis tutvustati erinevaid \u00f5pperuume- ja vahendeid (stressi maandamise ruum, igap\u00e4evaeluga toimetuleku \u00f5petamisv\u00f5imalusi, \u00f5ues\u00f5ppe v\u00f5imalusi, tesitsuguseid \u00f5petamismeetodeid).<\/span><\/p>\n<p><span style=\"font-weight: 400\">Antalia lasteaed-algkoolis <b>Irfan Ilk Ilkokulu <\/b> k\u00fclastati kunsti\u00f5petuse tundi, liikumise\u00f5petust, tutvuti lasteaia tegevustega, <\/span>vesteldi\u00a0 juhtkonnaga\u00a0ja\u00a0suheldi kohaliku kooli muukeelsete \u00f5pilastega.<\/p>\n<p><span style=\"font-weight: 400\">Antalya vastuv\u00f5tvad koolid tutvustasid\u00a0 T\u00fcrgi kultuuri, r\u00e4\u00e4giti kultuuride erinevustest ja sarnasustest.<br \/>\nVastuv\u00f5tva kooli \u00f5pilastele tutvustati Eesti riiki ja Tutvustasime vastuv\u00f5tva kooli \u00f5pilastele oma riiki jaPeetri Lasteaed-P\u00f5hikooli.\u00a0<\/span>Osalejatele v\u00f5imaldati kohtumine muukeelse pere lapsevanemaga.<\/p>\n<p>V\u00e4ga suureks erinevuseks on, et k<span style=\"font-weight: 400\">eele\u00f5pe toimub v\u00e4ga suurtes r\u00fchmades, \u00f5pilased ei olnud v\u00e4ikestesse gruppidesse jagatud.<\/span><\/p>\n<p>T\u00f6\u00f6varjutamise ajal saadi teada, et vastuv\u00f5tvas koolis on lapsevanemad kaasatud klassitegevustesse. Igal klassil on\u00a0<span style=\"font-weight: 400\">lapsevanemad, kes\u00a0 osalevad ekskursioonidel, on kooli ja kodu vahel vahendajaks muukeelsete \u00f5pilastega suhtlemisel.\u00a0<\/span><span style=\"font-weight: 400\">Koolis oli igap\u00e4evaselt kohal lapsevanemate hoolekogu esindaja.<\/span><\/p>\n<p><span style=\"font-weight: 400\">T\u00f6\u00f6varjutamise ajal \u00f5\u00f5pisid osalejad\u00a0 paremini m\u00f5istma\u00a0 T\u00fcrgi kultuuri, millega eelenvalt on kokkupuuteid v\u00e4ga v\u00e4he olnud, aga mis on oluline , et paremini m\u00f5ista erinevaid rahvuseid.\u00a0<\/span><\/p>\n<p><span style=\"font-weight: 400\">\u00d5piti tundma hariduss\u00fcsteemi (eksamite jaoks toimuvad \u00f5ppetunnid n\u00e4dalavahetustel ja \u00f5pilased osalevad t\u00e4iend\u00f5ppetundides, et eksameid paremini sooritada,\u00a0 k\u00e4iakse viimastes klassides eraldi \u00f5ppimas). V\u00e4ga suuresti oli n\u00e4ha p<\/span><span style=\"font-weight: 400\">atriotismi (oma riigi traditsioonide ja kommete t\u00e4htsaks pidamist), vaadeldi\u00a0<\/span><span style=\"font-weight: 400\">\u00f5petajate tagasisidestamist ja\u00a0 erinevate v\u00f5imekusega \u00f5pilaste kaasamist \u00f5ppet\u00f6\u00f6sse. \u00d5piraskustega ja muukeelsete \u00f5pilaste kaasamine \u00f5ppet\u00f6\u00f6sse valmistab ka sealsetes koolides raskusi.\u00a0<\/span><\/p>\n<p><span style=\"font-weight: 400\">T\u00f6\u00f6varjutamise k\u00e4igus tuli suhelda inglise keeled ja leiti v\u00f5imalusi kuidas suhelda inimestega, kes v\u00f5\u00f5rkeeli ei valda, \u00f5piti kasutama erinevaid rakendusi,\u00a0 parendati meeskonnat\u00f6\u00f6d ja toimetulekut teises keskkonnas.<\/span><\/p>\n<p>Rohkem infot projekti veebilehel:\u00a0http:\/\/profareng.weebly.com\/toumloumlvari-tuumlrgis&#8211;antalya.html<\/p>\n<p>&nbsp;<\/p>\n","protected":false},"excerpt":{"rendered":"<p>\u00a024.-28. oktoobril toimus\u00a0 projekti \u201cKultuuridevaheline haridus ja integratsioon\u201d kaudu t\u00f6\u00f6varjutamine Antalyas. \u00d5pir\u00e4nde eesm\u00e4rk oli hariduslike erivajadustega (andekad, \u00f5piraskustega, muukeelsed) laste&#8230;<\/p>\n","protected":false},"author":14,"featured_media":0,"parent":5572,"menu_order":0,"comment_status":"closed","ping_status":"closed","template":"","meta":{"_acf_changed":false,"footnotes":""},"class_list":["post-7224","page","type-page","status-publish","hentry"],"yoast_head":"<!-- This site is optimized with the Yoast SEO plugin v27.2 - https:\/\/yoast.com\/product\/yoast-seo-wordpress\/ -->\n<title>T\u00f6\u00f6vari Antalyas - Peetri P\u00f5hikool<\/title>\n<meta name=\"robots\" content=\"index, follow, max-snippet:-1, max-image-preview:large, max-video-preview:-1\" \/>\n<link rel=\"canonical\" href=\"https:\/\/www.peetri.edu.ee\/pohikool\/erasmus-opiranded\/2021-2023-projekt\/toovari-antalyas\/\" \/>\n<meta property=\"og:locale\" content=\"et_EE\" \/>\n<meta property=\"og:type\" content=\"article\" \/>\n<meta property=\"og:title\" content=\"T\u00f6\u00f6vari Antalyas - Peetri P\u00f5hikool\" \/>\n<meta property=\"og:description\" content=\"\u00a024.-28. oktoobril toimus\u00a0 projekti \u201cKultuuridevaheline haridus ja integratsioon\u201d kaudu t\u00f6\u00f6varjutamine Antalyas. \u00d5pir\u00e4nde eesm\u00e4rk oli hariduslike erivajadustega (andekad, \u00f5piraskustega, muukeelsed) laste...\" \/>\n<meta property=\"og:url\" content=\"https:\/\/www.peetri.edu.ee\/pohikool\/erasmus-opiranded\/2021-2023-projekt\/toovari-antalyas\/\" \/>\n<meta property=\"og:site_name\" content=\"Peetri P\u00f5hikool\" \/>\n<meta property=\"article:modified_time\" content=\"2023-06-26T19:28:40+00:00\" \/>\n<meta property=\"og:image\" content=\"https:\/\/www.peetri.edu.ee\/pohikool\/wp-content\/uploads\/sites\/3\/2021\/08\/logoEL-300x83.png\" \/>\n<meta name=\"twitter:card\" content=\"summary_large_image\" \/>\n<meta name=\"twitter:label1\" content=\"Est. reading time\" \/>\n\t<meta name=\"twitter:data1\" content=\"2 minutit\" \/>\n<script type=\"application\/ld+json\" class=\"yoast-schema-graph\">{\"@context\":\"https:\/\/schema.org\",\"@graph\":[{\"@type\":\"WebPage\",\"@id\":\"https:\/\/www.peetri.edu.ee\/pohikool\/erasmus-opiranded\/2021-2023-projekt\/toovari-antalyas\/\",\"url\":\"https:\/\/www.peetri.edu.ee\/pohikool\/erasmus-opiranded\/2021-2023-projekt\/toovari-antalyas\/\",\"name\":\"T\u00f6\u00f6vari Antalyas - Peetri P\u00f5hikool\",\"isPartOf\":{\"@id\":\"https:\/\/www.peetri.edu.ee\/pohikool\/#website\"},\"primaryImageOfPage\":{\"@id\":\"https:\/\/www.peetri.edu.ee\/pohikool\/erasmus-opiranded\/2021-2023-projekt\/toovari-antalyas\/#primaryimage\"},\"image\":{\"@id\":\"https:\/\/www.peetri.edu.ee\/pohikool\/erasmus-opiranded\/2021-2023-projekt\/toovari-antalyas\/#primaryimage\"},\"thumbnailUrl\":\"https:\/\/www.peetri.edu.ee\/pohikool\/wp-content\/uploads\/sites\/3\/2021\/08\/logoEL-300x83.png\",\"datePublished\":\"2023-05-16T10:26:33+00:00\",\"dateModified\":\"2023-06-26T19:28:40+00:00\",\"breadcrumb\":{\"@id\":\"https:\/\/www.peetri.edu.ee\/pohikool\/erasmus-opiranded\/2021-2023-projekt\/toovari-antalyas\/#breadcrumb\"},\"inLanguage\":\"et\",\"potentialAction\":[{\"@type\":\"ReadAction\",\"target\":[\"https:\/\/www.peetri.edu.ee\/pohikool\/erasmus-opiranded\/2021-2023-projekt\/toovari-antalyas\/\"]}]},{\"@type\":\"ImageObject\",\"inLanguage\":\"et\",\"@id\":\"https:\/\/www.peetri.edu.ee\/pohikool\/erasmus-opiranded\/2021-2023-projekt\/toovari-antalyas\/#primaryimage\",\"url\":\"https:\/\/www.peetri.edu.ee\/pohikool\/wp-content\/uploads\/sites\/3\/2021\/08\/logoEL.png\",\"contentUrl\":\"https:\/\/www.peetri.edu.ee\/pohikool\/wp-content\/uploads\/sites\/3\/2021\/08\/logoEL.png\",\"width\":480,\"height\":132},{\"@type\":\"BreadcrumbList\",\"@id\":\"https:\/\/www.peetri.edu.ee\/pohikool\/erasmus-opiranded\/2021-2023-projekt\/toovari-antalyas\/#breadcrumb\",\"itemListElement\":[{\"@type\":\"ListItem\",\"position\":1,\"name\":\"Home\",\"item\":\"https:\/\/www.peetri.edu.ee\/pohikool\/\"},{\"@type\":\"ListItem\",\"position\":2,\"name\":\"Erasmus+ \u00f5pir\u00e4nded ja koost\u00f6\u00f6projektid\",\"item\":\"https:\/\/www.peetri.edu.ee\/pohikool\/erasmus-opiranded\/\"},{\"@type\":\"ListItem\",\"position\":3,\"name\":\"2021-2023 projekt\",\"item\":\"https:\/\/www.peetri.edu.ee\/pohikool\/erasmus-opiranded\/2021-2023-projekt\/\"},{\"@type\":\"ListItem\",\"position\":4,\"name\":\"T\u00f6\u00f6vari Antalyas\"}]},{\"@type\":\"WebSite\",\"@id\":\"https:\/\/www.peetri.edu.ee\/pohikool\/#website\",\"url\":\"https:\/\/www.peetri.edu.ee\/pohikool\/\",\"name\":\"Peetri P\u00f5hikool\",\"description\":\"Igas inimeses on p\u00e4ike, laskem tal s\u00e4rada\",\"potentialAction\":[{\"@type\":\"SearchAction\",\"target\":{\"@type\":\"EntryPoint\",\"urlTemplate\":\"https:\/\/www.peetri.edu.ee\/pohikool\/?s={search_term_string}\"},\"query-input\":{\"@type\":\"PropertyValueSpecification\",\"valueRequired\":true,\"valueName\":\"search_term_string\"}}],\"inLanguage\":\"et\"}]}<\/script>\n<!-- \/ Yoast SEO plugin. -->","yoast_head_json":{"title":"T\u00f6\u00f6vari Antalyas - Peetri P\u00f5hikool","robots":{"index":"index","follow":"follow","max-snippet":"max-snippet:-1","max-image-preview":"max-image-preview:large","max-video-preview":"max-video-preview:-1"},"canonical":"https:\/\/www.peetri.edu.ee\/pohikool\/erasmus-opiranded\/2021-2023-projekt\/toovari-antalyas\/","og_locale":"et_EE","og_type":"article","og_title":"T\u00f6\u00f6vari Antalyas - Peetri P\u00f5hikool","og_description":"\u00a024.-28. oktoobril toimus\u00a0 projekti \u201cKultuuridevaheline haridus ja integratsioon\u201d kaudu t\u00f6\u00f6varjutamine Antalyas. \u00d5pir\u00e4nde eesm\u00e4rk oli hariduslike erivajadustega (andekad, \u00f5piraskustega, muukeelsed) laste...","og_url":"https:\/\/www.peetri.edu.ee\/pohikool\/erasmus-opiranded\/2021-2023-projekt\/toovari-antalyas\/","og_site_name":"Peetri P\u00f5hikool","article_modified_time":"2023-06-26T19:28:40+00:00","og_image":[{"url":"https:\/\/www.peetri.edu.ee\/pohikool\/wp-content\/uploads\/sites\/3\/2021\/08\/logoEL-300x83.png","type":"","width":"","height":""}],"twitter_card":"summary_large_image","twitter_misc":{"Est. reading time":"2 minutit"},"schema":{"@context":"https:\/\/schema.org","@graph":[{"@type":"WebPage","@id":"https:\/\/www.peetri.edu.ee\/pohikool\/erasmus-opiranded\/2021-2023-projekt\/toovari-antalyas\/","url":"https:\/\/www.peetri.edu.ee\/pohikool\/erasmus-opiranded\/2021-2023-projekt\/toovari-antalyas\/","name":"T\u00f6\u00f6vari Antalyas - Peetri P\u00f5hikool","isPartOf":{"@id":"https:\/\/www.peetri.edu.ee\/pohikool\/#website"},"primaryImageOfPage":{"@id":"https:\/\/www.peetri.edu.ee\/pohikool\/erasmus-opiranded\/2021-2023-projekt\/toovari-antalyas\/#primaryimage"},"image":{"@id":"https:\/\/www.peetri.edu.ee\/pohikool\/erasmus-opiranded\/2021-2023-projekt\/toovari-antalyas\/#primaryimage"},"thumbnailUrl":"https:\/\/www.peetri.edu.ee\/pohikool\/wp-content\/uploads\/sites\/3\/2021\/08\/logoEL-300x83.png","datePublished":"2023-05-16T10:26:33+00:00","dateModified":"2023-06-26T19:28:40+00:00","breadcrumb":{"@id":"https:\/\/www.peetri.edu.ee\/pohikool\/erasmus-opiranded\/2021-2023-projekt\/toovari-antalyas\/#breadcrumb"},"inLanguage":"et","potentialAction":[{"@type":"ReadAction","target":["https:\/\/www.peetri.edu.ee\/pohikool\/erasmus-opiranded\/2021-2023-projekt\/toovari-antalyas\/"]}]},{"@type":"ImageObject","inLanguage":"et","@id":"https:\/\/www.peetri.edu.ee\/pohikool\/erasmus-opiranded\/2021-2023-projekt\/toovari-antalyas\/#primaryimage","url":"https:\/\/www.peetri.edu.ee\/pohikool\/wp-content\/uploads\/sites\/3\/2021\/08\/logoEL.png","contentUrl":"https:\/\/www.peetri.edu.ee\/pohikool\/wp-content\/uploads\/sites\/3\/2021\/08\/logoEL.png","width":480,"height":132},{"@type":"BreadcrumbList","@id":"https:\/\/www.peetri.edu.ee\/pohikool\/erasmus-opiranded\/2021-2023-projekt\/toovari-antalyas\/#breadcrumb","itemListElement":[{"@type":"ListItem","position":1,"name":"Home","item":"https:\/\/www.peetri.edu.ee\/pohikool\/"},{"@type":"ListItem","position":2,"name":"Erasmus+ \u00f5pir\u00e4nded ja koost\u00f6\u00f6projektid","item":"https:\/\/www.peetri.edu.ee\/pohikool\/erasmus-opiranded\/"},{"@type":"ListItem","position":3,"name":"2021-2023 projekt","item":"https:\/\/www.peetri.edu.ee\/pohikool\/erasmus-opiranded\/2021-2023-projekt\/"},{"@type":"ListItem","position":4,"name":"T\u00f6\u00f6vari Antalyas"}]},{"@type":"WebSite","@id":"https:\/\/www.peetri.edu.ee\/pohikool\/#website","url":"https:\/\/www.peetri.edu.ee\/pohikool\/","name":"Peetri P\u00f5hikool","description":"Igas inimeses on p\u00e4ike, laskem tal s\u00e4rada","potentialAction":[{"@type":"SearchAction","target":{"@type":"EntryPoint","urlTemplate":"https:\/\/www.peetri.edu.ee\/pohikool\/?s={search_term_string}"},"query-input":{"@type":"PropertyValueSpecification","valueRequired":true,"valueName":"search_term_string"}}],"inLanguage":"et"}]}},"acf":[],"_links":{"self":[{"href":"https:\/\/www.peetri.edu.ee\/pohikool\/wp-json\/wp\/v2\/pages\/7224","targetHints":{"allow":["GET"]}}],"collection":[{"href":"https:\/\/www.peetri.edu.ee\/pohikool\/wp-json\/wp\/v2\/pages"}],"about":[{"href":"https:\/\/www.peetri.edu.ee\/pohikool\/wp-json\/wp\/v2\/types\/page"}],"author":[{"embeddable":true,"href":"https:\/\/www.peetri.edu.ee\/pohikool\/wp-json\/wp\/v2\/users\/14"}],"replies":[{"embeddable":true,"href":"https:\/\/www.peetri.edu.ee\/pohikool\/wp-json\/wp\/v2\/comments?post=7224"}],"version-history":[{"count":5,"href":"https:\/\/www.peetri.edu.ee\/pohikool\/wp-json\/wp\/v2\/pages\/7224\/revisions"}],"predecessor-version":[{"id":7638,"href":"https:\/\/www.peetri.edu.ee\/pohikool\/wp-json\/wp\/v2\/pages\/7224\/revisions\/7638"}],"up":[{"embeddable":true,"href":"https:\/\/www.peetri.edu.ee\/pohikool\/wp-json\/wp\/v2\/pages\/5572"}],"wp:attachment":[{"href":"https:\/\/www.peetri.edu.ee\/pohikool\/wp-json\/wp\/v2\/media?parent=7224"}],"curies":[{"name":"wp","href":"https:\/\/api.w.org\/{rel}","templated":true}]}}