{"id":7222,"date":"2023-05-16T13:25:38","date_gmt":"2023-05-16T10:25:38","guid":{"rendered":"https:\/\/www.peetri.edu.ee\/pohikool\/?page_id=7222"},"modified":"2023-08-10T14:28:25","modified_gmt":"2023-08-10T11:28:25","slug":"toovari-istanbulis","status":"publish","type":"page","link":"https:\/\/www.peetri.edu.ee\/pohikool\/erasmus-opiranded\/2021-2023-projekt\/toovari-istanbulis\/","title":{"rendered":"T\u00f6\u00f6vari Istanbulis"},"content":{"rendered":"<p><b><img loading=\"lazy\" decoding=\"async\" class=\"alignnone wp-image-7197\" src=\"https:\/\/www.peetri.edu.ee\/pohikool\/wp-content\/uploads\/sites\/3\/2021\/08\/logoEL-300x83.png\" alt=\"\" width=\"206\" height=\"57\" \/>\u00a024.-27. oktoobril <\/b><span style=\"font-weight: 400\">toimus Istanbulis \u00f5pir\u00e4nne \u201cKultuuridevaheline haridus ja integratsioon\u201d. \u00d5pir\u00e4nde eesm\u00e4rk oli hariduslike erivajadustega (andekad, \u00f5piraskustega, muukeelsed) laste toetamise t\u00f5hustamine kasutades partnerkoolide kogemusi. Kujundada igap\u00e4evaelus kaasavaid ja kultuuridevahelisi hoiakuid \u00f5ppekavade ja positiivsete tegevuste kaudu. Rahvusvahelise koost\u00f6\u00f6 tugevdamine ja toetamine, uute koost\u00f6\u00f6partnerite leidmine, v\u00f5rgustiku v\u00e4ljat\u00f6\u00f6tamine ja arendamine. T\u00f6\u00f6varjutamisel osalesid liikumis\u00f5petaja Martin Nelis, muusika\u00f5petaja Mariann Nurk ja vene keele \u00f5petaja Niina Nikitina.<\/span><\/p>\n<p><span style=\"font-weight: 400\">Osalejad said vaadelda neid ainetunde, mida Eestis ka \u00f5petatakse. K\u00f5ikide nende tundide \u00fchiseks m\u00e4rks\u00f5naks saab pidada aktiivset dialoogi \u00f5petaja ja \u00f5pilase vahel &#8211; K\u00f5ik \u00f5pilased olid haaratud \u00f5ppet\u00f6\u00f6se. Samuti olid k\u00f5ik \u00f5pilased v\u00e4ga motiveeritud \u00f5ppet\u00f6\u00f6st osa v\u00f5tma &#8211; olgu siis p\u00f5hjuseks teadmiste omandamine v\u00f5i meie n\u00e4ol v\u00f5\u00f5rad pilgud klassiruumis.<\/span><\/p>\n<p>\u00d5pir\u00e4nde vastuv\u00f5tvaks partneriks oli\u00a0<a href=\"https:\/\/iomtal.meb.k12.tr\/icerikler\/ibrahim-ozaydin-vocational-and-technical-high-school_4501575.html?fbclid=IwAR2bEHpKT3-am7zn27Tq55GseA6oDhNXOxMwHEgPFOLIEXKGCGkQQQCNkgo\"><b>\u0130brahim \u00d6zayd\u0131n Mesleki ve Teknik Anadolu Lisesi<\/b><\/a>\u00a0Istanbulis.<br \/>\nVastuv\u00f5tev partner v\u00f5imaldaas osalejatel veel p\u00f5gusalt tutvuda m\u00f5ne Istanbuli kooliga.\u00a0 Osalejatele korraldati vastuv\u00f5tva partneri poolt v\u00e4ljas\u00f5it lennunduse, meditsiinikooli ja g\u00fcmnaasiumisse (M\u00fcnevver Kemal \u00d6zver Mesleki ve Teknik Anadolu Lisesi ja\u00a0T.C. M\u0130LL\u00ce E\u011e\u0130T\u0130M BAKANLI\u011eI \u0130STANBUL \/ AVCILAR)<\/p>\n<p><img loading=\"lazy\" decoding=\"async\" class=\"alignnone size-medium wp-image-7548\" src=\"https:\/\/www.peetri.edu.ee\/pohikool\/wp-content\/uploads\/sites\/3\/2023\/05\/unnamed-4-300x135.png\" alt=\"\" width=\"300\" height=\"135\" \/>\u00a0\u00a0<img loading=\"lazy\" decoding=\"async\" class=\"alignnone size-medium wp-image-7550\" src=\"https:\/\/www.peetri.edu.ee\/pohikool\/wp-content\/uploads\/sites\/3\/2023\/05\/unnamed-5-300x135.png\" alt=\"\" width=\"300\" height=\"135\" \/><\/p>\n<p><img loading=\"lazy\" decoding=\"async\" class=\"alignnone size-medium wp-image-7549\" src=\"https:\/\/www.peetri.edu.ee\/pohikool\/wp-content\/uploads\/sites\/3\/2023\/05\/unnamed-300x225.jpg\" alt=\"\" width=\"300\" height=\"225\" \/><\/p>\n<p>Vastuv\u00f5tva kooli postitused facebooki lehel:<\/p>\n<p><img loading=\"lazy\" decoding=\"async\" class=\"alignnone size-medium wp-image-7552\" src=\"https:\/\/www.peetri.edu.ee\/pohikool\/wp-content\/uploads\/sites\/3\/2023\/05\/Kuvat\u00f5mmis-2023-06-22-144654-260x300.png\" alt=\"\" width=\"260\" height=\"300\" \/> <img loading=\"lazy\" decoding=\"async\" class=\"alignnone size-medium wp-image-7553\" src=\"https:\/\/www.peetri.edu.ee\/pohikool\/wp-content\/uploads\/sites\/3\/2023\/05\/312836554_3390048721214887_1028679678441470156_n-300x300.jpg\" alt=\"\" width=\"300\" height=\"300\" \/><\/p>\n<p>Rohkem t\u00f6\u00f6varjutamise kohta:\u00a0<a href=\"http:\/\/profareng.weebly.com\/toumloumlvari-tuumlrgis--istanbul.html\">http:\/\/profareng.weebly.com\/toumloumlvari-tuumlrgis&#8211;istanbul.html<\/a><\/p>\n<p><span style=\"font-weight: 400\">Martin, Mariann, Niina<\/span><\/p>\n","protected":false},"excerpt":{"rendered":"<p>\u00a024.-27. oktoobril toimus Istanbulis \u00f5pir\u00e4nne \u201cKultuuridevaheline haridus ja integratsioon\u201d. \u00d5pir\u00e4nde eesm\u00e4rk oli hariduslike erivajadustega (andekad, \u00f5piraskustega, muukeelsed) laste toetamise t\u00f5hustamine&#8230;<\/p>\n","protected":false},"author":14,"featured_media":0,"parent":5572,"menu_order":0,"comment_status":"closed","ping_status":"closed","template":"","meta":{"_acf_changed":false,"footnotes":""},"class_list":["post-7222","page","type-page","status-publish","hentry"],"yoast_head":"<!-- This site is optimized with the Yoast SEO plugin v27.2 - https:\/\/yoast.com\/product\/yoast-seo-wordpress\/ -->\n<title>T\u00f6\u00f6vari Istanbulis - Peetri P\u00f5hikool<\/title>\n<meta name=\"robots\" content=\"index, follow, max-snippet:-1, max-image-preview:large, max-video-preview:-1\" \/>\n<link rel=\"canonical\" href=\"https:\/\/www.peetri.edu.ee\/pohikool\/erasmus-opiranded\/2021-2023-projekt\/toovari-istanbulis\/\" \/>\n<meta property=\"og:locale\" content=\"et_EE\" \/>\n<meta property=\"og:type\" content=\"article\" \/>\n<meta property=\"og:title\" content=\"T\u00f6\u00f6vari Istanbulis - Peetri P\u00f5hikool\" \/>\n<meta property=\"og:description\" content=\"\u00a024.-27. oktoobril toimus Istanbulis \u00f5pir\u00e4nne \u201cKultuuridevaheline haridus ja integratsioon\u201d. \u00d5pir\u00e4nde eesm\u00e4rk oli hariduslike erivajadustega (andekad, \u00f5piraskustega, muukeelsed) laste toetamise t\u00f5hustamine...\" \/>\n<meta property=\"og:url\" content=\"https:\/\/www.peetri.edu.ee\/pohikool\/erasmus-opiranded\/2021-2023-projekt\/toovari-istanbulis\/\" \/>\n<meta property=\"og:site_name\" content=\"Peetri P\u00f5hikool\" \/>\n<meta property=\"article:modified_time\" content=\"2023-08-10T11:28:25+00:00\" \/>\n<meta property=\"og:image\" content=\"https:\/\/www.peetri.edu.ee\/pohikool\/wp-content\/uploads\/sites\/3\/2021\/08\/logoEL-300x83.png\" \/>\n<meta name=\"twitter:card\" content=\"summary_large_image\" \/>\n<meta name=\"twitter:label1\" content=\"Est. reading time\" \/>\n\t<meta name=\"twitter:data1\" content=\"1 minut\" \/>\n<script type=\"application\/ld+json\" class=\"yoast-schema-graph\">{\"@context\":\"https:\/\/schema.org\",\"@graph\":[{\"@type\":\"WebPage\",\"@id\":\"https:\/\/www.peetri.edu.ee\/pohikool\/erasmus-opiranded\/2021-2023-projekt\/toovari-istanbulis\/\",\"url\":\"https:\/\/www.peetri.edu.ee\/pohikool\/erasmus-opiranded\/2021-2023-projekt\/toovari-istanbulis\/\",\"name\":\"T\u00f6\u00f6vari Istanbulis - Peetri P\u00f5hikool\",\"isPartOf\":{\"@id\":\"https:\/\/www.peetri.edu.ee\/pohikool\/#website\"},\"primaryImageOfPage\":{\"@id\":\"https:\/\/www.peetri.edu.ee\/pohikool\/erasmus-opiranded\/2021-2023-projekt\/toovari-istanbulis\/#primaryimage\"},\"image\":{\"@id\":\"https:\/\/www.peetri.edu.ee\/pohikool\/erasmus-opiranded\/2021-2023-projekt\/toovari-istanbulis\/#primaryimage\"},\"thumbnailUrl\":\"https:\/\/www.peetri.edu.ee\/pohikool\/wp-content\/uploads\/sites\/3\/2021\/08\/logoEL-300x83.png\",\"datePublished\":\"2023-05-16T10:25:38+00:00\",\"dateModified\":\"2023-08-10T11:28:25+00:00\",\"breadcrumb\":{\"@id\":\"https:\/\/www.peetri.edu.ee\/pohikool\/erasmus-opiranded\/2021-2023-projekt\/toovari-istanbulis\/#breadcrumb\"},\"inLanguage\":\"et\",\"potentialAction\":[{\"@type\":\"ReadAction\",\"target\":[\"https:\/\/www.peetri.edu.ee\/pohikool\/erasmus-opiranded\/2021-2023-projekt\/toovari-istanbulis\/\"]}]},{\"@type\":\"ImageObject\",\"inLanguage\":\"et\",\"@id\":\"https:\/\/www.peetri.edu.ee\/pohikool\/erasmus-opiranded\/2021-2023-projekt\/toovari-istanbulis\/#primaryimage\",\"url\":\"https:\/\/www.peetri.edu.ee\/pohikool\/wp-content\/uploads\/sites\/3\/2021\/08\/logoEL.png\",\"contentUrl\":\"https:\/\/www.peetri.edu.ee\/pohikool\/wp-content\/uploads\/sites\/3\/2021\/08\/logoEL.png\",\"width\":480,\"height\":132},{\"@type\":\"BreadcrumbList\",\"@id\":\"https:\/\/www.peetri.edu.ee\/pohikool\/erasmus-opiranded\/2021-2023-projekt\/toovari-istanbulis\/#breadcrumb\",\"itemListElement\":[{\"@type\":\"ListItem\",\"position\":1,\"name\":\"Home\",\"item\":\"https:\/\/www.peetri.edu.ee\/pohikool\/\"},{\"@type\":\"ListItem\",\"position\":2,\"name\":\"Erasmus+ \u00f5pir\u00e4nded ja koost\u00f6\u00f6projektid\",\"item\":\"https:\/\/www.peetri.edu.ee\/pohikool\/erasmus-opiranded\/\"},{\"@type\":\"ListItem\",\"position\":3,\"name\":\"2021-2023 projekt\",\"item\":\"https:\/\/www.peetri.edu.ee\/pohikool\/erasmus-opiranded\/2021-2023-projekt\/\"},{\"@type\":\"ListItem\",\"position\":4,\"name\":\"T\u00f6\u00f6vari Istanbulis\"}]},{\"@type\":\"WebSite\",\"@id\":\"https:\/\/www.peetri.edu.ee\/pohikool\/#website\",\"url\":\"https:\/\/www.peetri.edu.ee\/pohikool\/\",\"name\":\"Peetri P\u00f5hikool\",\"description\":\"Igas inimeses on p\u00e4ike, laskem tal s\u00e4rada\",\"potentialAction\":[{\"@type\":\"SearchAction\",\"target\":{\"@type\":\"EntryPoint\",\"urlTemplate\":\"https:\/\/www.peetri.edu.ee\/pohikool\/?s={search_term_string}\"},\"query-input\":{\"@type\":\"PropertyValueSpecification\",\"valueRequired\":true,\"valueName\":\"search_term_string\"}}],\"inLanguage\":\"et\"}]}<\/script>\n<!-- \/ Yoast SEO plugin. -->","yoast_head_json":{"title":"T\u00f6\u00f6vari Istanbulis - Peetri P\u00f5hikool","robots":{"index":"index","follow":"follow","max-snippet":"max-snippet:-1","max-image-preview":"max-image-preview:large","max-video-preview":"max-video-preview:-1"},"canonical":"https:\/\/www.peetri.edu.ee\/pohikool\/erasmus-opiranded\/2021-2023-projekt\/toovari-istanbulis\/","og_locale":"et_EE","og_type":"article","og_title":"T\u00f6\u00f6vari Istanbulis - Peetri P\u00f5hikool","og_description":"\u00a024.-27. oktoobril toimus Istanbulis \u00f5pir\u00e4nne \u201cKultuuridevaheline haridus ja integratsioon\u201d. \u00d5pir\u00e4nde eesm\u00e4rk oli hariduslike erivajadustega (andekad, \u00f5piraskustega, muukeelsed) laste toetamise t\u00f5hustamine...","og_url":"https:\/\/www.peetri.edu.ee\/pohikool\/erasmus-opiranded\/2021-2023-projekt\/toovari-istanbulis\/","og_site_name":"Peetri P\u00f5hikool","article_modified_time":"2023-08-10T11:28:25+00:00","og_image":[{"url":"https:\/\/www.peetri.edu.ee\/pohikool\/wp-content\/uploads\/sites\/3\/2021\/08\/logoEL-300x83.png","type":"","width":"","height":""}],"twitter_card":"summary_large_image","twitter_misc":{"Est. reading time":"1 minut"},"schema":{"@context":"https:\/\/schema.org","@graph":[{"@type":"WebPage","@id":"https:\/\/www.peetri.edu.ee\/pohikool\/erasmus-opiranded\/2021-2023-projekt\/toovari-istanbulis\/","url":"https:\/\/www.peetri.edu.ee\/pohikool\/erasmus-opiranded\/2021-2023-projekt\/toovari-istanbulis\/","name":"T\u00f6\u00f6vari Istanbulis - Peetri P\u00f5hikool","isPartOf":{"@id":"https:\/\/www.peetri.edu.ee\/pohikool\/#website"},"primaryImageOfPage":{"@id":"https:\/\/www.peetri.edu.ee\/pohikool\/erasmus-opiranded\/2021-2023-projekt\/toovari-istanbulis\/#primaryimage"},"image":{"@id":"https:\/\/www.peetri.edu.ee\/pohikool\/erasmus-opiranded\/2021-2023-projekt\/toovari-istanbulis\/#primaryimage"},"thumbnailUrl":"https:\/\/www.peetri.edu.ee\/pohikool\/wp-content\/uploads\/sites\/3\/2021\/08\/logoEL-300x83.png","datePublished":"2023-05-16T10:25:38+00:00","dateModified":"2023-08-10T11:28:25+00:00","breadcrumb":{"@id":"https:\/\/www.peetri.edu.ee\/pohikool\/erasmus-opiranded\/2021-2023-projekt\/toovari-istanbulis\/#breadcrumb"},"inLanguage":"et","potentialAction":[{"@type":"ReadAction","target":["https:\/\/www.peetri.edu.ee\/pohikool\/erasmus-opiranded\/2021-2023-projekt\/toovari-istanbulis\/"]}]},{"@type":"ImageObject","inLanguage":"et","@id":"https:\/\/www.peetri.edu.ee\/pohikool\/erasmus-opiranded\/2021-2023-projekt\/toovari-istanbulis\/#primaryimage","url":"https:\/\/www.peetri.edu.ee\/pohikool\/wp-content\/uploads\/sites\/3\/2021\/08\/logoEL.png","contentUrl":"https:\/\/www.peetri.edu.ee\/pohikool\/wp-content\/uploads\/sites\/3\/2021\/08\/logoEL.png","width":480,"height":132},{"@type":"BreadcrumbList","@id":"https:\/\/www.peetri.edu.ee\/pohikool\/erasmus-opiranded\/2021-2023-projekt\/toovari-istanbulis\/#breadcrumb","itemListElement":[{"@type":"ListItem","position":1,"name":"Home","item":"https:\/\/www.peetri.edu.ee\/pohikool\/"},{"@type":"ListItem","position":2,"name":"Erasmus+ \u00f5pir\u00e4nded ja koost\u00f6\u00f6projektid","item":"https:\/\/www.peetri.edu.ee\/pohikool\/erasmus-opiranded\/"},{"@type":"ListItem","position":3,"name":"2021-2023 projekt","item":"https:\/\/www.peetri.edu.ee\/pohikool\/erasmus-opiranded\/2021-2023-projekt\/"},{"@type":"ListItem","position":4,"name":"T\u00f6\u00f6vari Istanbulis"}]},{"@type":"WebSite","@id":"https:\/\/www.peetri.edu.ee\/pohikool\/#website","url":"https:\/\/www.peetri.edu.ee\/pohikool\/","name":"Peetri P\u00f5hikool","description":"Igas inimeses on p\u00e4ike, laskem tal s\u00e4rada","potentialAction":[{"@type":"SearchAction","target":{"@type":"EntryPoint","urlTemplate":"https:\/\/www.peetri.edu.ee\/pohikool\/?s={search_term_string}"},"query-input":{"@type":"PropertyValueSpecification","valueRequired":true,"valueName":"search_term_string"}}],"inLanguage":"et"}]}},"acf":[],"_links":{"self":[{"href":"https:\/\/www.peetri.edu.ee\/pohikool\/wp-json\/wp\/v2\/pages\/7222","targetHints":{"allow":["GET"]}}],"collection":[{"href":"https:\/\/www.peetri.edu.ee\/pohikool\/wp-json\/wp\/v2\/pages"}],"about":[{"href":"https:\/\/www.peetri.edu.ee\/pohikool\/wp-json\/wp\/v2\/types\/page"}],"author":[{"embeddable":true,"href":"https:\/\/www.peetri.edu.ee\/pohikool\/wp-json\/wp\/v2\/users\/14"}],"replies":[{"embeddable":true,"href":"https:\/\/www.peetri.edu.ee\/pohikool\/wp-json\/wp\/v2\/comments?post=7222"}],"version-history":[{"count":5,"href":"https:\/\/www.peetri.edu.ee\/pohikool\/wp-json\/wp\/v2\/pages\/7222\/revisions"}],"predecessor-version":[{"id":7678,"href":"https:\/\/www.peetri.edu.ee\/pohikool\/wp-json\/wp\/v2\/pages\/7222\/revisions\/7678"}],"up":[{"embeddable":true,"href":"https:\/\/www.peetri.edu.ee\/pohikool\/wp-json\/wp\/v2\/pages\/5572"}],"wp:attachment":[{"href":"https:\/\/www.peetri.edu.ee\/pohikool\/wp-json\/wp\/v2\/media?parent=7222"}],"curies":[{"name":"wp","href":"https:\/\/api.w.org\/{rel}","templated":true}]}}