{"id":7217,"date":"2023-05-16T13:22:55","date_gmt":"2023-05-16T10:22:55","guid":{"rendered":"https:\/\/www.peetri.edu.ee\/pohikool\/?page_id=7217"},"modified":"2023-06-26T22:30:21","modified_gmt":"2023-06-26T19:30:21","slug":"learning-outside-living-together-learning-together-working-together-special-focus-cooperative-outdoor-learning","status":"publish","type":"page","link":"https:\/\/www.peetri.edu.ee\/pohikool\/erasmus-opiranded\/2021-2023-projekt\/learning-outside-living-together-learning-together-working-together-special-focus-cooperative-outdoor-learning\/","title":{"rendered":"Learning outside Living together, learning together, working together. Special focus on cooperative outdoor learning"},"content":{"rendered":"<p><span style=\"font-weight: 400\"><b><img loading=\"lazy\" decoding=\"async\" class=\"alignnone wp-image-7197\" src=\"https:\/\/www.peetri.edu.ee\/pohikool\/wp-content\/uploads\/sites\/3\/2021\/08\/logoEL-300x83.png\" alt=\"\" width=\"206\" height=\"57\" \/>\u00a0<\/b><strong><b>22.-28.mai 2022<\/b> <\/strong><b><\/b><\/span><strong> toimus Islandil Rikjavikis koolitus ,,Learning outside Living together, learning together, working together. Special focus on cooperative outdoor learning\u201d.<br \/>\n<\/strong><span style=\"font-weight: 400\"><br \/>\n<\/span><span style=\"font-weight: 400\">Koolituse eesm\u00e4rgiks oli jagada \u00f5petajale teadmisi \u00f5ues\u00f5ppe metoodikast ja selle rakendamisest erinevates \u00f5ppeainetes. Tegemist oli v\u00e4ga praktilise koost\u00f6\u00f6koolitusega.\u00a0<\/span><span style=\"font-weight: 400\">Tutvumine Reykjaviki, Islandi looduse ja traditsioonidega toimus aktiiv\u00f5ppemeetodite praktiseerimise kaudu. K\u00f5iki l\u00e4bitud meetodeid anal\u00fc\u00fcsisime teoreetiliselt: millal, kellega ja miks \u00fcht v\u00f5i teist meetodit kasutada.\u00a0<\/span><span style=\"font-weight: 400\">K\u00fclastasime kooli, vestlesime \u00f5petajatega ja vaatlesime \u00f5ues\u00f5ppetunde.<br \/>\n<\/span><span style=\"font-weight: 400\">Lisaks mahtus igasse p\u00e4eva erinevate riikide kogemuste jagamine: kuidas l\u00f5imitakse erinevates riikides eri kultuuritaustaga ja keeleoskusega \u00f5pilased koolikeskkonda, kuidas korraldatakse \u00f5ues\u00f5pet.<br \/>\n<\/span><span style=\"font-weight: 400\">Koolitusel osalesid \u00f5petajad Saksamaalt, Ungarist, Soomest ja Reunioni saarelt. <\/span><\/p>\n<p><img loading=\"lazy\" decoding=\"async\" class=\"alignnone size-medium wp-image-7542\" src=\"https:\/\/www.peetri.edu.ee\/pohikool\/wp-content\/uploads\/sites\/3\/2023\/05\/unnamed-3-300x225.png\" alt=\"\" width=\"300\" height=\"225\" \/> \u00a0<img loading=\"lazy\" decoding=\"async\" class=\"alignnone size-medium wp-image-7544\" src=\"https:\/\/www.peetri.edu.ee\/pohikool\/wp-content\/uploads\/sites\/3\/2023\/05\/unnamed-1-300x224.png\" alt=\"\" width=\"300\" height=\"224\" \/> <img loading=\"lazy\" decoding=\"async\" class=\"alignnone wp-image-7545\" src=\"https:\/\/www.peetri.edu.ee\/pohikool\/wp-content\/uploads\/sites\/3\/2023\/05\/unnamed-274x300.png\" alt=\"\" width=\"203\" height=\"222\" \/><\/p>\n<p><img loading=\"lazy\" decoding=\"async\" class=\"alignnone size-medium wp-image-7543\" src=\"https:\/\/www.peetri.edu.ee\/pohikool\/wp-content\/uploads\/sites\/3\/2023\/05\/unnamed-2-300x225.png\" alt=\"\" width=\"300\" height=\"225\" \/><\/p>\n<p>Rohkem infot projekti veebilehel:\u00a0http:\/\/profareng.weebly.com\/learning-outside-living-together-learning-together-working-together-special-focus-on-cooperative-outdoor-learn&#8212;island.html<\/p>\n<p>Reykjav\u00edk, Iceland<br \/>\nEili, Kaia, Krista<\/p>\n","protected":false},"excerpt":{"rendered":"<p>\u00a022.-28.mai 2022 toimus Islandil Rikjavikis koolitus ,,Learning outside Living together, learning together, working together. Special focus on cooperative outdoor learning\u201d&#8230;.<\/p>\n","protected":false},"author":14,"featured_media":0,"parent":5572,"menu_order":0,"comment_status":"closed","ping_status":"closed","template":"","meta":{"_acf_changed":false,"footnotes":""},"class_list":["post-7217","page","type-page","status-publish","hentry"],"yoast_head":"<!-- This site is optimized with the Yoast SEO plugin v27.2 - https:\/\/yoast.com\/product\/yoast-seo-wordpress\/ -->\n<title>Learning outside Living together, learning together, working together. Special focus on cooperative outdoor learning - Peetri P\u00f5hikool<\/title>\n<meta name=\"robots\" content=\"index, follow, max-snippet:-1, max-image-preview:large, max-video-preview:-1\" \/>\n<link rel=\"canonical\" href=\"https:\/\/www.peetri.edu.ee\/pohikool\/erasmus-opiranded\/2021-2023-projekt\/learning-outside-living-together-learning-together-working-together-special-focus-cooperative-outdoor-learning\/\" \/>\n<meta property=\"og:locale\" content=\"et_EE\" \/>\n<meta property=\"og:type\" content=\"article\" \/>\n<meta property=\"og:title\" content=\"Learning outside Living together, learning together, working together. Special focus on cooperative outdoor learning - Peetri P\u00f5hikool\" \/>\n<meta property=\"og:description\" content=\"\u00a022.-28.mai 2022 toimus Islandil Rikjavikis koolitus ,,Learning outside Living together, learning together, working together. Special focus on cooperative outdoor learning\u201d....\" \/>\n<meta property=\"og:url\" content=\"https:\/\/www.peetri.edu.ee\/pohikool\/erasmus-opiranded\/2021-2023-projekt\/learning-outside-living-together-learning-together-working-together-special-focus-cooperative-outdoor-learning\/\" \/>\n<meta property=\"og:site_name\" content=\"Peetri P\u00f5hikool\" \/>\n<meta property=\"article:modified_time\" content=\"2023-06-26T19:30:21+00:00\" \/>\n<meta property=\"og:image\" content=\"https:\/\/www.peetri.edu.ee\/pohikool\/wp-content\/uploads\/sites\/3\/2021\/08\/logoEL-300x83.png\" \/>\n<meta name=\"twitter:card\" content=\"summary_large_image\" \/>\n<meta name=\"twitter:label1\" content=\"Est. reading time\" \/>\n\t<meta name=\"twitter:data1\" content=\"1 minut\" \/>\n<script type=\"application\/ld+json\" class=\"yoast-schema-graph\">{\"@context\":\"https:\/\/schema.org\",\"@graph\":[{\"@type\":\"WebPage\",\"@id\":\"https:\/\/www.peetri.edu.ee\/pohikool\/erasmus-opiranded\/2021-2023-projekt\/learning-outside-living-together-learning-together-working-together-special-focus-cooperative-outdoor-learning\/\",\"url\":\"https:\/\/www.peetri.edu.ee\/pohikool\/erasmus-opiranded\/2021-2023-projekt\/learning-outside-living-together-learning-together-working-together-special-focus-cooperative-outdoor-learning\/\",\"name\":\"Learning outside Living together, learning together, working together. Special focus on cooperative outdoor learning - Peetri P\u00f5hikool\",\"isPartOf\":{\"@id\":\"https:\/\/www.peetri.edu.ee\/pohikool\/#website\"},\"primaryImageOfPage\":{\"@id\":\"https:\/\/www.peetri.edu.ee\/pohikool\/erasmus-opiranded\/2021-2023-projekt\/learning-outside-living-together-learning-together-working-together-special-focus-cooperative-outdoor-learning\/#primaryimage\"},\"image\":{\"@id\":\"https:\/\/www.peetri.edu.ee\/pohikool\/erasmus-opiranded\/2021-2023-projekt\/learning-outside-living-together-learning-together-working-together-special-focus-cooperative-outdoor-learning\/#primaryimage\"},\"thumbnailUrl\":\"https:\/\/www.peetri.edu.ee\/pohikool\/wp-content\/uploads\/sites\/3\/2021\/08\/logoEL-300x83.png\",\"datePublished\":\"2023-05-16T10:22:55+00:00\",\"dateModified\":\"2023-06-26T19:30:21+00:00\",\"breadcrumb\":{\"@id\":\"https:\/\/www.peetri.edu.ee\/pohikool\/erasmus-opiranded\/2021-2023-projekt\/learning-outside-living-together-learning-together-working-together-special-focus-cooperative-outdoor-learning\/#breadcrumb\"},\"inLanguage\":\"et\",\"potentialAction\":[{\"@type\":\"ReadAction\",\"target\":[\"https:\/\/www.peetri.edu.ee\/pohikool\/erasmus-opiranded\/2021-2023-projekt\/learning-outside-living-together-learning-together-working-together-special-focus-cooperative-outdoor-learning\/\"]}]},{\"@type\":\"ImageObject\",\"inLanguage\":\"et\",\"@id\":\"https:\/\/www.peetri.edu.ee\/pohikool\/erasmus-opiranded\/2021-2023-projekt\/learning-outside-living-together-learning-together-working-together-special-focus-cooperative-outdoor-learning\/#primaryimage\",\"url\":\"https:\/\/www.peetri.edu.ee\/pohikool\/wp-content\/uploads\/sites\/3\/2021\/08\/logoEL.png\",\"contentUrl\":\"https:\/\/www.peetri.edu.ee\/pohikool\/wp-content\/uploads\/sites\/3\/2021\/08\/logoEL.png\",\"width\":480,\"height\":132},{\"@type\":\"BreadcrumbList\",\"@id\":\"https:\/\/www.peetri.edu.ee\/pohikool\/erasmus-opiranded\/2021-2023-projekt\/learning-outside-living-together-learning-together-working-together-special-focus-cooperative-outdoor-learning\/#breadcrumb\",\"itemListElement\":[{\"@type\":\"ListItem\",\"position\":1,\"name\":\"Home\",\"item\":\"https:\/\/www.peetri.edu.ee\/pohikool\/\"},{\"@type\":\"ListItem\",\"position\":2,\"name\":\"Erasmus+ \u00f5pir\u00e4nded ja koost\u00f6\u00f6projektid\",\"item\":\"https:\/\/www.peetri.edu.ee\/pohikool\/erasmus-opiranded\/\"},{\"@type\":\"ListItem\",\"position\":3,\"name\":\"2021-2023 projekt\",\"item\":\"https:\/\/www.peetri.edu.ee\/pohikool\/erasmus-opiranded\/2021-2023-projekt\/\"},{\"@type\":\"ListItem\",\"position\":4,\"name\":\"Learning outside Living together, learning together, working together. Special focus on cooperative outdoor learning\"}]},{\"@type\":\"WebSite\",\"@id\":\"https:\/\/www.peetri.edu.ee\/pohikool\/#website\",\"url\":\"https:\/\/www.peetri.edu.ee\/pohikool\/\",\"name\":\"Peetri P\u00f5hikool\",\"description\":\"Igas inimeses on p\u00e4ike, laskem tal s\u00e4rada\",\"potentialAction\":[{\"@type\":\"SearchAction\",\"target\":{\"@type\":\"EntryPoint\",\"urlTemplate\":\"https:\/\/www.peetri.edu.ee\/pohikool\/?s={search_term_string}\"},\"query-input\":{\"@type\":\"PropertyValueSpecification\",\"valueRequired\":true,\"valueName\":\"search_term_string\"}}],\"inLanguage\":\"et\"}]}<\/script>\n<!-- \/ Yoast SEO plugin. -->","yoast_head_json":{"title":"Learning outside Living together, learning together, working together. Special focus on cooperative outdoor learning - Peetri P\u00f5hikool","robots":{"index":"index","follow":"follow","max-snippet":"max-snippet:-1","max-image-preview":"max-image-preview:large","max-video-preview":"max-video-preview:-1"},"canonical":"https:\/\/www.peetri.edu.ee\/pohikool\/erasmus-opiranded\/2021-2023-projekt\/learning-outside-living-together-learning-together-working-together-special-focus-cooperative-outdoor-learning\/","og_locale":"et_EE","og_type":"article","og_title":"Learning outside Living together, learning together, working together. Special focus on cooperative outdoor learning - Peetri P\u00f5hikool","og_description":"\u00a022.-28.mai 2022 toimus Islandil Rikjavikis koolitus ,,Learning outside Living together, learning together, working together. Special focus on cooperative outdoor learning\u201d....","og_url":"https:\/\/www.peetri.edu.ee\/pohikool\/erasmus-opiranded\/2021-2023-projekt\/learning-outside-living-together-learning-together-working-together-special-focus-cooperative-outdoor-learning\/","og_site_name":"Peetri P\u00f5hikool","article_modified_time":"2023-06-26T19:30:21+00:00","og_image":[{"url":"https:\/\/www.peetri.edu.ee\/pohikool\/wp-content\/uploads\/sites\/3\/2021\/08\/logoEL-300x83.png","type":"","width":"","height":""}],"twitter_card":"summary_large_image","twitter_misc":{"Est. reading time":"1 minut"},"schema":{"@context":"https:\/\/schema.org","@graph":[{"@type":"WebPage","@id":"https:\/\/www.peetri.edu.ee\/pohikool\/erasmus-opiranded\/2021-2023-projekt\/learning-outside-living-together-learning-together-working-together-special-focus-cooperative-outdoor-learning\/","url":"https:\/\/www.peetri.edu.ee\/pohikool\/erasmus-opiranded\/2021-2023-projekt\/learning-outside-living-together-learning-together-working-together-special-focus-cooperative-outdoor-learning\/","name":"Learning outside Living together, learning together, working together. Special focus on cooperative outdoor learning - Peetri P\u00f5hikool","isPartOf":{"@id":"https:\/\/www.peetri.edu.ee\/pohikool\/#website"},"primaryImageOfPage":{"@id":"https:\/\/www.peetri.edu.ee\/pohikool\/erasmus-opiranded\/2021-2023-projekt\/learning-outside-living-together-learning-together-working-together-special-focus-cooperative-outdoor-learning\/#primaryimage"},"image":{"@id":"https:\/\/www.peetri.edu.ee\/pohikool\/erasmus-opiranded\/2021-2023-projekt\/learning-outside-living-together-learning-together-working-together-special-focus-cooperative-outdoor-learning\/#primaryimage"},"thumbnailUrl":"https:\/\/www.peetri.edu.ee\/pohikool\/wp-content\/uploads\/sites\/3\/2021\/08\/logoEL-300x83.png","datePublished":"2023-05-16T10:22:55+00:00","dateModified":"2023-06-26T19:30:21+00:00","breadcrumb":{"@id":"https:\/\/www.peetri.edu.ee\/pohikool\/erasmus-opiranded\/2021-2023-projekt\/learning-outside-living-together-learning-together-working-together-special-focus-cooperative-outdoor-learning\/#breadcrumb"},"inLanguage":"et","potentialAction":[{"@type":"ReadAction","target":["https:\/\/www.peetri.edu.ee\/pohikool\/erasmus-opiranded\/2021-2023-projekt\/learning-outside-living-together-learning-together-working-together-special-focus-cooperative-outdoor-learning\/"]}]},{"@type":"ImageObject","inLanguage":"et","@id":"https:\/\/www.peetri.edu.ee\/pohikool\/erasmus-opiranded\/2021-2023-projekt\/learning-outside-living-together-learning-together-working-together-special-focus-cooperative-outdoor-learning\/#primaryimage","url":"https:\/\/www.peetri.edu.ee\/pohikool\/wp-content\/uploads\/sites\/3\/2021\/08\/logoEL.png","contentUrl":"https:\/\/www.peetri.edu.ee\/pohikool\/wp-content\/uploads\/sites\/3\/2021\/08\/logoEL.png","width":480,"height":132},{"@type":"BreadcrumbList","@id":"https:\/\/www.peetri.edu.ee\/pohikool\/erasmus-opiranded\/2021-2023-projekt\/learning-outside-living-together-learning-together-working-together-special-focus-cooperative-outdoor-learning\/#breadcrumb","itemListElement":[{"@type":"ListItem","position":1,"name":"Home","item":"https:\/\/www.peetri.edu.ee\/pohikool\/"},{"@type":"ListItem","position":2,"name":"Erasmus+ \u00f5pir\u00e4nded ja koost\u00f6\u00f6projektid","item":"https:\/\/www.peetri.edu.ee\/pohikool\/erasmus-opiranded\/"},{"@type":"ListItem","position":3,"name":"2021-2023 projekt","item":"https:\/\/www.peetri.edu.ee\/pohikool\/erasmus-opiranded\/2021-2023-projekt\/"},{"@type":"ListItem","position":4,"name":"Learning outside Living together, learning together, working together. Special focus on cooperative outdoor learning"}]},{"@type":"WebSite","@id":"https:\/\/www.peetri.edu.ee\/pohikool\/#website","url":"https:\/\/www.peetri.edu.ee\/pohikool\/","name":"Peetri P\u00f5hikool","description":"Igas inimeses on p\u00e4ike, laskem tal s\u00e4rada","potentialAction":[{"@type":"SearchAction","target":{"@type":"EntryPoint","urlTemplate":"https:\/\/www.peetri.edu.ee\/pohikool\/?s={search_term_string}"},"query-input":{"@type":"PropertyValueSpecification","valueRequired":true,"valueName":"search_term_string"}}],"inLanguage":"et"}]}},"acf":[],"_links":{"self":[{"href":"https:\/\/www.peetri.edu.ee\/pohikool\/wp-json\/wp\/v2\/pages\/7217","targetHints":{"allow":["GET"]}}],"collection":[{"href":"https:\/\/www.peetri.edu.ee\/pohikool\/wp-json\/wp\/v2\/pages"}],"about":[{"href":"https:\/\/www.peetri.edu.ee\/pohikool\/wp-json\/wp\/v2\/types\/page"}],"author":[{"embeddable":true,"href":"https:\/\/www.peetri.edu.ee\/pohikool\/wp-json\/wp\/v2\/users\/14"}],"replies":[{"embeddable":true,"href":"https:\/\/www.peetri.edu.ee\/pohikool\/wp-json\/wp\/v2\/comments?post=7217"}],"version-history":[{"count":5,"href":"https:\/\/www.peetri.edu.ee\/pohikool\/wp-json\/wp\/v2\/pages\/7217\/revisions"}],"predecessor-version":[{"id":7639,"href":"https:\/\/www.peetri.edu.ee\/pohikool\/wp-json\/wp\/v2\/pages\/7217\/revisions\/7639"}],"up":[{"embeddable":true,"href":"https:\/\/www.peetri.edu.ee\/pohikool\/wp-json\/wp\/v2\/pages\/5572"}],"wp:attachment":[{"href":"https:\/\/www.peetri.edu.ee\/pohikool\/wp-json\/wp\/v2\/media?parent=7217"}],"curies":[{"name":"wp","href":"https:\/\/api.w.org\/{rel}","templated":true}]}}