{"id":7208,"date":"2023-05-16T12:21:43","date_gmt":"2023-05-16T09:21:43","guid":{"rendered":"https:\/\/www.peetri.edu.ee\/pohikool\/?page_id=7208"},"modified":"2023-05-16T13:21:11","modified_gmt":"2023-05-16T10:21:11","slug":"integrating-minority-migrant-refugee-pupils-schools","status":"publish","type":"page","link":"https:\/\/www.peetri.edu.ee\/pohikool\/erasmus-opiranded\/2021-2023-projekt\/integrating-minority-migrant-refugee-pupils-schools\/","title":{"rendered":"Integrating Minority, Migrant And Refugee Pupils In Schools"},"content":{"rendered":"<p><span style=\"color: #ff0000\"><b><img loading=\"lazy\" decoding=\"async\" class=\"size-medium wp-image-7197 alignleft\" src=\"https:\/\/www.peetri.edu.ee\/pohikool\/wp-content\/uploads\/sites\/3\/2021\/08\/logoEL-300x83.png\" alt=\"\" width=\"300\" height=\"83\" \/>7.- 12. mail 2022<\/b><\/span><span style=\"font-weight: 400\"> toimus K\u00fcprosel Limassolis koolitus <\/span><span style=\"color: #ff0000\"><b>\u201cIntegrating minority, migrant and refugee pupils in schools\u201d<\/b><\/span><span style=\"font-weight: 400\">.\u00a0 Koolituse k\u00e4igus oli v\u00f5imalik omandada teadmisi v\u00e4hemuste ja s\u00f5jap\u00f5genike integreerimiseks koolikeskkonda. Peetri Lasteaed-P\u00f5hikoolist osalesid koolitusel\u00a0 matemaatika\u00f5petaja Tuuli Ojasalu, klassi\u00f5petaja Inga Rennit ja inglise keele\u00f5petaja Ivana Tosheva.<\/span><\/p>\n<p><span style=\"font-weight: 400\">Koolituse eesm\u00e4rk oli omandada teoreetiline taust v\u00e4hemuste, sisser\u00e4ndajate ja pagulaste integreerimisest koolidesse ning saada praktilisi juhiseid tegevuste integreerimiseks ja programmide rakendamiseks \u00f5ppekava ja koolielu valdkondades.<\/span><\/p>\n<p><span style=\"font-weight: 400\">Koolituse raames tutvusime mitmete tegevustega \u00f5pilaste \u00fchtekuuluvustunde suurendamiseks ja meeskonnat\u00f6\u00f6 arendamiseks klassiruumis. \u00d5ppisime mitmeid meeskonna ja paaristegevusi, mis soodustavad sallivat suhtumist kaaslastesse ja \u00a0 loova m\u00f5tlemise oskust ning edendavad kultuuridevahelist teadlikkust. Olulisel kohal koolitusel olid inim\u00f5igused ja sellega seotud seadused, samuti ka\u00a0 inim\u00f5igused erinevates maailma riikides. Koolituse jooksul oli v\u00f5imalik aktiivselt osaleda aruteludes, mis puudutasid v\u00e4hemusi ja s\u00f5jap\u00f5genikke ees ootavaid v\u00e4ljakutseid integreerumisel, r\u00e4\u00e4kisime kiusamisest, rassismist ja stereot\u00fc\u00fcpidest. Iga koolitusel osaleja maailmapilt avardus t\u00e4nu teiste koolitusel osalenute kirjeldatud kogemuste jagamise tulemusena.\u00a0 Eriliselt peab veel v\u00e4lja tooma, et meie koolitaja Zara on r\u00e4nnanud maailmas erakordselt palju ja aidanud nii s\u00f5jap\u00f5genikke kui v\u00e4hemusi erinevates riikides, ning just tema isiklike kogemuste jagamine antud valdkonnas andis sellele koolitusele erilise s\u00e4ra. Vahetu ja ehe kogemuste jagamine aitab paremini m\u00f5ista teisi inimesi ning Zara heas\u00fcdamlikkus on midagi sellist, mille poole peaks p\u00fc\u00fcdlema iga inimene siin maailmas, kelle jaoks inimkonna tulevik ja\u00a0 heaolu on olulised.<\/span><\/p>\n<p><span style=\"font-weight: 400\">Koolitusel saadud kogemused ja uued teadmised meeskonnategevustest\u00a0 v\u00f5i paarism\u00e4ngudest aitavad kaasa ka meie kooli LME programmi juurutamisel ning toetavad laias plaanis kaasava hariduse teooriat.<\/span><\/p>\n<p><img loading=\"lazy\" decoding=\"async\" class=\"alignnone wp-image-7210\" src=\"https:\/\/www.peetri.edu.ee\/pohikool\/wp-content\/uploads\/sites\/3\/2023\/05\/Kypros1-300x224.png\" alt=\"\" width=\"383\" height=\"286\" \/>\u00a0 \u00a0 \u00a0 \u00a0\u00a0<img loading=\"lazy\" decoding=\"async\" class=\" wp-image-7209 alignnone\" src=\"https:\/\/www.peetri.edu.ee\/pohikool\/wp-content\/uploads\/sites\/3\/2023\/05\/Kypros2-298x300.png\" alt=\"\" width=\"298\" height=\"300\" \/><\/p>\n<p>Koolituse materjalid projekti kodulehel:\u00a0\u00a0<a href=\"http:\/\/profareng.weebly.com\/integrating-minority-migrant-and-refugee-pupils-in-schools---kuumlpros.html\">http:\/\/profareng.weebly.com\/integrating-minority-migrant-and-refugee-pupils-in-schools&#8212;kuumlpros.html<\/a><\/p>\n<p>Tuuli, Inga, Ivana<\/p>\n","protected":false},"excerpt":{"rendered":"<p>7.- 12. mail 2022 toimus K\u00fcprosel Limassolis koolitus \u201cIntegrating minority, migrant and refugee pupils in schools\u201d.\u00a0 Koolituse k\u00e4igus oli v\u00f5imalik&#8230;<\/p>\n","protected":false},"author":14,"featured_media":0,"parent":5572,"menu_order":0,"comment_status":"closed","ping_status":"closed","template":"","meta":{"_acf_changed":false,"footnotes":""},"class_list":["post-7208","page","type-page","status-publish","hentry"],"yoast_head":"<!-- This site is optimized with the Yoast SEO plugin v27.2 - https:\/\/yoast.com\/product\/yoast-seo-wordpress\/ -->\n<title>Integrating Minority, Migrant And Refugee Pupils In Schools - Peetri P\u00f5hikool<\/title>\n<meta name=\"robots\" content=\"index, follow, max-snippet:-1, max-image-preview:large, max-video-preview:-1\" \/>\n<link rel=\"canonical\" href=\"https:\/\/www.peetri.edu.ee\/pohikool\/erasmus-opiranded\/2021-2023-projekt\/integrating-minority-migrant-refugee-pupils-schools\/\" \/>\n<meta property=\"og:locale\" content=\"et_EE\" \/>\n<meta property=\"og:type\" content=\"article\" \/>\n<meta property=\"og:title\" content=\"Integrating Minority, Migrant And Refugee Pupils In Schools - Peetri P\u00f5hikool\" \/>\n<meta property=\"og:description\" content=\"7.- 12. mail 2022 toimus K\u00fcprosel Limassolis koolitus \u201cIntegrating minority, migrant and refugee pupils in schools\u201d.\u00a0 Koolituse k\u00e4igus oli v\u00f5imalik...\" \/>\n<meta property=\"og:url\" content=\"https:\/\/www.peetri.edu.ee\/pohikool\/erasmus-opiranded\/2021-2023-projekt\/integrating-minority-migrant-refugee-pupils-schools\/\" \/>\n<meta property=\"og:site_name\" content=\"Peetri P\u00f5hikool\" \/>\n<meta property=\"article:modified_time\" content=\"2023-05-16T10:21:11+00:00\" \/>\n<meta property=\"og:image\" content=\"https:\/\/www.peetri.edu.ee\/pohikool\/wp-content\/uploads\/sites\/3\/2021\/08\/logoEL-300x83.png\" \/>\n<meta name=\"twitter:card\" content=\"summary_large_image\" \/>\n<meta name=\"twitter:label1\" content=\"Est. reading time\" \/>\n\t<meta name=\"twitter:data1\" content=\"1 minut\" \/>\n<script type=\"application\/ld+json\" class=\"yoast-schema-graph\">{\"@context\":\"https:\/\/schema.org\",\"@graph\":[{\"@type\":\"WebPage\",\"@id\":\"https:\/\/www.peetri.edu.ee\/pohikool\/erasmus-opiranded\/2021-2023-projekt\/integrating-minority-migrant-refugee-pupils-schools\/\",\"url\":\"https:\/\/www.peetri.edu.ee\/pohikool\/erasmus-opiranded\/2021-2023-projekt\/integrating-minority-migrant-refugee-pupils-schools\/\",\"name\":\"Integrating Minority, Migrant And Refugee Pupils In Schools - Peetri P\u00f5hikool\",\"isPartOf\":{\"@id\":\"https:\/\/www.peetri.edu.ee\/pohikool\/#website\"},\"primaryImageOfPage\":{\"@id\":\"https:\/\/www.peetri.edu.ee\/pohikool\/erasmus-opiranded\/2021-2023-projekt\/integrating-minority-migrant-refugee-pupils-schools\/#primaryimage\"},\"image\":{\"@id\":\"https:\/\/www.peetri.edu.ee\/pohikool\/erasmus-opiranded\/2021-2023-projekt\/integrating-minority-migrant-refugee-pupils-schools\/#primaryimage\"},\"thumbnailUrl\":\"https:\/\/www.peetri.edu.ee\/pohikool\/wp-content\/uploads\/sites\/3\/2021\/08\/logoEL-300x83.png\",\"datePublished\":\"2023-05-16T09:21:43+00:00\",\"dateModified\":\"2023-05-16T10:21:11+00:00\",\"breadcrumb\":{\"@id\":\"https:\/\/www.peetri.edu.ee\/pohikool\/erasmus-opiranded\/2021-2023-projekt\/integrating-minority-migrant-refugee-pupils-schools\/#breadcrumb\"},\"inLanguage\":\"et\",\"potentialAction\":[{\"@type\":\"ReadAction\",\"target\":[\"https:\/\/www.peetri.edu.ee\/pohikool\/erasmus-opiranded\/2021-2023-projekt\/integrating-minority-migrant-refugee-pupils-schools\/\"]}]},{\"@type\":\"ImageObject\",\"inLanguage\":\"et\",\"@id\":\"https:\/\/www.peetri.edu.ee\/pohikool\/erasmus-opiranded\/2021-2023-projekt\/integrating-minority-migrant-refugee-pupils-schools\/#primaryimage\",\"url\":\"https:\/\/www.peetri.edu.ee\/pohikool\/wp-content\/uploads\/sites\/3\/2021\/08\/logoEL.png\",\"contentUrl\":\"https:\/\/www.peetri.edu.ee\/pohikool\/wp-content\/uploads\/sites\/3\/2021\/08\/logoEL.png\",\"width\":480,\"height\":132},{\"@type\":\"BreadcrumbList\",\"@id\":\"https:\/\/www.peetri.edu.ee\/pohikool\/erasmus-opiranded\/2021-2023-projekt\/integrating-minority-migrant-refugee-pupils-schools\/#breadcrumb\",\"itemListElement\":[{\"@type\":\"ListItem\",\"position\":1,\"name\":\"Home\",\"item\":\"https:\/\/www.peetri.edu.ee\/pohikool\/\"},{\"@type\":\"ListItem\",\"position\":2,\"name\":\"Erasmus+ \u00f5pir\u00e4nded ja koost\u00f6\u00f6projektid\",\"item\":\"https:\/\/www.peetri.edu.ee\/pohikool\/erasmus-opiranded\/\"},{\"@type\":\"ListItem\",\"position\":3,\"name\":\"2021-2023 projekt\",\"item\":\"https:\/\/www.peetri.edu.ee\/pohikool\/erasmus-opiranded\/2021-2023-projekt\/\"},{\"@type\":\"ListItem\",\"position\":4,\"name\":\"Integrating Minority, Migrant And Refugee Pupils In Schools\"}]},{\"@type\":\"WebSite\",\"@id\":\"https:\/\/www.peetri.edu.ee\/pohikool\/#website\",\"url\":\"https:\/\/www.peetri.edu.ee\/pohikool\/\",\"name\":\"Peetri P\u00f5hikool\",\"description\":\"Igas inimeses on p\u00e4ike, laskem tal s\u00e4rada\",\"potentialAction\":[{\"@type\":\"SearchAction\",\"target\":{\"@type\":\"EntryPoint\",\"urlTemplate\":\"https:\/\/www.peetri.edu.ee\/pohikool\/?s={search_term_string}\"},\"query-input\":{\"@type\":\"PropertyValueSpecification\",\"valueRequired\":true,\"valueName\":\"search_term_string\"}}],\"inLanguage\":\"et\"}]}<\/script>\n<!-- \/ Yoast SEO plugin. -->","yoast_head_json":{"title":"Integrating Minority, Migrant And Refugee Pupils In Schools - Peetri P\u00f5hikool","robots":{"index":"index","follow":"follow","max-snippet":"max-snippet:-1","max-image-preview":"max-image-preview:large","max-video-preview":"max-video-preview:-1"},"canonical":"https:\/\/www.peetri.edu.ee\/pohikool\/erasmus-opiranded\/2021-2023-projekt\/integrating-minority-migrant-refugee-pupils-schools\/","og_locale":"et_EE","og_type":"article","og_title":"Integrating Minority, Migrant And Refugee Pupils In Schools - Peetri P\u00f5hikool","og_description":"7.- 12. mail 2022 toimus K\u00fcprosel Limassolis koolitus \u201cIntegrating minority, migrant and refugee pupils in schools\u201d.\u00a0 Koolituse k\u00e4igus oli v\u00f5imalik...","og_url":"https:\/\/www.peetri.edu.ee\/pohikool\/erasmus-opiranded\/2021-2023-projekt\/integrating-minority-migrant-refugee-pupils-schools\/","og_site_name":"Peetri P\u00f5hikool","article_modified_time":"2023-05-16T10:21:11+00:00","og_image":[{"url":"https:\/\/www.peetri.edu.ee\/pohikool\/wp-content\/uploads\/sites\/3\/2021\/08\/logoEL-300x83.png","type":"","width":"","height":""}],"twitter_card":"summary_large_image","twitter_misc":{"Est. reading time":"1 minut"},"schema":{"@context":"https:\/\/schema.org","@graph":[{"@type":"WebPage","@id":"https:\/\/www.peetri.edu.ee\/pohikool\/erasmus-opiranded\/2021-2023-projekt\/integrating-minority-migrant-refugee-pupils-schools\/","url":"https:\/\/www.peetri.edu.ee\/pohikool\/erasmus-opiranded\/2021-2023-projekt\/integrating-minority-migrant-refugee-pupils-schools\/","name":"Integrating Minority, Migrant And Refugee Pupils In Schools - Peetri P\u00f5hikool","isPartOf":{"@id":"https:\/\/www.peetri.edu.ee\/pohikool\/#website"},"primaryImageOfPage":{"@id":"https:\/\/www.peetri.edu.ee\/pohikool\/erasmus-opiranded\/2021-2023-projekt\/integrating-minority-migrant-refugee-pupils-schools\/#primaryimage"},"image":{"@id":"https:\/\/www.peetri.edu.ee\/pohikool\/erasmus-opiranded\/2021-2023-projekt\/integrating-minority-migrant-refugee-pupils-schools\/#primaryimage"},"thumbnailUrl":"https:\/\/www.peetri.edu.ee\/pohikool\/wp-content\/uploads\/sites\/3\/2021\/08\/logoEL-300x83.png","datePublished":"2023-05-16T09:21:43+00:00","dateModified":"2023-05-16T10:21:11+00:00","breadcrumb":{"@id":"https:\/\/www.peetri.edu.ee\/pohikool\/erasmus-opiranded\/2021-2023-projekt\/integrating-minority-migrant-refugee-pupils-schools\/#breadcrumb"},"inLanguage":"et","potentialAction":[{"@type":"ReadAction","target":["https:\/\/www.peetri.edu.ee\/pohikool\/erasmus-opiranded\/2021-2023-projekt\/integrating-minority-migrant-refugee-pupils-schools\/"]}]},{"@type":"ImageObject","inLanguage":"et","@id":"https:\/\/www.peetri.edu.ee\/pohikool\/erasmus-opiranded\/2021-2023-projekt\/integrating-minority-migrant-refugee-pupils-schools\/#primaryimage","url":"https:\/\/www.peetri.edu.ee\/pohikool\/wp-content\/uploads\/sites\/3\/2021\/08\/logoEL.png","contentUrl":"https:\/\/www.peetri.edu.ee\/pohikool\/wp-content\/uploads\/sites\/3\/2021\/08\/logoEL.png","width":480,"height":132},{"@type":"BreadcrumbList","@id":"https:\/\/www.peetri.edu.ee\/pohikool\/erasmus-opiranded\/2021-2023-projekt\/integrating-minority-migrant-refugee-pupils-schools\/#breadcrumb","itemListElement":[{"@type":"ListItem","position":1,"name":"Home","item":"https:\/\/www.peetri.edu.ee\/pohikool\/"},{"@type":"ListItem","position":2,"name":"Erasmus+ \u00f5pir\u00e4nded ja koost\u00f6\u00f6projektid","item":"https:\/\/www.peetri.edu.ee\/pohikool\/erasmus-opiranded\/"},{"@type":"ListItem","position":3,"name":"2021-2023 projekt","item":"https:\/\/www.peetri.edu.ee\/pohikool\/erasmus-opiranded\/2021-2023-projekt\/"},{"@type":"ListItem","position":4,"name":"Integrating Minority, Migrant And Refugee Pupils In Schools"}]},{"@type":"WebSite","@id":"https:\/\/www.peetri.edu.ee\/pohikool\/#website","url":"https:\/\/www.peetri.edu.ee\/pohikool\/","name":"Peetri P\u00f5hikool","description":"Igas inimeses on p\u00e4ike, laskem tal s\u00e4rada","potentialAction":[{"@type":"SearchAction","target":{"@type":"EntryPoint","urlTemplate":"https:\/\/www.peetri.edu.ee\/pohikool\/?s={search_term_string}"},"query-input":{"@type":"PropertyValueSpecification","valueRequired":true,"valueName":"search_term_string"}}],"inLanguage":"et"}]}},"acf":[],"_links":{"self":[{"href":"https:\/\/www.peetri.edu.ee\/pohikool\/wp-json\/wp\/v2\/pages\/7208","targetHints":{"allow":["GET"]}}],"collection":[{"href":"https:\/\/www.peetri.edu.ee\/pohikool\/wp-json\/wp\/v2\/pages"}],"about":[{"href":"https:\/\/www.peetri.edu.ee\/pohikool\/wp-json\/wp\/v2\/types\/page"}],"author":[{"embeddable":true,"href":"https:\/\/www.peetri.edu.ee\/pohikool\/wp-json\/wp\/v2\/users\/14"}],"replies":[{"embeddable":true,"href":"https:\/\/www.peetri.edu.ee\/pohikool\/wp-json\/wp\/v2\/comments?post=7208"}],"version-history":[{"count":3,"href":"https:\/\/www.peetri.edu.ee\/pohikool\/wp-json\/wp\/v2\/pages\/7208\/revisions"}],"predecessor-version":[{"id":7212,"href":"https:\/\/www.peetri.edu.ee\/pohikool\/wp-json\/wp\/v2\/pages\/7208\/revisions\/7212"}],"up":[{"embeddable":true,"href":"https:\/\/www.peetri.edu.ee\/pohikool\/wp-json\/wp\/v2\/pages\/5572"}],"wp:attachment":[{"href":"https:\/\/www.peetri.edu.ee\/pohikool\/wp-json\/wp\/v2\/media?parent=7208"}],"curies":[{"name":"wp","href":"https:\/\/api.w.org\/{rel}","templated":true}]}}