{"id":6797,"date":"2022-12-22T11:40:09","date_gmt":"2022-12-22T09:40:09","guid":{"rendered":"https:\/\/www.peetri.edu.ee\/pohikool\/?page_id=6797"},"modified":"2023-02-23T22:41:56","modified_gmt":"2023-02-23T20:41:56","slug":"project-based-learning-classroom","status":"publish","type":"page","link":"https:\/\/www.peetri.edu.ee\/pohikool\/erasmus-opiranded\/2019-2021-projekt\/project-based-learning-classroom\/","title":{"rendered":"Project Based Learning in the Classroom"},"content":{"rendered":"<p><img loading=\"lazy\" decoding=\"async\" class=\"alignleft  wp-image-6751\" src=\"https:\/\/www.peetri.edu.ee\/pohikool\/wp-content\/uploads\/sites\/3\/2022\/12\/logo_erasmus-300x83.png\" alt=\"\" width=\"231\" height=\"64\" \/><\/p>\n<p><span style=\"font-weight: 400\">Islandil toimus kursus <strong>&#8220;Project Based Learning in the Classroom&#8221;<\/strong><br \/>\n<\/span>Inga V, Katrin R<\/p>\n<p><b>Koolituse eesm\u00e4rk<\/b><span style=\"font-weight: 400\"> oli edendada aktiiv\u00f5pet ja arendada 21.sajandi oskusi disainm\u00f5tlemise ja probleemide lahendamise tegevuste kaudu. \u00d5ppida projektip\u00f5hiseid tegevusi struktureerima. Pakkuda tegevusi, mis soodustavad aktiivset \u00f5ppimist, anal\u00fc\u00fctilist ja kriitilist m\u00f5tlemist, tutvuda Islandi koolis\u00fcsteemiga.\u00a0<\/span><\/p>\n<p><b>Tegevused:<\/b><\/p>\n<p><span style=\"font-weight: 400\">Projektip\u00f5hise \u00f5ppe ja disainm\u00f5tlemise selgitamine.<br \/>\n<\/span><span style=\"font-weight: 400\">Projektip\u00f5hise \u00f5ppe struktureerimine.<br \/>\n<\/span><span style=\"font-weight: 400\">Reaalse maailma probleemide lahendamine.<br \/>\n<\/span><span style=\"font-weight: 400\">\u00d5pilaste k\u00fcsitluste maksimeerimine.<br \/>\n<\/span><span style=\"font-weight: 400\">STEAM-i klassiruumis kasutamine.<br \/>\n<\/span><span style=\"font-weight: 400\">Erinevate ainete l\u00f5imimine.<\/span><\/p>\n","protected":false},"excerpt":{"rendered":"<p>Islandil toimus kursus &#8220;Project Based Learning in the Classroom&#8221; Inga V, Katrin R Koolituse eesm\u00e4rk oli edendada aktiiv\u00f5pet ja arendada&#8230;<\/p>\n","protected":false},"author":1,"featured_media":0,"parent":3343,"menu_order":35,"comment_status":"closed","ping_status":"closed","template":"","meta":{"_acf_changed":false,"footnotes":""},"class_list":["post-6797","page","type-page","status-publish","hentry"],"yoast_head":"<!-- This site is optimized with the Yoast SEO plugin v27.2 - https:\/\/yoast.com\/product\/yoast-seo-wordpress\/ -->\n<title>Project Based Learning in the Classroom - Peetri P\u00f5hikool<\/title>\n<meta name=\"robots\" content=\"index, follow, max-snippet:-1, max-image-preview:large, max-video-preview:-1\" \/>\n<link rel=\"canonical\" href=\"https:\/\/www.peetri.edu.ee\/pohikool\/erasmus-opiranded\/2019-2021-projekt\/project-based-learning-classroom\/\" \/>\n<meta property=\"og:locale\" content=\"et_EE\" \/>\n<meta property=\"og:type\" content=\"article\" \/>\n<meta property=\"og:title\" content=\"Project Based Learning in the Classroom - Peetri P\u00f5hikool\" \/>\n<meta property=\"og:description\" content=\"Islandil toimus kursus &#8220;Project Based Learning in the Classroom&#8221; Inga V, Katrin R Koolituse eesm\u00e4rk oli edendada aktiiv\u00f5pet ja arendada...\" \/>\n<meta property=\"og:url\" content=\"https:\/\/www.peetri.edu.ee\/pohikool\/erasmus-opiranded\/2019-2021-projekt\/project-based-learning-classroom\/\" \/>\n<meta property=\"og:site_name\" content=\"Peetri P\u00f5hikool\" \/>\n<meta property=\"article:modified_time\" content=\"2023-02-23T20:41:56+00:00\" \/>\n<meta property=\"og:image\" content=\"https:\/\/www.peetri.edu.ee\/pohikool\/wp-content\/uploads\/sites\/3\/2022\/12\/logo_erasmus-300x83.png\" \/>\n<meta name=\"twitter:card\" content=\"summary_large_image\" \/>\n<script type=\"application\/ld+json\" class=\"yoast-schema-graph\">{\"@context\":\"https:\/\/schema.org\",\"@graph\":[{\"@type\":\"WebPage\",\"@id\":\"https:\/\/www.peetri.edu.ee\/pohikool\/erasmus-opiranded\/2019-2021-projekt\/project-based-learning-classroom\/\",\"url\":\"https:\/\/www.peetri.edu.ee\/pohikool\/erasmus-opiranded\/2019-2021-projekt\/project-based-learning-classroom\/\",\"name\":\"Project Based Learning in the Classroom - Peetri P\u00f5hikool\",\"isPartOf\":{\"@id\":\"https:\/\/www.peetri.edu.ee\/pohikool\/#website\"},\"primaryImageOfPage\":{\"@id\":\"https:\/\/www.peetri.edu.ee\/pohikool\/erasmus-opiranded\/2019-2021-projekt\/project-based-learning-classroom\/#primaryimage\"},\"image\":{\"@id\":\"https:\/\/www.peetri.edu.ee\/pohikool\/erasmus-opiranded\/2019-2021-projekt\/project-based-learning-classroom\/#primaryimage\"},\"thumbnailUrl\":\"https:\/\/www.peetri.edu.ee\/pohikool\/wp-content\/uploads\/sites\/3\/2022\/12\/logo_erasmus-300x83.png\",\"datePublished\":\"2022-12-22T09:40:09+00:00\",\"dateModified\":\"2023-02-23T20:41:56+00:00\",\"breadcrumb\":{\"@id\":\"https:\/\/www.peetri.edu.ee\/pohikool\/erasmus-opiranded\/2019-2021-projekt\/project-based-learning-classroom\/#breadcrumb\"},\"inLanguage\":\"et\",\"potentialAction\":[{\"@type\":\"ReadAction\",\"target\":[\"https:\/\/www.peetri.edu.ee\/pohikool\/erasmus-opiranded\/2019-2021-projekt\/project-based-learning-classroom\/\"]}]},{\"@type\":\"ImageObject\",\"inLanguage\":\"et\",\"@id\":\"https:\/\/www.peetri.edu.ee\/pohikool\/erasmus-opiranded\/2019-2021-projekt\/project-based-learning-classroom\/#primaryimage\",\"url\":\"https:\/\/www.peetri.edu.ee\/pohikool\/wp-content\/uploads\/sites\/3\/2022\/12\/logo_erasmus.png\",\"contentUrl\":\"https:\/\/www.peetri.edu.ee\/pohikool\/wp-content\/uploads\/sites\/3\/2022\/12\/logo_erasmus.png\",\"width\":480,\"height\":132},{\"@type\":\"BreadcrumbList\",\"@id\":\"https:\/\/www.peetri.edu.ee\/pohikool\/erasmus-opiranded\/2019-2021-projekt\/project-based-learning-classroom\/#breadcrumb\",\"itemListElement\":[{\"@type\":\"ListItem\",\"position\":1,\"name\":\"Home\",\"item\":\"https:\/\/www.peetri.edu.ee\/pohikool\/\"},{\"@type\":\"ListItem\",\"position\":2,\"name\":\"Erasmus+ \u00f5pir\u00e4nded ja koost\u00f6\u00f6projektid\",\"item\":\"https:\/\/www.peetri.edu.ee\/pohikool\/erasmus-opiranded\/\"},{\"@type\":\"ListItem\",\"position\":3,\"name\":\"2019-2022 projekt\",\"item\":\"https:\/\/www.peetri.edu.ee\/pohikool\/erasmus-opiranded\/2019-2021-projekt\/\"},{\"@type\":\"ListItem\",\"position\":4,\"name\":\"Project Based Learning in the Classroom\"}]},{\"@type\":\"WebSite\",\"@id\":\"https:\/\/www.peetri.edu.ee\/pohikool\/#website\",\"url\":\"https:\/\/www.peetri.edu.ee\/pohikool\/\",\"name\":\"Peetri P\u00f5hikool\",\"description\":\"Igas inimeses on p\u00e4ike, laskem tal s\u00e4rada\",\"potentialAction\":[{\"@type\":\"SearchAction\",\"target\":{\"@type\":\"EntryPoint\",\"urlTemplate\":\"https:\/\/www.peetri.edu.ee\/pohikool\/?s={search_term_string}\"},\"query-input\":{\"@type\":\"PropertyValueSpecification\",\"valueRequired\":true,\"valueName\":\"search_term_string\"}}],\"inLanguage\":\"et\"}]}<\/script>\n<!-- \/ Yoast SEO plugin. -->","yoast_head_json":{"title":"Project Based Learning in the Classroom - Peetri P\u00f5hikool","robots":{"index":"index","follow":"follow","max-snippet":"max-snippet:-1","max-image-preview":"max-image-preview:large","max-video-preview":"max-video-preview:-1"},"canonical":"https:\/\/www.peetri.edu.ee\/pohikool\/erasmus-opiranded\/2019-2021-projekt\/project-based-learning-classroom\/","og_locale":"et_EE","og_type":"article","og_title":"Project Based Learning in the Classroom - Peetri P\u00f5hikool","og_description":"Islandil toimus kursus &#8220;Project Based Learning in the Classroom&#8221; Inga V, Katrin R Koolituse eesm\u00e4rk oli edendada aktiiv\u00f5pet ja arendada...","og_url":"https:\/\/www.peetri.edu.ee\/pohikool\/erasmus-opiranded\/2019-2021-projekt\/project-based-learning-classroom\/","og_site_name":"Peetri P\u00f5hikool","article_modified_time":"2023-02-23T20:41:56+00:00","og_image":[{"url":"https:\/\/www.peetri.edu.ee\/pohikool\/wp-content\/uploads\/sites\/3\/2022\/12\/logo_erasmus-300x83.png","type":"","width":"","height":""}],"twitter_card":"summary_large_image","schema":{"@context":"https:\/\/schema.org","@graph":[{"@type":"WebPage","@id":"https:\/\/www.peetri.edu.ee\/pohikool\/erasmus-opiranded\/2019-2021-projekt\/project-based-learning-classroom\/","url":"https:\/\/www.peetri.edu.ee\/pohikool\/erasmus-opiranded\/2019-2021-projekt\/project-based-learning-classroom\/","name":"Project Based Learning in the Classroom - Peetri P\u00f5hikool","isPartOf":{"@id":"https:\/\/www.peetri.edu.ee\/pohikool\/#website"},"primaryImageOfPage":{"@id":"https:\/\/www.peetri.edu.ee\/pohikool\/erasmus-opiranded\/2019-2021-projekt\/project-based-learning-classroom\/#primaryimage"},"image":{"@id":"https:\/\/www.peetri.edu.ee\/pohikool\/erasmus-opiranded\/2019-2021-projekt\/project-based-learning-classroom\/#primaryimage"},"thumbnailUrl":"https:\/\/www.peetri.edu.ee\/pohikool\/wp-content\/uploads\/sites\/3\/2022\/12\/logo_erasmus-300x83.png","datePublished":"2022-12-22T09:40:09+00:00","dateModified":"2023-02-23T20:41:56+00:00","breadcrumb":{"@id":"https:\/\/www.peetri.edu.ee\/pohikool\/erasmus-opiranded\/2019-2021-projekt\/project-based-learning-classroom\/#breadcrumb"},"inLanguage":"et","potentialAction":[{"@type":"ReadAction","target":["https:\/\/www.peetri.edu.ee\/pohikool\/erasmus-opiranded\/2019-2021-projekt\/project-based-learning-classroom\/"]}]},{"@type":"ImageObject","inLanguage":"et","@id":"https:\/\/www.peetri.edu.ee\/pohikool\/erasmus-opiranded\/2019-2021-projekt\/project-based-learning-classroom\/#primaryimage","url":"https:\/\/www.peetri.edu.ee\/pohikool\/wp-content\/uploads\/sites\/3\/2022\/12\/logo_erasmus.png","contentUrl":"https:\/\/www.peetri.edu.ee\/pohikool\/wp-content\/uploads\/sites\/3\/2022\/12\/logo_erasmus.png","width":480,"height":132},{"@type":"BreadcrumbList","@id":"https:\/\/www.peetri.edu.ee\/pohikool\/erasmus-opiranded\/2019-2021-projekt\/project-based-learning-classroom\/#breadcrumb","itemListElement":[{"@type":"ListItem","position":1,"name":"Home","item":"https:\/\/www.peetri.edu.ee\/pohikool\/"},{"@type":"ListItem","position":2,"name":"Erasmus+ \u00f5pir\u00e4nded ja koost\u00f6\u00f6projektid","item":"https:\/\/www.peetri.edu.ee\/pohikool\/erasmus-opiranded\/"},{"@type":"ListItem","position":3,"name":"2019-2022 projekt","item":"https:\/\/www.peetri.edu.ee\/pohikool\/erasmus-opiranded\/2019-2021-projekt\/"},{"@type":"ListItem","position":4,"name":"Project Based Learning in the Classroom"}]},{"@type":"WebSite","@id":"https:\/\/www.peetri.edu.ee\/pohikool\/#website","url":"https:\/\/www.peetri.edu.ee\/pohikool\/","name":"Peetri P\u00f5hikool","description":"Igas inimeses on p\u00e4ike, laskem tal s\u00e4rada","potentialAction":[{"@type":"SearchAction","target":{"@type":"EntryPoint","urlTemplate":"https:\/\/www.peetri.edu.ee\/pohikool\/?s={search_term_string}"},"query-input":{"@type":"PropertyValueSpecification","valueRequired":true,"valueName":"search_term_string"}}],"inLanguage":"et"}]}},"acf":[],"_links":{"self":[{"href":"https:\/\/www.peetri.edu.ee\/pohikool\/wp-json\/wp\/v2\/pages\/6797","targetHints":{"allow":["GET"]}}],"collection":[{"href":"https:\/\/www.peetri.edu.ee\/pohikool\/wp-json\/wp\/v2\/pages"}],"about":[{"href":"https:\/\/www.peetri.edu.ee\/pohikool\/wp-json\/wp\/v2\/types\/page"}],"author":[{"embeddable":true,"href":"https:\/\/www.peetri.edu.ee\/pohikool\/wp-json\/wp\/v2\/users\/1"}],"replies":[{"embeddable":true,"href":"https:\/\/www.peetri.edu.ee\/pohikool\/wp-json\/wp\/v2\/comments?post=6797"}],"version-history":[{"count":5,"href":"https:\/\/www.peetri.edu.ee\/pohikool\/wp-json\/wp\/v2\/pages\/6797\/revisions"}],"predecessor-version":[{"id":7007,"href":"https:\/\/www.peetri.edu.ee\/pohikool\/wp-json\/wp\/v2\/pages\/6797\/revisions\/7007"}],"up":[{"embeddable":true,"href":"https:\/\/www.peetri.edu.ee\/pohikool\/wp-json\/wp\/v2\/pages\/3343"}],"wp:attachment":[{"href":"https:\/\/www.peetri.edu.ee\/pohikool\/wp-json\/wp\/v2\/media?parent=6797"}],"curies":[{"name":"wp","href":"https:\/\/api.w.org\/{rel}","templated":true}]}}