{"id":6776,"date":"2022-12-22T11:19:56","date_gmt":"2022-12-22T09:19:56","guid":{"rendered":"https:\/\/www.peetri.edu.ee\/pohikool\/?page_id=6776"},"modified":"2022-12-22T11:39:17","modified_gmt":"2022-12-22T09:39:17","slug":"robotics-augmented-reality-21st-century-school","status":"publish","type":"page","link":"https:\/\/www.peetri.edu.ee\/pohikool\/erasmus-opiranded\/2019-2021-projekt\/robotics-augmented-reality-21st-century-school\/","title":{"rendered":"Robotics and Augmented Reality in 21st Century School"},"content":{"rendered":"<p><img loading=\"lazy\" decoding=\"async\" class=\"alignleft size-medium wp-image-6751\" src=\"https:\/\/www.peetri.edu.ee\/pohikool\/wp-content\/uploads\/sites\/3\/2022\/12\/logo_erasmus-300x83.png\" alt=\"\" width=\"300\" height=\"83\" \/><\/p>\n<p><span style=\"font-weight: 400;\">Peetri kooli ja lasteaia \u00f5petajad viibisid 21.02 &#8211; 26.02.2022 koolitusel \u201cRobotics and Augmented Reality in 21st Century School\u201d.<\/span><\/p>\n<p><span style=\"font-weight: 400;\">Koolituse eesm\u00e4rkideks oli\u00a0 edendada arutelu 21. sajandi\u00a0 v\u00f5tmep\u00e4devuste \u00fcle, katsetada ja arendada uusi \u00f5ppimispraktikaid ja \u00f5petamismeetodeid,\u00a0 edendada haridusuuendust, stimuleerida robootika ja liitreaalsuse kasutamist koolides, anda praktilisi juhiseid, kuidas robootikat ja liitreaalsust \u00f5ppet\u00f6\u00f6sse kaasata, parendada hariduse tavasid \u00f5petajatevahelise koost\u00f6\u00f6 kaudu ning rahvusvaheliste projektide juhtimise kvaliteeti ja efektiivsust, suurendada teadmisi sotsiaalsetest, keelelistest ja kultuurilistest k\u00fcsimustest.<\/span><\/p>\n<p><span style=\"font-weight: 400;\">Koolituse teemade tegevustes oli v\u00f5etud arvesse 21. sajandi v\u00f5tmep\u00e4devusi. Kursus oli v\u00e4ga praktiline, demonstratiivne ja interaktiivne, kus arutati 21 sajandi v\u00f5tmep\u00e4devuste \u00fcle, katsetati erinevaid \u00f5petamismeetodeid, stimuleeriti robootika ja liitreaalsuse kasutamist koolides, n\u00e4idati robootikalaborit,\u00a0 tutvustati eTwinningu platvormi ja sealset \u00f5pikogukonda, tuvustati erinevaid STEAM (loodusteadused, tehnoloogia, tehnika, kunst ja matemaatika) meetoditega seotud kooliprojekte, suurendati teadmisi sotsiaalsetest, keelelistest ja kultuurilistest k\u00fcsimustest.<\/span><\/p>\n<p><span style=\"font-weight: 400;\">Detailne kirjeldus:\u00a0<\/span><a href=\"http:\/\/profareng.weebly.com\/robotics-and-augmented-reality-at-school---portugal-madeira.html\"><span style=\"font-weight: 400;\">http:\/\/profareng.weebly.com\/robotics-and-augmented-reality-at-school&#8212;portugal-madeira.html<\/span><\/a><span style=\"font-weight: 400;\">\u00a0<\/span><\/p>\n","protected":false},"excerpt":{"rendered":"<p>Peetri kooli ja lasteaia \u00f5petajad viibisid 21.02 &#8211; 26.02.2022 koolitusel \u201cRobotics and Augmented Reality in 21st Century School\u201d. Koolituse eesm\u00e4rkideks&#8230;<\/p>\n","protected":false},"author":1,"featured_media":0,"parent":3343,"menu_order":30,"comment_status":"closed","ping_status":"closed","template":"","meta":{"_acf_changed":false,"footnotes":""},"class_list":["post-6776","page","type-page","status-publish","hentry"],"yoast_head":"<!-- This site is optimized with the Yoast SEO plugin v27.2 - https:\/\/yoast.com\/product\/yoast-seo-wordpress\/ -->\n<title>Robotics and Augmented Reality in 21st Century School - Peetri P\u00f5hikool<\/title>\n<meta name=\"robots\" content=\"index, follow, max-snippet:-1, max-image-preview:large, max-video-preview:-1\" \/>\n<link rel=\"canonical\" href=\"https:\/\/www.peetri.edu.ee\/pohikool\/erasmus-opiranded\/2019-2021-projekt\/robotics-augmented-reality-21st-century-school\/\" \/>\n<meta property=\"og:locale\" content=\"et_EE\" \/>\n<meta property=\"og:type\" content=\"article\" \/>\n<meta property=\"og:title\" content=\"Robotics and Augmented Reality in 21st Century School - Peetri P\u00f5hikool\" \/>\n<meta property=\"og:description\" content=\"Peetri kooli ja lasteaia \u00f5petajad viibisid 21.02 &#8211; 26.02.2022 koolitusel \u201cRobotics and Augmented Reality in 21st Century School\u201d. Koolituse eesm\u00e4rkideks...\" \/>\n<meta property=\"og:url\" content=\"https:\/\/www.peetri.edu.ee\/pohikool\/erasmus-opiranded\/2019-2021-projekt\/robotics-augmented-reality-21st-century-school\/\" \/>\n<meta property=\"og:site_name\" content=\"Peetri P\u00f5hikool\" \/>\n<meta property=\"article:modified_time\" content=\"2022-12-22T09:39:17+00:00\" \/>\n<meta property=\"og:image\" content=\"https:\/\/www.peetri.edu.ee\/pohikool\/wp-content\/uploads\/sites\/3\/2022\/12\/logo_erasmus-300x83.png\" \/>\n<meta name=\"twitter:card\" content=\"summary_large_image\" \/>\n<meta name=\"twitter:label1\" content=\"Est. reading time\" \/>\n\t<meta name=\"twitter:data1\" content=\"1 minut\" \/>\n<script type=\"application\/ld+json\" class=\"yoast-schema-graph\">{\"@context\":\"https:\/\/schema.org\",\"@graph\":[{\"@type\":\"WebPage\",\"@id\":\"https:\/\/www.peetri.edu.ee\/pohikool\/erasmus-opiranded\/2019-2021-projekt\/robotics-augmented-reality-21st-century-school\/\",\"url\":\"https:\/\/www.peetri.edu.ee\/pohikool\/erasmus-opiranded\/2019-2021-projekt\/robotics-augmented-reality-21st-century-school\/\",\"name\":\"Robotics and Augmented Reality in 21st Century School - Peetri P\u00f5hikool\",\"isPartOf\":{\"@id\":\"https:\/\/www.peetri.edu.ee\/pohikool\/#website\"},\"primaryImageOfPage\":{\"@id\":\"https:\/\/www.peetri.edu.ee\/pohikool\/erasmus-opiranded\/2019-2021-projekt\/robotics-augmented-reality-21st-century-school\/#primaryimage\"},\"image\":{\"@id\":\"https:\/\/www.peetri.edu.ee\/pohikool\/erasmus-opiranded\/2019-2021-projekt\/robotics-augmented-reality-21st-century-school\/#primaryimage\"},\"thumbnailUrl\":\"https:\/\/www.peetri.edu.ee\/pohikool\/wp-content\/uploads\/sites\/3\/2022\/12\/logo_erasmus-300x83.png\",\"datePublished\":\"2022-12-22T09:19:56+00:00\",\"dateModified\":\"2022-12-22T09:39:17+00:00\",\"breadcrumb\":{\"@id\":\"https:\/\/www.peetri.edu.ee\/pohikool\/erasmus-opiranded\/2019-2021-projekt\/robotics-augmented-reality-21st-century-school\/#breadcrumb\"},\"inLanguage\":\"et\",\"potentialAction\":[{\"@type\":\"ReadAction\",\"target\":[\"https:\/\/www.peetri.edu.ee\/pohikool\/erasmus-opiranded\/2019-2021-projekt\/robotics-augmented-reality-21st-century-school\/\"]}]},{\"@type\":\"ImageObject\",\"inLanguage\":\"et\",\"@id\":\"https:\/\/www.peetri.edu.ee\/pohikool\/erasmus-opiranded\/2019-2021-projekt\/robotics-augmented-reality-21st-century-school\/#primaryimage\",\"url\":\"https:\/\/www.peetri.edu.ee\/pohikool\/wp-content\/uploads\/sites\/3\/2022\/12\/logo_erasmus.png\",\"contentUrl\":\"https:\/\/www.peetri.edu.ee\/pohikool\/wp-content\/uploads\/sites\/3\/2022\/12\/logo_erasmus.png\",\"width\":480,\"height\":132},{\"@type\":\"BreadcrumbList\",\"@id\":\"https:\/\/www.peetri.edu.ee\/pohikool\/erasmus-opiranded\/2019-2021-projekt\/robotics-augmented-reality-21st-century-school\/#breadcrumb\",\"itemListElement\":[{\"@type\":\"ListItem\",\"position\":1,\"name\":\"Home\",\"item\":\"https:\/\/www.peetri.edu.ee\/pohikool\/\"},{\"@type\":\"ListItem\",\"position\":2,\"name\":\"Erasmus+ \u00f5pir\u00e4nded ja koost\u00f6\u00f6projektid\",\"item\":\"https:\/\/www.peetri.edu.ee\/pohikool\/erasmus-opiranded\/\"},{\"@type\":\"ListItem\",\"position\":3,\"name\":\"2019-2022 projekt\",\"item\":\"https:\/\/www.peetri.edu.ee\/pohikool\/erasmus-opiranded\/2019-2021-projekt\/\"},{\"@type\":\"ListItem\",\"position\":4,\"name\":\"Robotics and Augmented Reality in 21st Century School\"}]},{\"@type\":\"WebSite\",\"@id\":\"https:\/\/www.peetri.edu.ee\/pohikool\/#website\",\"url\":\"https:\/\/www.peetri.edu.ee\/pohikool\/\",\"name\":\"Peetri P\u00f5hikool\",\"description\":\"Igas inimeses on p\u00e4ike, laskem tal s\u00e4rada\",\"potentialAction\":[{\"@type\":\"SearchAction\",\"target\":{\"@type\":\"EntryPoint\",\"urlTemplate\":\"https:\/\/www.peetri.edu.ee\/pohikool\/?s={search_term_string}\"},\"query-input\":{\"@type\":\"PropertyValueSpecification\",\"valueRequired\":true,\"valueName\":\"search_term_string\"}}],\"inLanguage\":\"et\"}]}<\/script>\n<!-- \/ Yoast SEO plugin. -->","yoast_head_json":{"title":"Robotics and Augmented Reality in 21st Century School - Peetri P\u00f5hikool","robots":{"index":"index","follow":"follow","max-snippet":"max-snippet:-1","max-image-preview":"max-image-preview:large","max-video-preview":"max-video-preview:-1"},"canonical":"https:\/\/www.peetri.edu.ee\/pohikool\/erasmus-opiranded\/2019-2021-projekt\/robotics-augmented-reality-21st-century-school\/","og_locale":"et_EE","og_type":"article","og_title":"Robotics and Augmented Reality in 21st Century School - Peetri P\u00f5hikool","og_description":"Peetri kooli ja lasteaia \u00f5petajad viibisid 21.02 &#8211; 26.02.2022 koolitusel \u201cRobotics and Augmented Reality in 21st Century School\u201d. Koolituse eesm\u00e4rkideks...","og_url":"https:\/\/www.peetri.edu.ee\/pohikool\/erasmus-opiranded\/2019-2021-projekt\/robotics-augmented-reality-21st-century-school\/","og_site_name":"Peetri P\u00f5hikool","article_modified_time":"2022-12-22T09:39:17+00:00","og_image":[{"url":"https:\/\/www.peetri.edu.ee\/pohikool\/wp-content\/uploads\/sites\/3\/2022\/12\/logo_erasmus-300x83.png","type":"","width":"","height":""}],"twitter_card":"summary_large_image","twitter_misc":{"Est. reading time":"1 minut"},"schema":{"@context":"https:\/\/schema.org","@graph":[{"@type":"WebPage","@id":"https:\/\/www.peetri.edu.ee\/pohikool\/erasmus-opiranded\/2019-2021-projekt\/robotics-augmented-reality-21st-century-school\/","url":"https:\/\/www.peetri.edu.ee\/pohikool\/erasmus-opiranded\/2019-2021-projekt\/robotics-augmented-reality-21st-century-school\/","name":"Robotics and Augmented Reality in 21st Century School - Peetri P\u00f5hikool","isPartOf":{"@id":"https:\/\/www.peetri.edu.ee\/pohikool\/#website"},"primaryImageOfPage":{"@id":"https:\/\/www.peetri.edu.ee\/pohikool\/erasmus-opiranded\/2019-2021-projekt\/robotics-augmented-reality-21st-century-school\/#primaryimage"},"image":{"@id":"https:\/\/www.peetri.edu.ee\/pohikool\/erasmus-opiranded\/2019-2021-projekt\/robotics-augmented-reality-21st-century-school\/#primaryimage"},"thumbnailUrl":"https:\/\/www.peetri.edu.ee\/pohikool\/wp-content\/uploads\/sites\/3\/2022\/12\/logo_erasmus-300x83.png","datePublished":"2022-12-22T09:19:56+00:00","dateModified":"2022-12-22T09:39:17+00:00","breadcrumb":{"@id":"https:\/\/www.peetri.edu.ee\/pohikool\/erasmus-opiranded\/2019-2021-projekt\/robotics-augmented-reality-21st-century-school\/#breadcrumb"},"inLanguage":"et","potentialAction":[{"@type":"ReadAction","target":["https:\/\/www.peetri.edu.ee\/pohikool\/erasmus-opiranded\/2019-2021-projekt\/robotics-augmented-reality-21st-century-school\/"]}]},{"@type":"ImageObject","inLanguage":"et","@id":"https:\/\/www.peetri.edu.ee\/pohikool\/erasmus-opiranded\/2019-2021-projekt\/robotics-augmented-reality-21st-century-school\/#primaryimage","url":"https:\/\/www.peetri.edu.ee\/pohikool\/wp-content\/uploads\/sites\/3\/2022\/12\/logo_erasmus.png","contentUrl":"https:\/\/www.peetri.edu.ee\/pohikool\/wp-content\/uploads\/sites\/3\/2022\/12\/logo_erasmus.png","width":480,"height":132},{"@type":"BreadcrumbList","@id":"https:\/\/www.peetri.edu.ee\/pohikool\/erasmus-opiranded\/2019-2021-projekt\/robotics-augmented-reality-21st-century-school\/#breadcrumb","itemListElement":[{"@type":"ListItem","position":1,"name":"Home","item":"https:\/\/www.peetri.edu.ee\/pohikool\/"},{"@type":"ListItem","position":2,"name":"Erasmus+ \u00f5pir\u00e4nded ja koost\u00f6\u00f6projektid","item":"https:\/\/www.peetri.edu.ee\/pohikool\/erasmus-opiranded\/"},{"@type":"ListItem","position":3,"name":"2019-2022 projekt","item":"https:\/\/www.peetri.edu.ee\/pohikool\/erasmus-opiranded\/2019-2021-projekt\/"},{"@type":"ListItem","position":4,"name":"Robotics and Augmented Reality in 21st Century School"}]},{"@type":"WebSite","@id":"https:\/\/www.peetri.edu.ee\/pohikool\/#website","url":"https:\/\/www.peetri.edu.ee\/pohikool\/","name":"Peetri P\u00f5hikool","description":"Igas inimeses on p\u00e4ike, laskem tal s\u00e4rada","potentialAction":[{"@type":"SearchAction","target":{"@type":"EntryPoint","urlTemplate":"https:\/\/www.peetri.edu.ee\/pohikool\/?s={search_term_string}"},"query-input":{"@type":"PropertyValueSpecification","valueRequired":true,"valueName":"search_term_string"}}],"inLanguage":"et"}]}},"acf":[],"_links":{"self":[{"href":"https:\/\/www.peetri.edu.ee\/pohikool\/wp-json\/wp\/v2\/pages\/6776","targetHints":{"allow":["GET"]}}],"collection":[{"href":"https:\/\/www.peetri.edu.ee\/pohikool\/wp-json\/wp\/v2\/pages"}],"about":[{"href":"https:\/\/www.peetri.edu.ee\/pohikool\/wp-json\/wp\/v2\/types\/page"}],"author":[{"embeddable":true,"href":"https:\/\/www.peetri.edu.ee\/pohikool\/wp-json\/wp\/v2\/users\/1"}],"replies":[{"embeddable":true,"href":"https:\/\/www.peetri.edu.ee\/pohikool\/wp-json\/wp\/v2\/comments?post=6776"}],"version-history":[{"count":5,"href":"https:\/\/www.peetri.edu.ee\/pohikool\/wp-json\/wp\/v2\/pages\/6776\/revisions"}],"predecessor-version":[{"id":6796,"href":"https:\/\/www.peetri.edu.ee\/pohikool\/wp-json\/wp\/v2\/pages\/6776\/revisions\/6796"}],"up":[{"embeddable":true,"href":"https:\/\/www.peetri.edu.ee\/pohikool\/wp-json\/wp\/v2\/pages\/3343"}],"wp:attachment":[{"href":"https:\/\/www.peetri.edu.ee\/pohikool\/wp-json\/wp\/v2\/media?parent=6776"}],"curies":[{"name":"wp","href":"https:\/\/api.w.org\/{rel}","templated":true}]}}