{"id":6483,"date":"2022-09-09T14:46:38","date_gmt":"2022-09-09T11:46:38","guid":{"rendered":"https:\/\/www.peetri.edu.ee\/pohikool\/?page_id=6483"},"modified":"2024-08-29T09:55:58","modified_gmt":"2024-08-29T06:55:58","slug":"pildid-20222023","status":"publish","type":"page","link":"https:\/\/www.peetri.edu.ee\/pohikool\/pildid-20222023\/","title":{"rendered":"Pildid 2022\/2023"},"content":{"rendered":"<h2>September<\/h2>\n<ul>\n<li>\n<h3>2022.09.01 <a href=\"https:\/\/drive.google.com\/drive\/folders\/1ExXoREQL8jBRP7ZOvygPRszPEYZ3wQXl?usp=sharing\">1.septembri aktused<\/a><\/h3>\n<\/li>\n<li>\n<h3>2022.09.22\u00a0<a href=\"https:\/\/drive.google.com\/drive\/folders\/1dyWZ8lTr57ps-eBL6huLb4AEBkIhv3h4?usp=sharing\">Maailmakoristusp\u00e4ev<\/a><\/h3>\n<\/li>\n<li>\n<h3>2022.09.23-30\u00a0<a href=\"https:\/\/drive.google.com\/drive\/folders\/1Wa6Pcz3fXfezBU2rCX6tINPyNrbgngI8?usp=sharing\">Liikumisn\u00e4dal<\/a><\/h3>\n<\/li>\n<li>\n<h3>2022.09.30 <a href=\"https:\/\/drive.google.com\/drive\/folders\/1eSwW4uify0iW8Zgh6iukYgvkg0z_4oOs?usp=sharing\">S\u00fcgislaat<\/a><\/h3>\n<\/li>\n<\/ul>\n<h2>Oktoober<\/h2>\n<ul>\n<li>\n<h3>2022.10.03\u00a0<a href=\"https:\/\/drive.google.com\/drive\/folders\/1-wMpwuOOdfagIoCgI-4F1A7ptuM_kE7U?usp=share_link\">Muusikap\u00e4ev<\/a><\/h3>\n<\/li>\n<li>\n<h3>2022.10.14 <a href=\"https:\/\/drive.google.com\/file\/d\/1FFsXvPSsiIImXBLTx77cKwiwv-mQ4ZUs\/view?usp=sharing\">Muusika- ja r\u00e4ndeteemaline t\u00f6\u00f6tuba<\/a><\/h3>\n<\/li>\n<li>\n<h3>2022.10.19\u00a0<a href=\"https:\/\/drive.google.com\/drive\/folders\/1STFvhCpBcIH3VC6WFrRCbEM7GIzraI3B?usp=share_link\">Kella 7 orienteerumine<\/a><\/h3>\n<\/li>\n<li>\n<h3>2022.10.20 <a href=\"https:\/\/drive.google.com\/drive\/folders\/1r1eXKYYyTJHOmyDp8A8hBcp5E5KiSEfy?usp=share_link\">Brassical kontsert<\/a><\/h3>\n<\/li>\n<li>\n<h3>2022.10.17-21 <a href=\"https:\/\/drive.google.com\/drive\/folders\/18FpL9RIpEcaBZfZnNCABL6DwZOv3-1wk?usp=share_link\">Loodus- ja teadusn\u00e4dal<\/a><\/h3>\n<\/li>\n<li>\n<h3>2022.10.31 <a href=\"https:\/\/drive.google.com\/file\/d\/1fFftydBj2ncCK_lUt-SHBnvvWkdI2HXe\/view?usp=share_link\">Halloween<\/a><\/h3>\n<\/li>\n<li>\n<h3>2022.10 <a href=\"https:\/\/drive.google.com\/drive\/folders\/1UjCvNeTY9t0ZPR9Wr8V9h-eAzhKoQrSv?usp=share_link\">Fotokonkkurss &#8220;S\u00fcgise m\u00e4rgid&#8221;<\/a><\/h3>\n<\/li>\n<\/ul>\n<h2>November<\/h2>\n<ul>\n<li>\n<h3>2022.11.02 <a href=\"https:\/\/drive.google.com\/drive\/folders\/1h1ODcFVxu-AEQXN9Ok-oHdafS052FJZE?usp=share_link\">7.kl koost\u00f6\u00f6p\u00e4ev<\/a><\/h3>\n<\/li>\n<li>\n<h3>2022.11.09 <a href=\"https:\/\/drive.google.com\/file\/d\/1p6X5PeAS7AaYpljx5fBHs0_-U728Kqyn\/view?usp=share_link\">2.A klassi Mardid<\/a><\/h3>\n<\/li>\n<li>\n<h3>2022.11.14-18. <a href=\"https:\/\/drive.google.com\/drive\/folders\/1kpdF03r3k_CBdmeUhI5_Epc0XWn58OJg?usp=share_link\">Vaimsetervise teeman\u00e4dal<\/a><\/h3>\n<\/li>\n<li>\n<h3>2022.11.24\u00a0<a href=\"https:\/\/drive.google.com\/drive\/folders\/1Dc6Vm0N7EAMw7S1pdwywAMf0whgmQs2f?usp=sharing\">Eurovisioon<\/a><\/h3>\n<\/li>\n<li>\n<h3>2022.11.25 <a href=\"https:\/\/drive.google.com\/drive\/folders\/1PkMx1D2UfKEd5k_e79lt73aS4CKhSaXt?usp=share_link\">Kadri- ja Mardip\u00e4ev<\/a><\/h3>\n<\/li>\n<\/ul>\n<h2>Detsember<\/h2>\n<ul>\n<li>\n<h3>2022.12 <a href=\"https:\/\/drive.google.com\/file\/d\/1bXc_-NiRGbSTcWv9w0Xrf4vIN26cAMtj\/view?usp=sharing\">J\u00f5uluteemalised plakatid<\/a><\/h3>\n<\/li>\n<li>\n<h3>2022.12\u00a0<a href=\"https:\/\/drive.google.com\/drive\/folders\/1upFjM5VPE8tDFGmh4aFl2GX-f_tSQsc3?usp=share_link\">Advendihommikud<\/a><\/h3>\n<\/li>\n<li>\n<h3>2022.12.06\u00a0<a href=\"https:\/\/drive.google.com\/drive\/folders\/1vkHMWykiZg89IIiWupidfnejA7aG1ko1?usp=sharing\">Marit Aro kohtub 1.klassiga<\/a><\/h3>\n<\/li>\n<li>\n<h3>2022.12.20 <a href=\"https:\/\/drive.google.com\/file\/d\/15VJ8NA83PgOaH7F_xSvGfFOOk6L91has\/view?usp=share_link\">J\u00f5uluetenduse proov<\/a><\/h3>\n<\/li>\n<li>\n<h3>2022.12.21 <a href=\"https:\/\/drive.google.com\/drive\/folders\/1yRLtzPy3pVUwQ5iB-28AVX_xYd8GXfR7?usp=sharing\">J\u00f5uluetendus<\/a><\/h3>\n<\/li>\n<li>\n<h3>2022.12.22 <a href=\"https:\/\/drive.google.com\/drive\/folders\/1Uve7AC1oZGr7XHzEPwJh3obF7YyhVleV?usp=share_link\">J\u00f5ulul\u00f5una<\/a><\/h3>\n<\/li>\n<\/ul>\n<h2>Jaanuar<\/h2>\n<ul>\n<li>\n<h3>2023.01 <a href=\"https:\/\/drive.google.com\/drive\/folders\/1RGQbPikyjlNnvwAwPWBL5fTgh75jd-jv?usp=sharing\">Uudishimu v\u00e4ljakutse<\/a><\/h3>\n<\/li>\n<li>\n<h3>2023.01 <a href=\"https:\/\/drive.google.com\/drive\/folders\/1MEhB07IMfNRBpCF22_Qi7j8hFs9QjuUZ?usp=sharing\">Anna lumele kuju!<\/a><\/h3>\n<\/li>\n<li>\n<h3>2023.01.25 <a href=\"https:\/\/drive.google.com\/drive\/folders\/1hq-n38jbyK89edqL3jThl_yPZE5gY0F9?usp=sharing\">Lauam\u00e4ngu vahetunnid<\/a><\/h3>\n<\/li>\n<\/ul>\n<h2>Veebruar<\/h2>\n<ul>\n<li>\n<h3>2023.02.13 <a href=\"https:\/\/drive.google.com\/file\/d\/1EjJX3W32M1ZL7uE1HnA-ENNSZ57vcA4u\/view?usp=sharing\">Stiilip\u00e4ev<\/a><\/h3>\n<\/li>\n<li>\n<h3>2023.02.14 <a href=\"https:\/\/drive.google.com\/drive\/folders\/1ULrD7q01oMj3pIQECE3hRi7LRi3_eOj-?usp=share_link\">S\u00f5brap\u00e4ev<\/a><\/h3>\n<\/li>\n<li>\n<h3>2023.02.15 <a href=\"https:\/\/drive.google.com\/drive\/folders\/1d4eKL1jQ5HSadFkSHsGRevjdbqwL7KKg?usp=share_link\">2.-4.kl Playback<\/a><\/h3>\n<\/li>\n<li>\n<h3>2023.02.17 <a href=\"https:\/\/drive.google.com\/file\/d\/1o2UaXbvHS2H6-K6-unN1lLZX3IPDQ1z6\/view?usp=sharing\">Stiilip\u00e4ev<\/a><\/h3>\n<\/li>\n<li>\n<h3>2023.02.22.-23\u00a0<a href=\"https:\/\/drive.google.com\/drive\/folders\/1CQs8nyWw8RN83jsuH1qjGgsOwKWQ3e_7?usp=share_link\">L\u00f5una-Korea telekanal k\u00fclastab Peetri kooli<\/a><\/h3>\n<\/li>\n<li>\n<h3>2023.02.23 <a href=\"https:\/\/drive.google.com\/drive\/folders\/1kxFyJ9kTFwLwofQelyufEc5oDvE_0zRT?usp=share_link\">EV aastap\u00e4eva t\u00e4histamine<\/a><\/h3>\n<\/li>\n<\/ul>\n<h2>M\u00e4rts<\/h2>\n<ul>\n<li>\n<h3>2023.03.13.-17 <a href=\"https:\/\/drive.google.com\/drive\/folders\/1wf2tJC1NeqhEezGJiW9SSH1kt9JU7X0F?usp=share_link\">Emakeelen\u00e4dal<\/a><\/h3>\n<\/li>\n<li>\n<h3>2023.03.17 <a href=\"https:\/\/drive.google.com\/drive\/folders\/1_9cT8QFQcQIQWnR_Uoz6RzNR77liLO-f?usp=sharing\">Filmi\u00f5htu<\/a><\/h3>\n<\/li>\n<li>\n<h3>2023.03.24 <a href=\"https:\/\/drive.google.com\/drive\/folders\/1tJ9T3OJN7s4200UZkGLXpvQM1h5cwucd?usp=share_link\">Lugemis\u00f5htu<\/a><\/h3>\n<\/li>\n<\/ul>\n<h2>Aprill<\/h2>\n<ul>\n<li>\n<h3>2023.04.10.-14 <a href=\"https:\/\/drive.google.com\/drive\/folders\/19XPvsEWraBvvgbiEdQLxMZknDi2DUeRJ?usp=share_link\">Tantsuvahetunnid<\/a><\/h3>\n<\/li>\n<li>\n<h3>2023.04.19 1.-2.kl <a href=\"https:\/\/drive.google.com\/drive\/folders\/1_rQuDmHdyPEzzJQFPgLz-Zv4OSTzASPY?usp=share_link\">Laulupidu<\/a><\/h3>\n<\/li>\n<\/ul>\n<h2>Mai<\/h2>\n<ul>\n<li>\n<h3>2023.05.08.-12 <a href=\"https:\/\/drive.google.com\/drive\/folders\/1VA_1BE5tcgJhuq6-cRXb3gTF9bbqklQV?usp=sharing\">Keelten\u00e4dal<\/a><\/h3>\n<\/li>\n<li>\n<h3>2023.05.11\u00a0<a href=\"https:\/\/drive.google.com\/file\/d\/16xdVW8BK5q6G9uPi0QTims2iTO6UXQ7D\/view?usp=sharing\">Koolikotivaba p\u00e4ev<\/a><\/h3>\n<\/li>\n<li>\n<h3>2023.05.25 <a href=\"https:\/\/drive.google.com\/drive\/folders\/1ubkmrTUK8i6LWABr4VE-LYogMY8QzAUj?usp=sharing\">9.kl L\u00f5puball<\/a><\/h3>\n<\/li>\n<li>\n<h3>2023.05.26 <a href=\"https:\/\/drive.google.com\/drive\/folders\/1rohKNkB-8KclECZ95JK7nrk33Vg3I1Mz?usp=sharing\">R\u00f5\u00f5mumeeter<\/a><\/h3>\n<\/li>\n<li>\n<h3>2023.05.29\u00a0<a href=\"https:\/\/drive.google.com\/drive\/folders\/1tE_Hgtz2cNmmA5eqH3XOZFdCffCPlKnS?usp=sharing\">L\u00f5pukell<\/a><\/h3>\n<\/li>\n<\/ul>\n<h2>Juuni<\/h2>\n<ul>\n<li>\n<h3>2023.06.02 <a href=\"https:\/\/drive.google.com\/drive\/folders\/1u_rEIAbu5iR_TR1dH8sxGB9qB-LlUboM?usp=sharing\">Perepiknik<\/a><\/h3>\n<\/li>\n<li>\n<h3>2023.06.06 <a href=\"https:\/\/drive.google.com\/drive\/folders\/1YHBuhGfXtyYAKXTBwEy48wyP44jbyVZX?usp=sharing\">4.kl Ball<\/a><\/h3>\n<\/li>\n<li>\n<h3>2023.06.10 <a href=\"https:\/\/drive.google.com\/drive\/folders\/1lY3VHu8HM7S33qE0ZEn43ho4oN5RPv3n?usp=sharing\">1.-8.kl L\u00f5puaktus<\/a><\/h3>\n<\/li>\n<li>\n<h3>2023.06.22 <a href=\"https:\/\/drive.google.com\/drive\/folders\/1OMUyjX0raEjRoC_tjabkO1WVVvShQBYh?usp=sharing\">9.kl L\u00f5puaktused<\/a><\/h3>\n<\/li>\n<\/ul>\n","protected":false},"excerpt":{"rendered":"<p>September 2022.09.01 1.septembri aktused 2022.09.22\u00a0Maailmakoristusp\u00e4ev 2022.09.23-30\u00a0Liikumisn\u00e4dal 2022.09.30 S\u00fcgislaat Oktoober 2022.10.03\u00a0Muusikap\u00e4ev 2022.10.14 Muusika- ja r\u00e4ndeteemaline t\u00f6\u00f6tuba 2022.10.19\u00a0Kella 7 orienteerumine 2022.10.20 Brassical&#8230;<\/p>\n","protected":false},"author":1,"featured_media":0,"parent":0,"menu_order":0,"comment_status":"closed","ping_status":"closed","template":"","meta":{"_acf_changed":false,"footnotes":""},"class_list":["post-6483","page","type-page","status-publish","hentry"],"yoast_head":"<!-- This site is optimized with the Yoast SEO plugin v27.2 - https:\/\/yoast.com\/product\/yoast-seo-wordpress\/ -->\n<title>Pildid 2022\/2023 - Peetri P\u00f5hikool<\/title>\n<meta name=\"robots\" content=\"index, follow, max-snippet:-1, max-image-preview:large, max-video-preview:-1\" \/>\n<link rel=\"canonical\" href=\"https:\/\/www.peetri.edu.ee\/pohikool\/pildid-20222023\/\" \/>\n<meta property=\"og:locale\" content=\"et_EE\" \/>\n<meta property=\"og:type\" content=\"article\" \/>\n<meta property=\"og:title\" content=\"Pildid 2022\/2023 - Peetri P\u00f5hikool\" \/>\n<meta property=\"og:description\" content=\"September 2022.09.01 1.septembri aktused 2022.09.22\u00a0Maailmakoristusp\u00e4ev 2022.09.23-30\u00a0Liikumisn\u00e4dal 2022.09.30 S\u00fcgislaat Oktoober 2022.10.03\u00a0Muusikap\u00e4ev 2022.10.14 Muusika- ja r\u00e4ndeteemaline t\u00f6\u00f6tuba 2022.10.19\u00a0Kella 7 orienteerumine 2022.10.20 Brassical...\" \/>\n<meta property=\"og:url\" content=\"https:\/\/www.peetri.edu.ee\/pohikool\/pildid-20222023\/\" \/>\n<meta property=\"og:site_name\" content=\"Peetri P\u00f5hikool\" \/>\n<meta property=\"article:modified_time\" content=\"2024-08-29T06:55:58+00:00\" \/>\n<meta name=\"twitter:card\" content=\"summary_large_image\" \/>\n<meta name=\"twitter:label1\" content=\"Est. reading time\" \/>\n\t<meta name=\"twitter:data1\" content=\"1 minut\" \/>\n<script type=\"application\/ld+json\" class=\"yoast-schema-graph\">{\"@context\":\"https:\/\/schema.org\",\"@graph\":[{\"@type\":\"WebPage\",\"@id\":\"https:\/\/www.peetri.edu.ee\/pohikool\/pildid-20222023\/\",\"url\":\"https:\/\/www.peetri.edu.ee\/pohikool\/pildid-20222023\/\",\"name\":\"Pildid 2022\/2023 - Peetri P\u00f5hikool\",\"isPartOf\":{\"@id\":\"https:\/\/www.peetri.edu.ee\/pohikool\/#website\"},\"datePublished\":\"2022-09-09T11:46:38+00:00\",\"dateModified\":\"2024-08-29T06:55:58+00:00\",\"breadcrumb\":{\"@id\":\"https:\/\/www.peetri.edu.ee\/pohikool\/pildid-20222023\/#breadcrumb\"},\"inLanguage\":\"et\",\"potentialAction\":[{\"@type\":\"ReadAction\",\"target\":[\"https:\/\/www.peetri.edu.ee\/pohikool\/pildid-20222023\/\"]}]},{\"@type\":\"BreadcrumbList\",\"@id\":\"https:\/\/www.peetri.edu.ee\/pohikool\/pildid-20222023\/#breadcrumb\",\"itemListElement\":[{\"@type\":\"ListItem\",\"position\":1,\"name\":\"Home\",\"item\":\"https:\/\/www.peetri.edu.ee\/pohikool\/\"},{\"@type\":\"ListItem\",\"position\":2,\"name\":\"Pildid 2022\/2023\"}]},{\"@type\":\"WebSite\",\"@id\":\"https:\/\/www.peetri.edu.ee\/pohikool\/#website\",\"url\":\"https:\/\/www.peetri.edu.ee\/pohikool\/\",\"name\":\"Peetri P\u00f5hikool\",\"description\":\"Igas inimeses on p\u00e4ike, laskem tal s\u00e4rada\",\"potentialAction\":[{\"@type\":\"SearchAction\",\"target\":{\"@type\":\"EntryPoint\",\"urlTemplate\":\"https:\/\/www.peetri.edu.ee\/pohikool\/?s={search_term_string}\"},\"query-input\":{\"@type\":\"PropertyValueSpecification\",\"valueRequired\":true,\"valueName\":\"search_term_string\"}}],\"inLanguage\":\"et\"}]}<\/script>\n<!-- \/ Yoast SEO plugin. -->","yoast_head_json":{"title":"Pildid 2022\/2023 - Peetri P\u00f5hikool","robots":{"index":"index","follow":"follow","max-snippet":"max-snippet:-1","max-image-preview":"max-image-preview:large","max-video-preview":"max-video-preview:-1"},"canonical":"https:\/\/www.peetri.edu.ee\/pohikool\/pildid-20222023\/","og_locale":"et_EE","og_type":"article","og_title":"Pildid 2022\/2023 - Peetri P\u00f5hikool","og_description":"September 2022.09.01 1.septembri aktused 2022.09.22\u00a0Maailmakoristusp\u00e4ev 2022.09.23-30\u00a0Liikumisn\u00e4dal 2022.09.30 S\u00fcgislaat Oktoober 2022.10.03\u00a0Muusikap\u00e4ev 2022.10.14 Muusika- ja r\u00e4ndeteemaline t\u00f6\u00f6tuba 2022.10.19\u00a0Kella 7 orienteerumine 2022.10.20 Brassical...","og_url":"https:\/\/www.peetri.edu.ee\/pohikool\/pildid-20222023\/","og_site_name":"Peetri P\u00f5hikool","article_modified_time":"2024-08-29T06:55:58+00:00","twitter_card":"summary_large_image","twitter_misc":{"Est. reading time":"1 minut"},"schema":{"@context":"https:\/\/schema.org","@graph":[{"@type":"WebPage","@id":"https:\/\/www.peetri.edu.ee\/pohikool\/pildid-20222023\/","url":"https:\/\/www.peetri.edu.ee\/pohikool\/pildid-20222023\/","name":"Pildid 2022\/2023 - Peetri P\u00f5hikool","isPartOf":{"@id":"https:\/\/www.peetri.edu.ee\/pohikool\/#website"},"datePublished":"2022-09-09T11:46:38+00:00","dateModified":"2024-08-29T06:55:58+00:00","breadcrumb":{"@id":"https:\/\/www.peetri.edu.ee\/pohikool\/pildid-20222023\/#breadcrumb"},"inLanguage":"et","potentialAction":[{"@type":"ReadAction","target":["https:\/\/www.peetri.edu.ee\/pohikool\/pildid-20222023\/"]}]},{"@type":"BreadcrumbList","@id":"https:\/\/www.peetri.edu.ee\/pohikool\/pildid-20222023\/#breadcrumb","itemListElement":[{"@type":"ListItem","position":1,"name":"Home","item":"https:\/\/www.peetri.edu.ee\/pohikool\/"},{"@type":"ListItem","position":2,"name":"Pildid 2022\/2023"}]},{"@type":"WebSite","@id":"https:\/\/www.peetri.edu.ee\/pohikool\/#website","url":"https:\/\/www.peetri.edu.ee\/pohikool\/","name":"Peetri P\u00f5hikool","description":"Igas inimeses on p\u00e4ike, laskem tal s\u00e4rada","potentialAction":[{"@type":"SearchAction","target":{"@type":"EntryPoint","urlTemplate":"https:\/\/www.peetri.edu.ee\/pohikool\/?s={search_term_string}"},"query-input":{"@type":"PropertyValueSpecification","valueRequired":true,"valueName":"search_term_string"}}],"inLanguage":"et"}]}},"acf":[],"_links":{"self":[{"href":"https:\/\/www.peetri.edu.ee\/pohikool\/wp-json\/wp\/v2\/pages\/6483","targetHints":{"allow":["GET"]}}],"collection":[{"href":"https:\/\/www.peetri.edu.ee\/pohikool\/wp-json\/wp\/v2\/pages"}],"about":[{"href":"https:\/\/www.peetri.edu.ee\/pohikool\/wp-json\/wp\/v2\/types\/page"}],"author":[{"embeddable":true,"href":"https:\/\/www.peetri.edu.ee\/pohikool\/wp-json\/wp\/v2\/users\/1"}],"replies":[{"embeddable":true,"href":"https:\/\/www.peetri.edu.ee\/pohikool\/wp-json\/wp\/v2\/comments?post=6483"}],"version-history":[{"count":5,"href":"https:\/\/www.peetri.edu.ee\/pohikool\/wp-json\/wp\/v2\/pages\/6483\/revisions"}],"predecessor-version":[{"id":7713,"href":"https:\/\/www.peetri.edu.ee\/pohikool\/wp-json\/wp\/v2\/pages\/6483\/revisions\/7713"}],"wp:attachment":[{"href":"https:\/\/www.peetri.edu.ee\/pohikool\/wp-json\/wp\/v2\/media?parent=6483"}],"curies":[{"name":"wp","href":"https:\/\/api.w.org\/{rel}","templated":true}]}}