{"id":6330,"date":"2022-05-10T10:41:22","date_gmt":"2022-05-10T07:41:22","guid":{"rendered":"https:\/\/www.peetri.edu.ee\/pohikool\/?page_id=6330"},"modified":"2022-05-10T10:51:12","modified_gmt":"2022-05-10T07:51:12","slug":"etwinningu-projekt-ruum-267-opetajatele","status":"publish","type":"page","link":"https:\/\/www.peetri.edu.ee\/pohikool\/meie-kool\/projektid\/etwinning\/anniversaires\/etwinningu-projekt-ruum-267-opetajatele\/","title":{"rendered":"\u201cRuum 267\u201d  \u00f5petajatele"},"content":{"rendered":"<p><span style=\"font-weight: 400;\">2021-2022\u00a0 \u00f5ppeaasta eTwinningu projekt <\/span><b>Room 267<\/b><span style=\"font-weight: 400;\">\u00a0 (<\/span><a href=\"https:\/\/twinspace.etwinning.net\/188534\"><span style=\"font-weight: 400;\">https:\/\/twinspace.etwinning.net\/188534<\/span><\/a><span style=\"font-weight: 400;\">) oli suunatud \u00f5petajatele, et harjutada inglise keelt ja saada teadmisi, kuidas eTwinningu portaalis projektit\u00f6\u00f6 toimib.\u00a0<\/span><\/p>\n<p><span style=\"font-weight: 400;\">Projekti kaudu \u00f5petajad t\u00e4iendasid oma inglise keele oskuseid ja kasutasid erinevaid IKT vahendeid.\u00a0\u00a0<\/span><\/p>\n<p><span style=\"font-weight: 400;\">Tegemist oli v\u00e4ga huvitava projektiga, kus \u00f5petajad said teada, kuidas eTwinningu portaalis\u00a0 projekte\u00a0 luua ning kuidas neid klassiruumis kasutada.<\/span><\/p>\n<p><span style=\"font-weight: 400;\">Projekti partneriteks olid Euroopa riikide koolid Hispaaniast, Horvaatiast\u00a0 ja Ukrainast. Kahjuks pidi viimane kool tema riigis puhkenud s\u00f5ja t\u00f5ttu projekti peatama.<\/span><\/p>\n<p>&nbsp;<\/p>\n<p><span style=\"font-weight: 400;\">M\u00f5ned projekti tegevused: <\/span><\/p>\n","protected":false},"excerpt":{"rendered":"<p>2021-2022\u00a0 \u00f5ppeaasta eTwinningu projekt Room 267\u00a0 (https:\/\/twinspace.etwinning.net\/188534) oli suunatud \u00f5petajatele, et harjutada inglise keelt ja saada teadmisi, kuidas eTwinningu portaalis&#8230;<\/p>\n","protected":false},"author":1,"featured_media":0,"parent":6339,"menu_order":0,"comment_status":"closed","ping_status":"closed","template":"","meta":{"_acf_changed":false,"footnotes":""},"class_list":["post-6330","page","type-page","status-publish","hentry"],"yoast_head":"<!-- This site is optimized with the Yoast SEO plugin v27.2 - https:\/\/yoast.com\/product\/yoast-seo-wordpress\/ -->\n<title>\u201cRuum 267\u201d \u00f5petajatele - Peetri P\u00f5hikool<\/title>\n<meta name=\"robots\" content=\"index, follow, max-snippet:-1, max-image-preview:large, max-video-preview:-1\" \/>\n<link rel=\"canonical\" href=\"https:\/\/www.peetri.edu.ee\/pohikool\/meie-kool\/projektid\/etwinning\/anniversaires\/etwinningu-projekt-ruum-267-opetajatele\/\" \/>\n<meta property=\"og:locale\" content=\"et_EE\" \/>\n<meta property=\"og:type\" content=\"article\" \/>\n<meta property=\"og:title\" content=\"\u201cRuum 267\u201d \u00f5petajatele - Peetri P\u00f5hikool\" \/>\n<meta property=\"og:description\" content=\"2021-2022\u00a0 \u00f5ppeaasta eTwinningu projekt Room 267\u00a0 (https:\/\/twinspace.etwinning.net\/188534) oli suunatud \u00f5petajatele, et harjutada inglise keelt ja saada teadmisi, kuidas eTwinningu portaalis...\" \/>\n<meta property=\"og:url\" content=\"https:\/\/www.peetri.edu.ee\/pohikool\/meie-kool\/projektid\/etwinning\/anniversaires\/etwinningu-projekt-ruum-267-opetajatele\/\" \/>\n<meta property=\"og:site_name\" content=\"Peetri P\u00f5hikool\" \/>\n<meta property=\"article:modified_time\" content=\"2022-05-10T07:51:12+00:00\" \/>\n<meta name=\"twitter:card\" content=\"summary_large_image\" \/>\n<script type=\"application\/ld+json\" class=\"yoast-schema-graph\">{\"@context\":\"https:\/\/schema.org\",\"@graph\":[{\"@type\":\"WebPage\",\"@id\":\"https:\/\/www.peetri.edu.ee\/pohikool\/meie-kool\/projektid\/etwinning\/anniversaires\/etwinningu-projekt-ruum-267-opetajatele\/\",\"url\":\"https:\/\/www.peetri.edu.ee\/pohikool\/meie-kool\/projektid\/etwinning\/anniversaires\/etwinningu-projekt-ruum-267-opetajatele\/\",\"name\":\"\u201cRuum 267\u201d \u00f5petajatele - Peetri P\u00f5hikool\",\"isPartOf\":{\"@id\":\"https:\/\/www.peetri.edu.ee\/pohikool\/#website\"},\"datePublished\":\"2022-05-10T07:41:22+00:00\",\"dateModified\":\"2022-05-10T07:51:12+00:00\",\"breadcrumb\":{\"@id\":\"https:\/\/www.peetri.edu.ee\/pohikool\/meie-kool\/projektid\/etwinning\/anniversaires\/etwinningu-projekt-ruum-267-opetajatele\/#breadcrumb\"},\"inLanguage\":\"et\",\"potentialAction\":[{\"@type\":\"ReadAction\",\"target\":[\"https:\/\/www.peetri.edu.ee\/pohikool\/meie-kool\/projektid\/etwinning\/anniversaires\/etwinningu-projekt-ruum-267-opetajatele\/\"]}]},{\"@type\":\"BreadcrumbList\",\"@id\":\"https:\/\/www.peetri.edu.ee\/pohikool\/meie-kool\/projektid\/etwinning\/anniversaires\/etwinningu-projekt-ruum-267-opetajatele\/#breadcrumb\",\"itemListElement\":[{\"@type\":\"ListItem\",\"position\":1,\"name\":\"Home\",\"item\":\"https:\/\/www.peetri.edu.ee\/pohikool\/\"},{\"@type\":\"ListItem\",\"position\":2,\"name\":\"Meie kool\",\"item\":\"https:\/\/www.peetri.edu.ee\/pohikool\/\"},{\"@type\":\"ListItem\",\"position\":3,\"name\":\"Projektid\",\"item\":\"https:\/\/www.peetri.edu.ee\/pohikool\/meie-kool\/projektid\/\"},{\"@type\":\"ListItem\",\"position\":4,\"name\":\"eTwinning\",\"item\":\"https:\/\/www.peetri.edu.ee\/pohikool\/meie-kool\/projektid\/etwinning\/\"},{\"@type\":\"ListItem\",\"position\":5,\"name\":\"2021\/2022\",\"item\":\"https:\/\/www.peetri.edu.ee\/pohikool\/meie-kool\/projektid\/etwinning\/anniversaires\/\"},{\"@type\":\"ListItem\",\"position\":6,\"name\":\"\u201cRuum 267\u201d \u00f5petajatele\"}]},{\"@type\":\"WebSite\",\"@id\":\"https:\/\/www.peetri.edu.ee\/pohikool\/#website\",\"url\":\"https:\/\/www.peetri.edu.ee\/pohikool\/\",\"name\":\"Peetri P\u00f5hikool\",\"description\":\"Igas inimeses on p\u00e4ike, laskem tal s\u00e4rada\",\"potentialAction\":[{\"@type\":\"SearchAction\",\"target\":{\"@type\":\"EntryPoint\",\"urlTemplate\":\"https:\/\/www.peetri.edu.ee\/pohikool\/?s={search_term_string}\"},\"query-input\":{\"@type\":\"PropertyValueSpecification\",\"valueRequired\":true,\"valueName\":\"search_term_string\"}}],\"inLanguage\":\"et\"}]}<\/script>\n<!-- \/ Yoast SEO plugin. -->","yoast_head_json":{"title":"\u201cRuum 267\u201d \u00f5petajatele - Peetri P\u00f5hikool","robots":{"index":"index","follow":"follow","max-snippet":"max-snippet:-1","max-image-preview":"max-image-preview:large","max-video-preview":"max-video-preview:-1"},"canonical":"https:\/\/www.peetri.edu.ee\/pohikool\/meie-kool\/projektid\/etwinning\/anniversaires\/etwinningu-projekt-ruum-267-opetajatele\/","og_locale":"et_EE","og_type":"article","og_title":"\u201cRuum 267\u201d \u00f5petajatele - Peetri P\u00f5hikool","og_description":"2021-2022\u00a0 \u00f5ppeaasta eTwinningu projekt Room 267\u00a0 (https:\/\/twinspace.etwinning.net\/188534) oli suunatud \u00f5petajatele, et harjutada inglise keelt ja saada teadmisi, kuidas eTwinningu portaalis...","og_url":"https:\/\/www.peetri.edu.ee\/pohikool\/meie-kool\/projektid\/etwinning\/anniversaires\/etwinningu-projekt-ruum-267-opetajatele\/","og_site_name":"Peetri P\u00f5hikool","article_modified_time":"2022-05-10T07:51:12+00:00","twitter_card":"summary_large_image","schema":{"@context":"https:\/\/schema.org","@graph":[{"@type":"WebPage","@id":"https:\/\/www.peetri.edu.ee\/pohikool\/meie-kool\/projektid\/etwinning\/anniversaires\/etwinningu-projekt-ruum-267-opetajatele\/","url":"https:\/\/www.peetri.edu.ee\/pohikool\/meie-kool\/projektid\/etwinning\/anniversaires\/etwinningu-projekt-ruum-267-opetajatele\/","name":"\u201cRuum 267\u201d \u00f5petajatele - Peetri P\u00f5hikool","isPartOf":{"@id":"https:\/\/www.peetri.edu.ee\/pohikool\/#website"},"datePublished":"2022-05-10T07:41:22+00:00","dateModified":"2022-05-10T07:51:12+00:00","breadcrumb":{"@id":"https:\/\/www.peetri.edu.ee\/pohikool\/meie-kool\/projektid\/etwinning\/anniversaires\/etwinningu-projekt-ruum-267-opetajatele\/#breadcrumb"},"inLanguage":"et","potentialAction":[{"@type":"ReadAction","target":["https:\/\/www.peetri.edu.ee\/pohikool\/meie-kool\/projektid\/etwinning\/anniversaires\/etwinningu-projekt-ruum-267-opetajatele\/"]}]},{"@type":"BreadcrumbList","@id":"https:\/\/www.peetri.edu.ee\/pohikool\/meie-kool\/projektid\/etwinning\/anniversaires\/etwinningu-projekt-ruum-267-opetajatele\/#breadcrumb","itemListElement":[{"@type":"ListItem","position":1,"name":"Home","item":"https:\/\/www.peetri.edu.ee\/pohikool\/"},{"@type":"ListItem","position":2,"name":"Meie kool","item":"https:\/\/www.peetri.edu.ee\/pohikool\/"},{"@type":"ListItem","position":3,"name":"Projektid","item":"https:\/\/www.peetri.edu.ee\/pohikool\/meie-kool\/projektid\/"},{"@type":"ListItem","position":4,"name":"eTwinning","item":"https:\/\/www.peetri.edu.ee\/pohikool\/meie-kool\/projektid\/etwinning\/"},{"@type":"ListItem","position":5,"name":"2021\/2022","item":"https:\/\/www.peetri.edu.ee\/pohikool\/meie-kool\/projektid\/etwinning\/anniversaires\/"},{"@type":"ListItem","position":6,"name":"\u201cRuum 267\u201d \u00f5petajatele"}]},{"@type":"WebSite","@id":"https:\/\/www.peetri.edu.ee\/pohikool\/#website","url":"https:\/\/www.peetri.edu.ee\/pohikool\/","name":"Peetri P\u00f5hikool","description":"Igas inimeses on p\u00e4ike, laskem tal s\u00e4rada","potentialAction":[{"@type":"SearchAction","target":{"@type":"EntryPoint","urlTemplate":"https:\/\/www.peetri.edu.ee\/pohikool\/?s={search_term_string}"},"query-input":{"@type":"PropertyValueSpecification","valueRequired":true,"valueName":"search_term_string"}}],"inLanguage":"et"}]}},"acf":[],"_links":{"self":[{"href":"https:\/\/www.peetri.edu.ee\/pohikool\/wp-json\/wp\/v2\/pages\/6330","targetHints":{"allow":["GET"]}}],"collection":[{"href":"https:\/\/www.peetri.edu.ee\/pohikool\/wp-json\/wp\/v2\/pages"}],"about":[{"href":"https:\/\/www.peetri.edu.ee\/pohikool\/wp-json\/wp\/v2\/types\/page"}],"author":[{"embeddable":true,"href":"https:\/\/www.peetri.edu.ee\/pohikool\/wp-json\/wp\/v2\/users\/1"}],"replies":[{"embeddable":true,"href":"https:\/\/www.peetri.edu.ee\/pohikool\/wp-json\/wp\/v2\/comments?post=6330"}],"version-history":[{"count":5,"href":"https:\/\/www.peetri.edu.ee\/pohikool\/wp-json\/wp\/v2\/pages\/6330\/revisions"}],"predecessor-version":[{"id":6344,"href":"https:\/\/www.peetri.edu.ee\/pohikool\/wp-json\/wp\/v2\/pages\/6330\/revisions\/6344"}],"up":[{"embeddable":true,"href":"https:\/\/www.peetri.edu.ee\/pohikool\/wp-json\/wp\/v2\/pages\/6339"}],"wp:attachment":[{"href":"https:\/\/www.peetri.edu.ee\/pohikool\/wp-json\/wp\/v2\/media?parent=6330"}],"curies":[{"name":"wp","href":"https:\/\/api.w.org\/{rel}","templated":true}]}}