{"id":5993,"date":"2022-01-21T09:34:41","date_gmt":"2022-01-21T07:34:41","guid":{"rendered":"https:\/\/www.peetri.edu.ee\/pohikool\/?page_id=5993"},"modified":"2022-12-22T11:18:27","modified_gmt":"2022-12-22T09:18:27","slug":"teaching-21st-century-school","status":"publish","type":"page","link":"https:\/\/www.peetri.edu.ee\/pohikool\/erasmus-opiranded\/2019-2021-projekt\/teaching-21st-century-school\/","title":{"rendered":"Teaching in a 21st Century School"},"content":{"rendered":"<p><span data-contrast=\"auto\"><img loading=\"lazy\" decoding=\"async\" class=\"size-medium wp-image-6751 alignleft\" src=\"https:\/\/www.peetri.edu.ee\/pohikool\/wp-content\/uploads\/sites\/3\/2022\/12\/logo_erasmus-300x83.png\" alt=\"\" width=\"300\" height=\"83\" \/>17.-22.veebruar 2020 viibisid \u00f5ppejuht Marelle Lepik ja \u00f5petaja Ketter Leemet Madeiral koolitusel \u201c Teaching in a 21<\/span><span data-contrast=\"auto\">st<\/span><span data-contrast=\"auto\"> Century School\u201d. Koolituse eesm\u00e4rkideks oli tutvustada tegevusi, mis aitaks \u00f5pilastele 21.sajandil h\u00e4sti hakkama saada. Olulisel kohal olid nii erinevad tehnoloogilised vahendid kui ka\u00a0 \u00f5ppeainete l\u00f5iminguprojektid.<\/span><span data-ccp-props=\"{&quot;201341983&quot;:0,&quot;335559739&quot;:160,&quot;335559740&quot;:259}\">\u00a0<\/span><\/p>\n<p><span data-contrast=\"auto\">Koolitusel osales 32 \u00f5petajat, nii Tsehhist, Eestist, L\u00e4tist, Leedust, Saksamaalt, Poolast, Norrast, Rumeeniast,Slovakkiast ja T\u00fcrgist.<\/span><span data-ccp-props=\"{&quot;201341983&quot;:0,&quot;335559739&quot;:160,&quot;335559740&quot;:259}\">\u00a0<\/span><\/p>\n<p><span data-contrast=\"auto\">Esimesel koolitusp\u00e4eval saime omavahel tuttavaks vahva m\u00e4ngu kaudu. Pidime end tutvustama l\u00e4bi meie jaoks olulise eseme. P\u00e4ev l\u00f5ppes aga rahvustoitude tutvustamisega. Meie must leib ja v\u00fcrtsikilu maitsesid k\u00f5igile.<\/span><\/p>\n<p><span data-contrast=\"auto\">2.p\u00e4eval tutvuti mitmete eTwinningu projektidega. Saadi teada, kuidas nendega liituda ning mida teha selleks, et ise m\u00f5nda projekti alustada ja omale partnereid leida. Samuti sai katsetada erinevaid \u00e4ppe, mis \u00f5ppimise\/\u00f5petamise p\u00f5nevamaks muudavad.<\/span><span data-ccp-props=\"{&quot;201341983&quot;:0,&quot;335559739&quot;:160,&quot;335559740&quot;:259}\">\u00a0<\/span><\/p>\n<p><span data-contrast=\"auto\">3.p\u00e4eval osaleti konverentsil\u201d Supporting innov@tion in STEM Edu@cation\u201d ning kuulati erinevaid n\u00e4iteidPortugali koolidest, kus on edukalt \u00fchendatud loodus\u00f5petuse, matemaatika ja tehnoloogia \u00f5petamine.<\/span><span data-ccp-props=\"{&quot;201341983&quot;:0,&quot;335559739&quot;:160,&quot;335559740&quot;:259}\">\u00a0<\/span><\/p>\n<p><span data-contrast=\"auto\">4.p\u00e4eval oli ette n\u00e4htud \u00fche Madeira kooli k\u00fclastus.\u00a0 See oli v\u00e4ga vahva kogemus, sest nii koolimaja ise kui ka suhtumine \u00f5ppimisse ja \u00f5petamisse erineb meie omast ikka \u00fcsna palju. Tundides oli 2 \u00f5petajat, kuid sellegipoolest oli klassis liialt l\u00e4rmi ja \u00f5ppimine meenutas nii m\u00f5nelgi hetkel kaost. Koolimajad olid \u00fcsna s\u00fcnged, pikkade kitsaste koridoridega.\u00a0<\/span><\/p>\n<p><span data-contrast=\"auto\">5.p\u00e4eva saadeti m\u00f6\u00f6da taas \u00fches Madeira koolis, kus toimusid praktilised t\u00f6\u00f6toad Lego robotite ehitamiseks ning micro:bit\u00b4idega t\u00f6\u00f6tamiseks.\u00a0 Sai n\u00e4ha kunsti ja tehnoloogia l\u00f5imingu k\u00e4igus valminud \u00f5pilaste t\u00f6id. Nii m\u00f5nigi neist oli t\u00f5eline meistriteos.<\/span><span data-ccp-props=\"{&quot;201341983&quot;:0,&quot;335551550&quot;:1,&quot;335551620&quot;:1,&quot;335559739&quot;:160,&quot;335559740&quot;:259}\">\u00a0<\/span><\/p>\n<p><span data-ccp-props=\"{&quot;201341983&quot;:0,&quot;335559739&quot;:160,&quot;335559740&quot;:259}\">\u00a0<\/span><span data-contrast=\"auto\">Lisaks erinevatele koolitustele tutvuti Madeira saare rikkalikku kultuuriga ning t\u00f5eliselt kauni loodusega.<\/span><span data-ccp-props=\"{&quot;201341983&quot;:0,&quot;335559739&quot;:160,&quot;335559740&quot;:259}\">\u00a0<\/span><\/p>\n<p>&nbsp;<\/p>\n","protected":false},"excerpt":{"rendered":"<p>17.-22.veebruar 2020 viibisid \u00f5ppejuht Marelle Lepik ja \u00f5petaja Ketter Leemet Madeiral koolitusel \u201c Teaching in a 21st Century School\u201d. Koolituse&#8230;<\/p>\n","protected":false},"author":1,"featured_media":0,"parent":3343,"menu_order":0,"comment_status":"closed","ping_status":"closed","template":"","meta":{"_acf_changed":false,"footnotes":""},"class_list":["post-5993","page","type-page","status-publish","hentry"],"yoast_head":"<!-- This site is optimized with the Yoast SEO plugin v27.2 - https:\/\/yoast.com\/product\/yoast-seo-wordpress\/ -->\n<title>Teaching in a 21st Century School - Peetri P\u00f5hikool<\/title>\n<meta name=\"robots\" content=\"index, follow, max-snippet:-1, max-image-preview:large, max-video-preview:-1\" \/>\n<link rel=\"canonical\" href=\"https:\/\/www.peetri.edu.ee\/pohikool\/erasmus-opiranded\/2019-2021-projekt\/teaching-21st-century-school\/\" \/>\n<meta property=\"og:locale\" content=\"et_EE\" \/>\n<meta property=\"og:type\" content=\"article\" \/>\n<meta property=\"og:title\" content=\"Teaching in a 21st Century School - Peetri P\u00f5hikool\" \/>\n<meta property=\"og:description\" content=\"17.-22.veebruar 2020 viibisid \u00f5ppejuht Marelle Lepik ja \u00f5petaja Ketter Leemet Madeiral koolitusel \u201c Teaching in a 21st Century School\u201d. Koolituse...\" \/>\n<meta property=\"og:url\" content=\"https:\/\/www.peetri.edu.ee\/pohikool\/erasmus-opiranded\/2019-2021-projekt\/teaching-21st-century-school\/\" \/>\n<meta property=\"og:site_name\" content=\"Peetri P\u00f5hikool\" \/>\n<meta property=\"article:modified_time\" content=\"2022-12-22T09:18:27+00:00\" \/>\n<meta property=\"og:image\" content=\"https:\/\/www.peetri.edu.ee\/pohikool\/wp-content\/uploads\/sites\/3\/2022\/12\/logo_erasmus-300x83.png\" \/>\n<meta name=\"twitter:card\" content=\"summary_large_image\" \/>\n<meta name=\"twitter:label1\" content=\"Est. reading time\" \/>\n\t<meta name=\"twitter:data1\" content=\"1 minut\" \/>\n<script type=\"application\/ld+json\" class=\"yoast-schema-graph\">{\"@context\":\"https:\/\/schema.org\",\"@graph\":[{\"@type\":\"WebPage\",\"@id\":\"https:\/\/www.peetri.edu.ee\/pohikool\/erasmus-opiranded\/2019-2021-projekt\/teaching-21st-century-school\/\",\"url\":\"https:\/\/www.peetri.edu.ee\/pohikool\/erasmus-opiranded\/2019-2021-projekt\/teaching-21st-century-school\/\",\"name\":\"Teaching in a 21st Century School - Peetri P\u00f5hikool\",\"isPartOf\":{\"@id\":\"https:\/\/www.peetri.edu.ee\/pohikool\/#website\"},\"primaryImageOfPage\":{\"@id\":\"https:\/\/www.peetri.edu.ee\/pohikool\/erasmus-opiranded\/2019-2021-projekt\/teaching-21st-century-school\/#primaryimage\"},\"image\":{\"@id\":\"https:\/\/www.peetri.edu.ee\/pohikool\/erasmus-opiranded\/2019-2021-projekt\/teaching-21st-century-school\/#primaryimage\"},\"thumbnailUrl\":\"https:\/\/www.peetri.edu.ee\/pohikool\/wp-content\/uploads\/sites\/3\/2022\/12\/logo_erasmus-300x83.png\",\"datePublished\":\"2022-01-21T07:34:41+00:00\",\"dateModified\":\"2022-12-22T09:18:27+00:00\",\"breadcrumb\":{\"@id\":\"https:\/\/www.peetri.edu.ee\/pohikool\/erasmus-opiranded\/2019-2021-projekt\/teaching-21st-century-school\/#breadcrumb\"},\"inLanguage\":\"et\",\"potentialAction\":[{\"@type\":\"ReadAction\",\"target\":[\"https:\/\/www.peetri.edu.ee\/pohikool\/erasmus-opiranded\/2019-2021-projekt\/teaching-21st-century-school\/\"]}]},{\"@type\":\"ImageObject\",\"inLanguage\":\"et\",\"@id\":\"https:\/\/www.peetri.edu.ee\/pohikool\/erasmus-opiranded\/2019-2021-projekt\/teaching-21st-century-school\/#primaryimage\",\"url\":\"https:\/\/www.peetri.edu.ee\/pohikool\/wp-content\/uploads\/sites\/3\/2022\/12\/logo_erasmus.png\",\"contentUrl\":\"https:\/\/www.peetri.edu.ee\/pohikool\/wp-content\/uploads\/sites\/3\/2022\/12\/logo_erasmus.png\",\"width\":480,\"height\":132},{\"@type\":\"BreadcrumbList\",\"@id\":\"https:\/\/www.peetri.edu.ee\/pohikool\/erasmus-opiranded\/2019-2021-projekt\/teaching-21st-century-school\/#breadcrumb\",\"itemListElement\":[{\"@type\":\"ListItem\",\"position\":1,\"name\":\"Home\",\"item\":\"https:\/\/www.peetri.edu.ee\/pohikool\/\"},{\"@type\":\"ListItem\",\"position\":2,\"name\":\"Erasmus+ \u00f5pir\u00e4nded ja koost\u00f6\u00f6projektid\",\"item\":\"https:\/\/www.peetri.edu.ee\/pohikool\/erasmus-opiranded\/\"},{\"@type\":\"ListItem\",\"position\":3,\"name\":\"2019-2022 projekt\",\"item\":\"https:\/\/www.peetri.edu.ee\/pohikool\/erasmus-opiranded\/2019-2021-projekt\/\"},{\"@type\":\"ListItem\",\"position\":4,\"name\":\"Teaching in a 21st Century School\"}]},{\"@type\":\"WebSite\",\"@id\":\"https:\/\/www.peetri.edu.ee\/pohikool\/#website\",\"url\":\"https:\/\/www.peetri.edu.ee\/pohikool\/\",\"name\":\"Peetri P\u00f5hikool\",\"description\":\"Igas inimeses on p\u00e4ike, laskem tal s\u00e4rada\",\"potentialAction\":[{\"@type\":\"SearchAction\",\"target\":{\"@type\":\"EntryPoint\",\"urlTemplate\":\"https:\/\/www.peetri.edu.ee\/pohikool\/?s={search_term_string}\"},\"query-input\":{\"@type\":\"PropertyValueSpecification\",\"valueRequired\":true,\"valueName\":\"search_term_string\"}}],\"inLanguage\":\"et\"}]}<\/script>\n<!-- \/ Yoast SEO plugin. -->","yoast_head_json":{"title":"Teaching in a 21st Century School - Peetri P\u00f5hikool","robots":{"index":"index","follow":"follow","max-snippet":"max-snippet:-1","max-image-preview":"max-image-preview:large","max-video-preview":"max-video-preview:-1"},"canonical":"https:\/\/www.peetri.edu.ee\/pohikool\/erasmus-opiranded\/2019-2021-projekt\/teaching-21st-century-school\/","og_locale":"et_EE","og_type":"article","og_title":"Teaching in a 21st Century School - Peetri P\u00f5hikool","og_description":"17.-22.veebruar 2020 viibisid \u00f5ppejuht Marelle Lepik ja \u00f5petaja Ketter Leemet Madeiral koolitusel \u201c Teaching in a 21st Century School\u201d. Koolituse...","og_url":"https:\/\/www.peetri.edu.ee\/pohikool\/erasmus-opiranded\/2019-2021-projekt\/teaching-21st-century-school\/","og_site_name":"Peetri P\u00f5hikool","article_modified_time":"2022-12-22T09:18:27+00:00","og_image":[{"url":"https:\/\/www.peetri.edu.ee\/pohikool\/wp-content\/uploads\/sites\/3\/2022\/12\/logo_erasmus-300x83.png","type":"","width":"","height":""}],"twitter_card":"summary_large_image","twitter_misc":{"Est. reading time":"1 minut"},"schema":{"@context":"https:\/\/schema.org","@graph":[{"@type":"WebPage","@id":"https:\/\/www.peetri.edu.ee\/pohikool\/erasmus-opiranded\/2019-2021-projekt\/teaching-21st-century-school\/","url":"https:\/\/www.peetri.edu.ee\/pohikool\/erasmus-opiranded\/2019-2021-projekt\/teaching-21st-century-school\/","name":"Teaching in a 21st Century School - Peetri P\u00f5hikool","isPartOf":{"@id":"https:\/\/www.peetri.edu.ee\/pohikool\/#website"},"primaryImageOfPage":{"@id":"https:\/\/www.peetri.edu.ee\/pohikool\/erasmus-opiranded\/2019-2021-projekt\/teaching-21st-century-school\/#primaryimage"},"image":{"@id":"https:\/\/www.peetri.edu.ee\/pohikool\/erasmus-opiranded\/2019-2021-projekt\/teaching-21st-century-school\/#primaryimage"},"thumbnailUrl":"https:\/\/www.peetri.edu.ee\/pohikool\/wp-content\/uploads\/sites\/3\/2022\/12\/logo_erasmus-300x83.png","datePublished":"2022-01-21T07:34:41+00:00","dateModified":"2022-12-22T09:18:27+00:00","breadcrumb":{"@id":"https:\/\/www.peetri.edu.ee\/pohikool\/erasmus-opiranded\/2019-2021-projekt\/teaching-21st-century-school\/#breadcrumb"},"inLanguage":"et","potentialAction":[{"@type":"ReadAction","target":["https:\/\/www.peetri.edu.ee\/pohikool\/erasmus-opiranded\/2019-2021-projekt\/teaching-21st-century-school\/"]}]},{"@type":"ImageObject","inLanguage":"et","@id":"https:\/\/www.peetri.edu.ee\/pohikool\/erasmus-opiranded\/2019-2021-projekt\/teaching-21st-century-school\/#primaryimage","url":"https:\/\/www.peetri.edu.ee\/pohikool\/wp-content\/uploads\/sites\/3\/2022\/12\/logo_erasmus.png","contentUrl":"https:\/\/www.peetri.edu.ee\/pohikool\/wp-content\/uploads\/sites\/3\/2022\/12\/logo_erasmus.png","width":480,"height":132},{"@type":"BreadcrumbList","@id":"https:\/\/www.peetri.edu.ee\/pohikool\/erasmus-opiranded\/2019-2021-projekt\/teaching-21st-century-school\/#breadcrumb","itemListElement":[{"@type":"ListItem","position":1,"name":"Home","item":"https:\/\/www.peetri.edu.ee\/pohikool\/"},{"@type":"ListItem","position":2,"name":"Erasmus+ \u00f5pir\u00e4nded ja koost\u00f6\u00f6projektid","item":"https:\/\/www.peetri.edu.ee\/pohikool\/erasmus-opiranded\/"},{"@type":"ListItem","position":3,"name":"2019-2022 projekt","item":"https:\/\/www.peetri.edu.ee\/pohikool\/erasmus-opiranded\/2019-2021-projekt\/"},{"@type":"ListItem","position":4,"name":"Teaching in a 21st Century School"}]},{"@type":"WebSite","@id":"https:\/\/www.peetri.edu.ee\/pohikool\/#website","url":"https:\/\/www.peetri.edu.ee\/pohikool\/","name":"Peetri P\u00f5hikool","description":"Igas inimeses on p\u00e4ike, laskem tal s\u00e4rada","potentialAction":[{"@type":"SearchAction","target":{"@type":"EntryPoint","urlTemplate":"https:\/\/www.peetri.edu.ee\/pohikool\/?s={search_term_string}"},"query-input":{"@type":"PropertyValueSpecification","valueRequired":true,"valueName":"search_term_string"}}],"inLanguage":"et"}]}},"acf":[],"_links":{"self":[{"href":"https:\/\/www.peetri.edu.ee\/pohikool\/wp-json\/wp\/v2\/pages\/5993","targetHints":{"allow":["GET"]}}],"collection":[{"href":"https:\/\/www.peetri.edu.ee\/pohikool\/wp-json\/wp\/v2\/pages"}],"about":[{"href":"https:\/\/www.peetri.edu.ee\/pohikool\/wp-json\/wp\/v2\/types\/page"}],"author":[{"embeddable":true,"href":"https:\/\/www.peetri.edu.ee\/pohikool\/wp-json\/wp\/v2\/users\/1"}],"replies":[{"embeddable":true,"href":"https:\/\/www.peetri.edu.ee\/pohikool\/wp-json\/wp\/v2\/comments?post=5993"}],"version-history":[{"count":4,"href":"https:\/\/www.peetri.edu.ee\/pohikool\/wp-json\/wp\/v2\/pages\/5993\/revisions"}],"predecessor-version":[{"id":6773,"href":"https:\/\/www.peetri.edu.ee\/pohikool\/wp-json\/wp\/v2\/pages\/5993\/revisions\/6773"}],"up":[{"embeddable":true,"href":"https:\/\/www.peetri.edu.ee\/pohikool\/wp-json\/wp\/v2\/pages\/3343"}],"wp:attachment":[{"href":"https:\/\/www.peetri.edu.ee\/pohikool\/wp-json\/wp\/v2\/media?parent=5993"}],"curies":[{"name":"wp","href":"https:\/\/api.w.org\/{rel}","templated":true}]}}