{"id":5803,"date":"2021-11-05T08:45:38","date_gmt":"2021-11-05T06:45:38","guid":{"rendered":"https:\/\/www.peetri.edu.ee\/pohikool\/?page_id=5803"},"modified":"2023-01-20T13:59:08","modified_gmt":"2023-01-20T11:59:08","slug":"virtual-and-augmented","status":"publish","type":"page","link":"https:\/\/www.peetri.edu.ee\/pohikool\/erasmus-opiranded\/2019-2021-projekt\/virtual-and-augmented\/","title":{"rendered":"Virtual and Augmented Reality in Education"},"content":{"rendered":"<p><img loading=\"lazy\" decoding=\"async\" class=\"alignleft size-medium wp-image-6751\" src=\"https:\/\/www.peetri.edu.ee\/pohikool\/wp-content\/uploads\/sites\/3\/2022\/12\/logo_erasmus-300x83.png\" alt=\"\" width=\"300\" height=\"83\" \/><\/p>\n<p><span style=\"font-weight: 400;\">Koolitus ,,Virtual and Augmented Reality in Education &#8221;\u00a0 toimus Portugalis Alcanedes 04.10.2021 &#8211; 8.10.2021.\u00a0 Koolitusel osalesid \u00f5petajad Eestist, L\u00e4tist, Sloveeniast ja Horvaatiast.\u00a0<\/span><\/p>\n<p>&nbsp;<\/p>\n<p><span style=\"font-weight: 400;\">Koolitus kestis viis p\u00e4eva ning selle aja v\u00e4ltel tutvustati osalejatele uusi \u00f5petamise strateegiaid ja uut tehnoloogiat, et \u00f5ppimist parendada.\u00a0\u00a0<\/span><\/p>\n<p>&nbsp;<\/p>\n<p><span style=\"font-weight: 400;\">Virtuaalreaalsus ja liitreaalsus on kaks n\u00e4idet, mis v\u00f5ivad \u00f5pilaste \u00f5ppeprotsesse kiirendada ja aidata \u00f5petajal luua uuenduslikke hariduskeskkondi.Kursuse eesm\u00e4rk oli anda \u00f5petajatele teadmisi nende tehnoloogiatega t\u00f6\u00f6tamiseks ja n\u00e4idata, kuidas neid integreerida pedagoogilisse konteksti. Kursusel osalejad \u00f5ppisid uusi l\u00e4henemisviise\/metoodikaid, mida klassiruumis rakendada. Nad said teda,\u00a0 kuidas uusi\u00a0 tehnoloogiaid saab kasutada erinevate ainete uurimiseks ja \u00f5pilaste \u00f5ppimise strateegiate t\u00e4iustamiseks.<\/span><\/p>\n<p><span style=\"font-weight: 400;\">Tutvustati tegevusi, kuidas arendada \u00f5pilastes loovust, koost\u00f6\u00f6d ja uudishimu integreerides AR ja VR hariduslikku konteksti.<\/span><\/p>\n<p><span style=\"font-weight: 400;\">Koolitus oli v\u00e4ga tegevusterohke ning osalejad said aktiivselt k\u00f5ikides \u00fclesannetes kaasa l\u00fc\u00fca.<\/span><\/p>\n<p><span style=\"font-weight: 400;\">Koolituse veebileht\u00a0 &#8211; <\/span><a href=\"https:\/\/sites.google.com\/view\/meiotraining\/home\"><span style=\"font-weight: 400;\">https:\/\/sites.google.com\/view\/meiotraining\/home<\/span><\/a><\/p>\n<p>&nbsp;<\/p>\n<p><span style=\"font-weight: 400;\">Olulisemad keskkonnad, mida kasutati:<\/span><\/p>\n<p><b>Google My Maps<\/b> <a href=\"https:\/\/support.google.com\/mymaps\/answer\/3024454?hl=en&amp;amp%3Bref_topic=3188329\"><span style=\"font-weight: 400;\">support.google.com\/mymaps\/answer\/3024454?hl=en&amp;amp%3Bref_topic=3188329<\/span><\/a><span style=\"font-weight: 400;\"> &#8211; asukoha kohta kaartide tegemiseks<\/span><\/p>\n<p><b>Google Cardboard<\/b><b> &#8211; <\/b><a href=\"https:\/\/arvr.google.com\/cardboard\/\"><span style=\"font-weight: 400;\">arvr.google.com\/cardboard\/<\/span><\/a><span style=\"font-weight: 400;\"> &#8211;\u00a0 3D piltide vaatamiseks<\/span><b>\u00a0<\/b><\/p>\n<p><span style=\"font-weight: 400;\">\u00a0<\/span><b><i>istreetview &#8211;<\/i><\/b> <a href=\"https:\/\/istreetview.com\/rjkYs65cTYQEGUNiWJiRgQ\"><span style=\"font-weight: 400;\">https:\/\/istreetview.com\/rjkYs65cTYQEGUNiWJiRgQ<\/span><\/a><b><i>\u00a0 &#8211; <\/i><\/b><span style=\"font-weight: 400;\">360 piltide allalaadimiseks veebist\u00a0<\/span><\/p>\n<p><b>Google <\/b><b>Street View Download 360 for Windows<\/b><span style=\"font-weight: 400;\">\u00a0 &#8211;\u00a0 <\/span><a href=\"https:\/\/svd360.istreetview.com\/\"><span style=\"font-weight: 400;\">svd360.istreetview.com\/<\/span><\/a><span style=\"font-weight: 400;\"> &#8211; <\/span><span style=\"font-weight: 400;\">t\u00e4nava vaatest panoraam kaarti allalaadimine\u00a0<\/span><\/p>\n<p><b>Street View<\/b><span style=\"font-weight: 400;\"> &#8211;\u00a0 <\/span><a href=\"https:\/\/www.google.com\/streetview\/contribute\/#contribute-steps\"><span style=\"font-weight: 400;\">https:\/\/www.google.com\/streetview\/contribute\/#contribute-steps<\/span><\/a><span style=\"font-weight: 400;\">\u00a0<\/span><\/p>\n<p><b>Merge Cube <\/b><span style=\"font-weight: 400;\">&#8211; <\/span><a href=\"https:\/\/mergeedu.com\/cube\"><span style=\"font-weight: 400;\">https:\/\/mergeedu.com\/cube<\/span><\/a><span style=\"font-weight: 400;\"> &#8211; kasutada liitreaalsuse vaatamiseks<\/span><\/p>\n<p><b>CoSpace <\/b><span style=\"font-weight: 400;\">&#8211; <\/span><a href=\"https:\/\/cospaces.io\/edu\/\"><span style=\"font-weight: 400;\">https:\/\/cospaces.io\/edu\/<\/span><\/a><span style=\"font-weight: 400;\"> \u00a0 &#8211; VR ja AR objektide loomiseks ja olemasoleva materjali kasutamiseks<\/span><\/p>\n","protected":false},"excerpt":{"rendered":"<p>Koolitus ,,Virtual and Augmented Reality in Education &#8221;\u00a0 toimus Portugalis Alcanedes 04.10.2021 &#8211; 8.10.2021.\u00a0 Koolitusel osalesid \u00f5petajad Eestist, L\u00e4tist, Sloveeniast&#8230;<\/p>\n","protected":false},"author":1,"featured_media":0,"parent":3343,"menu_order":25,"comment_status":"closed","ping_status":"closed","template":"","meta":{"_acf_changed":false,"footnotes":""},"class_list":["post-5803","page","type-page","status-publish","hentry"],"yoast_head":"<!-- This site is optimized with the Yoast SEO plugin v27.2 - https:\/\/yoast.com\/product\/yoast-seo-wordpress\/ -->\n<title>Virtual and Augmented Reality in Education - Peetri P\u00f5hikool<\/title>\n<meta name=\"robots\" content=\"index, follow, max-snippet:-1, max-image-preview:large, max-video-preview:-1\" \/>\n<link rel=\"canonical\" href=\"https:\/\/www.peetri.edu.ee\/pohikool\/erasmus-opiranded\/2019-2021-projekt\/virtual-and-augmented\/\" \/>\n<meta property=\"og:locale\" content=\"et_EE\" \/>\n<meta property=\"og:type\" content=\"article\" \/>\n<meta property=\"og:title\" content=\"Virtual and Augmented Reality in Education - Peetri P\u00f5hikool\" \/>\n<meta property=\"og:description\" content=\"Koolitus ,,Virtual and Augmented Reality in Education &#8221;\u00a0 toimus Portugalis Alcanedes 04.10.2021 &#8211; 8.10.2021.\u00a0 Koolitusel osalesid \u00f5petajad Eestist, L\u00e4tist, Sloveeniast...\" \/>\n<meta property=\"og:url\" content=\"https:\/\/www.peetri.edu.ee\/pohikool\/erasmus-opiranded\/2019-2021-projekt\/virtual-and-augmented\/\" \/>\n<meta property=\"og:site_name\" content=\"Peetri P\u00f5hikool\" \/>\n<meta property=\"article:modified_time\" content=\"2023-01-20T11:59:08+00:00\" \/>\n<meta property=\"og:image\" content=\"https:\/\/www.peetri.edu.ee\/pohikool\/wp-content\/uploads\/sites\/3\/2022\/12\/logo_erasmus-300x83.png\" \/>\n<meta name=\"twitter:card\" content=\"summary_large_image\" \/>\n<meta name=\"twitter:label1\" content=\"Est. reading time\" \/>\n\t<meta name=\"twitter:data1\" content=\"1 minut\" \/>\n<script type=\"application\/ld+json\" class=\"yoast-schema-graph\">{\"@context\":\"https:\/\/schema.org\",\"@graph\":[{\"@type\":\"WebPage\",\"@id\":\"https:\/\/www.peetri.edu.ee\/pohikool\/erasmus-opiranded\/2019-2021-projekt\/virtual-and-augmented\/\",\"url\":\"https:\/\/www.peetri.edu.ee\/pohikool\/erasmus-opiranded\/2019-2021-projekt\/virtual-and-augmented\/\",\"name\":\"Virtual and Augmented Reality in Education - Peetri P\u00f5hikool\",\"isPartOf\":{\"@id\":\"https:\/\/www.peetri.edu.ee\/pohikool\/#website\"},\"primaryImageOfPage\":{\"@id\":\"https:\/\/www.peetri.edu.ee\/pohikool\/erasmus-opiranded\/2019-2021-projekt\/virtual-and-augmented\/#primaryimage\"},\"image\":{\"@id\":\"https:\/\/www.peetri.edu.ee\/pohikool\/erasmus-opiranded\/2019-2021-projekt\/virtual-and-augmented\/#primaryimage\"},\"thumbnailUrl\":\"https:\/\/www.peetri.edu.ee\/pohikool\/wp-content\/uploads\/sites\/3\/2022\/12\/logo_erasmus-300x83.png\",\"datePublished\":\"2021-11-05T06:45:38+00:00\",\"dateModified\":\"2023-01-20T11:59:08+00:00\",\"breadcrumb\":{\"@id\":\"https:\/\/www.peetri.edu.ee\/pohikool\/erasmus-opiranded\/2019-2021-projekt\/virtual-and-augmented\/#breadcrumb\"},\"inLanguage\":\"et\",\"potentialAction\":[{\"@type\":\"ReadAction\",\"target\":[\"https:\/\/www.peetri.edu.ee\/pohikool\/erasmus-opiranded\/2019-2021-projekt\/virtual-and-augmented\/\"]}]},{\"@type\":\"ImageObject\",\"inLanguage\":\"et\",\"@id\":\"https:\/\/www.peetri.edu.ee\/pohikool\/erasmus-opiranded\/2019-2021-projekt\/virtual-and-augmented\/#primaryimage\",\"url\":\"https:\/\/www.peetri.edu.ee\/pohikool\/wp-content\/uploads\/sites\/3\/2022\/12\/logo_erasmus.png\",\"contentUrl\":\"https:\/\/www.peetri.edu.ee\/pohikool\/wp-content\/uploads\/sites\/3\/2022\/12\/logo_erasmus.png\",\"width\":480,\"height\":132},{\"@type\":\"BreadcrumbList\",\"@id\":\"https:\/\/www.peetri.edu.ee\/pohikool\/erasmus-opiranded\/2019-2021-projekt\/virtual-and-augmented\/#breadcrumb\",\"itemListElement\":[{\"@type\":\"ListItem\",\"position\":1,\"name\":\"Home\",\"item\":\"https:\/\/www.peetri.edu.ee\/pohikool\/\"},{\"@type\":\"ListItem\",\"position\":2,\"name\":\"Erasmus+ \u00f5pir\u00e4nded ja koost\u00f6\u00f6projektid\",\"item\":\"https:\/\/www.peetri.edu.ee\/pohikool\/erasmus-opiranded\/\"},{\"@type\":\"ListItem\",\"position\":3,\"name\":\"2019-2022 projekt\",\"item\":\"https:\/\/www.peetri.edu.ee\/pohikool\/erasmus-opiranded\/2019-2021-projekt\/\"},{\"@type\":\"ListItem\",\"position\":4,\"name\":\"Virtual and Augmented Reality in Education\"}]},{\"@type\":\"WebSite\",\"@id\":\"https:\/\/www.peetri.edu.ee\/pohikool\/#website\",\"url\":\"https:\/\/www.peetri.edu.ee\/pohikool\/\",\"name\":\"Peetri P\u00f5hikool\",\"description\":\"Igas inimeses on p\u00e4ike, laskem tal s\u00e4rada\",\"potentialAction\":[{\"@type\":\"SearchAction\",\"target\":{\"@type\":\"EntryPoint\",\"urlTemplate\":\"https:\/\/www.peetri.edu.ee\/pohikool\/?s={search_term_string}\"},\"query-input\":{\"@type\":\"PropertyValueSpecification\",\"valueRequired\":true,\"valueName\":\"search_term_string\"}}],\"inLanguage\":\"et\"}]}<\/script>\n<!-- \/ Yoast SEO plugin. -->","yoast_head_json":{"title":"Virtual and Augmented Reality in Education - Peetri P\u00f5hikool","robots":{"index":"index","follow":"follow","max-snippet":"max-snippet:-1","max-image-preview":"max-image-preview:large","max-video-preview":"max-video-preview:-1"},"canonical":"https:\/\/www.peetri.edu.ee\/pohikool\/erasmus-opiranded\/2019-2021-projekt\/virtual-and-augmented\/","og_locale":"et_EE","og_type":"article","og_title":"Virtual and Augmented Reality in Education - Peetri P\u00f5hikool","og_description":"Koolitus ,,Virtual and Augmented Reality in Education &#8221;\u00a0 toimus Portugalis Alcanedes 04.10.2021 &#8211; 8.10.2021.\u00a0 Koolitusel osalesid \u00f5petajad Eestist, L\u00e4tist, Sloveeniast...","og_url":"https:\/\/www.peetri.edu.ee\/pohikool\/erasmus-opiranded\/2019-2021-projekt\/virtual-and-augmented\/","og_site_name":"Peetri P\u00f5hikool","article_modified_time":"2023-01-20T11:59:08+00:00","og_image":[{"url":"https:\/\/www.peetri.edu.ee\/pohikool\/wp-content\/uploads\/sites\/3\/2022\/12\/logo_erasmus-300x83.png","type":"","width":"","height":""}],"twitter_card":"summary_large_image","twitter_misc":{"Est. reading time":"1 minut"},"schema":{"@context":"https:\/\/schema.org","@graph":[{"@type":"WebPage","@id":"https:\/\/www.peetri.edu.ee\/pohikool\/erasmus-opiranded\/2019-2021-projekt\/virtual-and-augmented\/","url":"https:\/\/www.peetri.edu.ee\/pohikool\/erasmus-opiranded\/2019-2021-projekt\/virtual-and-augmented\/","name":"Virtual and Augmented Reality in Education - Peetri P\u00f5hikool","isPartOf":{"@id":"https:\/\/www.peetri.edu.ee\/pohikool\/#website"},"primaryImageOfPage":{"@id":"https:\/\/www.peetri.edu.ee\/pohikool\/erasmus-opiranded\/2019-2021-projekt\/virtual-and-augmented\/#primaryimage"},"image":{"@id":"https:\/\/www.peetri.edu.ee\/pohikool\/erasmus-opiranded\/2019-2021-projekt\/virtual-and-augmented\/#primaryimage"},"thumbnailUrl":"https:\/\/www.peetri.edu.ee\/pohikool\/wp-content\/uploads\/sites\/3\/2022\/12\/logo_erasmus-300x83.png","datePublished":"2021-11-05T06:45:38+00:00","dateModified":"2023-01-20T11:59:08+00:00","breadcrumb":{"@id":"https:\/\/www.peetri.edu.ee\/pohikool\/erasmus-opiranded\/2019-2021-projekt\/virtual-and-augmented\/#breadcrumb"},"inLanguage":"et","potentialAction":[{"@type":"ReadAction","target":["https:\/\/www.peetri.edu.ee\/pohikool\/erasmus-opiranded\/2019-2021-projekt\/virtual-and-augmented\/"]}]},{"@type":"ImageObject","inLanguage":"et","@id":"https:\/\/www.peetri.edu.ee\/pohikool\/erasmus-opiranded\/2019-2021-projekt\/virtual-and-augmented\/#primaryimage","url":"https:\/\/www.peetri.edu.ee\/pohikool\/wp-content\/uploads\/sites\/3\/2022\/12\/logo_erasmus.png","contentUrl":"https:\/\/www.peetri.edu.ee\/pohikool\/wp-content\/uploads\/sites\/3\/2022\/12\/logo_erasmus.png","width":480,"height":132},{"@type":"BreadcrumbList","@id":"https:\/\/www.peetri.edu.ee\/pohikool\/erasmus-opiranded\/2019-2021-projekt\/virtual-and-augmented\/#breadcrumb","itemListElement":[{"@type":"ListItem","position":1,"name":"Home","item":"https:\/\/www.peetri.edu.ee\/pohikool\/"},{"@type":"ListItem","position":2,"name":"Erasmus+ \u00f5pir\u00e4nded ja koost\u00f6\u00f6projektid","item":"https:\/\/www.peetri.edu.ee\/pohikool\/erasmus-opiranded\/"},{"@type":"ListItem","position":3,"name":"2019-2022 projekt","item":"https:\/\/www.peetri.edu.ee\/pohikool\/erasmus-opiranded\/2019-2021-projekt\/"},{"@type":"ListItem","position":4,"name":"Virtual and Augmented Reality in Education"}]},{"@type":"WebSite","@id":"https:\/\/www.peetri.edu.ee\/pohikool\/#website","url":"https:\/\/www.peetri.edu.ee\/pohikool\/","name":"Peetri P\u00f5hikool","description":"Igas inimeses on p\u00e4ike, laskem tal s\u00e4rada","potentialAction":[{"@type":"SearchAction","target":{"@type":"EntryPoint","urlTemplate":"https:\/\/www.peetri.edu.ee\/pohikool\/?s={search_term_string}"},"query-input":{"@type":"PropertyValueSpecification","valueRequired":true,"valueName":"search_term_string"}}],"inLanguage":"et"}]}},"acf":[],"_links":{"self":[{"href":"https:\/\/www.peetri.edu.ee\/pohikool\/wp-json\/wp\/v2\/pages\/5803","targetHints":{"allow":["GET"]}}],"collection":[{"href":"https:\/\/www.peetri.edu.ee\/pohikool\/wp-json\/wp\/v2\/pages"}],"about":[{"href":"https:\/\/www.peetri.edu.ee\/pohikool\/wp-json\/wp\/v2\/types\/page"}],"author":[{"embeddable":true,"href":"https:\/\/www.peetri.edu.ee\/pohikool\/wp-json\/wp\/v2\/users\/1"}],"replies":[{"embeddable":true,"href":"https:\/\/www.peetri.edu.ee\/pohikool\/wp-json\/wp\/v2\/comments?post=5803"}],"version-history":[{"count":4,"href":"https:\/\/www.peetri.edu.ee\/pohikool\/wp-json\/wp\/v2\/pages\/5803\/revisions"}],"predecessor-version":[{"id":6868,"href":"https:\/\/www.peetri.edu.ee\/pohikool\/wp-json\/wp\/v2\/pages\/5803\/revisions\/6868"}],"up":[{"embeddable":true,"href":"https:\/\/www.peetri.edu.ee\/pohikool\/wp-json\/wp\/v2\/pages\/3343"}],"wp:attachment":[{"href":"https:\/\/www.peetri.edu.ee\/pohikool\/wp-json\/wp\/v2\/media?parent=5803"}],"curies":[{"name":"wp","href":"https:\/\/api.w.org\/{rel}","templated":true}]}}