{"id":5799,"date":"2021-11-05T08:43:19","date_gmt":"2021-11-05T06:43:19","guid":{"rendered":"https:\/\/www.peetri.edu.ee\/pohikool\/?page_id=5799"},"modified":"2022-12-22T10:45:54","modified_gmt":"2022-12-22T08:45:54","slug":"web-2-0-mathematics-classroom","status":"publish","type":"page","link":"https:\/\/www.peetri.edu.ee\/pohikool\/erasmus-opiranded\/2019-2021-projekt\/web-2-0-mathematics-classroom\/","title":{"rendered":"Web 2.0 in the Mathematics Classroom"},"content":{"rendered":"<p><img loading=\"lazy\" decoding=\"async\" class=\"alignleft wp-image-6751 size-medium\" src=\"https:\/\/www.peetri.edu.ee\/pohikool\/wp-content\/uploads\/sites\/3\/2022\/12\/logo_erasmus-300x83.png\" alt=\"\" width=\"300\" height=\"83\" \/><span style=\"font-weight: 400;\">Augustis viibisime koos Ingaga n\u00e4dal aega Ateenas, Kreekas, et osaleda koolitusel <\/span><span style=\"font-weight: 400;\">&#8220;<\/span><span style=\"font-weight: 400;\">Web<\/span> <span style=\"font-weight: 400;\">2.0<\/span><span style=\"font-weight: 400;\"> in the Mathematics Classroom&#8221;. Koolituse eesm\u00e4rk oli tutvustada erinevaid veebikeskkondi ja \u00e4ppe, mille kasutamise l\u00e4bi saaks t\u00f5sta \u00f5pilaste motivatsiooni, \u00e4ratada huvi ja seel\u00e4bi oleks v\u00f5imalik \u00f5pilasi rohkem \u00f5ppet\u00f6\u00f6sse kaasata.\u00a0 <\/span><\/p>\n<p><img loading=\"lazy\" decoding=\"async\" class=\"wp-image-5815 size-medium alignleft\" src=\"https:\/\/www.peetri.edu.ee\/pohikool\/wp-content\/uploads\/sites\/3\/2021\/11\/Kreekas-1-300x225.jpg\" alt=\"\" width=\"300\" height=\"225\" \/><\/p>\n<p><span style=\"font-weight: 400;\">Selliste koolituste eesm\u00e4rk on kindlasti jagada ka oma kogemusi ja kuulda kuidas teistes koolides, antus juhul isegi teistes riikides \u00f5ppet\u00f6\u00f6d korraldatakse.\u00a0 Meil avanes v\u00f5imalus tutvuda Kreeka koolis\u00fcsteemiga ja uurida nende matemaatika\u00f5pikuid. Kreekakeelsetest tekstist oli raske aru saada, kuid suures plaanis saime ju sisust matemaatiliste s\u00fcmbolite l\u00e4bi aru ja\u00a0 oleme selle kogemuse eest t\u00f5eliselt r\u00f5\u00f5msad. Kahjuks osales koolitusel v\u00e4hem inimesi kui me olime algselt eeldanud, mist\u00f5ttu kogemusi ei saanud jagada ilmselt nii palju kui oleksime tahtnud.\u00a0 Saime siiski veel infot Horvaatia ja Slovakkia olukorrast koolimaastikul koroonapiirangute tingimustes ning v\u00f5rdlesime meie k\u00f5igi maade matemaatika\u00f5ppekavade \u00fclesehitusi.<\/span><\/p>\n<p><span style=\"font-weight: 400;\">Koolituse k\u00e4igus tutvusime gif-i loomise v\u00f5imalustega, veebip\u00f5histe k\u00fcsimustike loomisega, tegime mitu Geogebra \u00fclesannet ja tutvusime interaktiivse kilpkonnaga, mida saab kasutada nii matemaatika\u00f5ppes nurkade \u00f5petamisel kui informaatikas programmeerimisega algust tehes.\u00a0 Erinevaid keskkondi ja ideid, kus neid keskkondi kasutada, saime peale koolitust veel meili pealegi juurde, kuna k\u00f5igi\u00a0 v\u00f5imaluste l\u00e4biproovimine ei mahtunud programmi. Seega vaba aja korral saame iseseisvalt proovida soovitatud keskkondi, et siis j\u00e4lle koos \u00f5pilastega neid l\u00e4bi m\u00e4ngida.<\/span><\/p>\n<p>&nbsp;<\/p>\n<p><img loading=\"lazy\" decoding=\"async\" class=\"aligncenter wp-image-5814 size-large\" src=\"https:\/\/www.peetri.edu.ee\/pohikool\/wp-content\/uploads\/sites\/3\/2021\/11\/Kreekas2-1024x768.jpg\" alt=\"\" width=\"1024\" height=\"768\" \/><\/p>\n","protected":false},"excerpt":{"rendered":"<p>Augustis viibisime koos Ingaga n\u00e4dal aega Ateenas, Kreekas, et osaleda koolitusel &#8220;Web 2.0 in the Mathematics Classroom&#8221;. Koolituse eesm\u00e4rk oli&#8230;<\/p>\n","protected":false},"author":1,"featured_media":0,"parent":3343,"menu_order":15,"comment_status":"closed","ping_status":"closed","template":"","meta":{"_acf_changed":false,"footnotes":""},"class_list":["post-5799","page","type-page","status-publish","hentry"],"yoast_head":"<!-- This site is optimized with the Yoast SEO plugin v27.2 - https:\/\/yoast.com\/product\/yoast-seo-wordpress\/ -->\n<title>Web 2.0 in the Mathematics Classroom - Peetri P\u00f5hikool<\/title>\n<meta name=\"robots\" content=\"index, follow, max-snippet:-1, max-image-preview:large, max-video-preview:-1\" \/>\n<link rel=\"canonical\" href=\"https:\/\/www.peetri.edu.ee\/pohikool\/erasmus-opiranded\/2019-2021-projekt\/web-2-0-mathematics-classroom\/\" \/>\n<meta property=\"og:locale\" content=\"et_EE\" \/>\n<meta property=\"og:type\" content=\"article\" \/>\n<meta property=\"og:title\" content=\"Web 2.0 in the Mathematics Classroom - Peetri P\u00f5hikool\" \/>\n<meta property=\"og:description\" content=\"Augustis viibisime koos Ingaga n\u00e4dal aega Ateenas, Kreekas, et osaleda koolitusel &#8220;Web 2.0 in the Mathematics Classroom&#8221;. Koolituse eesm\u00e4rk oli...\" \/>\n<meta property=\"og:url\" content=\"https:\/\/www.peetri.edu.ee\/pohikool\/erasmus-opiranded\/2019-2021-projekt\/web-2-0-mathematics-classroom\/\" \/>\n<meta property=\"og:site_name\" content=\"Peetri P\u00f5hikool\" \/>\n<meta property=\"article:modified_time\" content=\"2022-12-22T08:45:54+00:00\" \/>\n<meta property=\"og:image\" content=\"https:\/\/www.peetri.edu.ee\/pohikool\/wp-content\/uploads\/sites\/3\/2022\/12\/logo_erasmus-300x83.png\" \/>\n<meta name=\"twitter:card\" content=\"summary_large_image\" \/>\n<meta name=\"twitter:label1\" content=\"Est. reading time\" \/>\n\t<meta name=\"twitter:data1\" content=\"1 minut\" \/>\n<script type=\"application\/ld+json\" class=\"yoast-schema-graph\">{\"@context\":\"https:\/\/schema.org\",\"@graph\":[{\"@type\":\"WebPage\",\"@id\":\"https:\/\/www.peetri.edu.ee\/pohikool\/erasmus-opiranded\/2019-2021-projekt\/web-2-0-mathematics-classroom\/\",\"url\":\"https:\/\/www.peetri.edu.ee\/pohikool\/erasmus-opiranded\/2019-2021-projekt\/web-2-0-mathematics-classroom\/\",\"name\":\"Web 2.0 in the Mathematics Classroom - Peetri P\u00f5hikool\",\"isPartOf\":{\"@id\":\"https:\/\/www.peetri.edu.ee\/pohikool\/#website\"},\"primaryImageOfPage\":{\"@id\":\"https:\/\/www.peetri.edu.ee\/pohikool\/erasmus-opiranded\/2019-2021-projekt\/web-2-0-mathematics-classroom\/#primaryimage\"},\"image\":{\"@id\":\"https:\/\/www.peetri.edu.ee\/pohikool\/erasmus-opiranded\/2019-2021-projekt\/web-2-0-mathematics-classroom\/#primaryimage\"},\"thumbnailUrl\":\"https:\/\/www.peetri.edu.ee\/pohikool\/wp-content\/uploads\/sites\/3\/2022\/12\/logo_erasmus-300x83.png\",\"datePublished\":\"2021-11-05T06:43:19+00:00\",\"dateModified\":\"2022-12-22T08:45:54+00:00\",\"breadcrumb\":{\"@id\":\"https:\/\/www.peetri.edu.ee\/pohikool\/erasmus-opiranded\/2019-2021-projekt\/web-2-0-mathematics-classroom\/#breadcrumb\"},\"inLanguage\":\"et\",\"potentialAction\":[{\"@type\":\"ReadAction\",\"target\":[\"https:\/\/www.peetri.edu.ee\/pohikool\/erasmus-opiranded\/2019-2021-projekt\/web-2-0-mathematics-classroom\/\"]}]},{\"@type\":\"ImageObject\",\"inLanguage\":\"et\",\"@id\":\"https:\/\/www.peetri.edu.ee\/pohikool\/erasmus-opiranded\/2019-2021-projekt\/web-2-0-mathematics-classroom\/#primaryimage\",\"url\":\"https:\/\/www.peetri.edu.ee\/pohikool\/wp-content\/uploads\/sites\/3\/2022\/12\/logo_erasmus.png\",\"contentUrl\":\"https:\/\/www.peetri.edu.ee\/pohikool\/wp-content\/uploads\/sites\/3\/2022\/12\/logo_erasmus.png\",\"width\":480,\"height\":132},{\"@type\":\"BreadcrumbList\",\"@id\":\"https:\/\/www.peetri.edu.ee\/pohikool\/erasmus-opiranded\/2019-2021-projekt\/web-2-0-mathematics-classroom\/#breadcrumb\",\"itemListElement\":[{\"@type\":\"ListItem\",\"position\":1,\"name\":\"Home\",\"item\":\"https:\/\/www.peetri.edu.ee\/pohikool\/\"},{\"@type\":\"ListItem\",\"position\":2,\"name\":\"Erasmus+ \u00f5pir\u00e4nded ja koost\u00f6\u00f6projektid\",\"item\":\"https:\/\/www.peetri.edu.ee\/pohikool\/erasmus-opiranded\/\"},{\"@type\":\"ListItem\",\"position\":3,\"name\":\"2019-2022 projekt\",\"item\":\"https:\/\/www.peetri.edu.ee\/pohikool\/erasmus-opiranded\/2019-2021-projekt\/\"},{\"@type\":\"ListItem\",\"position\":4,\"name\":\"Web 2.0 in the Mathematics Classroom\"}]},{\"@type\":\"WebSite\",\"@id\":\"https:\/\/www.peetri.edu.ee\/pohikool\/#website\",\"url\":\"https:\/\/www.peetri.edu.ee\/pohikool\/\",\"name\":\"Peetri P\u00f5hikool\",\"description\":\"Igas inimeses on p\u00e4ike, laskem tal s\u00e4rada\",\"potentialAction\":[{\"@type\":\"SearchAction\",\"target\":{\"@type\":\"EntryPoint\",\"urlTemplate\":\"https:\/\/www.peetri.edu.ee\/pohikool\/?s={search_term_string}\"},\"query-input\":{\"@type\":\"PropertyValueSpecification\",\"valueRequired\":true,\"valueName\":\"search_term_string\"}}],\"inLanguage\":\"et\"}]}<\/script>\n<!-- \/ Yoast SEO plugin. -->","yoast_head_json":{"title":"Web 2.0 in the Mathematics Classroom - Peetri P\u00f5hikool","robots":{"index":"index","follow":"follow","max-snippet":"max-snippet:-1","max-image-preview":"max-image-preview:large","max-video-preview":"max-video-preview:-1"},"canonical":"https:\/\/www.peetri.edu.ee\/pohikool\/erasmus-opiranded\/2019-2021-projekt\/web-2-0-mathematics-classroom\/","og_locale":"et_EE","og_type":"article","og_title":"Web 2.0 in the Mathematics Classroom - Peetri P\u00f5hikool","og_description":"Augustis viibisime koos Ingaga n\u00e4dal aega Ateenas, Kreekas, et osaleda koolitusel &#8220;Web 2.0 in the Mathematics Classroom&#8221;. Koolituse eesm\u00e4rk oli...","og_url":"https:\/\/www.peetri.edu.ee\/pohikool\/erasmus-opiranded\/2019-2021-projekt\/web-2-0-mathematics-classroom\/","og_site_name":"Peetri P\u00f5hikool","article_modified_time":"2022-12-22T08:45:54+00:00","og_image":[{"url":"https:\/\/www.peetri.edu.ee\/pohikool\/wp-content\/uploads\/sites\/3\/2022\/12\/logo_erasmus-300x83.png","type":"","width":"","height":""}],"twitter_card":"summary_large_image","twitter_misc":{"Est. reading time":"1 minut"},"schema":{"@context":"https:\/\/schema.org","@graph":[{"@type":"WebPage","@id":"https:\/\/www.peetri.edu.ee\/pohikool\/erasmus-opiranded\/2019-2021-projekt\/web-2-0-mathematics-classroom\/","url":"https:\/\/www.peetri.edu.ee\/pohikool\/erasmus-opiranded\/2019-2021-projekt\/web-2-0-mathematics-classroom\/","name":"Web 2.0 in the Mathematics Classroom - Peetri P\u00f5hikool","isPartOf":{"@id":"https:\/\/www.peetri.edu.ee\/pohikool\/#website"},"primaryImageOfPage":{"@id":"https:\/\/www.peetri.edu.ee\/pohikool\/erasmus-opiranded\/2019-2021-projekt\/web-2-0-mathematics-classroom\/#primaryimage"},"image":{"@id":"https:\/\/www.peetri.edu.ee\/pohikool\/erasmus-opiranded\/2019-2021-projekt\/web-2-0-mathematics-classroom\/#primaryimage"},"thumbnailUrl":"https:\/\/www.peetri.edu.ee\/pohikool\/wp-content\/uploads\/sites\/3\/2022\/12\/logo_erasmus-300x83.png","datePublished":"2021-11-05T06:43:19+00:00","dateModified":"2022-12-22T08:45:54+00:00","breadcrumb":{"@id":"https:\/\/www.peetri.edu.ee\/pohikool\/erasmus-opiranded\/2019-2021-projekt\/web-2-0-mathematics-classroom\/#breadcrumb"},"inLanguage":"et","potentialAction":[{"@type":"ReadAction","target":["https:\/\/www.peetri.edu.ee\/pohikool\/erasmus-opiranded\/2019-2021-projekt\/web-2-0-mathematics-classroom\/"]}]},{"@type":"ImageObject","inLanguage":"et","@id":"https:\/\/www.peetri.edu.ee\/pohikool\/erasmus-opiranded\/2019-2021-projekt\/web-2-0-mathematics-classroom\/#primaryimage","url":"https:\/\/www.peetri.edu.ee\/pohikool\/wp-content\/uploads\/sites\/3\/2022\/12\/logo_erasmus.png","contentUrl":"https:\/\/www.peetri.edu.ee\/pohikool\/wp-content\/uploads\/sites\/3\/2022\/12\/logo_erasmus.png","width":480,"height":132},{"@type":"BreadcrumbList","@id":"https:\/\/www.peetri.edu.ee\/pohikool\/erasmus-opiranded\/2019-2021-projekt\/web-2-0-mathematics-classroom\/#breadcrumb","itemListElement":[{"@type":"ListItem","position":1,"name":"Home","item":"https:\/\/www.peetri.edu.ee\/pohikool\/"},{"@type":"ListItem","position":2,"name":"Erasmus+ \u00f5pir\u00e4nded ja koost\u00f6\u00f6projektid","item":"https:\/\/www.peetri.edu.ee\/pohikool\/erasmus-opiranded\/"},{"@type":"ListItem","position":3,"name":"2019-2022 projekt","item":"https:\/\/www.peetri.edu.ee\/pohikool\/erasmus-opiranded\/2019-2021-projekt\/"},{"@type":"ListItem","position":4,"name":"Web 2.0 in the Mathematics Classroom"}]},{"@type":"WebSite","@id":"https:\/\/www.peetri.edu.ee\/pohikool\/#website","url":"https:\/\/www.peetri.edu.ee\/pohikool\/","name":"Peetri P\u00f5hikool","description":"Igas inimeses on p\u00e4ike, laskem tal s\u00e4rada","potentialAction":[{"@type":"SearchAction","target":{"@type":"EntryPoint","urlTemplate":"https:\/\/www.peetri.edu.ee\/pohikool\/?s={search_term_string}"},"query-input":{"@type":"PropertyValueSpecification","valueRequired":true,"valueName":"search_term_string"}}],"inLanguage":"et"}]}},"acf":[],"_links":{"self":[{"href":"https:\/\/www.peetri.edu.ee\/pohikool\/wp-json\/wp\/v2\/pages\/5799","targetHints":{"allow":["GET"]}}],"collection":[{"href":"https:\/\/www.peetri.edu.ee\/pohikool\/wp-json\/wp\/v2\/pages"}],"about":[{"href":"https:\/\/www.peetri.edu.ee\/pohikool\/wp-json\/wp\/v2\/types\/page"}],"author":[{"embeddable":true,"href":"https:\/\/www.peetri.edu.ee\/pohikool\/wp-json\/wp\/v2\/users\/1"}],"replies":[{"embeddable":true,"href":"https:\/\/www.peetri.edu.ee\/pohikool\/wp-json\/wp\/v2\/comments?post=5799"}],"version-history":[{"count":4,"href":"https:\/\/www.peetri.edu.ee\/pohikool\/wp-json\/wp\/v2\/pages\/5799\/revisions"}],"predecessor-version":[{"id":6763,"href":"https:\/\/www.peetri.edu.ee\/pohikool\/wp-json\/wp\/v2\/pages\/5799\/revisions\/6763"}],"up":[{"embeddable":true,"href":"https:\/\/www.peetri.edu.ee\/pohikool\/wp-json\/wp\/v2\/pages\/3343"}],"wp:attachment":[{"href":"https:\/\/www.peetri.edu.ee\/pohikool\/wp-json\/wp\/v2\/media?parent=5799"}],"curies":[{"name":"wp","href":"https:\/\/api.w.org\/{rel}","templated":true}]}}