{"id":5795,"date":"2021-11-05T08:35:10","date_gmt":"2021-11-05T06:35:10","guid":{"rendered":"https:\/\/www.peetri.edu.ee\/pohikool\/?page_id=5795"},"modified":"2022-12-22T11:18:53","modified_gmt":"2022-12-22T09:18:53","slug":"creativity-future-promoting-critical-thinking-problem-solving-classroom","status":"publish","type":"page","link":"https:\/\/www.peetri.edu.ee\/pohikool\/erasmus-opiranded\/2019-2021-projekt\/creativity-future-promoting-critical-thinking-problem-solving-classroom\/","title":{"rendered":"Creativity for the future: promoting Critical Thinking and Problem-Solving in the classroom"},"content":{"rendered":"<p><span style=\"font-weight: 400;\"><img loading=\"lazy\" decoding=\"async\" class=\"alignleft size-medium wp-image-6751\" src=\"https:\/\/www.peetri.edu.ee\/pohikool\/wp-content\/uploads\/sites\/3\/2022\/12\/logo_erasmus-300x83.png\" alt=\"\" width=\"300\" height=\"83\" \/>Juuli viimasel ja v\u00e4ga soojal n\u00e4dalal oli mul v\u00f5imalus osaleda koos grupi \u00f5petajatega kursusel \u201eLoovus tulevikuks: Kriitilise m\u00f5tlemise ja probleemide lahendamise edendamine klassiruumis\u201c (<\/span><span style=\"font-weight: 400;\">Creativity for the future: promoting Critical thinking and problem-solving in the classroom)<\/span><span style=\"font-weight: 400;\">.<\/span><\/p>\n<p><span style=\"font-weight: 400;\">\u00d5petajad tulid erinevatest Euroopa riikidest Bolognasse selleks n\u00e4dalaks, et jagada oma kogemusi: Maria Horvaatiast, Spela Zavod, Catalina, Alina, Camelia, Simona, Claudia Rumeeniast, Galina, Iskrena, Gergana, Bilyana ja Silviya Bulgaariast.<\/span><\/p>\n<p><span style=\"font-weight: 400;\">N\u00e4dal algas \u00fchtsete arusaamade kujundamisega 21. sajandi \u00f5pioskuste ja 4 C\u00a0 (suhtlemine, loovus, koost\u00f6\u00f6 ja kriitiline m\u00f5tlemine) t\u00e4henduse m\u00f5testamisega hariduses \u00fcldisemalt. \u00d5petajad osalesid esmalt arutelus, et selgitada v\u00e4lja, milliseid parimaid praktikaid on r\u00fchma liikmed oma koolides juba kasutusele v\u00f5etud. Seej\u00e4rel j\u00e4tkasime kohe praktiliste tegevustega, et panna hea alus loovuse ja kriitilise m\u00f5tlemise edasisele uurimisele kogu koolituse v\u00e4ltel.<\/span><\/p>\n<p><span style=\"font-weight: 400;\">V\u00f5in t\u00f5deda, et \u00f5petajad seisid igap\u00e4evaselt kogu kursuse jooksul silmitsi v\u00e4ga mitmete v\u00e4ljakutsetega, et m\u00f5ista loova m\u00f5tlemise p\u00f5him\u00f5tteid ja vastata p\u00f5hik\u00fcsimusele: Kuidas muuta oma \u00f5petamist loovamaks ja aidata \u00f5pilastel end v\u00e4ljendada loomingulisemal viisil?<\/span><\/p>\n<p><span style=\"font-weight: 400;\">N\u00e4dala teisel poolel j\u00e4tkasime \u00f5petajatega kriitilise m\u00f5tlemise m\u00f5iste p\u00f5hjalikumat anal\u00fc\u00fcsimist ning m\u00f5testasime ning proovisime leida lahendusi, kuidas klassiruumis l\u00e4bi praktiliste tegevuste seda rakendada.\u00a0<\/span><\/p>\n<p><span style=\"font-weight: 400;\">N\u00e4dala l\u00f5puks olime juba aga valmis rakendama ja ellu viima k\u00f5iki omandatud p\u00f5him\u00f5tteid ja teadmisi, et osaleda v\u00e4ljakutset pakkuvates probleemilahendu testides ja tegevustes. N\u00e4iteks, kas teate- Kuidas panna kaelkirjak k\u00fclmkappi?\u00a0 Tuleb lihtsalt \u00f5ppida m\u00f5tlema v\u00e4ljaspool kasti!<\/span><\/p>\n<p><img loading=\"lazy\" decoding=\"async\" class=\"aligncenter size-large wp-image-5812\" src=\"https:\/\/www.peetri.edu.ee\/pohikool\/wp-content\/uploads\/sites\/3\/2021\/11\/Capture-1024x659.jpg\" alt=\"\" width=\"1024\" height=\"659\" \/><\/p>\n<p><img loading=\"lazy\" decoding=\"async\" class=\"aligncenter size-large wp-image-5811\" src=\"https:\/\/www.peetri.edu.ee\/pohikool\/wp-content\/uploads\/sites\/3\/2021\/11\/Capture2-1024x758.jpg\" alt=\"\" width=\"1024\" height=\"758\" \/><\/p>\n<p><img loading=\"lazy\" decoding=\"async\" class=\"aligncenter size-large wp-image-5810\" src=\"https:\/\/www.peetri.edu.ee\/pohikool\/wp-content\/uploads\/sites\/3\/2021\/11\/SAVE_20211027_220735-2-724x1024.jpg\" alt=\"\" width=\"724\" height=\"1024\" \/><\/p>\n","protected":false},"excerpt":{"rendered":"<p>Juuli viimasel ja v\u00e4ga soojal n\u00e4dalal oli mul v\u00f5imalus osaleda koos grupi \u00f5petajatega kursusel \u201eLoovus tulevikuks: Kriitilise m\u00f5tlemise ja probleemide&#8230;<\/p>\n","protected":false},"author":1,"featured_media":0,"parent":3343,"menu_order":10,"comment_status":"closed","ping_status":"closed","template":"","meta":{"_acf_changed":false,"footnotes":""},"class_list":["post-5795","page","type-page","status-publish","hentry"],"yoast_head":"<!-- This site is optimized with the Yoast SEO plugin v27.2 - https:\/\/yoast.com\/product\/yoast-seo-wordpress\/ -->\n<title>Creativity for the future: promoting Critical Thinking and Problem-Solving in the classroom - Peetri P\u00f5hikool<\/title>\n<meta name=\"robots\" content=\"index, follow, max-snippet:-1, max-image-preview:large, max-video-preview:-1\" \/>\n<link rel=\"canonical\" href=\"https:\/\/www.peetri.edu.ee\/pohikool\/erasmus-opiranded\/2019-2021-projekt\/creativity-future-promoting-critical-thinking-problem-solving-classroom\/\" \/>\n<meta property=\"og:locale\" content=\"et_EE\" \/>\n<meta property=\"og:type\" content=\"article\" \/>\n<meta property=\"og:title\" content=\"Creativity for the future: promoting Critical Thinking and Problem-Solving in the classroom - Peetri P\u00f5hikool\" \/>\n<meta property=\"og:description\" content=\"Juuli viimasel ja v\u00e4ga soojal n\u00e4dalal oli mul v\u00f5imalus osaleda koos grupi \u00f5petajatega kursusel \u201eLoovus tulevikuks: Kriitilise m\u00f5tlemise ja probleemide...\" \/>\n<meta property=\"og:url\" content=\"https:\/\/www.peetri.edu.ee\/pohikool\/erasmus-opiranded\/2019-2021-projekt\/creativity-future-promoting-critical-thinking-problem-solving-classroom\/\" \/>\n<meta property=\"og:site_name\" content=\"Peetri P\u00f5hikool\" \/>\n<meta property=\"article:modified_time\" content=\"2022-12-22T09:18:53+00:00\" \/>\n<meta property=\"og:image\" content=\"https:\/\/www.peetri.edu.ee\/pohikool\/wp-content\/uploads\/sites\/3\/2022\/12\/logo_erasmus-300x83.png\" \/>\n<meta name=\"twitter:card\" content=\"summary_large_image\" \/>\n<meta name=\"twitter:label1\" content=\"Est. reading time\" \/>\n\t<meta name=\"twitter:data1\" content=\"1 minut\" \/>\n<script type=\"application\/ld+json\" class=\"yoast-schema-graph\">{\"@context\":\"https:\/\/schema.org\",\"@graph\":[{\"@type\":\"WebPage\",\"@id\":\"https:\/\/www.peetri.edu.ee\/pohikool\/erasmus-opiranded\/2019-2021-projekt\/creativity-future-promoting-critical-thinking-problem-solving-classroom\/\",\"url\":\"https:\/\/www.peetri.edu.ee\/pohikool\/erasmus-opiranded\/2019-2021-projekt\/creativity-future-promoting-critical-thinking-problem-solving-classroom\/\",\"name\":\"Creativity for the future: promoting Critical Thinking and Problem-Solving in the classroom - Peetri P\u00f5hikool\",\"isPartOf\":{\"@id\":\"https:\/\/www.peetri.edu.ee\/pohikool\/#website\"},\"primaryImageOfPage\":{\"@id\":\"https:\/\/www.peetri.edu.ee\/pohikool\/erasmus-opiranded\/2019-2021-projekt\/creativity-future-promoting-critical-thinking-problem-solving-classroom\/#primaryimage\"},\"image\":{\"@id\":\"https:\/\/www.peetri.edu.ee\/pohikool\/erasmus-opiranded\/2019-2021-projekt\/creativity-future-promoting-critical-thinking-problem-solving-classroom\/#primaryimage\"},\"thumbnailUrl\":\"https:\/\/www.peetri.edu.ee\/pohikool\/wp-content\/uploads\/sites\/3\/2022\/12\/logo_erasmus-300x83.png\",\"datePublished\":\"2021-11-05T06:35:10+00:00\",\"dateModified\":\"2022-12-22T09:18:53+00:00\",\"breadcrumb\":{\"@id\":\"https:\/\/www.peetri.edu.ee\/pohikool\/erasmus-opiranded\/2019-2021-projekt\/creativity-future-promoting-critical-thinking-problem-solving-classroom\/#breadcrumb\"},\"inLanguage\":\"et\",\"potentialAction\":[{\"@type\":\"ReadAction\",\"target\":[\"https:\/\/www.peetri.edu.ee\/pohikool\/erasmus-opiranded\/2019-2021-projekt\/creativity-future-promoting-critical-thinking-problem-solving-classroom\/\"]}]},{\"@type\":\"ImageObject\",\"inLanguage\":\"et\",\"@id\":\"https:\/\/www.peetri.edu.ee\/pohikool\/erasmus-opiranded\/2019-2021-projekt\/creativity-future-promoting-critical-thinking-problem-solving-classroom\/#primaryimage\",\"url\":\"https:\/\/www.peetri.edu.ee\/pohikool\/wp-content\/uploads\/sites\/3\/2022\/12\/logo_erasmus.png\",\"contentUrl\":\"https:\/\/www.peetri.edu.ee\/pohikool\/wp-content\/uploads\/sites\/3\/2022\/12\/logo_erasmus.png\",\"width\":480,\"height\":132},{\"@type\":\"BreadcrumbList\",\"@id\":\"https:\/\/www.peetri.edu.ee\/pohikool\/erasmus-opiranded\/2019-2021-projekt\/creativity-future-promoting-critical-thinking-problem-solving-classroom\/#breadcrumb\",\"itemListElement\":[{\"@type\":\"ListItem\",\"position\":1,\"name\":\"Home\",\"item\":\"https:\/\/www.peetri.edu.ee\/pohikool\/\"},{\"@type\":\"ListItem\",\"position\":2,\"name\":\"Erasmus+ \u00f5pir\u00e4nded ja koost\u00f6\u00f6projektid\",\"item\":\"https:\/\/www.peetri.edu.ee\/pohikool\/erasmus-opiranded\/\"},{\"@type\":\"ListItem\",\"position\":3,\"name\":\"2019-2022 projekt\",\"item\":\"https:\/\/www.peetri.edu.ee\/pohikool\/erasmus-opiranded\/2019-2021-projekt\/\"},{\"@type\":\"ListItem\",\"position\":4,\"name\":\"Creativity for the future: promoting Critical Thinking and Problem-Solving in the classroom\"}]},{\"@type\":\"WebSite\",\"@id\":\"https:\/\/www.peetri.edu.ee\/pohikool\/#website\",\"url\":\"https:\/\/www.peetri.edu.ee\/pohikool\/\",\"name\":\"Peetri P\u00f5hikool\",\"description\":\"Igas inimeses on p\u00e4ike, laskem tal s\u00e4rada\",\"potentialAction\":[{\"@type\":\"SearchAction\",\"target\":{\"@type\":\"EntryPoint\",\"urlTemplate\":\"https:\/\/www.peetri.edu.ee\/pohikool\/?s={search_term_string}\"},\"query-input\":{\"@type\":\"PropertyValueSpecification\",\"valueRequired\":true,\"valueName\":\"search_term_string\"}}],\"inLanguage\":\"et\"}]}<\/script>\n<!-- \/ Yoast SEO plugin. -->","yoast_head_json":{"title":"Creativity for the future: promoting Critical Thinking and Problem-Solving in the classroom - Peetri P\u00f5hikool","robots":{"index":"index","follow":"follow","max-snippet":"max-snippet:-1","max-image-preview":"max-image-preview:large","max-video-preview":"max-video-preview:-1"},"canonical":"https:\/\/www.peetri.edu.ee\/pohikool\/erasmus-opiranded\/2019-2021-projekt\/creativity-future-promoting-critical-thinking-problem-solving-classroom\/","og_locale":"et_EE","og_type":"article","og_title":"Creativity for the future: promoting Critical Thinking and Problem-Solving in the classroom - Peetri P\u00f5hikool","og_description":"Juuli viimasel ja v\u00e4ga soojal n\u00e4dalal oli mul v\u00f5imalus osaleda koos grupi \u00f5petajatega kursusel \u201eLoovus tulevikuks: Kriitilise m\u00f5tlemise ja probleemide...","og_url":"https:\/\/www.peetri.edu.ee\/pohikool\/erasmus-opiranded\/2019-2021-projekt\/creativity-future-promoting-critical-thinking-problem-solving-classroom\/","og_site_name":"Peetri P\u00f5hikool","article_modified_time":"2022-12-22T09:18:53+00:00","og_image":[{"url":"https:\/\/www.peetri.edu.ee\/pohikool\/wp-content\/uploads\/sites\/3\/2022\/12\/logo_erasmus-300x83.png","type":"","width":"","height":""}],"twitter_card":"summary_large_image","twitter_misc":{"Est. reading time":"1 minut"},"schema":{"@context":"https:\/\/schema.org","@graph":[{"@type":"WebPage","@id":"https:\/\/www.peetri.edu.ee\/pohikool\/erasmus-opiranded\/2019-2021-projekt\/creativity-future-promoting-critical-thinking-problem-solving-classroom\/","url":"https:\/\/www.peetri.edu.ee\/pohikool\/erasmus-opiranded\/2019-2021-projekt\/creativity-future-promoting-critical-thinking-problem-solving-classroom\/","name":"Creativity for the future: promoting Critical Thinking and Problem-Solving in the classroom - Peetri P\u00f5hikool","isPartOf":{"@id":"https:\/\/www.peetri.edu.ee\/pohikool\/#website"},"primaryImageOfPage":{"@id":"https:\/\/www.peetri.edu.ee\/pohikool\/erasmus-opiranded\/2019-2021-projekt\/creativity-future-promoting-critical-thinking-problem-solving-classroom\/#primaryimage"},"image":{"@id":"https:\/\/www.peetri.edu.ee\/pohikool\/erasmus-opiranded\/2019-2021-projekt\/creativity-future-promoting-critical-thinking-problem-solving-classroom\/#primaryimage"},"thumbnailUrl":"https:\/\/www.peetri.edu.ee\/pohikool\/wp-content\/uploads\/sites\/3\/2022\/12\/logo_erasmus-300x83.png","datePublished":"2021-11-05T06:35:10+00:00","dateModified":"2022-12-22T09:18:53+00:00","breadcrumb":{"@id":"https:\/\/www.peetri.edu.ee\/pohikool\/erasmus-opiranded\/2019-2021-projekt\/creativity-future-promoting-critical-thinking-problem-solving-classroom\/#breadcrumb"},"inLanguage":"et","potentialAction":[{"@type":"ReadAction","target":["https:\/\/www.peetri.edu.ee\/pohikool\/erasmus-opiranded\/2019-2021-projekt\/creativity-future-promoting-critical-thinking-problem-solving-classroom\/"]}]},{"@type":"ImageObject","inLanguage":"et","@id":"https:\/\/www.peetri.edu.ee\/pohikool\/erasmus-opiranded\/2019-2021-projekt\/creativity-future-promoting-critical-thinking-problem-solving-classroom\/#primaryimage","url":"https:\/\/www.peetri.edu.ee\/pohikool\/wp-content\/uploads\/sites\/3\/2022\/12\/logo_erasmus.png","contentUrl":"https:\/\/www.peetri.edu.ee\/pohikool\/wp-content\/uploads\/sites\/3\/2022\/12\/logo_erasmus.png","width":480,"height":132},{"@type":"BreadcrumbList","@id":"https:\/\/www.peetri.edu.ee\/pohikool\/erasmus-opiranded\/2019-2021-projekt\/creativity-future-promoting-critical-thinking-problem-solving-classroom\/#breadcrumb","itemListElement":[{"@type":"ListItem","position":1,"name":"Home","item":"https:\/\/www.peetri.edu.ee\/pohikool\/"},{"@type":"ListItem","position":2,"name":"Erasmus+ \u00f5pir\u00e4nded ja koost\u00f6\u00f6projektid","item":"https:\/\/www.peetri.edu.ee\/pohikool\/erasmus-opiranded\/"},{"@type":"ListItem","position":3,"name":"2019-2022 projekt","item":"https:\/\/www.peetri.edu.ee\/pohikool\/erasmus-opiranded\/2019-2021-projekt\/"},{"@type":"ListItem","position":4,"name":"Creativity for the future: promoting Critical Thinking and Problem-Solving in the classroom"}]},{"@type":"WebSite","@id":"https:\/\/www.peetri.edu.ee\/pohikool\/#website","url":"https:\/\/www.peetri.edu.ee\/pohikool\/","name":"Peetri P\u00f5hikool","description":"Igas inimeses on p\u00e4ike, laskem tal s\u00e4rada","potentialAction":[{"@type":"SearchAction","target":{"@type":"EntryPoint","urlTemplate":"https:\/\/www.peetri.edu.ee\/pohikool\/?s={search_term_string}"},"query-input":{"@type":"PropertyValueSpecification","valueRequired":true,"valueName":"search_term_string"}}],"inLanguage":"et"}]}},"acf":[],"_links":{"self":[{"href":"https:\/\/www.peetri.edu.ee\/pohikool\/wp-json\/wp\/v2\/pages\/5795","targetHints":{"allow":["GET"]}}],"collection":[{"href":"https:\/\/www.peetri.edu.ee\/pohikool\/wp-json\/wp\/v2\/pages"}],"about":[{"href":"https:\/\/www.peetri.edu.ee\/pohikool\/wp-json\/wp\/v2\/types\/page"}],"author":[{"embeddable":true,"href":"https:\/\/www.peetri.edu.ee\/pohikool\/wp-json\/wp\/v2\/users\/1"}],"replies":[{"embeddable":true,"href":"https:\/\/www.peetri.edu.ee\/pohikool\/wp-json\/wp\/v2\/comments?post=5795"}],"version-history":[{"count":4,"href":"https:\/\/www.peetri.edu.ee\/pohikool\/wp-json\/wp\/v2\/pages\/5795\/revisions"}],"predecessor-version":[{"id":6774,"href":"https:\/\/www.peetri.edu.ee\/pohikool\/wp-json\/wp\/v2\/pages\/5795\/revisions\/6774"}],"up":[{"embeddable":true,"href":"https:\/\/www.peetri.edu.ee\/pohikool\/wp-json\/wp\/v2\/pages\/3343"}],"wp:attachment":[{"href":"https:\/\/www.peetri.edu.ee\/pohikool\/wp-json\/wp\/v2\/media?parent=5795"}],"curies":[{"name":"wp","href":"https:\/\/api.w.org\/{rel}","templated":true}]}}