{"id":5791,"date":"2021-11-05T08:34:27","date_gmt":"2021-11-05T06:34:27","guid":{"rendered":"https:\/\/www.peetri.edu.ee\/pohikool\/?page_id=5791"},"modified":"2023-09-15T16:23:16","modified_gmt":"2023-09-15T13:23:16","slug":"toovarjutamine-hispaania-koolides","status":"publish","type":"page","link":"https:\/\/www.peetri.edu.ee\/pohikool\/erasmus-opiranded\/2020-2022-projekt\/toovarjutamine-hispaania-koolides\/","title":{"rendered":"T\u00f6\u00f6varjutamine Hispaania koolides"},"content":{"rendered":"<p>25.10.2021 &#8211; 27.10.2021, Escola Annexa Joan Puigbert, Carrer Isabel la Cat\u00f2lica, 24, 17004 Girona, Spain<\/p>\n<p>28.10.2021 &#8211; 29.10.2021, Escola La Benaula, Caldes de Malavella, Spain<\/p>\n<p><a href=\"https:\/\/www.peetri.edu.ee\/pohikool\/wp-content\/uploads\/sites\/3\/2021\/11\/20211029_164549.jpg\"><img loading=\"lazy\" decoding=\"async\" class=\"alignnone size-medium wp-image-7947\" src=\"https:\/\/www.peetri.edu.ee\/pohikool\/wp-content\/uploads\/sites\/3\/2021\/11\/20211029_164549-300x142.jpg\" alt=\"\" width=\"300\" height=\"142\" \/><\/a><a href=\"https:\/\/www.peetri.edu.ee\/pohikool\/wp-content\/uploads\/sites\/3\/2021\/11\/20211025_123135.jpg\"><img loading=\"lazy\" decoding=\"async\" class=\"alignnone size-medium wp-image-7948\" src=\"https:\/\/www.peetri.edu.ee\/pohikool\/wp-content\/uploads\/sites\/3\/2021\/11\/20211025_123135-300x142.jpg\" alt=\"\" width=\"300\" height=\"142\" \/><\/a><\/p>\n<p><a href=\"https:\/\/www.peetri.edu.ee\/pohikool\/wp-content\/uploads\/sites\/3\/2021\/11\/20211027_134231.jpg\"><img loading=\"lazy\" decoding=\"async\" class=\"alignnone size-medium wp-image-7950\" src=\"https:\/\/www.peetri.edu.ee\/pohikool\/wp-content\/uploads\/sites\/3\/2021\/11\/20211027_134231-300x142.jpg\" alt=\"\" width=\"300\" height=\"142\" \/><\/a><\/p>\n<p>Esimeses koolis olid inglise keele \u00f5petajad kolm p\u00e4eva, k\u00fclastades nii kooli kui lasteaia osa. \u00d5petajad j\u00e4lgisid erinevate ainete tunde. Koolis j\u00e4lgisid \u00f5petajad matemaatika, inglise keele ja kehalise kasvatuse ning draama\u00f5petuse tunde, lasteaia poolel kunstitundi ja r\u00fchmade\u00fclest projekt\u00f5pet. Projekt\u00f5ppe \u00fcheks osaks oli matemaatika. Lapsed olid jaotatud gruppidesse, neid juhendas kaks \u00f5petajat. Kuna r\u00fchmas olid eri vanuses lapsed, siis v\u00e4iksemad t\u00f6\u00f6tasid oma r\u00fchmaruumis ja vanemad lapsed liikusid erinevate r\u00fchmade vahel vastavalt teemale. Projekt l\u00f5ppes \u00f5ues, kui lapsed rajasid kooli aeda k\u00f6\u00f6giviljapeenra. Ohutustehnilises m\u00f5ttes oli seda k\u00f5rvalt vaadata p\u00e4ris \u00f5udne. Lapsed kasutasid erinevaid t\u00f6\u00f6riistu ja kasvataja ei sekkunud \u00fcldse.<\/p>\n<p>Koolis toimunud kehalise kasvatuse tund j\u00e4ttis kustumatu mulje. Enamus tegevusest toimus paberil ja asfalteeritud v\u00e4ljakul ilma igasuguste vahenditeta ja tavariietuses. Ilm oli kuum ja tolmu taevani ning j\u00e4rgmisesse tundi suundusid lapsed samades riietes.<\/p>\n<p>Vahetundides olid lapsed \u00f5ues ja nendega koos olid monitoorijad. \u00d5petajad \u00f5ues ei viibinud, nende jaoks oli vahetund aeg puhkamiseks. S\u00f6\u00f6givahetunnil l\u00e4ksid \u00f5pilased iseseisvalt s\u00f6\u00f6klasse ning korra eest s\u00f6\u00f6klas vastutasid samad monitoorijad, kes enne olid nendega \u00f5ues. L\u00f5unapaus kestis kaks tundi. Osa \u00f5pilasi l\u00e4ks selleks ajaks koju. Kes koju ei l\u00e4inud, j\u00e4id monitoorijate hole alla.<\/p>\n<p>Kogu koolip\u00e4ev kestis kella \u00fcheksast poole viieni. P\u00e4rastl\u00f5unased tunnid olid seotud kas liikumise, muusika, kunsti v\u00f5i draamaga. \u00d5petajad k\u00fclastasid ka \u00fchte draamatundi. Tunni teema oli p\u00e4ris huvitav, aga lapsed olid nii v\u00e4sinud, et j\u00e4id saali p\u00f5randale magama. \u00d5petajatel oli t\u00fckk tegemist, et neid \u00e4rkvel hoida. Meie \u00f5petajate jaoks oli huvitav j\u00e4lgida, kuidas t\u00f6\u00f6 oli kahe \u00f5petaja vahel jagatud.<\/p>\n<p><strong>Kultuurilised v\u00e4ljas\u00f5idud<\/strong><\/p>\n<p>&nbsp;<\/p>\n<p>Ekskursioon Girona vanalinnas. Giidiks oli kohaliku kooli inglise keele \u00f5petaja, kes viis \u00f5petajad tutvuma kohalike vaatamisv\u00e4\u00e4rsustega, millega kooli programmi raames tutvuvad ka nende \u00f5pilased. Meie \u00f5petajatele n\u00e4idati neid t\u00e4navaid, kus toimub aasta suurim pidustus, Kastanip\u00e4eva karneval ja rongk\u00e4ik.<\/p>\n<p>Kohaliku toidu ja joogiga tutvusid \u00f5petajad \u00f5htus\u00f6\u00f6gil koos kahe kooli \u00f5petajatega.<\/p>\n<p><a href=\"https:\/\/www.peetri.edu.ee\/pohikool\/wp-content\/uploads\/sites\/3\/2021\/11\/20211029_164323.jpg\"><img loading=\"lazy\" decoding=\"async\" class=\"wp-image-7949 alignleft\" src=\"https:\/\/www.peetri.edu.ee\/pohikool\/wp-content\/uploads\/sites\/3\/2021\/11\/20211029_164323-300x287.jpg\" alt=\"\" width=\"160\" height=\"153\" \/><\/a>Teises koolis viibisid meie \u00f5petajad kaks koolip\u00e4eva. Erinevus kahe kooli vahel oli tuntav. Direktor, kes k\u00fclaliste suhtes oli \u00e4\u00e4rmiselt t\u00e4helepanelik, r\u00e4\u00e4kis uhkusega, et on eeskujuna kasutanud Soome kooli<\/p>\n<p>kogemusi. \u00d5pilastel olid vahetusjalatsid, igas klassiruumis olid arvutid ning vanemad olid rohkem kooliellu kaasatud.<\/p>\n<p>Meie \u00f5petajad tundsid end v\u00e4ga koduselt, tunnid meie kooli tundidest siin palju ei erinenud. T\u00f6\u00f6korralduses \u00fcllatas see, et \u00f5petaja valis v\u00e4lja sobiva materjali ning abi\u00f5petja \u00fclesandeks oli j\u00e4rgmiseks tunniks k\u00f5ik valmis panna. Abi\u00f5petaja m\u00e4rkis ka puudujad, jaotas t\u00f6\u00f6lehed, tegeles individuaalset juhendamist vajavate \u00f5pilastega ning hoolitses klassi korrasoleku eest.<\/p>\n<p>&nbsp;<\/p>\n<p>Kultuurilised elamused<\/p>\n<p>Meie \u00f5petajate sealviibimise ajal t\u00e4histati Kastanip\u00fcha. Vanemad ja vanavanemad tulid kooli ja koos k\u00fcpsetati kastaneid. K\u00f5ik kandsid kost\u00fc\u00fcme ning valmistuti \u00f5htuseks pidustuseks. Tunde sel p\u00e4rastl\u00f5unal polnud.<\/p>\n<p>\u00d5htul nautisid k\u00f5ik linnas karnevali.<\/p>\n<p><a href=\"https:\/\/www.peetri.edu.ee\/pohikool\/wp-content\/uploads\/sites\/3\/2021\/11\/20211027_094204.jpg\"><img loading=\"lazy\" decoding=\"async\" class=\"alignnone size-medium wp-image-7951\" src=\"https:\/\/www.peetri.edu.ee\/pohikool\/wp-content\/uploads\/sites\/3\/2021\/11\/20211027_094204-300x142.jpg\" alt=\"\" width=\"300\" height=\"142\" \/><\/a><a href=\"https:\/\/www.peetri.edu.ee\/pohikool\/wp-content\/uploads\/sites\/3\/2021\/11\/20211026_162657.jpg\"><img loading=\"lazy\" decoding=\"async\" class=\"alignnone wp-image-7952\" src=\"https:\/\/www.peetri.edu.ee\/pohikool\/wp-content\/uploads\/sites\/3\/2021\/11\/20211026_162657-300x175.jpg\" alt=\"\" width=\"242\" height=\"141\" \/><\/a><a href=\"https:\/\/www.peetri.edu.ee\/pohikool\/wp-content\/uploads\/sites\/3\/2021\/11\/20211027_101349.jpg\"><img loading=\"lazy\" decoding=\"async\" class=\"alignnone wp-image-7953\" src=\"https:\/\/www.peetri.edu.ee\/pohikool\/wp-content\/uploads\/sites\/3\/2021\/11\/20211027_101349-300x226.jpg\" alt=\"\" width=\"186\" height=\"140\" \/><\/a><\/p>\n<p><a href=\"https:\/\/www.peetri.edu.ee\/pohikool\/wp-content\/uploads\/sites\/3\/2021\/11\/20211029_113326.jpg\"><img loading=\"lazy\" decoding=\"async\" class=\"alignnone size-medium wp-image-7954\" src=\"https:\/\/www.peetri.edu.ee\/pohikool\/wp-content\/uploads\/sites\/3\/2021\/11\/20211029_113326-300x142.jpg\" alt=\"\" width=\"300\" height=\"142\" \/><\/a>\u00a0 \u00a0\u00a0<a href=\"https:\/\/www.peetri.edu.ee\/pohikool\/wp-content\/uploads\/sites\/3\/2021\/11\/20211028_112416.jpg\"><img loading=\"lazy\" decoding=\"async\" class=\"alignnone wp-image-7955\" src=\"https:\/\/www.peetri.edu.ee\/pohikool\/wp-content\/uploads\/sites\/3\/2021\/11\/20211028_112416-300x158.jpg\" alt=\"\" width=\"270\" height=\"142\" \/><\/a><a href=\"https:\/\/www.peetri.edu.ee\/pohikool\/wp-content\/uploads\/sites\/3\/2021\/11\/20211029_101352.jpg\"><img loading=\"lazy\" decoding=\"async\" class=\"alignnone size-medium wp-image-7956\" src=\"https:\/\/www.peetri.edu.ee\/pohikool\/wp-content\/uploads\/sites\/3\/2021\/11\/20211029_101352-300x142.jpg\" alt=\"\" width=\"300\" height=\"142\" \/><\/a><\/p>\n<p><a href=\"https:\/\/www.peetri.edu.ee\/pohikool\/wp-content\/uploads\/sites\/3\/2021\/11\/20211029_170643.jpg\"><img loading=\"lazy\" decoding=\"async\" class=\"alignnone size-medium wp-image-7958\" src=\"https:\/\/www.peetri.edu.ee\/pohikool\/wp-content\/uploads\/sites\/3\/2021\/11\/20211029_170643-300x142.jpg\" alt=\"\" width=\"300\" height=\"142\" \/><\/a>\u00a0<a href=\"https:\/\/www.peetri.edu.ee\/pohikool\/wp-content\/uploads\/sites\/3\/2021\/11\/20211026_164550.jpg\"><img loading=\"lazy\" decoding=\"async\" class=\"alignnone size-medium wp-image-7957\" src=\"https:\/\/www.peetri.edu.ee\/pohikool\/wp-content\/uploads\/sites\/3\/2021\/11\/20211026_164550-300x142.jpg\" alt=\"\" width=\"300\" height=\"142\" \/><\/a><\/p>\n<p>&nbsp;<\/p>\n","protected":false},"excerpt":{"rendered":"<p>25.10.2021 &#8211; 27.10.2021, Escola Annexa Joan Puigbert, Carrer Isabel la Cat\u00f2lica, 24, 17004 Girona, Spain 28.10.2021 &#8211; 29.10.2021, Escola La&#8230;<\/p>\n","protected":false},"author":1,"featured_media":0,"parent":5568,"menu_order":30,"comment_status":"closed","ping_status":"closed","template":"","meta":{"_acf_changed":false,"footnotes":""},"class_list":["post-5791","page","type-page","status-publish","hentry"],"yoast_head":"<!-- This site is optimized with the Yoast SEO plugin v27.2 - https:\/\/yoast.com\/product\/yoast-seo-wordpress\/ -->\n<title>T\u00f6\u00f6varjutamine Hispaania koolides - Peetri P\u00f5hikool<\/title>\n<meta name=\"robots\" content=\"index, follow, max-snippet:-1, max-image-preview:large, max-video-preview:-1\" \/>\n<link rel=\"canonical\" href=\"https:\/\/www.peetri.edu.ee\/pohikool\/erasmus-opiranded\/2020-2022-projekt\/toovarjutamine-hispaania-koolides\/\" \/>\n<meta property=\"og:locale\" content=\"et_EE\" \/>\n<meta property=\"og:type\" content=\"article\" \/>\n<meta property=\"og:title\" content=\"T\u00f6\u00f6varjutamine Hispaania koolides - Peetri P\u00f5hikool\" \/>\n<meta property=\"og:description\" content=\"25.10.2021 &#8211; 27.10.2021, Escola Annexa Joan Puigbert, Carrer Isabel la Cat\u00f2lica, 24, 17004 Girona, Spain 28.10.2021 &#8211; 29.10.2021, Escola La...\" \/>\n<meta property=\"og:url\" content=\"https:\/\/www.peetri.edu.ee\/pohikool\/erasmus-opiranded\/2020-2022-projekt\/toovarjutamine-hispaania-koolides\/\" \/>\n<meta property=\"og:site_name\" content=\"Peetri P\u00f5hikool\" \/>\n<meta property=\"article:modified_time\" content=\"2023-09-15T13:23:16+00:00\" \/>\n<meta property=\"og:image\" content=\"https:\/\/www.peetri.edu.ee\/pohikool\/wp-content\/uploads\/sites\/3\/2021\/11\/20211029_164549-300x142.jpg\" \/>\n<meta name=\"twitter:card\" content=\"summary_large_image\" \/>\n<meta name=\"twitter:label1\" content=\"Est. reading time\" \/>\n\t<meta name=\"twitter:data1\" content=\"3 minutit\" \/>\n<script type=\"application\/ld+json\" class=\"yoast-schema-graph\">{\"@context\":\"https:\/\/schema.org\",\"@graph\":[{\"@type\":\"WebPage\",\"@id\":\"https:\/\/www.peetri.edu.ee\/pohikool\/erasmus-opiranded\/2020-2022-projekt\/toovarjutamine-hispaania-koolides\/\",\"url\":\"https:\/\/www.peetri.edu.ee\/pohikool\/erasmus-opiranded\/2020-2022-projekt\/toovarjutamine-hispaania-koolides\/\",\"name\":\"T\u00f6\u00f6varjutamine Hispaania koolides - Peetri P\u00f5hikool\",\"isPartOf\":{\"@id\":\"https:\/\/www.peetri.edu.ee\/pohikool\/#website\"},\"primaryImageOfPage\":{\"@id\":\"https:\/\/www.peetri.edu.ee\/pohikool\/erasmus-opiranded\/2020-2022-projekt\/toovarjutamine-hispaania-koolides\/#primaryimage\"},\"image\":{\"@id\":\"https:\/\/www.peetri.edu.ee\/pohikool\/erasmus-opiranded\/2020-2022-projekt\/toovarjutamine-hispaania-koolides\/#primaryimage\"},\"thumbnailUrl\":\"https:\/\/www.peetri.edu.ee\/pohikool\/wp-content\/uploads\/sites\/3\/2021\/11\/20211029_164549-300x142.jpg\",\"datePublished\":\"2021-11-05T06:34:27+00:00\",\"dateModified\":\"2023-09-15T13:23:16+00:00\",\"breadcrumb\":{\"@id\":\"https:\/\/www.peetri.edu.ee\/pohikool\/erasmus-opiranded\/2020-2022-projekt\/toovarjutamine-hispaania-koolides\/#breadcrumb\"},\"inLanguage\":\"et\",\"potentialAction\":[{\"@type\":\"ReadAction\",\"target\":[\"https:\/\/www.peetri.edu.ee\/pohikool\/erasmus-opiranded\/2020-2022-projekt\/toovarjutamine-hispaania-koolides\/\"]}]},{\"@type\":\"ImageObject\",\"inLanguage\":\"et\",\"@id\":\"https:\/\/www.peetri.edu.ee\/pohikool\/erasmus-opiranded\/2020-2022-projekt\/toovarjutamine-hispaania-koolides\/#primaryimage\",\"url\":\"https:\/\/www.peetri.edu.ee\/pohikool\/wp-content\/uploads\/sites\/3\/2021\/11\/20211029_164549.jpg\",\"contentUrl\":\"https:\/\/www.peetri.edu.ee\/pohikool\/wp-content\/uploads\/sites\/3\/2021\/11\/20211029_164549.jpg\",\"width\":2016,\"height\":954},{\"@type\":\"BreadcrumbList\",\"@id\":\"https:\/\/www.peetri.edu.ee\/pohikool\/erasmus-opiranded\/2020-2022-projekt\/toovarjutamine-hispaania-koolides\/#breadcrumb\",\"itemListElement\":[{\"@type\":\"ListItem\",\"position\":1,\"name\":\"Home\",\"item\":\"https:\/\/www.peetri.edu.ee\/pohikool\/\"},{\"@type\":\"ListItem\",\"position\":2,\"name\":\"Erasmus+ \u00f5pir\u00e4nded ja koost\u00f6\u00f6projektid\",\"item\":\"https:\/\/www.peetri.edu.ee\/pohikool\/erasmus-opiranded\/\"},{\"@type\":\"ListItem\",\"position\":3,\"name\":\"2020-2023 projekt\",\"item\":\"https:\/\/www.peetri.edu.ee\/pohikool\/erasmus-opiranded\/2020-2022-projekt\/\"},{\"@type\":\"ListItem\",\"position\":4,\"name\":\"T\u00f6\u00f6varjutamine Hispaania koolides\"}]},{\"@type\":\"WebSite\",\"@id\":\"https:\/\/www.peetri.edu.ee\/pohikool\/#website\",\"url\":\"https:\/\/www.peetri.edu.ee\/pohikool\/\",\"name\":\"Peetri P\u00f5hikool\",\"description\":\"Igas inimeses on p\u00e4ike, laskem tal s\u00e4rada\",\"potentialAction\":[{\"@type\":\"SearchAction\",\"target\":{\"@type\":\"EntryPoint\",\"urlTemplate\":\"https:\/\/www.peetri.edu.ee\/pohikool\/?s={search_term_string}\"},\"query-input\":{\"@type\":\"PropertyValueSpecification\",\"valueRequired\":true,\"valueName\":\"search_term_string\"}}],\"inLanguage\":\"et\"}]}<\/script>\n<!-- \/ Yoast SEO plugin. -->","yoast_head_json":{"title":"T\u00f6\u00f6varjutamine Hispaania koolides - Peetri P\u00f5hikool","robots":{"index":"index","follow":"follow","max-snippet":"max-snippet:-1","max-image-preview":"max-image-preview:large","max-video-preview":"max-video-preview:-1"},"canonical":"https:\/\/www.peetri.edu.ee\/pohikool\/erasmus-opiranded\/2020-2022-projekt\/toovarjutamine-hispaania-koolides\/","og_locale":"et_EE","og_type":"article","og_title":"T\u00f6\u00f6varjutamine Hispaania koolides - Peetri P\u00f5hikool","og_description":"25.10.2021 &#8211; 27.10.2021, Escola Annexa Joan Puigbert, Carrer Isabel la Cat\u00f2lica, 24, 17004 Girona, Spain 28.10.2021 &#8211; 29.10.2021, Escola La...","og_url":"https:\/\/www.peetri.edu.ee\/pohikool\/erasmus-opiranded\/2020-2022-projekt\/toovarjutamine-hispaania-koolides\/","og_site_name":"Peetri P\u00f5hikool","article_modified_time":"2023-09-15T13:23:16+00:00","og_image":[{"url":"https:\/\/www.peetri.edu.ee\/pohikool\/wp-content\/uploads\/sites\/3\/2021\/11\/20211029_164549-300x142.jpg","type":"","width":"","height":""}],"twitter_card":"summary_large_image","twitter_misc":{"Est. reading time":"3 minutit"},"schema":{"@context":"https:\/\/schema.org","@graph":[{"@type":"WebPage","@id":"https:\/\/www.peetri.edu.ee\/pohikool\/erasmus-opiranded\/2020-2022-projekt\/toovarjutamine-hispaania-koolides\/","url":"https:\/\/www.peetri.edu.ee\/pohikool\/erasmus-opiranded\/2020-2022-projekt\/toovarjutamine-hispaania-koolides\/","name":"T\u00f6\u00f6varjutamine Hispaania koolides - Peetri P\u00f5hikool","isPartOf":{"@id":"https:\/\/www.peetri.edu.ee\/pohikool\/#website"},"primaryImageOfPage":{"@id":"https:\/\/www.peetri.edu.ee\/pohikool\/erasmus-opiranded\/2020-2022-projekt\/toovarjutamine-hispaania-koolides\/#primaryimage"},"image":{"@id":"https:\/\/www.peetri.edu.ee\/pohikool\/erasmus-opiranded\/2020-2022-projekt\/toovarjutamine-hispaania-koolides\/#primaryimage"},"thumbnailUrl":"https:\/\/www.peetri.edu.ee\/pohikool\/wp-content\/uploads\/sites\/3\/2021\/11\/20211029_164549-300x142.jpg","datePublished":"2021-11-05T06:34:27+00:00","dateModified":"2023-09-15T13:23:16+00:00","breadcrumb":{"@id":"https:\/\/www.peetri.edu.ee\/pohikool\/erasmus-opiranded\/2020-2022-projekt\/toovarjutamine-hispaania-koolides\/#breadcrumb"},"inLanguage":"et","potentialAction":[{"@type":"ReadAction","target":["https:\/\/www.peetri.edu.ee\/pohikool\/erasmus-opiranded\/2020-2022-projekt\/toovarjutamine-hispaania-koolides\/"]}]},{"@type":"ImageObject","inLanguage":"et","@id":"https:\/\/www.peetri.edu.ee\/pohikool\/erasmus-opiranded\/2020-2022-projekt\/toovarjutamine-hispaania-koolides\/#primaryimage","url":"https:\/\/www.peetri.edu.ee\/pohikool\/wp-content\/uploads\/sites\/3\/2021\/11\/20211029_164549.jpg","contentUrl":"https:\/\/www.peetri.edu.ee\/pohikool\/wp-content\/uploads\/sites\/3\/2021\/11\/20211029_164549.jpg","width":2016,"height":954},{"@type":"BreadcrumbList","@id":"https:\/\/www.peetri.edu.ee\/pohikool\/erasmus-opiranded\/2020-2022-projekt\/toovarjutamine-hispaania-koolides\/#breadcrumb","itemListElement":[{"@type":"ListItem","position":1,"name":"Home","item":"https:\/\/www.peetri.edu.ee\/pohikool\/"},{"@type":"ListItem","position":2,"name":"Erasmus+ \u00f5pir\u00e4nded ja koost\u00f6\u00f6projektid","item":"https:\/\/www.peetri.edu.ee\/pohikool\/erasmus-opiranded\/"},{"@type":"ListItem","position":3,"name":"2020-2023 projekt","item":"https:\/\/www.peetri.edu.ee\/pohikool\/erasmus-opiranded\/2020-2022-projekt\/"},{"@type":"ListItem","position":4,"name":"T\u00f6\u00f6varjutamine Hispaania koolides"}]},{"@type":"WebSite","@id":"https:\/\/www.peetri.edu.ee\/pohikool\/#website","url":"https:\/\/www.peetri.edu.ee\/pohikool\/","name":"Peetri P\u00f5hikool","description":"Igas inimeses on p\u00e4ike, laskem tal s\u00e4rada","potentialAction":[{"@type":"SearchAction","target":{"@type":"EntryPoint","urlTemplate":"https:\/\/www.peetri.edu.ee\/pohikool\/?s={search_term_string}"},"query-input":{"@type":"PropertyValueSpecification","valueRequired":true,"valueName":"search_term_string"}}],"inLanguage":"et"}]}},"acf":[],"_links":{"self":[{"href":"https:\/\/www.peetri.edu.ee\/pohikool\/wp-json\/wp\/v2\/pages\/5791","targetHints":{"allow":["GET"]}}],"collection":[{"href":"https:\/\/www.peetri.edu.ee\/pohikool\/wp-json\/wp\/v2\/pages"}],"about":[{"href":"https:\/\/www.peetri.edu.ee\/pohikool\/wp-json\/wp\/v2\/types\/page"}],"author":[{"embeddable":true,"href":"https:\/\/www.peetri.edu.ee\/pohikool\/wp-json\/wp\/v2\/users\/1"}],"replies":[{"embeddable":true,"href":"https:\/\/www.peetri.edu.ee\/pohikool\/wp-json\/wp\/v2\/comments?post=5791"}],"version-history":[{"count":4,"href":"https:\/\/www.peetri.edu.ee\/pohikool\/wp-json\/wp\/v2\/pages\/5791\/revisions"}],"predecessor-version":[{"id":7960,"href":"https:\/\/www.peetri.edu.ee\/pohikool\/wp-json\/wp\/v2\/pages\/5791\/revisions\/7960"}],"up":[{"embeddable":true,"href":"https:\/\/www.peetri.edu.ee\/pohikool\/wp-json\/wp\/v2\/pages\/5568"}],"wp:attachment":[{"href":"https:\/\/www.peetri.edu.ee\/pohikool\/wp-json\/wp\/v2\/media?parent=5791"}],"curies":[{"name":"wp","href":"https:\/\/api.w.org\/{rel}","templated":true}]}}