{"id":5789,"date":"2021-11-05T08:34:09","date_gmt":"2021-11-05T06:34:09","guid":{"rendered":"https:\/\/www.peetri.edu.ee\/pohikool\/?page_id=5789"},"modified":"2023-09-26T16:05:24","modified_gmt":"2023-09-26T13:05:24","slug":"outdoor-environmental-education-course-european-educators-primary-secondary-level","status":"publish","type":"page","link":"https:\/\/www.peetri.edu.ee\/pohikool\/erasmus-opiranded\/2020-2022-projekt\/outdoor-environmental-education-course-european-educators-primary-secondary-level\/","title":{"rendered":"Outdoor and nature-based education and experiential learning"},"content":{"rendered":"<div>\u00a0<img loading=\"lazy\" decoding=\"async\" class=\"alignnone wp-image-7197\" src=\"https:\/\/www.peetri.edu.ee\/pohikool\/wp-content\/uploads\/sites\/3\/2021\/08\/logoEL-300x83.png\" alt=\"\" width=\"210\" height=\"58\" \/><\/div>\n<p><img loading=\"lazy\" decoding=\"async\" class=\" wp-image-5922 alignleft\" src=\"https:\/\/www.peetri.edu.ee\/pohikool\/wp-content\/uploads\/sites\/3\/2021\/12\/IMG-20211215-WA0002-225x300.jpg\" alt=\"\" width=\"234\" height=\"312\" \/><\/p>\n<div>\u00d5petajad Maarja Lainevoog ja Mattias J\u00fcrgens viibisid 13.12-17.12.21\u00a0 Euroopa Liidu poolt rahastatava\u00a0\u00a0Erasmus+\u00a0\u00a0\u00f5pir\u00e4ndeprojekti \u201c\u00d5ppimise t\u00f5hustamine kaasates erinevaid meetodeid ning \u00f5petajate enesearengut\u201d raames \u00f5ues\u00f5ppekoolitusel \u201cOutdoor and nature-based education\u201d\u00a0Hispaanias.<\/div>\n<div><\/div>\n<div>Praktiliste t\u00f6\u00f6tubade kaudu kajastatakse \u00f5ues\u00f5ppe mitmek\u00fclgsust ja seda, kuidas\u00a0 saab formaalset \u00f5pet kohandada \u00f5ues, nt parkides, kooli aias, v\u00e4ljakutel ja platsidel, t\u00e4naval, metsades, m\u00e4gedes, rand jne.<\/div>\n<div>Kursusel saadakse\u00a0 teadmisi ja oskuseid, kuidas<\/div>\n<ul>\n<li>\n<p dir=\"ltr\">kogemusliku ja aktiiv\u00f5ppe metoodikat rakendatatakse \u00f5ues.<\/p>\n<\/li>\n<li>\n<p dir=\"ltr\">m\u00e4nge, draamateatrit ja improvisatsiooniteatrit kasutatakse v\u00e4litingimustes.<\/p>\n<\/li>\n<li>\n<p dir=\"ltr\">parandada \u00f5pilaste motivatsiooni ja kaasatust, rakendades \u00f5ues\u00f5pet erinevates formaalsetes tingimustes (keel ja kirjandus, bioloogia, matemaatika, ajalugu, geograafia jne).<\/p>\n<\/li>\n<li>\n<p dir=\"ltr\">arendada sotsiaalseid oskusi ja emotsionaalset intelligentsust \u00f5ues toimuvate tegevuste ja m\u00e4ngude kaudu.<\/p>\n<\/li>\n<li>\n<p dir=\"ltr\">koostada klassiruumi\/keskuse plaani mitteformaalse sise- ja v\u00e4lis\u00f5ppetegevuse kohta.<\/p>\n<\/li>\n<li>\n<p dir=\"ltr\">\u00f5petada \u00f5ues\u00f5ppes eetikat ja riske.<\/p>\n<\/li>\n<li>luua stimuleeriv ja avatud \u00f5pikeskkond ning soodustada kollektiivset \u00f5ppimist.<\/li>\n<\/ul>\n<p><img loading=\"lazy\" decoding=\"async\" class=\"size-medium wp-image-5921 alignleft\" src=\"https:\/\/www.peetri.edu.ee\/pohikool\/wp-content\/uploads\/sites\/3\/2021\/12\/IMG-20211215-WA0014-300x225.jpg\" alt=\"\" width=\"300\" height=\"225\" \/><\/p>\n<p><img loading=\"lazy\" decoding=\"async\" class=\"size-medium wp-image-5920 alignleft\" src=\"https:\/\/www.peetri.edu.ee\/pohikool\/wp-content\/uploads\/sites\/3\/2021\/12\/IMG-20211215-WA0007-300x225.jpg\" alt=\"\" width=\"300\" height=\"225\" \/><\/p>\n<p>&nbsp;<\/p>\n<p>&nbsp;<\/p>\n<p>&nbsp;<\/p>\n<p>&nbsp;<\/p>\n<p>&nbsp;<\/p>\n<p>Teema: Aardejaht metsas koos erinevate \u00fclesannete lahendamisega.<\/p>\n<p>&nbsp;<\/p>\n<p>&nbsp;<\/p>\n","protected":false},"excerpt":{"rendered":"<p>\u00a0 \u00d5petajad Maarja Lainevoog ja Mattias J\u00fcrgens viibisid 13.12-17.12.21\u00a0 Euroopa Liidu poolt rahastatava\u00a0\u00a0Erasmus+\u00a0\u00a0\u00f5pir\u00e4ndeprojekti \u201c\u00d5ppimise t\u00f5hustamine kaasates erinevaid meetodeid ning \u00f5petajate&#8230;<\/p>\n","protected":false},"author":1,"featured_media":0,"parent":5568,"menu_order":25,"comment_status":"closed","ping_status":"closed","template":"","meta":{"_acf_changed":false,"footnotes":""},"class_list":["post-5789","page","type-page","status-publish","hentry"],"yoast_head":"<!-- This site is optimized with the Yoast SEO plugin v27.2 - https:\/\/yoast.com\/product\/yoast-seo-wordpress\/ -->\n<title>Outdoor and nature-based education and experiential learning - Peetri P\u00f5hikool<\/title>\n<meta name=\"robots\" content=\"index, follow, max-snippet:-1, max-image-preview:large, max-video-preview:-1\" \/>\n<link rel=\"canonical\" href=\"https:\/\/www.peetri.edu.ee\/pohikool\/erasmus-opiranded\/2020-2022-projekt\/outdoor-environmental-education-course-european-educators-primary-secondary-level\/\" \/>\n<meta property=\"og:locale\" content=\"et_EE\" \/>\n<meta property=\"og:type\" content=\"article\" \/>\n<meta property=\"og:title\" content=\"Outdoor and nature-based education and experiential learning - Peetri P\u00f5hikool\" \/>\n<meta property=\"og:description\" content=\"\u00a0 \u00d5petajad Maarja Lainevoog ja Mattias J\u00fcrgens viibisid 13.12-17.12.21\u00a0 Euroopa Liidu poolt rahastatava\u00a0\u00a0Erasmus+\u00a0\u00a0\u00f5pir\u00e4ndeprojekti \u201c\u00d5ppimise t\u00f5hustamine kaasates erinevaid meetodeid ning \u00f5petajate...\" \/>\n<meta property=\"og:url\" content=\"https:\/\/www.peetri.edu.ee\/pohikool\/erasmus-opiranded\/2020-2022-projekt\/outdoor-environmental-education-course-european-educators-primary-secondary-level\/\" \/>\n<meta property=\"og:site_name\" content=\"Peetri P\u00f5hikool\" \/>\n<meta property=\"article:modified_time\" content=\"2023-09-26T13:05:24+00:00\" \/>\n<meta property=\"og:image\" content=\"https:\/\/www.peetri.edu.ee\/pohikool\/wp-content\/uploads\/sites\/3\/2021\/08\/logoEL-300x83.png\" \/>\n<meta name=\"twitter:card\" content=\"summary_large_image\" \/>\n<meta name=\"twitter:label1\" content=\"Est. reading time\" \/>\n\t<meta name=\"twitter:data1\" content=\"1 minut\" \/>\n<script type=\"application\/ld+json\" class=\"yoast-schema-graph\">{\"@context\":\"https:\/\/schema.org\",\"@graph\":[{\"@type\":\"WebPage\",\"@id\":\"https:\/\/www.peetri.edu.ee\/pohikool\/erasmus-opiranded\/2020-2022-projekt\/outdoor-environmental-education-course-european-educators-primary-secondary-level\/\",\"url\":\"https:\/\/www.peetri.edu.ee\/pohikool\/erasmus-opiranded\/2020-2022-projekt\/outdoor-environmental-education-course-european-educators-primary-secondary-level\/\",\"name\":\"Outdoor and nature-based education and experiential learning - Peetri P\u00f5hikool\",\"isPartOf\":{\"@id\":\"https:\/\/www.peetri.edu.ee\/pohikool\/#website\"},\"primaryImageOfPage\":{\"@id\":\"https:\/\/www.peetri.edu.ee\/pohikool\/erasmus-opiranded\/2020-2022-projekt\/outdoor-environmental-education-course-european-educators-primary-secondary-level\/#primaryimage\"},\"image\":{\"@id\":\"https:\/\/www.peetri.edu.ee\/pohikool\/erasmus-opiranded\/2020-2022-projekt\/outdoor-environmental-education-course-european-educators-primary-secondary-level\/#primaryimage\"},\"thumbnailUrl\":\"https:\/\/www.peetri.edu.ee\/pohikool\/wp-content\/uploads\/sites\/3\/2021\/08\/logoEL-300x83.png\",\"datePublished\":\"2021-11-05T06:34:09+00:00\",\"dateModified\":\"2023-09-26T13:05:24+00:00\",\"breadcrumb\":{\"@id\":\"https:\/\/www.peetri.edu.ee\/pohikool\/erasmus-opiranded\/2020-2022-projekt\/outdoor-environmental-education-course-european-educators-primary-secondary-level\/#breadcrumb\"},\"inLanguage\":\"et\",\"potentialAction\":[{\"@type\":\"ReadAction\",\"target\":[\"https:\/\/www.peetri.edu.ee\/pohikool\/erasmus-opiranded\/2020-2022-projekt\/outdoor-environmental-education-course-european-educators-primary-secondary-level\/\"]}]},{\"@type\":\"ImageObject\",\"inLanguage\":\"et\",\"@id\":\"https:\/\/www.peetri.edu.ee\/pohikool\/erasmus-opiranded\/2020-2022-projekt\/outdoor-environmental-education-course-european-educators-primary-secondary-level\/#primaryimage\",\"url\":\"https:\/\/www.peetri.edu.ee\/pohikool\/wp-content\/uploads\/sites\/3\/2021\/08\/logoEL.png\",\"contentUrl\":\"https:\/\/www.peetri.edu.ee\/pohikool\/wp-content\/uploads\/sites\/3\/2021\/08\/logoEL.png\",\"width\":480,\"height\":132},{\"@type\":\"BreadcrumbList\",\"@id\":\"https:\/\/www.peetri.edu.ee\/pohikool\/erasmus-opiranded\/2020-2022-projekt\/outdoor-environmental-education-course-european-educators-primary-secondary-level\/#breadcrumb\",\"itemListElement\":[{\"@type\":\"ListItem\",\"position\":1,\"name\":\"Home\",\"item\":\"https:\/\/www.peetri.edu.ee\/pohikool\/\"},{\"@type\":\"ListItem\",\"position\":2,\"name\":\"Erasmus+ \u00f5pir\u00e4nded ja koost\u00f6\u00f6projektid\",\"item\":\"https:\/\/www.peetri.edu.ee\/pohikool\/erasmus-opiranded\/\"},{\"@type\":\"ListItem\",\"position\":3,\"name\":\"2020-2023 projekt\",\"item\":\"https:\/\/www.peetri.edu.ee\/pohikool\/erasmus-opiranded\/2020-2022-projekt\/\"},{\"@type\":\"ListItem\",\"position\":4,\"name\":\"Outdoor and nature-based education and experiential learning\"}]},{\"@type\":\"WebSite\",\"@id\":\"https:\/\/www.peetri.edu.ee\/pohikool\/#website\",\"url\":\"https:\/\/www.peetri.edu.ee\/pohikool\/\",\"name\":\"Peetri P\u00f5hikool\",\"description\":\"Igas inimeses on p\u00e4ike, laskem tal s\u00e4rada\",\"potentialAction\":[{\"@type\":\"SearchAction\",\"target\":{\"@type\":\"EntryPoint\",\"urlTemplate\":\"https:\/\/www.peetri.edu.ee\/pohikool\/?s={search_term_string}\"},\"query-input\":{\"@type\":\"PropertyValueSpecification\",\"valueRequired\":true,\"valueName\":\"search_term_string\"}}],\"inLanguage\":\"et\"}]}<\/script>\n<!-- \/ Yoast SEO plugin. -->","yoast_head_json":{"title":"Outdoor and nature-based education and experiential learning - Peetri P\u00f5hikool","robots":{"index":"index","follow":"follow","max-snippet":"max-snippet:-1","max-image-preview":"max-image-preview:large","max-video-preview":"max-video-preview:-1"},"canonical":"https:\/\/www.peetri.edu.ee\/pohikool\/erasmus-opiranded\/2020-2022-projekt\/outdoor-environmental-education-course-european-educators-primary-secondary-level\/","og_locale":"et_EE","og_type":"article","og_title":"Outdoor and nature-based education and experiential learning - Peetri P\u00f5hikool","og_description":"\u00a0 \u00d5petajad Maarja Lainevoog ja Mattias J\u00fcrgens viibisid 13.12-17.12.21\u00a0 Euroopa Liidu poolt rahastatava\u00a0\u00a0Erasmus+\u00a0\u00a0\u00f5pir\u00e4ndeprojekti \u201c\u00d5ppimise t\u00f5hustamine kaasates erinevaid meetodeid ning \u00f5petajate...","og_url":"https:\/\/www.peetri.edu.ee\/pohikool\/erasmus-opiranded\/2020-2022-projekt\/outdoor-environmental-education-course-european-educators-primary-secondary-level\/","og_site_name":"Peetri P\u00f5hikool","article_modified_time":"2023-09-26T13:05:24+00:00","og_image":[{"url":"https:\/\/www.peetri.edu.ee\/pohikool\/wp-content\/uploads\/sites\/3\/2021\/08\/logoEL-300x83.png","type":"","width":"","height":""}],"twitter_card":"summary_large_image","twitter_misc":{"Est. reading time":"1 minut"},"schema":{"@context":"https:\/\/schema.org","@graph":[{"@type":"WebPage","@id":"https:\/\/www.peetri.edu.ee\/pohikool\/erasmus-opiranded\/2020-2022-projekt\/outdoor-environmental-education-course-european-educators-primary-secondary-level\/","url":"https:\/\/www.peetri.edu.ee\/pohikool\/erasmus-opiranded\/2020-2022-projekt\/outdoor-environmental-education-course-european-educators-primary-secondary-level\/","name":"Outdoor and nature-based education and experiential learning - Peetri P\u00f5hikool","isPartOf":{"@id":"https:\/\/www.peetri.edu.ee\/pohikool\/#website"},"primaryImageOfPage":{"@id":"https:\/\/www.peetri.edu.ee\/pohikool\/erasmus-opiranded\/2020-2022-projekt\/outdoor-environmental-education-course-european-educators-primary-secondary-level\/#primaryimage"},"image":{"@id":"https:\/\/www.peetri.edu.ee\/pohikool\/erasmus-opiranded\/2020-2022-projekt\/outdoor-environmental-education-course-european-educators-primary-secondary-level\/#primaryimage"},"thumbnailUrl":"https:\/\/www.peetri.edu.ee\/pohikool\/wp-content\/uploads\/sites\/3\/2021\/08\/logoEL-300x83.png","datePublished":"2021-11-05T06:34:09+00:00","dateModified":"2023-09-26T13:05:24+00:00","breadcrumb":{"@id":"https:\/\/www.peetri.edu.ee\/pohikool\/erasmus-opiranded\/2020-2022-projekt\/outdoor-environmental-education-course-european-educators-primary-secondary-level\/#breadcrumb"},"inLanguage":"et","potentialAction":[{"@type":"ReadAction","target":["https:\/\/www.peetri.edu.ee\/pohikool\/erasmus-opiranded\/2020-2022-projekt\/outdoor-environmental-education-course-european-educators-primary-secondary-level\/"]}]},{"@type":"ImageObject","inLanguage":"et","@id":"https:\/\/www.peetri.edu.ee\/pohikool\/erasmus-opiranded\/2020-2022-projekt\/outdoor-environmental-education-course-european-educators-primary-secondary-level\/#primaryimage","url":"https:\/\/www.peetri.edu.ee\/pohikool\/wp-content\/uploads\/sites\/3\/2021\/08\/logoEL.png","contentUrl":"https:\/\/www.peetri.edu.ee\/pohikool\/wp-content\/uploads\/sites\/3\/2021\/08\/logoEL.png","width":480,"height":132},{"@type":"BreadcrumbList","@id":"https:\/\/www.peetri.edu.ee\/pohikool\/erasmus-opiranded\/2020-2022-projekt\/outdoor-environmental-education-course-european-educators-primary-secondary-level\/#breadcrumb","itemListElement":[{"@type":"ListItem","position":1,"name":"Home","item":"https:\/\/www.peetri.edu.ee\/pohikool\/"},{"@type":"ListItem","position":2,"name":"Erasmus+ \u00f5pir\u00e4nded ja koost\u00f6\u00f6projektid","item":"https:\/\/www.peetri.edu.ee\/pohikool\/erasmus-opiranded\/"},{"@type":"ListItem","position":3,"name":"2020-2023 projekt","item":"https:\/\/www.peetri.edu.ee\/pohikool\/erasmus-opiranded\/2020-2022-projekt\/"},{"@type":"ListItem","position":4,"name":"Outdoor and nature-based education and experiential learning"}]},{"@type":"WebSite","@id":"https:\/\/www.peetri.edu.ee\/pohikool\/#website","url":"https:\/\/www.peetri.edu.ee\/pohikool\/","name":"Peetri P\u00f5hikool","description":"Igas inimeses on p\u00e4ike, laskem tal s\u00e4rada","potentialAction":[{"@type":"SearchAction","target":{"@type":"EntryPoint","urlTemplate":"https:\/\/www.peetri.edu.ee\/pohikool\/?s={search_term_string}"},"query-input":{"@type":"PropertyValueSpecification","valueRequired":true,"valueName":"search_term_string"}}],"inLanguage":"et"}]}},"acf":[],"_links":{"self":[{"href":"https:\/\/www.peetri.edu.ee\/pohikool\/wp-json\/wp\/v2\/pages\/5789","targetHints":{"allow":["GET"]}}],"collection":[{"href":"https:\/\/www.peetri.edu.ee\/pohikool\/wp-json\/wp\/v2\/pages"}],"about":[{"href":"https:\/\/www.peetri.edu.ee\/pohikool\/wp-json\/wp\/v2\/types\/page"}],"author":[{"embeddable":true,"href":"https:\/\/www.peetri.edu.ee\/pohikool\/wp-json\/wp\/v2\/users\/1"}],"replies":[{"embeddable":true,"href":"https:\/\/www.peetri.edu.ee\/pohikool\/wp-json\/wp\/v2\/comments?post=5789"}],"version-history":[{"count":5,"href":"https:\/\/www.peetri.edu.ee\/pohikool\/wp-json\/wp\/v2\/pages\/5789\/revisions"}],"predecessor-version":[{"id":8032,"href":"https:\/\/www.peetri.edu.ee\/pohikool\/wp-json\/wp\/v2\/pages\/5789\/revisions\/8032"}],"up":[{"embeddable":true,"href":"https:\/\/www.peetri.edu.ee\/pohikool\/wp-json\/wp\/v2\/pages\/5568"}],"wp:attachment":[{"href":"https:\/\/www.peetri.edu.ee\/pohikool\/wp-json\/wp\/v2\/media?parent=5789"}],"curies":[{"name":"wp","href":"https:\/\/api.w.org\/{rel}","templated":true}]}}