{"id":5787,"date":"2021-11-05T08:33:45","date_gmt":"2021-11-05T06:33:45","guid":{"rendered":"https:\/\/www.peetri.edu.ee\/pohikool\/?page_id=5787"},"modified":"2023-09-01T14:46:12","modified_gmt":"2023-09-01T11:46:12","slug":"teaching-stem-primarysecondary-school-teachers","status":"publish","type":"page","link":"https:\/\/www.peetri.edu.ee\/pohikool\/erasmus-opiranded\/2020-2022-projekt\/teaching-stem-primarysecondary-school-teachers\/","title":{"rendered":"Teaching STEM for primary\/secondary school teachers"},"content":{"rendered":"<p><strong><span style=\"color: #5040ae;font-size: large\"><a href=\"https:\/\/www.peetri.edu.ee\/pohikool\/wp-content\/uploads\/sites\/3\/2022\/12\/logo_erasmus.png\"><img loading=\"lazy\" decoding=\"async\" class=\"alignnone wp-image-6751\" src=\"https:\/\/www.peetri.edu.ee\/pohikool\/wp-content\/uploads\/sites\/3\/2022\/12\/logo_erasmus-300x83.png\" alt=\"\" width=\"181\" height=\"50\" \/><\/a>27.09 &#8211;\u00a01.10.<\/span><\/strong><strong><span style=\"color: #5040ae;font-size: large\">\u00a02021\u00a0<\/span><\/strong>osalesid \u00f5petajad ivi ja Signe Hispaanias, Tenerifel kursusel\u00a0<strong><span style=\"color: #5040ae\"><span style=\"font-size: large\">&#8220;Teaching STEM for primary\/secondary school teachers&#8221;<\/span><\/span><\/strong><\/p>\n<p><a href=\"https:\/\/www.peetri.edu.ee\/pohikool\/wp-content\/uploads\/sites\/3\/2021\/11\/unnamed-15.jpg\"><img loading=\"lazy\" decoding=\"async\" class=\"wp-image-7887 alignleft\" src=\"https:\/\/www.peetri.edu.ee\/pohikool\/wp-content\/uploads\/sites\/3\/2021\/11\/unnamed-15-300x225.jpg\" alt=\"\" width=\"174\" height=\"131\" \/><\/a>Kursustel \u00f5petati erinevaid l\u00e4henemisi STEM-ile, et tekitada suurimat huvi loodusteaduste ja matemaatika vastu.<br \/>\n<span style=\"font-weight: 400\">Kursu<\/span><span style=\"font-weight: 400\">s koo<\/span><span style=\"font-weight: 400\">snes d\u00fcnaamilistest harjutustest ja m\u00e4ngudest, r\u00fchmades tehtavatest katsetest, v\u00e4itlustest ja refleksioonidest. Nende praktiliste tegevuste abil n\u00e4idati aktiivset ja osalusp\u00f5hist metoodikat loodusteaduste \u00f5petamiseks.<br \/>\n<\/span><span style=\"font-weight: 400\">Kursus oli erakordselt praktiline, koos osalus- ja d\u00fcnaamiliste tegevustega, mille k\u00e4igus viidi\u00a0 l\u00e4bi eksperimente.<\/span><\/p>\n<p>&nbsp;<\/p>\n<p>Kursuse eesm\u00e4rgid:<\/p>\n<ul>\n<li style=\"font-weight: 400\"><span style=\"font-weight: 400\">Loodusteaduste \u00f5petamise erinevatele stiilide n\u00e4itlikustamine.<\/span><\/li>\n<li style=\"font-weight: 400\"><span style=\"font-weight: 400\">Suurendada teadlikkust matemaatika ja loodusteaduste populariseerimiseks ja \u00f5pimotivatsiooni t\u00f5stmiseks.<\/span><\/li>\n<li style=\"font-weight: 400\"><span style=\"font-weight: 400\">M\u00f5ista teaduslikku meetodit ja selle eeliseid.<\/span><\/li>\n<li style=\"font-weight: 400\"><span style=\"font-weight: 400\">\u00d5ppida rakendama teaduslikku meetodit igap\u00e4evases m\u00f5tlemises.<\/span><\/li>\n<li style=\"font-weight: 400\"><span style=\"font-weight: 400\">Omandada aktiivseid metoodilisi vahendeid, mis soodustavad \u00f5pilaste osalemist, koost\u00f6\u00f6d ja motivatsiooni.<\/span><\/li>\n<li style=\"font-weight: 400\"><span style=\"font-weight: 400\">\u00d5ppida lihtsaid katseid, mida saab kohandada alghariduse \u00f5ppekavaga.<\/span><\/li>\n<li style=\"font-weight: 400\"><span style=\"font-weight: 400\">Saada teadmisi selle kohta, kuidas teha loodusteaduslikke katseid, et anda \u00f5pilastele rohkem autonoomiat ja uurimisv\u00f5imet.<\/span><\/li>\n<li style=\"font-weight: 400\"><span style=\"font-weight: 400\">M\u00f5elda teabe otsimisel kriitilise m\u00f5tlemise ja autonoomse l\u00e4henemise harimise t\u00e4htsusele.<\/span><\/li>\n<li style=\"font-weight: 400\"><span style=\"font-weight: 400\">\u00d5ppida, kuidas edendada positiivset r\u00fchmad\u00fcnaamikat ja julgustada kollektiivset \u00f5ppimist.<\/span><\/li>\n<\/ul>\n<p>Kursuse ajal toimunud tegevused:<br \/>\nJ\u00c4\u00c4MURDMINE &#8211; tutvumine (paarist\u00f6\u00f6), jaguvustunnused<br \/>\nPABERIST LENNUKID &#8211; r\u00fchmat\u00f6\u00f6na etteantud vahenditest lennukite tegemine ning valmist\u00f6\u00f6de esitlemine.<br \/>\nV\u00c4RVI <a href=\"https:\/\/www.peetri.edu.ee\/pohikool\/wp-content\/uploads\/sites\/3\/2021\/11\/unnamed-18.jpg\"><img loading=\"lazy\" decoding=\"async\" class=\"size-medium wp-image-7864 alignleft\" src=\"https:\/\/www.peetri.edu.ee\/pohikool\/wp-content\/uploads\/sites\/3\/2021\/11\/unnamed-18-300x169.jpg\" alt=\"\" width=\"300\" height=\"169\" \/><\/a>SEGUNEMINE &#8211; h\u00fcpoteeside p\u00fcstitamine, katsete tegemine, p\u00fcstitatud\u00a0 h\u00fcpoteeside t\u00f5estamine, tulemuste kirjeldamine.<\/p>\n<p>&nbsp;<\/p>\n<p>&nbsp;<\/p>\n<p>&nbsp;<\/p>\n<p>PINDPINEVUSE katsetamine<a href=\"https:\/\/www.peetri.edu.ee\/pohikool\/wp-content\/uploads\/sites\/3\/2021\/11\/Pilt1t.jpg\"><img loading=\"lazy\" decoding=\"async\" class=\" wp-image-7865 alignleft\" src=\"https:\/\/www.peetri.edu.ee\/pohikool\/wp-content\/uploads\/sites\/3\/2021\/11\/Pilt1t-268x300.jpg\" alt=\"\" width=\"147\" height=\"165\" \/><\/a><br \/>\nMETAFOORIDE t\u00f5estamine.<br \/>\nUURIMUSLIK \u00d5PE &#8211; \u00dclesanne, r\u00fchmat\u00f6\u00f6, esitlus, selgituste andmine.<br \/>\n&#8211; Etteantud \u00fclesande t\u00f5estamine\/p\u00f5hjendamine<br \/>\n&#8211;\u00a0Teaduskongress. Vale v\u00e4ite t\u00f5estamine.<br \/>\n&#8211;\u00a0Matemaatika probleem\u00fclesannete lahendamine.<\/p>\n<p>LUGUDE JUTUSTAMINE &#8211; \u00f5petaja jutustab loo, \u00f5pilased jutustavad lugusid (individuaalne t\u00f6\u00f6, r\u00fchmat\u00f6\u00f6, kogemuste jagamine, kokkuv\u00f5tete tegemine).<br \/>\n<a href=\"https:\/\/www.peetri.edu.ee\/pohikool\/wp-content\/uploads\/sites\/3\/2021\/11\/Pilt2t.png\"><img loading=\"lazy\" decoding=\"async\" class=\" wp-image-7866 alignleft\" src=\"https:\/\/www.peetri.edu.ee\/pohikool\/wp-content\/uploads\/sites\/3\/2021\/11\/Pilt2t-300x173.png\" alt=\"\" width=\"253\" height=\"146\" \/><\/a>\u00a0\u00a0 &#8211; Etteantud teemal jutu r\u00e4\u00e4kimine<br \/>\nGRIOT &#8211; jutuvestja (kasutab v\u00e4ljam\u00f5eldud keelt) GROMELO &#8211; t\u00f5lkija<br \/>\nGriotid olid muistses Aafrikas jutuvestjad ja meelelahutajad.<\/p>\n<p>&#8211;\u00a0\u00a0PENDULUM<br \/>\nV\u00f5nkumise \u00f5petamine lugude jutustamise kaudu (pendli liikumine)<\/p>\n<p>ELEKTROMAGNETISM<br \/>\n&#8211;\u00a0Magnet ja\u00a0 geomeetrilised kujundid<br \/>\n&#8211;\u00a0Demonstratsioonid<br \/>\n&#8211;\u00a0Energia edastamine l\u00e4bi inimkeha (Energy Stick)<br \/>\n&#8211;\u00a0 Plasma lambi kasutamine<br \/>\n&#8211;\u00a0 Heli edastamine l\u00e4bi traadi<br \/>\n&#8211;\u00a0Magnetitega m\u00e4ngimine. Kuidas teha kindlaks p\u00f5hja- ja l\u00f5unapoolusi? \u00d5pilased v\u00f5iksid nendega m\u00e4ngida.<br \/>\n&#8211;\u00a0Erinevad metallid. Erinevast materjalist joonlauad ja magnet, magneti liikumine joonlaual.<br \/>\n&#8211;\u00a0Esimene elektrikitarr. Pilli tegemiseks on kasutatud isoleeri ja pesul\u00f5ksu.<br \/>\n&#8211;\u00a0Heli edastamine.<br \/>\n&#8211;\u00a0K\u00f5larist mikrofoni tegemine.<br \/>\n&#8211;\u00a0\u00a0Praktiline \u00fclesanne<br \/>\n&#8211; Muusikaline \u00fclesanne. Toimub muusika ja teaduse \u00fchendamine. Ette on antud video ja \u00fclesandeks on leida muusika, mis sobiks antud videoga.<\/p>\n<p><a href=\"https:\/\/www.peetri.edu.ee\/pohikool\/wp-content\/uploads\/sites\/3\/2021\/11\/Pilt3t.png\"><img loading=\"lazy\" decoding=\"async\" class=\"alignnone size-medium wp-image-7874\" src=\"https:\/\/www.peetri.edu.ee\/pohikool\/wp-content\/uploads\/sites\/3\/2021\/11\/Pilt3t-226x300.png\" alt=\"\" width=\"226\" height=\"300\" \/>\u00a0\u00a0\u00a0\u00a0\u00a0\u00a0<\/a><a href=\"https:\/\/www.peetri.edu.ee\/pohikool\/wp-content\/uploads\/sites\/3\/2021\/11\/Pilt5t.png\"><img loading=\"lazy\" decoding=\"async\" class=\"alignnone size-medium wp-image-7872\" src=\"https:\/\/www.peetri.edu.ee\/pohikool\/wp-content\/uploads\/sites\/3\/2021\/11\/Pilt5t-169x300.png\" alt=\"\" width=\"169\" height=\"300\" \/><\/a>\u00a0<a href=\"https:\/\/www.peetri.edu.ee\/pohikool\/wp-content\/uploads\/sites\/3\/2021\/11\/Pilt8t.png\">\u00a0 \u00a0<\/a><\/p>\n<p><a href=\"https:\/\/www.peetri.edu.ee\/pohikool\/wp-content\/uploads\/sites\/3\/2021\/11\/Pilt6t.png\"><img loading=\"lazy\" decoding=\"async\" class=\"alignnone wp-image-7871\" src=\"https:\/\/www.peetri.edu.ee\/pohikool\/wp-content\/uploads\/sites\/3\/2021\/11\/Pilt6t-300x93.png\" alt=\"\" width=\"452\" height=\"140\" \/>\u00a0\u00a0\u00a0\u00a0<\/a><\/p>\n<p><img loading=\"lazy\" decoding=\"async\" class=\"alignnone size-medium wp-image-7870\" src=\"https:\/\/www.peetri.edu.ee\/pohikool\/wp-content\/uploads\/sites\/3\/2021\/11\/Pilt7t-273x300.png\" alt=\"\" width=\"273\" height=\"300\" \/> <a href=\"https:\/\/www.peetri.edu.ee\/pohikool\/wp-content\/uploads\/sites\/3\/2021\/11\/Pilt4t.png\"><img loading=\"lazy\" decoding=\"async\" class=\"alignnone size-medium wp-image-7873\" src=\"https:\/\/www.peetri.edu.ee\/pohikool\/wp-content\/uploads\/sites\/3\/2021\/11\/Pilt4t-284x300.png\" alt=\"\" width=\"284\" height=\"300\" \/>\u00a0\u00a0<\/a><\/p>\n<p><a href=\"https:\/\/www.peetri.edu.ee\/pohikool\/wp-content\/uploads\/sites\/3\/2021\/11\/Pilt8t.png\"><img loading=\"lazy\" decoding=\"async\" class=\"alignnone wp-image-7869\" src=\"https:\/\/www.peetri.edu.ee\/pohikool\/wp-content\/uploads\/sites\/3\/2021\/11\/Pilt8t-300x164.png\" alt=\"\" width=\"477\" height=\"261\" \/>\u00a0\u00a0\u00a0<\/a><\/p>\n<p><img loading=\"lazy\" decoding=\"async\" class=\"alignnone size-medium wp-image-7868\" src=\"https:\/\/www.peetri.edu.ee\/pohikool\/wp-content\/uploads\/sites\/3\/2021\/11\/Pilt9t.png\" alt=\"\" width=\"294\" height=\"259\" \/>\u00a0 \u00a0 \u00a0 \u00a0\u00a0<img loading=\"lazy\" decoding=\"async\" class=\"alignnone size-medium wp-image-7867\" src=\"https:\/\/www.peetri.edu.ee\/pohikool\/wp-content\/uploads\/sites\/3\/2021\/11\/Pilt10t-178x300.png\" alt=\"\" width=\"178\" height=\"300\" \/><\/p>\n<p>TAIM<a href=\"https:\/\/www.peetri.edu.ee\/pohikool\/wp-content\/uploads\/sites\/3\/2021\/11\/Pilt11tt.png\"><img loading=\"lazy\" decoding=\"async\" class=\" wp-image-7875 alignleft\" src=\"https:\/\/www.peetri.edu.ee\/pohikool\/wp-content\/uploads\/sites\/3\/2021\/11\/Pilt11tt-300x162.png\" alt=\"\" width=\"364\" height=\"197\" \/><\/a>E KASVAMINE<br \/>\n1) Video vaatamine (https:\/\/www.youtube.com\/watch?v=w77zPAtVTuI)<br \/>\n2) Millised k\u00fcsimused tekivad video vaatamisel? (nt Miks see kasvab? Mis kasvab? Kas vajab mulda? Miks kasvab \u00fcles? \u2026)<br \/>\n3) Katsetamist vajavad h\u00fcpoteeside (Kuidas taim teab, et ta kasvab \u00fcles ja mida on selleks vaja? valgust, maagiat, mulda, vett, raskusj\u00f5udu)<br \/>\n4) Katsete tegemine<br \/>\n5) Anal\u00fc\u00fcs<\/p>\n<p>KEEMILISTE REAKTSIOONIDE DEMONSTRATSIOONID<\/p>\n<p>P\u00c4IKESE LOOJANG JA T\u00c4HTEDE VAATLUS<br \/>\n<a href=\"https:\/\/www.peetri.edu.ee\/pohikool\/wp-content\/uploads\/sites\/3\/2021\/11\/Pilt12TT.png\"><img loading=\"lazy\" decoding=\"async\" class=\"alignnone wp-image-7876\" src=\"https:\/\/www.peetri.edu.ee\/pohikool\/wp-content\/uploads\/sites\/3\/2021\/11\/Pilt12TT-300x164.png\" alt=\"\" width=\"357\" height=\"195\" \/>\u00a0\u00a0<\/a><a href=\"https:\/\/www.peetri.edu.ee\/pohikool\/wp-content\/uploads\/sites\/3\/2021\/11\/Pilt13TTT.png\"><img loading=\"lazy\" decoding=\"async\" class=\"alignnone size-medium wp-image-7877\" src=\"https:\/\/www.peetri.edu.ee\/pohikool\/wp-content\/uploads\/sites\/3\/2021\/11\/Pilt13TTT-300x196.png\" alt=\"\" width=\"300\" height=\"196\" \/><\/a><\/p>\n<p><b>Difraktsioonklaasid\u00a0 ja<\/b><b>\u00a0elus paberloomad<\/b><\/p>\n<p><a href=\"https:\/\/www.peetri.edu.ee\/pohikool\/wp-content\/uploads\/sites\/3\/2021\/11\/Pilt15TT.jpg\"><img loading=\"lazy\" decoding=\"async\" class=\"alignnone size-medium wp-image-7878\" src=\"https:\/\/www.peetri.edu.ee\/pohikool\/wp-content\/uploads\/sites\/3\/2021\/11\/Pilt15TT-300x169.jpg\" alt=\"\" width=\"300\" height=\"169\" \/><\/a>\u00a0\u00a0<a href=\"https:\/\/www.peetri.edu.ee\/pohikool\/wp-content\/uploads\/sites\/3\/2021\/11\/Pilt17TTT.jpg\"><img loading=\"lazy\" decoding=\"async\" class=\"alignnone size-medium wp-image-7879\" src=\"https:\/\/www.peetri.edu.ee\/pohikool\/wp-content\/uploads\/sites\/3\/2021\/11\/Pilt17TTT-300x169.jpg\" alt=\"\" width=\"300\" height=\"169\" \/><\/a> <a href=\"https:\/\/www.peetri.edu.ee\/pohikool\/wp-content\/uploads\/sites\/3\/2021\/11\/Pilt16TTT.jpg\"><img loading=\"lazy\" decoding=\"async\" class=\"alignnone wp-image-7880\" src=\"https:\/\/www.peetri.edu.ee\/pohikool\/wp-content\/uploads\/sites\/3\/2021\/11\/Pilt16TTT-300x225.jpg\" alt=\"\" width=\"228\" height=\"171\" \/><br \/>\n<\/a><\/p>\n<p>Koolituse l\u00f5petamine:<br \/>\n<a href=\"https:\/\/www.peetri.edu.ee\/pohikool\/wp-content\/uploads\/sites\/3\/2021\/11\/Pilt14TT.png\"><img loading=\"lazy\" decoding=\"async\" class=\"wp-image-7881 alignleft\" src=\"https:\/\/www.peetri.edu.ee\/pohikool\/wp-content\/uploads\/sites\/3\/2021\/11\/Pilt14TT-300x200.png\" alt=\"\" width=\"599\" height=\"399\" \/><\/a><\/p>\n<p>&nbsp;<\/p>\n<p>&nbsp;<\/p>\n<p>&nbsp;<\/p>\n<p>&nbsp;<\/p>\n<p>&nbsp;<\/p>\n<p>&nbsp;<\/p>\n<p>&nbsp;<\/p>\n<p>Rohkem infot:\u00a0http:\/\/profareng.weebly.com\/teaching-stem-for-primarysecondary-school-teachers&#8212;hispaania.html<\/p>\n<p>&nbsp;<\/p>\n<p>&nbsp;<\/p>\n<p>&nbsp;<\/p>\n<p>&nbsp;<\/p>\n<p>&nbsp;<\/p>\n<p>&nbsp;<\/p>\n<p>&nbsp;<\/p>\n<p>&nbsp;<\/p>\n<p>&nbsp;<\/p>\n","protected":false},"excerpt":{"rendered":"<p>27.09 &#8211;\u00a01.10.\u00a02021\u00a0osalesid \u00f5petajad ivi ja Signe Hispaanias, Tenerifel kursusel\u00a0&#8220;Teaching STEM for primary\/secondary school teachers&#8221; Kursustel \u00f5petati erinevaid l\u00e4henemisi STEM-ile, et&#8230;<\/p>\n","protected":false},"author":1,"featured_media":0,"parent":5568,"menu_order":20,"comment_status":"closed","ping_status":"closed","template":"","meta":{"_acf_changed":false,"footnotes":""},"class_list":["post-5787","page","type-page","status-publish","hentry"],"yoast_head":"<!-- This site is optimized with the Yoast SEO plugin v27.2 - https:\/\/yoast.com\/product\/yoast-seo-wordpress\/ -->\n<title>Teaching STEM for primary\/secondary school teachers - Peetri P\u00f5hikool<\/title>\n<meta name=\"robots\" content=\"index, follow, max-snippet:-1, max-image-preview:large, max-video-preview:-1\" \/>\n<link rel=\"canonical\" href=\"https:\/\/www.peetri.edu.ee\/pohikool\/erasmus-opiranded\/2020-2022-projekt\/teaching-stem-primarysecondary-school-teachers\/\" \/>\n<meta property=\"og:locale\" content=\"et_EE\" \/>\n<meta property=\"og:type\" content=\"article\" \/>\n<meta property=\"og:title\" content=\"Teaching STEM for primary\/secondary school teachers - Peetri P\u00f5hikool\" \/>\n<meta property=\"og:description\" content=\"27.09 &#8211;\u00a01.10.\u00a02021\u00a0osalesid \u00f5petajad ivi ja Signe Hispaanias, Tenerifel kursusel\u00a0&#8220;Teaching STEM for primary\/secondary school teachers&#8221; Kursustel \u00f5petati erinevaid l\u00e4henemisi STEM-ile, et...\" \/>\n<meta property=\"og:url\" content=\"https:\/\/www.peetri.edu.ee\/pohikool\/erasmus-opiranded\/2020-2022-projekt\/teaching-stem-primarysecondary-school-teachers\/\" \/>\n<meta property=\"og:site_name\" content=\"Peetri P\u00f5hikool\" \/>\n<meta property=\"article:modified_time\" content=\"2023-09-01T11:46:12+00:00\" \/>\n<meta property=\"og:image\" content=\"https:\/\/www.peetri.edu.ee\/pohikool\/wp-content\/uploads\/sites\/3\/2022\/12\/logo_erasmus-300x83.png\" \/>\n<meta name=\"twitter:card\" content=\"summary_large_image\" \/>\n<meta name=\"twitter:label1\" content=\"Est. reading time\" \/>\n\t<meta name=\"twitter:data1\" content=\"2 minutit\" \/>\n<script type=\"application\/ld+json\" class=\"yoast-schema-graph\">{\"@context\":\"https:\/\/schema.org\",\"@graph\":[{\"@type\":\"WebPage\",\"@id\":\"https:\/\/www.peetri.edu.ee\/pohikool\/erasmus-opiranded\/2020-2022-projekt\/teaching-stem-primarysecondary-school-teachers\/\",\"url\":\"https:\/\/www.peetri.edu.ee\/pohikool\/erasmus-opiranded\/2020-2022-projekt\/teaching-stem-primarysecondary-school-teachers\/\",\"name\":\"Teaching STEM for primary\/secondary school teachers - Peetri P\u00f5hikool\",\"isPartOf\":{\"@id\":\"https:\/\/www.peetri.edu.ee\/pohikool\/#website\"},\"primaryImageOfPage\":{\"@id\":\"https:\/\/www.peetri.edu.ee\/pohikool\/erasmus-opiranded\/2020-2022-projekt\/teaching-stem-primarysecondary-school-teachers\/#primaryimage\"},\"image\":{\"@id\":\"https:\/\/www.peetri.edu.ee\/pohikool\/erasmus-opiranded\/2020-2022-projekt\/teaching-stem-primarysecondary-school-teachers\/#primaryimage\"},\"thumbnailUrl\":\"https:\/\/www.peetri.edu.ee\/pohikool\/wp-content\/uploads\/sites\/3\/2022\/12\/logo_erasmus-300x83.png\",\"datePublished\":\"2021-11-05T06:33:45+00:00\",\"dateModified\":\"2023-09-01T11:46:12+00:00\",\"breadcrumb\":{\"@id\":\"https:\/\/www.peetri.edu.ee\/pohikool\/erasmus-opiranded\/2020-2022-projekt\/teaching-stem-primarysecondary-school-teachers\/#breadcrumb\"},\"inLanguage\":\"et\",\"potentialAction\":[{\"@type\":\"ReadAction\",\"target\":[\"https:\/\/www.peetri.edu.ee\/pohikool\/erasmus-opiranded\/2020-2022-projekt\/teaching-stem-primarysecondary-school-teachers\/\"]}]},{\"@type\":\"ImageObject\",\"inLanguage\":\"et\",\"@id\":\"https:\/\/www.peetri.edu.ee\/pohikool\/erasmus-opiranded\/2020-2022-projekt\/teaching-stem-primarysecondary-school-teachers\/#primaryimage\",\"url\":\"https:\/\/www.peetri.edu.ee\/pohikool\/wp-content\/uploads\/sites\/3\/2022\/12\/logo_erasmus.png\",\"contentUrl\":\"https:\/\/www.peetri.edu.ee\/pohikool\/wp-content\/uploads\/sites\/3\/2022\/12\/logo_erasmus.png\",\"width\":480,\"height\":132},{\"@type\":\"BreadcrumbList\",\"@id\":\"https:\/\/www.peetri.edu.ee\/pohikool\/erasmus-opiranded\/2020-2022-projekt\/teaching-stem-primarysecondary-school-teachers\/#breadcrumb\",\"itemListElement\":[{\"@type\":\"ListItem\",\"position\":1,\"name\":\"Home\",\"item\":\"https:\/\/www.peetri.edu.ee\/pohikool\/\"},{\"@type\":\"ListItem\",\"position\":2,\"name\":\"Erasmus+ \u00f5pir\u00e4nded ja koost\u00f6\u00f6projektid\",\"item\":\"https:\/\/www.peetri.edu.ee\/pohikool\/erasmus-opiranded\/\"},{\"@type\":\"ListItem\",\"position\":3,\"name\":\"2020-2023 projekt\",\"item\":\"https:\/\/www.peetri.edu.ee\/pohikool\/erasmus-opiranded\/2020-2022-projekt\/\"},{\"@type\":\"ListItem\",\"position\":4,\"name\":\"Teaching STEM for primary\/secondary school teachers\"}]},{\"@type\":\"WebSite\",\"@id\":\"https:\/\/www.peetri.edu.ee\/pohikool\/#website\",\"url\":\"https:\/\/www.peetri.edu.ee\/pohikool\/\",\"name\":\"Peetri P\u00f5hikool\",\"description\":\"Igas inimeses on p\u00e4ike, laskem tal s\u00e4rada\",\"potentialAction\":[{\"@type\":\"SearchAction\",\"target\":{\"@type\":\"EntryPoint\",\"urlTemplate\":\"https:\/\/www.peetri.edu.ee\/pohikool\/?s={search_term_string}\"},\"query-input\":{\"@type\":\"PropertyValueSpecification\",\"valueRequired\":true,\"valueName\":\"search_term_string\"}}],\"inLanguage\":\"et\"}]}<\/script>\n<!-- \/ Yoast SEO plugin. -->","yoast_head_json":{"title":"Teaching STEM for primary\/secondary school teachers - Peetri P\u00f5hikool","robots":{"index":"index","follow":"follow","max-snippet":"max-snippet:-1","max-image-preview":"max-image-preview:large","max-video-preview":"max-video-preview:-1"},"canonical":"https:\/\/www.peetri.edu.ee\/pohikool\/erasmus-opiranded\/2020-2022-projekt\/teaching-stem-primarysecondary-school-teachers\/","og_locale":"et_EE","og_type":"article","og_title":"Teaching STEM for primary\/secondary school teachers - Peetri P\u00f5hikool","og_description":"27.09 &#8211;\u00a01.10.\u00a02021\u00a0osalesid \u00f5petajad ivi ja Signe Hispaanias, Tenerifel kursusel\u00a0&#8220;Teaching STEM for primary\/secondary school teachers&#8221; Kursustel \u00f5petati erinevaid l\u00e4henemisi STEM-ile, et...","og_url":"https:\/\/www.peetri.edu.ee\/pohikool\/erasmus-opiranded\/2020-2022-projekt\/teaching-stem-primarysecondary-school-teachers\/","og_site_name":"Peetri P\u00f5hikool","article_modified_time":"2023-09-01T11:46:12+00:00","og_image":[{"url":"https:\/\/www.peetri.edu.ee\/pohikool\/wp-content\/uploads\/sites\/3\/2022\/12\/logo_erasmus-300x83.png","type":"","width":"","height":""}],"twitter_card":"summary_large_image","twitter_misc":{"Est. reading time":"2 minutit"},"schema":{"@context":"https:\/\/schema.org","@graph":[{"@type":"WebPage","@id":"https:\/\/www.peetri.edu.ee\/pohikool\/erasmus-opiranded\/2020-2022-projekt\/teaching-stem-primarysecondary-school-teachers\/","url":"https:\/\/www.peetri.edu.ee\/pohikool\/erasmus-opiranded\/2020-2022-projekt\/teaching-stem-primarysecondary-school-teachers\/","name":"Teaching STEM for primary\/secondary school teachers - Peetri P\u00f5hikool","isPartOf":{"@id":"https:\/\/www.peetri.edu.ee\/pohikool\/#website"},"primaryImageOfPage":{"@id":"https:\/\/www.peetri.edu.ee\/pohikool\/erasmus-opiranded\/2020-2022-projekt\/teaching-stem-primarysecondary-school-teachers\/#primaryimage"},"image":{"@id":"https:\/\/www.peetri.edu.ee\/pohikool\/erasmus-opiranded\/2020-2022-projekt\/teaching-stem-primarysecondary-school-teachers\/#primaryimage"},"thumbnailUrl":"https:\/\/www.peetri.edu.ee\/pohikool\/wp-content\/uploads\/sites\/3\/2022\/12\/logo_erasmus-300x83.png","datePublished":"2021-11-05T06:33:45+00:00","dateModified":"2023-09-01T11:46:12+00:00","breadcrumb":{"@id":"https:\/\/www.peetri.edu.ee\/pohikool\/erasmus-opiranded\/2020-2022-projekt\/teaching-stem-primarysecondary-school-teachers\/#breadcrumb"},"inLanguage":"et","potentialAction":[{"@type":"ReadAction","target":["https:\/\/www.peetri.edu.ee\/pohikool\/erasmus-opiranded\/2020-2022-projekt\/teaching-stem-primarysecondary-school-teachers\/"]}]},{"@type":"ImageObject","inLanguage":"et","@id":"https:\/\/www.peetri.edu.ee\/pohikool\/erasmus-opiranded\/2020-2022-projekt\/teaching-stem-primarysecondary-school-teachers\/#primaryimage","url":"https:\/\/www.peetri.edu.ee\/pohikool\/wp-content\/uploads\/sites\/3\/2022\/12\/logo_erasmus.png","contentUrl":"https:\/\/www.peetri.edu.ee\/pohikool\/wp-content\/uploads\/sites\/3\/2022\/12\/logo_erasmus.png","width":480,"height":132},{"@type":"BreadcrumbList","@id":"https:\/\/www.peetri.edu.ee\/pohikool\/erasmus-opiranded\/2020-2022-projekt\/teaching-stem-primarysecondary-school-teachers\/#breadcrumb","itemListElement":[{"@type":"ListItem","position":1,"name":"Home","item":"https:\/\/www.peetri.edu.ee\/pohikool\/"},{"@type":"ListItem","position":2,"name":"Erasmus+ \u00f5pir\u00e4nded ja koost\u00f6\u00f6projektid","item":"https:\/\/www.peetri.edu.ee\/pohikool\/erasmus-opiranded\/"},{"@type":"ListItem","position":3,"name":"2020-2023 projekt","item":"https:\/\/www.peetri.edu.ee\/pohikool\/erasmus-opiranded\/2020-2022-projekt\/"},{"@type":"ListItem","position":4,"name":"Teaching STEM for primary\/secondary school teachers"}]},{"@type":"WebSite","@id":"https:\/\/www.peetri.edu.ee\/pohikool\/#website","url":"https:\/\/www.peetri.edu.ee\/pohikool\/","name":"Peetri P\u00f5hikool","description":"Igas inimeses on p\u00e4ike, laskem tal s\u00e4rada","potentialAction":[{"@type":"SearchAction","target":{"@type":"EntryPoint","urlTemplate":"https:\/\/www.peetri.edu.ee\/pohikool\/?s={search_term_string}"},"query-input":{"@type":"PropertyValueSpecification","valueRequired":true,"valueName":"search_term_string"}}],"inLanguage":"et"}]}},"acf":[],"_links":{"self":[{"href":"https:\/\/www.peetri.edu.ee\/pohikool\/wp-json\/wp\/v2\/pages\/5787","targetHints":{"allow":["GET"]}}],"collection":[{"href":"https:\/\/www.peetri.edu.ee\/pohikool\/wp-json\/wp\/v2\/pages"}],"about":[{"href":"https:\/\/www.peetri.edu.ee\/pohikool\/wp-json\/wp\/v2\/types\/page"}],"author":[{"embeddable":true,"href":"https:\/\/www.peetri.edu.ee\/pohikool\/wp-json\/wp\/v2\/users\/1"}],"replies":[{"embeddable":true,"href":"https:\/\/www.peetri.edu.ee\/pohikool\/wp-json\/wp\/v2\/comments?post=5787"}],"version-history":[{"count":5,"href":"https:\/\/www.peetri.edu.ee\/pohikool\/wp-json\/wp\/v2\/pages\/5787\/revisions"}],"predecessor-version":[{"id":7890,"href":"https:\/\/www.peetri.edu.ee\/pohikool\/wp-json\/wp\/v2\/pages\/5787\/revisions\/7890"}],"up":[{"embeddable":true,"href":"https:\/\/www.peetri.edu.ee\/pohikool\/wp-json\/wp\/v2\/pages\/5568"}],"wp:attachment":[{"href":"https:\/\/www.peetri.edu.ee\/pohikool\/wp-json\/wp\/v2\/media?parent=5787"}],"curies":[{"name":"wp","href":"https:\/\/api.w.org\/{rel}","templated":true}]}}