{"id":5785,"date":"2021-11-05T08:33:27","date_gmt":"2021-11-05T06:33:27","guid":{"rendered":"https:\/\/www.peetri.edu.ee\/pohikool\/?page_id=5785"},"modified":"2023-09-19T17:31:50","modified_gmt":"2023-09-19T14:31:50","slug":"classroom-management-solutions-teachers-new-methodologies-effective-motivation-cooperation-evaluation-strategies","status":"publish","type":"page","link":"https:\/\/www.peetri.edu.ee\/pohikool\/erasmus-opiranded\/2020-2022-projekt\/classroom-management-solutions-teachers-new-methodologies-effective-motivation-cooperation-evaluation-strategies\/","title":{"rendered":"Classroom Management Solutions for Teachers: New Methodologies, Effective Motivation, Cooperation and Evaluation Strategies"},"content":{"rendered":"<p>12.07.-17.07.21 toimus Kreekas\u00a0\u00a0koolitus <strong>&#8220;Classroom Management Solutions for Teachers: New Methodologies, Effective Motivation, Cooperation and Evaluation Strategies&#8221;.<\/strong> Koolitus pidi esialgu toimuma Ateenas, aga toimus\u00a0Nafplios.<\/p>\n<p>Koolitusel osales matemaatika\u00f5petaja Kristina.<\/p>\n<p><span style=\"font-weight: 400\">See kursus oli \u00f5petajatele, kes soovisid rohkem teada saada t\u00f5husa ja ajakohase klassiruumi haldamise kohta kasutades uusimaid tehnikaid ja klassi haldamise vahendeid.<\/span><\/p>\n<p><span style=\"font-weight: 400\">\u00d5petajad said lisateavet klassiruumi haldamise kohta refleksioonide, vaatluste ja juhtumistsenaariumite kaudu, mis soodustavad\u00a0 klassiruumis esinevate probleemide arutamist ja lahendamist. <\/span><\/p>\n<p><span style=\"font-weight: 400\">Interaktiivsete ja kaasahaaravate tegevuste kaudu said osalejad teada, kuidas \u00f5pilastes suurendada motivatsiooni, kehtestada klassiruumi reegleid, anda selgeid juhiseid, j\u00e4lgida, arendada v\u00e4ljakujundamist, kaasata paaris- ja r\u00fchmat\u00f6\u00f6desse ning saada n\u00e4pun\u00e4iteid, kuidas julgustada \u00f5pilasi oma klassiruumis k\u00e4itumist kajastama.<\/span><\/p>\n<p><span style=\"font-weight: 400\">Kursusel osalejatele tutvustati\u00a0 projekti- ja \u00fclesandep\u00f5hise \u00f5pet ning saadi ideid \u00f5pilaste \u00f5ppimise ja osalemise t\u00f5husaks hindamiseks.<\/span><\/p>\n<p><span style=\"font-weight: 400\">Kursus aitas osalejatel m\u00f5ista, kuidas:<br \/>\n<\/span><span style=\"font-weight: 400\">Klassiruumi t\u00f5husalt\u00a0 hallata\u00a0 loogiliste tagaj\u00e4rgedega reeglite kehtestamise kaudu;<br \/>\n<\/span><span style=\"font-weight: 400\">Tegeleda raskete k\u00e4itumistega, t\u00f6\u00f6tades koost\u00f6\u00f6l p\u00f5hinevate lahenduste kallal;<br \/>\n<\/span><span style=\"font-weight: 400\">Anda selged juhised, korraldada paari- ja r\u00fchmat\u00f6\u00f6 ning arendada positiivseid suhteid;<br \/>\n<\/span><span style=\"font-weight: 400\">Motiveerida \u00f5ppijaid ja panna neid oma k\u00e4itumist kajastama;<br \/>\n<\/span><span style=\"font-weight: 400\">Korraldada ja planeerida \u00fcmberp\u00f6\u00f6ratud klassiruumi;<br \/>\n<\/span><span style=\"font-weight: 400\">Hinnata \u00f5pilasi ja anda tagasisidet.<\/span><\/p>\n","protected":false},"excerpt":{"rendered":"<p>12.07.-17.07.21 toimus Kreekas\u00a0\u00a0koolitus &#8220;Classroom Management Solutions for Teachers: New Methodologies, Effective Motivation, Cooperation and Evaluation Strategies&#8221;. Koolitus pidi esialgu toimuma&#8230;<\/p>\n","protected":false},"author":1,"featured_media":0,"parent":5568,"menu_order":15,"comment_status":"closed","ping_status":"closed","template":"","meta":{"_acf_changed":false,"footnotes":""},"class_list":["post-5785","page","type-page","status-publish","hentry"],"yoast_head":"<!-- This site is optimized with the Yoast SEO plugin v27.2 - https:\/\/yoast.com\/product\/yoast-seo-wordpress\/ -->\n<title>Classroom Management Solutions for Teachers: New Methodologies, Effective Motivation, Cooperation and Evaluation Strategies - Peetri P\u00f5hikool<\/title>\n<meta name=\"robots\" content=\"index, follow, max-snippet:-1, max-image-preview:large, max-video-preview:-1\" \/>\n<link rel=\"canonical\" href=\"https:\/\/www.peetri.edu.ee\/pohikool\/erasmus-opiranded\/2020-2022-projekt\/classroom-management-solutions-teachers-new-methodologies-effective-motivation-cooperation-evaluation-strategies\/\" \/>\n<meta property=\"og:locale\" content=\"et_EE\" \/>\n<meta property=\"og:type\" content=\"article\" \/>\n<meta property=\"og:title\" content=\"Classroom Management Solutions for Teachers: New Methodologies, Effective Motivation, Cooperation and Evaluation Strategies - Peetri P\u00f5hikool\" \/>\n<meta property=\"og:description\" content=\"12.07.-17.07.21 toimus Kreekas\u00a0\u00a0koolitus &#8220;Classroom Management Solutions for Teachers: New Methodologies, Effective Motivation, Cooperation and Evaluation Strategies&#8221;. Koolitus pidi esialgu toimuma...\" \/>\n<meta property=\"og:url\" content=\"https:\/\/www.peetri.edu.ee\/pohikool\/erasmus-opiranded\/2020-2022-projekt\/classroom-management-solutions-teachers-new-methodologies-effective-motivation-cooperation-evaluation-strategies\/\" \/>\n<meta property=\"og:site_name\" content=\"Peetri P\u00f5hikool\" \/>\n<meta property=\"article:modified_time\" content=\"2023-09-19T14:31:50+00:00\" \/>\n<meta name=\"twitter:card\" content=\"summary_large_image\" \/>\n<meta name=\"twitter:label1\" content=\"Est. reading time\" \/>\n\t<meta name=\"twitter:data1\" content=\"1 minut\" \/>\n<script type=\"application\/ld+json\" class=\"yoast-schema-graph\">{\"@context\":\"https:\/\/schema.org\",\"@graph\":[{\"@type\":\"WebPage\",\"@id\":\"https:\/\/www.peetri.edu.ee\/pohikool\/erasmus-opiranded\/2020-2022-projekt\/classroom-management-solutions-teachers-new-methodologies-effective-motivation-cooperation-evaluation-strategies\/\",\"url\":\"https:\/\/www.peetri.edu.ee\/pohikool\/erasmus-opiranded\/2020-2022-projekt\/classroom-management-solutions-teachers-new-methodologies-effective-motivation-cooperation-evaluation-strategies\/\",\"name\":\"Classroom Management Solutions for Teachers: New Methodologies, Effective Motivation, Cooperation and Evaluation Strategies - Peetri P\u00f5hikool\",\"isPartOf\":{\"@id\":\"https:\/\/www.peetri.edu.ee\/pohikool\/#website\"},\"datePublished\":\"2021-11-05T06:33:27+00:00\",\"dateModified\":\"2023-09-19T14:31:50+00:00\",\"breadcrumb\":{\"@id\":\"https:\/\/www.peetri.edu.ee\/pohikool\/erasmus-opiranded\/2020-2022-projekt\/classroom-management-solutions-teachers-new-methodologies-effective-motivation-cooperation-evaluation-strategies\/#breadcrumb\"},\"inLanguage\":\"et\",\"potentialAction\":[{\"@type\":\"ReadAction\",\"target\":[\"https:\/\/www.peetri.edu.ee\/pohikool\/erasmus-opiranded\/2020-2022-projekt\/classroom-management-solutions-teachers-new-methodologies-effective-motivation-cooperation-evaluation-strategies\/\"]}]},{\"@type\":\"BreadcrumbList\",\"@id\":\"https:\/\/www.peetri.edu.ee\/pohikool\/erasmus-opiranded\/2020-2022-projekt\/classroom-management-solutions-teachers-new-methodologies-effective-motivation-cooperation-evaluation-strategies\/#breadcrumb\",\"itemListElement\":[{\"@type\":\"ListItem\",\"position\":1,\"name\":\"Home\",\"item\":\"https:\/\/www.peetri.edu.ee\/pohikool\/\"},{\"@type\":\"ListItem\",\"position\":2,\"name\":\"Erasmus+ \u00f5pir\u00e4nded ja koost\u00f6\u00f6projektid\",\"item\":\"https:\/\/www.peetri.edu.ee\/pohikool\/erasmus-opiranded\/\"},{\"@type\":\"ListItem\",\"position\":3,\"name\":\"2020-2023 projekt\",\"item\":\"https:\/\/www.peetri.edu.ee\/pohikool\/erasmus-opiranded\/2020-2022-projekt\/\"},{\"@type\":\"ListItem\",\"position\":4,\"name\":\"Classroom Management Solutions for Teachers: New Methodologies, Effective Motivation, Cooperation and Evaluation Strategies\"}]},{\"@type\":\"WebSite\",\"@id\":\"https:\/\/www.peetri.edu.ee\/pohikool\/#website\",\"url\":\"https:\/\/www.peetri.edu.ee\/pohikool\/\",\"name\":\"Peetri P\u00f5hikool\",\"description\":\"Igas inimeses on p\u00e4ike, laskem tal s\u00e4rada\",\"potentialAction\":[{\"@type\":\"SearchAction\",\"target\":{\"@type\":\"EntryPoint\",\"urlTemplate\":\"https:\/\/www.peetri.edu.ee\/pohikool\/?s={search_term_string}\"},\"query-input\":{\"@type\":\"PropertyValueSpecification\",\"valueRequired\":true,\"valueName\":\"search_term_string\"}}],\"inLanguage\":\"et\"}]}<\/script>\n<!-- \/ Yoast SEO plugin. -->","yoast_head_json":{"title":"Classroom Management Solutions for Teachers: New Methodologies, Effective Motivation, Cooperation and Evaluation Strategies - Peetri P\u00f5hikool","robots":{"index":"index","follow":"follow","max-snippet":"max-snippet:-1","max-image-preview":"max-image-preview:large","max-video-preview":"max-video-preview:-1"},"canonical":"https:\/\/www.peetri.edu.ee\/pohikool\/erasmus-opiranded\/2020-2022-projekt\/classroom-management-solutions-teachers-new-methodologies-effective-motivation-cooperation-evaluation-strategies\/","og_locale":"et_EE","og_type":"article","og_title":"Classroom Management Solutions for Teachers: New Methodologies, Effective Motivation, Cooperation and Evaluation Strategies - Peetri P\u00f5hikool","og_description":"12.07.-17.07.21 toimus Kreekas\u00a0\u00a0koolitus &#8220;Classroom Management Solutions for Teachers: New Methodologies, Effective Motivation, Cooperation and Evaluation Strategies&#8221;. Koolitus pidi esialgu toimuma...","og_url":"https:\/\/www.peetri.edu.ee\/pohikool\/erasmus-opiranded\/2020-2022-projekt\/classroom-management-solutions-teachers-new-methodologies-effective-motivation-cooperation-evaluation-strategies\/","og_site_name":"Peetri P\u00f5hikool","article_modified_time":"2023-09-19T14:31:50+00:00","twitter_card":"summary_large_image","twitter_misc":{"Est. reading time":"1 minut"},"schema":{"@context":"https:\/\/schema.org","@graph":[{"@type":"WebPage","@id":"https:\/\/www.peetri.edu.ee\/pohikool\/erasmus-opiranded\/2020-2022-projekt\/classroom-management-solutions-teachers-new-methodologies-effective-motivation-cooperation-evaluation-strategies\/","url":"https:\/\/www.peetri.edu.ee\/pohikool\/erasmus-opiranded\/2020-2022-projekt\/classroom-management-solutions-teachers-new-methodologies-effective-motivation-cooperation-evaluation-strategies\/","name":"Classroom Management Solutions for Teachers: New Methodologies, Effective Motivation, Cooperation and Evaluation Strategies - Peetri P\u00f5hikool","isPartOf":{"@id":"https:\/\/www.peetri.edu.ee\/pohikool\/#website"},"datePublished":"2021-11-05T06:33:27+00:00","dateModified":"2023-09-19T14:31:50+00:00","breadcrumb":{"@id":"https:\/\/www.peetri.edu.ee\/pohikool\/erasmus-opiranded\/2020-2022-projekt\/classroom-management-solutions-teachers-new-methodologies-effective-motivation-cooperation-evaluation-strategies\/#breadcrumb"},"inLanguage":"et","potentialAction":[{"@type":"ReadAction","target":["https:\/\/www.peetri.edu.ee\/pohikool\/erasmus-opiranded\/2020-2022-projekt\/classroom-management-solutions-teachers-new-methodologies-effective-motivation-cooperation-evaluation-strategies\/"]}]},{"@type":"BreadcrumbList","@id":"https:\/\/www.peetri.edu.ee\/pohikool\/erasmus-opiranded\/2020-2022-projekt\/classroom-management-solutions-teachers-new-methodologies-effective-motivation-cooperation-evaluation-strategies\/#breadcrumb","itemListElement":[{"@type":"ListItem","position":1,"name":"Home","item":"https:\/\/www.peetri.edu.ee\/pohikool\/"},{"@type":"ListItem","position":2,"name":"Erasmus+ \u00f5pir\u00e4nded ja koost\u00f6\u00f6projektid","item":"https:\/\/www.peetri.edu.ee\/pohikool\/erasmus-opiranded\/"},{"@type":"ListItem","position":3,"name":"2020-2023 projekt","item":"https:\/\/www.peetri.edu.ee\/pohikool\/erasmus-opiranded\/2020-2022-projekt\/"},{"@type":"ListItem","position":4,"name":"Classroom Management Solutions for Teachers: New Methodologies, Effective Motivation, Cooperation and Evaluation Strategies"}]},{"@type":"WebSite","@id":"https:\/\/www.peetri.edu.ee\/pohikool\/#website","url":"https:\/\/www.peetri.edu.ee\/pohikool\/","name":"Peetri P\u00f5hikool","description":"Igas inimeses on p\u00e4ike, laskem tal s\u00e4rada","potentialAction":[{"@type":"SearchAction","target":{"@type":"EntryPoint","urlTemplate":"https:\/\/www.peetri.edu.ee\/pohikool\/?s={search_term_string}"},"query-input":{"@type":"PropertyValueSpecification","valueRequired":true,"valueName":"search_term_string"}}],"inLanguage":"et"}]}},"acf":[],"_links":{"self":[{"href":"https:\/\/www.peetri.edu.ee\/pohikool\/wp-json\/wp\/v2\/pages\/5785","targetHints":{"allow":["GET"]}}],"collection":[{"href":"https:\/\/www.peetri.edu.ee\/pohikool\/wp-json\/wp\/v2\/pages"}],"about":[{"href":"https:\/\/www.peetri.edu.ee\/pohikool\/wp-json\/wp\/v2\/types\/page"}],"author":[{"embeddable":true,"href":"https:\/\/www.peetri.edu.ee\/pohikool\/wp-json\/wp\/v2\/users\/1"}],"replies":[{"embeddable":true,"href":"https:\/\/www.peetri.edu.ee\/pohikool\/wp-json\/wp\/v2\/comments?post=5785"}],"version-history":[{"count":5,"href":"https:\/\/www.peetri.edu.ee\/pohikool\/wp-json\/wp\/v2\/pages\/5785\/revisions"}],"predecessor-version":[{"id":7997,"href":"https:\/\/www.peetri.edu.ee\/pohikool\/wp-json\/wp\/v2\/pages\/5785\/revisions\/7997"}],"up":[{"embeddable":true,"href":"https:\/\/www.peetri.edu.ee\/pohikool\/wp-json\/wp\/v2\/pages\/5568"}],"wp:attachment":[{"href":"https:\/\/www.peetri.edu.ee\/pohikool\/wp-json\/wp\/v2\/media?parent=5785"}],"curies":[{"name":"wp","href":"https:\/\/api.w.org\/{rel}","templated":true}]}}