{"id":5783,"date":"2021-11-05T08:33:02","date_gmt":"2021-11-05T06:33:02","guid":{"rendered":"https:\/\/www.peetri.edu.ee\/pohikool\/?page_id=5783"},"modified":"2023-09-19T16:45:38","modified_gmt":"2023-09-19T13:45:38","slug":"strategies-reducing-early-school-leaving","status":"publish","type":"page","link":"https:\/\/www.peetri.edu.ee\/pohikool\/erasmus-opiranded\/2020-2022-projekt\/strategies-reducing-early-school-leaving\/","title":{"rendered":"Strategies for Reducing Early School Leaving"},"content":{"rendered":"<p>2021 aasta aprilli vaheajal toimus Horvaatias Splitis\u00a0 koolitus teemal <strong>&#8220;Strategies for Reducing Early School Leaving&#8221;.<\/strong><br \/>\nToimus h\u00fcbriidkoolitus, kus osad osalejad olid koolituse veebikekonna Zoom vahendusel ja teised osalejad said tulla kohapeale.\u00a0 Koolitus algas osalejate tutvustamise ja nende ettekannete kuulamisega.<\/p>\n<p>Kursuse eesm\u00e4rk oli t\u00f5sta teadlikkust ja aidata toime tulla sotsiaalmajanduslike muutuste ja noorte t\u00e4nap\u00e4eval peamiste v\u00e4ljakutsetega.<br \/>\nKooli poolelij\u00e4tmine on laialt levinud probleem. Ja seda mitte ainult Eestis. Koolitusel &#8220;Strategies for Reducing Early School Leaving&#8221;\u00a0 \u00a0arutledes antud teemal teiste Euroopa riikide \u00f5petajatega oldi \u00fchel n\u00f5ul, et probleem on olemas, oluliselt m\u00f5jutab koolist eemale j\u00e4\u00e4nud noorte tulevikuv\u00e4ljavaateid ja \u00fchiskonda tervikuna. Olulisema tegurina koolist v\u00e4lja j\u00e4\u00e4misel toodi v\u00e4lja \u00f5pilaste puudulik suhtlemisoskus, kuuluvustunde puudus, millest kujuneb sotsiaalne t\u00f5rjutus.<\/p>\n<p>\u00d5petajatena saame toetada \u00f5pilaste suhtlemisoskust, kui \u00fcht olulisemat elus toimetulekuks vajalikku oskust. Esmalt vajavad \u00f5petajad aga teadmisi, oskusi m\u00e4rkamaks \u00f5pilasi, kelle suhtlemisoskused vajavad toetus, m\u00e4rkama grupi(klassi) d\u00fcnaamikat. Ning vastavalt valima sobivad strateegiad sekkumiseks, toetamiseks, kaasamiseks.<\/p>\n<p>Koolitusel keskenduti:<br \/>\nA) Digitaalsete platvormide ja virtuaal\u00f5ppele, \u00f5petajad saavad kasutada neid julgustamaks \u00f5pilasi suhtlema, enesev\u00e4ljendusele. Samas annavad need v\u00f5imaluse koostada \u00f5ppematerjalid vastavalt \u00f5pilaste tasemele, erinevustele, vajadustele.<br \/>\nB) Bloomi taksonoomia rakendamisele \u00f5ppe eesm\u00e4rkide ja hindamise kavandamisel tagamaks \u00f5ppijate kognitiivse arengu edendamine erinevatel ( teadmiste-, arusaamise-, rakendamise-, anal\u00fc\u00fcsi-, hindamise) tasanditel.<\/p>\n<p>Koolituse eesm\u00e4rk oli praktiliselt l\u00e4htudes Bloomi taksonoomiast koostada \u00f5ppe\u00fclesanded, harjutused, m\u00e4ngud, mis toetaksid \u00f5pilaste suhtlemisoskusi. Aitaks neil m\u00f5ista inimeste erisusi, teha koost\u00f6\u00f6d, avastada oma huvisid, tugevusi ning arendada neid. \u00dcldisem eesm\u00e4rk tekitada neis huvi, mis hoiaks neid haridusteel.<\/p>\n<p><a href=\"https:\/\/www.peetri.edu.ee\/pohikool\/wp-content\/uploads\/sites\/3\/2021\/11\/koolide-tutvustus2_Horvaatia.jpg\"><img loading=\"lazy\" decoding=\"async\" class=\"alignnone size-medium wp-image-7984\" src=\"https:\/\/www.peetri.edu.ee\/pohikool\/wp-content\/uploads\/sites\/3\/2021\/11\/koolide-tutvustus2_Horvaatia-300x164.jpg\" alt=\"\" width=\"300\" height=\"164\" \/><\/a> <a href=\"https:\/\/www.peetri.edu.ee\/pohikool\/wp-content\/uploads\/sites\/3\/2021\/11\/20210423_135630.jpg\"><img loading=\"lazy\" decoding=\"async\" class=\"alignnone size-medium wp-image-7985\" src=\"https:\/\/www.peetri.edu.ee\/pohikool\/wp-content\/uploads\/sites\/3\/2021\/11\/20210423_135630-300x169.jpg\" alt=\"\" width=\"300\" height=\"169\" \/><\/a><\/p>\n<p><a href=\"https:\/\/www.peetri.edu.ee\/pohikool\/wp-content\/uploads\/sites\/3\/2021\/11\/IMG-20210425-WA0007.jpg\"><img loading=\"lazy\" decoding=\"async\" class=\"alignnone size-medium wp-image-7987\" src=\"https:\/\/www.peetri.edu.ee\/pohikool\/wp-content\/uploads\/sites\/3\/2021\/11\/IMG-20210425-WA0007-300x225.jpg\" alt=\"\" width=\"300\" height=\"225\" \/><\/a><a href=\"https:\/\/www.peetri.edu.ee\/pohikool\/wp-content\/uploads\/sites\/3\/2021\/11\/IMG-20210425-WA0003.jpg\"><img loading=\"lazy\" decoding=\"async\" class=\"alignnone size-medium wp-image-7986\" src=\"https:\/\/www.peetri.edu.ee\/pohikool\/wp-content\/uploads\/sites\/3\/2021\/11\/IMG-20210425-WA0003-300x224.jpg\" alt=\"\" width=\"300\" height=\"224\" \/><\/a><\/p>\n<p>&nbsp;<\/p>\n","protected":false},"excerpt":{"rendered":"<p>2021 aasta aprilli vaheajal toimus Horvaatias Splitis\u00a0 koolitus teemal &#8220;Strategies for Reducing Early School Leaving&#8221;. Toimus h\u00fcbriidkoolitus, kus osad osalejad&#8230;<\/p>\n","protected":false},"author":1,"featured_media":0,"parent":5568,"menu_order":10,"comment_status":"closed","ping_status":"closed","template":"","meta":{"_acf_changed":false,"footnotes":""},"class_list":["post-5783","page","type-page","status-publish","hentry"],"yoast_head":"<!-- This site is optimized with the Yoast SEO plugin v27.2 - https:\/\/yoast.com\/product\/yoast-seo-wordpress\/ -->\n<title>Strategies for Reducing Early School Leaving - Peetri P\u00f5hikool<\/title>\n<meta name=\"robots\" content=\"index, follow, max-snippet:-1, max-image-preview:large, max-video-preview:-1\" \/>\n<link rel=\"canonical\" href=\"https:\/\/www.peetri.edu.ee\/pohikool\/erasmus-opiranded\/2020-2022-projekt\/strategies-reducing-early-school-leaving\/\" \/>\n<meta property=\"og:locale\" content=\"et_EE\" \/>\n<meta property=\"og:type\" content=\"article\" \/>\n<meta property=\"og:title\" content=\"Strategies for Reducing Early School Leaving - Peetri P\u00f5hikool\" \/>\n<meta property=\"og:description\" content=\"2021 aasta aprilli vaheajal toimus Horvaatias Splitis\u00a0 koolitus teemal &#8220;Strategies for Reducing Early School Leaving&#8221;. Toimus h\u00fcbriidkoolitus, kus osad osalejad...\" \/>\n<meta property=\"og:url\" content=\"https:\/\/www.peetri.edu.ee\/pohikool\/erasmus-opiranded\/2020-2022-projekt\/strategies-reducing-early-school-leaving\/\" \/>\n<meta property=\"og:site_name\" content=\"Peetri P\u00f5hikool\" \/>\n<meta property=\"article:modified_time\" content=\"2023-09-19T13:45:38+00:00\" \/>\n<meta property=\"og:image\" content=\"https:\/\/www.peetri.edu.ee\/pohikool\/wp-content\/uploads\/sites\/3\/2021\/11\/koolide-tutvustus2_Horvaatia-300x164.jpg\" \/>\n<meta name=\"twitter:card\" content=\"summary_large_image\" \/>\n<meta name=\"twitter:label1\" content=\"Est. reading time\" \/>\n\t<meta name=\"twitter:data1\" content=\"1 minut\" \/>\n<script type=\"application\/ld+json\" class=\"yoast-schema-graph\">{\"@context\":\"https:\/\/schema.org\",\"@graph\":[{\"@type\":\"WebPage\",\"@id\":\"https:\/\/www.peetri.edu.ee\/pohikool\/erasmus-opiranded\/2020-2022-projekt\/strategies-reducing-early-school-leaving\/\",\"url\":\"https:\/\/www.peetri.edu.ee\/pohikool\/erasmus-opiranded\/2020-2022-projekt\/strategies-reducing-early-school-leaving\/\",\"name\":\"Strategies for Reducing Early School Leaving - Peetri P\u00f5hikool\",\"isPartOf\":{\"@id\":\"https:\/\/www.peetri.edu.ee\/pohikool\/#website\"},\"primaryImageOfPage\":{\"@id\":\"https:\/\/www.peetri.edu.ee\/pohikool\/erasmus-opiranded\/2020-2022-projekt\/strategies-reducing-early-school-leaving\/#primaryimage\"},\"image\":{\"@id\":\"https:\/\/www.peetri.edu.ee\/pohikool\/erasmus-opiranded\/2020-2022-projekt\/strategies-reducing-early-school-leaving\/#primaryimage\"},\"thumbnailUrl\":\"https:\/\/www.peetri.edu.ee\/pohikool\/wp-content\/uploads\/sites\/3\/2021\/11\/koolide-tutvustus2_Horvaatia-300x164.jpg\",\"datePublished\":\"2021-11-05T06:33:02+00:00\",\"dateModified\":\"2023-09-19T13:45:38+00:00\",\"breadcrumb\":{\"@id\":\"https:\/\/www.peetri.edu.ee\/pohikool\/erasmus-opiranded\/2020-2022-projekt\/strategies-reducing-early-school-leaving\/#breadcrumb\"},\"inLanguage\":\"et\",\"potentialAction\":[{\"@type\":\"ReadAction\",\"target\":[\"https:\/\/www.peetri.edu.ee\/pohikool\/erasmus-opiranded\/2020-2022-projekt\/strategies-reducing-early-school-leaving\/\"]}]},{\"@type\":\"ImageObject\",\"inLanguage\":\"et\",\"@id\":\"https:\/\/www.peetri.edu.ee\/pohikool\/erasmus-opiranded\/2020-2022-projekt\/strategies-reducing-early-school-leaving\/#primaryimage\",\"url\":\"https:\/\/www.peetri.edu.ee\/pohikool\/wp-content\/uploads\/sites\/3\/2021\/11\/koolide-tutvustus2_Horvaatia.jpg\",\"contentUrl\":\"https:\/\/www.peetri.edu.ee\/pohikool\/wp-content\/uploads\/sites\/3\/2021\/11\/koolide-tutvustus2_Horvaatia.jpg\",\"width\":1121,\"height\":612},{\"@type\":\"BreadcrumbList\",\"@id\":\"https:\/\/www.peetri.edu.ee\/pohikool\/erasmus-opiranded\/2020-2022-projekt\/strategies-reducing-early-school-leaving\/#breadcrumb\",\"itemListElement\":[{\"@type\":\"ListItem\",\"position\":1,\"name\":\"Home\",\"item\":\"https:\/\/www.peetri.edu.ee\/pohikool\/\"},{\"@type\":\"ListItem\",\"position\":2,\"name\":\"Erasmus+ \u00f5pir\u00e4nded ja koost\u00f6\u00f6projektid\",\"item\":\"https:\/\/www.peetri.edu.ee\/pohikool\/erasmus-opiranded\/\"},{\"@type\":\"ListItem\",\"position\":3,\"name\":\"2020-2023 projekt\",\"item\":\"https:\/\/www.peetri.edu.ee\/pohikool\/erasmus-opiranded\/2020-2022-projekt\/\"},{\"@type\":\"ListItem\",\"position\":4,\"name\":\"Strategies for Reducing Early School Leaving\"}]},{\"@type\":\"WebSite\",\"@id\":\"https:\/\/www.peetri.edu.ee\/pohikool\/#website\",\"url\":\"https:\/\/www.peetri.edu.ee\/pohikool\/\",\"name\":\"Peetri P\u00f5hikool\",\"description\":\"Igas inimeses on p\u00e4ike, laskem tal s\u00e4rada\",\"potentialAction\":[{\"@type\":\"SearchAction\",\"target\":{\"@type\":\"EntryPoint\",\"urlTemplate\":\"https:\/\/www.peetri.edu.ee\/pohikool\/?s={search_term_string}\"},\"query-input\":{\"@type\":\"PropertyValueSpecification\",\"valueRequired\":true,\"valueName\":\"search_term_string\"}}],\"inLanguage\":\"et\"}]}<\/script>\n<!-- \/ Yoast SEO plugin. -->","yoast_head_json":{"title":"Strategies for Reducing Early School Leaving - Peetri P\u00f5hikool","robots":{"index":"index","follow":"follow","max-snippet":"max-snippet:-1","max-image-preview":"max-image-preview:large","max-video-preview":"max-video-preview:-1"},"canonical":"https:\/\/www.peetri.edu.ee\/pohikool\/erasmus-opiranded\/2020-2022-projekt\/strategies-reducing-early-school-leaving\/","og_locale":"et_EE","og_type":"article","og_title":"Strategies for Reducing Early School Leaving - Peetri P\u00f5hikool","og_description":"2021 aasta aprilli vaheajal toimus Horvaatias Splitis\u00a0 koolitus teemal &#8220;Strategies for Reducing Early School Leaving&#8221;. Toimus h\u00fcbriidkoolitus, kus osad osalejad...","og_url":"https:\/\/www.peetri.edu.ee\/pohikool\/erasmus-opiranded\/2020-2022-projekt\/strategies-reducing-early-school-leaving\/","og_site_name":"Peetri P\u00f5hikool","article_modified_time":"2023-09-19T13:45:38+00:00","og_image":[{"url":"https:\/\/www.peetri.edu.ee\/pohikool\/wp-content\/uploads\/sites\/3\/2021\/11\/koolide-tutvustus2_Horvaatia-300x164.jpg","type":"","width":"","height":""}],"twitter_card":"summary_large_image","twitter_misc":{"Est. reading time":"1 minut"},"schema":{"@context":"https:\/\/schema.org","@graph":[{"@type":"WebPage","@id":"https:\/\/www.peetri.edu.ee\/pohikool\/erasmus-opiranded\/2020-2022-projekt\/strategies-reducing-early-school-leaving\/","url":"https:\/\/www.peetri.edu.ee\/pohikool\/erasmus-opiranded\/2020-2022-projekt\/strategies-reducing-early-school-leaving\/","name":"Strategies for Reducing Early School Leaving - Peetri P\u00f5hikool","isPartOf":{"@id":"https:\/\/www.peetri.edu.ee\/pohikool\/#website"},"primaryImageOfPage":{"@id":"https:\/\/www.peetri.edu.ee\/pohikool\/erasmus-opiranded\/2020-2022-projekt\/strategies-reducing-early-school-leaving\/#primaryimage"},"image":{"@id":"https:\/\/www.peetri.edu.ee\/pohikool\/erasmus-opiranded\/2020-2022-projekt\/strategies-reducing-early-school-leaving\/#primaryimage"},"thumbnailUrl":"https:\/\/www.peetri.edu.ee\/pohikool\/wp-content\/uploads\/sites\/3\/2021\/11\/koolide-tutvustus2_Horvaatia-300x164.jpg","datePublished":"2021-11-05T06:33:02+00:00","dateModified":"2023-09-19T13:45:38+00:00","breadcrumb":{"@id":"https:\/\/www.peetri.edu.ee\/pohikool\/erasmus-opiranded\/2020-2022-projekt\/strategies-reducing-early-school-leaving\/#breadcrumb"},"inLanguage":"et","potentialAction":[{"@type":"ReadAction","target":["https:\/\/www.peetri.edu.ee\/pohikool\/erasmus-opiranded\/2020-2022-projekt\/strategies-reducing-early-school-leaving\/"]}]},{"@type":"ImageObject","inLanguage":"et","@id":"https:\/\/www.peetri.edu.ee\/pohikool\/erasmus-opiranded\/2020-2022-projekt\/strategies-reducing-early-school-leaving\/#primaryimage","url":"https:\/\/www.peetri.edu.ee\/pohikool\/wp-content\/uploads\/sites\/3\/2021\/11\/koolide-tutvustus2_Horvaatia.jpg","contentUrl":"https:\/\/www.peetri.edu.ee\/pohikool\/wp-content\/uploads\/sites\/3\/2021\/11\/koolide-tutvustus2_Horvaatia.jpg","width":1121,"height":612},{"@type":"BreadcrumbList","@id":"https:\/\/www.peetri.edu.ee\/pohikool\/erasmus-opiranded\/2020-2022-projekt\/strategies-reducing-early-school-leaving\/#breadcrumb","itemListElement":[{"@type":"ListItem","position":1,"name":"Home","item":"https:\/\/www.peetri.edu.ee\/pohikool\/"},{"@type":"ListItem","position":2,"name":"Erasmus+ \u00f5pir\u00e4nded ja koost\u00f6\u00f6projektid","item":"https:\/\/www.peetri.edu.ee\/pohikool\/erasmus-opiranded\/"},{"@type":"ListItem","position":3,"name":"2020-2023 projekt","item":"https:\/\/www.peetri.edu.ee\/pohikool\/erasmus-opiranded\/2020-2022-projekt\/"},{"@type":"ListItem","position":4,"name":"Strategies for Reducing Early School Leaving"}]},{"@type":"WebSite","@id":"https:\/\/www.peetri.edu.ee\/pohikool\/#website","url":"https:\/\/www.peetri.edu.ee\/pohikool\/","name":"Peetri P\u00f5hikool","description":"Igas inimeses on p\u00e4ike, laskem tal s\u00e4rada","potentialAction":[{"@type":"SearchAction","target":{"@type":"EntryPoint","urlTemplate":"https:\/\/www.peetri.edu.ee\/pohikool\/?s={search_term_string}"},"query-input":{"@type":"PropertyValueSpecification","valueRequired":true,"valueName":"search_term_string"}}],"inLanguage":"et"}]}},"acf":[],"_links":{"self":[{"href":"https:\/\/www.peetri.edu.ee\/pohikool\/wp-json\/wp\/v2\/pages\/5783","targetHints":{"allow":["GET"]}}],"collection":[{"href":"https:\/\/www.peetri.edu.ee\/pohikool\/wp-json\/wp\/v2\/pages"}],"about":[{"href":"https:\/\/www.peetri.edu.ee\/pohikool\/wp-json\/wp\/v2\/types\/page"}],"author":[{"embeddable":true,"href":"https:\/\/www.peetri.edu.ee\/pohikool\/wp-json\/wp\/v2\/users\/1"}],"replies":[{"embeddable":true,"href":"https:\/\/www.peetri.edu.ee\/pohikool\/wp-json\/wp\/v2\/comments?post=5783"}],"version-history":[{"count":3,"href":"https:\/\/www.peetri.edu.ee\/pohikool\/wp-json\/wp\/v2\/pages\/5783\/revisions"}],"predecessor-version":[{"id":7988,"href":"https:\/\/www.peetri.edu.ee\/pohikool\/wp-json\/wp\/v2\/pages\/5783\/revisions\/7988"}],"up":[{"embeddable":true,"href":"https:\/\/www.peetri.edu.ee\/pohikool\/wp-json\/wp\/v2\/pages\/5568"}],"wp:attachment":[{"href":"https:\/\/www.peetri.edu.ee\/pohikool\/wp-json\/wp\/v2\/media?parent=5783"}],"curies":[{"name":"wp","href":"https:\/\/api.w.org\/{rel}","templated":true}]}}