{"id":5503,"date":"2021-08-04T12:24:56","date_gmt":"2021-08-04T09:24:56","guid":{"rendered":"https:\/\/www.peetri.edu.ee\/pohikool\/?page_id=5503"},"modified":"2024-08-29T09:56:29","modified_gmt":"2024-08-29T06:56:29","slug":"pildid-20212022","status":"publish","type":"page","link":"https:\/\/www.peetri.edu.ee\/pohikool\/pildid-20212022\/","title":{"rendered":"Pildid 2021\/2022"},"content":{"rendered":"<h2>September<\/h2>\n<ul>\n<li>\n<h3>2021.09.01\u00a0<a href=\"https:\/\/drive.google.com\/drive\/folders\/1O_TgUpyci9kjm_-95pWUs12kq-YfAko4?usp=sharing\">1.septembri aktus 2.-9.kl<\/a><\/h3>\n<\/li>\n<li>\n<h3>2021.09.20\u00a0<a href=\"https:\/\/drive.google.com\/drive\/folders\/1tICjQcWB6tVC0ridyB8gec-ZS1YBwE0a?usp=sharing\">S\u00fcgislaat<\/a><\/h3>\n<\/li>\n<li>\n<h3>2021.09.22 <a href=\"https:\/\/drive.google.com\/drive\/folders\/1leK4sGUkrjfm1cDnn4VlTW8YXawVIzpX?usp=sharing\">Maailmakoristusp\u00e4ev<\/a><\/h3>\n<\/li>\n<li>\n<h3>2021.09.23\u00a0<a href=\"https:\/\/drive.google.com\/drive\/folders\/15TCtkvZ86COzOdU3zpYHTitP4_vuTmlH?usp=sharing\">Heategevuslik Mesik\u00e4pajooks<\/a><\/h3>\n<\/li>\n<li>\n<h3>2021.09.23-30 <a href=\"https:\/\/drive.google.com\/drive\/folders\/1qzajqHMgjlcUB3WPhQe6nOokBTDyfDWS?usp=sharing\">Spordin\u00e4dal<\/a><\/h3>\n<\/li>\n<\/ul>\n<h2>Oktoober<\/h2>\n<ul>\n<li>\n<h3>2021.10.01.-04\u00a0<a href=\"https:\/\/drive.google.com\/drive\/folders\/1oNuc7B_eMwZsNb-CDIG2u9WXqUwywTIR?usp=sharing\">Muusikap\u00e4ev<\/a><\/h3>\n<\/li>\n<li>\n<h3>2021.10.20 <a href=\"https:\/\/drive.google.com\/drive\/folders\/1Ge--qbLI0VYbE8_x3IaPb-jyXysTwv3d?usp=sharing\">Kella 7 orienteerumine<\/a><\/h3>\n<\/li>\n<\/ul>\n<h2>November<\/h2>\n<ul>\n<li>\n<h3>2021.11.01 <a href=\"https:\/\/drive.google.com\/drive\/folders\/1X0BYe2aYwMmIcXkl4OAjeWyYc2txOoWs?usp=sharing\">Halloween<\/a><\/h3>\n<\/li>\n<li>\n<h3>2021.11.24 <a href=\"https:\/\/drive.google.com\/drive\/folders\/1r6q_8GukyC2t3PzFg5VqfCw3PhEgy9uZ?usp=sharing\">Eurovisioon<\/a><\/h3>\n<\/li>\n<li>\n<h3>2021.11.25 <a href=\"https:\/\/drive.google.com\/drive\/folders\/141CRvtLm9ow6V-tERn42EVzvwd0Da8uS?usp=sharing\">Kadrip\u00e4ev<\/a><\/h3>\n<\/li>\n<li>\n<h3>2021.11 <a href=\"https:\/\/drive.google.com\/drive\/folders\/1nfmeqoMKar7TeDfrK9HHzCFebRV4P0yA?usp=sharing\">Jooga t\u00f6\u00f6toad<\/a><\/h3>\n<\/li>\n<\/ul>\n<h2>Detsember<\/h2>\n<ul>\n<li>\n<h3>2021.12 <a href=\"https:\/\/drive.google.com\/drive\/folders\/1p1twcp90LGBx_5yTJgXsAzWgKi2ozTfw?usp=sharing\">Advendihommikud<\/a><\/h3>\n<\/li>\n<li>\n<h3>2021.12.03 <a href=\"https:\/\/drive.google.com\/drive\/folders\/1op8hoE2FbH2v4iOBrM2wqR4u2wdB2Mtq?usp=sharing\">Playback<\/a><\/h3>\n<\/li>\n<li>\n<h3>2021.12.21 <a href=\"https:\/\/drive.google.com\/drive\/folders\/1YPiZKlkCnO6eqgn_1VvKgI90gfjVnfI_?usp=sharing\">J\u00f5ulun\u00e4idend<\/a><\/h3>\n<\/li>\n<li>\n<h3>2021.12.22 <a href=\"https:\/\/drive.google.com\/drive\/folders\/1uIX8Vva9HOYXMemoZ47bY77Aiakv5Zer?usp=sharing\">Pidulik j\u00f5ulul\u00f5una<\/a><\/h3>\n<\/li>\n<\/ul>\n<h2>Veebraur<\/h2>\n<ul>\n<li>\n<h3>2022.02.14 <a href=\"https:\/\/drive.google.com\/drive\/folders\/1qacph_d7wPQS0gKYPD6jnj5OjAdfgrHB?usp=sharing\">S\u00f5brap\u00e4ev<\/a><\/h3>\n<\/li>\n<li>\n<h3>2022.02.15.-16.\u00a0<a href=\"https:\/\/drive.google.com\/drive\/folders\/15Xq_NTjUveK5Vg4fmeW83wGq38-uQ_xd?usp=sharing\">Hispaania keele p\u00e4evad<\/a><\/h3>\n<\/li>\n<li>\n<h3>2022.02.18 <a href=\"https:\/\/drive.google.com\/drive\/folders\/1Hke0E9jGyVLgKHS-HdKD3LgYsSY-KFV-?usp=sharing\">Lauam\u00e4nguvahetunnid<\/a><\/h3>\n<\/li>\n<li>\n<h3>2022.02.23 <a href=\"https:\/\/drive.google.com\/drive\/folders\/1t9mDEU26EX-58dtMin-f6Nrj5MRdTut2?usp=sharing\">EV aastap\u00e4eva aktus<\/a><\/h3>\n<\/li>\n<\/ul>\n<h2>M\u00e4rts<\/h2>\n<ul>\n<li>\n<h3>2022.03.11 7.-9.kl <a href=\"https:\/\/drive.google.com\/drive\/folders\/1U7p5wXf3mylJS_bbeVHmALtVNQ7KikYS?usp=sharing\">Filmi\u00f5htu<\/a><\/h3>\n<\/li>\n<li>\n<h3>2022.03.16 <a href=\"https:\/\/drive.google.com\/drive\/folders\/1a95p6tdVjrGSbuhz_i4dx75EVsvN1avx?usp=sharing\">4.A Nukuetendus lasteaiale<\/a><\/h3>\n<\/li>\n<li>\n<h3>2022.03.16\u00a0<a href=\"https:\/\/drive.google.com\/drive\/folders\/1tXN6Ry6M6VLL_vg548dKu_Oi-04kNrMD?usp=sharing\">Jaanus Vaiksoo kohtub 1.-2.klassiga<\/a><\/h3>\n<\/li>\n<li>\n<h3>2022.03.18 <a href=\"https:\/\/drive.google.com\/drive\/folders\/1SUkdSPCKVip2a6PYC71_jvJdtN_2jSzS?usp=sharing\">5.-6.kl Filmi\u00f5htu<\/a><\/h3>\n<\/li>\n<li>\n<h3>2022.03.17 <a href=\"https:\/\/drive.google.com\/drive\/folders\/1qoYKHHePK1BNz-vsrcYWS9a0PUBL1AXe?usp=sharing\">K\u00e4nguru<\/a><\/h3>\n<\/li>\n<li>\n<h3>2022.03.30 <a href=\"https:\/\/drive.google.com\/drive\/folders\/107LEekTv9EZ-m53TSQ3MlSGAs5YkNukE?usp=sharing\">2.kl Veep\u00e4ev<\/a><\/h3>\n<\/li>\n<\/ul>\n<h2>Aprill<\/h2>\n<ul>\n<li>\n<h3>2022.04.01 <a href=\"https:\/\/drive.google.com\/drive\/folders\/1G33BQ-ajBwNp0mla_OdA5HCVJ7QDX6Z1?usp=sharing\">Naljap\u00e4ev<\/a><\/h3>\n<\/li>\n<li>\n<h3>2022.04.21 <a href=\"https:\/\/drive.google.com\/drive\/folders\/1vUnrJm7c9dmxh9OhxAnGWA5x9AODKoYW?usp=sharing\">1.-2.kl Laulupidu<\/a><\/h3>\n<\/li>\n<li>\n<h3>2022.04.21 <a href=\"https:\/\/drive.google.com\/drive\/folders\/1zW_w6btZwUleH2VFzXEN7a7lGKzlTuSk?usp=sharing\">2.-4.kl Lugemis\u00f5htu<\/a><\/h3>\n<\/li>\n<\/ul>\n<h2>Mai<\/h2>\n<ul>\n<li>\n<h3>2022.05.09 <a href=\"https:\/\/drive.google.com\/drive\/folders\/1_QCMwy-B4pcTcpd6W-Nqxqp_KJHPy-jU?usp=sharing\">Tordiv\u00f5istlus\u00a0<\/a><\/h3>\n<\/li>\n<li>\n<h3>2022.05.13 <a href=\"https:\/\/drive.google.com\/drive\/folders\/1VORLBEzjFk0CMjfUk_ch7d0oxEk6dc0k?usp=sharing\">Koolikotivaba p\u00e4ev<\/a><\/h3>\n<\/li>\n<li>\n<h3>2022.05.20 <a href=\"https:\/\/drive.google.com\/drive\/folders\/1TaatsOq013AOMDxUrdFIkmzv-xEfpz0f?usp=sharing\">R\u00f5\u00f5mumeeter<\/a><\/h3>\n<\/li>\n<li>\n<h3>2022.05.23 <a href=\"https:\/\/drive.google.com\/drive\/folders\/1-YlGz37xPy-bEko0gSV8ojlrGB6WNcgv?usp=sharing\">L\u00f5pukell<\/a><\/h3>\n<\/li>\n<li>\n<h3>2022.05.30 <a href=\"https:\/\/drive.google.com\/drive\/folders\/1Uj0dS82JoOtcvepVUqtynsnf7zhh6BOy?usp=sharing\">Perepiknik<\/a><\/h3>\n<\/li>\n<\/ul>\n<h2>Juuni<\/h2>\n<ul>\n<li>\n<h3>2022.06.08 <a href=\"https:\/\/drive.google.com\/drive\/folders\/1dCGwGflt3XKy3I4Ug05FoZwbtDzstSnW?usp=sharing\">5.kl \u00f5ues\u00f5ppep\u00e4ev<\/a><\/h3>\n<\/li>\n<li>\n<h3>2022.06.08 <a href=\"https:\/\/drive.google.com\/drive\/folders\/1yu0xwoRMR6GKnMkh0VjZQeX2jIZo_GhB?usp=sharing\">4.kl ball<\/a><\/h3>\n<\/li>\n<li>\n<h3>2022.06.12\u00a0<a href=\"https:\/\/drive.google.com\/drive\/folders\/1k6H1HvH0qIxlKdU2iZH8wogyH-S0vGhP?usp=sharing\">III Eesti Naiste Tantsupidu &#8220;PereLugu&#8221;<\/a><\/h3>\n<\/li>\n<li>\n<h3>2022.06.13 <a href=\"https:\/\/drive.google.com\/drive\/folders\/199eUBKQWmhEzfM09a3dQd6IRjXRgbVU9?usp=sharing\">1.-8.kl aktus<\/a><\/h3>\n<\/li>\n<li>\n<h3>2022.06.21 <a href=\"https:\/\/drive.google.com\/drive\/folders\/1PbK3Z-8tPhCBwStXCedn_IiLdJmXnEBY?usp=sharing\">9.kl L\u00f5puaktus<\/a><\/h3>\n<\/li>\n<\/ul>\n","protected":false},"excerpt":{"rendered":"<p>September 2021.09.01\u00a01.septembri aktus 2.-9.kl 2021.09.20\u00a0S\u00fcgislaat 2021.09.22 Maailmakoristusp\u00e4ev 2021.09.23\u00a0Heategevuslik Mesik\u00e4pajooks 2021.09.23-30 Spordin\u00e4dal Oktoober 2021.10.01.-04\u00a0Muusikap\u00e4ev 2021.10.20 Kella 7 orienteerumine November 2021.11.01 Halloween&#8230;<\/p>\n","protected":false},"author":1,"featured_media":0,"parent":0,"menu_order":0,"comment_status":"closed","ping_status":"closed","template":"","meta":{"_acf_changed":false,"footnotes":""},"class_list":["post-5503","page","type-page","status-publish","hentry"],"yoast_head":"<!-- This site is optimized with the Yoast SEO plugin v27.5 - https:\/\/yoast.com\/product\/yoast-seo-wordpress\/ -->\n<title>Pildid 2021\/2022 - Peetri P\u00f5hikool<\/title>\n<meta name=\"robots\" content=\"index, follow, max-snippet:-1, max-image-preview:large, max-video-preview:-1\" \/>\n<link rel=\"canonical\" href=\"https:\/\/www.peetri.edu.ee\/pohikool\/pildid-20212022\/\" \/>\n<meta property=\"og:locale\" content=\"et_EE\" \/>\n<meta property=\"og:type\" content=\"article\" \/>\n<meta property=\"og:title\" content=\"Pildid 2021\/2022 - Peetri P\u00f5hikool\" \/>\n<meta property=\"og:description\" content=\"September 2021.09.01\u00a01.septembri aktus 2.-9.kl 2021.09.20\u00a0S\u00fcgislaat 2021.09.22 Maailmakoristusp\u00e4ev 2021.09.23\u00a0Heategevuslik Mesik\u00e4pajooks 2021.09.23-30 Spordin\u00e4dal Oktoober 2021.10.01.-04\u00a0Muusikap\u00e4ev 2021.10.20 Kella 7 orienteerumine November 2021.11.01 Halloween...\" \/>\n<meta property=\"og:url\" content=\"https:\/\/www.peetri.edu.ee\/pohikool\/pildid-20212022\/\" \/>\n<meta property=\"og:site_name\" content=\"Peetri P\u00f5hikool\" \/>\n<meta property=\"article:modified_time\" content=\"2024-08-29T06:56:29+00:00\" \/>\n<meta name=\"twitter:card\" content=\"summary_large_image\" \/>\n<meta name=\"twitter:label1\" content=\"Est. reading time\" \/>\n\t<meta name=\"twitter:data1\" content=\"1 minut\" \/>\n<script type=\"application\/ld+json\" class=\"yoast-schema-graph\">{\"@context\":\"https:\\\/\\\/schema.org\",\"@graph\":[{\"@type\":\"WebPage\",\"@id\":\"https:\\\/\\\/www.peetri.edu.ee\\\/pohikool\\\/pildid-20212022\\\/\",\"url\":\"https:\\\/\\\/www.peetri.edu.ee\\\/pohikool\\\/pildid-20212022\\\/\",\"name\":\"Pildid 2021\\\/2022 - Peetri P\u00f5hikool\",\"isPartOf\":{\"@id\":\"https:\\\/\\\/www.peetri.edu.ee\\\/pohikool\\\/#website\"},\"datePublished\":\"2021-08-04T09:24:56+00:00\",\"dateModified\":\"2024-08-29T06:56:29+00:00\",\"breadcrumb\":{\"@id\":\"https:\\\/\\\/www.peetri.edu.ee\\\/pohikool\\\/pildid-20212022\\\/#breadcrumb\"},\"inLanguage\":\"et\",\"potentialAction\":[{\"@type\":\"ReadAction\",\"target\":[\"https:\\\/\\\/www.peetri.edu.ee\\\/pohikool\\\/pildid-20212022\\\/\"]}]},{\"@type\":\"BreadcrumbList\",\"@id\":\"https:\\\/\\\/www.peetri.edu.ee\\\/pohikool\\\/pildid-20212022\\\/#breadcrumb\",\"itemListElement\":[{\"@type\":\"ListItem\",\"position\":1,\"name\":\"Home\",\"item\":\"https:\\\/\\\/www.peetri.edu.ee\\\/pohikool\\\/\"},{\"@type\":\"ListItem\",\"position\":2,\"name\":\"Pildid 2021\\\/2022\"}]},{\"@type\":\"WebSite\",\"@id\":\"https:\\\/\\\/www.peetri.edu.ee\\\/pohikool\\\/#website\",\"url\":\"https:\\\/\\\/www.peetri.edu.ee\\\/pohikool\\\/\",\"name\":\"Peetri P\u00f5hikool\",\"description\":\"Igas inimeses on p\u00e4ike, laskem tal s\u00e4rada\",\"potentialAction\":[{\"@type\":\"SearchAction\",\"target\":{\"@type\":\"EntryPoint\",\"urlTemplate\":\"https:\\\/\\\/www.peetri.edu.ee\\\/pohikool\\\/?s={search_term_string}\"},\"query-input\":{\"@type\":\"PropertyValueSpecification\",\"valueRequired\":true,\"valueName\":\"search_term_string\"}}],\"inLanguage\":\"et\"}]}<\/script>\n<!-- \/ Yoast SEO plugin. -->","yoast_head_json":{"title":"Pildid 2021\/2022 - Peetri P\u00f5hikool","robots":{"index":"index","follow":"follow","max-snippet":"max-snippet:-1","max-image-preview":"max-image-preview:large","max-video-preview":"max-video-preview:-1"},"canonical":"https:\/\/www.peetri.edu.ee\/pohikool\/pildid-20212022\/","og_locale":"et_EE","og_type":"article","og_title":"Pildid 2021\/2022 - Peetri P\u00f5hikool","og_description":"September 2021.09.01\u00a01.septembri aktus 2.-9.kl 2021.09.20\u00a0S\u00fcgislaat 2021.09.22 Maailmakoristusp\u00e4ev 2021.09.23\u00a0Heategevuslik Mesik\u00e4pajooks 2021.09.23-30 Spordin\u00e4dal Oktoober 2021.10.01.-04\u00a0Muusikap\u00e4ev 2021.10.20 Kella 7 orienteerumine November 2021.11.01 Halloween...","og_url":"https:\/\/www.peetri.edu.ee\/pohikool\/pildid-20212022\/","og_site_name":"Peetri P\u00f5hikool","article_modified_time":"2024-08-29T06:56:29+00:00","twitter_card":"summary_large_image","twitter_misc":{"Est. reading time":"1 minut"},"schema":{"@context":"https:\/\/schema.org","@graph":[{"@type":"WebPage","@id":"https:\/\/www.peetri.edu.ee\/pohikool\/pildid-20212022\/","url":"https:\/\/www.peetri.edu.ee\/pohikool\/pildid-20212022\/","name":"Pildid 2021\/2022 - Peetri P\u00f5hikool","isPartOf":{"@id":"https:\/\/www.peetri.edu.ee\/pohikool\/#website"},"datePublished":"2021-08-04T09:24:56+00:00","dateModified":"2024-08-29T06:56:29+00:00","breadcrumb":{"@id":"https:\/\/www.peetri.edu.ee\/pohikool\/pildid-20212022\/#breadcrumb"},"inLanguage":"et","potentialAction":[{"@type":"ReadAction","target":["https:\/\/www.peetri.edu.ee\/pohikool\/pildid-20212022\/"]}]},{"@type":"BreadcrumbList","@id":"https:\/\/www.peetri.edu.ee\/pohikool\/pildid-20212022\/#breadcrumb","itemListElement":[{"@type":"ListItem","position":1,"name":"Home","item":"https:\/\/www.peetri.edu.ee\/pohikool\/"},{"@type":"ListItem","position":2,"name":"Pildid 2021\/2022"}]},{"@type":"WebSite","@id":"https:\/\/www.peetri.edu.ee\/pohikool\/#website","url":"https:\/\/www.peetri.edu.ee\/pohikool\/","name":"Peetri P\u00f5hikool","description":"Igas inimeses on p\u00e4ike, laskem tal s\u00e4rada","potentialAction":[{"@type":"SearchAction","target":{"@type":"EntryPoint","urlTemplate":"https:\/\/www.peetri.edu.ee\/pohikool\/?s={search_term_string}"},"query-input":{"@type":"PropertyValueSpecification","valueRequired":true,"valueName":"search_term_string"}}],"inLanguage":"et"}]}},"acf":[],"_links":{"self":[{"href":"https:\/\/www.peetri.edu.ee\/pohikool\/wp-json\/wp\/v2\/pages\/5503","targetHints":{"allow":["GET"]}}],"collection":[{"href":"https:\/\/www.peetri.edu.ee\/pohikool\/wp-json\/wp\/v2\/pages"}],"about":[{"href":"https:\/\/www.peetri.edu.ee\/pohikool\/wp-json\/wp\/v2\/types\/page"}],"author":[{"embeddable":true,"href":"https:\/\/www.peetri.edu.ee\/pohikool\/wp-json\/wp\/v2\/users\/1"}],"replies":[{"embeddable":true,"href":"https:\/\/www.peetri.edu.ee\/pohikool\/wp-json\/wp\/v2\/comments?post=5503"}],"version-history":[{"count":5,"href":"https:\/\/www.peetri.edu.ee\/pohikool\/wp-json\/wp\/v2\/pages\/5503\/revisions"}],"predecessor-version":[{"id":6420,"href":"https:\/\/www.peetri.edu.ee\/pohikool\/wp-json\/wp\/v2\/pages\/5503\/revisions\/6420"}],"wp:attachment":[{"href":"https:\/\/www.peetri.edu.ee\/pohikool\/wp-json\/wp\/v2\/media?parent=5503"}],"curies":[{"name":"wp","href":"https:\/\/api.w.org\/{rel}","templated":true}]}}