{"id":5326,"date":"2021-04-29T10:03:38","date_gmt":"2021-04-29T07:03:38","guid":{"rendered":"https:\/\/www.peetri.edu.ee\/pohikool\/?page_id=5326"},"modified":"2021-04-29T10:27:56","modified_gmt":"2021-04-29T07:27:56","slug":"professions-around-us","status":"publish","type":"page","link":"https:\/\/www.peetri.edu.ee\/pohikool\/meie-kool\/projektid\/etwinning\/202021-2\/professions-around-us\/","title":{"rendered":"Professions around us"},"content":{"rendered":"<p><span style=\"font-weight: 400;\">Projekt oli suunatud 4.-7. klassi \u00f5pilastele. T\u00f6\u00f6keeleks oli inglise keel.\u00a0 Projektiga alustati m\u00e4rtsis 2020 ja meie\u00a0 koolist tegelesid selle projektiga 4.a klassi \u00f5pilased.\u00a0<\/span><\/p>\n<p><span style=\"font-weight: 400;\">Projekt keskendus \u00f5pilaste sotsiaalsetele oskustele, oma huvide ja v\u00f5imete tundma\u00f5ppimisele ning arendamisele. Projekti kaudu \u00f5pilased tutvusid erinevate elukutsetega ja \u00f5ppisid tundma, kuidas need on seotud inimeste individuaalsete vajaduste ja huvidega.<\/span><\/p>\n<p><span style=\"font-weight: 400;\">Projekti eesm\u00e4rgid:<\/span><\/p>\n<ul>\n<li style=\"font-weight: 400;\" aria-level=\"1\"><span style=\"font-weight: 400;\">\u00f5pilaste \u00f5pioskuste kujundamine,<\/span><\/li>\n<li style=\"font-weight: 400;\" aria-level=\"1\"><span style=\"font-weight: 400;\">empaatiav\u00f5ime ning suhtlemis- ja enesekontrollioskuse arendamine,\u00a0<\/span><\/li>\n<li style=\"font-weight: 400;\" aria-level=\"1\"><span style=\"font-weight: 400;\">v\u00e4ljendusoskuse parendamine\u00a0 nii emakeeles kui ka v\u00f5\u00f5rkeeles,\u00a0<\/span><\/li>\n<li style=\"font-weight: 400;\" aria-level=\"1\"><span style=\"font-weight: 400;\">digikeskkondade sihtp\u00e4rane kasutamine,<\/span><\/li>\n<li style=\"font-weight: 400;\" aria-level=\"1\"><span style=\"font-weight: 400;\">\u00f5pitud teadmiste kasutamine erinevates olukordades.<\/span><\/li>\n<\/ul>\n<p><span style=\"font-weight: 400;\">Projekti abil arendati j\u00e4rgmisi p\u00e4devusi:<\/span><\/p>\n<ol>\n<li style=\"font-weight: 400;\" aria-level=\"1\"><span style=\"font-weight: 400;\">V\u00e4\u00e4rtusp\u00e4devust &#8211; oskus tajuda ja v\u00e4\u00e4rtustada oma sidet teiste inimestega, v\u00e4\u00e4rtustada loovust ja arendada ilumeelt.<\/span><\/li>\n<li style=\"font-weight: 400;\" aria-level=\"1\"><span style=\"font-weight: 400;\">\u00d5pip\u00e4devust &#8211; v\u00f5ime omandada \u00f5ppimiseks vajalikku teavet, anal\u00fc\u00fcsida enda teadmisi ja oskusi.<\/span><\/li>\n<li style=\"font-weight: 400;\" aria-level=\"1\"><span style=\"font-weight: 400;\">Suhtlemisoskust &#8211; oskus ennast selgelt ja asjakohaselt v\u00e4ljendada, erinevat t\u00fc\u00fcpi tekste kirjutada<\/span><\/li>\n<\/ol>\n<p><span style=\"font-weight: 400;\">Projekti tegevused:<\/span><\/p>\n<ol>\n<li style=\"font-weight: 400;\" aria-level=\"1\"><span style=\"font-weight: 400;\">Projekti tegevuste arutelu partnerkoolide \u00f5petajatega.<\/span><\/li>\n<li style=\"font-weight: 400;\" aria-level=\"1\"><span style=\"font-weight: 400;\">Erinevate ametite kohta piltide joonistamine, pildil oleva elukutse kohta k\u00fcsimuste ja\/v\u00f5i selgitavate lauste lisamine.<\/span><\/li>\n<li style=\"font-weight: 400;\" aria-level=\"1\"><span style=\"font-weight: 400;\">Joonistuste ja selgituste p\u00f5hjal \u00f5ige elukutse m\u00e4\u00e4ramine partnerkooli \u00f5pilaste poolt.\u00a0<\/span><\/li>\n<li style=\"font-weight: 400;\" aria-level=\"1\"><span style=\"font-weight: 400;\">Elukutsete kohta k\u00fcsimustike koostamine, k\u00fcsimustele vastamine ja kokkuv\u00f5tete tegemine ning tulemuste anal\u00fc\u00fcsimine.<\/span><\/li>\n<li style=\"font-weight: 400;\" aria-level=\"1\"><span style=\"font-weight: 400;\">Samaaegselt partnerkooli \u00f5pilastega veebip\u00f5hise interneti ohutuse teemalise m\u00e4ngu m\u00e4ngimine.<\/span><\/li>\n<li style=\"font-weight: 400;\" aria-level=\"1\"><span style=\"font-weight: 400;\">Veebikohtumistel osalemine.<\/span><\/li>\n<li style=\"font-weight: 400;\" aria-level=\"1\"><span style=\"font-weight: 400;\">\u00dchise e-raamatu koostamine, mis sisaldab \u00f5pilaste joonistusi, pildil kujutletud elukutse nimetust ja selle ameti kohta selgitavaid lauseid.<\/span><\/li>\n<li style=\"font-weight: 400;\" aria-level=\"1\"><span style=\"font-weight: 400;\">Valitud elukutsete kohta koomiksite, plakatite ja m\u00f5istekaartide tegemine.\u00a0<\/span><\/li>\n<li style=\"font-weight: 400;\" aria-level=\"1\"><span style=\"font-weight: 400;\">Lemmikameti valimine, materjalide lisamine etwinningu twinspace lehele ja projektile tagasiside andmine. <\/span><\/li>\n<\/ol>\n<p><span style=\"font-weight: 400;\">Toimus kaks veebikohtumine projekti partneritega. Esimesel kohtumisel m\u00e4ngiti \u00fchisel kahoot keskkonnas loodud interneti turvalisuse m\u00e4ngu ja teisel veebikohtumisel m\u00e4ngiti keskkonnas\u00a0 wordwall.net loodud m\u00e4ngu elukutsete kohta ning katsetati\u00a0 r\u00fchmat\u00f6\u00f6na teha \u00fchisjoonistus eelnevalt loositud elukutsete p\u00f5hjal kasutades keskkonda aggio.io. \u00dchisjoonistamine tundus p\u00f5nev ja ol \u00f5pilaste jaoks uus.\u00a0<\/span><\/p>\n<p>&nbsp;<\/p>\n<p><span style=\"font-weight: 400;\">Projekti materjalid:<\/span><\/p>\n<p><span style=\"font-weight: 400;\">Joonistused &#8211; <\/span><a href=\"https:\/\/twinspace.etwinning.net\/111685\/pages\/page\/930239\"><span style=\"font-weight: 400;\">https:\/\/twinspace.etwinning.net\/111685\/pages\/page\/930239<\/span><\/a><\/p>\n<p><span style=\"font-weight: 400;\">Plakatid &#8211; <\/span><a href=\"https:\/\/padlet.com\/signereidla\/pe7ybpfqodzyb4jh\"><span style=\"font-weight: 400;\">https:\/\/padlet.com\/signereidla\/pe7ybpfqodzyb4jh<\/span><\/a><\/p>\n<p><span style=\"font-weight: 400;\">Koomiksid &#8211; <\/span><a href=\"https:\/\/twinspace.etwinning.net\/111685\/pages\/page\/950424\"><span style=\"font-weight: 400;\">https:\/\/twinspace.etwinning.net\/111685\/pages\/page\/950424<\/span><\/a><\/p>\n<p><span style=\"font-weight: 400;\">E-raamat &#8211; <\/span><a href=\"https:\/\/www.storyjumper.com\/book\/read\/79877885\/profession\"><span style=\"font-weight: 400;\">https:\/\/www.storyjumper.com\/book\/read\/79877885\/profession<\/span><\/a><\/p>\n<p><span style=\"font-weight: 400;\">K\u00fcsimustikud &#8211; ei ole avalikud<\/span><\/p>\n<p><span style=\"font-weight: 400;\">M\u00f5istekaardid &#8211; ei ole avalikud<\/span><\/p>\n<p><b>Veebikohtumised toimusid\u00a0 keskkonnas Zoom.<\/b><\/p>\n<p><img loading=\"lazy\" decoding=\"async\" class=\"size-full wp-image-5336 aligncenter\" src=\"https:\/\/www.peetri.edu.ee\/pohikool\/wp-content\/uploads\/sites\/3\/2021\/04\/zoommeeting.jpg\" alt=\"\" width=\"600\" height=\"426\" \/><\/p>\n<p>&nbsp;<\/p>\n<p><b>M\u00f5ned \u00f5pilaste tehtud koomiksid<\/b><\/p>\n<p><img loading=\"lazy\" decoding=\"async\" class=\"size-full wp-image-5334 aligncenter\" src=\"https:\/\/www.peetri.edu.ee\/pohikool\/wp-content\/uploads\/sites\/3\/2021\/04\/comic1.jpg\" alt=\"\" width=\"512\" height=\"322\" \/><\/p>\n<p><img loading=\"lazy\" decoding=\"async\" class=\"size-large wp-image-5333 aligncenter\" src=\"https:\/\/www.peetri.edu.ee\/pohikool\/wp-content\/uploads\/sites\/3\/2021\/04\/comic2-1024x643.jpeg\" alt=\"\" width=\"1024\" height=\"643\" \/><\/p>\n<p><img loading=\"lazy\" decoding=\"async\" class=\"size-large wp-image-5332 aligncenter\" src=\"https:\/\/www.peetri.edu.ee\/pohikool\/wp-content\/uploads\/sites\/3\/2021\/04\/comic3-1024x342.jpg\" alt=\"\" width=\"1024\" height=\"342\" \/><\/p>\n<p>&nbsp;<\/p>\n<p>&nbsp;<\/p>\n<div><\/div>\n<div><b>E-raamat embed kood:<\/b><\/div>\n<div style=\"width: 480px; max-width: 100%;\"><a class=\"storyjumper-book\" style=\"text-decoration: none;\" href=\"\/\/www.storyjumper.com\/book\/showframe\/79877885\/profession\" rel=\"nofollow\"><img decoding=\"async\" style=\"border: none; width: 480px; max-width: 100%;\" src=\"\/\/www.storyjumper.com\/book\/coverImage\/79877885\/profession\/480\" alt=\"Book titled 'profession'\" \/><\/a><a style=\"display: block; text-align: center; margin: 0 auto 20px; font-size: 12px; text-decoration: none;\" href=\"\/\/www.storyjumper.com\/book\/read\/79877885\/profession\">Read this book made on StoryJumper<\/a><script>!function(){function d(){\"undefined\"==typeof SJMakeBookOpenLightBox?--c>0&&setTimeout(d,100):SJMakeBookOpenLightBox()}function e(){\/in\/.test(document.readyState)?setTimeout(e,9):d()}var a=\"https:\"==document.location.protocol?\"https:\":\"http:\";if(\"undefined\"==typeof SJScriptLoaded){window.SJScriptLoaded=!0;var b=document.createElement(\"script\"),c=80;b.src=a+\"\/\/www.storyjumper.com\/script\/storyjumper-embed.js\",b.async=true,b.setAttribute(\"defer\",\"\"),document.getElementsByTagName(\"head\")[0].appendChild(b),e()}}();<\/script><\/div>\n<p>&nbsp;<\/p>\n","protected":false},"excerpt":{"rendered":"<p>Projekt oli suunatud 4.-7. klassi \u00f5pilastele. T\u00f6\u00f6keeleks oli inglise keel.\u00a0 Projektiga alustati m\u00e4rtsis 2020 ja meie\u00a0 koolist tegelesid selle projektiga&#8230;<\/p>\n","protected":false},"author":1,"featured_media":0,"parent":5324,"menu_order":70,"comment_status":"closed","ping_status":"closed","template":"","meta":{"_acf_changed":false,"footnotes":""},"class_list":["post-5326","page","type-page","status-publish","hentry"],"yoast_head":"<!-- This site is optimized with the Yoast SEO plugin v27.2 - https:\/\/yoast.com\/product\/yoast-seo-wordpress\/ -->\n<title>Professions around us - Peetri P\u00f5hikool<\/title>\n<meta name=\"robots\" content=\"index, follow, max-snippet:-1, max-image-preview:large, max-video-preview:-1\" \/>\n<link rel=\"canonical\" href=\"https:\/\/www.peetri.edu.ee\/pohikool\/meie-kool\/projektid\/etwinning\/202021-2\/professions-around-us\/\" \/>\n<meta property=\"og:locale\" content=\"et_EE\" \/>\n<meta property=\"og:type\" content=\"article\" \/>\n<meta property=\"og:title\" content=\"Professions around us - Peetri P\u00f5hikool\" \/>\n<meta property=\"og:description\" content=\"Projekt oli suunatud 4.-7. klassi \u00f5pilastele. T\u00f6\u00f6keeleks oli inglise keel.\u00a0 Projektiga alustati m\u00e4rtsis 2020 ja meie\u00a0 koolist tegelesid selle projektiga...\" \/>\n<meta property=\"og:url\" content=\"https:\/\/www.peetri.edu.ee\/pohikool\/meie-kool\/projektid\/etwinning\/202021-2\/professions-around-us\/\" \/>\n<meta property=\"og:site_name\" content=\"Peetri P\u00f5hikool\" \/>\n<meta property=\"article:modified_time\" content=\"2021-04-29T07:27:56+00:00\" \/>\n<meta property=\"og:image\" content=\"https:\/\/www.peetri.edu.ee\/pohikool\/wp-content\/uploads\/sites\/3\/2021\/04\/zoommeeting.jpg\" \/>\n<meta name=\"twitter:card\" content=\"summary_large_image\" \/>\n<meta name=\"twitter:label1\" content=\"Est. reading time\" \/>\n\t<meta name=\"twitter:data1\" content=\"2 minutit\" \/>\n<script type=\"application\/ld+json\" class=\"yoast-schema-graph\">{\"@context\":\"https:\/\/schema.org\",\"@graph\":[{\"@type\":\"WebPage\",\"@id\":\"https:\/\/www.peetri.edu.ee\/pohikool\/meie-kool\/projektid\/etwinning\/202021-2\/professions-around-us\/\",\"url\":\"https:\/\/www.peetri.edu.ee\/pohikool\/meie-kool\/projektid\/etwinning\/202021-2\/professions-around-us\/\",\"name\":\"Professions around us - Peetri P\u00f5hikool\",\"isPartOf\":{\"@id\":\"https:\/\/www.peetri.edu.ee\/pohikool\/#website\"},\"primaryImageOfPage\":{\"@id\":\"https:\/\/www.peetri.edu.ee\/pohikool\/meie-kool\/projektid\/etwinning\/202021-2\/professions-around-us\/#primaryimage\"},\"image\":{\"@id\":\"https:\/\/www.peetri.edu.ee\/pohikool\/meie-kool\/projektid\/etwinning\/202021-2\/professions-around-us\/#primaryimage\"},\"thumbnailUrl\":\"https:\/\/www.peetri.edu.ee\/pohikool\/wp-content\/uploads\/sites\/3\/2021\/04\/zoommeeting.jpg\",\"datePublished\":\"2021-04-29T07:03:38+00:00\",\"dateModified\":\"2021-04-29T07:27:56+00:00\",\"breadcrumb\":{\"@id\":\"https:\/\/www.peetri.edu.ee\/pohikool\/meie-kool\/projektid\/etwinning\/202021-2\/professions-around-us\/#breadcrumb\"},\"inLanguage\":\"et\",\"potentialAction\":[{\"@type\":\"ReadAction\",\"target\":[\"https:\/\/www.peetri.edu.ee\/pohikool\/meie-kool\/projektid\/etwinning\/202021-2\/professions-around-us\/\"]}]},{\"@type\":\"ImageObject\",\"inLanguage\":\"et\",\"@id\":\"https:\/\/www.peetri.edu.ee\/pohikool\/meie-kool\/projektid\/etwinning\/202021-2\/professions-around-us\/#primaryimage\",\"url\":\"https:\/\/www.peetri.edu.ee\/pohikool\/wp-content\/uploads\/sites\/3\/2021\/04\/zoommeeting.jpg\",\"contentUrl\":\"https:\/\/www.peetri.edu.ee\/pohikool\/wp-content\/uploads\/sites\/3\/2021\/04\/zoommeeting.jpg\",\"width\":600,\"height\":426},{\"@type\":\"BreadcrumbList\",\"@id\":\"https:\/\/www.peetri.edu.ee\/pohikool\/meie-kool\/projektid\/etwinning\/202021-2\/professions-around-us\/#breadcrumb\",\"itemListElement\":[{\"@type\":\"ListItem\",\"position\":1,\"name\":\"Home\",\"item\":\"https:\/\/www.peetri.edu.ee\/pohikool\/\"},{\"@type\":\"ListItem\",\"position\":2,\"name\":\"Meie kool\",\"item\":\"https:\/\/www.peetri.edu.ee\/pohikool\/\"},{\"@type\":\"ListItem\",\"position\":3,\"name\":\"Projektid\",\"item\":\"https:\/\/www.peetri.edu.ee\/pohikool\/meie-kool\/projektid\/\"},{\"@type\":\"ListItem\",\"position\":4,\"name\":\"eTwinning\",\"item\":\"https:\/\/www.peetri.edu.ee\/pohikool\/meie-kool\/projektid\/etwinning\/\"},{\"@type\":\"ListItem\",\"position\":5,\"name\":\"2020\/2021\",\"item\":\"https:\/\/www.peetri.edu.ee\/pohikool\/meie-kool\/projektid\/etwinning\/202021-2\/\"},{\"@type\":\"ListItem\",\"position\":6,\"name\":\"Professions around us\"}]},{\"@type\":\"WebSite\",\"@id\":\"https:\/\/www.peetri.edu.ee\/pohikool\/#website\",\"url\":\"https:\/\/www.peetri.edu.ee\/pohikool\/\",\"name\":\"Peetri P\u00f5hikool\",\"description\":\"Igas inimeses on p\u00e4ike, laskem tal s\u00e4rada\",\"potentialAction\":[{\"@type\":\"SearchAction\",\"target\":{\"@type\":\"EntryPoint\",\"urlTemplate\":\"https:\/\/www.peetri.edu.ee\/pohikool\/?s={search_term_string}\"},\"query-input\":{\"@type\":\"PropertyValueSpecification\",\"valueRequired\":true,\"valueName\":\"search_term_string\"}}],\"inLanguage\":\"et\"}]}<\/script>\n<!-- \/ Yoast SEO plugin. -->","yoast_head_json":{"title":"Professions around us - Peetri P\u00f5hikool","robots":{"index":"index","follow":"follow","max-snippet":"max-snippet:-1","max-image-preview":"max-image-preview:large","max-video-preview":"max-video-preview:-1"},"canonical":"https:\/\/www.peetri.edu.ee\/pohikool\/meie-kool\/projektid\/etwinning\/202021-2\/professions-around-us\/","og_locale":"et_EE","og_type":"article","og_title":"Professions around us - Peetri P\u00f5hikool","og_description":"Projekt oli suunatud 4.-7. klassi \u00f5pilastele. T\u00f6\u00f6keeleks oli inglise keel.\u00a0 Projektiga alustati m\u00e4rtsis 2020 ja meie\u00a0 koolist tegelesid selle projektiga...","og_url":"https:\/\/www.peetri.edu.ee\/pohikool\/meie-kool\/projektid\/etwinning\/202021-2\/professions-around-us\/","og_site_name":"Peetri P\u00f5hikool","article_modified_time":"2021-04-29T07:27:56+00:00","og_image":[{"url":"https:\/\/www.peetri.edu.ee\/pohikool\/wp-content\/uploads\/sites\/3\/2021\/04\/zoommeeting.jpg","type":"","width":"","height":""}],"twitter_card":"summary_large_image","twitter_misc":{"Est. reading time":"2 minutit"},"schema":{"@context":"https:\/\/schema.org","@graph":[{"@type":"WebPage","@id":"https:\/\/www.peetri.edu.ee\/pohikool\/meie-kool\/projektid\/etwinning\/202021-2\/professions-around-us\/","url":"https:\/\/www.peetri.edu.ee\/pohikool\/meie-kool\/projektid\/etwinning\/202021-2\/professions-around-us\/","name":"Professions around us - Peetri P\u00f5hikool","isPartOf":{"@id":"https:\/\/www.peetri.edu.ee\/pohikool\/#website"},"primaryImageOfPage":{"@id":"https:\/\/www.peetri.edu.ee\/pohikool\/meie-kool\/projektid\/etwinning\/202021-2\/professions-around-us\/#primaryimage"},"image":{"@id":"https:\/\/www.peetri.edu.ee\/pohikool\/meie-kool\/projektid\/etwinning\/202021-2\/professions-around-us\/#primaryimage"},"thumbnailUrl":"https:\/\/www.peetri.edu.ee\/pohikool\/wp-content\/uploads\/sites\/3\/2021\/04\/zoommeeting.jpg","datePublished":"2021-04-29T07:03:38+00:00","dateModified":"2021-04-29T07:27:56+00:00","breadcrumb":{"@id":"https:\/\/www.peetri.edu.ee\/pohikool\/meie-kool\/projektid\/etwinning\/202021-2\/professions-around-us\/#breadcrumb"},"inLanguage":"et","potentialAction":[{"@type":"ReadAction","target":["https:\/\/www.peetri.edu.ee\/pohikool\/meie-kool\/projektid\/etwinning\/202021-2\/professions-around-us\/"]}]},{"@type":"ImageObject","inLanguage":"et","@id":"https:\/\/www.peetri.edu.ee\/pohikool\/meie-kool\/projektid\/etwinning\/202021-2\/professions-around-us\/#primaryimage","url":"https:\/\/www.peetri.edu.ee\/pohikool\/wp-content\/uploads\/sites\/3\/2021\/04\/zoommeeting.jpg","contentUrl":"https:\/\/www.peetri.edu.ee\/pohikool\/wp-content\/uploads\/sites\/3\/2021\/04\/zoommeeting.jpg","width":600,"height":426},{"@type":"BreadcrumbList","@id":"https:\/\/www.peetri.edu.ee\/pohikool\/meie-kool\/projektid\/etwinning\/202021-2\/professions-around-us\/#breadcrumb","itemListElement":[{"@type":"ListItem","position":1,"name":"Home","item":"https:\/\/www.peetri.edu.ee\/pohikool\/"},{"@type":"ListItem","position":2,"name":"Meie kool","item":"https:\/\/www.peetri.edu.ee\/pohikool\/"},{"@type":"ListItem","position":3,"name":"Projektid","item":"https:\/\/www.peetri.edu.ee\/pohikool\/meie-kool\/projektid\/"},{"@type":"ListItem","position":4,"name":"eTwinning","item":"https:\/\/www.peetri.edu.ee\/pohikool\/meie-kool\/projektid\/etwinning\/"},{"@type":"ListItem","position":5,"name":"2020\/2021","item":"https:\/\/www.peetri.edu.ee\/pohikool\/meie-kool\/projektid\/etwinning\/202021-2\/"},{"@type":"ListItem","position":6,"name":"Professions around us"}]},{"@type":"WebSite","@id":"https:\/\/www.peetri.edu.ee\/pohikool\/#website","url":"https:\/\/www.peetri.edu.ee\/pohikool\/","name":"Peetri P\u00f5hikool","description":"Igas inimeses on p\u00e4ike, laskem tal s\u00e4rada","potentialAction":[{"@type":"SearchAction","target":{"@type":"EntryPoint","urlTemplate":"https:\/\/www.peetri.edu.ee\/pohikool\/?s={search_term_string}"},"query-input":{"@type":"PropertyValueSpecification","valueRequired":true,"valueName":"search_term_string"}}],"inLanguage":"et"}]}},"acf":[],"_links":{"self":[{"href":"https:\/\/www.peetri.edu.ee\/pohikool\/wp-json\/wp\/v2\/pages\/5326","targetHints":{"allow":["GET"]}}],"collection":[{"href":"https:\/\/www.peetri.edu.ee\/pohikool\/wp-json\/wp\/v2\/pages"}],"about":[{"href":"https:\/\/www.peetri.edu.ee\/pohikool\/wp-json\/wp\/v2\/types\/page"}],"author":[{"embeddable":true,"href":"https:\/\/www.peetri.edu.ee\/pohikool\/wp-json\/wp\/v2\/users\/1"}],"replies":[{"embeddable":true,"href":"https:\/\/www.peetri.edu.ee\/pohikool\/wp-json\/wp\/v2\/comments?post=5326"}],"version-history":[{"count":5,"href":"https:\/\/www.peetri.edu.ee\/pohikool\/wp-json\/wp\/v2\/pages\/5326\/revisions"}],"predecessor-version":[{"id":5341,"href":"https:\/\/www.peetri.edu.ee\/pohikool\/wp-json\/wp\/v2\/pages\/5326\/revisions\/5341"}],"up":[{"embeddable":true,"href":"https:\/\/www.peetri.edu.ee\/pohikool\/wp-json\/wp\/v2\/pages\/5324"}],"wp:attachment":[{"href":"https:\/\/www.peetri.edu.ee\/pohikool\/wp-json\/wp\/v2\/media?parent=5326"}],"curies":[{"name":"wp","href":"https:\/\/api.w.org\/{rel}","templated":true}]}}