{"id":5271,"date":"2021-03-11T12:28:49","date_gmt":"2021-03-11T10:28:49","guid":{"rendered":"https:\/\/www.peetri.edu.ee\/pohikool\/?page_id=5271"},"modified":"2021-03-26T10:13:18","modified_gmt":"2021-03-26T08:13:18","slug":"oppetoo-meie-koolis","status":"publish","type":"page","link":"https:\/\/www.peetri.edu.ee\/pohikool\/oppetoo\/oppetoo-meie-koolis\/","title":{"rendered":"\u00d5ppet\u00f6\u00f6 meie koolis"},"content":{"rendered":"<p>Peetri koolis on \u00f5petaja \u00fclesanne luua iga lapse arengut toetav \u00f5pikeskkond. Ta on \u00f5pilasele toeks ja julgustab \u00f5ppimisel pingutama, et saavutada seatud eesm\u00e4rke.<\/p>\n<p>Julgustav ja toetav \u00f5hkkond m\u00f5jub \u00f5ppimisele positiivselt ja t\u00f5stab \u00f5pimotivatsiooni. Peame oluliseks, et \u00f5ppimine on \u00f5pilastele t\u00e4henduslik ja eesm\u00e4rgistatud.<\/p>\n<p>V\u00e4\u00e4rtused, mida oluliseks peame on:<\/p>\n<ul>\n<li>Loovus \u2013 julgustame katsetama ja proovima erinevaid v\u00f5imalusi, suuname ise tegema valikuid ja leidma lahendusi, tegutseme r\u00f5\u00f5muga. Oleme avatud uutele ja innovaatilistele ideedele.<\/li>\n<li>Hoolivus \u2013 m\u00e4rkame ja toetame abivajajat, arvestame teiste arvamusega, \u00f5pime koos tegutsema, tunneme ja austame oma rahva kultuuri. Meie majas on heasoovlik, \u00fcksteist arvestav, m\u00f5istev ja toetav \u00f5hkkond. N\u00e4itame seda v\u00e4lja igap\u00e4evase viisaka k\u00e4itumisega.<\/li>\n<li>Koost\u00f6\u00f6 \u2013 meie majas toimib hea koost\u00f6\u00f6 laste, lastevanemate ja t\u00f6\u00f6tajate vahel.<\/li>\n<li>Ausus \u2013 oleme ausad oma tegudes, s\u00f5nades ja m\u00f5tetes, tunnistame oma eksimusi.<\/li>\n<li>Julgus \u2013 julgustame avaldama oma arvamust, julgeme iseseisvalt tegutseda, julgeme eksida ja abi k\u00fcsida.<\/li>\n<li>Usaldus ja vastutustunne \u2013 peame kinni kokkulepetest, t\u00e4idame endale v\u00f5etud kohustused.<\/li>\n<li>Turvalisus \u2013 peame oluliseks, et nii f\u00fc\u00fcsiline, vaimne kui ka emotsionaalne keskkond oleks turvaline. Me m\u00f5istame, et k\u00f5igil on \u00f5igus v\u00f5rdsele kohtlemisele ja oleme sallivad.<\/li>\n<\/ul>\n<p>Neid toetab\u00a0koolis kasutatav programm \u201eLiider minus endas\u201c, et \u00f5pilasest kasvaks\u00a0elus edukalt hakkama\u00a0saav, \u00f5nnelik, ennast tundev ja elus toimetulev inimene.<\/p>\n<p>Meie kooli moto \u201eIgas inimeses on p\u00e4ike, laskem tal s\u00e4rada\u201c n\u00e4itab, et tahame j\u00f5uda iga lapseni, leida \u00fcles lapse anded ja tugevad k\u00fcljed, neid toetada ja arendada.<\/p>\n<p>Peetri koolis rakendame \u00f5ppimist toetava hindamise p\u00f5him\u00f5tteid. 1.\u20135. klassi \u00f5pilaste teadmistele, oskustele ja tegevusele antakse kirjeldavat ja anal\u00fc\u00fcsivat tagasisidet, et innustada \u00f5pilast oma \u00f5pitulemusi parandama\u00a0 ja edusammudest r\u00f5\u00f5mu tundma.\u00a0Alates 6. klassist hinnatakse \u00f5pilaste \u00f5pitulemusi t\u00e4hts\u00fcsteemis kolm korda \u00f5ppeaastas ehk trimestri kaupa. Mitteeristavat hindamist kasutatakse \u00f5pilaste hindamisel: liikumis- ja tantsu\u00f5petuses, muusikas, kunstis,\u00a0aines ideest teostuseni, draama\u00f5petuses ja digi\u00f5ppes.<\/p>\n<p>Kunsti-, k\u00e4sit\u00f6\u00f6- ja tehnoloogia\u00f5petajad t\u00f6\u00f6tasid koos v\u00e4lja uue kursuste s\u00fcsteemi 5.- 9. klassi \u00f5pilastele. Kirjutasid uue ainekava ja nimeks panid \u201eIdeest teostuseni\u201c. Viie aasta v\u00e4ltel saavad k\u00f5ik \u00f5pilased erinevaid t\u00f6\u00f6oskusi ja kogemusi l\u00e4bides erinevad kursused. Grupid moodustuvad lennup\u00f5hiselt ja k\u00f5ik poisid ning t\u00fcdrukud saavad modelleerida, kokata, teha k\u00e4sit\u00f6\u00f6d, joonistada, teha puut\u00f6\u00f6d ja tegeleda mobiilfotograafiaga.<\/p>\n<p>Peetri kooli \u00f5pilased alustavad tantsu\u00f5petusega 1. klassist.\u00a0\u00dcheksa aasta jooksul \u00f5pivad nad ja saavad oskused rahvatantsus, seltskonnatantsus ja loovtantsus.\u00a0Draama\u00f5petus on 1.\u20136. klassini.\u00a0Meie kooli \u00f5pilastel on palju erinevaid v\u00f5imalusi, kus esineda ja lavalaudadel s\u00e4rada.\u00a0Esimene v\u00f5\u00f5rkeel on inglise keel ja 5. klassis saab valida, kas \u00f5ppida\u00a0lisaks\u00a0vene\u00a0v\u00f5i hispaania keelt.\u00a0\u00a07. ja 8. klassis pakume erinevaid valikaineid.\u00a0Sellel \u00f5ppeaastal oli 7. klassi ning 8. klassi \u00f5pilastel valida viie erineva kursuse vahel. \u00d5pilased\u00a0said teha valiku vastavalt enda huvile. Valikainete teemad on v\u00e4lja kasvanud \u00f5ppekavast ja l\u00f5imitud mitme \u00f5ppeainega. Valikainete \u00f5petajad on nii meie oma kooli \u00f5petajad kui ka v\u00e4ljastpoolt kooli, erinevate erialade spetsialistid.<br \/>\nIgal \u00f5ppeaastal toimuvad 7. klassi\u00a0\u00f5pilastele koost\u00f6\u00f6p\u00e4evad ja 8.klassi \u00f5pilased sooritavad\u00a0komplekst\u00f6\u00f6.<br \/>\nPeame oluliseks, et \u00f5pilane saaks erinevaid kogemusi, et leida \u00fcles enda anded ja tugevused.<\/p>\n<p>Koolis t\u00f6\u00f6tav tugipersonal aitab kaasa, et iga \u00f5pilase areng ja \u00f5ppimine on toetatud ja vastab \u00f5pilase vajadusele. Individuaalset abi ja -tuge pakuvad eripedagoog, logopeed, sotsiaalpedagoog ja ps\u00fchholoog. Igale \u00f5pilasele leitakse just talle sobiv \u00f5pikeskkond, \u00f5ppekava ja tempo. Selleks oleme avanud\u00a0eriklassid\u00a0ja viime l\u00e4bi \u00fcks \u00fchele \u00f5pet.\u00a0Meie koolis on juba mitu aastat t\u00f6\u00f6l ka abi\u00f5petajad.<\/p>\n<p>K\u00f5ik Peetri kooli \u00f5pilased t\u00e4idavad kaks korda \u00f5ppeaastas eneseanal\u00fc\u00fcsilehe. Lapsevanemad kirjutavad lapse eneseanal\u00fc\u00fcsilehele\u00a0omapoolsed t\u00e4helepanekud ja soovitused. J\u00e4rgmise \u00f5ppeperioodi algul toimub \u00f5pilasega individuaalne vestlus. Anal\u00fc\u00fcsitakse \u00f5pioskusi ja sotsiaalseid p\u00e4devusi ning \u00f5pilane seab endale eesm\u00e4rgi, millele p\u00f6\u00f6rab uuel trimestril rohkem t\u00e4helepanu.<\/p>\n<p>K\u00f5ikide 1.- 3. klassi \u00f5pilaste vanematega viib \u00f5petaja l\u00e4bi perevestluse ja alates 4. klassist\u00a0osaleb vestlusel ka \u00f5pilane,\u00a0et kaasa r\u00e4\u00e4kida teemadel, mis puudutavad tema arengut, \u00f5ppimist ja suhteid kaaslastega.\u00a0Vestluse oluline osa on \u00f5pilase\u00a0eneseanal\u00fc\u00fcs.<\/p>\n<p>Peetri koolis ei ole \u00fchelgi \u00f5pilasel eesm\u00e4rgiks olla teistest parem, vaid k\u00f5iki \u00f5pilasi suunatakse pingutama, et ise j\u00e4rjest targemaks, osavamaks ja paremaks saada.<\/p>\n<p>&nbsp;<\/p>\n<p>&nbsp;<\/p>\n","protected":false},"excerpt":{"rendered":"<p>Peetri koolis on \u00f5petaja \u00fclesanne luua iga lapse arengut toetav \u00f5pikeskkond. Ta on \u00f5pilasele toeks ja julgustab \u00f5ppimisel pingutama, et&#8230;<\/p>\n","protected":false},"author":1,"featured_media":0,"parent":52,"menu_order":10,"comment_status":"closed","ping_status":"closed","template":"","meta":{"_acf_changed":false,"footnotes":""},"class_list":["post-5271","page","type-page","status-publish","hentry"],"yoast_head":"<!-- This site is optimized with the Yoast SEO plugin v27.2 - https:\/\/yoast.com\/product\/yoast-seo-wordpress\/ -->\n<title>\u00d5ppet\u00f6\u00f6 meie koolis - Peetri P\u00f5hikool<\/title>\n<meta name=\"robots\" content=\"index, follow, max-snippet:-1, max-image-preview:large, max-video-preview:-1\" \/>\n<link rel=\"canonical\" href=\"https:\/\/www.peetri.edu.ee\/pohikool\/oppetoo\/oppetoo-meie-koolis\/\" \/>\n<meta property=\"og:locale\" content=\"et_EE\" \/>\n<meta property=\"og:type\" content=\"article\" \/>\n<meta property=\"og:title\" content=\"\u00d5ppet\u00f6\u00f6 meie koolis - Peetri P\u00f5hikool\" \/>\n<meta property=\"og:description\" content=\"Peetri koolis on \u00f5petaja \u00fclesanne luua iga lapse arengut toetav \u00f5pikeskkond. Ta on \u00f5pilasele toeks ja julgustab \u00f5ppimisel pingutama, et...\" \/>\n<meta property=\"og:url\" content=\"https:\/\/www.peetri.edu.ee\/pohikool\/oppetoo\/oppetoo-meie-koolis\/\" \/>\n<meta property=\"og:site_name\" content=\"Peetri P\u00f5hikool\" \/>\n<meta property=\"article:modified_time\" content=\"2021-03-26T08:13:18+00:00\" \/>\n<meta name=\"twitter:card\" content=\"summary_large_image\" \/>\n<meta name=\"twitter:label1\" content=\"Est. reading time\" \/>\n\t<meta name=\"twitter:data1\" content=\"3 minutit\" \/>\n<script type=\"application\/ld+json\" class=\"yoast-schema-graph\">{\"@context\":\"https:\/\/schema.org\",\"@graph\":[{\"@type\":\"WebPage\",\"@id\":\"https:\/\/www.peetri.edu.ee\/pohikool\/oppetoo\/oppetoo-meie-koolis\/\",\"url\":\"https:\/\/www.peetri.edu.ee\/pohikool\/oppetoo\/oppetoo-meie-koolis\/\",\"name\":\"\u00d5ppet\u00f6\u00f6 meie koolis - Peetri P\u00f5hikool\",\"isPartOf\":{\"@id\":\"https:\/\/www.peetri.edu.ee\/pohikool\/#website\"},\"datePublished\":\"2021-03-11T10:28:49+00:00\",\"dateModified\":\"2021-03-26T08:13:18+00:00\",\"breadcrumb\":{\"@id\":\"https:\/\/www.peetri.edu.ee\/pohikool\/oppetoo\/oppetoo-meie-koolis\/#breadcrumb\"},\"inLanguage\":\"et\",\"potentialAction\":[{\"@type\":\"ReadAction\",\"target\":[\"https:\/\/www.peetri.edu.ee\/pohikool\/oppetoo\/oppetoo-meie-koolis\/\"]}]},{\"@type\":\"BreadcrumbList\",\"@id\":\"https:\/\/www.peetri.edu.ee\/pohikool\/oppetoo\/oppetoo-meie-koolis\/#breadcrumb\",\"itemListElement\":[{\"@type\":\"ListItem\",\"position\":1,\"name\":\"Home\",\"item\":\"https:\/\/www.peetri.edu.ee\/pohikool\/\"},{\"@type\":\"ListItem\",\"position\":2,\"name\":\"\u00d5ppet\u00f6\u00f6\",\"item\":\"https:\/\/www.peetri.edu.ee\/pohikool\/oppetoo\/\"},{\"@type\":\"ListItem\",\"position\":3,\"name\":\"\u00d5ppet\u00f6\u00f6 meie koolis\"}]},{\"@type\":\"WebSite\",\"@id\":\"https:\/\/www.peetri.edu.ee\/pohikool\/#website\",\"url\":\"https:\/\/www.peetri.edu.ee\/pohikool\/\",\"name\":\"Peetri P\u00f5hikool\",\"description\":\"Igas inimeses on p\u00e4ike, laskem tal s\u00e4rada\",\"potentialAction\":[{\"@type\":\"SearchAction\",\"target\":{\"@type\":\"EntryPoint\",\"urlTemplate\":\"https:\/\/www.peetri.edu.ee\/pohikool\/?s={search_term_string}\"},\"query-input\":{\"@type\":\"PropertyValueSpecification\",\"valueRequired\":true,\"valueName\":\"search_term_string\"}}],\"inLanguage\":\"et\"}]}<\/script>\n<!-- \/ Yoast SEO plugin. -->","yoast_head_json":{"title":"\u00d5ppet\u00f6\u00f6 meie koolis - Peetri P\u00f5hikool","robots":{"index":"index","follow":"follow","max-snippet":"max-snippet:-1","max-image-preview":"max-image-preview:large","max-video-preview":"max-video-preview:-1"},"canonical":"https:\/\/www.peetri.edu.ee\/pohikool\/oppetoo\/oppetoo-meie-koolis\/","og_locale":"et_EE","og_type":"article","og_title":"\u00d5ppet\u00f6\u00f6 meie koolis - Peetri P\u00f5hikool","og_description":"Peetri koolis on \u00f5petaja \u00fclesanne luua iga lapse arengut toetav \u00f5pikeskkond. Ta on \u00f5pilasele toeks ja julgustab \u00f5ppimisel pingutama, et...","og_url":"https:\/\/www.peetri.edu.ee\/pohikool\/oppetoo\/oppetoo-meie-koolis\/","og_site_name":"Peetri P\u00f5hikool","article_modified_time":"2021-03-26T08:13:18+00:00","twitter_card":"summary_large_image","twitter_misc":{"Est. reading time":"3 minutit"},"schema":{"@context":"https:\/\/schema.org","@graph":[{"@type":"WebPage","@id":"https:\/\/www.peetri.edu.ee\/pohikool\/oppetoo\/oppetoo-meie-koolis\/","url":"https:\/\/www.peetri.edu.ee\/pohikool\/oppetoo\/oppetoo-meie-koolis\/","name":"\u00d5ppet\u00f6\u00f6 meie koolis - Peetri P\u00f5hikool","isPartOf":{"@id":"https:\/\/www.peetri.edu.ee\/pohikool\/#website"},"datePublished":"2021-03-11T10:28:49+00:00","dateModified":"2021-03-26T08:13:18+00:00","breadcrumb":{"@id":"https:\/\/www.peetri.edu.ee\/pohikool\/oppetoo\/oppetoo-meie-koolis\/#breadcrumb"},"inLanguage":"et","potentialAction":[{"@type":"ReadAction","target":["https:\/\/www.peetri.edu.ee\/pohikool\/oppetoo\/oppetoo-meie-koolis\/"]}]},{"@type":"BreadcrumbList","@id":"https:\/\/www.peetri.edu.ee\/pohikool\/oppetoo\/oppetoo-meie-koolis\/#breadcrumb","itemListElement":[{"@type":"ListItem","position":1,"name":"Home","item":"https:\/\/www.peetri.edu.ee\/pohikool\/"},{"@type":"ListItem","position":2,"name":"\u00d5ppet\u00f6\u00f6","item":"https:\/\/www.peetri.edu.ee\/pohikool\/oppetoo\/"},{"@type":"ListItem","position":3,"name":"\u00d5ppet\u00f6\u00f6 meie koolis"}]},{"@type":"WebSite","@id":"https:\/\/www.peetri.edu.ee\/pohikool\/#website","url":"https:\/\/www.peetri.edu.ee\/pohikool\/","name":"Peetri P\u00f5hikool","description":"Igas inimeses on p\u00e4ike, laskem tal s\u00e4rada","potentialAction":[{"@type":"SearchAction","target":{"@type":"EntryPoint","urlTemplate":"https:\/\/www.peetri.edu.ee\/pohikool\/?s={search_term_string}"},"query-input":{"@type":"PropertyValueSpecification","valueRequired":true,"valueName":"search_term_string"}}],"inLanguage":"et"}]}},"acf":[],"_links":{"self":[{"href":"https:\/\/www.peetri.edu.ee\/pohikool\/wp-json\/wp\/v2\/pages\/5271","targetHints":{"allow":["GET"]}}],"collection":[{"href":"https:\/\/www.peetri.edu.ee\/pohikool\/wp-json\/wp\/v2\/pages"}],"about":[{"href":"https:\/\/www.peetri.edu.ee\/pohikool\/wp-json\/wp\/v2\/types\/page"}],"author":[{"embeddable":true,"href":"https:\/\/www.peetri.edu.ee\/pohikool\/wp-json\/wp\/v2\/users\/1"}],"replies":[{"embeddable":true,"href":"https:\/\/www.peetri.edu.ee\/pohikool\/wp-json\/wp\/v2\/comments?post=5271"}],"version-history":[{"count":5,"href":"https:\/\/www.peetri.edu.ee\/pohikool\/wp-json\/wp\/v2\/pages\/5271\/revisions"}],"predecessor-version":[{"id":5284,"href":"https:\/\/www.peetri.edu.ee\/pohikool\/wp-json\/wp\/v2\/pages\/5271\/revisions\/5284"}],"up":[{"embeddable":true,"href":"https:\/\/www.peetri.edu.ee\/pohikool\/wp-json\/wp\/v2\/pages\/52"}],"wp:attachment":[{"href":"https:\/\/www.peetri.edu.ee\/pohikool\/wp-json\/wp\/v2\/media?parent=5271"}],"curies":[{"name":"wp","href":"https:\/\/api.w.org\/{rel}","templated":true}]}}