{"id":513,"date":"2017-08-14T11:08:59","date_gmt":"2017-08-14T08:08:59","guid":{"rendered":"https:\/\/www.peetri.edu.ee\/pohikool\/?page_id=513"},"modified":"2017-08-14T11:09:32","modified_gmt":"2017-08-14T08:09:32","slug":"lati","status":"publish","type":"page","link":"https:\/\/www.peetri.edu.ee\/pohikool\/meie-kool\/projektid\/comenius-2013-2015\/projekti-kohtumised\/lati\/","title":{"rendered":"L\u00e4ti"},"content":{"rendered":"<h3>Kohtumine L\u00e4tis<\/h3>\n<p>Comenius projekti esimene kohtumine L\u00e4tis, Rezeknes<br \/>\n<a href=\"https:\/\/www.peetri.edu.ee\/pohikool\/wp-content\/uploads\/sites\/3\/2017\/08\/1_Latvia-raport.pdf\">Project meeting in Latvia<\/a><\/p>\n<p>Peetri Lasteaed-P\u00f5hikool osaleb Comenius programmi partnerkoolide mitmepoolses koost\u00f6\u00f6-projektis\u00a0 \u201cThe Treasure Chest and ICT or ICT in reading and writing\u201c. Projekt on elukestva \u00f5ppe programmi osa, mida finantseerib Euroopa Liit.<\/p>\n<p>Projekti \u201cThe Treasure Chest and ICT or ICT in reading and writing\u201c peamine koordinaatorriik on Bulgaaria ning koost\u00f6\u00f6partneriteks on Rumeenia, Ungari, Eesti, Poola, T\u00fcrgi ja L\u00e4ti.<\/p>\n<p>Projekti esimene t\u00f6\u00f6visiit toimus 17.11-21.11.2013 L\u00e4tis, linnas nimega Rezekne.<\/p>\n<p>Rezekne on Latgale suuruselt teine linn ning Latgale on omakorda eriline L\u00e4ti piirkond ebatavalise ajalooga \u2013 seda on tugevasti m\u00f5jutanud naaberriikide kultuur, selle ajalugu erineb \u00fclej\u00e4\u00e4nud L\u00e4ti territooriumi ajaloost, seet\u00f5ttu on inimesel Latgalesse sattudes tunne nagu oleks ta sattunud t\u00e4iesti teise, teistsuguse kultuuriga riiki. Kohe esimesel p\u00e4eval oli k\u00f5igil koost\u00f6\u00f6partneritel v\u00f5imalus osa saada L\u00e4tile v\u00e4ga t\u00e4htsast p\u00e4evast- riigi 95-ndast s\u00fcnnip\u00e4evast ning jalutada Vabariigi aastap\u00e4evale p\u00fchendatud rongk\u00e4igus, mida ilmestasid t\u00f5rvikud ja k\u00fc\u00fcnlavalgus. Rongk\u00e4ik linna peat\u00e4naval kulges monumendi \u201eLatgale Mara\u201c juurde, mis on Rezekne oluliseim vabaduse s\u00fcmbol. V\u00e4ljakul kuulati L\u00e4ti h\u00fcmni, rahvuslikke laule ning iseseisvusp\u00e4evale p\u00fchendatud s\u00f5nav\u00f5tte. \u00d5htu monumendi juures l\u00f5petas ilutulestik, millele j\u00e4rgnes pidulik aastap\u00e4evakontsert \u00a0Rezekne kontsertmajas\u00a0 \u201eGors\u201c\u00a0 .<\/p>\n<p>K\u00f5ik Rezeknes viibitud p\u00e4evad kulgesid t\u00f6iselt. Meid v\u00f5\u00f5rustavas koolis (R\u0113zeknes valsts po\u013cu \u0123imn\u0101zija) v\u00f5tsid \u00f5pilased ja \u00f5petajad \u00a0k\u00fclalisi vastu v\u00e4ga s\u00f5bralikult. Kooli direktor pr Valentina \u0160idlovska \u00a0n\u00e4itas meile kooli, r\u00e4\u00e4kis kooli ajaloost, missioonist ja sellest, kui oluline on edendada Poola traditsioone L\u00e4timaal (3,6%\u00a0linna elanikest on\u00a0poolakad). Peale v\u00e4ikest ringk\u00e4iku koolis suunduti klassiruumi, kus k\u00f5ik osalevad riigid tutvustasid oma riigi hariduss\u00fcsteemi ja oma kooli. Kohtumisel esitleti ka varem valmistatud kodut\u00f6id \u2013 disainitud logosid projekti jaoks.\u00a0 Valiti v\u00e4lja k\u00f5ige ilusam logo, milleks osutus Rezekne koolit\u00fcdruku Valeria Burova logo. See imeilus logo hakkab kaunistama k\u00f5igi seitsme partnerriigi dokumente.<\/p>\n<p>Koosviibimisel arutasid projekti koordinaatorid \u00a0j\u00e4rgmise t\u00f6\u00f6visiidi \u00fcksikasju veebruarikuiseks kokkusaamiseks Rumeenias, samuti jagati \u00fclesandeid uuteks kodut\u00f6\u00f6deks. Pandi paika t\u00f6\u00f6de esitamise t\u00e4htajad, esitleti materjalide \u00fcleslaadimise v\u00f5imalusi internetti ja pakuti v\u00e4lja erinevaid suhtlemisvahendeid. J\u00e4rgmise kohtumise ajaks peavad k\u00f5ik seitsme riigi \u00f5pilased koguma oma riigi kohta legende, uurima ning ette valmistama materjale oma riigi rahvariiete kohta ning veebruari alguses tuleb esitada essee koost\u00f6\u00f6partnerite rahvariiete erinevustest ning sarnasustest.<\/p>\n<p>Rezeknes oldud p\u00e4evade ajal said k\u00f5ik projektiga seotud esindajad osa mitmetest L\u00e4ti hariduse ja kultuuriga seotud s\u00fcndmustest: partnerkoolis toimunud Vabariigi aastap\u00e4evale p\u00fchendatud kontsertaktusest ja esimesse klassi vastuv\u00f5tmise tseremooniast,\u00a0 saime kohtuda Raekojas abilinnapeaga, tutvuda\u00a0 Rezekne\u00a0 vaatamisv\u00e4\u00e4rsustega ning k\u00fclastada Latgale piirkonna kuulsa keraamiku t\u00f6\u00f6tuba.<\/p>\n<p>\u00d5pilaste vastuv\u00f5tt esimesse klassi oli v\u00e4ga eriline ja erines meie traditsioonilisest aktusest olulisel m\u00e4\u00e4ral. Aktus algas piduliku kontserdiga, mille j\u00e4rel andsid esimesse klassi astujad vandet\u00f5otuse. Suurt dekoratiivpliiatsit \u00f5lale asetades, mis sarnanes vanadele r\u00fc\u00fctlikommetele, kuulutas direkor nad kooli \u00f5pilasteks ning rituaali l\u00f5petuseks andsid \u00f5pilased oma s\u00f5rmej\u00e4lje kooli \u00f5pilasraamatusse.<\/p>\n<p>Meie esimene projektikohtumine Rezeknes andis v\u00e4ikese \u00fclevaate L\u00e4tis tegutseva mitmekeelse (l\u00e4ti-poola) kooli hariduselust,\u00a0 traditsioonidest kui ka ajaloost.<strong> R\u00f5\u00f5m oli saada uusi teadmisi projektis osalevate riikide kultuurist, hariduss\u00fcsteemist, \u00a0koolide \u00f5ppet\u00f6\u00f6st ning huvitegevusest, erinevustest ja sarnasustest.\u00a0\u00a0<\/strong><\/p>\n<h3>Galerii<\/h3>\n<p>&nbsp;<\/p>\n<div id='gallery-1' class='gallery galleryid-513 gallery-columns-4 gallery-size-thumbnail'><figure class='gallery-item'>\n\t\t\t<div class='gallery-icon landscape'>\n\t\t\t\t<a href='https:\/\/www.peetri.edu.ee\/pohikool\/wp-content\/uploads\/sites\/3\/2017\/08\/pilt1-5.jpg'><img loading=\"lazy\" decoding=\"async\" width=\"150\" height=\"150\" src=\"https:\/\/www.peetri.edu.ee\/pohikool\/wp-content\/uploads\/sites\/3\/2017\/08\/pilt1-5-150x150.jpg\" class=\"attachment-thumbnail size-thumbnail\" alt=\"\" aria-describedby=\"gallery-1-515\" \/><\/a>\n\t\t\t<\/div>\n\t\t\t\t<figcaption class='wp-caption-text gallery-caption' id='gallery-1-515'>\n\t\t\t\tR\u0113zeknes valsts po\u013cu \u0123imn\u0101zija\n\t\t\t\t<\/figcaption><\/figure><figure class='gallery-item'>\n\t\t\t<div class='gallery-icon landscape'>\n\t\t\t\t<a href='https:\/\/www.peetri.edu.ee\/pohikool\/wp-content\/uploads\/sites\/3\/2017\/08\/pilt2-4.jpg'><img loading=\"lazy\" decoding=\"async\" width=\"150\" height=\"150\" src=\"https:\/\/www.peetri.edu.ee\/pohikool\/wp-content\/uploads\/sites\/3\/2017\/08\/pilt2-4-150x150.jpg\" class=\"attachment-thumbnail size-thumbnail\" alt=\"\" aria-describedby=\"gallery-1-516\" \/><\/a>\n\t\t\t<\/div>\n\t\t\t\t<figcaption class='wp-caption-text gallery-caption' id='gallery-1-516'>\n\t\t\t\tRiikide tutvustused\n\t\t\t\t<\/figcaption><\/figure><figure class='gallery-item'>\n\t\t\t<div class='gallery-icon portrait'>\n\t\t\t\t<a href='https:\/\/www.peetri.edu.ee\/pohikool\/wp-content\/uploads\/sites\/3\/2017\/08\/pilt3-2.jpg'><img loading=\"lazy\" decoding=\"async\" width=\"150\" height=\"150\" src=\"https:\/\/www.peetri.edu.ee\/pohikool\/wp-content\/uploads\/sites\/3\/2017\/08\/pilt3-2-150x150.jpg\" class=\"attachment-thumbnail size-thumbnail\" alt=\"\" \/><\/a>\n\t\t\t<\/div><\/figure><figure class='gallery-item'>\n\t\t\t<div class='gallery-icon landscape'>\n\t\t\t\t<a href='https:\/\/www.peetri.edu.ee\/pohikool\/wp-content\/uploads\/sites\/3\/2017\/08\/pilt4-2.jpg'><img loading=\"lazy\" decoding=\"async\" width=\"150\" height=\"150\" src=\"https:\/\/www.peetri.edu.ee\/pohikool\/wp-content\/uploads\/sites\/3\/2017\/08\/pilt4-2-150x150.jpg\" class=\"attachment-thumbnail size-thumbnail\" alt=\"\" \/><\/a>\n\t\t\t<\/div><\/figure><figure class='gallery-item'>\n\t\t\t<div class='gallery-icon landscape'>\n\t\t\t\t<a href='https:\/\/www.peetri.edu.ee\/pohikool\/wp-content\/uploads\/sites\/3\/2017\/08\/pilt5.jpg'><img loading=\"lazy\" decoding=\"async\" width=\"150\" height=\"150\" src=\"https:\/\/www.peetri.edu.ee\/pohikool\/wp-content\/uploads\/sites\/3\/2017\/08\/pilt5-150x150.jpg\" class=\"attachment-thumbnail size-thumbnail\" alt=\"\" \/><\/a>\n\t\t\t<\/div><\/figure><figure class='gallery-item'>\n\t\t\t<div class='gallery-icon landscape'>\n\t\t\t\t<a href='https:\/\/www.peetri.edu.ee\/pohikool\/wp-content\/uploads\/sites\/3\/2017\/08\/pilt6.jpg'><img loading=\"lazy\" decoding=\"async\" width=\"150\" height=\"150\" src=\"https:\/\/www.peetri.edu.ee\/pohikool\/wp-content\/uploads\/sites\/3\/2017\/08\/pilt6-150x150.jpg\" class=\"attachment-thumbnail size-thumbnail\" alt=\"\" \/><\/a>\n\t\t\t<\/div><\/figure><figure class='gallery-item'>\n\t\t\t<div class='gallery-icon landscape'>\n\t\t\t\t<a href='https:\/\/www.peetri.edu.ee\/pohikool\/wp-content\/uploads\/sites\/3\/2017\/08\/pilt7.jpg'><img loading=\"lazy\" decoding=\"async\" width=\"150\" height=\"150\" src=\"https:\/\/www.peetri.edu.ee\/pohikool\/wp-content\/uploads\/sites\/3\/2017\/08\/pilt7-150x150.jpg\" class=\"attachment-thumbnail size-thumbnail\" alt=\"\" \/><\/a>\n\t\t\t<\/div><\/figure><figure class='gallery-item'>\n\t\t\t<div class='gallery-icon portrait'>\n\t\t\t\t<a href='https:\/\/www.peetri.edu.ee\/pohikool\/wp-content\/uploads\/sites\/3\/2017\/08\/pilt8.jpg'><img loading=\"lazy\" decoding=\"async\" width=\"150\" height=\"150\" src=\"https:\/\/www.peetri.edu.ee\/pohikool\/wp-content\/uploads\/sites\/3\/2017\/08\/pilt8-150x150.jpg\" class=\"attachment-thumbnail size-thumbnail\" alt=\"\" \/><\/a>\n\t\t\t<\/div><\/figure><figure class='gallery-item'>\n\t\t\t<div class='gallery-icon landscape'>\n\t\t\t\t<a href='https:\/\/www.peetri.edu.ee\/pohikool\/wp-content\/uploads\/sites\/3\/2017\/08\/pilt9.jpg'><img loading=\"lazy\" decoding=\"async\" width=\"150\" height=\"150\" src=\"https:\/\/www.peetri.edu.ee\/pohikool\/wp-content\/uploads\/sites\/3\/2017\/08\/pilt9-150x150.jpg\" class=\"attachment-thumbnail size-thumbnail\" alt=\"\" \/><\/a>\n\t\t\t<\/div><\/figure><figure class='gallery-item'>\n\t\t\t<div class='gallery-icon landscape'>\n\t\t\t\t<a href='https:\/\/www.peetri.edu.ee\/pohikool\/wp-content\/uploads\/sites\/3\/2017\/08\/pilt10.jpg'><img loading=\"lazy\" decoding=\"async\" width=\"150\" height=\"150\" src=\"https:\/\/www.peetri.edu.ee\/pohikool\/wp-content\/uploads\/sites\/3\/2017\/08\/pilt10-150x150.jpg\" class=\"attachment-thumbnail size-thumbnail\" alt=\"\" \/><\/a>\n\t\t\t<\/div><\/figure><figure class='gallery-item'>\n\t\t\t<div class='gallery-icon landscape'>\n\t\t\t\t<a href='https:\/\/www.peetri.edu.ee\/pohikool\/wp-content\/uploads\/sites\/3\/2017\/08\/pilt11.jpg'><img loading=\"lazy\" decoding=\"async\" width=\"150\" height=\"150\" src=\"https:\/\/www.peetri.edu.ee\/pohikool\/wp-content\/uploads\/sites\/3\/2017\/08\/pilt11-150x150.jpg\" class=\"attachment-thumbnail size-thumbnail\" alt=\"\" \/><\/a>\n\t\t\t<\/div><\/figure><figure class='gallery-item'>\n\t\t\t<div class='gallery-icon landscape'>\n\t\t\t\t<a href='https:\/\/www.peetri.edu.ee\/pohikool\/wp-content\/uploads\/sites\/3\/2017\/08\/pilt12.jpg'><img loading=\"lazy\" decoding=\"async\" width=\"150\" height=\"150\" src=\"https:\/\/www.peetri.edu.ee\/pohikool\/wp-content\/uploads\/sites\/3\/2017\/08\/pilt12-150x150.jpg\" class=\"attachment-thumbnail size-thumbnail\" alt=\"\" \/><\/a>\n\t\t\t<\/div><\/figure><figure class='gallery-item'>\n\t\t\t<div class='gallery-icon landscape'>\n\t\t\t\t<a href='https:\/\/www.peetri.edu.ee\/pohikool\/wp-content\/uploads\/sites\/3\/2017\/08\/pilt13.jpg'><img loading=\"lazy\" decoding=\"async\" width=\"150\" height=\"150\" src=\"https:\/\/www.peetri.edu.ee\/pohikool\/wp-content\/uploads\/sites\/3\/2017\/08\/pilt13-150x150.jpg\" class=\"attachment-thumbnail size-thumbnail\" alt=\"\" \/><\/a>\n\t\t\t<\/div><\/figure><figure class='gallery-item'>\n\t\t\t<div class='gallery-icon landscape'>\n\t\t\t\t<a href='https:\/\/www.peetri.edu.ee\/pohikool\/wp-content\/uploads\/sites\/3\/2017\/08\/pilt14.jpg'><img loading=\"lazy\" decoding=\"async\" width=\"150\" height=\"150\" src=\"https:\/\/www.peetri.edu.ee\/pohikool\/wp-content\/uploads\/sites\/3\/2017\/08\/pilt14-150x150.jpg\" class=\"attachment-thumbnail size-thumbnail\" alt=\"\" \/><\/a>\n\t\t\t<\/div><\/figure><figure class='gallery-item'>\n\t\t\t<div class='gallery-icon landscape'>\n\t\t\t\t<a href='https:\/\/www.peetri.edu.ee\/pohikool\/wp-content\/uploads\/sites\/3\/2017\/08\/pilt15.jpg'><img loading=\"lazy\" decoding=\"async\" width=\"150\" height=\"150\" src=\"https:\/\/www.peetri.edu.ee\/pohikool\/wp-content\/uploads\/sites\/3\/2017\/08\/pilt15-150x150.jpg\" class=\"attachment-thumbnail size-thumbnail\" alt=\"\" \/><\/a>\n\t\t\t<\/div><\/figure><figure class='gallery-item'>\n\t\t\t<div class='gallery-icon landscape'>\n\t\t\t\t<a href='https:\/\/www.peetri.edu.ee\/pohikool\/wp-content\/uploads\/sites\/3\/2017\/08\/pilt16.jpg'><img loading=\"lazy\" decoding=\"async\" width=\"150\" height=\"150\" src=\"https:\/\/www.peetri.edu.ee\/pohikool\/wp-content\/uploads\/sites\/3\/2017\/08\/pilt16-150x150.jpg\" class=\"attachment-thumbnail size-thumbnail\" alt=\"\" \/><\/a>\n\t\t\t<\/div><\/figure><figure class='gallery-item'>\n\t\t\t<div class='gallery-icon landscape'>\n\t\t\t\t<a href='https:\/\/www.peetri.edu.ee\/pohikool\/wp-content\/uploads\/sites\/3\/2017\/08\/pilt17.jpg'><img loading=\"lazy\" decoding=\"async\" width=\"150\" height=\"150\" src=\"https:\/\/www.peetri.edu.ee\/pohikool\/wp-content\/uploads\/sites\/3\/2017\/08\/pilt17-150x150.jpg\" class=\"attachment-thumbnail size-thumbnail\" alt=\"\" \/><\/a>\n\t\t\t<\/div><\/figure><figure class='gallery-item'>\n\t\t\t<div class='gallery-icon landscape'>\n\t\t\t\t<a href='https:\/\/www.peetri.edu.ee\/pohikool\/wp-content\/uploads\/sites\/3\/2017\/08\/pilt18.jpg'><img loading=\"lazy\" decoding=\"async\" width=\"150\" height=\"150\" src=\"https:\/\/www.peetri.edu.ee\/pohikool\/wp-content\/uploads\/sites\/3\/2017\/08\/pilt18-150x150.jpg\" class=\"attachment-thumbnail size-thumbnail\" alt=\"\" \/><\/a>\n\t\t\t<\/div><\/figure><figure class='gallery-item'>\n\t\t\t<div class='gallery-icon landscape'>\n\t\t\t\t<a href='https:\/\/www.peetri.edu.ee\/pohikool\/wp-content\/uploads\/sites\/3\/2017\/08\/pilt19.jpg'><img loading=\"lazy\" decoding=\"async\" width=\"150\" height=\"150\" src=\"https:\/\/www.peetri.edu.ee\/pohikool\/wp-content\/uploads\/sites\/3\/2017\/08\/pilt19-150x150.jpg\" class=\"attachment-thumbnail size-thumbnail\" alt=\"\" \/><\/a>\n\t\t\t<\/div><\/figure><figure class='gallery-item'>\n\t\t\t<div class='gallery-icon landscape'>\n\t\t\t\t<a href='https:\/\/www.peetri.edu.ee\/pohikool\/wp-content\/uploads\/sites\/3\/2017\/08\/pilt20.jpg'><img loading=\"lazy\" decoding=\"async\" width=\"150\" height=\"150\" src=\"https:\/\/www.peetri.edu.ee\/pohikool\/wp-content\/uploads\/sites\/3\/2017\/08\/pilt20-150x150.jpg\" class=\"attachment-thumbnail size-thumbnail\" alt=\"\" \/><\/a>\n\t\t\t<\/div><\/figure>\n\t\t<\/div>\n\n","protected":false},"excerpt":{"rendered":"<p>Kohtumine L\u00e4tis Comenius projekti esimene kohtumine L\u00e4tis, Rezeknes Project meeting in Latvia Peetri Lasteaed-P\u00f5hikool osaleb Comenius programmi partnerkoolide mitmepoolses koost\u00f6\u00f6-projektis\u00a0&#8230;<\/p>\n","protected":false},"author":1,"featured_media":0,"parent":422,"menu_order":30,"comment_status":"closed","ping_status":"closed","template":"","meta":{"_acf_changed":false,"footnotes":""},"class_list":["post-513","page","type-page","status-publish","hentry"],"yoast_head":"<!-- This site is optimized with the Yoast SEO plugin v27.2 - https:\/\/yoast.com\/product\/yoast-seo-wordpress\/ -->\n<title>L\u00e4ti - Peetri P\u00f5hikool<\/title>\n<meta name=\"robots\" content=\"index, follow, max-snippet:-1, max-image-preview:large, max-video-preview:-1\" \/>\n<link rel=\"canonical\" href=\"https:\/\/www.peetri.edu.ee\/pohikool\/meie-kool\/projektid\/comenius-2013-2015\/projekti-kohtumised\/lati\/\" \/>\n<meta property=\"og:locale\" content=\"et_EE\" \/>\n<meta property=\"og:type\" content=\"article\" \/>\n<meta property=\"og:title\" content=\"L\u00e4ti - Peetri P\u00f5hikool\" \/>\n<meta property=\"og:description\" content=\"Kohtumine L\u00e4tis Comenius projekti esimene kohtumine L\u00e4tis, Rezeknes Project meeting in Latvia Peetri Lasteaed-P\u00f5hikool osaleb Comenius programmi partnerkoolide mitmepoolses koost\u00f6\u00f6-projektis\u00a0...\" \/>\n<meta property=\"og:url\" content=\"https:\/\/www.peetri.edu.ee\/pohikool\/meie-kool\/projektid\/comenius-2013-2015\/projekti-kohtumised\/lati\/\" \/>\n<meta property=\"og:site_name\" content=\"Peetri P\u00f5hikool\" \/>\n<meta property=\"article:modified_time\" content=\"2017-08-14T08:09:32+00:00\" \/>\n<meta property=\"og:image\" content=\"https:\/\/www.peetri.edu.ee\/pohikool\/wp-content\/uploads\/sites\/3\/2017\/08\/pilt1-5-150x150.jpg\" \/>\n<meta name=\"twitter:card\" content=\"summary_large_image\" \/>\n<meta name=\"twitter:label1\" content=\"Est. reading time\" \/>\n\t<meta name=\"twitter:data1\" content=\"3 minutit\" \/>\n<script type=\"application\/ld+json\" class=\"yoast-schema-graph\">{\"@context\":\"https:\/\/schema.org\",\"@graph\":[{\"@type\":\"WebPage\",\"@id\":\"https:\/\/www.peetri.edu.ee\/pohikool\/meie-kool\/projektid\/comenius-2013-2015\/projekti-kohtumised\/lati\/\",\"url\":\"https:\/\/www.peetri.edu.ee\/pohikool\/meie-kool\/projektid\/comenius-2013-2015\/projekti-kohtumised\/lati\/\",\"name\":\"L\u00e4ti - Peetri P\u00f5hikool\",\"isPartOf\":{\"@id\":\"https:\/\/www.peetri.edu.ee\/pohikool\/#website\"},\"datePublished\":\"2017-08-14T08:08:59+00:00\",\"dateModified\":\"2017-08-14T08:09:32+00:00\",\"breadcrumb\":{\"@id\":\"https:\/\/www.peetri.edu.ee\/pohikool\/meie-kool\/projektid\/comenius-2013-2015\/projekti-kohtumised\/lati\/#breadcrumb\"},\"inLanguage\":\"et\",\"potentialAction\":[{\"@type\":\"ReadAction\",\"target\":[\"https:\/\/www.peetri.edu.ee\/pohikool\/meie-kool\/projektid\/comenius-2013-2015\/projekti-kohtumised\/lati\/\"]}]},{\"@type\":\"BreadcrumbList\",\"@id\":\"https:\/\/www.peetri.edu.ee\/pohikool\/meie-kool\/projektid\/comenius-2013-2015\/projekti-kohtumised\/lati\/#breadcrumb\",\"itemListElement\":[{\"@type\":\"ListItem\",\"position\":1,\"name\":\"Home\",\"item\":\"https:\/\/www.peetri.edu.ee\/pohikool\/\"},{\"@type\":\"ListItem\",\"position\":2,\"name\":\"Meie kool\",\"item\":\"https:\/\/www.peetri.edu.ee\/pohikool\/\"},{\"@type\":\"ListItem\",\"position\":3,\"name\":\"Projektid\",\"item\":\"https:\/\/www.peetri.edu.ee\/pohikool\/meie-kool\/projektid\/\"},{\"@type\":\"ListItem\",\"position\":4,\"name\":\"Comenius 2013-2015\",\"item\":\"https:\/\/www.peetri.edu.ee\/pohikool\/meie-kool\/projektid\/comenius-2013-2015\/\"},{\"@type\":\"ListItem\",\"position\":5,\"name\":\"Projekti kohtumised\",\"item\":\"https:\/\/www.peetri.edu.ee\/pohikool\/meie-kool\/projektid\/comenius-2013-2015\/projekti-kohtumised\/\"},{\"@type\":\"ListItem\",\"position\":6,\"name\":\"L\u00e4ti\"}]},{\"@type\":\"WebSite\",\"@id\":\"https:\/\/www.peetri.edu.ee\/pohikool\/#website\",\"url\":\"https:\/\/www.peetri.edu.ee\/pohikool\/\",\"name\":\"Peetri P\u00f5hikool\",\"description\":\"Igas inimeses on p\u00e4ike, laskem tal s\u00e4rada\",\"potentialAction\":[{\"@type\":\"SearchAction\",\"target\":{\"@type\":\"EntryPoint\",\"urlTemplate\":\"https:\/\/www.peetri.edu.ee\/pohikool\/?s={search_term_string}\"},\"query-input\":{\"@type\":\"PropertyValueSpecification\",\"valueRequired\":true,\"valueName\":\"search_term_string\"}}],\"inLanguage\":\"et\"}]}<\/script>\n<!-- \/ Yoast SEO plugin. -->","yoast_head_json":{"title":"L\u00e4ti - Peetri P\u00f5hikool","robots":{"index":"index","follow":"follow","max-snippet":"max-snippet:-1","max-image-preview":"max-image-preview:large","max-video-preview":"max-video-preview:-1"},"canonical":"https:\/\/www.peetri.edu.ee\/pohikool\/meie-kool\/projektid\/comenius-2013-2015\/projekti-kohtumised\/lati\/","og_locale":"et_EE","og_type":"article","og_title":"L\u00e4ti - Peetri P\u00f5hikool","og_description":"Kohtumine L\u00e4tis Comenius projekti esimene kohtumine L\u00e4tis, Rezeknes Project meeting in Latvia Peetri Lasteaed-P\u00f5hikool osaleb Comenius programmi partnerkoolide mitmepoolses koost\u00f6\u00f6-projektis\u00a0...","og_url":"https:\/\/www.peetri.edu.ee\/pohikool\/meie-kool\/projektid\/comenius-2013-2015\/projekti-kohtumised\/lati\/","og_site_name":"Peetri P\u00f5hikool","article_modified_time":"2017-08-14T08:09:32+00:00","og_image":[{"url":"https:\/\/www.peetri.edu.ee\/pohikool\/wp-content\/uploads\/sites\/3\/2017\/08\/pilt1-5-150x150.jpg","type":"","width":"","height":""}],"twitter_card":"summary_large_image","twitter_misc":{"Est. reading time":"3 minutit"},"schema":{"@context":"https:\/\/schema.org","@graph":[{"@type":"WebPage","@id":"https:\/\/www.peetri.edu.ee\/pohikool\/meie-kool\/projektid\/comenius-2013-2015\/projekti-kohtumised\/lati\/","url":"https:\/\/www.peetri.edu.ee\/pohikool\/meie-kool\/projektid\/comenius-2013-2015\/projekti-kohtumised\/lati\/","name":"L\u00e4ti - Peetri P\u00f5hikool","isPartOf":{"@id":"https:\/\/www.peetri.edu.ee\/pohikool\/#website"},"datePublished":"2017-08-14T08:08:59+00:00","dateModified":"2017-08-14T08:09:32+00:00","breadcrumb":{"@id":"https:\/\/www.peetri.edu.ee\/pohikool\/meie-kool\/projektid\/comenius-2013-2015\/projekti-kohtumised\/lati\/#breadcrumb"},"inLanguage":"et","potentialAction":[{"@type":"ReadAction","target":["https:\/\/www.peetri.edu.ee\/pohikool\/meie-kool\/projektid\/comenius-2013-2015\/projekti-kohtumised\/lati\/"]}]},{"@type":"BreadcrumbList","@id":"https:\/\/www.peetri.edu.ee\/pohikool\/meie-kool\/projektid\/comenius-2013-2015\/projekti-kohtumised\/lati\/#breadcrumb","itemListElement":[{"@type":"ListItem","position":1,"name":"Home","item":"https:\/\/www.peetri.edu.ee\/pohikool\/"},{"@type":"ListItem","position":2,"name":"Meie kool","item":"https:\/\/www.peetri.edu.ee\/pohikool\/"},{"@type":"ListItem","position":3,"name":"Projektid","item":"https:\/\/www.peetri.edu.ee\/pohikool\/meie-kool\/projektid\/"},{"@type":"ListItem","position":4,"name":"Comenius 2013-2015","item":"https:\/\/www.peetri.edu.ee\/pohikool\/meie-kool\/projektid\/comenius-2013-2015\/"},{"@type":"ListItem","position":5,"name":"Projekti kohtumised","item":"https:\/\/www.peetri.edu.ee\/pohikool\/meie-kool\/projektid\/comenius-2013-2015\/projekti-kohtumised\/"},{"@type":"ListItem","position":6,"name":"L\u00e4ti"}]},{"@type":"WebSite","@id":"https:\/\/www.peetri.edu.ee\/pohikool\/#website","url":"https:\/\/www.peetri.edu.ee\/pohikool\/","name":"Peetri P\u00f5hikool","description":"Igas inimeses on p\u00e4ike, laskem tal s\u00e4rada","potentialAction":[{"@type":"SearchAction","target":{"@type":"EntryPoint","urlTemplate":"https:\/\/www.peetri.edu.ee\/pohikool\/?s={search_term_string}"},"query-input":{"@type":"PropertyValueSpecification","valueRequired":true,"valueName":"search_term_string"}}],"inLanguage":"et"}]}},"acf":[],"_links":{"self":[{"href":"https:\/\/www.peetri.edu.ee\/pohikool\/wp-json\/wp\/v2\/pages\/513","targetHints":{"allow":["GET"]}}],"collection":[{"href":"https:\/\/www.peetri.edu.ee\/pohikool\/wp-json\/wp\/v2\/pages"}],"about":[{"href":"https:\/\/www.peetri.edu.ee\/pohikool\/wp-json\/wp\/v2\/types\/page"}],"author":[{"embeddable":true,"href":"https:\/\/www.peetri.edu.ee\/pohikool\/wp-json\/wp\/v2\/users\/1"}],"replies":[{"embeddable":true,"href":"https:\/\/www.peetri.edu.ee\/pohikool\/wp-json\/wp\/v2\/comments?post=513"}],"version-history":[{"count":1,"href":"https:\/\/www.peetri.edu.ee\/pohikool\/wp-json\/wp\/v2\/pages\/513\/revisions"}],"predecessor-version":[{"id":535,"href":"https:\/\/www.peetri.edu.ee\/pohikool\/wp-json\/wp\/v2\/pages\/513\/revisions\/535"}],"up":[{"embeddable":true,"href":"https:\/\/www.peetri.edu.ee\/pohikool\/wp-json\/wp\/v2\/pages\/422"}],"wp:attachment":[{"href":"https:\/\/www.peetri.edu.ee\/pohikool\/wp-json\/wp\/v2\/media?parent=513"}],"curies":[{"name":"wp","href":"https:\/\/api.w.org\/{rel}","templated":true}]}}