{"id":5082,"date":"2021-01-18T09:05:02","date_gmt":"2021-01-18T07:05:02","guid":{"rendered":"https:\/\/www.peetri.edu.ee\/pohikool\/?page_id=5082"},"modified":"2025-12-18T15:08:22","modified_gmt":"2025-12-18T13:08:22","slug":"9-klass","status":"publish","type":"page","link":"https:\/\/www.peetri.edu.ee\/pohikool\/meie-kool\/dokumentatsioon\/ainekavad\/9-klass\/","title":{"rendered":"9. klass"},"content":{"rendered":"<p><a href=\"https:\/\/drive.google.com\/file\/d\/1K9BRJepEOzA1qxaP12lgQ8WVqyxxan7a\/view?usp=sharing\">A-keel<\/a><\/p>\n<p><a href=\"https:\/\/drive.google.com\/file\/d\/1DoYA3ITa3yzS5gKRgXVxZgqbriz7rRzB\/view?usp=sharing\">Ajalugu<\/a><\/p>\n<p><a href=\"https:\/\/drive.google.com\/file\/d\/1b_9OQrc_eYX_iIVYf77XWiBnPGrqVgdU\/view?usp=sharing\">B-keel<\/a><\/p>\n<p><a href=\"https:\/\/drive.google.com\/file\/d\/186EB4bjQK8f4bPsnA9jdofyOyWevgmWB\/view?usp=sharing\">Bioloogia<\/a><\/p>\n<p><a href=\"https:\/\/drive.google.com\/file\/d\/1RMUZn5LzAVic65CJlHSos5z9qr9_c5sW\/view?usp=sharing\">Eesti keel<\/a><\/p>\n<p><a href=\"https:\/\/drive.google.com\/file\/d\/1ezg47sdreIsQy6OnIzX4mHwHinBQnZSP\/view?usp=sharing\">F\u00fc\u00fcsika<\/a><\/p>\n<p><a href=\"https:\/\/drive.google.com\/file\/d\/1tK-wmhEvlIr_dulusN-ZfeJ14vmnZ0Gq\/view?usp=sharing\">Geograafia<\/a><\/p>\n<p><a href=\"https:\/\/drive.google.com\/file\/d\/1nAWYHIf8Q2NaCtplpkb8CEe4PJg_CV2i\/view?usp=sharing\">Ideest teostuseni<\/a><\/p>\n<p>Inimene ja \u00fchiskond<\/p>\n<p><a href=\"https:\/\/drive.google.com\/file\/d\/13l9C7s4fBfoCIOI6wrW2eO6mhwSt-y74\/view?usp=sharing\">Keemia<\/a><\/p>\n<p><a href=\"https:\/\/drive.google.com\/file\/d\/1pzaDcg0LVFx2xVoQ_6bYVh9UsIgPH0e7\/view?usp=sharing\">Kirjandus<\/a><\/p>\n<p><a href=\"https:\/\/drive.google.com\/file\/d\/1uS9tJyHVq1uEbtiKAP2drPbHZKZGVaPJ\/view?usp=sharing\">Kunst<\/a><\/p>\n<p><a href=\"https:\/\/www.peetri.edu.ee\/pohikool\/wp-content\/uploads\/sites\/3\/2025\/12\/Liikumine-ja-tanst-III-kooliaste.pdf\">Liikumine ja tants<\/a><\/p>\n<p><a href=\"https:\/\/drive.google.com\/file\/d\/1EQwaBBkVOcAPe30uCZ-j3Ef15kIsJrNK\/view?usp=sharing\">Matemaatika<\/a><\/p>\n<p><a href=\"https:\/\/drive.google.com\/file\/d\/1zBCXGRL1rfAp2W0kuNpocIjz96IaK2VB\/view?usp=sharing\">Muusika<\/a><\/p>\n","protected":false},"excerpt":{"rendered":"<p>A-keel Ajalugu B-keel Bioloogia Eesti keel F\u00fc\u00fcsika Geograafia Ideest teostuseni Inimene ja \u00fchiskond Keemia Kirjandus Kunst Liikumine ja tants Matemaatika&#8230;<\/p>\n","protected":false},"author":1,"featured_media":0,"parent":263,"menu_order":0,"comment_status":"closed","ping_status":"closed","template":"","meta":{"_acf_changed":false,"footnotes":""},"class_list":["post-5082","page","type-page","status-publish","hentry"],"yoast_head":"<!-- This site is optimized with the Yoast SEO plugin v27.5 - https:\/\/yoast.com\/product\/yoast-seo-wordpress\/ -->\n<title>9. klass - Peetri P\u00f5hikool<\/title>\n<meta name=\"robots\" content=\"index, follow, max-snippet:-1, max-image-preview:large, max-video-preview:-1\" \/>\n<link rel=\"canonical\" href=\"https:\/\/www.peetri.edu.ee\/pohikool\/meie-kool\/dokumentatsioon\/ainekavad\/9-klass\/\" \/>\n<meta property=\"og:locale\" content=\"et_EE\" \/>\n<meta property=\"og:type\" content=\"article\" \/>\n<meta property=\"og:title\" content=\"9. klass - Peetri P\u00f5hikool\" \/>\n<meta property=\"og:description\" content=\"A-keel Ajalugu B-keel Bioloogia Eesti keel F\u00fc\u00fcsika Geograafia Ideest teostuseni Inimene ja \u00fchiskond Keemia Kirjandus Kunst Liikumine ja tants Matemaatika...\" \/>\n<meta property=\"og:url\" content=\"https:\/\/www.peetri.edu.ee\/pohikool\/meie-kool\/dokumentatsioon\/ainekavad\/9-klass\/\" \/>\n<meta property=\"og:site_name\" content=\"Peetri P\u00f5hikool\" \/>\n<meta property=\"article:modified_time\" content=\"2025-12-18T13:08:22+00:00\" \/>\n<meta name=\"twitter:card\" content=\"summary_large_image\" \/>\n<meta name=\"twitter:label1\" content=\"Est. reading time\" \/>\n\t<meta name=\"twitter:data1\" content=\"1 minut\" \/>\n<script type=\"application\/ld+json\" class=\"yoast-schema-graph\">{\"@context\":\"https:\\\/\\\/schema.org\",\"@graph\":[{\"@type\":\"WebPage\",\"@id\":\"https:\\\/\\\/www.peetri.edu.ee\\\/pohikool\\\/meie-kool\\\/dokumentatsioon\\\/ainekavad\\\/9-klass\\\/\",\"url\":\"https:\\\/\\\/www.peetri.edu.ee\\\/pohikool\\\/meie-kool\\\/dokumentatsioon\\\/ainekavad\\\/9-klass\\\/\",\"name\":\"9. klass - Peetri P\u00f5hikool\",\"isPartOf\":{\"@id\":\"https:\\\/\\\/www.peetri.edu.ee\\\/pohikool\\\/#website\"},\"datePublished\":\"2021-01-18T07:05:02+00:00\",\"dateModified\":\"2025-12-18T13:08:22+00:00\",\"breadcrumb\":{\"@id\":\"https:\\\/\\\/www.peetri.edu.ee\\\/pohikool\\\/meie-kool\\\/dokumentatsioon\\\/ainekavad\\\/9-klass\\\/#breadcrumb\"},\"inLanguage\":\"et\",\"potentialAction\":[{\"@type\":\"ReadAction\",\"target\":[\"https:\\\/\\\/www.peetri.edu.ee\\\/pohikool\\\/meie-kool\\\/dokumentatsioon\\\/ainekavad\\\/9-klass\\\/\"]}]},{\"@type\":\"BreadcrumbList\",\"@id\":\"https:\\\/\\\/www.peetri.edu.ee\\\/pohikool\\\/meie-kool\\\/dokumentatsioon\\\/ainekavad\\\/9-klass\\\/#breadcrumb\",\"itemListElement\":[{\"@type\":\"ListItem\",\"position\":1,\"name\":\"Home\",\"item\":\"https:\\\/\\\/www.peetri.edu.ee\\\/pohikool\\\/\"},{\"@type\":\"ListItem\",\"position\":2,\"name\":\"Meie kool\",\"item\":\"https:\\\/\\\/www.peetri.edu.ee\\\/pohikool\\\/\"},{\"@type\":\"ListItem\",\"position\":3,\"name\":\"Dokumentatsioon\",\"item\":\"https:\\\/\\\/www.peetri.edu.ee\\\/pohikool\\\/meie-kool\\\/dokumentatsioon\\\/\"},{\"@type\":\"ListItem\",\"position\":4,\"name\":\"Ainekavad\",\"item\":\"https:\\\/\\\/www.peetri.edu.ee\\\/pohikool\\\/meie-kool\\\/dokumentatsioon\\\/ainekavad\\\/\"},{\"@type\":\"ListItem\",\"position\":5,\"name\":\"9. klass\"}]},{\"@type\":\"WebSite\",\"@id\":\"https:\\\/\\\/www.peetri.edu.ee\\\/pohikool\\\/#website\",\"url\":\"https:\\\/\\\/www.peetri.edu.ee\\\/pohikool\\\/\",\"name\":\"Peetri P\u00f5hikool\",\"description\":\"Igas inimeses on p\u00e4ike, laskem tal s\u00e4rada\",\"potentialAction\":[{\"@type\":\"SearchAction\",\"target\":{\"@type\":\"EntryPoint\",\"urlTemplate\":\"https:\\\/\\\/www.peetri.edu.ee\\\/pohikool\\\/?s={search_term_string}\"},\"query-input\":{\"@type\":\"PropertyValueSpecification\",\"valueRequired\":true,\"valueName\":\"search_term_string\"}}],\"inLanguage\":\"et\"}]}<\/script>\n<!-- \/ Yoast SEO plugin. -->","yoast_head_json":{"title":"9. klass - Peetri P\u00f5hikool","robots":{"index":"index","follow":"follow","max-snippet":"max-snippet:-1","max-image-preview":"max-image-preview:large","max-video-preview":"max-video-preview:-1"},"canonical":"https:\/\/www.peetri.edu.ee\/pohikool\/meie-kool\/dokumentatsioon\/ainekavad\/9-klass\/","og_locale":"et_EE","og_type":"article","og_title":"9. klass - Peetri P\u00f5hikool","og_description":"A-keel Ajalugu B-keel Bioloogia Eesti keel F\u00fc\u00fcsika Geograafia Ideest teostuseni Inimene ja \u00fchiskond Keemia Kirjandus Kunst Liikumine ja tants Matemaatika...","og_url":"https:\/\/www.peetri.edu.ee\/pohikool\/meie-kool\/dokumentatsioon\/ainekavad\/9-klass\/","og_site_name":"Peetri P\u00f5hikool","article_modified_time":"2025-12-18T13:08:22+00:00","twitter_card":"summary_large_image","twitter_misc":{"Est. reading time":"1 minut"},"schema":{"@context":"https:\/\/schema.org","@graph":[{"@type":"WebPage","@id":"https:\/\/www.peetri.edu.ee\/pohikool\/meie-kool\/dokumentatsioon\/ainekavad\/9-klass\/","url":"https:\/\/www.peetri.edu.ee\/pohikool\/meie-kool\/dokumentatsioon\/ainekavad\/9-klass\/","name":"9. klass - Peetri P\u00f5hikool","isPartOf":{"@id":"https:\/\/www.peetri.edu.ee\/pohikool\/#website"},"datePublished":"2021-01-18T07:05:02+00:00","dateModified":"2025-12-18T13:08:22+00:00","breadcrumb":{"@id":"https:\/\/www.peetri.edu.ee\/pohikool\/meie-kool\/dokumentatsioon\/ainekavad\/9-klass\/#breadcrumb"},"inLanguage":"et","potentialAction":[{"@type":"ReadAction","target":["https:\/\/www.peetri.edu.ee\/pohikool\/meie-kool\/dokumentatsioon\/ainekavad\/9-klass\/"]}]},{"@type":"BreadcrumbList","@id":"https:\/\/www.peetri.edu.ee\/pohikool\/meie-kool\/dokumentatsioon\/ainekavad\/9-klass\/#breadcrumb","itemListElement":[{"@type":"ListItem","position":1,"name":"Home","item":"https:\/\/www.peetri.edu.ee\/pohikool\/"},{"@type":"ListItem","position":2,"name":"Meie kool","item":"https:\/\/www.peetri.edu.ee\/pohikool\/"},{"@type":"ListItem","position":3,"name":"Dokumentatsioon","item":"https:\/\/www.peetri.edu.ee\/pohikool\/meie-kool\/dokumentatsioon\/"},{"@type":"ListItem","position":4,"name":"Ainekavad","item":"https:\/\/www.peetri.edu.ee\/pohikool\/meie-kool\/dokumentatsioon\/ainekavad\/"},{"@type":"ListItem","position":5,"name":"9. klass"}]},{"@type":"WebSite","@id":"https:\/\/www.peetri.edu.ee\/pohikool\/#website","url":"https:\/\/www.peetri.edu.ee\/pohikool\/","name":"Peetri P\u00f5hikool","description":"Igas inimeses on p\u00e4ike, laskem tal s\u00e4rada","potentialAction":[{"@type":"SearchAction","target":{"@type":"EntryPoint","urlTemplate":"https:\/\/www.peetri.edu.ee\/pohikool\/?s={search_term_string}"},"query-input":{"@type":"PropertyValueSpecification","valueRequired":true,"valueName":"search_term_string"}}],"inLanguage":"et"}]}},"acf":[],"_links":{"self":[{"href":"https:\/\/www.peetri.edu.ee\/pohikool\/wp-json\/wp\/v2\/pages\/5082","targetHints":{"allow":["GET"]}}],"collection":[{"href":"https:\/\/www.peetri.edu.ee\/pohikool\/wp-json\/wp\/v2\/pages"}],"about":[{"href":"https:\/\/www.peetri.edu.ee\/pohikool\/wp-json\/wp\/v2\/types\/page"}],"author":[{"embeddable":true,"href":"https:\/\/www.peetri.edu.ee\/pohikool\/wp-json\/wp\/v2\/users\/1"}],"replies":[{"embeddable":true,"href":"https:\/\/www.peetri.edu.ee\/pohikool\/wp-json\/wp\/v2\/comments?post=5082"}],"version-history":[{"count":5,"href":"https:\/\/www.peetri.edu.ee\/pohikool\/wp-json\/wp\/v2\/pages\/5082\/revisions"}],"predecessor-version":[{"id":13527,"href":"https:\/\/www.peetri.edu.ee\/pohikool\/wp-json\/wp\/v2\/pages\/5082\/revisions\/13527"}],"up":[{"embeddable":true,"href":"https:\/\/www.peetri.edu.ee\/pohikool\/wp-json\/wp\/v2\/pages\/263"}],"wp:attachment":[{"href":"https:\/\/www.peetri.edu.ee\/pohikool\/wp-json\/wp\/v2\/media?parent=5082"}],"curies":[{"name":"wp","href":"https:\/\/api.w.org\/{rel}","templated":true}]}}