{"id":5074,"date":"2021-01-18T09:03:59","date_gmt":"2021-01-18T07:03:59","guid":{"rendered":"https:\/\/www.peetri.edu.ee\/pohikool\/?page_id=5074"},"modified":"2025-12-18T15:06:20","modified_gmt":"2025-12-18T13:06:20","slug":"5-klass","status":"publish","type":"page","link":"https:\/\/www.peetri.edu.ee\/pohikool\/meie-kool\/dokumentatsioon\/ainekavad\/5-klass\/","title":{"rendered":"5. klass"},"content":{"rendered":"<p><a href=\"https:\/\/drive.google.com\/file\/d\/1oZ3EGAJIKa5rC01bTKO5ZDkFEEKEGG6u\/view?usp=sharing\">A-keel<\/a><\/p>\n<p><a href=\"https:\/\/drive.google.com\/file\/d\/1ecIXm1VslBO1vvZRJkWrwUtZJSrvKtIZ\/view?usp=sharing\">Ajalugu<\/a><\/p>\n<p><a href=\"https:\/\/drive.google.com\/file\/d\/1E8xClPNAdyZjfe8I1rPMq7O1wKP8EZzZ\/view?usp=sharing\">B-keel<\/a><\/p>\n<p><a href=\"https:\/\/drive.google.com\/file\/d\/1Wk43_mdf1lVvzfMz50whyN2Qb-CT0nU0\/view?usp=sharing\">Eesti keel<\/a><\/p>\n<p><a href=\"https:\/\/drive.google.com\/file\/d\/17cPRj6L3MiYBjgXyYaFG0fWAtYksoQPF\/view?usp=sharing\">Ideest teostuseni<\/a><\/p>\n<p><a href=\"https:\/\/drive.google.com\/file\/d\/1cr45qh1dkEJL497n8T0r-HDScpObS-ht\/view?usp=sharing\">Inimene ja \u00fchiskond<\/a><\/p>\n<p><a href=\"https:\/\/drive.google.com\/file\/d\/14e4hFejoMCtTBht9T8PVQPT0ndUWG_Fm\/view?usp=sharing\">Loodus\u00f5petus<\/a><\/p>\n<p><a href=\"https:\/\/drive.google.com\/file\/d\/1HKfYtxLJokwaUWyNpvr-71NVoTKjR0BZ\/view?usp=sharing\">Kirjandus<\/a><\/p>\n<p><a href=\"https:\/\/drive.google.com\/file\/d\/175jQxfRzvUBn659KhKBWgNr1aTeAPli_\/view?usp=sharing\">Kunst<\/a><\/p>\n<p><a href=\"https:\/\/www.peetri.edu.ee\/pohikool\/wp-content\/uploads\/sites\/3\/2025\/12\/Liikumine-ja-tants-II-kooliaste.pdf\">Liikumine ja tants<\/a><\/p>\n<p><a href=\"https:\/\/drive.google.com\/file\/d\/1bhdMZjOTELeXFYJy1do1_v-G1MreHLBR\/view?usp=sharing\">Matemaatika<\/a><\/p>\n<p><a href=\"https:\/\/drive.google.com\/file\/d\/1B18KGGWS5BVadHHx3MdwNxtLGt4x5Mhd\/view?usp=sharing\">Muusika<\/a><\/p>\n<p><a href=\"https:\/\/drive.google.com\/file\/d\/1KG6GNmwCVzvmYzRy2Ep6A6YxlwbriZ5T\/view?usp=sharing\">Valikaine (digi)<\/a><\/p>\n<p><a href=\"https:\/\/drive.google.com\/file\/d\/1DA1rNrjErrkrwQPrg3SpvD2ocRp4JpSU\/view?usp=sharing\">Valikaine (draama)<\/a><\/p>\n\n","protected":false},"excerpt":{"rendered":"<p>A-keel Ajalugu B-keel Eesti keel Ideest teostuseni Inimene ja \u00fchiskond Loodus\u00f5petus Kirjandus Kunst Liikumine ja tants Matemaatika Muusika Valikaine (digi)&#8230;<\/p>\n","protected":false},"author":1,"featured_media":0,"parent":263,"menu_order":0,"comment_status":"closed","ping_status":"closed","template":"","meta":{"_acf_changed":false,"footnotes":""},"class_list":["post-5074","page","type-page","status-publish","hentry"],"yoast_head":"<!-- This site is optimized with the Yoast SEO plugin v27.2 - https:\/\/yoast.com\/product\/yoast-seo-wordpress\/ -->\n<title>5. klass - Peetri P\u00f5hikool<\/title>\n<meta name=\"robots\" content=\"index, follow, max-snippet:-1, max-image-preview:large, max-video-preview:-1\" \/>\n<link rel=\"canonical\" href=\"https:\/\/www.peetri.edu.ee\/pohikool\/meie-kool\/dokumentatsioon\/ainekavad\/5-klass\/\" \/>\n<meta property=\"og:locale\" content=\"et_EE\" \/>\n<meta property=\"og:type\" content=\"article\" \/>\n<meta property=\"og:title\" content=\"5. klass - Peetri P\u00f5hikool\" \/>\n<meta property=\"og:description\" content=\"A-keel Ajalugu B-keel Eesti keel Ideest teostuseni Inimene ja \u00fchiskond Loodus\u00f5petus Kirjandus Kunst Liikumine ja tants Matemaatika Muusika Valikaine (digi)...\" \/>\n<meta property=\"og:url\" content=\"https:\/\/www.peetri.edu.ee\/pohikool\/meie-kool\/dokumentatsioon\/ainekavad\/5-klass\/\" \/>\n<meta property=\"og:site_name\" content=\"Peetri P\u00f5hikool\" \/>\n<meta property=\"article:modified_time\" content=\"2025-12-18T13:06:20+00:00\" \/>\n<meta name=\"twitter:card\" content=\"summary_large_image\" \/>\n<meta name=\"twitter:label1\" content=\"Est. reading time\" \/>\n\t<meta name=\"twitter:data1\" content=\"1 minut\" \/>\n<script type=\"application\/ld+json\" class=\"yoast-schema-graph\">{\"@context\":\"https:\/\/schema.org\",\"@graph\":[{\"@type\":\"WebPage\",\"@id\":\"https:\/\/www.peetri.edu.ee\/pohikool\/meie-kool\/dokumentatsioon\/ainekavad\/5-klass\/\",\"url\":\"https:\/\/www.peetri.edu.ee\/pohikool\/meie-kool\/dokumentatsioon\/ainekavad\/5-klass\/\",\"name\":\"5. klass - Peetri P\u00f5hikool\",\"isPartOf\":{\"@id\":\"https:\/\/www.peetri.edu.ee\/pohikool\/#website\"},\"datePublished\":\"2021-01-18T07:03:59+00:00\",\"dateModified\":\"2025-12-18T13:06:20+00:00\",\"breadcrumb\":{\"@id\":\"https:\/\/www.peetri.edu.ee\/pohikool\/meie-kool\/dokumentatsioon\/ainekavad\/5-klass\/#breadcrumb\"},\"inLanguage\":\"et\",\"potentialAction\":[{\"@type\":\"ReadAction\",\"target\":[\"https:\/\/www.peetri.edu.ee\/pohikool\/meie-kool\/dokumentatsioon\/ainekavad\/5-klass\/\"]}]},{\"@type\":\"BreadcrumbList\",\"@id\":\"https:\/\/www.peetri.edu.ee\/pohikool\/meie-kool\/dokumentatsioon\/ainekavad\/5-klass\/#breadcrumb\",\"itemListElement\":[{\"@type\":\"ListItem\",\"position\":1,\"name\":\"Home\",\"item\":\"https:\/\/www.peetri.edu.ee\/pohikool\/\"},{\"@type\":\"ListItem\",\"position\":2,\"name\":\"Meie kool\",\"item\":\"https:\/\/www.peetri.edu.ee\/pohikool\/\"},{\"@type\":\"ListItem\",\"position\":3,\"name\":\"Dokumentatsioon\",\"item\":\"https:\/\/www.peetri.edu.ee\/pohikool\/meie-kool\/dokumentatsioon\/\"},{\"@type\":\"ListItem\",\"position\":4,\"name\":\"Ainekavad\",\"item\":\"https:\/\/www.peetri.edu.ee\/pohikool\/meie-kool\/dokumentatsioon\/ainekavad\/\"},{\"@type\":\"ListItem\",\"position\":5,\"name\":\"5. klass\"}]},{\"@type\":\"WebSite\",\"@id\":\"https:\/\/www.peetri.edu.ee\/pohikool\/#website\",\"url\":\"https:\/\/www.peetri.edu.ee\/pohikool\/\",\"name\":\"Peetri P\u00f5hikool\",\"description\":\"Igas inimeses on p\u00e4ike, laskem tal s\u00e4rada\",\"potentialAction\":[{\"@type\":\"SearchAction\",\"target\":{\"@type\":\"EntryPoint\",\"urlTemplate\":\"https:\/\/www.peetri.edu.ee\/pohikool\/?s={search_term_string}\"},\"query-input\":{\"@type\":\"PropertyValueSpecification\",\"valueRequired\":true,\"valueName\":\"search_term_string\"}}],\"inLanguage\":\"et\"}]}<\/script>\n<!-- \/ Yoast SEO plugin. -->","yoast_head_json":{"title":"5. klass - Peetri P\u00f5hikool","robots":{"index":"index","follow":"follow","max-snippet":"max-snippet:-1","max-image-preview":"max-image-preview:large","max-video-preview":"max-video-preview:-1"},"canonical":"https:\/\/www.peetri.edu.ee\/pohikool\/meie-kool\/dokumentatsioon\/ainekavad\/5-klass\/","og_locale":"et_EE","og_type":"article","og_title":"5. klass - Peetri P\u00f5hikool","og_description":"A-keel Ajalugu B-keel Eesti keel Ideest teostuseni Inimene ja \u00fchiskond Loodus\u00f5petus Kirjandus Kunst Liikumine ja tants Matemaatika Muusika Valikaine (digi)...","og_url":"https:\/\/www.peetri.edu.ee\/pohikool\/meie-kool\/dokumentatsioon\/ainekavad\/5-klass\/","og_site_name":"Peetri P\u00f5hikool","article_modified_time":"2025-12-18T13:06:20+00:00","twitter_card":"summary_large_image","twitter_misc":{"Est. reading time":"1 minut"},"schema":{"@context":"https:\/\/schema.org","@graph":[{"@type":"WebPage","@id":"https:\/\/www.peetri.edu.ee\/pohikool\/meie-kool\/dokumentatsioon\/ainekavad\/5-klass\/","url":"https:\/\/www.peetri.edu.ee\/pohikool\/meie-kool\/dokumentatsioon\/ainekavad\/5-klass\/","name":"5. klass - Peetri P\u00f5hikool","isPartOf":{"@id":"https:\/\/www.peetri.edu.ee\/pohikool\/#website"},"datePublished":"2021-01-18T07:03:59+00:00","dateModified":"2025-12-18T13:06:20+00:00","breadcrumb":{"@id":"https:\/\/www.peetri.edu.ee\/pohikool\/meie-kool\/dokumentatsioon\/ainekavad\/5-klass\/#breadcrumb"},"inLanguage":"et","potentialAction":[{"@type":"ReadAction","target":["https:\/\/www.peetri.edu.ee\/pohikool\/meie-kool\/dokumentatsioon\/ainekavad\/5-klass\/"]}]},{"@type":"BreadcrumbList","@id":"https:\/\/www.peetri.edu.ee\/pohikool\/meie-kool\/dokumentatsioon\/ainekavad\/5-klass\/#breadcrumb","itemListElement":[{"@type":"ListItem","position":1,"name":"Home","item":"https:\/\/www.peetri.edu.ee\/pohikool\/"},{"@type":"ListItem","position":2,"name":"Meie kool","item":"https:\/\/www.peetri.edu.ee\/pohikool\/"},{"@type":"ListItem","position":3,"name":"Dokumentatsioon","item":"https:\/\/www.peetri.edu.ee\/pohikool\/meie-kool\/dokumentatsioon\/"},{"@type":"ListItem","position":4,"name":"Ainekavad","item":"https:\/\/www.peetri.edu.ee\/pohikool\/meie-kool\/dokumentatsioon\/ainekavad\/"},{"@type":"ListItem","position":5,"name":"5. klass"}]},{"@type":"WebSite","@id":"https:\/\/www.peetri.edu.ee\/pohikool\/#website","url":"https:\/\/www.peetri.edu.ee\/pohikool\/","name":"Peetri P\u00f5hikool","description":"Igas inimeses on p\u00e4ike, laskem tal s\u00e4rada","potentialAction":[{"@type":"SearchAction","target":{"@type":"EntryPoint","urlTemplate":"https:\/\/www.peetri.edu.ee\/pohikool\/?s={search_term_string}"},"query-input":{"@type":"PropertyValueSpecification","valueRequired":true,"valueName":"search_term_string"}}],"inLanguage":"et"}]}},"acf":[],"_links":{"self":[{"href":"https:\/\/www.peetri.edu.ee\/pohikool\/wp-json\/wp\/v2\/pages\/5074","targetHints":{"allow":["GET"]}}],"collection":[{"href":"https:\/\/www.peetri.edu.ee\/pohikool\/wp-json\/wp\/v2\/pages"}],"about":[{"href":"https:\/\/www.peetri.edu.ee\/pohikool\/wp-json\/wp\/v2\/types\/page"}],"author":[{"embeddable":true,"href":"https:\/\/www.peetri.edu.ee\/pohikool\/wp-json\/wp\/v2\/users\/1"}],"replies":[{"embeddable":true,"href":"https:\/\/www.peetri.edu.ee\/pohikool\/wp-json\/wp\/v2\/comments?post=5074"}],"version-history":[{"count":5,"href":"https:\/\/www.peetri.edu.ee\/pohikool\/wp-json\/wp\/v2\/pages\/5074\/revisions"}],"predecessor-version":[{"id":13523,"href":"https:\/\/www.peetri.edu.ee\/pohikool\/wp-json\/wp\/v2\/pages\/5074\/revisions\/13523"}],"up":[{"embeddable":true,"href":"https:\/\/www.peetri.edu.ee\/pohikool\/wp-json\/wp\/v2\/pages\/263"}],"wp:attachment":[{"href":"https:\/\/www.peetri.edu.ee\/pohikool\/wp-json\/wp\/v2\/media?parent=5074"}],"curies":[{"name":"wp","href":"https:\/\/api.w.org\/{rel}","templated":true}]}}