{"id":5066,"date":"2021-01-18T08:59:06","date_gmt":"2021-01-18T06:59:06","guid":{"rendered":"https:\/\/www.peetri.edu.ee\/pohikool\/?page_id=5066"},"modified":"2025-12-18T15:04:28","modified_gmt":"2025-12-18T13:04:28","slug":"1-klass","status":"publish","type":"page","link":"https:\/\/www.peetri.edu.ee\/pohikool\/meie-kool\/dokumentatsioon\/ainekavad\/1-klass\/","title":{"rendered":"1. klass"},"content":{"rendered":"<p><a href=\"https:\/\/drive.google.com\/file\/d\/17heB37fjMePtGNXTZIJwMxbxI102iRtd\/view?usp=sharing\">Eesti keel<\/a><\/p>\n<p><a href=\"https:\/\/drive.google.com\/file\/d\/1iRmf3-1iCreYHXMCOwxNtyLSQcSyVu4-\/view?usp=sharing\">Inimene ja loodus<\/a><\/p>\n<p><a href=\"https:\/\/drive.google.com\/file\/d\/1DEERv97idpXhZuKjSeNDOI7VUwqxPTxL\/view?usp=sharing\">K\u00e4eline tegevus<\/a><\/p>\n<p><a href=\"https:\/\/www.peetri.edu.ee\/pohikool\/wp-content\/uploads\/sites\/3\/2025\/12\/Liikumine-ja-tants-I-kooliaste.pdf\">Liikumine ja tants<\/a><\/p>\n<p><a href=\"https:\/\/drive.google.com\/file\/d\/1AW6sw8O-KTHj21BxyTaY6ZJWIBR14Jri\/view?usp=sharing\">Matemaatika<\/a><\/p>\n<p><a href=\"https:\/\/drive.google.com\/file\/d\/1SMqKetrg3Sahx_DlvxdtkgrG9Q_O0BwL\/view?usp=sharing\">Muusika<\/a><\/p>\n<p><a href=\"https:\/\/drive.google.com\/file\/d\/1wt1pNjB3O3oJru3xQZ6ak50AFXcAnSAD\/view?usp=sharing\">Valikaine (draama)<\/a><\/p>\n","protected":false},"excerpt":{"rendered":"<p>Eesti keel Inimene ja loodus K\u00e4eline tegevus Liikumine ja tants Matemaatika Muusika Valikaine (draama)<\/p>\n","protected":false},"author":1,"featured_media":0,"parent":263,"menu_order":0,"comment_status":"closed","ping_status":"closed","template":"","meta":{"_acf_changed":false,"footnotes":""},"class_list":["post-5066","page","type-page","status-publish","hentry"],"yoast_head":"<!-- This site is optimized with the Yoast SEO plugin v27.5 - https:\/\/yoast.com\/product\/yoast-seo-wordpress\/ -->\n<title>1. klass - Peetri P\u00f5hikool<\/title>\n<meta name=\"robots\" content=\"index, follow, max-snippet:-1, max-image-preview:large, max-video-preview:-1\" \/>\n<link rel=\"canonical\" href=\"https:\/\/www.peetri.edu.ee\/pohikool\/meie-kool\/dokumentatsioon\/ainekavad\/1-klass\/\" \/>\n<meta property=\"og:locale\" content=\"et_EE\" \/>\n<meta property=\"og:type\" content=\"article\" \/>\n<meta property=\"og:title\" content=\"1. klass - Peetri P\u00f5hikool\" \/>\n<meta property=\"og:description\" content=\"Eesti keel Inimene ja loodus K\u00e4eline tegevus Liikumine ja tants Matemaatika Muusika Valikaine (draama)\" \/>\n<meta property=\"og:url\" content=\"https:\/\/www.peetri.edu.ee\/pohikool\/meie-kool\/dokumentatsioon\/ainekavad\/1-klass\/\" \/>\n<meta property=\"og:site_name\" content=\"Peetri P\u00f5hikool\" \/>\n<meta property=\"article:modified_time\" content=\"2025-12-18T13:04:28+00:00\" \/>\n<meta name=\"twitter:card\" content=\"summary_large_image\" \/>\n<meta name=\"twitter:label1\" content=\"Est. reading time\" \/>\n\t<meta name=\"twitter:data1\" content=\"1 minut\" \/>\n<script type=\"application\/ld+json\" class=\"yoast-schema-graph\">{\"@context\":\"https:\\\/\\\/schema.org\",\"@graph\":[{\"@type\":\"WebPage\",\"@id\":\"https:\\\/\\\/www.peetri.edu.ee\\\/pohikool\\\/meie-kool\\\/dokumentatsioon\\\/ainekavad\\\/1-klass\\\/\",\"url\":\"https:\\\/\\\/www.peetri.edu.ee\\\/pohikool\\\/meie-kool\\\/dokumentatsioon\\\/ainekavad\\\/1-klass\\\/\",\"name\":\"1. klass - Peetri P\u00f5hikool\",\"isPartOf\":{\"@id\":\"https:\\\/\\\/www.peetri.edu.ee\\\/pohikool\\\/#website\"},\"datePublished\":\"2021-01-18T06:59:06+00:00\",\"dateModified\":\"2025-12-18T13:04:28+00:00\",\"breadcrumb\":{\"@id\":\"https:\\\/\\\/www.peetri.edu.ee\\\/pohikool\\\/meie-kool\\\/dokumentatsioon\\\/ainekavad\\\/1-klass\\\/#breadcrumb\"},\"inLanguage\":\"et\",\"potentialAction\":[{\"@type\":\"ReadAction\",\"target\":[\"https:\\\/\\\/www.peetri.edu.ee\\\/pohikool\\\/meie-kool\\\/dokumentatsioon\\\/ainekavad\\\/1-klass\\\/\"]}]},{\"@type\":\"BreadcrumbList\",\"@id\":\"https:\\\/\\\/www.peetri.edu.ee\\\/pohikool\\\/meie-kool\\\/dokumentatsioon\\\/ainekavad\\\/1-klass\\\/#breadcrumb\",\"itemListElement\":[{\"@type\":\"ListItem\",\"position\":1,\"name\":\"Home\",\"item\":\"https:\\\/\\\/www.peetri.edu.ee\\\/pohikool\\\/\"},{\"@type\":\"ListItem\",\"position\":2,\"name\":\"Meie kool\",\"item\":\"https:\\\/\\\/www.peetri.edu.ee\\\/pohikool\\\/\"},{\"@type\":\"ListItem\",\"position\":3,\"name\":\"Dokumentatsioon\",\"item\":\"https:\\\/\\\/www.peetri.edu.ee\\\/pohikool\\\/meie-kool\\\/dokumentatsioon\\\/\"},{\"@type\":\"ListItem\",\"position\":4,\"name\":\"Ainekavad\",\"item\":\"https:\\\/\\\/www.peetri.edu.ee\\\/pohikool\\\/meie-kool\\\/dokumentatsioon\\\/ainekavad\\\/\"},{\"@type\":\"ListItem\",\"position\":5,\"name\":\"1. klass\"}]},{\"@type\":\"WebSite\",\"@id\":\"https:\\\/\\\/www.peetri.edu.ee\\\/pohikool\\\/#website\",\"url\":\"https:\\\/\\\/www.peetri.edu.ee\\\/pohikool\\\/\",\"name\":\"Peetri P\u00f5hikool\",\"description\":\"Igas inimeses on p\u00e4ike, laskem tal s\u00e4rada\",\"potentialAction\":[{\"@type\":\"SearchAction\",\"target\":{\"@type\":\"EntryPoint\",\"urlTemplate\":\"https:\\\/\\\/www.peetri.edu.ee\\\/pohikool\\\/?s={search_term_string}\"},\"query-input\":{\"@type\":\"PropertyValueSpecification\",\"valueRequired\":true,\"valueName\":\"search_term_string\"}}],\"inLanguage\":\"et\"}]}<\/script>\n<!-- \/ Yoast SEO plugin. -->","yoast_head_json":{"title":"1. klass - Peetri P\u00f5hikool","robots":{"index":"index","follow":"follow","max-snippet":"max-snippet:-1","max-image-preview":"max-image-preview:large","max-video-preview":"max-video-preview:-1"},"canonical":"https:\/\/www.peetri.edu.ee\/pohikool\/meie-kool\/dokumentatsioon\/ainekavad\/1-klass\/","og_locale":"et_EE","og_type":"article","og_title":"1. klass - Peetri P\u00f5hikool","og_description":"Eesti keel Inimene ja loodus K\u00e4eline tegevus Liikumine ja tants Matemaatika Muusika Valikaine (draama)","og_url":"https:\/\/www.peetri.edu.ee\/pohikool\/meie-kool\/dokumentatsioon\/ainekavad\/1-klass\/","og_site_name":"Peetri P\u00f5hikool","article_modified_time":"2025-12-18T13:04:28+00:00","twitter_card":"summary_large_image","twitter_misc":{"Est. reading time":"1 minut"},"schema":{"@context":"https:\/\/schema.org","@graph":[{"@type":"WebPage","@id":"https:\/\/www.peetri.edu.ee\/pohikool\/meie-kool\/dokumentatsioon\/ainekavad\/1-klass\/","url":"https:\/\/www.peetri.edu.ee\/pohikool\/meie-kool\/dokumentatsioon\/ainekavad\/1-klass\/","name":"1. klass - Peetri P\u00f5hikool","isPartOf":{"@id":"https:\/\/www.peetri.edu.ee\/pohikool\/#website"},"datePublished":"2021-01-18T06:59:06+00:00","dateModified":"2025-12-18T13:04:28+00:00","breadcrumb":{"@id":"https:\/\/www.peetri.edu.ee\/pohikool\/meie-kool\/dokumentatsioon\/ainekavad\/1-klass\/#breadcrumb"},"inLanguage":"et","potentialAction":[{"@type":"ReadAction","target":["https:\/\/www.peetri.edu.ee\/pohikool\/meie-kool\/dokumentatsioon\/ainekavad\/1-klass\/"]}]},{"@type":"BreadcrumbList","@id":"https:\/\/www.peetri.edu.ee\/pohikool\/meie-kool\/dokumentatsioon\/ainekavad\/1-klass\/#breadcrumb","itemListElement":[{"@type":"ListItem","position":1,"name":"Home","item":"https:\/\/www.peetri.edu.ee\/pohikool\/"},{"@type":"ListItem","position":2,"name":"Meie kool","item":"https:\/\/www.peetri.edu.ee\/pohikool\/"},{"@type":"ListItem","position":3,"name":"Dokumentatsioon","item":"https:\/\/www.peetri.edu.ee\/pohikool\/meie-kool\/dokumentatsioon\/"},{"@type":"ListItem","position":4,"name":"Ainekavad","item":"https:\/\/www.peetri.edu.ee\/pohikool\/meie-kool\/dokumentatsioon\/ainekavad\/"},{"@type":"ListItem","position":5,"name":"1. klass"}]},{"@type":"WebSite","@id":"https:\/\/www.peetri.edu.ee\/pohikool\/#website","url":"https:\/\/www.peetri.edu.ee\/pohikool\/","name":"Peetri P\u00f5hikool","description":"Igas inimeses on p\u00e4ike, laskem tal s\u00e4rada","potentialAction":[{"@type":"SearchAction","target":{"@type":"EntryPoint","urlTemplate":"https:\/\/www.peetri.edu.ee\/pohikool\/?s={search_term_string}"},"query-input":{"@type":"PropertyValueSpecification","valueRequired":true,"valueName":"search_term_string"}}],"inLanguage":"et"}]}},"acf":[],"_links":{"self":[{"href":"https:\/\/www.peetri.edu.ee\/pohikool\/wp-json\/wp\/v2\/pages\/5066","targetHints":{"allow":["GET"]}}],"collection":[{"href":"https:\/\/www.peetri.edu.ee\/pohikool\/wp-json\/wp\/v2\/pages"}],"about":[{"href":"https:\/\/www.peetri.edu.ee\/pohikool\/wp-json\/wp\/v2\/types\/page"}],"author":[{"embeddable":true,"href":"https:\/\/www.peetri.edu.ee\/pohikool\/wp-json\/wp\/v2\/users\/1"}],"replies":[{"embeddable":true,"href":"https:\/\/www.peetri.edu.ee\/pohikool\/wp-json\/wp\/v2\/comments?post=5066"}],"version-history":[{"count":5,"href":"https:\/\/www.peetri.edu.ee\/pohikool\/wp-json\/wp\/v2\/pages\/5066\/revisions"}],"predecessor-version":[{"id":13519,"href":"https:\/\/www.peetri.edu.ee\/pohikool\/wp-json\/wp\/v2\/pages\/5066\/revisions\/13519"}],"up":[{"embeddable":true,"href":"https:\/\/www.peetri.edu.ee\/pohikool\/wp-json\/wp\/v2\/pages\/263"}],"wp:attachment":[{"href":"https:\/\/www.peetri.edu.ee\/pohikool\/wp-json\/wp\/v2\/media?parent=5066"}],"curies":[{"name":"wp","href":"https:\/\/api.w.org\/{rel}","templated":true}]}}