{"id":4355,"date":"2020-03-10T09:51:01","date_gmt":"2020-03-10T07:51:01","guid":{"rendered":"https:\/\/www.peetri.edu.ee\/pohikool\/?page_id=4355"},"modified":"2024-12-03T08:41:00","modified_gmt":"2024-12-03T06:41:00","slug":"20182019-2","status":"publish","type":"page","link":"https:\/\/www.peetri.edu.ee\/pohikool\/20182019-2\/","title":{"rendered":"2018\/2019"},"content":{"rendered":"<h3>KOOLI ESINDAMINE 2018\/2019 \u00f5ppeaastal<\/h3>\n<h3>Peetri kooli \u00f5pilased osalesid jaanuarikuus j\u00e4rgnevatel ol\u00fcmpiaadidel:<\/h3>\n<ul>\n<li><strong>F\u00fc\u00fcsika<\/strong><\/li>\n<\/ul>\n<div dir=\"auto\">\n<p>\u00a0 \u00a0 \u00a0 \u00a0 \u00a041 osalejat: Mirko Meerits 7.\u00a0koht, Albert Kostusev 11.\u00a0koht.<\/p>\n<\/div>\n<ul>\n<li><strong>Keemia<\/strong><\/li>\n<\/ul>\n<div dir=\"auto\">\u00a0 \u00a0 \u00a0 \u00a0 \u00a08.\u00a0klassid 53 osalejat: Joosep Roots 13.\u00a0koht, Sander P\u00f5ldma 20.\u00a0koht,\u00a0Kristian Tamm\u00a032.\u00a0koht;<\/div>\n<div dir=\"auto\">\n<p>\u00a0 \u00a0 \u00a0 \u00a0 \u00a09.\u00a0klassid 52 osalejat: Mirko Meerits 7.\u00a0koht, Carmel Uibopuu 27.\u00a0koht, Birgit Hallikivi 41.\u00a0koht.<\/p>\n<\/div>\n<ul>\n<li><strong>Emakeel<\/strong><\/li>\n<\/ul>\n<div dir=\"auto\">\u00a0 \u00a0 \u00a0 \u00a0 \u00a07.-8.\u00a0klassid 106 osalejat: Marta Liisa Kaska 33.\u00a0koht, Kadi Karolin Pariis 39.\u00a0koht, Kadriann Kummer<\/div>\n<div dir=\"auto\">\u00a0 \u00a0 \u00a0 \u00a0 \u00a073.\u00a0koht, Eliise Helena Salum\u00e4e 79.\u00a0koht;<\/div>\n<div dir=\"auto\">\u00a0 \u00a0 \u00a0 \u00a0 \u00a09.-10.\u00a0klassid: 77 osalejat, Mirko Meerits 39.\u00a0koht, Robin Tukia 63.\u00a0koht.<\/div>\n<h3>2018.03.09 &#8211; Koolitants<\/h3>\n<p>9.m\u00e4rtsil vallutas Koolitants Viimsi koolimaja, kus lavale astusid Harju maakonna noored talendid. Koos oli \u00fcle 600 tantsija.<br \/>\nEripreemia S\u00c4RTSAKAS ESITUS, p\u00e4lvis Peetri P\u00f5hikooli 8.klass tantsu eest &#8220;Koolipidu.&#8221; Tantsu autor Merleen L\u00e4\u00e4nem\u00e4gi.<br \/>\nPeetri P\u00f5hikoolist osalesid Koolitantsu eelvoorus j\u00e4rgmised klassid: 7.b, 7.a, 3.b, 5.b, 5.a, 5.c, 6.b klass.<\/p>\n<p>Ait\u00e4h tantsu\u00f5petajale, ait\u00e4h tantsijatele!<br \/>\nPalju \u00f5nne eripreemia saajatele!<\/p>\n<h3>Peetri kooli \u00f5pilased Harjumaa koolidevahelisel kergej\u00f5ustiku v\u00f5istlusel<\/h3>\n<p>Peetri Kooli 22 \u00f5pilast k\u00e4is Harjumaa koolidevahelisel kergej\u00f5ustiku v\u00f5istlusel, kus saavutati P\u00f5hikoolide arvestuses I koht. Tooks siin kohas v\u00e4lja ka meie parimad tulemused: 8.-9. klassi poiste kaugush\u00fcpe Tony Ats Tamm I koht tulemusega 6.23, Kristjan Markus Eelmaa II koht 60 m jooks tulemusega 7,60; 6.-7. klass poisid 1000 m jooks III koht Gregor Epner tulemus 3.20,22; 6.-7. klass t\u00fcdrukud Edlin Lisbet Laur k\u00f5rgush\u00fcpe II koht tulemus 1.55; kuni 5. klassi poisid Marko Gustavson kaugush\u00fcpe I koht tulemus 4.48, Romet Reismann 60 m jooks I koht tulemus 8,92; Marko Gustavson 60 m jooks III koht tulemus 8,94; kuni 5. klassi t\u00fcdrukud Berit Guzas III koht k\u00f5rgus- ja kaugush\u00fcppes tulemused 1.30 ja 3.87.<\/p>\n<p>Peetri Kooli 24 liikmeline v\u00f5istkond saavutas I koha &#8220;T\u00e4helepanu, start!&#8221; Harjumaa alagrupi v\u00f5istlusel ja osaleb 6. aprillil Viljandis vabariiklikus poolfinaalis.<\/p>\n<p>4.-6. klasside v\u00f5rkpalli t\u00fcdrukud ja poisid saavutasid Harjumaa koolidevahelisel turniiril tublid 4. kohad.<\/p>\n<h3><a href=\"http:\/\/tarvastu.vil.ee\/uudised\/h-parsi-nim-v-animafestival-toi-kokku-multikategijaid-ule-eesti\/\">I koht animafestivalil<\/a><\/h3>\n<p><img loading=\"lazy\" decoding=\"async\" class=\"size-medium wp-image-1810 alignleft\" src=\"https:\/\/www.peetri.edu.ee\/pohikool\/wp-content\/uploads\/sites\/3\/2018\/02\/AnimaFest-0304-300x200.jpg\" alt=\"\" width=\"300\" height=\"200\" \/><\/p>\n<div>20. aprillil toimus viies\u00a0H.Parsi nim animafestival.\u00a0Festivali teemaks oli \u201cMeie Eesti\u201d.<\/div>\n<div>Kokku osales 73 animafilmi \u00fcle Eesti.<\/div>\n<div>Peetri\u00a0 kooli \u00f5pilaste tehtud film sai\u00a04.-6. klassi vanuser\u00fchmas\u00a0I koha.<\/div>\n<div><\/div>\n<div>Palju \u00f5nne v\u00f5itjatele!<\/div>\n<h3><\/h3>\n<h3><\/h3>\n<p>&nbsp;<\/p>\n<h3>Peetri Kooli \u00f5pilaste sportlikud tegemised<\/h3>\n<p><img loading=\"lazy\" decoding=\"async\" class=\"alignleft size-medium wp-image-3040\" src=\"https:\/\/www.peetri.edu.ee\/pohikool\/wp-content\/uploads\/sites\/3\/2019\/03\/IMG_4987-300x225.jpg\" alt=\"\" width=\"300\" height=\"225\" \/><\/p>\n<div><\/div>\n<div>Jaanuari l\u00f5pus toimus Peetri Koolis Harjumaa koolidevaheline pallilahingu v\u00f5istlus kus meie kuni 3. klassi \u00f5pilased nii poisid kui t\u00fcdrukud saavutasid m\u00f5lemad 3. koha.<\/div>\n<p>&nbsp;<\/p>\n<div>7. m\u00e4rtsil k\u00e4isid kuni 3. klassi \u00f5pilased Mr. Pritt minik\u00e4sipallim\u00e4ngudel Kehras, kus saavutati 7. koht.<\/div>\n<p>&nbsp;<\/p>\n<div>12. m\u00e4rtsil toimus Peetri Koolis \u201eT\u00e4helepanu, start!\u201c v\u00f5istlussarja Harjumaa alagrupiv\u00f5istlus. Osales 9 kooli ja Peetri Kooli 2.-5. klassi \u00f5pilased saavutasid teise koha, millega kindlustasid koha vabariiklikule poolfinaalv\u00f5istlusele Viljandis 5. aprillil.<\/div>\n<p>&nbsp;<\/p>\n<div>V\u00e4ga edukalt on esinenud meie kooli \u00f5pilased Eesti meistriv\u00f5istlustel sisekergej\u00f5ustikus, kus Kristjan Markus Eelmaa tuli Eesti meistriks U18 vanuseklassi 60 m jooksus. Samal v\u00f5istlusel tuli Mia Heleen Hermann U18 vanuseklassis Audentese t\u00fcdrukute v\u00f5istkonnaga 4&#215;200 m jooksus pronks medalile.<\/div>\n<h3><\/h3>\n<h4>\u00dchiskonna\u00f5petus 8.veebruar<\/h4>\n<p>Juhendaja Tiina Laanes<\/p>\n<ul>\n<li>6.kl Kristofer Stern 11.koht<\/li>\n<li>9.kl Carmen Helena Hallim\u00e4e<\/li>\n<\/ul>\n<h4>Matemaatika ol\u00fcmpiaad 8.m\u00e4rts<\/h4>\n<p>juhendajad \u00f5p Helen Pullinen, Marelle Lepik, Tuuli Ojasalu, Kristina Matejuk, Inga Rennit<\/p>\n<ul>\n<li>4.kl Henri Lehtsalu<\/li>\n<li>4.kl Tony Tristan Laurik<\/li>\n<li>4.kl M\u00e4rtn V\u00f5itra<\/li>\n<li>5.kl Elisabeth J\u00f5gi 5.-6.koht<\/li>\n<li>5.kl Alina Smirnova<\/li>\n<li>5.kl Laura Trumm<\/li>\n<li>6.kl Marianne Loogma<\/li>\n<li>6.kl Miia Liisa M\u00e4nnik<\/li>\n<\/ul>\n<h4>1. klasside kodukoha viktoriin 21.veebruar<\/h4>\n<ul>\n<li>1.D klass Sandra Pind, Marken Vesik, Annabel Soeson ja Lisete Noorkikas\u00a03. koht<\/li>\n<\/ul>\n<h4>Kunstiol\u00fcmpiaad 9.veebruar<\/h4>\n<p>juhendaja \u00f5p Regina Vildo<\/p>\n<ul>\n<li>9.kl Marta Kostusev 9.koht<\/li>\n<\/ul>\n<h4>Matemaatika ol\u00fcmpiaad 6.veebruar<\/h4>\n<p>juhendajad \u00f5p Tuuli Ojasalu, Piret Koppel<\/p>\n<ul>\n<li>7.kl Maarit Korolenko<\/li>\n<li>7.kl Tessa Lichtfeldt<\/li>\n<li>9.kl Lilian K\u00e4llo<\/li>\n<li>9.kl Kristian Tamm<\/li>\n<li>3. kl \u00f5pioskuste ainep\u00e4ev 7.veebruar<\/li>\n<li>3.kl v\u00f5istkond 74p\/100p<\/li>\n<\/ul>\n<h3>2018.01 &#8211;\u00a0<a href=\"https:\/\/drive.google.com\/drive\/folders\/1Y2yo-MoX6yr7LSbXoRv7w0s5gquZzBVG?usp=sharing\">Peetri kooli \u00f5pilased mitmetel spordiv\u00f5istlustel<\/a><\/h3>\n<div id=\"x_divRplyFwdMsg\" dir=\"ltr\">Jaanuaris osalesid Peetri kooli \u00f5pilased mitmetel spordiv\u00f5istlustel, allpool detailsem info tulemustest.<\/div>\n<div dir=\"ltr\">\n<div id=\"x_x_divtagdefaultwrapper\" dir=\"ltr\">\n<ul>\n<li>16. jaanuaril toimus Harjumaa TV-10 OS II etapp:\u00a0Marko Gustavson (5 D) v\u00f5itis\u00a01. koha 60 m t\u00f5kkejooksus ja 2. koha teivash\u00fcppes; Braien Perlmann (4 A)\u00a0 saavutas\u00a06. koha 60 m t\u00f5kkejooksus.<\/li>\n<li>Killu-Carol Tagamets (6 C) 3. koht 60 m t\u00f5kkejooksus.<\/li>\n<li>Romet Kaupmees (7 B) 4. koht 60 m t\u00f5kkejooksus; Joosep Bal\u00f5nski (7 B) 6. koht 60 m t\u00f5kkejooksus ja 6. koht k\u00f5rgush\u00fcppes.<\/li>\n<\/ul>\n<ul>\n<li>17. jaanuaril toimusid Harjumaa\u00a0Tallinna piirkonna MV saalijalgpallis: Peetri Kooli poisid saavutasid 5. koha.<\/li>\n<li>23. jaanuaril toimusid Harjumaa-Tallinna piirkonna MV pallilahingus 3. klassidele: Peetri kooli poisid saavutasid 1. koha ja t\u00fcdrukud 2. koha!!!<\/li>\n<\/ul>\n<p>Kiidame k\u00f5iki tublisid\u00a0osalejaid ja soovime edu uuteks\u00a0v\u00f5istlusteks!<\/p>\n<\/div>\n<\/div>\n<h4>Emakeele ol\u00fcmpiaad 31.jaanuar<\/h4>\n<p>juhendajad \u00f5p Merili Susi, K\u00fcllike Podnek<\/p>\n<ul>\n<li>7.kl Keit Koreinik<\/li>\n<li>8.kl Kadriann Kummer<\/li>\n<li>8.kl Sten Martin Kabrits<\/li>\n<li>9.kl Marta Kostusev 1.koht<\/li>\n<li>9.kl Rasmus Trei 9.koht<\/li>\n<li>9.kl Kadi-Karolin Pariis<\/li>\n<li>9.kl Marta Liisa Kaska<\/li>\n<\/ul>\n<h4>Nuputa v\u00f5istlus 31.jaanuar<\/h4>\n<ul>\n<li>5.-6.kl v\u00f5istkond 6.koht<\/li>\n<li>7.kl v\u00f5istkond 9.koht<\/li>\n<\/ul>\n<h4>Keemiaol\u00fcmpiaad 26. jaanuar<\/h4>\n<p>juhendaja \u00f5p Aina Ong<\/p>\n<ul>\n<li>8.kl Marleen \u00d5unamaa 4.koht<\/li>\n<li>8.kl Eliise Helena Salum\u00e4e<\/li>\n<li>8.kl Kadriann Kummer<\/li>\n<li>9.kl Kristian Tamm 10.koht<\/li>\n<li>9.kl Joosep Roots<\/li>\n<li>9.kl Sander P\u00f5ldma<\/li>\n<\/ul>\n<h4>F\u00fc\u00fcsikaol\u00fcmpiaad 19. jaanuar<\/h4>\n<p>juhendaja \u00f5p Peep S\u00f5ber<\/p>\n<ul>\n<li>9.kl Sander P\u00f5ldma<\/li>\n<li>9.kl Joosep Roots<\/li>\n<\/ul>\n<h4>Spelling bee v\u00f5istlus 18. jaanuar<\/h4>\n<ul>\n<li>5.kl Aliise Liivandi , Mark Gabriit\u0161uk, Lennart Salla 4.-8. koht<\/li>\n<\/ul>\n","protected":false},"excerpt":{"rendered":"<p>KOOLI ESINDAMINE 2018\/2019 \u00f5ppeaastal Peetri kooli \u00f5pilased osalesid jaanuarikuus j\u00e4rgnevatel ol\u00fcmpiaadidel: F\u00fc\u00fcsika \u00a0 \u00a0 \u00a0 \u00a0 \u00a041 osalejat: Mirko Meerits&#8230;<\/p>\n","protected":false},"author":1,"featured_media":0,"parent":0,"menu_order":10,"comment_status":"closed","ping_status":"closed","template":"","meta":{"_acf_changed":false,"footnotes":""},"class_list":["post-4355","page","type-page","status-publish","hentry"],"yoast_head":"<!-- This site is optimized with the Yoast SEO plugin v27.2 - https:\/\/yoast.com\/product\/yoast-seo-wordpress\/ -->\n<title>2018\/2019 - Peetri P\u00f5hikool<\/title>\n<meta name=\"robots\" content=\"index, follow, max-snippet:-1, max-image-preview:large, max-video-preview:-1\" \/>\n<link rel=\"canonical\" href=\"https:\/\/www.peetri.edu.ee\/pohikool\/20182019-2\/\" \/>\n<meta property=\"og:locale\" content=\"et_EE\" \/>\n<meta property=\"og:type\" content=\"article\" \/>\n<meta property=\"og:title\" content=\"2018\/2019 - Peetri P\u00f5hikool\" \/>\n<meta property=\"og:description\" content=\"KOOLI ESINDAMINE 2018\/2019 \u00f5ppeaastal Peetri kooli \u00f5pilased osalesid jaanuarikuus j\u00e4rgnevatel ol\u00fcmpiaadidel: F\u00fc\u00fcsika \u00a0 \u00a0 \u00a0 \u00a0 \u00a041 osalejat: Mirko Meerits...\" \/>\n<meta property=\"og:url\" content=\"https:\/\/www.peetri.edu.ee\/pohikool\/20182019-2\/\" \/>\n<meta property=\"og:site_name\" content=\"Peetri P\u00f5hikool\" \/>\n<meta property=\"article:modified_time\" content=\"2024-12-03T06:41:00+00:00\" \/>\n<meta property=\"og:image\" content=\"https:\/\/www.peetri.edu.ee\/pohikool\/wp-content\/uploads\/sites\/3\/2018\/02\/AnimaFest-0304.jpg\" \/>\n\t<meta property=\"og:image:width\" content=\"1920\" \/>\n\t<meta property=\"og:image:height\" content=\"1280\" \/>\n\t<meta property=\"og:image:type\" content=\"image\/jpeg\" \/>\n<meta name=\"twitter:card\" content=\"summary_large_image\" \/>\n<meta name=\"twitter:label1\" content=\"Est. reading time\" \/>\n\t<meta name=\"twitter:data1\" content=\"5 minutit\" \/>\n<script type=\"application\/ld+json\" class=\"yoast-schema-graph\">{\"@context\":\"https:\/\/schema.org\",\"@graph\":[{\"@type\":\"WebPage\",\"@id\":\"https:\/\/www.peetri.edu.ee\/pohikool\/20182019-2\/\",\"url\":\"https:\/\/www.peetri.edu.ee\/pohikool\/20182019-2\/\",\"name\":\"2018\/2019 - Peetri P\u00f5hikool\",\"isPartOf\":{\"@id\":\"https:\/\/www.peetri.edu.ee\/pohikool\/#website\"},\"primaryImageOfPage\":{\"@id\":\"https:\/\/www.peetri.edu.ee\/pohikool\/20182019-2\/#primaryimage\"},\"image\":{\"@id\":\"https:\/\/www.peetri.edu.ee\/pohikool\/20182019-2\/#primaryimage\"},\"thumbnailUrl\":\"https:\/\/www.peetri.edu.ee\/pohikool\/wp-content\/uploads\/sites\/3\/2018\/02\/AnimaFest-0304-300x200.jpg\",\"datePublished\":\"2020-03-10T07:51:01+00:00\",\"dateModified\":\"2024-12-03T06:41:00+00:00\",\"breadcrumb\":{\"@id\":\"https:\/\/www.peetri.edu.ee\/pohikool\/20182019-2\/#breadcrumb\"},\"inLanguage\":\"et\",\"potentialAction\":[{\"@type\":\"ReadAction\",\"target\":[\"https:\/\/www.peetri.edu.ee\/pohikool\/20182019-2\/\"]}]},{\"@type\":\"ImageObject\",\"inLanguage\":\"et\",\"@id\":\"https:\/\/www.peetri.edu.ee\/pohikool\/20182019-2\/#primaryimage\",\"url\":\"https:\/\/www.peetri.edu.ee\/pohikool\/wp-content\/uploads\/sites\/3\/2018\/02\/AnimaFest-0304.jpg\",\"contentUrl\":\"https:\/\/www.peetri.edu.ee\/pohikool\/wp-content\/uploads\/sites\/3\/2018\/02\/AnimaFest-0304.jpg\",\"width\":1920,\"height\":1280},{\"@type\":\"BreadcrumbList\",\"@id\":\"https:\/\/www.peetri.edu.ee\/pohikool\/20182019-2\/#breadcrumb\",\"itemListElement\":[{\"@type\":\"ListItem\",\"position\":1,\"name\":\"Home\",\"item\":\"https:\/\/www.peetri.edu.ee\/pohikool\/\"},{\"@type\":\"ListItem\",\"position\":2,\"name\":\"2018\/2019\"}]},{\"@type\":\"WebSite\",\"@id\":\"https:\/\/www.peetri.edu.ee\/pohikool\/#website\",\"url\":\"https:\/\/www.peetri.edu.ee\/pohikool\/\",\"name\":\"Peetri P\u00f5hikool\",\"description\":\"Igas inimeses on p\u00e4ike, laskem tal s\u00e4rada\",\"potentialAction\":[{\"@type\":\"SearchAction\",\"target\":{\"@type\":\"EntryPoint\",\"urlTemplate\":\"https:\/\/www.peetri.edu.ee\/pohikool\/?s={search_term_string}\"},\"query-input\":{\"@type\":\"PropertyValueSpecification\",\"valueRequired\":true,\"valueName\":\"search_term_string\"}}],\"inLanguage\":\"et\"}]}<\/script>\n<!-- \/ Yoast SEO plugin. -->","yoast_head_json":{"title":"2018\/2019 - Peetri P\u00f5hikool","robots":{"index":"index","follow":"follow","max-snippet":"max-snippet:-1","max-image-preview":"max-image-preview:large","max-video-preview":"max-video-preview:-1"},"canonical":"https:\/\/www.peetri.edu.ee\/pohikool\/20182019-2\/","og_locale":"et_EE","og_type":"article","og_title":"2018\/2019 - Peetri P\u00f5hikool","og_description":"KOOLI ESINDAMINE 2018\/2019 \u00f5ppeaastal Peetri kooli \u00f5pilased osalesid jaanuarikuus j\u00e4rgnevatel ol\u00fcmpiaadidel: F\u00fc\u00fcsika \u00a0 \u00a0 \u00a0 \u00a0 \u00a041 osalejat: Mirko Meerits...","og_url":"https:\/\/www.peetri.edu.ee\/pohikool\/20182019-2\/","og_site_name":"Peetri P\u00f5hikool","article_modified_time":"2024-12-03T06:41:00+00:00","og_image":[{"width":1920,"height":1280,"url":"https:\/\/www.peetri.edu.ee\/pohikool\/wp-content\/uploads\/sites\/3\/2018\/02\/AnimaFest-0304.jpg","type":"image\/jpeg"}],"twitter_card":"summary_large_image","twitter_misc":{"Est. reading time":"5 minutit"},"schema":{"@context":"https:\/\/schema.org","@graph":[{"@type":"WebPage","@id":"https:\/\/www.peetri.edu.ee\/pohikool\/20182019-2\/","url":"https:\/\/www.peetri.edu.ee\/pohikool\/20182019-2\/","name":"2018\/2019 - Peetri P\u00f5hikool","isPartOf":{"@id":"https:\/\/www.peetri.edu.ee\/pohikool\/#website"},"primaryImageOfPage":{"@id":"https:\/\/www.peetri.edu.ee\/pohikool\/20182019-2\/#primaryimage"},"image":{"@id":"https:\/\/www.peetri.edu.ee\/pohikool\/20182019-2\/#primaryimage"},"thumbnailUrl":"https:\/\/www.peetri.edu.ee\/pohikool\/wp-content\/uploads\/sites\/3\/2018\/02\/AnimaFest-0304-300x200.jpg","datePublished":"2020-03-10T07:51:01+00:00","dateModified":"2024-12-03T06:41:00+00:00","breadcrumb":{"@id":"https:\/\/www.peetri.edu.ee\/pohikool\/20182019-2\/#breadcrumb"},"inLanguage":"et","potentialAction":[{"@type":"ReadAction","target":["https:\/\/www.peetri.edu.ee\/pohikool\/20182019-2\/"]}]},{"@type":"ImageObject","inLanguage":"et","@id":"https:\/\/www.peetri.edu.ee\/pohikool\/20182019-2\/#primaryimage","url":"https:\/\/www.peetri.edu.ee\/pohikool\/wp-content\/uploads\/sites\/3\/2018\/02\/AnimaFest-0304.jpg","contentUrl":"https:\/\/www.peetri.edu.ee\/pohikool\/wp-content\/uploads\/sites\/3\/2018\/02\/AnimaFest-0304.jpg","width":1920,"height":1280},{"@type":"BreadcrumbList","@id":"https:\/\/www.peetri.edu.ee\/pohikool\/20182019-2\/#breadcrumb","itemListElement":[{"@type":"ListItem","position":1,"name":"Home","item":"https:\/\/www.peetri.edu.ee\/pohikool\/"},{"@type":"ListItem","position":2,"name":"2018\/2019"}]},{"@type":"WebSite","@id":"https:\/\/www.peetri.edu.ee\/pohikool\/#website","url":"https:\/\/www.peetri.edu.ee\/pohikool\/","name":"Peetri P\u00f5hikool","description":"Igas inimeses on p\u00e4ike, laskem tal s\u00e4rada","potentialAction":[{"@type":"SearchAction","target":{"@type":"EntryPoint","urlTemplate":"https:\/\/www.peetri.edu.ee\/pohikool\/?s={search_term_string}"},"query-input":{"@type":"PropertyValueSpecification","valueRequired":true,"valueName":"search_term_string"}}],"inLanguage":"et"}]}},"acf":[],"_links":{"self":[{"href":"https:\/\/www.peetri.edu.ee\/pohikool\/wp-json\/wp\/v2\/pages\/4355","targetHints":{"allow":["GET"]}}],"collection":[{"href":"https:\/\/www.peetri.edu.ee\/pohikool\/wp-json\/wp\/v2\/pages"}],"about":[{"href":"https:\/\/www.peetri.edu.ee\/pohikool\/wp-json\/wp\/v2\/types\/page"}],"author":[{"embeddable":true,"href":"https:\/\/www.peetri.edu.ee\/pohikool\/wp-json\/wp\/v2\/users\/1"}],"replies":[{"embeddable":true,"href":"https:\/\/www.peetri.edu.ee\/pohikool\/wp-json\/wp\/v2\/comments?post=4355"}],"version-history":[{"count":1,"href":"https:\/\/www.peetri.edu.ee\/pohikool\/wp-json\/wp\/v2\/pages\/4355\/revisions"}],"predecessor-version":[{"id":4356,"href":"https:\/\/www.peetri.edu.ee\/pohikool\/wp-json\/wp\/v2\/pages\/4355\/revisions\/4356"}],"wp:attachment":[{"href":"https:\/\/www.peetri.edu.ee\/pohikool\/wp-json\/wp\/v2\/media?parent=4355"}],"curies":[{"name":"wp","href":"https:\/\/api.w.org\/{rel}","templated":true}]}}