{"id":420,"date":"2017-08-14T10:45:40","date_gmt":"2017-08-14T07:45:40","guid":{"rendered":"https:\/\/www.peetri.edu.ee\/pohikool\/?page_id=420"},"modified":"2017-08-14T10:45:40","modified_gmt":"2017-08-14T07:45:40","slug":"20142015-2","status":"publish","type":"page","link":"https:\/\/www.peetri.edu.ee\/pohikool\/meie-kool\/projektid\/comenius-2013-2015\/20142015-2\/","title":{"rendered":"2014\/2015"},"content":{"rendered":"<h3>Projekti tegevused 2014\/2015 \u00f5ppeaastal<\/h3>\n<table>\n<thead>\n<tr>\n<td><strong>Aeg<\/strong><\/td>\n<td><strong>Tegevus<\/strong><\/td>\n<\/tr>\n<\/thead>\n<tbody>\n<tr>\n<td>September 2014<\/td>\n<td>\n<p><strong>Tegevuste II perioodi algus.<\/strong><\/p>\n<ul>\n<li>Informatsiooni otsimine rahvatantsude kohta. Nad k\u00fclastavad raamatukogu<strong> .<\/strong><\/li>\n<li>Tantsude valimine (3 tantsu \u2013 poistele, t\u00fcdrukutele ja segatants)<\/li>\n<li>Etenduse korraldamine eakatega, kes laulavad rahvalaule ja tantsivad rahvatantse.<\/li>\n<li>Intervjuud eakatega.<\/li>\n<li>Tantsude l\u00fchitutvustus (inglise keeles).<\/li>\n<li>Kirjelduste esitamine projekti veebilehel.<\/li>\n<li>Esitluste tegemine.<\/li>\n<\/ul>\n<\/td>\n<\/tr>\n<tr>\n<td>Oktoober 2014<\/td>\n<td>\n<ul>\n<li>Infovahetus partneritega.<\/li>\n<li>Veebikohtumine (tantsude erinevuste ja sarnasuste arutlemine)<\/li>\n<li>Projekti etapi tutvustamine koolis ja kohalikus kogukonnas.<\/li>\n<li>N\u00e4ituse korraldamine.<\/li>\n<li>Artiklite kirjutamine kohalikus ajalehes.<\/li>\n<li><\/li>\n<li>4. Projekti kohtumine Bulgaarias<\/li>\n<li>Kokkuv\u00f5tete tegemine. Projekti detailplaneering. \u00d5ppemeetodite jagamine.<\/li>\n<\/ul>\n<\/td>\n<\/tr>\n<tr>\n<td>November 2014<\/td>\n<td>\n<ul>\n<li>Info otsimine&nbsp; k\u00e4sit\u00f6\u00f6 kohta.<\/li>\n<li>Muuseumide k\u00fclastamine vanaaegsete esemete vaatamiseks ja uurimiseks.<\/li>\n<li>Essee kirjutamine k\u00e4sit\u00f6\u00f6 uurimuse kohta.<\/li>\n<li>K\u00e4sit\u00f6\u00f6liste intervjueerimine.<\/li>\n<\/ul>\n<\/td>\n<\/tr>\n<tr>\n<td>Detsember 2014<\/td>\n<td>\n<ul>\n<li>L\u00fchifilmi tegemine projekti tegevustest.&nbsp;&nbsp;&nbsp;&nbsp;&nbsp;&nbsp;&nbsp;&nbsp;&nbsp;&nbsp;&nbsp;&nbsp;&nbsp;&nbsp;&nbsp;&nbsp;&nbsp;&nbsp;<\/li>\n<li>Esitluse tegemine ja inglise keelde t\u00f5lkimine.<\/li>\n<li>Veebikonverents info vahetamiseks partneritega.<\/li>\n<\/ul>\n<\/td>\n<\/tr>\n<tr>\n<td>Jaanuar 2015<\/td>\n<td>\n<ul>\n<li>\u00dcrituse \u201eK\u00e4sit\u00f6\u00f6 meie regioonis\u201c korraldamine<\/li>\n<li>N\u00e4ituse tegemine.<\/li>\n<li>Materjalide avaldamine veebilehel.<\/li>\n<\/ul>\n<\/td>\n<\/tr>\n<tr>\n<td>Veebruar 2015<\/td>\n<td>\n<ul>\n<li>5. Projektikoosolek Ungaris<\/li>\n<li>Peamiste tegevuste arutelu. J\u00e4rgmise etapi detailplaneering.<\/li>\n<li>Hariduss\u00fcsteemi v\u00f5rdlemine.<\/li>\n<li>Rahvustoitude uurimine. S\u00f6\u00f6kide valmistamine. Vanade kokaraamatute kasutamine. Retseptide kirjutamine.<\/li>\n<li>Muuseumi k\u00fclastamine v\u00f5i eakate inimestega kohtumine.<\/li>\n<li>Parimate retseptide valimine (3 retsepti).<\/li>\n<li>Valitud retseptide t\u00f5lkimine inglise keelde.<\/li>\n<li>Esitluse tegemine.<\/li>\n<li>Info vahetust partneritega.<\/li>\n<\/ul>\n<\/td>\n<\/tr>\n<tr>\n<td>M\u00e4rts 2015<\/td>\n<td>\n<ul>\n<li>Videokohtumine rahvustoidu erinevuste ja sarnasuste v\u00e4lja selgitamiseks.<\/li>\n<li>Esseede kirjutamine.<\/li>\n<li>Uute toitude valmistamine kasutades partnerite jagatud retsepte.<\/li>\n<li>Materjali avaldamine veebilehel.<\/li>\n<li>Selle etapi tutvustamine.<\/li>\n<li>N\u00e4ituse tegemine, artiklite avaldamine kohalikus ajalehes.<\/li>\n<li>L\u00fchifilmi tegemine toidu valmistamisest.<\/li>\n<\/ul>\n<\/td>\n<\/tr>\n<tr>\n<td>Aprill 2015<\/td>\n<td>\n<ul>\n<li>6. Projekti koosiolek T\u00fcrgis<\/li>\n<li>Eesm\u00e4rkide, tegevuste arutelu. Teatud \u00fclesannete detailplaneering.<\/li>\n<li>Teabe otsimine pulmatraditsioonide kohta.&nbsp; Ideede jagamine.<\/li>\n<li>Kogutud materjali t\u00f5lkimine inglise keelde.<\/li>\n<\/ul>\n<\/td>\n<\/tr>\n<tr>\n<td>Mai 2015<\/td>\n<td>\n<ul>\n<li>Essee kirjutamine. Sarnasuste ja erinevuste leidmine.<\/li>\n<li>Esitluste tegemine.<\/li>\n<li>Veebikonverents. Projekti tegevuste kirjeldamine kohalikus ajalehes ja n\u00e4ituse korraldamine.<\/li>\n<\/ul>\n<\/td>\n<\/tr>\n<tr>\n<td>Juuni 2015<\/td>\n<td>\n<ul>\n<li>Ettepanekute tegemine \u201eEuroopa peo\u201c pealkirja osas.<\/li>\n<li>Stsenaariumi kirjutamine. Ideede arutelu.<\/li>\n<li>Stsenaariumist kokkuv\u00f5tte kirjutamine ja selle t\u00f5lkimine inglise keelde.<\/li>\n<li>Veebikonverents teabe vahetamiseks&nbsp; partneritega.<\/li>\n<li>Stsenaariumi avaldamine veeblehel ja kohalikus ajalehes inglise ja emakeeles.<\/li>\n<li>Loo animeerimine kasutades IKT vahendeid.<\/li>\n<li>\u00dche l\u00f5pploo kirjutamine kasutades partnerite ideid.<\/li>\n<li>Kontserdi&nbsp; (\u201eEuroopa pidu\u201c) korraldamine kasutades partnerite ideid.<\/li>\n<li>Kokkuv\u00f5tte tegemine<\/li>\n<\/ul>\n<\/td>\n<\/tr>\n<tr>\n<td>&nbsp;<\/td>\n<td><strong>Eneseanal\u00fc\u00fcs&nbsp;<\/strong>(\u00f5pilased ja \u00f5petajad) panus projekti, projekti m\u00f5ju \u00f5pilastele, \u00f5petajatele, asutustele.<\/td>\n<\/tr>\n<\/tbody>\n<\/table>\n","protected":false},"excerpt":{"rendered":"<p>Projekti tegevused 2014\/2015 \u00f5ppeaastal Aeg Tegevus September 2014 Tegevuste II perioodi algus. Informatsiooni otsimine rahvatantsude kohta. Nad k\u00fclastavad raamatukogu &#8230;.<\/p>\n","protected":false},"author":1,"featured_media":0,"parent":402,"menu_order":60,"comment_status":"closed","ping_status":"closed","template":"","meta":{"_acf_changed":false,"footnotes":""},"class_list":["post-420","page","type-page","status-publish","hentry"],"yoast_head":"<!-- This site is optimized with the Yoast SEO plugin v27.5 - https:\/\/yoast.com\/product\/yoast-seo-wordpress\/ -->\n<title>2014\/2015 - Peetri P\u00f5hikool<\/title>\n<meta name=\"robots\" content=\"index, follow, max-snippet:-1, max-image-preview:large, max-video-preview:-1\" \/>\n<link rel=\"canonical\" href=\"https:\/\/www.peetri.edu.ee\/pohikool\/meie-kool\/projektid\/comenius-2013-2015\/20142015-2\/\" \/>\n<meta property=\"og:locale\" content=\"et_EE\" \/>\n<meta property=\"og:type\" content=\"article\" \/>\n<meta property=\"og:title\" content=\"2014\/2015 - Peetri P\u00f5hikool\" \/>\n<meta property=\"og:description\" content=\"Projekti tegevused 2014\/2015 \u00f5ppeaastal Aeg Tegevus September 2014 Tegevuste II perioodi algus. Informatsiooni otsimine rahvatantsude kohta. Nad k\u00fclastavad raamatukogu ....\" \/>\n<meta property=\"og:url\" content=\"https:\/\/www.peetri.edu.ee\/pohikool\/meie-kool\/projektid\/comenius-2013-2015\/20142015-2\/\" \/>\n<meta property=\"og:site_name\" content=\"Peetri P\u00f5hikool\" \/>\n<meta name=\"twitter:card\" content=\"summary_large_image\" \/>\n<meta name=\"twitter:label1\" content=\"Est. reading time\" \/>\n\t<meta name=\"twitter:data1\" content=\"2 minutit\" \/>\n<script type=\"application\/ld+json\" class=\"yoast-schema-graph\">{\"@context\":\"https:\\\/\\\/schema.org\",\"@graph\":[{\"@type\":\"WebPage\",\"@id\":\"https:\\\/\\\/www.peetri.edu.ee\\\/pohikool\\\/meie-kool\\\/projektid\\\/comenius-2013-2015\\\/20142015-2\\\/\",\"url\":\"https:\\\/\\\/www.peetri.edu.ee\\\/pohikool\\\/meie-kool\\\/projektid\\\/comenius-2013-2015\\\/20142015-2\\\/\",\"name\":\"2014\\\/2015 - Peetri P\u00f5hikool\",\"isPartOf\":{\"@id\":\"https:\\\/\\\/www.peetri.edu.ee\\\/pohikool\\\/#website\"},\"datePublished\":\"2017-08-14T07:45:40+00:00\",\"breadcrumb\":{\"@id\":\"https:\\\/\\\/www.peetri.edu.ee\\\/pohikool\\\/meie-kool\\\/projektid\\\/comenius-2013-2015\\\/20142015-2\\\/#breadcrumb\"},\"inLanguage\":\"et\",\"potentialAction\":[{\"@type\":\"ReadAction\",\"target\":[\"https:\\\/\\\/www.peetri.edu.ee\\\/pohikool\\\/meie-kool\\\/projektid\\\/comenius-2013-2015\\\/20142015-2\\\/\"]}]},{\"@type\":\"BreadcrumbList\",\"@id\":\"https:\\\/\\\/www.peetri.edu.ee\\\/pohikool\\\/meie-kool\\\/projektid\\\/comenius-2013-2015\\\/20142015-2\\\/#breadcrumb\",\"itemListElement\":[{\"@type\":\"ListItem\",\"position\":1,\"name\":\"Home\",\"item\":\"https:\\\/\\\/www.peetri.edu.ee\\\/pohikool\\\/\"},{\"@type\":\"ListItem\",\"position\":2,\"name\":\"Meie kool\",\"item\":\"https:\\\/\\\/www.peetri.edu.ee\\\/pohikool\\\/\"},{\"@type\":\"ListItem\",\"position\":3,\"name\":\"Projektid\",\"item\":\"https:\\\/\\\/www.peetri.edu.ee\\\/pohikool\\\/meie-kool\\\/projektid\\\/\"},{\"@type\":\"ListItem\",\"position\":4,\"name\":\"Comenius 2013-2015\",\"item\":\"https:\\\/\\\/www.peetri.edu.ee\\\/pohikool\\\/meie-kool\\\/projektid\\\/comenius-2013-2015\\\/\"},{\"@type\":\"ListItem\",\"position\":5,\"name\":\"2014\\\/2015\"}]},{\"@type\":\"WebSite\",\"@id\":\"https:\\\/\\\/www.peetri.edu.ee\\\/pohikool\\\/#website\",\"url\":\"https:\\\/\\\/www.peetri.edu.ee\\\/pohikool\\\/\",\"name\":\"Peetri P\u00f5hikool\",\"description\":\"Igas inimeses on p\u00e4ike, laskem tal s\u00e4rada\",\"potentialAction\":[{\"@type\":\"SearchAction\",\"target\":{\"@type\":\"EntryPoint\",\"urlTemplate\":\"https:\\\/\\\/www.peetri.edu.ee\\\/pohikool\\\/?s={search_term_string}\"},\"query-input\":{\"@type\":\"PropertyValueSpecification\",\"valueRequired\":true,\"valueName\":\"search_term_string\"}}],\"inLanguage\":\"et\"}]}<\/script>\n<!-- \/ Yoast SEO plugin. -->","yoast_head_json":{"title":"2014\/2015 - Peetri P\u00f5hikool","robots":{"index":"index","follow":"follow","max-snippet":"max-snippet:-1","max-image-preview":"max-image-preview:large","max-video-preview":"max-video-preview:-1"},"canonical":"https:\/\/www.peetri.edu.ee\/pohikool\/meie-kool\/projektid\/comenius-2013-2015\/20142015-2\/","og_locale":"et_EE","og_type":"article","og_title":"2014\/2015 - Peetri P\u00f5hikool","og_description":"Projekti tegevused 2014\/2015 \u00f5ppeaastal Aeg Tegevus September 2014 Tegevuste II perioodi algus. Informatsiooni otsimine rahvatantsude kohta. Nad k\u00fclastavad raamatukogu ....","og_url":"https:\/\/www.peetri.edu.ee\/pohikool\/meie-kool\/projektid\/comenius-2013-2015\/20142015-2\/","og_site_name":"Peetri P\u00f5hikool","twitter_card":"summary_large_image","twitter_misc":{"Est. reading time":"2 minutit"},"schema":{"@context":"https:\/\/schema.org","@graph":[{"@type":"WebPage","@id":"https:\/\/www.peetri.edu.ee\/pohikool\/meie-kool\/projektid\/comenius-2013-2015\/20142015-2\/","url":"https:\/\/www.peetri.edu.ee\/pohikool\/meie-kool\/projektid\/comenius-2013-2015\/20142015-2\/","name":"2014\/2015 - Peetri P\u00f5hikool","isPartOf":{"@id":"https:\/\/www.peetri.edu.ee\/pohikool\/#website"},"datePublished":"2017-08-14T07:45:40+00:00","breadcrumb":{"@id":"https:\/\/www.peetri.edu.ee\/pohikool\/meie-kool\/projektid\/comenius-2013-2015\/20142015-2\/#breadcrumb"},"inLanguage":"et","potentialAction":[{"@type":"ReadAction","target":["https:\/\/www.peetri.edu.ee\/pohikool\/meie-kool\/projektid\/comenius-2013-2015\/20142015-2\/"]}]},{"@type":"BreadcrumbList","@id":"https:\/\/www.peetri.edu.ee\/pohikool\/meie-kool\/projektid\/comenius-2013-2015\/20142015-2\/#breadcrumb","itemListElement":[{"@type":"ListItem","position":1,"name":"Home","item":"https:\/\/www.peetri.edu.ee\/pohikool\/"},{"@type":"ListItem","position":2,"name":"Meie kool","item":"https:\/\/www.peetri.edu.ee\/pohikool\/"},{"@type":"ListItem","position":3,"name":"Projektid","item":"https:\/\/www.peetri.edu.ee\/pohikool\/meie-kool\/projektid\/"},{"@type":"ListItem","position":4,"name":"Comenius 2013-2015","item":"https:\/\/www.peetri.edu.ee\/pohikool\/meie-kool\/projektid\/comenius-2013-2015\/"},{"@type":"ListItem","position":5,"name":"2014\/2015"}]},{"@type":"WebSite","@id":"https:\/\/www.peetri.edu.ee\/pohikool\/#website","url":"https:\/\/www.peetri.edu.ee\/pohikool\/","name":"Peetri P\u00f5hikool","description":"Igas inimeses on p\u00e4ike, laskem tal s\u00e4rada","potentialAction":[{"@type":"SearchAction","target":{"@type":"EntryPoint","urlTemplate":"https:\/\/www.peetri.edu.ee\/pohikool\/?s={search_term_string}"},"query-input":{"@type":"PropertyValueSpecification","valueRequired":true,"valueName":"search_term_string"}}],"inLanguage":"et"}]}},"acf":[],"_links":{"self":[{"href":"https:\/\/www.peetri.edu.ee\/pohikool\/wp-json\/wp\/v2\/pages\/420","targetHints":{"allow":["GET"]}}],"collection":[{"href":"https:\/\/www.peetri.edu.ee\/pohikool\/wp-json\/wp\/v2\/pages"}],"about":[{"href":"https:\/\/www.peetri.edu.ee\/pohikool\/wp-json\/wp\/v2\/types\/page"}],"author":[{"embeddable":true,"href":"https:\/\/www.peetri.edu.ee\/pohikool\/wp-json\/wp\/v2\/users\/1"}],"replies":[{"embeddable":true,"href":"https:\/\/www.peetri.edu.ee\/pohikool\/wp-json\/wp\/v2\/comments?post=420"}],"version-history":[{"count":1,"href":"https:\/\/www.peetri.edu.ee\/pohikool\/wp-json\/wp\/v2\/pages\/420\/revisions"}],"predecessor-version":[{"id":421,"href":"https:\/\/www.peetri.edu.ee\/pohikool\/wp-json\/wp\/v2\/pages\/420\/revisions\/421"}],"up":[{"embeddable":true,"href":"https:\/\/www.peetri.edu.ee\/pohikool\/wp-json\/wp\/v2\/pages\/402"}],"wp:attachment":[{"href":"https:\/\/www.peetri.edu.ee\/pohikool\/wp-json\/wp\/v2\/media?parent=420"}],"curies":[{"name":"wp","href":"https:\/\/api.w.org\/{rel}","templated":true}]}}