{"id":404,"date":"2017-08-14T10:34:00","date_gmt":"2017-08-14T07:34:00","guid":{"rendered":"https:\/\/www.peetri.edu.ee\/pohikool\/?page_id=404"},"modified":"2017-08-14T10:34:00","modified_gmt":"2017-08-14T07:34:00","slug":"projekt","status":"publish","type":"page","link":"https:\/\/www.peetri.edu.ee\/pohikool\/meie-kool\/projektid\/comenius-2013-2015\/projekt\/","title":{"rendered":"Projekt"},"content":{"rendered":"<h3>Projekt &#8220;The Treasure Chest and ICT or ICT in reading and writing&#8221;<\/h3>\n<ul>\n<li><a href=\"http:\/\/new-twinspace.etwinning.net\/web\/p100616\">Projekti materjalid<\/a><\/li>\n<li><a href=\"http:\/\/ictreadwrite1.webnode.com\/\">Projekti kodulehek\u00fclg<\/a><\/li>\n<li>Toetaja: Elukestva \u00f5ppe programm<\/li>\n<li>Toetuse suurus: 20000<\/li>\n<li>Kestvus 2 aastat (2013\/14 \u2013 2014\/15 \u00f5a)<\/li>\n<li>T\u00f6\u00f6keel: inglise keel<\/li>\n<li>Kokku viikase l\u00e4bi v\u00e4hemalt 24 mobiilsust (12 \u00f5pilase ja 12 \u00f5petaja mobiilsust)<\/li>\n<li>Sihtgrupp: \u00f5pilased vanuses 14-16<\/li>\n<\/ul>\n<h3>Koost\u00f6\u00f6partnerid:<\/h3>\n<ul>\n<li>Vocational High Scool of Transport (Bulgaaria, Razlog)<\/li>\n<li>Rezekne Polish State Gymnasium (L\u00e4ti, Rezekne)<\/li>\n<li>I Zespol Szkol im St. Stazica we Wschowie (Poola)<\/li>\n<li>Avcilar Ticaret Meslek Lisesi (T\u00fcrgi, Istanbul)<\/li>\n<li>Hunyadi Janos Grammar School, Technical School and Students Hostel (Ungari, Csorna),<\/li>\n<li>Liceul Tehnologic Costesti (Rumeenia, Costesti)<\/li>\n<\/ul>\n<h3>Meie kooli meeskond, kes p\u00f5hitegevusi \u00f5pilastega teostavad:<\/h3>\n<ul>\n<li>Signe Reidla (projekti koordinaator),<\/li>\n<li>Jane Oks,<\/li>\n<li>Kaja Greenbaum,<\/li>\n<li>Meryt Pastak,<\/li>\n<li>Merleen L\u00e4\u00e4nem\u00e4gi,<\/li>\n<li>K\u00fcllike Podnek.<\/li>\n<\/ul>\n","protected":false},"excerpt":{"rendered":"<p>Projekt &#8220;The Treasure Chest and ICT or ICT in reading and writing&#8221; Projekti materjalid Projekti kodulehek\u00fclg Toetaja: Elukestva \u00f5ppe programm&#8230;<\/p>\n","protected":false},"author":1,"featured_media":0,"parent":402,"menu_order":10,"comment_status":"closed","ping_status":"closed","template":"","meta":{"_acf_changed":false,"footnotes":""},"class_list":["post-404","page","type-page","status-publish","hentry"],"yoast_head":"<!-- This site is optimized with the Yoast SEO plugin v27.5 - https:\/\/yoast.com\/product\/yoast-seo-wordpress\/ -->\n<title>Projekt - Peetri P\u00f5hikool<\/title>\n<meta name=\"robots\" content=\"index, follow, max-snippet:-1, max-image-preview:large, max-video-preview:-1\" \/>\n<link rel=\"canonical\" href=\"https:\/\/www.peetri.edu.ee\/pohikool\/meie-kool\/projektid\/comenius-2013-2015\/projekt\/\" \/>\n<meta property=\"og:locale\" content=\"et_EE\" \/>\n<meta property=\"og:type\" content=\"article\" \/>\n<meta property=\"og:title\" content=\"Projekt - Peetri P\u00f5hikool\" \/>\n<meta property=\"og:description\" content=\"Projekt &#8220;The Treasure Chest and ICT or ICT in reading and writing&#8221; Projekti materjalid Projekti kodulehek\u00fclg Toetaja: Elukestva \u00f5ppe programm...\" \/>\n<meta property=\"og:url\" content=\"https:\/\/www.peetri.edu.ee\/pohikool\/meie-kool\/projektid\/comenius-2013-2015\/projekt\/\" \/>\n<meta property=\"og:site_name\" content=\"Peetri P\u00f5hikool\" \/>\n<meta name=\"twitter:card\" content=\"summary_large_image\" \/>\n<meta name=\"twitter:label1\" content=\"Est. reading time\" \/>\n\t<meta name=\"twitter:data1\" content=\"1 minut\" \/>\n<script type=\"application\/ld+json\" class=\"yoast-schema-graph\">{\"@context\":\"https:\\\/\\\/schema.org\",\"@graph\":[{\"@type\":\"WebPage\",\"@id\":\"https:\\\/\\\/www.peetri.edu.ee\\\/pohikool\\\/meie-kool\\\/projektid\\\/comenius-2013-2015\\\/projekt\\\/\",\"url\":\"https:\\\/\\\/www.peetri.edu.ee\\\/pohikool\\\/meie-kool\\\/projektid\\\/comenius-2013-2015\\\/projekt\\\/\",\"name\":\"Projekt - Peetri P\u00f5hikool\",\"isPartOf\":{\"@id\":\"https:\\\/\\\/www.peetri.edu.ee\\\/pohikool\\\/#website\"},\"datePublished\":\"2017-08-14T07:34:00+00:00\",\"breadcrumb\":{\"@id\":\"https:\\\/\\\/www.peetri.edu.ee\\\/pohikool\\\/meie-kool\\\/projektid\\\/comenius-2013-2015\\\/projekt\\\/#breadcrumb\"},\"inLanguage\":\"et\",\"potentialAction\":[{\"@type\":\"ReadAction\",\"target\":[\"https:\\\/\\\/www.peetri.edu.ee\\\/pohikool\\\/meie-kool\\\/projektid\\\/comenius-2013-2015\\\/projekt\\\/\"]}]},{\"@type\":\"BreadcrumbList\",\"@id\":\"https:\\\/\\\/www.peetri.edu.ee\\\/pohikool\\\/meie-kool\\\/projektid\\\/comenius-2013-2015\\\/projekt\\\/#breadcrumb\",\"itemListElement\":[{\"@type\":\"ListItem\",\"position\":1,\"name\":\"Home\",\"item\":\"https:\\\/\\\/www.peetri.edu.ee\\\/pohikool\\\/\"},{\"@type\":\"ListItem\",\"position\":2,\"name\":\"Meie kool\",\"item\":\"https:\\\/\\\/www.peetri.edu.ee\\\/pohikool\\\/\"},{\"@type\":\"ListItem\",\"position\":3,\"name\":\"Projektid\",\"item\":\"https:\\\/\\\/www.peetri.edu.ee\\\/pohikool\\\/meie-kool\\\/projektid\\\/\"},{\"@type\":\"ListItem\",\"position\":4,\"name\":\"Comenius 2013-2015\",\"item\":\"https:\\\/\\\/www.peetri.edu.ee\\\/pohikool\\\/meie-kool\\\/projektid\\\/comenius-2013-2015\\\/\"},{\"@type\":\"ListItem\",\"position\":5,\"name\":\"Projekt\"}]},{\"@type\":\"WebSite\",\"@id\":\"https:\\\/\\\/www.peetri.edu.ee\\\/pohikool\\\/#website\",\"url\":\"https:\\\/\\\/www.peetri.edu.ee\\\/pohikool\\\/\",\"name\":\"Peetri P\u00f5hikool\",\"description\":\"Igas inimeses on p\u00e4ike, laskem tal s\u00e4rada\",\"potentialAction\":[{\"@type\":\"SearchAction\",\"target\":{\"@type\":\"EntryPoint\",\"urlTemplate\":\"https:\\\/\\\/www.peetri.edu.ee\\\/pohikool\\\/?s={search_term_string}\"},\"query-input\":{\"@type\":\"PropertyValueSpecification\",\"valueRequired\":true,\"valueName\":\"search_term_string\"}}],\"inLanguage\":\"et\"}]}<\/script>\n<!-- \/ Yoast SEO plugin. -->","yoast_head_json":{"title":"Projekt - Peetri P\u00f5hikool","robots":{"index":"index","follow":"follow","max-snippet":"max-snippet:-1","max-image-preview":"max-image-preview:large","max-video-preview":"max-video-preview:-1"},"canonical":"https:\/\/www.peetri.edu.ee\/pohikool\/meie-kool\/projektid\/comenius-2013-2015\/projekt\/","og_locale":"et_EE","og_type":"article","og_title":"Projekt - Peetri P\u00f5hikool","og_description":"Projekt &#8220;The Treasure Chest and ICT or ICT in reading and writing&#8221; Projekti materjalid Projekti kodulehek\u00fclg Toetaja: Elukestva \u00f5ppe programm...","og_url":"https:\/\/www.peetri.edu.ee\/pohikool\/meie-kool\/projektid\/comenius-2013-2015\/projekt\/","og_site_name":"Peetri P\u00f5hikool","twitter_card":"summary_large_image","twitter_misc":{"Est. reading time":"1 minut"},"schema":{"@context":"https:\/\/schema.org","@graph":[{"@type":"WebPage","@id":"https:\/\/www.peetri.edu.ee\/pohikool\/meie-kool\/projektid\/comenius-2013-2015\/projekt\/","url":"https:\/\/www.peetri.edu.ee\/pohikool\/meie-kool\/projektid\/comenius-2013-2015\/projekt\/","name":"Projekt - Peetri P\u00f5hikool","isPartOf":{"@id":"https:\/\/www.peetri.edu.ee\/pohikool\/#website"},"datePublished":"2017-08-14T07:34:00+00:00","breadcrumb":{"@id":"https:\/\/www.peetri.edu.ee\/pohikool\/meie-kool\/projektid\/comenius-2013-2015\/projekt\/#breadcrumb"},"inLanguage":"et","potentialAction":[{"@type":"ReadAction","target":["https:\/\/www.peetri.edu.ee\/pohikool\/meie-kool\/projektid\/comenius-2013-2015\/projekt\/"]}]},{"@type":"BreadcrumbList","@id":"https:\/\/www.peetri.edu.ee\/pohikool\/meie-kool\/projektid\/comenius-2013-2015\/projekt\/#breadcrumb","itemListElement":[{"@type":"ListItem","position":1,"name":"Home","item":"https:\/\/www.peetri.edu.ee\/pohikool\/"},{"@type":"ListItem","position":2,"name":"Meie kool","item":"https:\/\/www.peetri.edu.ee\/pohikool\/"},{"@type":"ListItem","position":3,"name":"Projektid","item":"https:\/\/www.peetri.edu.ee\/pohikool\/meie-kool\/projektid\/"},{"@type":"ListItem","position":4,"name":"Comenius 2013-2015","item":"https:\/\/www.peetri.edu.ee\/pohikool\/meie-kool\/projektid\/comenius-2013-2015\/"},{"@type":"ListItem","position":5,"name":"Projekt"}]},{"@type":"WebSite","@id":"https:\/\/www.peetri.edu.ee\/pohikool\/#website","url":"https:\/\/www.peetri.edu.ee\/pohikool\/","name":"Peetri P\u00f5hikool","description":"Igas inimeses on p\u00e4ike, laskem tal s\u00e4rada","potentialAction":[{"@type":"SearchAction","target":{"@type":"EntryPoint","urlTemplate":"https:\/\/www.peetri.edu.ee\/pohikool\/?s={search_term_string}"},"query-input":{"@type":"PropertyValueSpecification","valueRequired":true,"valueName":"search_term_string"}}],"inLanguage":"et"}]}},"acf":[],"_links":{"self":[{"href":"https:\/\/www.peetri.edu.ee\/pohikool\/wp-json\/wp\/v2\/pages\/404","targetHints":{"allow":["GET"]}}],"collection":[{"href":"https:\/\/www.peetri.edu.ee\/pohikool\/wp-json\/wp\/v2\/pages"}],"about":[{"href":"https:\/\/www.peetri.edu.ee\/pohikool\/wp-json\/wp\/v2\/types\/page"}],"author":[{"embeddable":true,"href":"https:\/\/www.peetri.edu.ee\/pohikool\/wp-json\/wp\/v2\/users\/1"}],"replies":[{"embeddable":true,"href":"https:\/\/www.peetri.edu.ee\/pohikool\/wp-json\/wp\/v2\/comments?post=404"}],"version-history":[{"count":1,"href":"https:\/\/www.peetri.edu.ee\/pohikool\/wp-json\/wp\/v2\/pages\/404\/revisions"}],"predecessor-version":[{"id":405,"href":"https:\/\/www.peetri.edu.ee\/pohikool\/wp-json\/wp\/v2\/pages\/404\/revisions\/405"}],"up":[{"embeddable":true,"href":"https:\/\/www.peetri.edu.ee\/pohikool\/wp-json\/wp\/v2\/pages\/402"}],"wp:attachment":[{"href":"https:\/\/www.peetri.edu.ee\/pohikool\/wp-json\/wp\/v2\/media?parent=404"}],"curies":[{"name":"wp","href":"https:\/\/api.w.org\/{rel}","templated":true}]}}