{"id":402,"date":"2017-08-14T10:31:53","date_gmt":"2017-08-14T07:31:53","guid":{"rendered":"https:\/\/www.peetri.edu.ee\/pohikool\/?page_id=402"},"modified":"2017-08-14T10:31:53","modified_gmt":"2017-08-14T07:31:53","slug":"comenius-2013-2015","status":"publish","type":"page","link":"https:\/\/www.peetri.edu.ee\/pohikool\/meie-kool\/projektid\/comenius-2013-2015\/","title":{"rendered":"Comenius 2013-2015"},"content":{"rendered":"<h3>Peetri Lasteaed-P\u00f5hikool rahvusvahelises Comeniuse\u00a0 partnerkoolide koost\u00f6\u00f6projektis &#8220;The Treasure Chest and ICT or ICT in reading and writing&#8221;.<\/h3>\n<p>Aastatel\u00a02007 &#8211; 2013 toimib Comenius iseseisva programmina elukestva \u00f5ppe programmis, mida finantseerib Euroopa Liit ja\u00a0milles osalevad 27 Euroopa Liidu liikmesriiki ning\u00a0Island, Liechtenstein, Norra,\u00a0\u0160veits, T\u00fcrgi\u00a0ja Horvaatia.<\/p>\n<p>\u00dcldhariduse valdkonna allprogrammina on Comenius pakkunud koolidele, \u00f5petajatele, \u00fcli\u00f5pilastele ja koolitusasutustele erinevaid rahvusvahelise koost\u00f6\u00f6 v\u00f5imalusi alates 1995.aastast.<\/p>\n<p>Comeniuse projekt\u00a0annab eri riikide \u00f5pilastele ja \u00f5petajatele v\u00f5imaluse koos t\u00f6\u00f6tada \u00fche v\u00f5i mitme \u00fchist huvi pakkuva teemaga. Projekt arendab sotsiaaloskusi, suhtumist t\u00f6\u00f6sse ja kaaslastesse, planeerimist ja kommunikatsioonitehnoloogia kasutamisoskust. Comeniuse koolide koost\u00f6\u00f6projekt peab h\u00f5lmama koole v\u00e4hemalt 3 osalevast riigist.<\/p>\n<p>Comeniuse koolide koost\u00f6\u00f6projekti eesm\u00e4rk\u00a0on tugevdada Euroopa \u00f5pilaste ja koolide taset, edendades Euroopa koolide vahelisi \u00fchiseid koost\u00f6\u00f6tegevusi.<\/p>\n<p>Projekti tegevused\u00a0toetavad \u00f5ppekava ja on suunatud keele\u00f5ppele, \u00f5pilaste aktiivsele kaasamisele ja kooli arendamisele. Projektil on konkreetne tulemus, mille saavutamise nimel partnerriikide koolid \u00fchist koost\u00f6\u00f6d teevad.<\/p>\n","protected":false},"excerpt":{"rendered":"<p>Peetri Lasteaed-P\u00f5hikool rahvusvahelises Comeniuse\u00a0 partnerkoolide koost\u00f6\u00f6projektis &#8220;The Treasure Chest and ICT or ICT in reading and writing&#8221;. Aastatel\u00a02007 &#8211; 2013&#8230;<\/p>\n","protected":false},"author":1,"featured_media":0,"parent":397,"menu_order":20,"comment_status":"closed","ping_status":"closed","template":"","meta":{"_acf_changed":false,"footnotes":""},"class_list":["post-402","page","type-page","status-publish","hentry"],"yoast_head":"<!-- This site is optimized with the Yoast SEO plugin v27.2 - https:\/\/yoast.com\/product\/yoast-seo-wordpress\/ -->\n<title>Comenius 2013-2015 - Peetri P\u00f5hikool<\/title>\n<meta name=\"robots\" content=\"index, follow, max-snippet:-1, max-image-preview:large, max-video-preview:-1\" \/>\n<link rel=\"canonical\" href=\"https:\/\/www.peetri.edu.ee\/pohikool\/meie-kool\/projektid\/comenius-2013-2015\/\" \/>\n<meta property=\"og:locale\" content=\"et_EE\" \/>\n<meta property=\"og:type\" content=\"article\" \/>\n<meta property=\"og:title\" content=\"Comenius 2013-2015 - Peetri P\u00f5hikool\" \/>\n<meta property=\"og:description\" content=\"Peetri Lasteaed-P\u00f5hikool rahvusvahelises Comeniuse\u00a0 partnerkoolide koost\u00f6\u00f6projektis &#8220;The Treasure Chest and ICT or ICT in reading and writing&#8221;. Aastatel\u00a02007 &#8211; 2013...\" \/>\n<meta property=\"og:url\" content=\"https:\/\/www.peetri.edu.ee\/pohikool\/meie-kool\/projektid\/comenius-2013-2015\/\" \/>\n<meta property=\"og:site_name\" content=\"Peetri P\u00f5hikool\" \/>\n<meta name=\"twitter:card\" content=\"summary_large_image\" \/>\n<meta name=\"twitter:label1\" content=\"Est. reading time\" \/>\n\t<meta name=\"twitter:data1\" content=\"1 minut\" \/>\n<script type=\"application\/ld+json\" class=\"yoast-schema-graph\">{\"@context\":\"https:\/\/schema.org\",\"@graph\":[{\"@type\":\"WebPage\",\"@id\":\"https:\/\/www.peetri.edu.ee\/pohikool\/meie-kool\/projektid\/comenius-2013-2015\/\",\"url\":\"https:\/\/www.peetri.edu.ee\/pohikool\/meie-kool\/projektid\/comenius-2013-2015\/\",\"name\":\"Comenius 2013-2015 - Peetri P\u00f5hikool\",\"isPartOf\":{\"@id\":\"https:\/\/www.peetri.edu.ee\/pohikool\/#website\"},\"datePublished\":\"2017-08-14T07:31:53+00:00\",\"breadcrumb\":{\"@id\":\"https:\/\/www.peetri.edu.ee\/pohikool\/meie-kool\/projektid\/comenius-2013-2015\/#breadcrumb\"},\"inLanguage\":\"et\",\"potentialAction\":[{\"@type\":\"ReadAction\",\"target\":[\"https:\/\/www.peetri.edu.ee\/pohikool\/meie-kool\/projektid\/comenius-2013-2015\/\"]}]},{\"@type\":\"BreadcrumbList\",\"@id\":\"https:\/\/www.peetri.edu.ee\/pohikool\/meie-kool\/projektid\/comenius-2013-2015\/#breadcrumb\",\"itemListElement\":[{\"@type\":\"ListItem\",\"position\":1,\"name\":\"Home\",\"item\":\"https:\/\/www.peetri.edu.ee\/pohikool\/\"},{\"@type\":\"ListItem\",\"position\":2,\"name\":\"Meie kool\",\"item\":\"https:\/\/www.peetri.edu.ee\/pohikool\/\"},{\"@type\":\"ListItem\",\"position\":3,\"name\":\"Projektid\",\"item\":\"https:\/\/www.peetri.edu.ee\/pohikool\/meie-kool\/projektid\/\"},{\"@type\":\"ListItem\",\"position\":4,\"name\":\"Comenius 2013-2015\"}]},{\"@type\":\"WebSite\",\"@id\":\"https:\/\/www.peetri.edu.ee\/pohikool\/#website\",\"url\":\"https:\/\/www.peetri.edu.ee\/pohikool\/\",\"name\":\"Peetri P\u00f5hikool\",\"description\":\"Igas inimeses on p\u00e4ike, laskem tal s\u00e4rada\",\"potentialAction\":[{\"@type\":\"SearchAction\",\"target\":{\"@type\":\"EntryPoint\",\"urlTemplate\":\"https:\/\/www.peetri.edu.ee\/pohikool\/?s={search_term_string}\"},\"query-input\":{\"@type\":\"PropertyValueSpecification\",\"valueRequired\":true,\"valueName\":\"search_term_string\"}}],\"inLanguage\":\"et\"}]}<\/script>\n<!-- \/ Yoast SEO plugin. -->","yoast_head_json":{"title":"Comenius 2013-2015 - Peetri P\u00f5hikool","robots":{"index":"index","follow":"follow","max-snippet":"max-snippet:-1","max-image-preview":"max-image-preview:large","max-video-preview":"max-video-preview:-1"},"canonical":"https:\/\/www.peetri.edu.ee\/pohikool\/meie-kool\/projektid\/comenius-2013-2015\/","og_locale":"et_EE","og_type":"article","og_title":"Comenius 2013-2015 - Peetri P\u00f5hikool","og_description":"Peetri Lasteaed-P\u00f5hikool rahvusvahelises Comeniuse\u00a0 partnerkoolide koost\u00f6\u00f6projektis &#8220;The Treasure Chest and ICT or ICT in reading and writing&#8221;. Aastatel\u00a02007 &#8211; 2013...","og_url":"https:\/\/www.peetri.edu.ee\/pohikool\/meie-kool\/projektid\/comenius-2013-2015\/","og_site_name":"Peetri P\u00f5hikool","twitter_card":"summary_large_image","twitter_misc":{"Est. reading time":"1 minut"},"schema":{"@context":"https:\/\/schema.org","@graph":[{"@type":"WebPage","@id":"https:\/\/www.peetri.edu.ee\/pohikool\/meie-kool\/projektid\/comenius-2013-2015\/","url":"https:\/\/www.peetri.edu.ee\/pohikool\/meie-kool\/projektid\/comenius-2013-2015\/","name":"Comenius 2013-2015 - Peetri P\u00f5hikool","isPartOf":{"@id":"https:\/\/www.peetri.edu.ee\/pohikool\/#website"},"datePublished":"2017-08-14T07:31:53+00:00","breadcrumb":{"@id":"https:\/\/www.peetri.edu.ee\/pohikool\/meie-kool\/projektid\/comenius-2013-2015\/#breadcrumb"},"inLanguage":"et","potentialAction":[{"@type":"ReadAction","target":["https:\/\/www.peetri.edu.ee\/pohikool\/meie-kool\/projektid\/comenius-2013-2015\/"]}]},{"@type":"BreadcrumbList","@id":"https:\/\/www.peetri.edu.ee\/pohikool\/meie-kool\/projektid\/comenius-2013-2015\/#breadcrumb","itemListElement":[{"@type":"ListItem","position":1,"name":"Home","item":"https:\/\/www.peetri.edu.ee\/pohikool\/"},{"@type":"ListItem","position":2,"name":"Meie kool","item":"https:\/\/www.peetri.edu.ee\/pohikool\/"},{"@type":"ListItem","position":3,"name":"Projektid","item":"https:\/\/www.peetri.edu.ee\/pohikool\/meie-kool\/projektid\/"},{"@type":"ListItem","position":4,"name":"Comenius 2013-2015"}]},{"@type":"WebSite","@id":"https:\/\/www.peetri.edu.ee\/pohikool\/#website","url":"https:\/\/www.peetri.edu.ee\/pohikool\/","name":"Peetri P\u00f5hikool","description":"Igas inimeses on p\u00e4ike, laskem tal s\u00e4rada","potentialAction":[{"@type":"SearchAction","target":{"@type":"EntryPoint","urlTemplate":"https:\/\/www.peetri.edu.ee\/pohikool\/?s={search_term_string}"},"query-input":{"@type":"PropertyValueSpecification","valueRequired":true,"valueName":"search_term_string"}}],"inLanguage":"et"}]}},"acf":[],"_links":{"self":[{"href":"https:\/\/www.peetri.edu.ee\/pohikool\/wp-json\/wp\/v2\/pages\/402","targetHints":{"allow":["GET"]}}],"collection":[{"href":"https:\/\/www.peetri.edu.ee\/pohikool\/wp-json\/wp\/v2\/pages"}],"about":[{"href":"https:\/\/www.peetri.edu.ee\/pohikool\/wp-json\/wp\/v2\/types\/page"}],"author":[{"embeddable":true,"href":"https:\/\/www.peetri.edu.ee\/pohikool\/wp-json\/wp\/v2\/users\/1"}],"replies":[{"embeddable":true,"href":"https:\/\/www.peetri.edu.ee\/pohikool\/wp-json\/wp\/v2\/comments?post=402"}],"version-history":[{"count":1,"href":"https:\/\/www.peetri.edu.ee\/pohikool\/wp-json\/wp\/v2\/pages\/402\/revisions"}],"predecessor-version":[{"id":403,"href":"https:\/\/www.peetri.edu.ee\/pohikool\/wp-json\/wp\/v2\/pages\/402\/revisions\/403"}],"up":[{"embeddable":true,"href":"https:\/\/www.peetri.edu.ee\/pohikool\/wp-json\/wp\/v2\/pages\/397"}],"wp:attachment":[{"href":"https:\/\/www.peetri.edu.ee\/pohikool\/wp-json\/wp\/v2\/media?parent=402"}],"curies":[{"name":"wp","href":"https:\/\/api.w.org\/{rel}","templated":true}]}}