{"id":386,"date":"2017-08-14T10:19:45","date_gmt":"2017-08-14T07:19:45","guid":{"rendered":"https:\/\/www.peetri.edu.ee\/pohikool\/?page_id=386"},"modified":"2025-02-03T09:43:34","modified_gmt":"2025-02-03T07:43:34","slug":"pikapaevatoit","status":"publish","type":"page","link":"https:\/\/www.peetri.edu.ee\/pohikool\/meie-kool\/toitlustamine\/pikapaevatoit\/","title":{"rendered":"Pikap\u00e4evatoit"},"content":{"rendered":"<p>S\u00f6\u00f6giaeg on kell 14.00-15.30.<\/p>\n<p>Pikap\u00e4evatoidu saamiseks peab lapsevanem tegema avalduse <a href=\"https:\/\/piksel.ee\/spoku\/rae\/index.php?module=205&amp;op=1&amp;valdkond=55\">SIIN<\/a>. Peale avalduse tegemist saab \u00f5pilane minna s\u00f6\u00f6ma alates j\u00e4rgmisest p\u00e4evast registreerides oma s\u00f6\u00f6mise s\u00f6\u00f6kla kaardilugejas \u00f5pilaspiletiga.<\/p>\n<p>Alates veebruar 2025 on pikap\u00e4evatoidu s\u00f6\u00f6gip\u00e4eva maksumus 1.80\u20ac.<\/p>\n","protected":false},"excerpt":{"rendered":"<p>S\u00f6\u00f6giaeg on kell 14.00-15.30. Pikap\u00e4evatoidu saamiseks peab lapsevanem tegema avalduse SIIN. Peale avalduse tegemist saab \u00f5pilane minna s\u00f6\u00f6ma alates j\u00e4rgmisest&#8230;<\/p>\n","protected":false},"author":1,"featured_media":0,"parent":379,"menu_order":30,"comment_status":"closed","ping_status":"closed","template":"","meta":{"_acf_changed":false,"footnotes":""},"class_list":["post-386","page","type-page","status-publish","hentry"],"yoast_head":"<!-- This site is optimized with the Yoast SEO plugin v27.2 - https:\/\/yoast.com\/product\/yoast-seo-wordpress\/ -->\n<title>Pikap\u00e4evatoit - Peetri P\u00f5hikool<\/title>\n<meta name=\"robots\" content=\"index, follow, max-snippet:-1, max-image-preview:large, max-video-preview:-1\" \/>\n<link rel=\"canonical\" href=\"https:\/\/www.peetri.edu.ee\/pohikool\/meie-kool\/toitlustamine\/pikapaevatoit\/\" \/>\n<meta property=\"og:locale\" content=\"et_EE\" \/>\n<meta property=\"og:type\" content=\"article\" \/>\n<meta property=\"og:title\" content=\"Pikap\u00e4evatoit - Peetri P\u00f5hikool\" \/>\n<meta property=\"og:description\" content=\"S\u00f6\u00f6giaeg on kell 14.00-15.30. Pikap\u00e4evatoidu saamiseks peab lapsevanem tegema avalduse SIIN. Peale avalduse tegemist saab \u00f5pilane minna s\u00f6\u00f6ma alates j\u00e4rgmisest...\" \/>\n<meta property=\"og:url\" content=\"https:\/\/www.peetri.edu.ee\/pohikool\/meie-kool\/toitlustamine\/pikapaevatoit\/\" \/>\n<meta property=\"og:site_name\" content=\"Peetri P\u00f5hikool\" \/>\n<meta property=\"article:modified_time\" content=\"2025-02-03T07:43:34+00:00\" \/>\n<meta name=\"twitter:card\" content=\"summary_large_image\" \/>\n<meta name=\"twitter:label1\" content=\"Est. reading time\" \/>\n\t<meta name=\"twitter:data1\" content=\"1 minut\" \/>\n<script type=\"application\/ld+json\" class=\"yoast-schema-graph\">{\"@context\":\"https:\/\/schema.org\",\"@graph\":[{\"@type\":\"WebPage\",\"@id\":\"https:\/\/www.peetri.edu.ee\/pohikool\/meie-kool\/toitlustamine\/pikapaevatoit\/\",\"url\":\"https:\/\/www.peetri.edu.ee\/pohikool\/meie-kool\/toitlustamine\/pikapaevatoit\/\",\"name\":\"Pikap\u00e4evatoit - Peetri P\u00f5hikool\",\"isPartOf\":{\"@id\":\"https:\/\/www.peetri.edu.ee\/pohikool\/#website\"},\"datePublished\":\"2017-08-14T07:19:45+00:00\",\"dateModified\":\"2025-02-03T07:43:34+00:00\",\"breadcrumb\":{\"@id\":\"https:\/\/www.peetri.edu.ee\/pohikool\/meie-kool\/toitlustamine\/pikapaevatoit\/#breadcrumb\"},\"inLanguage\":\"et\",\"potentialAction\":[{\"@type\":\"ReadAction\",\"target\":[\"https:\/\/www.peetri.edu.ee\/pohikool\/meie-kool\/toitlustamine\/pikapaevatoit\/\"]}]},{\"@type\":\"BreadcrumbList\",\"@id\":\"https:\/\/www.peetri.edu.ee\/pohikool\/meie-kool\/toitlustamine\/pikapaevatoit\/#breadcrumb\",\"itemListElement\":[{\"@type\":\"ListItem\",\"position\":1,\"name\":\"Home\",\"item\":\"https:\/\/www.peetri.edu.ee\/pohikool\/\"},{\"@type\":\"ListItem\",\"position\":2,\"name\":\"Meie kool\",\"item\":\"https:\/\/www.peetri.edu.ee\/pohikool\/\"},{\"@type\":\"ListItem\",\"position\":3,\"name\":\"Toitlustamine\",\"item\":\"https:\/\/www.peetri.edu.ee\/pohikool\/meie-kool\/toitlustamine\/\"},{\"@type\":\"ListItem\",\"position\":4,\"name\":\"Pikap\u00e4evatoit\"}]},{\"@type\":\"WebSite\",\"@id\":\"https:\/\/www.peetri.edu.ee\/pohikool\/#website\",\"url\":\"https:\/\/www.peetri.edu.ee\/pohikool\/\",\"name\":\"Peetri P\u00f5hikool\",\"description\":\"Igas inimeses on p\u00e4ike, laskem tal s\u00e4rada\",\"potentialAction\":[{\"@type\":\"SearchAction\",\"target\":{\"@type\":\"EntryPoint\",\"urlTemplate\":\"https:\/\/www.peetri.edu.ee\/pohikool\/?s={search_term_string}\"},\"query-input\":{\"@type\":\"PropertyValueSpecification\",\"valueRequired\":true,\"valueName\":\"search_term_string\"}}],\"inLanguage\":\"et\"}]}<\/script>\n<!-- \/ Yoast SEO plugin. -->","yoast_head_json":{"title":"Pikap\u00e4evatoit - Peetri P\u00f5hikool","robots":{"index":"index","follow":"follow","max-snippet":"max-snippet:-1","max-image-preview":"max-image-preview:large","max-video-preview":"max-video-preview:-1"},"canonical":"https:\/\/www.peetri.edu.ee\/pohikool\/meie-kool\/toitlustamine\/pikapaevatoit\/","og_locale":"et_EE","og_type":"article","og_title":"Pikap\u00e4evatoit - Peetri P\u00f5hikool","og_description":"S\u00f6\u00f6giaeg on kell 14.00-15.30. Pikap\u00e4evatoidu saamiseks peab lapsevanem tegema avalduse SIIN. Peale avalduse tegemist saab \u00f5pilane minna s\u00f6\u00f6ma alates j\u00e4rgmisest...","og_url":"https:\/\/www.peetri.edu.ee\/pohikool\/meie-kool\/toitlustamine\/pikapaevatoit\/","og_site_name":"Peetri P\u00f5hikool","article_modified_time":"2025-02-03T07:43:34+00:00","twitter_card":"summary_large_image","twitter_misc":{"Est. reading time":"1 minut"},"schema":{"@context":"https:\/\/schema.org","@graph":[{"@type":"WebPage","@id":"https:\/\/www.peetri.edu.ee\/pohikool\/meie-kool\/toitlustamine\/pikapaevatoit\/","url":"https:\/\/www.peetri.edu.ee\/pohikool\/meie-kool\/toitlustamine\/pikapaevatoit\/","name":"Pikap\u00e4evatoit - Peetri P\u00f5hikool","isPartOf":{"@id":"https:\/\/www.peetri.edu.ee\/pohikool\/#website"},"datePublished":"2017-08-14T07:19:45+00:00","dateModified":"2025-02-03T07:43:34+00:00","breadcrumb":{"@id":"https:\/\/www.peetri.edu.ee\/pohikool\/meie-kool\/toitlustamine\/pikapaevatoit\/#breadcrumb"},"inLanguage":"et","potentialAction":[{"@type":"ReadAction","target":["https:\/\/www.peetri.edu.ee\/pohikool\/meie-kool\/toitlustamine\/pikapaevatoit\/"]}]},{"@type":"BreadcrumbList","@id":"https:\/\/www.peetri.edu.ee\/pohikool\/meie-kool\/toitlustamine\/pikapaevatoit\/#breadcrumb","itemListElement":[{"@type":"ListItem","position":1,"name":"Home","item":"https:\/\/www.peetri.edu.ee\/pohikool\/"},{"@type":"ListItem","position":2,"name":"Meie kool","item":"https:\/\/www.peetri.edu.ee\/pohikool\/"},{"@type":"ListItem","position":3,"name":"Toitlustamine","item":"https:\/\/www.peetri.edu.ee\/pohikool\/meie-kool\/toitlustamine\/"},{"@type":"ListItem","position":4,"name":"Pikap\u00e4evatoit"}]},{"@type":"WebSite","@id":"https:\/\/www.peetri.edu.ee\/pohikool\/#website","url":"https:\/\/www.peetri.edu.ee\/pohikool\/","name":"Peetri P\u00f5hikool","description":"Igas inimeses on p\u00e4ike, laskem tal s\u00e4rada","potentialAction":[{"@type":"SearchAction","target":{"@type":"EntryPoint","urlTemplate":"https:\/\/www.peetri.edu.ee\/pohikool\/?s={search_term_string}"},"query-input":{"@type":"PropertyValueSpecification","valueRequired":true,"valueName":"search_term_string"}}],"inLanguage":"et"}]}},"acf":[],"_links":{"self":[{"href":"https:\/\/www.peetri.edu.ee\/pohikool\/wp-json\/wp\/v2\/pages\/386","targetHints":{"allow":["GET"]}}],"collection":[{"href":"https:\/\/www.peetri.edu.ee\/pohikool\/wp-json\/wp\/v2\/pages"}],"about":[{"href":"https:\/\/www.peetri.edu.ee\/pohikool\/wp-json\/wp\/v2\/types\/page"}],"author":[{"embeddable":true,"href":"https:\/\/www.peetri.edu.ee\/pohikool\/wp-json\/wp\/v2\/users\/1"}],"replies":[{"embeddable":true,"href":"https:\/\/www.peetri.edu.ee\/pohikool\/wp-json\/wp\/v2\/comments?post=386"}],"version-history":[{"count":5,"href":"https:\/\/www.peetri.edu.ee\/pohikool\/wp-json\/wp\/v2\/pages\/386\/revisions"}],"predecessor-version":[{"id":12779,"href":"https:\/\/www.peetri.edu.ee\/pohikool\/wp-json\/wp\/v2\/pages\/386\/revisions\/12779"}],"up":[{"embeddable":true,"href":"https:\/\/www.peetri.edu.ee\/pohikool\/wp-json\/wp\/v2\/pages\/379"}],"wp:attachment":[{"href":"https:\/\/www.peetri.edu.ee\/pohikool\/wp-json\/wp\/v2\/media?parent=386"}],"curies":[{"name":"wp","href":"https:\/\/api.w.org\/{rel}","templated":true}]}}